{"id":18192,"date":"2020-12-15T13:35:39","date_gmt":"2020-12-15T12:35:39","guid":{"rendered":"https:\/\/semmelweis.hu\/emk\/?page_id=18192"},"modified":"2025-06-03T15:53:51","modified_gmt":"2025-06-03T13:53:51","slug":"mutet-elotti-terapias-betegtajekoztatas","status":"publish","type":"page","link":"https:\/\/semmelweis.hu\/emk\/szakertoi-tevekenyseg-projektek\/lezart-projektek\/egeszsegugyi-ellatorendszer-szakmai-modszertani-fejlesztese\/jogyakorlatok-gyujtese-fejlesztese-oktatasa\/rovid-osszefoglalok\/mutet-elotti-terapias-betegtajekoztatas\/","title":{"rendered":"Budai Eg\u00e9szs\u00e9gk\u00f6zpont Szakk\u00f3rh\u00e1za &#8211; Orsz\u00e1gos Gerincgy\u00f3gy\u00e1szati K\u00f6zpont"},"content":{"rendered":"<p style=\"text-align: justify\"><strong>Budai Eg\u00e9szs\u00e9gk\u00f6zpont Szakk\u00f3rh\u00e1za &#8211; Orsz\u00e1gos Gerincgy\u00f3gy\u00e1szati K\u00f6zpont: m\u0171t\u00e9t el\u0151tti ter\u00e1pi\u00e1s betegt\u00e1j\u00e9koztat\u00e1s<\/strong><\/p>\n<p style=\"text-align: justify\">A betegoktat\u00e1s mindig is a gy\u00f3gy\u00edt\u00f3 munka szerves r\u00e9sze volt. Az ut\u00f3bbi id\u0151ben azonban megjelent az ig\u00e9ny arra, hogy k\u00fcl\u00f6n szakter\u00fclett\u00e9 v\u00e1ljon, szakma specifikus betegoktat\u00f3k tev\u00e9kenykedjenek. Ennek egyik oka az orvos &#8211; beteg viszony \u00e1talakul\u00e1sa, az aty\u00e1skod\u00f3 kapcsolatb\u00f3l beteg centrikus, a beteget partnerk\u00e9nt kezel\u0151 kapcsolat alakult ki. A beteg tudni akarja, hogy mi fog vele t\u00f6rt\u00e9nni a k\u00fcl\u00f6nb\u00f6z\u0151 ter\u00e1pi\u00e1s kezel\u00e9sek sor\u00e1n, \u00e9lni akar a teljes k\u00f6r\u0171 t\u00e1j\u00e9koztat\u00e1s \u00e9s az \u00f6nrendelkez\u00e9s jog\u00e1val. Teh\u00e1t a p\u00e1ciens \u00e9rv\u00e9nyes\u00edteni akarja a jogait \u00e9s az orvosnak k\u00f6teless\u00e9ge t\u00e1j\u00e9koztatni \u0151t. Ennek \u00e9rdek\u00e9ben az Orsz\u00e1gos Gerincgy\u00f3gy\u00e1szati K\u00f6zpontban m\u00e1r 2007 \u00f3ta m\u0171k\u00f6dik m\u0171t\u00e9t el\u0151tti betegt\u00e1j\u00e9koztat\u00e1s. Az orvosi t\u00e1j\u00e9koztat\u00e1son fel\u00fcl, befekv\u0151 betegeikkel k\u00fcl\u00f6n foglalkoznak, seg\u00edtve a m\u0171t\u00e9ti beavatkoz\u00e1sra val\u00f3 felk\u00e9sz\u00fcl\u00e9st. A m\u0171t\u00e9ttel kapcsolatos inform\u00e1ci\u00f3k magyar\u00e1zat\u00e1n k\u00edv\u00fcl a munka meghat\u00e1roz\u00f3 r\u00e9sze a betegekhez val\u00f3 odafordul\u00e1s, emp\u00e1tia, k\u00eds\u00e9r\u00e9s a bajban.\u00a0\u00a0<\/p>\n<p style=\"text-align: justify\"><strong>A j\u00f3gyakorlat bemutat\u00e1sa<\/strong><\/p>\n<p style=\"text-align: justify\">A betegt\u00e1j\u00e9koztat\u00e1s f\u0151 c\u00e9lja az inform\u00e1ci\u00f3 \u00e1tad\u00e1sa, a beteg megnyugtat\u00e1sa, a biztons\u00e1g \u00e9s komfort \u00e9rzet\u00e9nek n\u00f6vel\u00e9se. Ezen fel\u00fcl l\u00e9nyeges szempont a t\u00e1j\u00e9kozott beteg beleegyez\u00e9s\u00e9nek elnyer\u00e9se is, melynek c\u00e9lja a beteg \u00f6nrendelkez\u00e9s\u00e9nek v\u00e9delme, hiszen a betegnek joga van ahhoz, hogy a kezel\u00e9s\u00e9vel kapcsolatos d\u00f6nt\u00e9sekben r\u00e9szt vegyen. A beteg d\u00f6nt\u0151k\u00e9pes helyzetbe hozatala akkor val\u00f3sulhat meg, ha a betegt\u00e1j\u00e9koztat\u00e1s a megfelel\u0151 m\u00f3don \u00e9s tartalommal t\u00f6rt\u00e9nik. A M\u0171t\u00e9t el\u0151tti &#8211; orvosi t\u00e1j\u00e9koztat\u00e1son k\u00edv\u00fcli &#8211; ter\u00e1pi\u00e1s betegt\u00e1j\u00e9koztat\u00e1s \u00e1ltal el\u00e9rhet\u0151, hogy az int\u00e9zetben elv\u00e9gzett m\u0171t\u00e9tek ut\u00e1n a p\u00e1ciensek el\u00e9gedettebben hagyj\u00e1k el az int\u00e9zm\u00e9nyt. El\u0151seg\u00edti az esetleges jogorvoslatok kezel\u00e9s\u00e9t, hiszen a rossz \u00e9s hi\u00e1nyos t\u00e1j\u00e9koztat\u00e1s nem csak a beteg el\u00e9gedetlens\u00e9g\u00e9vel, hanem komoly jogi k\u00f6vetkezm\u00e9nyekkel is j\u00e1rhat. Tov\u00e1bb\u00e1 cs\u00f6kkenti az orvos megterhel\u00e9s\u00e9t a sz\u00fcks\u00e9ges, de szakorvosi k\u00e9pzetts\u00e9get nem ig\u00e9nyl\u0151 munk\u00e1t\u00f3l, \u00edgy t\u00f6bb ideje marad az effekt\u00edv gy\u00f3gy\u00edt\u00e1sra. A szem\u00e9lyre szabott, teljes k\u00f6r\u0171 t\u00e1j\u00e9koztat\u00e1s enyh\u00edti a beteg szorong\u00e1s\u00e1t, cs\u00f6kkenti az ismeretlent\u0151l val\u00f3 f\u00e9lelm\u00e9t \u00e9s a kiszolg\u00e1ltatotts\u00e1g\u00e1t. Javul\u00e1st eredm\u00e9nyezhet a betegel\u00e9gedetts\u00e9g, a betegbiztons\u00e1g, a szakmai megfelel\u0151s\u00e9g, eredm\u00e9nyess\u00e9g szintj\u00e9n, \u00e9s az orvos-beteg kommunik\u00e1ci\u00f3ban is. Elker\u00fclhet\u0151v\u00e9 v\u00e1lhatnak nem k\u00edv\u00e1natos esem\u00e9nyek, el\u00e9gedetlen betegek, m\u0171hiba perek.<\/p>\n<p style=\"text-align: justify\">A beteg t\u00e1j\u00e9koztat\u00e1s\u00e1nak \u00edr\u00e1sban \u00e9s sz\u00f3ban is meg kell val\u00f3sulnia. Az int\u00e9zetben a betegt\u00e1j\u00e9koztat\u00f3 f\u00fczetek kidolgoz\u00e1s\u00e1t 2006-ban kezdt\u00e9k el, melyek jelenleg 28 t\u00e9mak\u00f6rben, 12-36 oldal terjedelemben \u00e9rhet\u0151k el \u00e9s folyamatos fejleszt\u00e9s alatt \u00e1llnak. T\u00f6bbs\u00e9ge angol nyelven is k\u00e9zbe adhat\u00f3. (Az int\u00e9zet oldal\u00e1n az \u00f6sszes betegt\u00e1j\u00e9koztat\u00f3 anyag megtal\u00e1lhat\u00f3: <a href=\"https:\/\/ogk.hu\/tevekenyseg\/betegtajekoztatas\/\" target=\"_blank\" rel=\"noopener\">https:\/\/ogk.hu\/tevekenyseg\/betegtajekoztatas\/<\/a>) Nagyon \u00fcgyeltek arra, hogy ezek a f\u00fczetek egyszer\u0171, \u00e9rthet\u0151 nyelven sz\u00f3ljanak a beteghez. Egy felm\u00e9r\u00e9s szerint a k\u00e9pzett ember is szereti, ha egy \u00e1ltala nem ismert t\u00e9m\u00e1ban egyszer\u0171 megfogalmaz\u00e1sban, szakzsargon n\u00e9lk\u00fcl ker\u00fcl a kez\u00e9be le\u00edr\u00e1s. A k\u00f6nnyebb meg\u00e9rt\u00e9st el\u0151seg\u00edtend\u0151 a t\u00e1j\u00e9koztat\u00f3 f\u00fczeteket illusztr\u00e1ci\u00f3val is ell\u00e1tt\u00e1k. T\u00f6bbnyire anat\u00f3miai le\u00edr\u00e1ssal \u00e9s a betegs\u00e9g ismertet\u00e9s\u00e9vel kezd\u0151dnek, \u00e9s a nem m\u0171t\u00e9ti kezel\u00e9s le\u00edr\u00e1s\u00e1ra is kit\u00e9rnek. Ezek ut\u00e1n k\u00f6vetkezik a m\u0171t\u00e9ti kezel\u00e9s r\u00e9szletes elemz\u00e9se. V\u00e1laszt adnak arra a k\u00e9rd\u00e9sre is, hogy mi t\u00f6rt\u00e9nik akkor, ha a m\u0171t\u00e9t elmarad. A t\u00e1j\u00e9koztat\u00f3 tartalmazza az esetleges m\u0171t\u00e9ti sz\u00f6v\u0151dm\u00e9nyek ismertet\u00e9s\u00e9t, a gy\u00f3gytorn\u00e1sz instrukci\u00f3it \u00e9s a m\u0171t\u00e9t ut\u00e1ni rehabilit\u00e1ci\u00f3s program \u00f6sszefoglal\u00e1s\u00e1t is.<\/p>\n<p style=\"text-align: justify\">A m\u0171t\u00e9ti betegt\u00e1j\u00e9koztat\u00e1s m\u00e1r az ambulanci\u00e1n megkezd\u0151dik, amennyiben az orvos a beteggel egyet\u00e9rt\u00e9sben m\u0171t\u00e9ti indik\u00e1ci\u00f3t \u00e1ll\u00edt fel. A beteg megkapja a tervezett m\u0171t\u00e9tre vonatkoz\u00f3 t\u00e1j\u00e9koztat\u00f3 f\u00fczetet \u00e9s a m\u0171t\u00e9ti \u00e9rz\u00e9stelen\u00edt\u00e9sr\u0151l sz\u00f3l\u00f3t is. \u00cdgy a beteg otthon nyugodtan elolvashatja, v\u00e1laszt kap az \u0151t nyugtalan\u00edt\u00f3 k\u00e9rd\u00e9sekre, cs\u00f6kken az ismeretlent\u0151l val\u00f3 f\u00e9lelme. A t\u00e1j\u00e9koztat\u00f3 f\u00fczet \u00e1tolvas\u00e1sa teh\u00e1t egy \u00e1ltal\u00e1nos \u00e1ttekint\u00e9st, a tudatos d\u00f6nt\u00e9shez sz\u00fcks\u00e9ges t\u00e1j\u00e9kozotts\u00e1got biztos\u00edt a betegnek. Ez eg\u00e9sz\u00fcl ki m\u00e1sodik l\u00e9p\u00e9sk\u00e9nt a sz\u00f3beli t\u00e1j\u00e9koztat\u00e1ssal, ami az Orsz\u00e1gos Gerincgy\u00f3gy\u00e1szati K\u00f6zpontban h\u00e1rom s\u00edkon folyik. Az ambulanci\u00e1n az oper\u00e1l\u00f3 orvos sz\u00f3ban t\u00e1j\u00e9koztatja a beteget a m\u0171t\u00e9ttel kapcsolatban, majd egy h\u00e9ttel a m\u0171t\u00e9t el\u0151tt az aneszteziol\u00f3gus. V\u00e9g\u00fcl a m\u0171t\u00e9tre t\u00f6rt\u00e9n\u0151 k\u00f3rh\u00e1zi felv\u00e9tel napj\u00e1n a betegoktat\u00f3 t\u00e1j\u00e9koztatja kellemes k\u00f6rnyezetben, ahol a beteg megszabadulhat marad\u00e9k agg\u00e1lyait\u00f3l, f\u00e9lelmeit\u0151l, s ez a gy\u00f3gyul\u00e1s fontos lelki s\u00edk\u00fa el\u0151felt\u00e9tele. Ebben a munk\u00e1ban nagyon fontos a HOGYAN k\u00e9rd\u00e9se! Hogyan k\u00f6zelednek a beteghez? A beteg sz\u00e1m\u00e1ra ugyanis\u00a0 meghat\u00e1roz\u00f3 a jelenl\u00e9t, a meghallgat\u00e1s (valaki ott van \u00e9s csak vele foglalkozik), az \u00e9rtelem keres\u00e9s ( a szenved\u00e9s \u00e9rtelm\u00e9nek keres\u00e9se),\u00e9s a gy\u00f3gyul\u00e1s hit\u00e9nek, akar\u00e1s\u00e1nak felkelt\u00e9se.<\/p>\n<p style=\"text-align: center\"><a class=\"btn btn-secondary\" href=\"https:\/\/jogyakorlatok.betegbiztonsag.info\/#\/best-practice\/3fHwwTKxAIZvvhxdR6DNc9\" target=\"_blank\" rel=\"noopener\">A j\u00f3gyakorlat teljes le\u00edr\u00e1sa<\/a><\/p>\n<div class=\"fontos_div w-100\">\n<p style=\"text-align: justify\"><strong>Hol \u00e9rdekl\u0151dhet?<\/strong><\/p>\n<p style=\"text-align: justify\">Oroszi Julianna, betegoktat\u00f3, Betegt\u00e1j\u00e9koztat\u00f3 Szolg\u00e1lat vezet\u0151je<\/p>\n<p style=\"text-align: justify\"><a href=\"mailto:julianna.oroszi@bhc.hu\" target=\"_blank\" rel=\"noopener\">julianna.oroszi@bhc.hu<\/a><\/p>\n<\/div>\n","protected":false},"excerpt":{"rendered":"<p>Budai Eg\u00e9szs\u00e9gk\u00f6zpont Szakk\u00f3rh\u00e1za &#8211; Orsz\u00e1gos Gerincgy\u00f3gy\u00e1szati K\u00f6zpont: m\u0171t\u00e9t el\u0151tti ter\u00e1pi\u00e1s betegt\u00e1j\u00e9koztat\u00e1s A betegoktat\u00e1s mindig is a gy\u00f3gy\u00edt\u00f3 munka szerves r\u00e9sze volt. Az ut\u00f3bbi id\u0151ben azonban megjelent az ig\u00e9ny arra, hogy k\u00fcl\u00f6n szakter\u00fclett\u00e9 v\u00e1ljon, szakma specifikus betegoktat\u00f3k tev\u00e9kenykedjenek. Ennek egyik oka az orvos &#8211; beteg viszony \u00e1talakul\u00e1sa, az aty\u00e1skod\u00f3 kapcsolatb\u00f3l beteg centrikus, a beteget partnerk\u00e9nt kezel\u0151 &hellip;<\/p>\n","protected":false},"author":101539,"featured_media":0,"parent":17196,"menu_order":0,"comment_status":"closed","ping_status":"closed","template":"","meta":{"_acf_changed":false,"footnotes":""},"categories":[],"tags":[],"class_list":["post-18192","page","type-page","status-publish","hentry"],"acf":[],"_links":{"self":[{"href":"https:\/\/semmelweis.hu\/emk\/wp-json\/wp\/v2\/pages\/18192","targetHints":{"allow":["GET"]}}],"collection":[{"href":"https:\/\/semmelweis.hu\/emk\/wp-json\/wp\/v2\/pages"}],"about":[{"href":"https:\/\/semmelweis.hu\/emk\/wp-json\/wp\/v2\/types\/page"}],"author":[{"embeddable":true,"href":"https:\/\/semmelweis.hu\/emk\/wp-json\/wp\/v2\/users\/101539"}],"replies":[{"embeddable":true,"href":"https:\/\/semmelweis.hu\/emk\/wp-json\/wp\/v2\/comments?post=18192"}],"version-history":[{"count":6,"href":"https:\/\/semmelweis.hu\/emk\/wp-json\/wp\/v2\/pages\/18192\/revisions"}],"predecessor-version":[{"id":25174,"href":"https:\/\/semmelweis.hu\/emk\/wp-json\/wp\/v2\/pages\/18192\/revisions\/25174"}],"up":[{"embeddable":true,"href":"https:\/\/semmelweis.hu\/emk\/wp-json\/wp\/v2\/pages\/17196"}],"wp:attachment":[{"href":"https:\/\/semmelweis.hu\/emk\/wp-json\/wp\/v2\/media?parent=18192"}],"wp:term":[{"taxonomy":"category","embeddable":true,"href":"https:\/\/semmelweis.hu\/emk\/wp-json\/wp\/v2\/categories?post=18192"},{"taxonomy":"post_tag","embeddable":true,"href":"https:\/\/semmelweis.hu\/emk\/wp-json\/wp\/v2\/tags?post=18192"}],"curies":[{"name":"wp","href":"https:\/\/api.w.org\/{rel}","templated":true}]}}