{"id":18143,"date":"2020-12-09T08:25:16","date_gmt":"2020-12-09T07:25:16","guid":{"rendered":"https:\/\/semmelweis.hu\/emk\/?page_id=18143"},"modified":"2026-03-12T11:57:58","modified_gmt":"2026-03-12T10:57:58","slug":"szocialis-valsagmenedzsment-eszkoztar","status":"publish","type":"page","link":"https:\/\/semmelweis.hu\/emk\/szocialis-vezetokepzo-tudaskozpont\/szocialis-valsagmenedzsment-eszkoztar\/","title":{"rendered":"Szoci\u00e1lis V\u00e1ls\u00e1gmenedzsment Eszk\u00f6zt\u00e1r"},"content":{"rendered":"<p style=\"text-align: justify\">A <strong>Szoci\u00e1lis Vezet\u0151k\u00e9pz\u0151 K\u00f6zpont (SZVK)<\/strong> csapata a COVID id\u0151szak\u00e1ban is elk\u00f6telezett volt a szoci\u00e1lis ter\u00fcleten dolgoz\u00f3 szakemberek t\u00e1mogat\u00e1s\u00e1ban. Olyan eszk\u00f6zt\u00e1rat \u00e1ll\u00edtottunk \u00f6ssze \u00e9s osztunk meg Veletek, amelyet a v\u00e9szhelyzetben, \u00e9s s\u00fcrg\u0151s helyzetekben el\u0151\u00e1ll\u00f3 \u00faj vezet\u0151i kih\u00edv\u00e1sok sor\u00e1n rem\u00e9lj\u00fck, hogy haszn\u00e1lni tudtok. Szeretn\u00e9nk hozz\u00e1j\u00e1rulni a ter\u00fcleten \u00e9s az int\u00e9zm\u00e9nyekben dolgoz\u00f3k terheinek cs\u00f6kkent\u00e9s\u00e9hez \u00e9s a biztons\u00e1gosabb ell\u00e1t\u00e1shoz.<\/p>\n<p style=\"text-align: justify\">V\u00e1llaltuk, hogy folyamatosan figyelj\u00fck \u00e9s rendszerezz\u00fck a j\u00e1rv\u00e1nnyal \u00f6sszef\u00fcgg\u0151 int\u00e9zm\u00e9nyi szint\u0171 menedzsel\u00e9si feladatokat, gy\u0171jtj\u00fck a kapcsol\u00f3d\u00f3 hazai aj\u00e1nl\u00e1sokat \u00e9s tapasztalatokat. A l\u00e9nyeget kiemelve adtuk \u00e1t a gyakorlati ismereteket, mindenki sz\u00e1m\u00e1ra k\u00f6nnyen \u00e9rthet\u0151en \u00e9s el\u00e9rhet\u0151en. Megosztottuk a tud\u00e1sunkat, tapasztalatainkat, hogy t\u00f6bb id\u0151 maradjon a gondoz\u00e1sra, \u00e1pol\u00e1sra! Mi \u00edgy seg\u00edt\u00fcnk, hogy seg\u00edthessetek!<\/p>\n<p>Semmelweis Egyetem Szoci\u00e1lis Vezet\u0151k\u00e9pz\u00e9s\u00a0<\/p>\n<p><a href=\"https:\/\/www.surveymonkey.com\/r\/covid_ajnl_szoc_vissz\">A COVID-19 menedzsment aj\u00e1nl\u00e1sok hasznoss\u00e1g\u00e1nak felm\u00e9r\u00e9se a szoci\u00e1lis ell\u00e1t\u00e1sban<\/a> (k\u00e9rd\u0151\u00edv)\u00a0<\/p>\n<hr \/>\n<h3>Teend\u0151k a vesz\u00e9lyhelyzet idej\u00e9n<\/h3>\n<p style=\"text-align: justify\">A vesz\u00e9lyhelyzet tov\u00e1bbra is \u00e9rv\u00e9nyben van. A szoci\u00e1lis szolg\u00e1ltat\u00e1sban r\u00e9szes\u00fcl\u0151k k\u00f6r\u00e9ben a koronav\u00edrus terjed\u00e9s\u00e9nek megakad\u00e1lyoz\u00e1sa, eg\u00e9szs\u00e9g\u00e9nek v\u00e9delme az egyik legfontosabb feladatok k\u00f6z\u00e9 tartozik.<\/p>\n<p style=\"text-align: justify\">Vezet\u0151k\u00e9nt a vesz\u00e9lyhelyzet ideje alatt is aktualiz\u00e1lnod kell az eddig kialak\u00edtott elj\u00e1r\u00e1srendeket, folyamatokat, hat\u00e1rid\u0151ket.<\/p>\n<p style=\"text-align: justify\">Legfontosabb feladataid a folyamatos t\u00e1j\u00e9koz\u00f3d\u00e1s \u00e9s t\u00e1j\u00e9koztat\u00e1s.<\/p>\n<p>Mutatjuk a megold\u00e1st!<\/p>\n<p><a class=\"button\" href=\"https:\/\/semmelweis.hu\/emk\/files\/2021\/02\/szvk_covid_rovid_\u00faj_vesz\u00e9lyhelyzet.pdf\" target=\"_blank\" rel=\"noopener\">R\u00d6VID LE\u00cdR\u00c1S<\/a> \u00a0\u00a0 \u00a0\u00a0 \u00a0\u00a0 \u00a0 <a class=\"button\" href=\"https:\/\/semmelweis.hu\/emk\/files\/2021\/02\/SZVK_COVID_hossz\u00fa_\u00faj_vesz\u00e9lyhelyzet.pdf\" target=\"_blank\" rel=\"noopener\">TELJES ANYAG<\/a>\u00a0 \u00a0 \u00a0 \u00a0 \u00a0 \u00a0 <a class=\"button\" href=\"https:\/\/youtu.be\/e13UjGUd9O8\" target=\"_blank\" rel=\"noopener\">VIDE\u00d3<\/a><\/p>\n<hr \/>\n<h3>Fert\u0151z\u00e9smegel\u0151z\u00e9si \u00e9s j\u00e1rv\u00e1nyv\u00e9delmi \u00fatmutat\u00f3 hossz\u00fa t\u00e1v\u00fa ell\u00e1t\u00e1st ny\u00fajt\u00f3 int\u00e9zm\u00e9nyeknek<\/h3>\n<p style=\"text-align: justify\">A bentlak\u00e1st ny\u00fajt\u00f3 int\u00e9zm\u00e9nyek kiemelt kock\u00e1zat\u00fanak sz\u00e1m\u00edtanak a Covid19 terjed\u00e9se szempontj\u00e1b\u00f3l.<\/p>\n<p style=\"text-align: justify\">A korai \u00e9szlel\u00e9s, a ismeretek betan\u00edt\u00e1sa, valamint a megfelel\u0151 \u00f3vint\u00e9zked\u00e9sek k\u00f6vetkezetes megval\u00f3s\u00edt\u00e1sa jelent\u0151sen cs\u00f6kkentheti a SARS-CoV-2 terjed\u00e9s\u00e9t.<\/p>\n<p style=\"text-align: justify\">A fert\u0151z\u00e9smegel\u0151z\u00e9si \u00e9s j\u00e1rv\u00e1nyv\u00e9delmi int\u00e9zked\u00e9sek hat\u00e1ssal lehetnek a bentlak\u00f3k \u00e9s a dolgoz\u00f3k ment\u00e1lis \u00e9s testi eg\u00e9szs\u00e9g\u00e9re, k\u00f6z\u00e9rzet\u00e9re egyar\u00e1nt.<\/p>\n<p>Mutatjuk a megold\u00e1st!<\/p>\n<p><a class=\"button\" href=\"https:\/\/semmelweis.hu\/emk\/files\/2021\/02\/szvk_covid_rovi_who.pdf\" target=\"_blank\" rel=\"noopener\">R\u00d6VID LE\u00cdR\u00c1S<\/a> \u00a0\u00a0 \u00a0\u00a0 \u00a0\u00a0 \u00a0\u00a0 <a class=\"button\" href=\"https:\/\/semmelweis.hu\/emk\/files\/2021\/02\/SZVK_COVID_kamp\u00e1ny_hossz\u00fa_WHO.pdf\" target=\"_blank\" rel=\"noopener\">TELJES ANYAG<\/a>\u00a0 \u00a0 \u00a0 \u00a0 \u00a0 \u00a0 <a class=\"button\" href=\"https:\/\/youtu.be\/P6vdu1VaQ3U\" target=\"_blank\" rel=\"noopener\">VIDE\u00d3<\/a><\/p>\n<hr \/>\n<h3>S\u00fcrg\u0151s inform\u00e1ci\u00f3k k\u00f6zl\u00e9se<\/h3>\n<p style=\"text-align: justify\">El kell felejten\u00fcnk az eddig megszokott int\u00e9zeten bel\u00fcli kommunik\u00e1ci\u00f3t. Nem lesz r\u00e1 id\u0151.<\/p>\n<p style=\"text-align: justify\">A kr\u00edzishelyzet azonnali, egyidej\u0171, t\u00f6m\u00f6r \u00e9s konzisztens inform\u00e1ci\u00f3k\u00f6zl\u00e9st tesz sz\u00fcks\u00e9gess\u00e9 ak\u00e1r valamennyi dolgoz\u00f3 sz\u00e1m\u00e1ra egyszerre.<\/p>\n<p>Mutatjuk a megold\u00e1st!<\/p>\n<p style=\"text-align: left\"><a class=\"button\" href=\"https:\/\/semmelweis.hu\/emk\/files\/2020\/04\/SZVK-COVID-SABLON-1.pdf\" target=\"_blank\" rel=\"noopener\">R\u00d6VID LE\u00cdR\u00c1S<\/a> \u00a0 \u00a0 \u00a0 \u00a0 \u00a0 \u00a0 <a class=\"button\" href=\"https:\/\/semmelweis.hu\/emk\/files\/2020\/04\/covid_1_teljes.pdf\" target=\"_blank\" rel=\"noopener\">TELJES ANYAG<\/a>\u00a0 \u00a0 \u00a0 \u00a0 \u00a0 \u00a0 <a class=\"button\" href=\"https:\/\/www.youtube.com\/watch?v=HvgxWX4qCGY&amp;feature=youtu.be\" target=\"_blank\" rel=\"noopener\">VIDE\u00d3<\/a><\/p>\n<hr \/>\n<h3>Rendszeres \u00e9s hiteles kommunik\u00e1ci\u00f3 a hozz\u00e1tartoz\u00f3kkal<\/h3>\n<p style=\"text-align: justify\">A l\u00e1togat\u00e1si tilalom hossz\u00fa hetek \u00f3ta \u00e9rv\u00e9nyben van. Ugyanakkor kiemelt fontoss\u00e1g\u00fa, hogy a hozz\u00e1tartoz\u00f3k rendszeres \u00e9s hiteles t\u00e1j\u00e9koztat\u00e1st kapjanak.<\/p>\n<p style=\"text-align: justify\">Fontos, hogy a hozz\u00e1tartoz\u00f3k j\u00e1rv\u00e1nyhelyzetben is megfelel\u0151, naprak\u00e9sz inform\u00e1ci\u00f3t kapjanak.<\/p>\n<p style=\"text-align: justify\">A t\u00e1j\u00e9koztat\u00e1s vesz\u00e9lyhelyzeten k\u00edv\u00fcl bej\u00e1ratott m\u00f3don m\u0171k\u00f6dik, de most m\u00e1sra van sz\u00fcks\u00e9g.<\/p>\n<p>Mutatjuk hogyan!<\/p>\n<p><a class=\"button\" href=\"https:\/\/semmelweis.hu\/emk\/files\/2020\/04\/szvk.covid_.sablon.2.pdf\" target=\"_blank\" rel=\"noopener\">R\u00d6VID LE\u00cdR\u00c1S<\/a> \u00a0 \u00a0 \u00a0 \u00a0 \u00a0\u00a0 <a class=\"button\" href=\"https:\/\/semmelweis.hu\/emk\/files\/2020\/04\/HOZZ\u00c1TARTOZ\u00d3IKOMMUNIK\u00c1CI\u00d3.pdf\" target=\"_blank\" rel=\"noopener\">TELJES ANYAG<\/a> \u00a0 \u00a0 \u00a0 \u00a0 \u00a0\u00a0<a class=\"button\" href=\"https:\/\/www.youtube.com\/watch?v=GFKFy5ztUE4&amp;feature=youtu.be\" target=\"_blank\" rel=\"noopener\">VIDE\u00d3<\/a><\/p>\n<hr \/>\n<h3>Rendszeres \u00e9s hiteles kommunik\u00e1ci\u00f3 a kliensekkel<\/h3>\n<p style=\"text-align: justify\">A bentlak\u00e1sos int\u00e9zm\u00e9nyekben hetek \u00f3ta l\u00e1togat\u00e1si tilalom van. A lak\u00f3k mozg\u00e1si szabads\u00e1ga korl\u00e1tozott. T\u00f6bb int\u00e9zm\u00e9nyben megjelent a v\u00edrusfert\u0151z\u00e9s. Az otthonukban \u00e9l\u0151 ell\u00e1tottak mindennapi rutinja felborult.<\/p>\n<p style=\"text-align: justify\">Kulcsfontoss\u00e1g\u00fa a hiteles \u00e9s megb\u00edzhat\u00f3 inform\u00e1ci\u00f3.<\/p>\n<p>De kivel, mikor, mit \u00e9s hogyan k\u00f6z\u00f6lj\u00fcnk?<\/p>\n<p>Mutatjuk a megold\u00e1st!<\/p>\n<p><a class=\"button\" href=\"https:\/\/semmelweis.hu\/emk\/files\/2020\/04\/SZVK-COVID-SABLON-3.pdf\" target=\"_blank\" rel=\"noopener\">R\u00d6VID LE\u00cdR\u00c1S<\/a> \u00a0 \u00a0 \u00a0 \u00a0 \u00a0\u00a0 <a class=\"button\" href=\"https:\/\/semmelweis.hu\/emk\/files\/2020\/04\/szvk.klienskommunik\u00e1ci\u00f3.pdf\" target=\"_blank\" rel=\"noopener\">TELJES ANYAG<\/a> \u00a0 \u00a0 \u00a0 \u00a0 \u00a0 \u00a0 <a class=\"button\" href=\"https:\/\/www.youtube.com\/watch?v=z-8WTq36sRs&amp;feature=youtu.be\" target=\"_blank\" rel=\"noopener\">VIDE\u00d3<\/a><\/p>\n<hr \/>\n<h3>Megv\u00e1ltozott munkak\u00f6ri feladatok<\/h3>\n<p style=\"text-align: justify\">A j\u00e1rv\u00e1nyhelyzetben \u00faj feladatokat is el kell l\u00e1tni adott munkak\u00f6rben, illetve az eddigi feladatok elv\u00e9gz\u00e9s\u00e9t is fel\u00fcl\u00edrhatj\u00e1k az \u00faj m\u00f3dszerek.<\/p>\n<p style=\"text-align: justify\">Megn\u0151tt azoknak az ell\u00e1tottaknak a sz\u00e1ma, akiket az otthonukban kell ell\u00e1tni, r\u00e1ad\u00e1sul m\u00e1shogy, mint ahogy azt eddig tett\u00fck.<\/p>\n<p style=\"text-align: justify\">Biztos\u00edthat\u00f3-e az adott szolg\u00e1ltat\u00e1si tartalom az \u00faj m\u00f3dszerrel?<\/p>\n<p style=\"text-align: justify\">Hogyan haszn\u00e1lj\u00e1k a dolgoz\u00f3k \u00e9s az ell\u00e1tottak, illetve az egy\u00fcttm\u0171k\u00f6d\u0151 partnereid biztons\u00e1gosan az \u00faj m\u00f3dszert?<\/p>\n<p><a class=\"button\" href=\"https:\/\/semmelweis.hu\/emk\/files\/2020\/04\/szvk_covid_rovid_human.j.pdf\" target=\"_blank\" rel=\"noopener\">R\u00d6VID LE\u00cdR\u00c1S<\/a> \u00a0 \u00a0 \u00a0 \u00a0 \u00a0 \u00a0 <a class=\"button\" href=\"https:\/\/semmelweis.hu\/emk\/files\/2020\/04\/Megv\u00e1ltozott-munkak\u00f6ri-feladatok_hr_covid.pdf\" target=\"_blank\" rel=\"noopener\">TELJES ANYAG<\/a> \u00a0 \u00a0 \u00a0 \u00a0 \u00a0 \u00a0\u00a0 <a class=\"button\" href=\"https:\/\/www.youtube.com\/watch?v=eMW-yRoys_E&amp;feature=youtu.be\" target=\"_blank\" rel=\"noopener\">VIDE\u00d3<\/a><\/p>\n<hr \/>\n<h3>\u00daj munkat\u00e1rsak miel\u0151bbi, \u00f6n\u00e1ll\u00f3 munkav\u00e9gz\u00e9se<\/h3>\n<p style=\"text-align: justify\">A szoci\u00e1lis \u00e1gazatban \u00e1lland\u00f3sult munkaer\u0151hi\u00e1ny tov\u00e1bb nehez\u00edti a megn\u00f6vekedett feladatok folyamatos ell\u00e1t\u00e1s\u00e1t, ez\u00e9rt \u00e1t kell gondolnod\u00a0hogyan biztos\u00edthatod min\u00e9l gyorsabban a munkaer\u0151sz\u00fcks\u00e9gletet.<\/p>\n<p style=\"text-align: justify\">Most nagyon kev\u00e9s id\u0151 van arra, hogy megismertesd az \u00faj dolgoz\u00f3kkal az int\u00e9zm\u00e9nyt, az ell\u00e1t\u00e1st.<\/p>\n<p style=\"text-align: justify\">Mit tehetsz az\u00e9rt, hogy \u0151k min\u00e9l el\u0151bb teljes \u00e9rt\u00e9k\u0171, \u00f6n\u00e1ll\u00f3 munkav\u00e9gz\u00e9sre alkalmas munkat\u00e1rsakk\u00e1 v\u00e1ljanak?<\/p>\n<p><a class=\"button\" href=\"https:\/\/semmelweis.hu\/emk\/files\/2020\/04\/szvk_covid_rovid_human_ujmunkatarsak.j..pdf\" target=\"_blank\" rel=\"noopener\">R\u00d6VID LE\u00cdR\u00c1S<\/a> \u00a0 \u00a0 \u00a0 \u00a0 \u00a0 \u00a0\u00a0 <a class=\"button\" href=\"https:\/\/semmelweis.hu\/emk\/files\/2020\/04\/\u00daj-munkat\u00e1rsak-miel\u0151bbi-\u00f6n\u00e1ll\u00f3-munkav\u00e9g\u00e9zse_hr_covid.pdf\" target=\"_blank\" rel=\"noopener\">TELJES ANYAG<\/a> \u00a0 \u00a0 \u00a0 \u00a0 \u00a0 \u00a0 \u00a0<a class=\"button\" href=\"https:\/\/www.youtube.com\/watch?v=nPeH3-IfgeU&amp;feature=youtu.be\" target=\"_blank\" rel=\"noopener\">VIDE\u00d3<\/a><\/p>\n<hr \/>\n<h3>Munkat\u00e1rsak ment\u00e1lis ki\u00e9g\u00e9s\u00e9nek megel\u0151z\u00e9se &#8211; Lelki terhel\u00e9s cs\u00f6kkent\u00e9se kr\u00edzishelyzetben<\/h3>\n<p style=\"text-align: justify\">Magyarorsz\u00e1gon a kev\u00e9sb\u00e9 megterhel\u0151 id\u0151szakokban is magas a seg\u00edt\u0151 szakm\u00e1k k\u00f6r\u00e9ben a ki\u00e9g\u00e9si vesz\u00e9lyeztetetts\u00e9g.<\/p>\n<p style=\"text-align: justify\">A megfelel\u0151 min\u0151s\u00e9g\u0171 ell\u00e1t\u00e1s alapvet\u0151 pill\u00e9rei a szoci\u00e1lis dolgoz\u00f3k, akikb\u0151l m\u00e1r \u00edgy is hi\u00e1nyt szenved\u00fcnk. \u00cdgy k\u00fcl\u00f6n\u00f6sen figyeln\u00fcnk kell r\u00e1juk!<\/p>\n<p style=\"text-align: justify\">Mit tudsz tenni munkat\u00e1rsaid lelki terheinek cs\u00f6kkent\u00e9se \u00e9s ment\u00e1lis eg\u00e9szs\u00e9g\u00fck meg\u0151rz\u00e9se \u00e9rdek\u00e9ben?<\/p>\n<p><a class=\"button\" href=\"https:\/\/semmelweis.hu\/emk\/files\/2020\/05\/szvk_covid_rovid_mental.pdf\" target=\"_blank\" rel=\"noopener\">R\u00d6VID LE\u00cdR\u00c1S<\/a> \u00a0 \u00a0 \u00a0 \u00a0 \u00a0 \u00a0\u00a0 <a class=\"button\" href=\"https:\/\/semmelweis.hu\/emk\/files\/2020\/05\/szvk.covid_.ment\u00e1l.pdf\" target=\"_blank\" rel=\"noopener\">TELJES ANYAG<\/a>\u00a0 \u00a0 \u00a0 \u00a0 \u00a0 \u00a0 \u00a0 \u00a0 <a class=\"button\" href=\"https:\/\/www.youtube.com\/watch?v=vlkUVHlBkh0&amp;feature=youtu.be\" target=\"_blank\" rel=\"noopener\">VIDE\u00d3<\/a><\/p>\n<hr \/>\n<h3>Takar\u00edt\u00e1s<\/h3>\n<p style=\"text-align: justify\">A fokozott fert\u0151z\u00e9svesz\u00e9lyes id\u0151szakban, a megel\u0151z\u00e9s \u00e9rdek\u00e9ben a megszokottn\u00e1l is nagyobb figyelmet kell ford\u00edtani az int\u00e9zm\u00e9ny takar\u00edt\u00e1s\u00e1ra, fert\u0151tlen\u00edt\u00e9s\u00e9re.<\/p>\n<p style=\"text-align: justify\">A megk\u00f6vetelt higi\u00e9n\u00e9s el\u0151\u00edr\u00e1sok betart\u00e1sa igen jelent\u0151s szerepet t\u00f6lt be az ell\u00e1tottak \u00e9s a munkat\u00e1rsak v\u00e9delm\u00e9ben.<\/p>\n<p style=\"text-align: justify\">Az int\u00e9zm\u00e9nyekben alapjaiban sz\u00fcks\u00e9ges megv\u00e1ltoztatni a takar\u00edt\u00e1s rendj\u00e9t.<\/p>\n<p><a class=\"button\" href=\"https:\/\/semmelweis.hu\/emk\/files\/2020\/05\/szvk_covid_rovid_takaritas.pdf\" target=\"_blank\" rel=\"noopener\">R\u00d6VID LE\u00cdR\u00c1S<\/a>\u00a0 \u00a0 \u00a0 \u00a0 \u00a0 \u00a0 \u00a0<a class=\"button\" href=\"https:\/\/semmelweis.hu\/emk\/files\/2020\/05\/SZVK_covid_hosszu_takaritas.pdf\" target=\"_blank\" rel=\"noopener\">TELJES ANYAG<\/a>\u00a0 \u00a0 \u00a0 \u00a0 \u00a0 \u00a0 \u00a0 \u00a0 <a class=\"button\" href=\"https:\/\/youtu.be\/DiNPI5NwxWY\" target=\"_blank\" rel=\"noopener\">VIDE\u00d3<\/a><\/p>\n<hr \/>\n<h3>Ell\u00e1tottak oktat\u00e1sa, t\u00e1j\u00e9koztat\u00e1sa<\/h3>\n<p style=\"text-align: justify\">A koronav\u00edrus fert\u0151z\u00e9s terjed\u00e9s\u00e9nek megel\u0151z\u00e9se \u00e9rdek\u00e9ben kiemelt figyelmet kell ford\u00edtani a szoci\u00e1lis ell\u00e1t\u00e1sban r\u00e9sztvev\u0151 munkat\u00e1rsak \u00e9s az ell\u00e1tottak fert\u0151z\u00e9s elleni v\u00e9delm\u00e9re.<\/p>\n<p style=\"text-align: justify\">De hogyan befoly\u00e1soljuk a betegek eg\u00e9szs\u00e9gmagatart\u00e1s\u00e1t?<\/p>\n<p style=\"text-align: justify\">A fert\u0151z\u00e9smegel\u0151z\u00e9s most fontosabb, mint valaha!<\/p>\n<p><a class=\"button\" href=\"https:\/\/semmelweis.hu\/emk\/files\/2020\/05\/szvk_covid_rovid_ellatottak.pdf\" target=\"_blank\" rel=\"noopener\">R\u00d6VID LE\u00cdR\u00c1S<\/a>\u00a0 \u00a0 \u00a0 \u00a0 \u00a0 \u00a0 <a class=\"button\" href=\"https:\/\/semmelweis.hu\/emk\/files\/2020\/05\/SZVK_covid_hosszu_ellatottakoktatasa.pdf\" target=\"_blank\" rel=\"noopener\">TELJES ANYAG<\/a>\u00a0 \u00a0 \u00a0 \u00a0 \u00a0 \u00a0 \u00a0 \u00a0 <a class=\"button\" href=\"https:\/\/youtu.be\/yQdrLco2mW0\" target=\"_blank\" rel=\"noopener\">VIDE\u00d3<\/a><\/p>\n<hr \/>\n<h3>Munkat\u00e1rsak karant\u00e9nban<\/h3>\n<p style=\"text-align: justify\">Az ell\u00e1tottak mellett egyre t\u00f6bb munkat\u00e1rs is megfert\u0151z\u0151dhet.\u00a0<\/p>\n<p style=\"text-align: justify\">Fert\u0151z\u0151d\u00e9s gyan\u00faja eset\u00e9n karant\u00e9nban kell elk\u00fcl\u00f6n\u00edteni mindenkit, ez al\u00f3l a szoci\u00e1lis ell\u00e1t\u00f3 szem\u00e9lyzet tagjai sem kiv\u00e9telek.<\/p>\n<p style=\"text-align: justify\">Mit tehetsz annak \u00e9rdek\u00e9ben, hogy munkat\u00e1rsaid karant\u00e9nba ker\u00fcl\u00e9s\u00e9nek es\u00e9ly\u00e9t cs\u00f6kkentsd?<\/p>\n<p style=\"text-align: justify\">Hogyan\u00a0seg\u00edtsd\u00a0koll\u00e9g\u00e1idat, ha karant\u00e9nba\u00a0ker\u00fclnek?<\/p>\n<p><a class=\"button\" href=\"https:\/\/semmelweis.hu\/emk\/files\/2020\/05\/szvk_covid_rovid_munkatarsak.pdf\" target=\"_blank\" rel=\"noopener\">R\u00d6VID LE\u00cdR\u00c1S<\/a>\u00a0 \u00a0 \u00a0 \u00a0 \u00a0 \u00a0 <a class=\"button\" href=\"https:\/\/semmelweis.hu\/emk\/files\/2020\/05\/SZVK_hossz\u00fa_munkat\u00e1rsak.pdf\" target=\"_blank\" rel=\"noopener\">TELJES ANYAG<\/a>\u00a0 \u00a0 \u00a0 \u00a0 \u00a0 \u00a0 \u00a0 \u00a0<a class=\"button\" href=\"https:\/\/youtu.be\/MzHSLY0wY-c\" target=\"_blank\" rel=\"noopener\">VIDE\u00d3<\/a><\/p>\n<hr \/>\n<p><strong>A Szoci\u00e1lis Vezet\u0151k\u00e9pz\u0151 Tud\u00e1sk\u00f6zpont tov\u00e1bbi inform\u00e1ci\u00f3i:<\/strong><\/p>\n<ul style=\"list-style-type: square\">\n<li><strong><a href=\"https:\/\/semmelweis.hu\/emk\/szocialis-vezetokepzo-tudaskozpont\/oktatas-2-2\/\" target=\"_blank\" rel=\"noopener\">Oktat\u00e1s<\/a><\/strong><\/li>\n<li><strong><a href=\"https:\/\/semmelweis.hu\/emk\/szocialis-vezetokepzo-tudaskozpont\/intezmenymenedzsment-2\/\" target=\"_blank\" rel=\"noopener\">Int\u00e9zm\u00e9nymenedzsment<\/a><\/strong><\/li>\n<li><strong><a href=\"https:\/\/semmelweis.hu\/emk\/szocialis-vezetokepzo-tudaskozpont\/kiadvanyok-publikaciok\/\" target=\"_blank\" rel=\"noopener\">Kiadv\u00e1nyok\/Publik\u00e1ci\u00f3k<\/a><\/strong><\/li>\n<li><strong><a href=\"https:\/\/semmelweis.hu\/emk\/szocialis-vezetokepzo-tudaskozpont\/esemenynaptar-2\/\" target=\"_blank\" rel=\"noopener\">Esem\u00e9nynapt\u00e1r<\/a><\/strong><\/li>\n<li><strong><a href=\"https:\/\/semmelweis.hu\/emk\/szocialis-vezetokepzo-tudaskozpont\/hirlevel\/\" target=\"_blank\" rel=\"noopener\">H\u00edrlev\u00e9l<\/a><\/strong><\/li>\n<li><strong><a href=\"https:\/\/semmelweis.hu\/emk\/szocialis-vezetokepzo-tudaskozpont\/elerhetosegek-2-2\/\" target=\"_blank\" rel=\"noopener\">El\u00e9rhet\u0151s\u00e9gek<\/a><\/strong><\/li>\n<li><strong><a href=\"https:\/\/semmelweis.hu\/emk\/szocialis-vezetokepzo-tudaskozpont\/gyik-2\/\" target=\"_blank\" rel=\"noopener\">GYIK<\/a><\/strong><\/li>\n<li><strong><a href=\"https:\/\/semmelweis.hu\/emk\/szocialis-vezetokepzo-tudaskozpont\/rolunk-mondtak-2\/\" target=\"_blank\" rel=\"noopener\">R\u00f3lunk mondt\u00e1k<\/a><\/strong><\/li>\n<\/ul>\n<div class=\"keretes w-100\">\n<p><strong>A Semmelweis Egyetem Eg\u00e9szs\u00e9g\u00fcgyi K\u00f6zszolg\u00e1lati Kar Eg\u00e9szs\u00e9g\u00fcgyi Menedzserk\u00e9pz\u0151 K\u00f6zpont \u2013 Szoci\u00e1lis Vezet\u0151k\u00e9pz\u0151 Tud\u00e1sk\u00f6zpontot\u00a0 (SZVK)\u00a0<\/strong>\u00e9rint\u0151 k\u00e9rd\u00e9seivel forduljon hozz\u00e1nk bizalommal a\u00a0<a href=\"mailto:szocialisvezetokepzes@emk.semmelweis.hu\" target=\"_blank\" rel=\"noopener\">szocialisvezetokepzes@emk.semmelweis.hu<\/a>\u00a0e-mail-c\u00edmen!<\/p>\n<\/div>\n<hr \/>\n<p><img loading=\"lazy\" decoding=\"async\" class=\"size-medium wp-image-16378 alignright\" src=\"https:\/\/semmelweis.hu\/emk\/files\/2020\/04\/infoblokk_kedv_final_CMYK_-ESZA-400x276.png\" alt=\"\" width=\"400\" height=\"276\" srcset=\"https:\/\/semmelweis.hu\/emk\/files\/2020\/04\/infoblokk_kedv_final_CMYK_-ESZA-400x276.png 400w, https:\/\/semmelweis.hu\/emk\/files\/2020\/04\/infoblokk_kedv_final_CMYK_-ESZA-1024x708.png 1024w, https:\/\/semmelweis.hu\/emk\/files\/2020\/04\/infoblokk_kedv_final_CMYK_-ESZA-768x531.png 768w, https:\/\/semmelweis.hu\/emk\/files\/2020\/04\/infoblokk_kedv_final_CMYK_-ESZA-175x120.png 175w, https:\/\/semmelweis.hu\/emk\/files\/2020\/04\/infoblokk_kedv_final_CMYK_-ESZA-753x520.png 753w, https:\/\/semmelweis.hu\/emk\/files\/2020\/04\/infoblokk_kedv_final_CMYK_-ESZA.png 1453w\" sizes=\"auto, (max-width: 400px) 100vw, 400px\" \/><\/p>\n","protected":false},"excerpt":{"rendered":"<p>A Szoci\u00e1lis Vezet\u0151k\u00e9pz\u0151 K\u00f6zpont (SZVK) csapata a COVID id\u0151szak\u00e1ban is elk\u00f6telezett volt a szoci\u00e1lis ter\u00fcleten dolgoz\u00f3 szakemberek t\u00e1mogat\u00e1s\u00e1ban. Olyan eszk\u00f6zt\u00e1rat \u00e1ll\u00edtottunk \u00f6ssze \u00e9s osztunk meg Veletek, amelyet a v\u00e9szhelyzetben, \u00e9s s\u00fcrg\u0151s helyzetekben el\u0151\u00e1ll\u00f3 \u00faj vezet\u0151i kih\u00edv\u00e1sok sor\u00e1n rem\u00e9lj\u00fck, hogy haszn\u00e1lni tudtok. Szeretn\u00e9nk hozz\u00e1j\u00e1rulni a ter\u00fcleten \u00e9s az int\u00e9zm\u00e9nyekben dolgoz\u00f3k terheinek cs\u00f6kkent\u00e9s\u00e9hez \u00e9s a biztons\u00e1gosabb ell\u00e1t\u00e1shoz. &hellip;<\/p>\n","protected":false},"author":101742,"featured_media":0,"parent":17224,"menu_order":4,"comment_status":"closed","ping_status":"closed","template":"","meta":{"_acf_changed":false,"footnotes":""},"categories":[],"tags":[],"class_list":["post-18143","page","type-page","status-publish","hentry"],"acf":[],"_links":{"self":[{"href":"https:\/\/semmelweis.hu\/emk\/wp-json\/wp\/v2\/pages\/18143","targetHints":{"allow":["GET"]}}],"collection":[{"href":"https:\/\/semmelweis.hu\/emk\/wp-json\/wp\/v2\/pages"}],"about":[{"href":"https:\/\/semmelweis.hu\/emk\/wp-json\/wp\/v2\/types\/page"}],"author":[{"embeddable":true,"href":"https:\/\/semmelweis.hu\/emk\/wp-json\/wp\/v2\/users\/101742"}],"replies":[{"embeddable":true,"href":"https:\/\/semmelweis.hu\/emk\/wp-json\/wp\/v2\/comments?post=18143"}],"version-history":[{"count":10,"href":"https:\/\/semmelweis.hu\/emk\/wp-json\/wp\/v2\/pages\/18143\/revisions"}],"predecessor-version":[{"id":26905,"href":"https:\/\/semmelweis.hu\/emk\/wp-json\/wp\/v2\/pages\/18143\/revisions\/26905"}],"up":[{"embeddable":true,"href":"https:\/\/semmelweis.hu\/emk\/wp-json\/wp\/v2\/pages\/17224"}],"wp:attachment":[{"href":"https:\/\/semmelweis.hu\/emk\/wp-json\/wp\/v2\/media?parent=18143"}],"wp:term":[{"taxonomy":"category","embeddable":true,"href":"https:\/\/semmelweis.hu\/emk\/wp-json\/wp\/v2\/categories?post=18143"},{"taxonomy":"post_tag","embeddable":true,"href":"https:\/\/semmelweis.hu\/emk\/wp-json\/wp\/v2\/tags?post=18143"}],"curies":[{"name":"wp","href":"https:\/\/api.w.org\/{rel}","templated":true}]}}