{"id":17956,"date":"2020-11-10T16:24:49","date_gmt":"2020-11-10T15:24:49","guid":{"rendered":"https:\/\/semmelweis.hu\/emk\/?page_id=17956"},"modified":"2026-03-12T12:19:04","modified_gmt":"2026-03-12T11:19:04","slug":"szocialis-szolgaltatasmenedzsment-szakiranyu-tovabbkepzes","status":"publish","type":"page","link":"https:\/\/semmelweis.hu\/emk\/szocialis-vezetokepzo-tudaskozpont\/oktatas-2-2\/szocialis-szolgaltatasmenedzsment-szakiranyu-tovabbkepzes\/","title":{"rendered":"Szoci\u00e1lis szolg\u00e1ltat\u00e1smenedzsment szakir\u00e1ny\u00fa (SZSZM) tov\u00e1bbk\u00e9pz\u00e9s"},"content":{"rendered":"<div class=\"fontos_div w-100\">\n<p style=\"text-align: justify\"><strong>2025 szeptember\u00e9t\u0151l a szoci\u00e1lis szolg\u00e1ltat\u00e1smenedzsment (SZSZM) szakir\u00e1ny\u00fa tov\u00e1bbk\u00e9pz\u00e9si szakot a tanterv<\/strong><strong>et \u00e1tdolgozva \u00e9s tov\u00e1bbfejlesztve <a href=\"https:\/\/semmelweis.hu\/emk\/oktatas\/mesterkepzes\/integralt-szocialis-szolgaltatasi-menedzsment-iszszm\/\" target=\"_blank\" rel=\"noopener\">integr\u00e1lt szoci\u00e1lis szolg\u00e1ltat\u00e1si menedzsment mesterk\u00e9pz\u00e9sk\u00e9nt<\/a> (ISZSZM) ind\u00edtjuk. <\/strong><strong>B\u0151vebb inform\u00e1ci\u00f3kat az \u00faj mesterk\u00e9pz\u00e9s oldal\u00e1n olvashatnak.<\/strong><\/p>\n<\/div>\n<p>Kapcsolat:<\/p>\n<p><strong><a href=\"https:\/\/semmelweis.hu\/emk\/oktatas\/munkatarsak-oktatoi-csapat\/horkai-viktoria\/\" target=\"_blank\" rel=\"noopener\">Horkai Vikt\u00f3ria<\/a><br \/>\n<\/strong>1125 Budapest, K\u00fatv\u00f6lgyi \u00fat 2.<br \/>\nE-mail:\u00a0<a href=\"mailto:horkai.viktoria@emk.semmelweis.hu\" target=\"_blank\" rel=\"noopener\">horkai.viktoria@emk.semmelweis.hu<\/a><br \/>\n<span style=\"font-size: 1rem\">Telefon: +36 20 663 2033<br \/>\n<\/span>Fax: +36 1 488 7610<\/p>\n<p><strong><a href=\"#informaciok-szszm\">Inform\u00e1ci\u00f3k a Szoci\u00e1lis szolg\u00e1ltat\u00e1smenedzsment (SZSZM) szakir\u00e1ny\u00fa tov\u00e1bbk\u00e9pz\u00e9sr\u0151l<\/a><\/strong><\/p>\n<p><strong><a href=\"#oktatasmodszertan\">Oktat\u00e1sm\u00f3dszertan<\/a><\/strong><\/p>\n<p><strong><a href=\"#hallgatoinkmondtak\">SZSZM k\u00e9pz\u00e9s\u00fcnkr\u0151l mondt\u00e1k<\/a><\/strong><\/p>\n<hr \/>\n<h3><a id=\"informaciok-szszm\"><\/a>Inform\u00e1ci\u00f3k a Szoci\u00e1lis szolg\u00e1ltat\u00e1smenedzsment (SZSZM) szakir\u00e1ny\u00fa tov\u00e1bbk\u00e9pz\u00e9sr\u0151l<\/h3>\n<div class=\"fontos_div w-100\">\n<p><b>A k\u00e9pz\u00e9s ebben a form\u00e1ban m\u00e1r <span style=\"color: #ff0000\">nem<\/span> indul.<\/b><\/p>\n<\/div>\n<p><strong>Programvezet\u0151:<\/strong>\u00a0Dr. Sz\u00f3cska Mikl\u00f3s<br \/>\n<strong>K\u00e9pz\u00e9si forma:<\/strong>\u00a0r\u00e9szid\u0151s, levelez\u0151<br \/>\n<strong>K\u00e9pz\u00e9s hossza:<\/strong>\u00a03 f\u00e9l\u00e9v<br \/>\n<strong>K\u00e9pz\u00e9s d\u00edja:<\/strong> 150 000 Ft\/f\u00e9l\u00e9v<\/p>\n<p style=\"text-align: justify\">A szoci\u00e1lis ter\u00fcleten diplom\u00e1t szerz\u0151k sz\u00e1ma az ut\u00f3bbi \u00e9vtizedben tized\u00e9re esett vissza, mik\u00f6zben a professzion\u00e1lisan m\u0171k\u00f6d\u0151 szoci\u00e1lis szolg\u00e1ltat\u00e1sok ir\u00e1nti fokoz\u00f3d\u00f3 t\u00e1rsadalmi ig\u00e9ny \u00e9s az ehhez kapcsol\u00f3d\u00f3 \u00f6sszetett k\u00f6vetelm\u00e9nyrendszer korszer\u0171, magas szint\u0171 szakmai, vezet\u0151i \u00e9s menedzsment tud\u00e1st ig\u00e9nyel a terepen dolgoz\u00f3 szakemberekt\u0151l.<\/p>\n<p style=\"text-align: justify\">Erre reag\u00e1lva az \u00faj szakir\u00e1ny\u00fa tov\u00e1bbk\u00e9pz\u00e9s c\u00e9lja a szoci\u00e1lis szolg\u00e1ltat\u00e1sok ter\u00fclet\u00e9n jelentkez\u0151 ir\u00e1ny\u00edt\u00f3i, vezet\u0151i, szervez\u0151i feladatok t\u00e1mogat\u00e1sa, azok hat\u00e9kony \u00e9s innovat\u00edv ell\u00e1t\u00e1s\u00e1ra val\u00f3 felk\u00e9sz\u00edt\u00e9s, korszer\u0171 \u00e1gazati \u00e9s menedzsment ismeretek, technik\u00e1k gyakorlatorient\u00e1lt \u00e1tad\u00e1sa, vezet\u0151i szeml\u00e9let form\u00e1l\u00e1sa.<\/p>\n<p style=\"text-align: justify\">A programra olyan jelentkez\u0151ket v\u00e1runk, akik legal\u00e1bb alapszint\u0171 szakon szereztek oklevelet a b\u00f6lcs\u00e9szettudom\u00e1nyi, a t\u00e1rsadalomtudom\u00e1nyi, a jogi \u00e9s igazgat\u00e1si, a gazdas\u00e1gtudom\u00e1nyi, valamint az orvos- \u00e9s eg\u00e9szs\u00e9gtudom\u00e1nyi ter\u00fcletek valamelyik\u00e9n, de mindenekel\u0151tt elk\u00f6telezettek a szoci\u00e1lis szakma alap\u00e9rt\u00e9kei, c\u00e9lkit\u0171z\u00e9sei mellett.<\/p>\n<h5 style=\"text-align: justify\">C\u00e9lunk, hogy a hallgat\u00f3k a k\u00e9pz\u00e9s teljes\u00edt\u00e9s\u00e9vel k\u00e9pess\u00e9 v\u00e1ljanak<\/h5>\n<ul style=\"text-align: justify\">\n<li>egy szoci\u00e1lis szervezet tev\u00e9kenys\u00e9geit, szolg\u00e1ltat\u00e1sait az ig\u00e9nybevev\u0151k sz\u00fcks\u00e9gleteihez igaz\u00edtani;<\/li>\n<li>a szoci\u00e1lis \u00e1gazaton bel\u00fcli t\u00e1rsszakm\u00e1k aktoraival val\u00f3 egy\u00fcttm\u0171k\u00f6d\u00e9sek akt\u00edv kialak\u00edt\u00e1s\u00e1ra, k\u00f6z\u00f6s megold\u00e1sok fejleszt\u00e9s\u00e9re;<\/li>\n<li>a szoci\u00e1lis \u00e1gazaton bel\u00fcli szinergi\u00e1k felismer\u00e9s\u00e9re \u00e9s kiakn\u00e1z\u00e1s\u00e1ra;<\/li>\n<li>az \u00e1gazati j\u00f6v\u0151k\u00e9p keretei k\u00f6z\u00f6tt egyes szolg\u00e1ltat\u00e1sok j\u00f6v\u0151beni m\u0171k\u00f6d\u00e9si lehet\u0151s\u00e9geinek \u00e1ttekint\u00e9s\u00e9re;<\/li>\n<li>szolg\u00e1ltat\u00e1si szint\u0171 strat\u00e9gia \u00e9s j\u00f6v\u0151k\u00e9p megfogalmaz\u00e1s\u00e1ra, illetve annak tervszer\u0171 megval\u00f3s\u00edt\u00e1s\u00e1ra, ir\u00e1ny\u00edt\u00e1s\u00e1ra;<\/li>\n<li>saj\u00e1t int\u00e9zm\u00e9nyi k\u00f6rnyezet\u00fck elemz\u00e9s\u00e9re, a szervezeti m\u0171k\u00f6d\u00e9sben a kritikus pontok \u00e9s fejleszt\u00e9si c\u00e9lok, teend\u0151k meghat\u00e1roz\u00e1s\u00e1ra, valamint saj\u00e1t int\u00e9zm\u00e9ny\u00fckben a kritikus folyamatok azonos\u00edt\u00e1s\u00e1ra, elemz\u00e9s\u00e9re \u00e9s optimaliz\u00e1l\u00e1si javaslatok megfogalmaz\u00e1s\u00e1ra;<\/li>\n<li>a gazdas\u00e1gi folyamatokra vonatkoz\u00f3 elm\u00e9letek \u00e9s m\u00f3dszerek alapj\u00e1n a t\u00e9nyek r\u00e9szletes elemz\u00e9s\u00e9re, alapvet\u0151 \u00f6sszef\u00fcgg\u00e9sek felt\u00e1r\u00e1s\u00e1ra.<\/li>\n<\/ul>\n<h5 style=\"text-align: justify\">Amit k\u00edn\u00e1lunk:<\/h5>\n<ul style=\"text-align: justify\">\n<li>Hiteles, lelkes \u00e9s motiv\u00e1lt oktat\u00f3i csapat, akik nemcsak tan\u00edtj\u00e1k, de csin\u00e1lj\u00e1k is.<\/li>\n<li>Egy\u00e9ni \u00e9s csoportos szakmai t\u00e1mogat\u00e1s a k\u00e9pz\u00e9s eg\u00e9sz id\u0151tartama alatt.<\/li>\n<li>J\u00f3gyakorlatok, megold\u00e1si\u00a0alternat\u00edv\u00e1k.<\/li>\n<li>\u00dajszer\u0171 oktat\u00e1si form\u00e1k \u00e9s m\u00f3dszertanok.<\/li>\n<li>Kapcsolat \u00e9s h\u00e1l\u00f3zat\u00e9p\u00edt\u00e9si lehet\u0151s\u00e9gek.<\/li>\n<li>Fejl\u0151d\u00e9si, fejleszt\u00e9si es\u00e9lyek.<\/li>\n<li>Konkr\u00e9t, \u00e9rv\u00e9nyes \u00e9s friss szakmai \u00e9s vezet\u0151i ismeretek.<\/li>\n<\/ul>\n<p style=\"text-align: justify\">Korszer\u0171 \u00e1gazati \u00e9s menedzsment ismeretek, technik\u00e1k \u00e1tad\u00e1s\u00e1val az adott szakter\u00fclet elismert, neves szakembereinek k\u00f6zrem\u0171k\u00f6d\u00e9s\u00e9vel biztos\u00edtjuk a fejl\u0151d\u00e9s \u00e9s felk\u00e9sz\u00fcl\u00e9s lehet\u0151s\u00e9g\u00e9t.<\/p>\n<h5 style=\"text-align: justify\">Jelentkez\u00e9si felt\u00e9tel<\/h5>\n<ul style=\"text-align: justify\">\n<li>Az al\u00e1bbi k\u00e9pz\u00e9si ter\u00fcletek valamelyik\u00e9n legal\u00e1bb alapk\u00e9pz\u00e9sben (kor\u00e1bban f\u0151iskolai szint\u0171 k\u00e9pz\u00e9sben) szerzett oklev\u00e9l: b\u00f6lcs\u00e9szettudom\u00e1ny, t\u00e1rsadalomtudom\u00e1ny, jogi, gazdas\u00e1gtudom\u00e1nyok, orvos- \u00e9s eg\u00e9szs\u00e9gtudom\u00e1ny, hit\u00e9leti, \u00e1llamtudom\u00e1nyi, pedag\u00f3gusk\u00e9pz\u00e9s.<\/li>\n<\/ul>\n<h5 style=\"text-align: justify\">A felv\u00e9telin\u00e9l el\u0151nyben r\u00e9szes\u00fclnek a<\/h5>\n<ul>\n<li style=\"text-align: justify\">szoci\u00e1lis \u00e9s eg\u00e9szs\u00e9g\u00fcgyi ter\u00fcleten munkatapasztalattal rendelkez\u0151 p\u00e1ly\u00e1z\u00f3k.<\/li>\n<\/ul>\n<div class=\"fontos_div w-100\">\n<p style=\"text-align: justify\"><b><span style=\"color: #ff0000\">!<\/span> A k\u00e9pz\u00e9s ebben a form\u00e1ban m\u00e1r <span style=\"color: #ff0000\">nem<\/span> indul.<\/b><\/p>\n<\/div>\n<hr \/>\n<h3><a id=\"oktatasmodszertan\"><\/a>Oktat\u00e1sm\u00f3dszertan az SZSZM k\u00e9pz\u00e9sen<\/h3>\n<p style=\"text-align: justify\">A munka mellett v\u00e9gezhet\u0151 k\u00e9pz\u00e9s sor\u00e1n a hallgat\u00f3k egy f\u00e9l\u00e9v alatt 12-14 oktat\u00e1si napon vesznek r\u00e9szt. A k\u00f6z\u00f6s alkalmak sor\u00e1n \u00e1tadjuk a sz\u00fcks\u00e9ges elm\u00e9leti tud\u00e1st, amit a hallgat\u00f3k val\u00f3s \u00e9leten alapul\u00f3 esettanulm\u00e1nyokon \u00e9s gyakorlatorient\u00e1lt, otthoni feladatokon kereszt\u00fcl m\u00e9ly\u00edtenek el. Ezek sor\u00e1n rengeteg \u00faj k\u00e9rd\u00e9ssel szembes\u00fclnek, amelyekre az oktat\u00e1si napokon egy\u00fctt tal\u00e1ljuk meg a v\u00e1laszt. \u00c9ppen ez\u00e9rt fontosnak tartjuk a rendszeres, akt\u00edv jelenl\u00e9tet az \u00f3r\u00e1kon.<\/p>\n<p style=\"text-align: justify\">A program sor\u00e1n a hallgat\u00f3k int\u00e9zm\u00e9nyi l\u00e1togat\u00e1sokon vesznek r\u00e9szt. A megszerzett ismereteket a sz\u00fcks\u00e9ges al\u00e1\u00edr\u00e1sokkal, vizsg\u00e1kkal, szakmai gyakorlattal, a k\u00f6telez\u0151 szakdolgozat elb\u00edr\u00e1l\u00e1s\u00e1val, valamint a z\u00e1r\u00f3vizsga sor\u00e1n ellen\u0151rizz\u00fck.<\/p>\n<h5>A k\u00e9pz\u00e9s sor\u00e1n \u00e9rintett t\u00e9mak\u00f6r\u00f6k:<\/h5>\n<ul>\n<li>Szoci\u00e1lis szolg\u00e1ltat\u00e1sok rendszere \u00e9s strat\u00e9gi\u00e1k<\/li>\n<li>Szoci\u00e1lis szervezet keretei \u00e9s folyamatai<\/li>\n<li>Szoci\u00e1lis szervezet vezet\u00e9se<\/li>\n<li>Fenntarthat\u00f3 finansz\u00edroz\u00e1s<\/li>\n<li>Szoci\u00e1lis innov\u00e1ci\u00f3<\/li>\n<li>Gyakorlati projektek<\/li>\n<li>Vezet\u0151i technik\u00e1k elsaj\u00e1t\u00edt\u00e1sa<\/li>\n<\/ul>\n<h5>Bizalmi szempontok<\/h5>\n<p style=\"text-align: justify\">Az oktat\u00e1s eredm\u00e9nyess\u00e9g\u00e9nek egyik fontos krit\u00e9riuma, hogy a K\u00f6zpont munkat\u00e1rsai, a k\u00e9pz\u00e9st v\u00e9gz\u0151 oktat\u00f3 \u00e9s a r\u00e9sztvev\u0151k k\u00f6z\u00f6tt <strong>bizalmi viszony<\/strong> alakuljon ki. Az oktat\u00e1s sor\u00e1n, a k\u00e9pz\u00e9si forma jelleg\u00e9b\u0151l ad\u00f3d\u00f3an sz\u00e1mos bizalmas inform\u00e1ci\u00f3 ker\u00fcl az oktat\u00f3 \u00e9s a hallgat\u00f3k birtok\u00e1ba. Ezek bizalmas kezel\u00e9se alapvet\u0151 fontoss\u00e1g\u00fa a program siker\u00e9hez, ez\u00e9rt minden hallgat\u00f3nkt\u00f3l elv\u00e1rjuk, hogy ilyen t\u00edpus\u00fa inform\u00e1ci\u00f3kat oszt\u00e1lytermen k\u00edv\u00fclre ne vigyenek. Term\u00e9szetesen oktat\u00f3ink \u00e9s a K\u00f6zpont munkat\u00e1rsai sz\u00e1m\u00e1ra egyar\u00e1nt k\u00f6telez\u0151 a tudom\u00e1sukra jutott inform\u00e1ci\u00f3k bizalmas kezel\u00e9se.<\/p>\n<hr \/>\n<h3><a id=\"hallgatoinkmondtak\"><\/a>SZSZM k\u00e9pz\u00e9s\u00fcnkr\u0151l mondt\u00e1k<\/h3>\n<p><strong>A 2020\/2021 tan\u00e9v Szoci\u00e1lis szolg\u00e1ltat\u00e1smenedzsment szakir\u00e1ny\u00fa tov\u00e1bbk\u00e9pz\u00e9s hallgat\u00f3inak f\u00e9l\u00e9vi \u00e9rt\u00e9kel\u00e9se szerint<\/strong><\/p>\n<h5>Az oktat\u00f3k:<\/h5>\n<p>&#8211;\u00a0Az oktat\u00f3k\u00a0<strong>felk\u00e9sz\u00fclts\u00e9ge kiemelked\u0151, az \u00f3r\u00e1k interakt\u00edvak<\/strong>, a<strong>\u00a0besz\u00e9lget\u00e9sek \u0151szinte l\u00e9gk\u00f6rben folynak.<\/strong><\/p>\n<p><strong>&#8211;\u00a0<\/strong>Munk\u00e1juk\u00a0<strong>hasznos, seg\u00edt\u0151k\u00e9sz<\/strong>. \u00d3r\u00e1juk\u00a0<strong>sz\u00ednes<\/strong>. Szakmai felk\u00e9sz\u00fclts\u00e9g\u00a0<strong>naprak\u00e9sz, \u00e9s magasszint\u0171.<\/strong><\/p>\n<p>\u00a0&#8211;\u00a0V\u00e9lem\u00e9nyem szerint az oktat\u00f3k rendk\u00edv\u00fcl\u00a0<strong>felk\u00e9sz\u00fcltek<\/strong>,\u00a0<strong>sz\u00e9les k\u00f6r\u0171 tapasztalatokkal<\/strong>\u00a0rendelkeznek a szoci\u00e1lis szakm\u00e1ban, nagyon hitelesek.<\/p>\n<h5>Az oktat\u00e1si tartalom:<\/h5>\n<p>&#8211;\u00a0Nagyon\u00a0<strong>j\u00f3k a csoportmunk\u00e1k<\/strong>. Sok\u00a0<strong>\u00faj ismeretet<\/strong>\u00a0szerzek, melyeket j\u00f3l tudok\u00a0<strong>hasznos\u00edtani.<\/strong><\/p>\n<p><strong>&#8211;\u00a0<\/strong>A h\u00e1zi feladatok elk\u00e9sz\u00edt\u00e9s\u00e9hez mindig kutat\u00f3munka kapcsol\u00f3dik. M\u00e1r t\u00f6bb \u00e9vtizede tanulok, de\u00a0<strong>ilyen sz\u00ednvonalas k\u00e9pz\u00e9sben m\u00e9g nem vettem r\u00e9szt.<\/strong>\u00a0Nagyon \u00f6r\u00fcl\u00f6k, hogy jelentkeztem.<\/p>\n<p>&#8211;\u00a0Ahogyan haladunk el\u0151re id\u0151ben,\u00a0<strong>egyre jobban egym\u00e1sra \u00e9p\u00fcl \u00e9s m\u00e9ly\u00fcl a tartalom<\/strong>.<\/p>\n<p>&#8211;\u00a0<strong>A tartalom, a tananyag b\u0151s\u00e9ges, alapvet\u0151en j\u00f3l adapt\u00e1lhat\u00f3.<\/strong><\/p>\n<h5>A k\u00e9pz\u00e9sszervez\u0151 koll\u00e9g\u00e1k munk\u00e1ja:<\/h5>\n<p>&#8211;\u00a0Nagyon\u00a0<strong>seg\u00edt\u0151k\u00e9szek<\/strong>\u00a0\u00e9s probl\u00e9ma eset\u00e9n\u00a0<strong>megold\u00e1sk\u00f6zpont\u00faak<\/strong>.<\/p>\n<p>&#8211;\u00a0Felk\u00e9sz\u00fcltek.\u00a0<strong>T\u00e1mogat\u00f3k<\/strong>. Jelen vannak. V\u00e1rakoz\u00e1saimat messze fel\u00fclm\u00falj\u00e1k.<\/p>\n<p>&#8211;\u00a0A k\u00e9pz\u00e9sszervez\u0151 koll\u00e9g\u00e1k maxim\u00e1lisan\u00a0<strong>hallgat\u00f3bar\u00e1tok<\/strong>.<\/p>\n<p>&#8211;\u00a0A k\u00e9pz\u00e9sszervez\u00e9s\u00a0<strong>professzion\u00e1lis<\/strong>\u00a0szint\u0171. Sz\u00fcks\u00e9g szerint\u00a0<strong>el\u00e9rhet\u0151k \u00e9s<\/strong>\u00a0seg\u00edt\u0151k\u00e9szek a koll\u00e9g\u00e1k.\u00a0J\u00f3 gondolat, hogy\u00a0<strong>minden hallgat\u00f3nak lett egy Mentora<\/strong>, aki v\u00e9gig k\u00eds\u00e9ri\u00a0 a k\u00e9pz\u00e9s idej\u00e9n \u00e9s a neh\u00e9zs\u00e9geken \u00e1tseg\u00edti, de a sikerekben is er\u0151s\u00edti.<\/p>\n<h5>\u00dczenet a k\u00f6vetkez\u0151 \u00e9vfolyamra jelentkez\u0151knek:<\/h5>\n<p>&#8211;\u00a0Nagyon sokat lehet tanulni, \u00e9s a munka sor\u00e1n hasznos\u00edtani.<\/p>\n<p>\u00a0&#8211;\u00a0Naprak\u00e9sz tud\u00e1s hiteles oktat\u00f3kt\u00f3l,\u00a0<strong>\u00e9lm\u00e9nytanul\u00e1ssal<\/strong>.\u00a0<\/p>\n<p>&#8211;\u00a0A tettrek\u00e9szs\u00e9ged rendelkez\u00e9sre \u00e1ll\u00e1s\u00e1t tov\u00e1bb tudod fejleszteni ezen a k\u00e9pz\u00e9sen; sz\u00e9lesk\u00f6r\u0171 tud\u00e1st, tapasztal\u00e1sokat gy\u0171jthetsz a szoci\u00e1lis ter\u00fcletr\u0151l.<\/p>\n<p>&#8211; Szakmailag tartalmas, j\u00f3 hangulat\u00fa \u00f3r\u00e1kkal, \u00e9s \u00e9rdekes, elgondolkodtat\u00f3 h\u00e1zi feladatokkal zajlik a k\u00e9pz\u00e9s.<\/p>\n<p style=\"font-weight: 400\">&#8211;\u00a0<strong>Kapcsolat\u00e9p\u00edt\u00e9s<\/strong>i szempontb\u00f3l sem utols\u00f3 egy ilyen k\u00e9pz\u00e9sen val\u00f3 r\u00e9szv\u00e9tel. Mi\u00f3ta ide j\u00e1rok, eg\u00e9szen m\u00e1s szem\u00fcvegen kereszt\u00fcl l\u00e1tom a probl\u00e9m\u00e1kat.\u00a0<\/p>\n<p style=\"font-weight: 400\">&#8211;\u00a0A k\u00e9pz\u00e9s t\u00e9r\u00edt\u00e9si d\u00edja szerintem m\u00e9lt\u00e1nyos \u00e9s meg\u00e9ri, nincs t\u00fal\u00e1razva. Korrekt tartalom korrekt \u00e1ron.<\/p>\n<p style=\"text-align: center\"><a class=\"button\" href=\"https:\/\/semmelweis.hu\/emk\/files\/2021\/04\/R\u00f3lunk-mondt\u00e1k.pdf\">B\u0151vebben<\/a><\/p>\n<p style=\"text-align: justify\"><a href=\"https:\/\/semmelweis.hu\/emk\/oktatas\/mesterkepzes\/integralt-szocialis-szolgaltatasi-menedzsment-iszszm\/#hallgatoink\" target=\"_blank\" rel=\"noopener\"><b>Szoci\u00e1lis szolg\u00e1ltat\u00e1smenedzsment (SZSZM) szakir\u00e1ny\u00fa tov\u00e1bbk\u00e9pz\u00e9sen v\u00e9gzett hallgat\u00f3k mondt\u00e1k<\/b><\/a><\/p>\n","protected":false},"excerpt":{"rendered":"<p>2025 szeptember\u00e9t\u0151l a szoci\u00e1lis szolg\u00e1ltat\u00e1smenedzsment (SZSZM) szakir\u00e1ny\u00fa tov\u00e1bbk\u00e9pz\u00e9si szakot a tantervet \u00e1tdolgozva \u00e9s tov\u00e1bbfejlesztve <a href=\"https:\/\/semmelweis.hu\/emk\/oktatas\/mesterkepzes\/integralt-szocialis-szolgaltatasi-menedzsment-iszszm\/\" target=\"_blank\" rel=\"noopener\">integr\u00e1lt szoci\u00e1lis szolg\u00e1ltat\u00e1si menedzsment mesterk\u00e9pz\u00e9sk\u00e9nt<\/a> (ISZSZM) ind\u00edtjuk. B\u0151vebb inform\u00e1ci\u00f3kat az \u00faj mesterk\u00e9pz\u00e9s oldal\u00e1n olvashatnak. Kapcsolat: <a href=\"https:\/\/semmelweis.hu\/emk\/oktatas\/munkatarsak-oktatoi-csapat\/horkai-viktoria\/\" target=\"_blank\" rel=\"noopener\">Horkai Vikt\u00f3ria<\/a> 1125 Budapest, K\u00fatv\u00f6lgyi \u00fat 2. E-mail:\u00a0 <a href=\"mailto:horkai.viktoria@emk.semmelweis.hu\" target=\"_blank\" rel=\"noopener\">horkai.viktoria@emk.semmelweis.hu<\/a> Telefon: +36 20 663 2033 Fax: +36 1 488 7610 <a href=\"#informaciok-szszm\">Inform\u00e1ci\u00f3k a Szoci\u00e1lis szolg\u00e1ltat\u00e1smenedzsment (SZSZM) szakir\u00e1ny\u00fa tov\u00e1bbk\u00e9pz\u00e9sr\u0151l<\/a> <a href=\"#oktatasmodszertan\">Oktat\u00e1sm\u00f3dszertan<\/a> <a href=\"#hallgatoinkmondtak\">SZSZM k\u00e9pz\u00e9s\u00fcnkr\u0151l mondt\u00e1k<\/a> <a id=\"informaciok-szszm\"><\/a> Inform\u00e1ci\u00f3k a Szoci\u00e1lis szolg\u00e1ltat\u00e1smenedzsment (SZSZM) szakir\u00e1ny\u00fa tov\u00e1bbk\u00e9pz\u00e9sr\u0151l A k\u00e9pz\u00e9s ebben a form\u00e1ban m\u00e1r nem indul. &hellip;<\/p>\n","protected":false},"author":101742,"featured_media":0,"parent":17575,"menu_order":1,"comment_status":"closed","ping_status":"closed","template":"","meta":{"_acf_changed":false,"footnotes":""},"categories":[],"tags":[605],"class_list":["post-17956","page","type-page","status-publish","hentry","tag-szszm"],"acf":[],"_links":{"self":[{"href":"https:\/\/semmelweis.hu\/emk\/wp-json\/wp\/v2\/pages\/17956","targetHints":{"allow":["GET"]}}],"collection":[{"href":"https:\/\/semmelweis.hu\/emk\/wp-json\/wp\/v2\/pages"}],"about":[{"href":"https:\/\/semmelweis.hu\/emk\/wp-json\/wp\/v2\/types\/page"}],"author":[{"embeddable":true,"href":"https:\/\/semmelweis.hu\/emk\/wp-json\/wp\/v2\/users\/101742"}],"replies":[{"embeddable":true,"href":"https:\/\/semmelweis.hu\/emk\/wp-json\/wp\/v2\/comments?post=17956"}],"version-history":[{"count":14,"href":"https:\/\/semmelweis.hu\/emk\/wp-json\/wp\/v2\/pages\/17956\/revisions"}],"predecessor-version":[{"id":26914,"href":"https:\/\/semmelweis.hu\/emk\/wp-json\/wp\/v2\/pages\/17956\/revisions\/26914"}],"up":[{"embeddable":true,"href":"https:\/\/semmelweis.hu\/emk\/wp-json\/wp\/v2\/pages\/17575"}],"wp:attachment":[{"href":"https:\/\/semmelweis.hu\/emk\/wp-json\/wp\/v2\/media?parent=17956"}],"wp:term":[{"taxonomy":"category","embeddable":true,"href":"https:\/\/semmelweis.hu\/emk\/wp-json\/wp\/v2\/categories?post=17956"},{"taxonomy":"post_tag","embeddable":true,"href":"https:\/\/semmelweis.hu\/emk\/wp-json\/wp\/v2\/tags?post=17956"}],"curies":[{"name":"wp","href":"https:\/\/api.w.org\/{rel}","templated":true}]}}