{"id":17796,"date":"2020-09-28T13:30:05","date_gmt":"2020-09-28T11:30:05","guid":{"rendered":"https:\/\/semmelweis.hu\/emk\/?page_id=17796"},"modified":"2024-10-11T14:54:37","modified_gmt":"2024-10-11T12:54:37","slug":"e-learning-orvosoknak","status":"publish","type":"page","link":"https:\/\/semmelweis.hu\/emk\/oktatas\/e-learning\/e-learning-orvosoknak\/","title":{"rendered":"E-learning tov\u00e1bbk\u00e9pz\u00e9sek orvosoknak"},"content":{"rendered":"<p class=\"docData;DOCY;v5;4447;BAiAAgAABoQCAAADkg8AAAWgDwAAAAAAAAAAAAAAAAAAAAAAAAAAAAAAAAAAAAAAAAAAAAAAAAAAAAAAAAAAAAAAAAAAAAAAAAAAAAAAAAAAAAAAAAAAAAAAAAAAAAAAAAAAAAAAAAAAAAAAAAAAAAAAAAAAAAAAAAAAAAAAAAAAAAAAAAAAAAAAAAAAAAAAAAAAAAAAAAAAAAAAAAAAAAAAAAAAAAAAAAAAAAAAAAAAAAAAAAAAAAAAAAAAAAAAAAAAAAAAAAAAAAAAAAAAAAAAAAAAAAAAAAAAAAAAAAAAAAAAAAAAAAAAAAAAAAAAAAAAAAAAAAAAAAAAAAAAAAAAAAAAAAAAAAAAAAAAAAAAAAAAAAAAAAAAAAAAAAAAAAAAAAAAAAAAAAAAAAAAAAAAAAAAAAAAAAAAAAAAAAAAAAAAAAAAAAAAAAAAAAAAAAAAAAAAAAAAAAAAAAAAAAAAAAAAAAAAAAAAAAAAAAAAAAAAAAAAAAAAAAAAAAAAAAAAAAAAAAAAAAAAAAAAAAAAAAAAAAAAAAAAAAAAAAAAAAAAAAAAAAAAAAAAAAAAAAAAAAAAAAAAAAAAAAAAAAAAAAAAAAAAAAAAAAAAAAAAAAAAAAAAAAAAAAAAAAAAAAAAAAAAAAAAAAAAAAAAAAAAAAAAAAAAAAAAAAAAAAAAAAAAAAAAAAAAAAAAAAAAAAAAAAAAAAAAAAAAAAAAAAAAAAAAAAAAAAAAAAAAAAAAAAAAAAAAAAAAAAAAAAAAAAAAAAAAAAAAAAAAAAAAAAAAAAAAAAAAAAAAAAAAAAAAAAAAAAAAAAAAAAAAAAAAAAAAAAAAAAAAAAAAAAAAAAAAAAAKDQAAAAUNAAABaAAAAAEGAAAAAAUBAwkGAAAAABoGTQAAAAQGDgAAAEMAYQBtAGIAcgBpAGEABQYOAAAAQwBhAG0AYgByAGkAYQAHBg4AAABDAGEAbQBiAHIAaQBhAAgEGAAAAAkDAAAAFgQYAAAAGwYAAAAAApMMAAAFVwAAAAFNAAAABAYOAAAAQwBhAG0AYgByAGkAYQAFBg4AAABDAGEAbQBiAHIAaQBhAAcGDgAAAEMAYQBtAGIAcgBpAGEACAQYAAAACQMAAAAWBBgAAAAIAAAAAAVXAAAAAU0AAAAEBg4AAABDAGEAbQBiAHIAaQBhAAUGDgAAAEMAYQBtAGIAcgBpAGEABwYOAAAAQwBhAG0AYgByAGkAYQAIBBgAAAAJAwAAABYEGAAAAAgAAAAABQoAAAABAAAAAAgAAAAABVcAAAABTQAAAAQGDgAAAEMAYQBtAGIAcgBpAGEABQYOAAAAQwBhAG0AYgByAGkAYQAHBg4AAABDAGEAbQBiAHIAaQBhAAgEGAAAAAkDAAAAFgQYAAAACAAAAAAFqgAAAAFNAAAABAYOAAAAQwBhAG0AYgByAGkAYQAFBg4AAABDAGEAbQBiAHIAaQBhAAcGDgAAAEMAYQBtAGIAcgBpAGEACAQYAAAACQMAAAAWBBgAAAAIUwAAAABOAAAAQQB6ACAARQBnAOkAcwB6AHMA6QBnAPwAZwB5AGkAIABNAGUAbgBlAGQAegBzAGUAcgBrAOkAcAB6AFEBIABLAPYAegBwAG8AbgB0ACAABUYBAAABTQAAAAQGDgAAAEMAYQBtAGIAcgBpAGEABQYOAAAAQwBhAG0AYgByAGkAYQAHBg4AAABDAGEAbQBiAHIAaQBhAAgEGAAAAAkDAAAAFgQYAAAACO8AAAAA6gAAADIAMAAyADAALgAgAG0A4QByAGMAaQB1AHMAIAAxADYALQB0APMAbAAgAGUAbABpAG4AZADtAHQAagBhACAAYQB6ACAAZQBsAHMAUQEsACAAZQBnAOkAcwB6AHMA6QBnAPwAZwB5AGIAZQBuACAAZABvAGwAZwBvAHoA8wBrACAAcgDpAHMAegDpAHIAZQAgAHMAegDzAGwA8wAgAHQAbwB2AOEAYgBiAGsA6QBwAHoA6QBzAOkAdAAgAGUALQBsAGUAYQByAG4AaQBuAGcAIABmAG8AcgBtAOEAYgBhAG4AIAAiAEEAegAgAAV0AAAAAU0AAAAEBg4AAABDAGEAbQBiAHIAaQBhAAUGDgAAAEMAYQBtAGIAcgBpAGEABwYOAAAAQwBhAG0AYgByAGkAYQAIBBgAAAAJAwAAABYEGAAAAAgdAAAAABgAAAD6AGoAcgBhAOkAbABlAHMAegB0AOkAcwAFrAAAAAFNAAAABAYOAAAAQwBhAG0AYgByAGkAYQAFBg4AAABDAGEAbQBiAHIAaQBhAAcGDgAAAEMAYQBtAGIAcgBpAGEACAQYAAAACQMAAAAWBBgAAAAIVQAAAABQAAAAIABmAG8AbAB5AGEAbQBhAHQA4QBuAGEAawAgAGkAbgB0AOkAegBlAHQAaQAgAGsAaQBhAGwAYQBrAO0AdADhAHMAYQAiACAAdADpAG0A4QAFZAAAAAFNAAAABAYOAAAAQwBhAG0AYgByAGkAYQAFBg4AAABDAGEAbQBiAHIAaQBhAAcGDgAAAEMAYQBtAGIAcgBpAGEACAQYAAAACQMAAAAWBBgAAAAIDQAAAAAIAAAAYgBhAG4ALgAF0gAAAAFNAAAABAYOAAAAQwBhAG0AYgByAGkAYQAFBg4AAABDAGEAbQBiAHIAaQBhAAcGDgAAAEMAYQBtAGIAcgBpAGEACAQYAAAACQMAAAAWBBgAAAAIewAAAAB2AAAAIABBACAAagDzAGcAeQBhAGsAbwByAGwAYQB0AG8AawAgAGIAZQB2AGUAegBlAHQA6QBzAOkAdAAgAHQA4QBtAG8AZwBhAHQA8wAgAGEAawBrAHIAZQBkAGkAdADhAGwAdAAgAGsA6QBwAHoA6QBzAGUAawAgAAVgAAAAAU0AAAAEBg4AAABDAGEAbQBiAHIAaQBhAAUGDgAAAEMAYQBtAGIAcgBpAGEABwYOAAAAQwBhAG0AYgByAGkAYQAIBBgAAAAJAwAAABYEGAAAAAgJAAAAAAQAAABhAHoABf4AAAABTQAAAAQGDgAAAEMAYQBtAGIAcgBpAGEABQYOAAAAQwBhAG0AYgByAGkAYQAHBg4AAABDAGEAbQBiAHIAaQBhAAgEGAAAAAkDAAAAFgQYAAAACKcAAAAAogAAACAARQBGAE8AUAAtADEALgA4AC4AMAAtAFYARQBLAE8AUAAtADEANwAtADIAMAAxADcALQAwADAAMAAwADEAIAAeIEUAZwDpAHMAegBzAOkAZwD8AGcAeQBpACAAZQBsAGwA4QB0APMAcgBlAG4AZABzAHoAZQByACAAcwB6AGEAawBtAGEAaQAgAG0A8wBkAHMAegBlAHIAdABhAG4AaQAgAAV8AAAAAU0AAAAEBg4AAABDAGEAbQBiAHIAaQBhAAUGDgAAAEMAYQBtAGIAcgBpAGEABwYOAAAAQwBhAG0AYgByAGkAYQAIBBgAAAAJAwAAABYEGAAAAAglAAAAACAAAABmAGUAagBsAGUAcwB6AHQA6QBzAGUAHSBjAO0AbQBxAQXQAAAAAU0AAAAEBg4AAABDAGEAbQBiAHIAaQBhAAUGDgAAAEMAYQBtAGIAcgBpAGEABwYOAAAAQwBhAG0AYgByAGkAYQAIBBgAAAAJAwAAABYEGAAAAAh5AAAAAHQAAAAgAGsAaQBlAG0AZQBsAHQAIABwAHIAbwBqAGUAawB0ACAAawBlAHIAZQB0AOkAYgBlAG4AIAB2AGEAbADzAHMAdQBsAG4AYQBrACAAbQBlAGcALgAgACAAQQB6ACAAZQAtAGwAZQBhAHIAbgBpAG4AZwAgAAVqAAAAAU0AAAAEBg4AAABDAGEAbQBiAHIAaQBhAAUGDgAAAEMAYQBtAGIAcgBpAGEABwYOAAAAQwBhAG0AYgByAGkAYQAIBBgAAAAJAwAAABYEGAAAAAgTAAAAAA4AAABuAGEAZwB5AG8AbgAgAAVuAAAAAU0AAAAEBg4AAABDAGEAbQBiAHIAaQBhAAUGDgAAAEMAYQBtAGIAcgBpAGEABwYOAAAAQwBhAG0AYgByAGkAYQAIBBgAAAAJAwAAABYEGAAAAAgXAAAAABIAAABwAHIAYQBrAHQAaQBrAHUAcwAF7gAAAAFNAAAABAYOAAAAQwBhAG0AYgByAGkAYQAFBg4AAABDAGEAbQBiAHIAaQBhAAcGDgAAAEMAYQBtAGIAcgBpAGEACAQYAAAACQMAAAAWBBgAAAAIlwAAAACSAAAAIADpAHMAIABoAGEAdADpAGsAbwBuAHkAIABrAOkAcAB6AOkAcwBpACAAbQDzAGQAcwB6AGUAcgAsACAAbQBlAGwAeQAgAGwAZQBoAGUAdABRAXMA6QBnAGUAdAAgAGIAaQB6AHQAbwBzAO0AdAAgAGEAegAgAPYAbgDhAGwAbADzACwAIABzAGEAagDhAHQAIAAFbAAAAAFNAAAABAYOAAAAQwBhAG0AYgByAGkAYQAFBg4AAABDAGEAbQBiAHIAaQBhAAcGDgAAAEMAYQBtAGIAcgBpAGEACAQYAAAACQMAAAAWBBgAAAAIFQAAAAAQAAAAdABlAG0AcADzAGIAYQBuAAU8AQAAAU0AAAAEBg4AAABDAGEAbQBiAHIAaQBhAAUGDgAAAEMAYQBtAGIAcgBpAGEABwYOAAAAQwBhAG0AYgByAGkAYQAIBBgAAAAJAwAAABYEGAAAAAjlAAAAAOAAAAAgAOkAcwAgAGkAZABRAWIAZQBvAHMAegB0AOEAcwBoAG8AegAgAGEAbABrAGEAbABtAGEAegBrAG8AZADzACAAdABhAG4AdQBsAOEAcwBoAG8AegAsACAAbQBpAGsA9gB6AGIAZQBuACAAIABrAG8AcgBzAHoAZQByAHEBIADpAHMAIABuAGEAcAByAGEAawDpAHMAegAgAGkAcwBtAGUAcgBlAHQAZQBrAGUAdAAgAGEAZAAgAOEAdAAgAGEAegAgAGEAZABvAHQAdAAgAHQA6QBtAOEAcgDzAGwALgAgAAVXAAAAAU0AAAAEBg4AAABDAGEAbQBiAHIAaQBhAAUGDgAAAEMAYQBtAGIAcgBpAGEABwYOAAAAQwBhAG0AYgByAGkAYQAIBBgAAAAJAwAAABYEGAAAAAgAAAAABQoAAAABAAAAAAgAAAAABVcAAAABTQAAAAQGDgAAAEMAYQBtAGIAcgBpAGEABQYOAAAAQwBhAG0AYgByAGkAYQAHBg4AAABDAGEAbQBiAHIAaQBhAAgEGAAAAAkDAAAAFgQYAAAACAAAAAAKAAAAAAAAAAARAAAAALsBAAAA4gAAAAABAAEGEgAAAAIFAAAAAAMFAAAAAAQFAAAAAAUBAQYBAAcBAAgBAAkGGwAAAAoFi6UBAAsBARwBAAwFAAAAAB0BAA0Fbk4EAA4GDgAAAAABAQED\/\/\/\/AgYAAAAAGQEBGwZ9AAAAABQAAAAAAwAAAAEFAAAAAAIF5kQAAAMBAAEUAAAAAAMAAAABBQAAAAACBeZEAAADAQACFAAAAAADAAAAAQUAAAAAAgXmRAAAAwEAAxQAAAAAAwAAAAEFAAAAAAIF5kQAAAMBAAsUAAAAAAMAAAABBQAAAAACBeZEAAADAQABygAAAAABAAEBAAIBAAMBAAQGDgAAAEMAYQBsAGkAYgByAGkABQYOAAAAQwBhAGwAaQBiAHIAaQAHBg4AAABDAGEAbABpAGIAcgBpAAYGDgAAAEMAYQBsAGkAYgByAGkACAQWAAAACgEADAEADgUAAAAADwEAEAEAEQEAEgUAAAAAFAEAFQEAFgQWAAAAFwEAGAEAGQYKAAAAaAB1AC0ASABVABoGCgAAAGEAcgAtAFMAQQAbBgoAAABlAG4ALQBVAFMAHAYCAAAAAAAeAQACAAAAAA==\" style=\"text-align: justify\">Az Eg\u00e9szs\u00e9g\u00fcgyi Menedzserk\u00e9pz\u0151 K\u00f6zpont\u00a02020. m\u00e1rcius 16-t\u00f3l <strong>e-learning t\u00edpus\u00fa tov\u00e1bbk\u00e9pz\u00e9sek<\/strong>et ind\u00edtott az\u00a0<strong>eg\u00e9szs\u00e9g\u00fcgyben dolgoz\u00f3k<\/strong> r\u00e9sz\u00e9re. A j\u00f3gyakorlatok bevezet\u00e9s\u00e9t t\u00e1mogat\u00f3 akkredit\u00e1lt k\u00e9pz\u00e9sek az EFOP-1.8.0-VEKOP-17-2017-00001 \u201eEg\u00e9szs\u00e9g\u00fcgyi ell\u00e1t\u00f3rendszer szakmai m\u00f3dszertani fejleszt\u00e9se\u201d c\u00edm\u0171 kiemelt projekt keret\u00e9ben val\u00f3sulnak meg.\u00a0<\/p>\n<p class=\"docData;DOCY;v5;4447;BAiAAgAABoQCAAADkg8AAAWgDwAAAAAAAAAAAAAAAAAAAAAAAAAAAAAAAAAAAAAAAAAAAAAAAAAAAAAAAAAAAAAAAAAAAAAAAAAAAAAAAAAAAAAAAAAAAAAAAAAAAAAAAAAAAAAAAAAAAAAAAAAAAAAAAAAAAAAAAAAAAAAAAAAAAAAAAAAAAAAAAAAAAAAAAAAAAAAAAAAAAAAAAAAAAAAAAAAAAAAAAAAAAAAAAAAAAAAAAAAAAAAAAAAAAAAAAAAAAAAAAAAAAAAAAAAAAAAAAAAAAAAAAAAAAAAAAAAAAAAAAAAAAAAAAAAAAAAAAAAAAAAAAAAAAAAAAAAAAAAAAAAAAAAAAAAAAAAAAAAAAAAAAAAAAAAAAAAAAAAAAAAAAAAAAAAAAAAAAAAAAAAAAAAAAAAAAAAAAAAAAAAAAAAAAAAAAAAAAAAAAAAAAAAAAAAAAAAAAAAAAAAAAAAAAAAAAAAAAAAAAAAAAAAAAAAAAAAAAAAAAAAAAAAAAAAAAAAAAAAAAAAAAAAAAAAAAAAAAAAAAAAAAAAAAAAAAAAAAAAAAAAAAAAAAAAAAAAAAAAAAAAAAAAAAAAAAAAAAAAAAAAAAAAAAAAAAAAAAAAAAAAAAAAAAAAAAAAAAAAAAAAAAAAAAAAAAAAAAAAAAAAAAAAAAAAAAAAAAAAAAAAAAAAAAAAAAAAAAAAAAAAAAAAAAAAAAAAAAAAAAAAAAAAAAAAAAAAAAAAAAAAAAAAAAAAAAAAAAAAAAAAAAAAAAAAAAAAAAAAAAAAAAAAAAAAAAAAAAAAAAAAAAAAAAAAAAAAAAAAAAAAAAAAAAAAAAAAAAAAAAAAAAAAAAAAAAAAKDQAAAAUNAAABaAAAAAEGAAAAAAUBAwkGAAAAABoGTQAAAAQGDgAAAEMAYQBtAGIAcgBpAGEABQYOAAAAQwBhAG0AYgByAGkAYQAHBg4AAABDAGEAbQBiAHIAaQBhAAgEGAAAAAkDAAAAFgQYAAAAGwYAAAAAApMMAAAFVwAAAAFNAAAABAYOAAAAQwBhAG0AYgByAGkAYQAFBg4AAABDAGEAbQBiAHIAaQBhAAcGDgAAAEMAYQBtAGIAcgBpAGEACAQYAAAACQMAAAAWBBgAAAAIAAAAAAVXAAAAAU0AAAAEBg4AAABDAGEAbQBiAHIAaQBhAAUGDgAAAEMAYQBtAGIAcgBpAGEABwYOAAAAQwBhAG0AYgByAGkAYQAIBBgAAAAJAwAAABYEGAAAAAgAAAAABQoAAAABAAAAAAgAAAAABVcAAAABTQAAAAQGDgAAAEMAYQBtAGIAcgBpAGEABQYOAAAAQwBhAG0AYgByAGkAYQAHBg4AAABDAGEAbQBiAHIAaQBhAAgEGAAAAAkDAAAAFgQYAAAACAAAAAAFqgAAAAFNAAAABAYOAAAAQwBhAG0AYgByAGkAYQAFBg4AAABDAGEAbQBiAHIAaQBhAAcGDgAAAEMAYQBtAGIAcgBpAGEACAQYAAAACQMAAAAWBBgAAAAIUwAAAABOAAAAQQB6ACAARQBnAOkAcwB6AHMA6QBnAPwAZwB5AGkAIABNAGUAbgBlAGQAegBzAGUAcgBrAOkAcAB6AFEBIABLAPYAegBwAG8AbgB0ACAABUYBAAABTQAAAAQGDgAAAEMAYQBtAGIAcgBpAGEABQYOAAAAQwBhAG0AYgByAGkAYQAHBg4AAABDAGEAbQBiAHIAaQBhAAgEGAAAAAkDAAAAFgQYAAAACO8AAAAA6gAAADIAMAAyADAALgAgAG0A4QByAGMAaQB1AHMAIAAxADYALQB0APMAbAAgAGUAbABpAG4AZADtAHQAagBhACAAYQB6ACAAZQBsAHMAUQEsACAAZQBnAOkAcwB6AHMA6QBnAPwAZwB5AGIAZQBuACAAZABvAGwAZwBvAHoA8wBrACAAcgDpAHMAegDpAHIAZQAgAHMAegDzAGwA8wAgAHQAbwB2AOEAYgBiAGsA6QBwAHoA6QBzAOkAdAAgAGUALQBsAGUAYQByAG4AaQBuAGcAIABmAG8AcgBtAOEAYgBhAG4AIAAiAEEAegAgAAV0AAAAAU0AAAAEBg4AAABDAGEAbQBiAHIAaQBhAAUGDgAAAEMAYQBtAGIAcgBpAGEABwYOAAAAQwBhAG0AYgByAGkAYQAIBBgAAAAJAwAAABYEGAAAAAgdAAAAABgAAAD6AGoAcgBhAOkAbABlAHMAegB0AOkAcwAFrAAAAAFNAAAABAYOAAAAQwBhAG0AYgByAGkAYQAFBg4AAABDAGEAbQBiAHIAaQBhAAcGDgAAAEMAYQBtAGIAcgBpAGEACAQYAAAACQMAAAAWBBgAAAAIVQAAAABQAAAAIABmAG8AbAB5AGEAbQBhAHQA4QBuAGEAawAgAGkAbgB0AOkAegBlAHQAaQAgAGsAaQBhAGwAYQBrAO0AdADhAHMAYQAiACAAdADpAG0A4QAFZAAAAAFNAAAABAYOAAAAQwBhAG0AYgByAGkAYQAFBg4AAABDAGEAbQBiAHIAaQBhAAcGDgAAAEMAYQBtAGIAcgBpAGEACAQYAAAACQMAAAAWBBgAAAAIDQAAAAAIAAAAYgBhAG4ALgAF0gAAAAFNAAAABAYOAAAAQwBhAG0AYgByAGkAYQAFBg4AAABDAGEAbQBiAHIAaQBhAAcGDgAAAEMAYQBtAGIAcgBpAGEACAQYAAAACQMAAAAWBBgAAAAIewAAAAB2AAAAIABBACAAagDzAGcAeQBhAGsAbwByAGwAYQB0AG8AawAgAGIAZQB2AGUAegBlAHQA6QBzAOkAdAAgAHQA4QBtAG8AZwBhAHQA8wAgAGEAawBrAHIAZQBkAGkAdADhAGwAdAAgAGsA6QBwAHoA6QBzAGUAawAgAAVgAAAAAU0AAAAEBg4AAABDAGEAbQBiAHIAaQBhAAUGDgAAAEMAYQBtAGIAcgBpAGEABwYOAAAAQwBhAG0AYgByAGkAYQAIBBgAAAAJAwAAABYEGAAAAAgJAAAAAAQAAABhAHoABf4AAAABTQAAAAQGDgAAAEMAYQBtAGIAcgBpAGEABQYOAAAAQwBhAG0AYgByAGkAYQAHBg4AAABDAGEAbQBiAHIAaQBhAAgEGAAAAAkDAAAAFgQYAAAACKcAAAAAogAAACAARQBGAE8AUAAtADEALgA4AC4AMAAtAFYARQBLAE8AUAAtADEANwAtADIAMAAxADcALQAwADAAMAAwADEAIAAeIEUAZwDpAHMAegBzAOkAZwD8AGcAeQBpACAAZQBsAGwA4QB0APMAcgBlAG4AZABzAHoAZQByACAAcwB6AGEAawBtAGEAaQAgAG0A8wBkAHMAegBlAHIAdABhAG4AaQAgAAV8AAAAAU0AAAAEBg4AAABDAGEAbQBiAHIAaQBhAAUGDgAAAEMAYQBtAGIAcgBpAGEABwYOAAAAQwBhAG0AYgByAGkAYQAIBBgAAAAJAwAAABYEGAAAAAglAAAAACAAAABmAGUAagBsAGUAcwB6AHQA6QBzAGUAHSBjAO0AbQBxAQXQAAAAAU0AAAAEBg4AAABDAGEAbQBiAHIAaQBhAAUGDgAAAEMAYQBtAGIAcgBpAGEABwYOAAAAQwBhAG0AYgByAGkAYQAIBBgAAAAJAwAAABYEGAAAAAh5AAAAAHQAAAAgAGsAaQBlAG0AZQBsAHQAIABwAHIAbwBqAGUAawB0ACAAawBlAHIAZQB0AOkAYgBlAG4AIAB2AGEAbADzAHMAdQBsAG4AYQBrACAAbQBlAGcALgAgACAAQQB6ACAAZQAtAGwAZQBhAHIAbgBpAG4AZwAgAAVqAAAAAU0AAAAEBg4AAABDAGEAbQBiAHIAaQBhAAUGDgAAAEMAYQBtAGIAcgBpAGEABwYOAAAAQwBhAG0AYgByAGkAYQAIBBgAAAAJAwAAABYEGAAAAAgTAAAAAA4AAABuAGEAZwB5AG8AbgAgAAVuAAAAAU0AAAAEBg4AAABDAGEAbQBiAHIAaQBhAAUGDgAAAEMAYQBtAGIAcgBpAGEABwYOAAAAQwBhAG0AYgByAGkAYQAIBBgAAAAJAwAAABYEGAAAAAgXAAAAABIAAABwAHIAYQBrAHQAaQBrAHUAcwAF7gAAAAFNAAAABAYOAAAAQwBhAG0AYgByAGkAYQAFBg4AAABDAGEAbQBiAHIAaQBhAAcGDgAAAEMAYQBtAGIAcgBpAGEACAQYAAAACQMAAAAWBBgAAAAIlwAAAACSAAAAIADpAHMAIABoAGEAdADpAGsAbwBuAHkAIABrAOkAcAB6AOkAcwBpACAAbQDzAGQAcwB6AGUAcgAsACAAbQBlAGwAeQAgAGwAZQBoAGUAdABRAXMA6QBnAGUAdAAgAGIAaQB6AHQAbwBzAO0AdAAgAGEAegAgAPYAbgDhAGwAbADzACwAIABzAGEAagDhAHQAIAAFbAAAAAFNAAAABAYOAAAAQwBhAG0AYgByAGkAYQAFBg4AAABDAGEAbQBiAHIAaQBhAAcGDgAAAEMAYQBtAGIAcgBpAGEACAQYAAAACQMAAAAWBBgAAAAIFQAAAAAQAAAAdABlAG0AcADzAGIAYQBuAAU8AQAAAU0AAAAEBg4AAABDAGEAbQBiAHIAaQBhAAUGDgAAAEMAYQBtAGIAcgBpAGEABwYOAAAAQwBhAG0AYgByAGkAYQAIBBgAAAAJAwAAABYEGAAAAAjlAAAAAOAAAAAgAOkAcwAgAGkAZABRAWIAZQBvAHMAegB0AOEAcwBoAG8AegAgAGEAbABrAGEAbABtAGEAegBrAG8AZADzACAAdABhAG4AdQBsAOEAcwBoAG8AegAsACAAbQBpAGsA9gB6AGIAZQBuACAAIABrAG8AcgBzAHoAZQByAHEBIADpAHMAIABuAGEAcAByAGEAawDpAHMAegAgAGkAcwBtAGUAcgBlAHQAZQBrAGUAdAAgAGEAZAAgAOEAdAAgAGEAegAgAGEAZABvAHQAdAAgAHQA6QBtAOEAcgDzAGwALgAgAAVXAAAAAU0AAAAEBg4AAABDAGEAbQBiAHIAaQBhAAUGDgAAAEMAYQBtAGIAcgBpAGEABwYOAAAAQwBhAG0AYgByAGkAYQAIBBgAAAAJAwAAABYEGAAAAAgAAAAABQoAAAABAAAAAAgAAAAABVcAAAABTQAAAAQGDgAAAEMAYQBtAGIAcgBpAGEABQYOAAAAQwBhAG0AYgByAGkAYQAHBg4AAABDAGEAbQBiAHIAaQBhAAgEGAAAAAkDAAAAFgQYAAAACAAAAAAKAAAAAAAAAAARAAAAALsBAAAA4gAAAAABAAEGEgAAAAIFAAAAAAMFAAAAAAQFAAAAAAUBAQYBAAcBAAgBAAkGGwAAAAoFi6UBAAsBARwBAAwFAAAAAB0BAA0Fbk4EAA4GDgAAAAABAQED\/\/\/\/AgYAAAAAGQEBGwZ9AAAAABQAAAAAAwAAAAEFAAAAAAIF5kQAAAMBAAEUAAAAAAMAAAABBQAAAAACBeZEAAADAQACFAAAAAADAAAAAQUAAAAAAgXmRAAAAwEAAxQAAAAAAwAAAAEFAAAAAAIF5kQAAAMBAAsUAAAAAAMAAAABBQAAAAACBeZEAAADAQABygAAAAABAAEBAAIBAAMBAAQGDgAAAEMAYQBsAGkAYgByAGkABQYOAAAAQwBhAGwAaQBiAHIAaQAHBg4AAABDAGEAbABpAGIAcgBpAAYGDgAAAEMAYQBsAGkAYgByAGkACAQWAAAACgEADAEADgUAAAAADwEAEAEAEQEAEgUAAAAAFAEAFQEAFgQWAAAAFwEAGAEAGQYKAAAAaAB1AC0ASABVABoGCgAAAGEAcgAtAFMAQQAbBgoAAABlAG4ALQBVAFMAHAYCAAAAAAAeAQACAAAAAA==\" style=\"text-align: justify\">Az e-learning nagyon praktikus \u00e9s hat\u00e9kony k\u00e9pz\u00e9si m\u00f3dszer, amely lehet\u0151s\u00e9get biztos\u00edt az \u00f6n\u00e1ll\u00f3, saj\u00e1t temp\u00f3ban \u00e9s id\u0151beoszt\u00e1shoz alkalmazkod\u00f3 tanul\u00e1shoz, mik\u00f6zben\u00a0 korszer\u0171 \u00e9s naprak\u00e9sz ismereteket ad \u00e1t az adott t\u00e9m\u00e1r\u00f3l.<\/p>\n<div class=\"fontos_div\">\n<p><span style=\"color: #ff0000\">Jelenleg nem ind\u00edtunk e-learning tov\u00e1bbk\u00e9pz\u00e9st orvosok r\u00e9sz\u00e9re.<\/span><\/p>\n<\/div>\n<p><strong><a href=\"https:\/\/www.youtube.com\/watch?v=Uggrrkz5L6I\">\u00datmutat\u00f3 vide\u00f3 az e-learning regisztr\u00e1ci\u00f3hoz<\/a><\/strong><\/p>\n<hr \/>\n<p><strong>Kor\u00e1bbi e-learning tov\u00e1bbk\u00e9pz\u00e9seink orvosok r\u00e9sz\u00e9re:<\/strong><\/p>\n<ul>\n<li><em>Az \u00fajra\u00e9leszt\u00e9s int\u00e9zeti folyamat\u00e1nak j\u00f3gyakorlata<\/em><\/li>\n<li><em>A nyom\u00e1si fek\u00e9ly megel\u0151z\u00e9s\u00e9nek \u00e9s ell\u00e1t\u00e1s\u00e1nak j\u00f3gyakorlata<\/em><\/li>\n<\/ul>\n","protected":false},"excerpt":{"rendered":"<p>Az Eg\u00e9szs\u00e9g\u00fcgyi Menedzserk\u00e9pz\u0151 K\u00f6zpont\u00a02020. m\u00e1rcius 16-t\u00f3l e-learning t\u00edpus\u00fa tov\u00e1bbk\u00e9pz\u00e9seket ind\u00edtott az\u00a0eg\u00e9szs\u00e9g\u00fcgyben dolgoz\u00f3k r\u00e9sz\u00e9re. A j\u00f3gyakorlatok bevezet\u00e9s\u00e9t t\u00e1mogat\u00f3 akkredit\u00e1lt k\u00e9pz\u00e9sek az EFOP-1.8.0-VEKOP-17-2017-00001 \u201eEg\u00e9szs\u00e9g\u00fcgyi ell\u00e1t\u00f3rendszer szakmai m\u00f3dszertani fejleszt\u00e9se\u201d c\u00edm\u0171 kiemelt projekt keret\u00e9ben val\u00f3sulnak meg.\u00a0 Az e-learning nagyon praktikus \u00e9s hat\u00e9kony k\u00e9pz\u00e9si m\u00f3dszer, amely lehet\u0151s\u00e9get biztos\u00edt az \u00f6n\u00e1ll\u00f3, saj\u00e1t temp\u00f3ban \u00e9s id\u0151beoszt\u00e1shoz alkalmazkod\u00f3 tanul\u00e1shoz, mik\u00f6zben\u00a0 korszer\u0171 \u00e9s naprak\u00e9sz &hellip;<\/p>\n","protected":false},"author":101539,"featured_media":0,"parent":15988,"menu_order":1,"comment_status":"closed","ping_status":"closed","template":"","meta":{"_acf_changed":false,"footnotes":""},"categories":[],"tags":[],"class_list":["post-17796","page","type-page","status-publish","hentry"],"acf":[],"_links":{"self":[{"href":"https:\/\/semmelweis.hu\/emk\/wp-json\/wp\/v2\/pages\/17796","targetHints":{"allow":["GET"]}}],"collection":[{"href":"https:\/\/semmelweis.hu\/emk\/wp-json\/wp\/v2\/pages"}],"about":[{"href":"https:\/\/semmelweis.hu\/emk\/wp-json\/wp\/v2\/types\/page"}],"author":[{"embeddable":true,"href":"https:\/\/semmelweis.hu\/emk\/wp-json\/wp\/v2\/users\/101539"}],"replies":[{"embeddable":true,"href":"https:\/\/semmelweis.hu\/emk\/wp-json\/wp\/v2\/comments?post=17796"}],"version-history":[{"count":11,"href":"https:\/\/semmelweis.hu\/emk\/wp-json\/wp\/v2\/pages\/17796\/revisions"}],"predecessor-version":[{"id":23249,"href":"https:\/\/semmelweis.hu\/emk\/wp-json\/wp\/v2\/pages\/17796\/revisions\/23249"}],"up":[{"embeddable":true,"href":"https:\/\/semmelweis.hu\/emk\/wp-json\/wp\/v2\/pages\/15988"}],"wp:attachment":[{"href":"https:\/\/semmelweis.hu\/emk\/wp-json\/wp\/v2\/media?parent=17796"}],"wp:term":[{"taxonomy":"category","embeddable":true,"href":"https:\/\/semmelweis.hu\/emk\/wp-json\/wp\/v2\/categories?post=17796"},{"taxonomy":"post_tag","embeddable":true,"href":"https:\/\/semmelweis.hu\/emk\/wp-json\/wp\/v2\/tags?post=17796"}],"curies":[{"name":"wp","href":"https:\/\/api.w.org\/{rel}","templated":true}]}}