{"id":17794,"date":"2020-09-28T13:28:21","date_gmt":"2020-09-28T11:28:21","guid":{"rendered":"https:\/\/semmelweis.hu\/emk\/?page_id=17794"},"modified":"2024-10-11T14:54:11","modified_gmt":"2024-10-11T12:54:11","slug":"e-learning-egeszsegugyi-szakdolgozoknak","status":"publish","type":"page","link":"https:\/\/semmelweis.hu\/emk\/oktatas\/e-learning\/e-learning-egeszsegugyi-szakdolgozoknak\/","title":{"rendered":"E-learning tov\u00e1bbk\u00e9pz\u00e9sek eg\u00e9szs\u00e9g\u00fcgyi szakdolgoz\u00f3knak"},"content":{"rendered":"<p class=\"docData;DOCY;v5;4447;BAiAAgAABoQCAAADkg8AAAWgDwAAAAAAAAAAAAAAAAAAAAAAAAAAAAAAAAAAAAAAAAAAAAAAAAAAAAAAAAAAAAAAAAAAAAAAAAAAAAAAAAAAAAAAAAAAAAAAAAAAAAAAAAAAAAAAAAAAAAAAAAAAAAAAAAAAAAAAAAAAAAAAAAAAAAAAAAAAAAAAAAAAAAAAAAAAAAAAAAAAAAAAAAAAAAAAAAAAAAAAAAAAAAAAAAAAAAAAAAAAAAAAAAAAAAAAAAAAAAAAAAAAAAAAAAAAAAAAAAAAAAAAAAAAAAAAAAAAAAAAAAAAAAAAAAAAAAAAAAAAAAAAAAAAAAAAAAAAAAAAAAAAAAAAAAAAAAAAAAAAAAAAAAAAAAAAAAAAAAAAAAAAAAAAAAAAAAAAAAAAAAAAAAAAAAAAAAAAAAAAAAAAAAAAAAAAAAAAAAAAAAAAAAAAAAAAAAAAAAAAAAAAAAAAAAAAAAAAAAAAAAAAAAAAAAAAAAAAAAAAAAAAAAAAAAAAAAAAAAAAAAAAAAAAAAAAAAAAAAAAAAAAAAAAAAAAAAAAAAAAAAAAAAAAAAAAAAAAAAAAAAAAAAAAAAAAAAAAAAAAAAAAAAAAAAAAAAAAAAAAAAAAAAAAAAAAAAAAAAAAAAAAAAAAAAAAAAAAAAAAAAAAAAAAAAAAAAAAAAAAAAAAAAAAAAAAAAAAAAAAAAAAAAAAAAAAAAAAAAAAAAAAAAAAAAAAAAAAAAAAAAAAAAAAAAAAAAAAAAAAAAAAAAAAAAAAAAAAAAAAAAAAAAAAAAAAAAAAAAAAAAAAAAAAAAAAAAAAAAAAAAAAAAAAAAAAAAAAAAAAAAAAAAAAAAAAAAAKDQAAAAUNAAABaAAAAAEGAAAAAAUBAwkGAAAAABoGTQAAAAQGDgAAAEMAYQBtAGIAcgBpAGEABQYOAAAAQwBhAG0AYgByAGkAYQAHBg4AAABDAGEAbQBiAHIAaQBhAAgEGAAAAAkDAAAAFgQYAAAAGwYAAAAAApMMAAAFVwAAAAFNAAAABAYOAAAAQwBhAG0AYgByAGkAYQAFBg4AAABDAGEAbQBiAHIAaQBhAAcGDgAAAEMAYQBtAGIAcgBpAGEACAQYAAAACQMAAAAWBBgAAAAIAAAAAAVXAAAAAU0AAAAEBg4AAABDAGEAbQBiAHIAaQBhAAUGDgAAAEMAYQBtAGIAcgBpAGEABwYOAAAAQwBhAG0AYgByAGkAYQAIBBgAAAAJAwAAABYEGAAAAAgAAAAABQoAAAABAAAAAAgAAAAABVcAAAABTQAAAAQGDgAAAEMAYQBtAGIAcgBpAGEABQYOAAAAQwBhAG0AYgByAGkAYQAHBg4AAABDAGEAbQBiAHIAaQBhAAgEGAAAAAkDAAAAFgQYAAAACAAAAAAFqgAAAAFNAAAABAYOAAAAQwBhAG0AYgByAGkAYQAFBg4AAABDAGEAbQBiAHIAaQBhAAcGDgAAAEMAYQBtAGIAcgBpAGEACAQYAAAACQMAAAAWBBgAAAAIUwAAAABOAAAAQQB6ACAARQBnAOkAcwB6AHMA6QBnAPwAZwB5AGkAIABNAGUAbgBlAGQAegBzAGUAcgBrAOkAcAB6AFEBIABLAPYAegBwAG8AbgB0ACAABUYBAAABTQAAAAQGDgAAAEMAYQBtAGIAcgBpAGEABQYOAAAAQwBhAG0AYgByAGkAYQAHBg4AAABDAGEAbQBiAHIAaQBhAAgEGAAAAAkDAAAAFgQYAAAACO8AAAAA6gAAADIAMAAyADAALgAgAG0A4QByAGMAaQB1AHMAIAAxADYALQB0APMAbAAgAGUAbABpAG4AZADtAHQAagBhACAAYQB6ACAAZQBsAHMAUQEsACAAZQBnAOkAcwB6AHMA6QBnAPwAZwB5AGIAZQBuACAAZABvAGwAZwBvAHoA8wBrACAAcgDpAHMAegDpAHIAZQAgAHMAegDzAGwA8wAgAHQAbwB2AOEAYgBiAGsA6QBwAHoA6QBzAOkAdAAgAGUALQBsAGUAYQByAG4AaQBuAGcAIABmAG8AcgBtAOEAYgBhAG4AIAAiAEEAegAgAAV0AAAAAU0AAAAEBg4AAABDAGEAbQBiAHIAaQBhAAUGDgAAAEMAYQBtAGIAcgBpAGEABwYOAAAAQwBhAG0AYgByAGkAYQAIBBgAAAAJAwAAABYEGAAAAAgdAAAAABgAAAD6AGoAcgBhAOkAbABlAHMAegB0AOkAcwAFrAAAAAFNAAAABAYOAAAAQwBhAG0AYgByAGkAYQAFBg4AAABDAGEAbQBiAHIAaQBhAAcGDgAAAEMAYQBtAGIAcgBpAGEACAQYAAAACQMAAAAWBBgAAAAIVQAAAABQAAAAIABmAG8AbAB5AGEAbQBhAHQA4QBuAGEAawAgAGkAbgB0AOkAegBlAHQAaQAgAGsAaQBhAGwAYQBrAO0AdADhAHMAYQAiACAAdADpAG0A4QAFZAAAAAFNAAAABAYOAAAAQwBhAG0AYgByAGkAYQAFBg4AAABDAGEAbQBiAHIAaQBhAAcGDgAAAEMAYQBtAGIAcgBpAGEACAQYAAAACQMAAAAWBBgAAAAIDQAAAAAIAAAAYgBhAG4ALgAF0gAAAAFNAAAABAYOAAAAQwBhAG0AYgByAGkAYQAFBg4AAABDAGEAbQBiAHIAaQBhAAcGDgAAAEMAYQBtAGIAcgBpAGEACAQYAAAACQMAAAAWBBgAAAAIewAAAAB2AAAAIABBACAAagDzAGcAeQBhAGsAbwByAGwAYQB0AG8AawAgAGIAZQB2AGUAegBlAHQA6QBzAOkAdAAgAHQA4QBtAG8AZwBhAHQA8wAgAGEAawBrAHIAZQBkAGkAdADhAGwAdAAgAGsA6QBwAHoA6QBzAGUAawAgAAVgAAAAAU0AAAAEBg4AAABDAGEAbQBiAHIAaQBhAAUGDgAAAEMAYQBtAGIAcgBpAGEABwYOAAAAQwBhAG0AYgByAGkAYQAIBBgAAAAJAwAAABYEGAAAAAgJAAAAAAQAAABhAHoABf4AAAABTQAAAAQGDgAAAEMAYQBtAGIAcgBpAGEABQYOAAAAQwBhAG0AYgByAGkAYQAHBg4AAABDAGEAbQBiAHIAaQBhAAgEGAAAAAkDAAAAFgQYAAAACKcAAAAAogAAACAARQBGAE8AUAAtADEALgA4AC4AMAAtAFYARQBLAE8AUAAtADEANwAtADIAMAAxADcALQAwADAAMAAwADEAIAAeIEUAZwDpAHMAegBzAOkAZwD8AGcAeQBpACAAZQBsAGwA4QB0APMAcgBlAG4AZABzAHoAZQByACAAcwB6AGEAawBtAGEAaQAgAG0A8wBkAHMAegBlAHIAdABhAG4AaQAgAAV8AAAAAU0AAAAEBg4AAABDAGEAbQBiAHIAaQBhAAUGDgAAAEMAYQBtAGIAcgBpAGEABwYOAAAAQwBhAG0AYgByAGkAYQAIBBgAAAAJAwAAABYEGAAAAAglAAAAACAAAABmAGUAagBsAGUAcwB6AHQA6QBzAGUAHSBjAO0AbQBxAQXQAAAAAU0AAAAEBg4AAABDAGEAbQBiAHIAaQBhAAUGDgAAAEMAYQBtAGIAcgBpAGEABwYOAAAAQwBhAG0AYgByAGkAYQAIBBgAAAAJAwAAABYEGAAAAAh5AAAAAHQAAAAgAGsAaQBlAG0AZQBsAHQAIABwAHIAbwBqAGUAawB0ACAAawBlAHIAZQB0AOkAYgBlAG4AIAB2AGEAbADzAHMAdQBsAG4AYQBrACAAbQBlAGcALgAgACAAQQB6ACAAZQAtAGwAZQBhAHIAbgBpAG4AZwAgAAVqAAAAAU0AAAAEBg4AAABDAGEAbQBiAHIAaQBhAAUGDgAAAEMAYQBtAGIAcgBpAGEABwYOAAAAQwBhAG0AYgByAGkAYQAIBBgAAAAJAwAAABYEGAAAAAgTAAAAAA4AAABuAGEAZwB5AG8AbgAgAAVuAAAAAU0AAAAEBg4AAABDAGEAbQBiAHIAaQBhAAUGDgAAAEMAYQBtAGIAcgBpAGEABwYOAAAAQwBhAG0AYgByAGkAYQAIBBgAAAAJAwAAABYEGAAAAAgXAAAAABIAAABwAHIAYQBrAHQAaQBrAHUAcwAF7gAAAAFNAAAABAYOAAAAQwBhAG0AYgByAGkAYQAFBg4AAABDAGEAbQBiAHIAaQBhAAcGDgAAAEMAYQBtAGIAcgBpAGEACAQYAAAACQMAAAAWBBgAAAAIlwAAAACSAAAAIADpAHMAIABoAGEAdADpAGsAbwBuAHkAIABrAOkAcAB6AOkAcwBpACAAbQDzAGQAcwB6AGUAcgAsACAAbQBlAGwAeQAgAGwAZQBoAGUAdABRAXMA6QBnAGUAdAAgAGIAaQB6AHQAbwBzAO0AdAAgAGEAegAgAPYAbgDhAGwAbADzACwAIABzAGEAagDhAHQAIAAFbAAAAAFNAAAABAYOAAAAQwBhAG0AYgByAGkAYQAFBg4AAABDAGEAbQBiAHIAaQBhAAcGDgAAAEMAYQBtAGIAcgBpAGEACAQYAAAACQMAAAAWBBgAAAAIFQAAAAAQAAAAdABlAG0AcADzAGIAYQBuAAU8AQAAAU0AAAAEBg4AAABDAGEAbQBiAHIAaQBhAAUGDgAAAEMAYQBtAGIAcgBpAGEABwYOAAAAQwBhAG0AYgByAGkAYQAIBBgAAAAJAwAAABYEGAAAAAjlAAAAAOAAAAAgAOkAcwAgAGkAZABRAWIAZQBvAHMAegB0AOEAcwBoAG8AegAgAGEAbABrAGEAbABtAGEAegBrAG8AZADzACAAdABhAG4AdQBsAOEAcwBoAG8AegAsACAAbQBpAGsA9gB6AGIAZQBuACAAIABrAG8AcgBzAHoAZQByAHEBIADpAHMAIABuAGEAcAByAGEAawDpAHMAegAgAGkAcwBtAGUAcgBlAHQAZQBrAGUAdAAgAGEAZAAgAOEAdAAgAGEAegAgAGEAZABvAHQAdAAgAHQA6QBtAOEAcgDzAGwALgAgAAVXAAAAAU0AAAAEBg4AAABDAGEAbQBiAHIAaQBhAAUGDgAAAEMAYQBtAGIAcgBpAGEABwYOAAAAQwBhAG0AYgByAGkAYQAIBBgAAAAJAwAAABYEGAAAAAgAAAAABQoAAAABAAAAAAgAAAAABVcAAAABTQAAAAQGDgAAAEMAYQBtAGIAcgBpAGEABQYOAAAAQwBhAG0AYgByAGkAYQAHBg4AAABDAGEAbQBiAHIAaQBhAAgEGAAAAAkDAAAAFgQYAAAACAAAAAAKAAAAAAAAAAARAAAAALsBAAAA4gAAAAABAAEGEgAAAAIFAAAAAAMFAAAAAAQFAAAAAAUBAQYBAAcBAAgBAAkGGwAAAAoFi6UBAAsBARwBAAwFAAAAAB0BAA0Fbk4EAA4GDgAAAAABAQED\/\/\/\/AgYAAAAAGQEBGwZ9AAAAABQAAAAAAwAAAAEFAAAAAAIF5kQAAAMBAAEUAAAAAAMAAAABBQAAAAACBeZEAAADAQACFAAAAAADAAAAAQUAAAAAAgXmRAAAAwEAAxQAAAAAAwAAAAEFAAAAAAIF5kQAAAMBAAsUAAAAAAMAAAABBQAAAAACBeZEAAADAQABygAAAAABAAEBAAIBAAMBAAQGDgAAAEMAYQBsAGkAYgByAGkABQYOAAAAQwBhAGwAaQBiAHIAaQAHBg4AAABDAGEAbABpAGIAcgBpAAYGDgAAAEMAYQBsAGkAYgByAGkACAQWAAAACgEADAEADgUAAAAADwEAEAEAEQEAEgUAAAAAFAEAFQEAFgQWAAAAFwEAGAEAGQYKAAAAaAB1AC0ASABVABoGCgAAAGEAcgAtAFMAQQAbBgoAAABlAG4ALQBVAFMAHAYCAAAAAAAeAQACAAAAAA==\" style=\"text-align: justify\">Az Eg\u00e9szs\u00e9g\u00fcgyi Menedzserk\u00e9pz\u0151 K\u00f6zpont\u00a02020. m\u00e1rcius 16-t\u00f3l <strong>e-learning t\u00edpus\u00fa tov\u00e1bbk\u00e9pz\u00e9sek<\/strong>et ind\u00edtott az\u00a0eg\u00e9szs\u00e9g\u00fcgyben dolgoz\u00f3k r\u00e9sz\u00e9re. A j\u00f3gyakorlatok bevezet\u00e9s\u00e9t t\u00e1mogat\u00f3 akkredit\u00e1lt k\u00e9pz\u00e9sek az EFOP-1.8.0-VEKOP-17-2017-00001 \u201eEg\u00e9szs\u00e9g\u00fcgyi ell\u00e1t\u00f3rendszer szakmai m\u00f3dszertani fejleszt\u00e9se\u201dc\u00edm\u0171 kiemelt projekt keret\u00e9ben val\u00f3sulnak meg.\u00a0 Az e-learning nagyon praktikus \u00e9s hat\u00e9kony k\u00e9pz\u00e9si m\u00f3dszer, mely lehet\u0151s\u00e9get biztos\u00edt az \u00f6n\u00e1ll\u00f3, saj\u00e1t temp\u00f3ban \u00e9s id\u0151beoszt\u00e1shoz alkalmazkod\u00f3 tanul\u00e1shoz, mik\u00f6zben\u00a0 korszer\u0171 \u00e9s naprak\u00e9sz ismereteket ad \u00e1t az adott t\u00e9m\u00e1r\u00f3l.<\/p>\n<p><strong><a href=\"https:\/\/www.youtube.com\/watch?v=Uggrrkz5L6I\">\u00datmutat\u00f3 vide\u00f3 az e-learning regisztr\u00e1ci\u00f3hoz<\/a><\/strong><\/p>\n<hr \/>\n<h3>El\u00e9rhet\u0151 e-learning tov\u00e1bbk\u00e9pz\u00e9seink eg\u00e9szs\u00e9g\u00fcgyi szakdolgoz\u00f3k r\u00e9sz\u00e9re<\/h3>\n<p style=\"text-align: center\"><style>\n           #page-grid .card-body > .line-clamp-box.excerpt{\n        width: inherit;\n        max-width: inherit;\n        display:flex;\n        min-height: 2.4em;\n        flex-direction: column;\n        justify-content: space-around;\n        background-color: #D6E4EA;\n        min-height: 3.4rem;\n        font-family: \"Montserrat\", sans-serif;\n    }\n\n    #page-grid a:hover .card-body > .line-clamp-box.excerpt {\n        background-color: #fff;\n        color: #313B40;\n    }\n\n    #page-grid .card-body .line-clamp-box.excerpt section{\n        max-width: inherit;\n        display: -webkit-box;\n        -webkit-line-clamp: 2;\n        -webkit-box-orient: vertical;\n        overflow: hidden;\n        text-overflow: ellipsis;\n        hyphens: auto;\n        margin: auto;\n        \n    }\n    .line-clamp-box.excerpt section, .line-clamp-box.excerpt section p{\n        font-size:0.8em;\n    }\n    \n<\/style>\n    <section id=\"page-grid\">\n        \n        <div class=\"row row-cols-1 row-cols-md-2 row-cols-lg-1 no-gutters mx-0 \">    <div class =\"col  mb-2 card-wrapper\">\n        <a class=\"d-flex flex-fill card-link-warapper m-md-1\" href=\"https:\/\/semmelweis.hu\/emk\/oktatas\/e-learning\/e-learning-egeszsegugyi-szakdolgozoknak\/az-ujraelesztes-folyamatanak-intezeti-kialakitasa\/\">\n            <div class=\"card border border-secondary se-border flex-fill\">\n                <div class=\"row no-gutters mx-0 d-flex flex-nowrap flex-md-wrap align-items-center\">\n                    <div class =\"  col-5 col-md-12 d-none d-md-none  card-image justify-content-center\">\n                        <img loading=\"lazy\" decoding=\"async\" width=\"236\" height=\"164\" src=\"https:\/\/semmelweis.hu\/emk\/files\/2024\/10\/ujraelesztes.png\" class=\"landscape wp-post-image\" alt=\"\u00fajra\u00e9leszt\u00e9s\" \/>\n                    <\/div>\n                    <div class=\"card-body  col flex-column  col-md-12 p-0\">\n                        <div class=\"line-clamp-box p-3\">\n                            <h5 class=\"ml-0 ml-sm-1 mt-2 align-items-center\"  >Az \u00fajra\u00e9leszt\u00e9s folyamat\u00e1nak int\u00e9zeti kialak\u00edt\u00e1sa<\/h5>\n                        <\/div>\n                        \n                    <\/div>\n                <\/div>\n\n            <\/div>\n        <\/a>\n    <\/div>    <div class =\"col  mb-2 card-wrapper\">\n        <a class=\"d-flex flex-fill card-link-warapper m-md-1\" href=\"https:\/\/semmelweis.hu\/emk\/oktatas\/e-learning\/e-learning-egeszsegugyi-szakdolgozoknak\/a-nyomasi-fekely-megelozesenek-es-ellatasanak-jogyakorlata\/\">\n            <div class=\"card border border-secondary se-border flex-fill\">\n                <div class=\"row no-gutters mx-0 d-flex flex-nowrap flex-md-wrap align-items-center\">\n                    <div class =\"  col-5 col-md-12 d-none d-md-none  card-image justify-content-center\">\n                        <img loading=\"lazy\" decoding=\"async\" width=\"600\" height=\"416\" src=\"https:\/\/semmelweis.hu\/emk\/files\/2024\/10\/nyomasi_fekely.png\" class=\"landscape wp-post-image\" alt=\"nyom\u00e1si fek\u00e9ly\" srcset=\"https:\/\/semmelweis.hu\/emk\/files\/2024\/10\/nyomasi_fekely.png 600w, https:\/\/semmelweis.hu\/emk\/files\/2024\/10\/nyomasi_fekely-400x277.png 400w, https:\/\/semmelweis.hu\/emk\/files\/2024\/10\/nyomasi_fekely-175x120.png 175w\" sizes=\"auto, (max-width: 600px) 100vw, 600px\" \/>\n                    <\/div>\n                    <div class=\"card-body  col flex-column  col-md-12 p-0\">\n                        <div class=\"line-clamp-box p-3\">\n                            <h5 class=\"ml-0 ml-sm-1 mt-2 align-items-center\"  >A nyom\u00e1si fek\u00e9ly megel\u0151z\u00e9s\u00e9nek \u00e9s ell\u00e1t\u00e1s\u00e1nak j\u00f3gyakorlata<\/h5>\n                        <\/div>\n                        \n                    <\/div>\n                <\/div>\n\n            <\/div>\n        <\/a>\n    <\/div>    <div class =\"col  mb-2 card-wrapper\">\n        <a class=\"d-flex flex-fill card-link-warapper m-md-1\" href=\"https:\/\/semmelweis.hu\/emk\/oktatas\/e-learning\/e-learning-egeszsegugyi-szakdolgozoknak\/perioperativ-fajdalomcsillapitas-intezeti-folyamatainak-kialakitasa\/\">\n            <div class=\"card border border-secondary se-border flex-fill\">\n                <div class=\"row no-gutters mx-0 d-flex flex-nowrap flex-md-wrap align-items-center\">\n                    <div class =\"  col-5 col-md-12  d-none  d-md-none d-md-none  bg-image  card-image justify-content-center\">\n                        <img class='wp-post-image img-fluid landscape' src='https:\/\/semmelweis.hu\/emk\/wp-content\/themes\/se18\/dist\/images\/svg\/bg-image.svg' \/>\n                    <\/div>\n                    <div class=\"card-body  col flex-column  col-md-12 p-0\">\n                        <div class=\"line-clamp-box p-3\">\n                            <h5 class=\"ml-0 ml-sm-1 mt-2 align-items-center\"  >Perioperat\u00edv f\u00e1jdalomcsillap\u00edt\u00e1s int\u00e9zeti folyamatainak kialak\u00edt\u00e1sa<\/h5>\n                        <\/div>\n                        \n                    <\/div>\n                <\/div>\n\n            <\/div>\n        <\/a>\n    <\/div>    <div class =\"col  mb-2 card-wrapper\">\n        <a class=\"d-flex flex-fill card-link-warapper m-md-1\" href=\"https:\/\/semmelweis.hu\/emk\/oktatas\/e-learning\/e-learning-egeszsegugyi-szakdolgozoknak\/a-betegoktatas-intezeti-kialakitasanak-jogyakorlata\/\">\n            <div class=\"card border border-secondary se-border flex-fill\">\n                <div class=\"row no-gutters mx-0 d-flex flex-nowrap flex-md-wrap align-items-center\">\n                    <div class =\"  col-5 col-md-12  d-none  d-md-none d-md-none  bg-image  card-image justify-content-center\">\n                        <img class='wp-post-image img-fluid landscape' src='https:\/\/semmelweis.hu\/emk\/wp-content\/themes\/se18\/dist\/images\/svg\/bg-image.svg' \/>\n                    <\/div>\n                    <div class=\"card-body  col flex-column  col-md-12 p-0\">\n                        <div class=\"line-clamp-box p-3\">\n                            <h5 class=\"ml-0 ml-sm-1 mt-2 align-items-center\"  >A betegoktat\u00e1s int\u00e9zeti kialak\u00edt\u00e1s\u00e1nak j\u00f3gyakorlata<\/h5>\n                        <\/div>\n                        \n                    <\/div>\n                <\/div>\n\n            <\/div>\n        <\/a>\n    <\/div>        <\/div>\n    <\/section><\/p>\n","protected":false},"excerpt":{"rendered":"<p>Az Eg\u00e9szs\u00e9g\u00fcgyi Menedzserk\u00e9pz\u0151 K\u00f6zpont\u00a02020. m\u00e1rcius 16-t\u00f3l e-learning t\u00edpus\u00fa tov\u00e1bbk\u00e9pz\u00e9seket ind\u00edtott az\u00a0eg\u00e9szs\u00e9g\u00fcgyben dolgoz\u00f3k r\u00e9sz\u00e9re. A j\u00f3gyakorlatok bevezet\u00e9s\u00e9t t\u00e1mogat\u00f3 akkredit\u00e1lt k\u00e9pz\u00e9sek az EFOP-1.8.0-VEKOP-17-2017-00001 \u201eEg\u00e9szs\u00e9g\u00fcgyi ell\u00e1t\u00f3rendszer szakmai m\u00f3dszertani fejleszt\u00e9se\u201dc\u00edm\u0171 kiemelt projekt keret\u00e9ben val\u00f3sulnak meg.\u00a0 Az e-learning nagyon praktikus \u00e9s hat\u00e9kony k\u00e9pz\u00e9si m\u00f3dszer, mely lehet\u0151s\u00e9get biztos\u00edt az \u00f6n\u00e1ll\u00f3, saj\u00e1t temp\u00f3ban \u00e9s id\u0151beoszt\u00e1shoz alkalmazkod\u00f3 tanul\u00e1shoz, mik\u00f6zben\u00a0 korszer\u0171 \u00e9s naprak\u00e9sz ismereteket &hellip;<\/p>\n","protected":false},"author":101539,"featured_media":0,"parent":15988,"menu_order":0,"comment_status":"closed","ping_status":"closed","template":"","meta":{"_acf_changed":false,"footnotes":""},"categories":[],"tags":[],"class_list":["post-17794","page","type-page","status-publish","hentry"],"acf":[],"_links":{"self":[{"href":"https:\/\/semmelweis.hu\/emk\/wp-json\/wp\/v2\/pages\/17794","targetHints":{"allow":["GET"]}}],"collection":[{"href":"https:\/\/semmelweis.hu\/emk\/wp-json\/wp\/v2\/pages"}],"about":[{"href":"https:\/\/semmelweis.hu\/emk\/wp-json\/wp\/v2\/types\/page"}],"author":[{"embeddable":true,"href":"https:\/\/semmelweis.hu\/emk\/wp-json\/wp\/v2\/users\/101539"}],"replies":[{"embeddable":true,"href":"https:\/\/semmelweis.hu\/emk\/wp-json\/wp\/v2\/comments?post=17794"}],"version-history":[{"count":10,"href":"https:\/\/semmelweis.hu\/emk\/wp-json\/wp\/v2\/pages\/17794\/revisions"}],"predecessor-version":[{"id":23248,"href":"https:\/\/semmelweis.hu\/emk\/wp-json\/wp\/v2\/pages\/17794\/revisions\/23248"}],"up":[{"embeddable":true,"href":"https:\/\/semmelweis.hu\/emk\/wp-json\/wp\/v2\/pages\/15988"}],"wp:attachment":[{"href":"https:\/\/semmelweis.hu\/emk\/wp-json\/wp\/v2\/media?parent=17794"}],"wp:term":[{"taxonomy":"category","embeddable":true,"href":"https:\/\/semmelweis.hu\/emk\/wp-json\/wp\/v2\/categories?post=17794"},{"taxonomy":"post_tag","embeddable":true,"href":"https:\/\/semmelweis.hu\/emk\/wp-json\/wp\/v2\/tags?post=17794"}],"curies":[{"name":"wp","href":"https:\/\/api.w.org\/{rel}","templated":true}]}}