{"id":17760,"date":"2020-09-23T17:37:11","date_gmt":"2020-09-23T15:37:11","guid":{"rendered":"https:\/\/semmelweis.hu\/emk\/?page_id=17760"},"modified":"2023-11-06T12:05:50","modified_gmt":"2023-11-06T11:05:50","slug":"szalon-szemelyi-asszisztencia","status":"publish","type":"page","link":"https:\/\/semmelweis.hu\/emk\/szalon-szemelyi-asszisztencia\/","title":{"rendered":"Szalon-szem\u00e9lyi asszisztencia"},"content":{"rendered":"<p>SZVK Szalon 2020. 02.19. 18:00<\/p>\n<p>Helysz\u00edn: T\u00f6rt\u00e9netek K\u00e1v\u00e9z\u00f3ja<\/p>\n<p>Moder\u00e1tor: dr. Juh\u00e1sz P\u00e9ter<\/p>\n<p><strong>\u00a0<\/strong><\/p>\n<p><strong>Szem\u00e9lyi asszisztencia szolg\u00e1ltat\u00e1sok <\/strong><\/p>\n<p>A besz\u00e9lget\u00e9sen kutat\u00f3kkal \u00e9s felhaszn\u00e1l\u00f3kkal j\u00e1rtuk k\u00f6r\u00fcl a szem\u00e9lyi asszisztencia szolg\u00e1ltat\u00e1s szakmai, szab\u00e1lyoz\u00e1si, gazdas\u00e1gi \u00e9s t\u00e1rsadalmi aspektusait.<\/p>\n<p>Az alkalom kulcsk\u00e9rd\u00e9sei az al\u00e1bbiak voltak: Mi az a szem\u00e9lyi asszisztencia szolg\u00e1ltat\u00e1s? Mit csin\u00e1l egy szem\u00e9lyi asszisztens? Mennyiben k\u00fcl\u00f6nb\u00f6zik ez b\u00e1rmit\u0151l, amit a szoci\u00e1lis \u00e1gazat ma k\u00edn\u00e1lni tud? Szolg\u00e1ltat\u00e1sszervez\u00e9si k\u00e9rd\u00e9s vagy szeml\u00e9letv\u00e1lt\u00e1s? Mik\u00e9nt v\u00e1lhat a szakm\u00e1nk r\u00e9sz\u00e9v\u00e9?<\/p>\n<p>&nbsp;<\/p>\n<p>Megh\u00edvott vend\u00e9geink a t\u00e9ma hazai \u00fatt\u00f6r\u0151i voltak: Ivicsics Borb\u00e1la, K\u00f6ll\u0151 Gerg\u0151, S\u00e1ndor Anik\u00f3, PhD, Katona Vanda, PhD \u00e9s Kunt Zsuzsanna.<\/p>\n<p>&nbsp;<\/p>\n<figure id=\"attachment_17762\" aria-describedby=\"caption-attachment-17762\" style=\"width: 753px\" class=\"wp-caption aligncenter\"><img loading=\"lazy\" decoding=\"async\" class=\"wp-image-17762 size-large\" src=\"https:\/\/semmelweis.hu\/emk\/files\/2020\/09\/szem\u00e9lyi_asszisztencia_szalon-1024x760.jpg\" alt=\"\" width=\"753\" height=\"559\" srcset=\"https:\/\/semmelweis.hu\/emk\/files\/2020\/09\/szem\u00e9lyi_asszisztencia_szalon-1024x760.jpg 1024w, https:\/\/semmelweis.hu\/emk\/files\/2020\/09\/szem\u00e9lyi_asszisztencia_szalon-400x297.jpg 400w, https:\/\/semmelweis.hu\/emk\/files\/2020\/09\/szem\u00e9lyi_asszisztencia_szalon-768x570.jpg 768w, https:\/\/semmelweis.hu\/emk\/files\/2020\/09\/szem\u00e9lyi_asszisztencia_szalon-1536x1140.jpg 1536w, https:\/\/semmelweis.hu\/emk\/files\/2020\/09\/szem\u00e9lyi_asszisztencia_szalon-2048x1520.jpg 2048w, https:\/\/semmelweis.hu\/emk\/files\/2020\/09\/szem\u00e9lyi_asszisztencia_szalon-753x559.jpg 753w\" sizes=\"auto, (max-width: 753px) 100vw, 753px\" \/><figcaption id=\"caption-attachment-17762\" class=\"wp-caption-text\">SZVK Szalon 2020.02.19. Szem\u00e9lyi asszisztencia szolg\u00e1ltat\u00e1sok<\/figcaption><\/figure>\n","protected":false},"excerpt":{"rendered":"<p>SZVK Szalon 2020. 02.19. 18:00 Helysz\u00edn: T\u00f6rt\u00e9netek K\u00e1v\u00e9z\u00f3ja Moder\u00e1tor: dr. Juh\u00e1sz P\u00e9ter \u00a0 Szem\u00e9lyi asszisztencia szolg\u00e1ltat\u00e1sok A besz\u00e9lget\u00e9sen kutat\u00f3kkal \u00e9s felhaszn\u00e1l\u00f3kkal j\u00e1rtuk k\u00f6r\u00fcl a szem\u00e9lyi asszisztencia szolg\u00e1ltat\u00e1s szakmai, szab\u00e1lyoz\u00e1si, gazdas\u00e1gi \u00e9s t\u00e1rsadalmi aspektusait. Az alkalom kulcsk\u00e9rd\u00e9sei az al\u00e1bbiak voltak: Mi az a szem\u00e9lyi asszisztencia szolg\u00e1ltat\u00e1s? Mit csin\u00e1l egy szem\u00e9lyi asszisztens? Mennyiben k\u00fcl\u00f6nb\u00f6zik ez b\u00e1rmit\u0151l, amit &hellip;<\/p>\n","protected":false},"author":101742,"featured_media":0,"parent":0,"menu_order":0,"comment_status":"closed","ping_status":"closed","template":"","meta":{"_acf_changed":false,"footnotes":""},"categories":[],"tags":[],"class_list":["post-17760","page","type-page","status-publish","hentry"],"acf":[],"_links":{"self":[{"href":"https:\/\/semmelweis.hu\/emk\/wp-json\/wp\/v2\/pages\/17760","targetHints":{"allow":["GET"]}}],"collection":[{"href":"https:\/\/semmelweis.hu\/emk\/wp-json\/wp\/v2\/pages"}],"about":[{"href":"https:\/\/semmelweis.hu\/emk\/wp-json\/wp\/v2\/types\/page"}],"author":[{"embeddable":true,"href":"https:\/\/semmelweis.hu\/emk\/wp-json\/wp\/v2\/users\/101742"}],"replies":[{"embeddable":true,"href":"https:\/\/semmelweis.hu\/emk\/wp-json\/wp\/v2\/comments?post=17760"}],"version-history":[{"count":1,"href":"https:\/\/semmelweis.hu\/emk\/wp-json\/wp\/v2\/pages\/17760\/revisions"}],"predecessor-version":[{"id":17763,"href":"https:\/\/semmelweis.hu\/emk\/wp-json\/wp\/v2\/pages\/17760\/revisions\/17763"}],"wp:attachment":[{"href":"https:\/\/semmelweis.hu\/emk\/wp-json\/wp\/v2\/media?parent=17760"}],"wp:term":[{"taxonomy":"category","embeddable":true,"href":"https:\/\/semmelweis.hu\/emk\/wp-json\/wp\/v2\/categories?post=17760"},{"taxonomy":"post_tag","embeddable":true,"href":"https:\/\/semmelweis.hu\/emk\/wp-json\/wp\/v2\/tags?post=17760"}],"curies":[{"name":"wp","href":"https:\/\/api.w.org\/{rel}","templated":true}]}}