{"id":17644,"date":"2020-09-10T12:26:09","date_gmt":"2020-09-10T10:26:09","guid":{"rendered":"https:\/\/semmelweis.hu\/emk\/?page_id=17644"},"modified":"2026-03-12T12:04:36","modified_gmt":"2026-03-12T11:04:36","slug":"elerhetosegek-2-2","status":"publish","type":"page","link":"https:\/\/semmelweis.hu\/emk\/szocialis-vezetokepzo-tudaskozpont\/elerhetosegek-2-2\/","title":{"rendered":"El\u00e9rhet\u0151s\u00e9gek"},"content":{"rendered":"<p style=\"text-align: center\"><a class=\"button\" href=\"https:\/\/97febb0d.sibforms.com\/serve\/MUIFAMaJ7ux_s5cRlg_s-PSxzygKPLKWQ7lYOo187TjT7dnQnK2hooevBguzbsOQxfG4dt1zeRZZCt7SzabwoXaj4PCktgSDSXjUcc1Lo2MLomzW0tZQhsKUSSNLbAgI67hirj1CbNSQFfAyvR5WnkY3-sbQyKvBU0ULvmflRYOGd3PjewlagIOtvjnCEhZX7T0JQW4vvzpXH23N\" target=\"_blank\" rel=\"noopener\">Iratkozzon fel h\u00edrlevel\u00fcnkre!<\/a><\/p>\n<p><strong><span style=\"font-size: 1rem\">\u00c1ltal\u00e1nos inform\u00e1ci\u00f3k, <\/span><span style=\"font-size: 1rem\">Alap \u00e9s Mester k\u00e9pz\u00e9s:<\/span><\/strong><\/p>\n<p>Telefon: +36 20 825 0508;\u00a0+36 30 370 13 76 (H\u00e9tf\u0151-p\u00e9ntek: 13:00-15:00 \u00f3ra)<\/p>\n<p>Email: <a href=\"mailto:szocialisvezetokepzes@emk.semmelweis.hu\" target=\"_blank\" rel=\"noopener noreferrer\">szocialisvezetokepzes@emk.semmelweis.hu<\/a><\/p>\n<p><strong>Munkat\u00e1rsaink:<\/strong><\/p>\n<p><a href=\"https:\/\/semmelweis.hu\/emk\/oktatas\/munkatarsak-oktatoi-csapat\/body-eva\/\" target=\"_blank\" rel=\"noopener\">B\u00f3dy \u00c9va<\/a>, <a href=\"szabo.lilla@emk.semmelweis.hu\" target=\"_blank\" rel=\"noopener\">Szab\u00f3 Lilla<\/a>, <a href=\"https:\/\/semmelweis.hu\/emk\/oktatas\/munkatarsak-oktatoi-csapat\/toth-pal\/\" target=\"_blank\" rel=\"noopener\">T\u00f3th P\u00e1l<\/a><\/p>\n<p><strong>\u00dcgyf\u00e9lfogad\u00e1si id\u0151:<\/strong><\/p>\n<p>H\u00e9tf\u0151-p\u00e9ntek: 13:00-15:00 \u00f3ra<\/p>\n<p>C\u00edm: 1125 Budapest, K\u00fatv\u00f6lgyi \u00fat 2.<\/p>\n<hr \/>\n<h5>Tov\u00e1bbi hasznos inform\u00e1ci\u00f3k<\/h5>\n<ul style=\"list-style-type: square\">\n<li><strong><a href=\"https:\/\/semmelweis.hu\/emk\/szocialis-vezetokepzo-tudaskozpont\/oktatas-2-2\/\" target=\"_blank\" rel=\"noopener\">Oktat\u00e1s<\/a><\/strong><\/li>\n<li><strong><a href=\"https:\/\/semmelweis.hu\/emk\/szocialis-vezetokepzo-tudaskozpont\/intezmenymenedzsment-2\/\" target=\"_blank\" rel=\"noopener\">Int\u00e9zm\u00e9nymenedzsment<\/a><\/strong><\/li>\n<li><strong><a href=\"https:\/\/semmelweis.hu\/emk\/szocialis-vezetokepzo-tudaskozpont\/kiadvanyok-publikaciok\/\" target=\"_blank\" rel=\"noopener\">Kiadv\u00e1nyok\/Publik\u00e1ci\u00f3k<\/a><\/strong><\/li>\n<li><strong><a href=\"https:\/\/semmelweis.hu\/emk\/szocialis-vezetokepzo-tudaskozpont\/esemenynaptar-2\/\" target=\"_blank\" rel=\"noopener\">Esem\u00e9nynapt\u00e1r<\/a><\/strong><\/li>\n<li><strong><a href=\"https:\/\/semmelweis.hu\/emk\/szocialis-vezetokepzo-tudaskozpont\/hirlevel\/\" target=\"_blank\" rel=\"noopener\">H\u00edrlev\u00e9l<\/a><\/strong><\/li>\n<li><strong><a href=\"https:\/\/semmelweis.hu\/emk\/szocialis-vezetokepzo-tudaskozpont\/gyik-2\/\" target=\"_blank\" rel=\"noopener\">GYIK<\/a><\/strong><\/li>\n<li><strong><a href=\"https:\/\/semmelweis.hu\/emk\/szocialis-vezetokepzo-tudaskozpont\/rolunk-mondtak-2\/\" target=\"_blank\" rel=\"noopener\">R\u00f3lunk mondt\u00e1k<\/a><\/strong><\/li>\n<\/ul>\n","protected":false},"excerpt":{"rendered":"<p><a class=\"button\" href=\"https:\/\/97febb0d.sibforms.com\/serve\/MUIFAMaJ7ux_s5cRlg_s-PSxzygKPLKWQ7lYOo187TjT7dnQnK2hooevBguzbsOQxfG4dt1zeRZZCt7SzabwoXaj4PCktgSDSXjUcc1Lo2MLomzW0tZQhsKUSSNLbAgI67hirj1CbNSQFfAyvR5WnkY3-sbQyKvBU0ULvmflRYOGd3PjewlagIOtvjnCEhZX7T0JQW4vvzpXH23N\" target=\"_blank\" rel=\"noopener\">Iratkozzon fel h\u00edrlevel\u00fcnkre!<\/a><br \/>\n\u00c1ltal\u00e1nos inform\u00e1ci\u00f3k, Alap \u00e9s Mester k\u00e9pz\u00e9s:<br \/>\nTelefon: +36 20 825 0508;\u00a0+36 30 370 13 76 (H\u00e9tf\u0151-p\u00e9ntek: 13:00-15:00 \u00f3ra)<br \/>\nEmail: <a href=\"mailto:szocialisvezetokepzes@emk.semmelweis.hu\" target=\"_blank\" rel=\"noopener noreferrer\">szocialisvezetokepzes@emk.semmelweis.hu<\/a><br \/>\nMunkat\u00e1rsaink:<br \/>\n<a href=\"https:\/\/semmelweis.hu\/emk\/oktatas\/munkatarsak-oktatoi-csapat\/body-eva\/\" target=\"_blank\" rel=\"noopener\">B\u00f3dy \u00c9va<\/a>, <a href=\"szabo.lilla@emk.semmelweis.hu\" target=\"_blank\" rel=\"noopener\">Szab\u00f3 Lilla<\/a>, <a href=\"https:\/\/semmelweis.hu\/emk\/oktatas\/munkatarsak-oktatoi-csapat\/toth-pal\/\" target=\"_blank\" rel=\"noopener\">T\u00f3th P\u00e1l<\/a><br \/>\n\u00dcgyf\u00e9lfogad\u00e1si id\u0151:<br \/>\nH\u00e9tf\u0151-p\u00e9ntek: 13:00-15:00 \u00f3ra<br \/>\nC\u00edm: 1125 Budapest, K\u00fatv\u00f6lgyi \u00fat 2.<\/p>\n<p>Tov\u00e1bbi hasznos inform\u00e1ci\u00f3k<\/p>\n<p><a href=\"https:\/\/semmelweis.hu\/emk\/szocialis-vezetokepzo-tudaskozpont\/oktatas-2-2\/\" target=\"_blank\" rel=\"noopener\">Oktat\u00e1s<\/a><br \/>\n<a href=\"https:\/\/semmelweis.hu\/emk\/szocialis-vezetokepzo-tudaskozpont\/intezmenymenedzsment-2\/\" target=\"_blank\" rel=\"noopener\">Int\u00e9zm\u00e9nymenedzsment<\/a><br \/>\n<a href=\"https:\/\/semmelweis.hu\/emk\/szocialis-vezetokepzo-tudaskozpont\/kiadvanyok-publikaciok\/\" target=\"_blank\" rel=\"noopener\">Kiadv\u00e1nyok\/Publik\u00e1ci\u00f3k<\/a><br \/>\n<a href=\"https:\/\/semmelweis.hu\/emk\/szocialis-vezetokepzo-tudaskozpont\/esemenynaptar-2\/\" target=\"_blank\" rel=\"noopener\">Esem\u00e9nynapt\u00e1r<\/a><br \/>\n<a href=\"https:\/\/semmelweis.hu\/emk\/szocialis-vezetokepzo-tudaskozpont\/hirlevel\/\" target=\"_blank\" rel=\"noopener\">H\u00edrlev\u00e9l<\/a><br \/>\n<a href=\"https:\/\/semmelweis.hu\/emk\/szocialis-vezetokepzo-tudaskozpont\/gyik-2\/\" target=\"_blank\" rel=\"noopener\">GYIK<\/a><br \/>\n<a href=\"https:\/\/semmelweis.hu\/emk\/szocialis-vezetokepzo-tudaskozpont\/rolunk-mondtak-2\/\" target=\"_blank\" rel=\"noopener\">R\u00f3lunk mondt\u00e1k<\/a><\/p>\n","protected":false},"author":101742,"featured_media":0,"parent":17224,"menu_order":6,"comment_status":"closed","ping_status":"closed","template":"","meta":{"_acf_changed":false,"footnotes":""},"categories":[],"tags":[],"class_list":["post-17644","page","type-page","status-publish","hentry"],"acf":[],"_links":{"self":[{"href":"https:\/\/semmelweis.hu\/emk\/wp-json\/wp\/v2\/pages\/17644","targetHints":{"allow":["GET"]}}],"collection":[{"href":"https:\/\/semmelweis.hu\/emk\/wp-json\/wp\/v2\/pages"}],"about":[{"href":"https:\/\/semmelweis.hu\/emk\/wp-json\/wp\/v2\/types\/page"}],"author":[{"embeddable":true,"href":"https:\/\/semmelweis.hu\/emk\/wp-json\/wp\/v2\/users\/101742"}],"replies":[{"embeddable":true,"href":"https:\/\/semmelweis.hu\/emk\/wp-json\/wp\/v2\/comments?post=17644"}],"version-history":[{"count":13,"href":"https:\/\/semmelweis.hu\/emk\/wp-json\/wp\/v2\/pages\/17644\/revisions"}],"predecessor-version":[{"id":26909,"href":"https:\/\/semmelweis.hu\/emk\/wp-json\/wp\/v2\/pages\/17644\/revisions\/26909"}],"up":[{"embeddable":true,"href":"https:\/\/semmelweis.hu\/emk\/wp-json\/wp\/v2\/pages\/17224"}],"wp:attachment":[{"href":"https:\/\/semmelweis.hu\/emk\/wp-json\/wp\/v2\/media?parent=17644"}],"wp:term":[{"taxonomy":"category","embeddable":true,"href":"https:\/\/semmelweis.hu\/emk\/wp-json\/wp\/v2\/categories?post=17644"},{"taxonomy":"post_tag","embeddable":true,"href":"https:\/\/semmelweis.hu\/emk\/wp-json\/wp\/v2\/tags?post=17644"}],"curies":[{"name":"wp","href":"https:\/\/api.w.org\/{rel}","templated":true}]}}