{"id":17595,"date":"2020-09-15T17:45:22","date_gmt":"2020-09-15T15:45:22","guid":{"rendered":"https:\/\/semmelweis.hu\/emk\/?page_id=17595"},"modified":"2023-11-06T12:05:09","modified_gmt":"2023-11-06T11:05:09","slug":"szalon-amigos-a-gyerekekert","status":"publish","type":"page","link":"https:\/\/semmelweis.hu\/emk\/szalon-amigos-a-gyerekekert\/","title":{"rendered":"Szalon-&#8222;Amigos a gyerekek\u00e9rt&#8221;"},"content":{"rendered":"<p>A SZVK Szalon vend\u00e9ge volt az \u201eAmigos a gyerekek\u00e9rt\u201d alap\u00edtv\u00e1ny , amit annak vezet\u0151je, F\u00e1bi\u00e1n S\u00e1ra \u00e9s az alap\u00edtv\u00e1ny egyik \u00f6nk\u00e9ntese mutatott be.<\/p>\n<p>Az alap\u00edtv\u00e1ny kezdem\u00e9nyez\u0151je, vezet\u0151je \u00e9s \u201ehajt\u00f3 motora\u201d \u00edgy vall szem\u00e9lyes elk\u00f6telez\u0151d\u00e9s\u00e9r\u0151l, motiv\u00e1ci\u00f3ir\u00f3l:<\/p>\n<p><em>F\u00e1bi\u00e1n S\u00e1ra vagyok, \u00e9s amit a legjobban szeretek abban, amit csin\u00e1lunk az a gyerekek \u0151szintes\u00e9ge. Nincs kertel\u00e9s, t\u00falzott udvariass\u00e1g. Ha egy \u00f6tlet, m\u00f3dszer, feladat nem el\u00e9g izgalmas, az perceken bel\u00fcl kider\u00fcl. \u00c9s akkor mi j\u00f6n? Az improviz\u00e1l\u00e1s. Ez az, amiben tal\u00e1n a legt\u00f6bbet fejl\u0151dtem \u00e9n, h\u00e9tr\u0151l h\u00e9tre kreat\u00edvabb leszek, lesz\u00fcnk. Az az \u00e9lettapasztalat, amit egyetemen, bar\u00e1ti t\u00e1rsas\u00e1gban, csal\u00e1dban csak cs\u00f6p\u00f6gtetve \u00e9rkezik, azt itt nagy d\u00f3zisban kapjuk \u00e9s r\u00e1m szem\u00e9ly szerint rendk\u00edv\u00fcl pozit\u00edvan hat. Ez az a k\u00e9t dolog, amit ki tudn\u00e9k emelni amellett, hogy a gyerekek szem\u00e9nek csillog\u00e1sa, egy-egy elkapott mosolya vagy hahot\u00e1z\u00e1sa milyen er\u0151s visszacsatol\u00e1s arra, hogy amit csin\u00e1lunk j\u00f3 \u00e9s el\u0151remutat\u00f3. Ez motiv\u00e1l engem \u00e9s b\u00edzom benne, hogy \u00e9n is motiv\u00e1lni tudom a kissr\u00e1cokat.<a href=\"#_ftn1\" name=\"_ftnref1\"><strong>[1]<\/strong><\/a><\/em><\/p>\n<p>Az SZVK Szalon ezen alkalma sor\u00e1n r\u00f6vid felvezet\u00e9sben megtudhattuk, hogy az Amigos \u201eamig\u00f3k\u201d-b\u00f3l \u00e1ll. De kik is azok az Amigok? Az alap\u00edtv\u00e1ny egy egyetemist\u00e1kb\u00f3l \u00e1ll\u00f3 j\u00f3t\u00e9konys\u00e1gi szervezet. C\u00e9lja, hogy s\u00falyosan beteg gyerekek napjait szebb\u00e9 tegy\u00e9k egy hasznos eszk\u00f6z\u00f6n, a nyelvtanul\u00e1son kereszt\u00fcl. A tanul\u00e1st term\u00e9szetesen k\u00e9zm\u0171vesked\u00e9s, j\u00e1t\u00e9k \u00e9s bar\u00e1tkoz\u00e1s eg\u00e9sz\u00edti ki, a l\u00e9nyeg, hogy vid\u00e1man \u00e9s hasznosan t\u00f6lts\u00e9k el az \u00e9rintettek a k\u00f6z\u00f6s id\u0151t.<\/p>\n<p>A t\u00e9nyleges c\u00e9l, misszi\u00f3 is \u00e9rdekes, de tal\u00e1n ugyanilyen izgalmas az alap\u00edtv\u00e1ny szervezeti fel\u00e9p\u00edt\u00e9se, a m\u0171k\u00f6d\u00e9s\u00fck egyes alapelvei \u00e9s azok megjelen\u00e9se \u00e9s k\u00e9pviselete. Err\u0151l egy csoportos j\u00e1t\u00e9k sor\u00e1n gyakorlati \u00edzel\u00edt\u0151t is kaptak a Szalon r\u00e9sztvev\u0151i, \u00edgy vil\u00e1goss\u00e1 \u00e9s \u00e9rthet\u0151v\u00e9 v\u00e1ltak az alap\u00edtv\u00e1ny \u00e9rt\u00e9kei, alapelvei is:<\/p>\n<p><strong>Alapelveink<\/strong><\/p>\n<ul>\n<li>J\u00e1tszva tanulunk<\/li>\n<li>\u00c9rt\u00e9k\u00fcnk minden Amigo<\/li>\n<li>Egy Amigo: megb\u00edzhat\u00f3 \u00e9s k\u00f6vetkezetes, k\u00f6zvetlen, rugalmas, lelkes, csapatj\u00e1t\u00e9kos<\/li>\n<\/ul>\n<ul>\n<li style=\"list-style-type: none\">\n<ul>\n<li>Megb\u00edzhat\u00f3 \u00e9s k\u00f6vetkezetes: ha el\u00edg\u00e9rkezt\u00fcnk, azt nem mondjuk le; amit meg\u00edg\u00e9rt\u00fcnk a kis sr\u00e1coknak azt betartjuk; a hat\u00e1rid\u0151ket tisztelj\u00fck<\/li>\n<li>K\u00f6zvetlen: a gyerekekkel bar\u00e1ts\u00e1gos \u00e9s k\u00f6zeli viszonyt \u00e1polunk; egym\u00e1ssal akt\u00edv, ny\u00edlt, gyors kommunik\u00e1ci\u00f3t folytatunk<\/li>\n<li>Rugalmas: probl\u00e9ma eset\u00e9n seg\u00edtj\u00fck, helyettes\u00edtj\u00fck egym\u00e1st<\/li>\n<li>Lelkes: a k\u00f3rh\u00e1zba energi\u00e1t \u00e9s j\u00f3kedvet visz\u00fcnk magunkkal; \u00f6tleteinkkel az Amigos fejl\u0151d\u00e9s\u00e9n dolgozunk<\/li>\n<li>Csapatj\u00e1t\u00e9kos: a sikereken osztozunk, a probl\u00e9m\u00e1kon egy\u00fctt dolgozunk<\/li>\n<\/ul>\n<\/li>\n<\/ul>\n<ul>\n<li>Ha meg\u00edg\u00e9rt\u00fck, ott vagyunk<\/li>\n<li>Az \u00e1tl\u00e1that\u00f3s\u00e1g alapelv\u00fcnk<\/li>\n<li>Minden Amigonak sz\u00e1m\u00edt \u00e9s fontos a v\u00e9lem\u00e9nye<\/li>\n<\/ul>\n<p>Innovat\u00edv, lend\u00fcletes \u00e9s mindenk\u00e9ppen hi\u00e1nyp\u00f3tl\u00f3 tev\u00e9kenys\u00e9g\u00fck m\u00f6g\u00f6tt az SZVK Szalon \u00e9rt\u0151 r\u00e9sztvev\u0151i elk\u00f6telezett, magasan motiv\u00e1lt \u00e9s korszer\u0171 szervez\u00e9si-vezet\u00e9si elveket k\u00e9pvisel\u0151 csapatot \u00e9s vezet\u0151ket ismerhettek meg.<\/p>\n<p><a href=\"#_ftnref1\" name=\"_ftn1\">[1]<\/a> Forr\u00e1s: http:\/\/www.amigosagyerekekert.hu\/team-details\/fabian-sara\/<\/p>\n","protected":false},"excerpt":{"rendered":"<p>A SZVK Szalon vend\u00e9ge volt az \u201eAmigos a gyerekek\u00e9rt\u201d alap\u00edtv\u00e1ny , amit annak vezet\u0151je, F\u00e1bi\u00e1n S\u00e1ra \u00e9s az alap\u00edtv\u00e1ny egyik \u00f6nk\u00e9ntese mutatott be. Az alap\u00edtv\u00e1ny kezdem\u00e9nyez\u0151je, vezet\u0151je \u00e9s \u201ehajt\u00f3 motora\u201d \u00edgy vall szem\u00e9lyes elk\u00f6telez\u0151d\u00e9s\u00e9r\u0151l, motiv\u00e1ci\u00f3ir\u00f3l: F\u00e1bi\u00e1n S\u00e1ra vagyok, \u00e9s amit a legjobban szeretek abban, amit csin\u00e1lunk az a gyerekek \u0151szintes\u00e9ge. Nincs kertel\u00e9s, t\u00falzott udvariass\u00e1g. Ha &hellip;<\/p>\n","protected":false},"author":101742,"featured_media":0,"parent":0,"menu_order":0,"comment_status":"closed","ping_status":"closed","template":"","meta":{"_acf_changed":false,"footnotes":""},"categories":[],"tags":[],"class_list":["post-17595","page","type-page","status-publish","hentry"],"acf":[],"_links":{"self":[{"href":"https:\/\/semmelweis.hu\/emk\/wp-json\/wp\/v2\/pages\/17595","targetHints":{"allow":["GET"]}}],"collection":[{"href":"https:\/\/semmelweis.hu\/emk\/wp-json\/wp\/v2\/pages"}],"about":[{"href":"https:\/\/semmelweis.hu\/emk\/wp-json\/wp\/v2\/types\/page"}],"author":[{"embeddable":true,"href":"https:\/\/semmelweis.hu\/emk\/wp-json\/wp\/v2\/users\/101742"}],"replies":[{"embeddable":true,"href":"https:\/\/semmelweis.hu\/emk\/wp-json\/wp\/v2\/comments?post=17595"}],"version-history":[{"count":3,"href":"https:\/\/semmelweis.hu\/emk\/wp-json\/wp\/v2\/pages\/17595\/revisions"}],"predecessor-version":[{"id":17767,"href":"https:\/\/semmelweis.hu\/emk\/wp-json\/wp\/v2\/pages\/17595\/revisions\/17767"}],"wp:attachment":[{"href":"https:\/\/semmelweis.hu\/emk\/wp-json\/wp\/v2\/media?parent=17595"}],"wp:term":[{"taxonomy":"category","embeddable":true,"href":"https:\/\/semmelweis.hu\/emk\/wp-json\/wp\/v2\/categories?post=17595"},{"taxonomy":"post_tag","embeddable":true,"href":"https:\/\/semmelweis.hu\/emk\/wp-json\/wp\/v2\/tags?post=17595"}],"curies":[{"name":"wp","href":"https:\/\/api.w.org\/{rel}","templated":true}]}}