{"id":17578,"date":"2020-09-10T11:49:28","date_gmt":"2020-09-10T09:49:28","guid":{"rendered":"https:\/\/semmelweis.hu\/emk\/?page_id=17578"},"modified":"2026-03-12T11:30:08","modified_gmt":"2026-03-12T10:30:08","slug":"befejezett-kepzesek","status":"publish","type":"page","link":"https:\/\/semmelweis.hu\/emk\/szocialis-vezetokepzo-tudaskozpont\/a-projektrol\/befejezett-kepzesek\/","title":{"rendered":"Befejezett k\u00e9pz\u00e9sek"},"content":{"rendered":"<p><strong>Befejezett k\u00e9pz\u00e9si id\u0151szakok \u00e9s csoportsz\u00e1mok:<\/strong><\/p>\n<p><strong><a href=\"https:\/\/semmelweis.hu\/emk\/szocialis-vezetokepzo-tudaskozpont\/a-projektrol\/\">Szoci\u00e1lis hum\u00e1n er\u0151forr\u00e1s fejleszt\u00e9se projekt<\/a><\/strong><\/p>\n<table style=\"width: 101.755%;height: 1266px\">\n<tbody>\n<tr style=\"height: 53px\">\n<td style=\"text-align: center;height: 53px\" width=\"113\">\n<p><strong>Sorsz\u00e1m<\/strong><\/p>\n<\/td>\n<td style=\"text-align: center;height: 53px\" width=\"340\">\n<p><strong>K\u00e9pz\u00e9si id\u0151szak<\/strong><\/p>\n<\/td>\n<td style=\"text-align: center;height: 53px\" width=\"227\">\n<p><strong>K\u00e9pz\u00e9si t\u00edpus<\/strong><\/p>\n<\/td>\n<td style=\"text-align: center;height: 53px\" width=\"227\">\n<p><strong>K\u00e9pz\u00e9si csoportsz\u00e1m<\/strong><\/p>\n<\/td>\n<\/tr>\n<tr style=\"height: 53px\">\n<td style=\"text-align: center;height: 53px\" width=\"113\">\n<p>1<\/p>\n<\/td>\n<td style=\"text-align: center;height: 53px\" width=\"340\">\n<p>2018. m\u00e1jus &#8211; j\u00falius<\/p>\n<\/td>\n<td style=\"text-align: center;height: 53px\" width=\"227\">\n<p>Pilot mesterk\u00e9pz\u00e9s<\/p>\n<\/td>\n<td style=\"text-align: center;height: 53px\" width=\"227\">\n<p>1<\/p>\n<\/td>\n<\/tr>\n<tr style=\"height: 53px\">\n<td style=\"text-align: center;height: 53px\" width=\"113\">\n<p>2<\/p>\n<\/td>\n<td style=\"text-align: center;height: 53px\" width=\"340\">\n<p>2018. szeptember \u2013 2019. febru\u00e1r<\/p>\n<\/td>\n<td style=\"text-align: center;height: 53px\" width=\"227\">\n<p>mesterk\u00e9pz\u00e9s<\/p>\n<\/td>\n<td style=\"text-align: center;height: 53px\" width=\"227\">\n<p>6<\/p>\n<\/td>\n<\/tr>\n<tr style=\"height: 53px\">\n<td style=\"text-align: center;height: 53px\" width=\"113\">\n<p>3<\/p>\n<\/td>\n<td style=\"text-align: center;height: 53px\" width=\"340\">\n<p>2019. febru\u00e1r &#8211; \u00e1prilis<\/p>\n<\/td>\n<td style=\"text-align: center;height: 53px\" width=\"227\">\n<p>Pilot alapk\u00e9pz\u00e9s<\/p>\n<\/td>\n<td style=\"text-align: center;height: 53px\" width=\"227\">\n<p>2<\/p>\n<\/td>\n<\/tr>\n<tr style=\"height: 53px\">\n<td style=\"text-align: center;height: 53px\" width=\"113\">\n<p>4<\/p>\n<\/td>\n<td style=\"text-align: center;height: 53px\" width=\"340\">\n<p>2019. febru\u00e1r &#8211; j\u00falius<\/p>\n<\/td>\n<td style=\"text-align: center;height: 53px\" width=\"227\">\n<p>mesterk\u00e9pz\u00e9s<\/p>\n<\/td>\n<td style=\"text-align: center;height: 53px\" width=\"227\">\n<p>6<\/p>\n<\/td>\n<\/tr>\n<tr style=\"height: 53px\">\n<td style=\"text-align: center;height: 53px\" width=\"113\">\n<p>5<\/p>\n<\/td>\n<td style=\"text-align: center;height: 53px\" width=\"340\">\n<p>2019. \u00e1prilis &#8211; j\u00fanius<\/p>\n<\/td>\n<td style=\"text-align: center;height: 53px\" width=\"227\">\n<p>alapk\u00e9pz\u00e9s<\/p>\n<\/td>\n<td style=\"text-align: center;height: 53px\" width=\"227\">\n<p>5<\/p>\n<\/td>\n<\/tr>\n<tr style=\"height: 53px\">\n<td style=\"text-align: center;height: 53px\" width=\"113\">\n<p>6<\/p>\n<\/td>\n<td style=\"text-align: center;height: 53px\" width=\"340\">\n<p>2019. szeptember &#8211; december<\/p>\n<\/td>\n<td style=\"text-align: center;height: 53px\" width=\"227\">\n<p>alapk\u00e9pz\u00e9s<\/p>\n<\/td>\n<td style=\"text-align: center;height: 53px\" width=\"227\">\n<p>13<\/p>\n<\/td>\n<\/tr>\n<tr style=\"height: 53px\">\n<td style=\"text-align: center;height: 53px\" width=\"113\">\n<p>7<\/p>\n<\/td>\n<td style=\"text-align: center;height: 53px\" width=\"340\">\n<p>2019. szeptember- 2020. febru\u00e1r<\/p>\n<\/td>\n<td style=\"text-align: center;height: 53px\" width=\"227\">\n<p>mesterk\u00e9pz\u00e9s<\/p>\n<\/td>\n<td style=\"text-align: center;height: 53px\" width=\"227\">\n<p>6<\/p>\n<\/td>\n<\/tr>\n<tr style=\"height: 53px\">\n<td style=\"text-align: center;height: 53px\" width=\"113\">\n<p>8<\/p>\n<\/td>\n<td style=\"text-align: center;height: 53px\" width=\"340\">\n<p>2020. febru\u00e1r &#8211; augusztus<\/p>\n<\/td>\n<td style=\"text-align: center;height: 53px\" width=\"227\">\n<p>mesterk\u00e9pz\u00e9s<\/p>\n<\/td>\n<td style=\"text-align: center;height: 53px\" width=\"227\">\n<p>8<\/p>\n<\/td>\n<\/tr>\n<tr style=\"height: 53px\">\n<td style=\"text-align: center;height: 53px\" width=\"113\">\n<p>9<\/p>\n<\/td>\n<td style=\"text-align: center;height: 53px\" width=\"340\">\n<p>2020. febru\u00e1r &#8211; j\u00falius<\/p>\n<\/td>\n<td style=\"text-align: center;height: 53px\" width=\"227\">\n<p>alapk\u00e9pz\u00e9s<\/p>\n<\/td>\n<td style=\"text-align: center;height: 53px\" width=\"227\">\n<p>9<\/p>\n<\/td>\n<\/tr>\n<tr style=\"height: 53px\">\n<td style=\"text-align: center;height: 53px\" width=\"113\">\n<p>10<\/p>\n<\/td>\n<td style=\"text-align: center;height: 53px\" width=\"340\">\n<p>2020. \u00e1prilis &#8211; augusztus<\/p>\n<\/td>\n<td style=\"text-align: center;height: 53px\" width=\"227\">\n<p>alapk\u00e9pz\u00e9s<\/p>\n<\/td>\n<td style=\"text-align: center;height: 53px\" width=\"227\">\n<p>10<\/p>\n<\/td>\n<\/tr>\n<tr style=\"height: 53px\">\n<td style=\"text-align: center;height: 53px\">\n<p>11<\/p>\n<\/td>\n<td style=\"text-align: center;height: 53px\">\n<p>2020. szeptember &#8211; 2021. janu\u00e1r<\/p>\n<\/td>\n<td style=\"text-align: center;height: 53px\">\n<p>mesterk\u00e9pz\u00e9s<\/p>\n<\/td>\n<td style=\"text-align: center;height: 53px\">\n<p>5<\/p>\n<\/td>\n<\/tr>\n<tr style=\"height: 53px\">\n<td style=\"text-align: center;height: 53px\">\n<p>12<\/p>\n<\/td>\n<td style=\"text-align: center;height: 53px\">\n<p>2020. okt\u00f3ber &#8211; 2021. janu\u00e1r<\/p>\n<\/td>\n<td style=\"text-align: center;height: 53px\">\n<p>alapk\u00e9pz\u00e9s<\/p>\n<\/td>\n<td style=\"text-align: center;height: 53px\">\n<p>3<\/p>\n<\/td>\n<\/tr>\n<tr style=\"height: 53px\">\n<td style=\"text-align: center;height: 53px\">\n<p>13<\/p>\n<\/td>\n<td style=\"text-align: center;height: 53px\">\n<p>2021. janu\u00e1r &#8211; 2021. \u00e1prilis<\/p>\n<\/td>\n<td style=\"text-align: center;height: 53px\">\n<p>alapk\u00e9pz\u00e9s<\/p>\n<\/td>\n<td style=\"text-align: center;height: 53px\">\n<p>2<\/p>\n<\/td>\n<\/tr>\n<tr style=\"height: 53px\">\n<td style=\"text-align: center;height: 53px\">\n<p>14<\/p>\n<\/td>\n<td style=\"text-align: center;height: 53px\">\n<p>2021. janu\u00e1r &#8211; 2021. m\u00e1jus<\/p>\n<\/td>\n<td style=\"text-align: center;height: 53px\">\n<p>mesterk\u00e9pz\u00e9s<\/p>\n<\/td>\n<td style=\"text-align: center;height: 53px\">\n<p>4<\/p>\n<\/td>\n<\/tr>\n<tr style=\"height: 53px\">\n<td style=\"text-align: center;height: 53px\">\n<p>15<\/p>\n<\/td>\n<td style=\"text-align: center;height: 53px\">\n<p>2021. m\u00e1rcius &#8211; 2021. j\u00fanius<\/p>\n<\/td>\n<td style=\"text-align: center;height: 53px\">\n<p>alapk\u00e9pz\u00e9s<\/p>\n<\/td>\n<td style=\"text-align: center;height: 53px\">\n<p>2<\/p>\n<\/td>\n<\/tr>\n<tr style=\"height: 53px\">\n<td style=\"text-align: center;height: 53px\">\n<p>16<\/p>\n<\/td>\n<td style=\"text-align: center;height: 53px\">\n<p>2021. m\u00e1rcius &#8211; 2021. j\u00fanius<\/p>\n<\/td>\n<td style=\"text-align: center;height: 53px\">\n<p>mesterk\u00e9pz\u00e9s<\/p>\n<\/td>\n<td style=\"text-align: center;height: 53px\">\n<p>4<\/p>\n<\/td>\n<\/tr>\n<tr style=\"height: 53px\">\n<td style=\"text-align: center;height: 53px\">\n<p>17<\/p>\n<\/td>\n<td style=\"text-align: center;height: 53px\">\n<p>2021. m\u00e1jus &#8211; 2021. szeptember<\/p>\n<\/td>\n<td style=\"text-align: center;height: 53px\">\n<p>mesterk\u00e9pz\u00e9s<\/p>\n<\/td>\n<td style=\"text-align: center;height: 53px\">\n<p>2<\/p>\n<\/td>\n<\/tr>\n<tr style=\"height: 53px\">\n<td style=\"text-align: center;height: 53px\">\n<p>18<\/p>\n<\/td>\n<td style=\"text-align: center;height: 53px\">\n<p>2021. szeptember &#8211; 2021. okt\u00f3ber<\/p>\n<\/td>\n<td style=\"text-align: center;height: 53px\">\n<p>alapk\u00e9pz\u00e9s<\/p>\n<\/td>\n<td style=\"text-align: center;height: 53px\">\n<p>1<\/p>\n<\/td>\n<\/tr>\n<tr style=\"height: 53px\">\n<td style=\"text-align: center;height: 53px\">\n<p>19<\/p>\n<\/td>\n<td style=\"text-align: center;height: 53px\">\n<p>2022. febru\u00e1r &#8211; 2022. j\u00fanius<\/p>\n<\/td>\n<td style=\"text-align: center;height: 53px\">\n<p>mesterk\u00e9pz\u00e9s<\/p>\n<\/td>\n<td style=\"text-align: center;height: 53px\">\n<p>1<\/p>\n<\/td>\n<\/tr>\n<tr style=\"height: 53px\">\n<td style=\"text-align: center;height: 53px\">\n<p>20<\/p>\n<\/td>\n<td style=\"text-align: center;height: 53px\">\n<p>2022. febru\u00e1r &#8211;\u00a0 2022. augusztus<\/p>\n<\/td>\n<td style=\"text-align: center;height: 53px\">\n<p>alapk\u00e9pz\u00e9s<\/p>\n<\/td>\n<td style=\"text-align: center;height: 53px\">\n<p>1<\/p>\n<\/td>\n<\/tr>\n<tr style=\"height: 53px\">\n<td style=\"text-align: center;height: 53px\">\n<p>21<\/p>\n<\/td>\n<td style=\"text-align: center;height: 53px\">\n<p>2022. szeptember &#8211; 2023. janu\u00e1r<\/p>\n<\/td>\n<td style=\"text-align: center;height: 53px\">\n<p>mesterk\u00e9pz\u00e9s<\/p>\n<\/td>\n<td style=\"text-align: center;height: 53px\">\n<p>1<\/p>\n<\/td>\n<\/tr>\n<tr style=\"height: 53px\">\n<td style=\"text-align: center;height: 53px\">\n<p>22<\/p>\n<\/td>\n<td style=\"text-align: center;height: 53px\">\n<p>2022. szeptember &#8211; 2023. febru\u00e1r<\/p>\n<\/td>\n<td style=\"text-align: center;height: 53px\">\n<p>alapk\u00e9pz\u00e9s<\/p>\n<\/td>\n<td style=\"text-align: center;height: 53px\">\n<p>2<\/p>\n<\/td>\n<\/tr>\n<tr style=\"height: 53px\">\n<td style=\"text-align: center;height: 53px\">\n<p>23<\/p>\n<\/td>\n<td style=\"text-align: center;height: 53px\">\n<p>2023. febru\u00e1r &#8211; 2023. \u00e1prilis<\/p>\n<\/td>\n<td style=\"text-align: center;height: 53px\">\n<p>alapk\u00e9pz\u00e9s<\/p>\n<\/td>\n<td style=\"text-align: center;height: 53px\">\n<p>2<\/p>\n<\/td>\n<\/tr>\n<\/tbody>\n<\/table>\n<hr \/>\n<h5>Tov\u00e1bbi hasznos inform\u00e1ci\u00f3k<\/h5>\n<ul style=\"list-style-type: square\">\n<li><strong><a href=\"https:\/\/semmelweis.hu\/emk\/szocialis-vezetokepzo-tudaskozpont\/a-szocialis-vezetokepzesrol\/\" target=\"_blank\" rel=\"noopener\">A szoci\u00e1lis vezet\u0151k\u00e9pz\u00e9sr\u0151l<\/a><\/strong><\/li>\n<li><strong><a href=\"https:\/\/semmelweis.hu\/emk\/szocialis-vezetokepzo-tudaskozpont\/oktatas-2-2\/\" target=\"_blank\" rel=\"noopener\">Oktat\u00e1s<\/a><\/strong><\/li>\n<li><strong><a href=\"https:\/\/semmelweis.hu\/emk\/szocialis-vezetokepzo-tudaskozpont\/intezmenymenedzsment-2\/\" target=\"_blank\" rel=\"noopener\">Int\u00e9zm\u00e9nymenedzsment<\/a><\/strong><\/li>\n<li><strong><a href=\"https:\/\/semmelweis.hu\/emk\/szocialis-vezetokepzo-tudaskozpont\/kiadvanyok-publikaciok\/\" target=\"_blank\" rel=\"noopener\">Kiadv\u00e1nyok\/Publik\u00e1ci\u00f3k<\/a><\/strong><\/li>\n<li><strong><a href=\"https:\/\/semmelweis.hu\/emk\/szocialis-vezetokepzo-tudaskozpont\/esemenynaptar-2\/\" target=\"_blank\" rel=\"noopener\">Esem\u00e9nynapt\u00e1r<\/a><\/strong><\/li>\n<li><strong><a href=\"https:\/\/semmelweis.hu\/emk\/szocialis-vezetokepzo-tudaskozpont\/szocialis-valsagmenedzsment-eszkoztar\/\" target=\"_blank\" rel=\"noopener\">Szoci\u00e1lis V\u00e1ls\u00e1gmenedzsment Eszk\u00f6zt\u00e1r<\/a><\/strong><\/li>\n<li><strong><a href=\"https:\/\/semmelweis.hu\/emk\/szocialis-vezetokepzo-tudaskozpont\/hirlevel\/\" target=\"_blank\" rel=\"noopener\">H\u00edrlev\u00e9l<\/a><\/strong><\/li>\n<li><strong><a href=\"https:\/\/semmelweis.hu\/emk\/szocialis-vezetokepzo-tudaskozpont\/elerhetosegek-2-2\/\" target=\"_blank\" rel=\"noopener\">El\u00e9rhet\u0151s\u00e9gek<\/a><\/strong><\/li>\n<li><strong><a href=\"https:\/\/semmelweis.hu\/emk\/szocialis-vezetokepzo-tudaskozpont\/gyik-2\/\" target=\"_blank\" rel=\"noopener\">GYIK<\/a><\/strong><\/li>\n<li><strong><a href=\"https:\/\/semmelweis.hu\/emk\/szocialis-vezetokepzo-tudaskozpont\/rolunk-mondtak-2\/\" target=\"_blank\" rel=\"noopener\">R\u00f3lunk mondt\u00e1k<\/a><\/strong><\/li>\n<\/ul>\n<div class=\"keretes w-100\">\n<p style=\"text-align: justify\"><strong>A Semmelweis Egyetem Eg\u00e9szs\u00e9g\u00fcgyi K\u00f6zszolg\u00e1lati Kar Eg\u00e9szs\u00e9g\u00fcgyi Menedzserk\u00e9pz\u0151 K\u00f6zpont \u2013 Szoci\u00e1lis Vezet\u0151k\u00e9pz\u0151 Tud\u00e1sk\u00f6zpontot\u00a0 (SZVK)\u00a0<\/strong>\u00e9rint\u0151 k\u00e9rd\u00e9seivel forduljon hozz\u00e1nk bizalommal a\u00a0<a href=\"mailto:szocialisvezetokepzes@emk.semmelweis.hu\" target=\"_blank\" rel=\"noopener\">szocialisvezetokepzes@emk.semmelweis.hu<\/a>\u00a0e-mail-c\u00edmen!<\/p>\n<\/div>\n","protected":false},"excerpt":{"rendered":"<p>Befejezett k\u00e9pz\u00e9si id\u0151szakok \u00e9s csoportsz\u00e1mok: <a href=\"https:\/\/semmelweis.hu\/emk\/szocialis-vezetokepzo-tudaskozpont\/a-projektrol\/\">Szoci\u00e1lis hum\u00e1n er\u0151forr\u00e1s fejleszt\u00e9se projekt<\/a> Sorsz\u00e1m K\u00e9pz\u00e9si id\u0151szak K\u00e9pz\u00e9si t\u00edpus K\u00e9pz\u00e9si csoportsz\u00e1m 1 2018. m\u00e1jus &#8211; j\u00falius Pilot mesterk\u00e9pz\u00e9s 1 2 2018. szeptember \u2013 2019. febru\u00e1r mesterk\u00e9pz\u00e9s 6 3 2019. febru\u00e1r &#8211; \u00e1prilis Pilot alapk\u00e9pz\u00e9s 2 4 2019. febru\u00e1r &#8211; j\u00falius mesterk\u00e9pz\u00e9s 6 5 2019. \u00e1prilis &#8211; j\u00fanius alapk\u00e9pz\u00e9s 5 6 2019. szeptember &#8211; december &hellip;<\/p>\n","protected":false},"author":101742,"featured_media":0,"parent":17475,"menu_order":2,"comment_status":"closed","ping_status":"closed","template":"","meta":{"_acf_changed":false,"footnotes":""},"categories":[],"tags":[],"class_list":["post-17578","page","type-page","status-publish","hentry"],"acf":[],"_links":{"self":[{"href":"https:\/\/semmelweis.hu\/emk\/wp-json\/wp\/v2\/pages\/17578","targetHints":{"allow":["GET"]}}],"collection":[{"href":"https:\/\/semmelweis.hu\/emk\/wp-json\/wp\/v2\/pages"}],"about":[{"href":"https:\/\/semmelweis.hu\/emk\/wp-json\/wp\/v2\/types\/page"}],"author":[{"embeddable":true,"href":"https:\/\/semmelweis.hu\/emk\/wp-json\/wp\/v2\/users\/101742"}],"replies":[{"embeddable":true,"href":"https:\/\/semmelweis.hu\/emk\/wp-json\/wp\/v2\/comments?post=17578"}],"version-history":[{"count":12,"href":"https:\/\/semmelweis.hu\/emk\/wp-json\/wp\/v2\/pages\/17578\/revisions"}],"predecessor-version":[{"id":26893,"href":"https:\/\/semmelweis.hu\/emk\/wp-json\/wp\/v2\/pages\/17578\/revisions\/26893"}],"up":[{"embeddable":true,"href":"https:\/\/semmelweis.hu\/emk\/wp-json\/wp\/v2\/pages\/17475"}],"wp:attachment":[{"href":"https:\/\/semmelweis.hu\/emk\/wp-json\/wp\/v2\/media?parent=17578"}],"wp:term":[{"taxonomy":"category","embeddable":true,"href":"https:\/\/semmelweis.hu\/emk\/wp-json\/wp\/v2\/categories?post=17578"},{"taxonomy":"post_tag","embeddable":true,"href":"https:\/\/semmelweis.hu\/emk\/wp-json\/wp\/v2\/tags?post=17578"}],"curies":[{"name":"wp","href":"https:\/\/api.w.org\/{rel}","templated":true}]}}