{"id":17575,"date":"2020-09-10T11:36:58","date_gmt":"2020-09-10T09:36:58","guid":{"rendered":"https:\/\/semmelweis.hu\/emk\/?page_id=17575"},"modified":"2026-03-12T11:09:23","modified_gmt":"2026-03-12T10:09:23","slug":"oktatas-2-2","status":"publish","type":"page","link":"https:\/\/semmelweis.hu\/emk\/szocialis-vezetokepzo-tudaskozpont\/oktatas-2-2\/","title":{"rendered":"Oktat\u00e1s"},"content":{"rendered":"<h2 style=\"text-align: justify\"><a href=\"https:\/\/semmelweis.hu\/emk\/szocialis-vezetokepzo-tudaskozpont\/oktatas-2-2\/szocialis-vezetokepzes\/\" target=\"_blank\" rel=\"noopener\">Vezet\u0151k\u00e9pz\u00e9s<\/a><\/h2>\n<p>K\u00e9t kulcs \u00e9rt\u00e9k: <strong>TUDATOSS\u00c1G \u2013 GYAKORLATIASS\u00c1G<\/strong><\/p>\n<p style=\"text-align: justify\">A szoci\u00e1lis igazgat\u00e1sr\u00f3l \u00e9s szoci\u00e1lis ell\u00e1t\u00e1sokr\u00f3l sz\u00f3l\u00f3 1993. \u00e9vi III. tv. 92\/D. \u00a7 (2) bekezd\u00e9se \u00e9rtelm\u00e9ben <strong>2018. janu\u00e1r 1-t\u0151l<\/strong> a szem\u00e9lyes gondoskod\u00e1st ny\u00fajt\u00f3 szoci\u00e1lis, gyermekj\u00f3l\u00e9ti \u00e9s gyermekv\u00e9delmi tev\u00e9kenys\u00e9get v\u00e9gz\u0151, <strong>vezet\u0151i megb\u00edz\u00e1ssal rendelkez\u0151 szem\u00e9lyek<\/strong><strong> k\u00e9pz\u00e9s\u00e9nek rendszere \u00e1talak\u00edt\u00e1sra ker\u00fclt<\/strong>.<\/p>\n<p style=\"text-align: justify\">Az \u00faj k\u00e9pz\u00e9si rendszerben a vezet\u0151i megb\u00edz\u00e1s felt\u00e9tele az <strong>alap vezet\u0151k\u00e9pz\u00e9sen <\/strong>(90 \u00f3ra) vagy <strong>mester vezet\u0151k\u00e9pz\u00e9s<\/strong>en (120 \u00f3ra), majd k\u00e9t\u00e9venk\u00e9nt <strong>meg\u00faj\u00edt\u00f3 k\u00e9pz\u00e9s<\/strong>en (16, ill. 24 \u00f3ra) val\u00f3 r\u00e9szv\u00e9tel.<\/p>\n<div class=\"keretes w-100\"><strong>K\u00e9pz\u00e9sek:<\/strong><\/p>\n<ul>\n<li><strong><a href=\"https:\/\/semmelweis.hu\/emk\/szocialis-vezetokepzo-tudaskozpont\/oktatas-2-2\/szocialis-vezetokepzes\/megujito-kepzes\/\" target=\"_blank\" rel=\"noopener noreferrer\">Meg\u00faj\u00edt\u00f3 k\u00e9pz\u00e9sek<\/a><\/strong><\/li>\n<li><strong><a href=\"https:\/\/semmelweis.hu\/emk\/szocialis-vezetokepzo-tudaskozpont\/oktatas-2-2\/szocialis-vezetokepzes\/alapozo-kepzes\/\" target=\"_blank\" rel=\"noopener noreferrer\">Alapoz\u00f3 k\u00e9pz\u00e9sek<\/a><\/strong><\/li>\n<\/ul>\n<\/div>\n<p style=\"text-align: center\"><a class=\"button\" href=\"https:\/\/semmelweis.hu\/emk\/dokumentumok\/\">Dokumentumt\u00e1r<\/a><\/p>\n<hr \/>\n<h2>Szakir\u00e1ny\u00fa tov\u00e1bbk\u00e9pz\u00e9s<\/h2>\n<div class=\"keretes w-100\">\n<p style=\"text-align: justify\"><strong>2025 szeptember\u00e9t\u0151l a szoci\u00e1lis szolg\u00e1ltat\u00e1smenedzsment szakir\u00e1ny\u00fa (SZSZM) tov\u00e1bbk\u00e9pz\u00e9si szakot a tantervet \u00e1tdolgozva \u00e9s tov\u00e1bbfejlesztve <a href=\"https:\/\/semmelweis.hu\/emk\/oktatas\/mesterkepzes\/integralt-szocialis-szolgaltatasi-menedzsment-iszszm\/\" target=\"_blank\" rel=\"noopener\">integr\u00e1lt szoci\u00e1lis szolg\u00e1ltat\u00e1si menedzsment mesterk\u00e9pz\u00e9s<\/a>k\u00e9nt (ISZSZM) ind\u00edtjuk. Tov\u00e1bbi inform\u00e1ci\u00f3kat az \u00faj mesterk\u00e9pz\u00e9s oldal\u00e1n olvashatnak.<\/strong><\/p>\n<\/div>\n<h3 style=\"text-align: justify\"><a href=\"https:\/\/semmelweis.hu\/emk\/szocialis-szolgaltatasmenedzsment-szakiranyu-tovabbkepzes\/\" target=\"_blank\" rel=\"noopener\">Szoci\u00e1lis szolg\u00e1ltat\u00e1smenedzsment szakir\u00e1ny\u00fa tov\u00e1bbk\u00e9pz\u00e9s<\/a><\/h3>\n<div class=\"fontos_div w-100\">\n<p><strong>Jelenleg nem ind\u00edtjuk.<\/strong><\/p>\n<\/div>\n<p style=\"text-align: center\"><a class=\"button\" href=\"https:\/\/www.youtube.com\/watch?v=gwqNf2hNVv0\" target=\"_blank\" rel=\"noopener\">Vide\u00f3 aj\u00e1nl\u00f3 a k\u00e9pz\u00e9sr\u0151l<\/a><\/p>\n<p style=\"text-align: justify\">A szakir\u00e1ny\u00fa tov\u00e1bbk\u00e9pz\u00e9s c\u00e9lja a szoci\u00e1lis szolg\u00e1ltat\u00e1sok ter\u00fclet\u00e9n jelentkez\u0151 ir\u00e1ny\u00edt\u00f3i, vezet\u0151i, szervez\u0151i feladatok t\u00e1mogat\u00e1sa, azok hat\u00e9kony \u00e9s innovat\u00edv ell\u00e1t\u00e1s\u00e1ra val\u00f3 felk\u00e9sz\u00edt\u00e9s, korszer\u0171 \u00e1gazati \u00e9s menedzsment ismeretek, technik\u00e1k gyakorlatorient\u00e1lt \u00e1tad\u00e1sa, vezet\u0151i szeml\u00e9let form\u00e1l\u00e1sa \u00e1ltal.<\/p>\n<p style=\"text-align: justify\">A k\u00e9pz\u00e9si program t\u00f6bb pill\u00e9ren \u00e1ll: \u201eSzoci\u00e1lis szolg\u00e1ltat\u00e1sok rendszerek \u00e9s strat\u00e9gi\u00e1k\u201d, \u201eSzoci\u00e1lis szervezet keretei \u00e9s folyamatai\u201d, \u201eSzoci\u00e1lis szervezet vezet\u00e9se\u201d, \u201eFenntarthat\u00f3 finansz\u00edroz\u00e1s\u201d, \u201eSzoci\u00e1lis innov\u00e1ci\u00f3\u201d \u00e9s \u201eVezet\u0151i technik\u00e1k elsaj\u00e1t\u00edt\u00e1sa\u201d r\u00e9szek egym\u00e1sra \u00e9p\u00fclve, de m\u00e1s-m\u00e1s oldalr\u00f3l j\u00e1rulnak hozz\u00e1 a hallgat\u00f3 elm\u00e9leti \u00e9s gyakorlati ismereteinek, valamint szoci\u00e1lis vezet\u0151i kompetenci\u00e1inak fejleszt\u00e9s\u00e9hez.<\/p>\n<hr \/>\n<h2><a href=\"https:\/\/semmelweis.hu\/emk\/szocialis-vezetokepzo-tudaskozpont\/oktatas-2-2\/szocialis-szakmai-tovabbkepzesek\/\" target=\"_blank\" rel=\"noopener\">Szakmai tov\u00e1bbk\u00e9pz\u00e9sek szervez\u00e9se<\/a><\/h2>\n<p style=\"text-align: justify\">A szoci\u00e1lis szakemberek r\u00e9sz\u00e9re ind\u00edtunk min\u0151s\u00edtett szakmai tov\u00e1bbk\u00e9pz\u00e9seket (6 alkalmas m\u0171helysorozatok, szem\u00e9lyis\u00e9gfejleszt\u0151 tr\u00e9ning), amelyek az al\u00e1bbi t\u00e9mater\u00fcleteken t\u00e1mogatj\u00e1k a szakembereket: szolg\u00e1ltat\u00e1sok fenntarthat\u00f3s\u00e1ga, m\u0171k\u00f6dtet\u00e9se, hat\u00e9kony vezet\u0151i folyamatok biztos\u00edt\u00e1sa, ki\u00e9g\u00e9s prevenci\u00f3, szoci\u00e1lpolitikai rendszerek hat\u00e9kony m\u0171k\u00f6dtet\u00e9se.<\/p>\n<ul>\n<li><a href=\"https:\/\/semmelweis.hu\/emk\/szocialis-vezetokepzo-tudaskozpont\/oktatas-2-2\/szocialis-szakmai-tovabbkepzesek\/\" target=\"_blank\" rel=\"noopener noreferrer\">Szoci\u00e1lis szakmai tov\u00e1bbk\u00e9pz\u00e9sek<\/a><\/li>\n<\/ul>\n<hr \/>\n<div class=\"fontos_div w-100\">\n<p style=\"text-align: justify\">A Semmelweis Egyetem Eg\u00e9szs\u00e9g\u00fcgyi K\u00f6zszolg\u00e1lati Kar Eg\u00e9szs\u00e9g\u00fcgyi Menedzserk\u00e9pz\u0151 K\u00f6zpontban m\u0171k\u00f6d\u0151\u00a0<strong>Szoci\u00e1lis Vezet\u0151k\u00e9pz\u0151 Tud\u00e1sk\u00f6zpont<\/strong>ot (SZVK) \u00e9rint\u0151 k\u00e9rd\u00e9seit a <a href=\"mailto:szocialisvezetokepzes@emk.semmelweis.hu\" target=\"_blank\" rel=\"noopener\">szocialisvezetokepzes@emk.semmelweis.hu<\/a> e-mail-c\u00edmen v\u00e1rjuk.<\/p>\n<\/div>\n<p><strong>Tov\u00e1bbi hasznos inform\u00e1ci\u00f3k:<\/strong><\/p>\n<ul style=\"list-style-type: square\">\n<li><strong><a href=\"https:\/\/semmelweis.hu\/emk\/szocialis-vezetokepzo-tudaskozpont\/a-szocialis-vezetokepzesrol\/\" target=\"_blank\" rel=\"noopener\">A szoci\u00e1lis vezet\u0151k\u00e9pz\u00e9sr\u0151l<\/a><\/strong><\/li>\n<li><strong><a href=\"https:\/\/semmelweis.hu\/emk\/szocialis-vezetokepzo-tudaskozpont\/kiadvanyok-publikaciok\/\" target=\"_blank\" rel=\"noopener\">Kiadv\u00e1nyok\/Publik\u00e1ci\u00f3k<\/a><\/strong><\/li>\n<li><strong><a href=\"https:\/\/semmelweis.hu\/emk\/szocialis-vezetokepzo-tudaskozpont\/esemenynaptar-2\/\" target=\"_blank\" rel=\"noopener\">Esem\u00e9nynapt\u00e1r<\/a><\/strong><\/li>\n<li><strong><a href=\"https:\/\/semmelweis.hu\/emk\/szocialis-vezetokepzo-tudaskozpont\/szocialis-valsagmenedzsment-eszkoztar\/\" target=\"_blank\" rel=\"noopener\">Szoci\u00e1lis V\u00e1ls\u00e1gmenedzsment Eszk\u00f6zt\u00e1r<\/a><\/strong><\/li>\n<li><strong><a href=\"https:\/\/semmelweis.hu\/emk\/szocialis-vezetokepzo-tudaskozpont\/hirlevel\/\" target=\"_blank\" rel=\"noopener\">H\u00edrlev\u00e9l<\/a><\/strong><\/li>\n<li><strong><a href=\"https:\/\/semmelweis.hu\/emk\/szocialis-vezetokepzo-tudaskozpont\/elerhetosegek-2-2\/\" target=\"_blank\" rel=\"noopener\">El\u00e9rhet\u0151s\u00e9gek<\/a><\/strong><\/li>\n<li><strong><a href=\"https:\/\/semmelweis.hu\/emk\/szocialis-vezetokepzo-tudaskozpont\/gyik-2\/\" target=\"_blank\" rel=\"noopener\">GYIK<\/a><\/strong><\/li>\n<li><strong><a href=\"https:\/\/semmelweis.hu\/emk\/szocialis-vezetokepzo-tudaskozpont\/rolunk-mondtak-2\/\" target=\"_blank\" rel=\"noopener\">R\u00f3lunk mondt\u00e1k<\/a><\/strong><\/li>\n<\/ul>\n","protected":false},"excerpt":{"rendered":"<p><a href=\"https:\/\/semmelweis.hu\/emk\/szocialis-vezetokepzo-tudaskozpont\/oktatas-2-2\/szocialis-vezetokepzes\/\" target=\"_blank\" rel=\"noopener\">Vezet\u0151k\u00e9pz\u00e9s<\/a> K\u00e9t kulcs \u00e9rt\u00e9k: TUDATOSS\u00c1G \u2013 GYAKORLATIASS\u00c1G A szoci\u00e1lis igazgat\u00e1sr\u00f3l \u00e9s szoci\u00e1lis ell\u00e1t\u00e1sokr\u00f3l sz\u00f3l\u00f3 1993. \u00e9vi III. tv. 92\/D. \u00a7 (2) bekezd\u00e9se \u00e9rtelm\u00e9ben 2018. janu\u00e1r 1-t\u0151l a szem\u00e9lyes gondoskod\u00e1st ny\u00fajt\u00f3 szoci\u00e1lis, gyermekj\u00f3l\u00e9ti \u00e9s gyermekv\u00e9delmi tev\u00e9kenys\u00e9get v\u00e9gz\u0151, vezet\u0151i megb\u00edz\u00e1ssal rendelkez\u0151 szem\u00e9lyek k\u00e9pz\u00e9s\u00e9nek rendszere \u00e1talak\u00edt\u00e1sra ker\u00fclt. Az \u00faj k\u00e9pz\u00e9si rendszerben a vezet\u0151i megb\u00edz\u00e1s felt\u00e9tele az alap vezet\u0151k\u00e9pz\u00e9sen (90 &hellip;<\/p>\n","protected":false},"author":101742,"featured_media":0,"parent":17224,"menu_order":1,"comment_status":"closed","ping_status":"closed","template":"","meta":{"_acf_changed":false,"footnotes":""},"categories":[],"tags":[],"class_list":["post-17575","page","type-page","status-publish","hentry"],"acf":[],"_links":{"self":[{"href":"https:\/\/semmelweis.hu\/emk\/wp-json\/wp\/v2\/pages\/17575","targetHints":{"allow":["GET"]}}],"collection":[{"href":"https:\/\/semmelweis.hu\/emk\/wp-json\/wp\/v2\/pages"}],"about":[{"href":"https:\/\/semmelweis.hu\/emk\/wp-json\/wp\/v2\/types\/page"}],"author":[{"embeddable":true,"href":"https:\/\/semmelweis.hu\/emk\/wp-json\/wp\/v2\/users\/101742"}],"replies":[{"embeddable":true,"href":"https:\/\/semmelweis.hu\/emk\/wp-json\/wp\/v2\/comments?post=17575"}],"version-history":[{"count":12,"href":"https:\/\/semmelweis.hu\/emk\/wp-json\/wp\/v2\/pages\/17575\/revisions"}],"predecessor-version":[{"id":26881,"href":"https:\/\/semmelweis.hu\/emk\/wp-json\/wp\/v2\/pages\/17575\/revisions\/26881"}],"up":[{"embeddable":true,"href":"https:\/\/semmelweis.hu\/emk\/wp-json\/wp\/v2\/pages\/17224"}],"wp:attachment":[{"href":"https:\/\/semmelweis.hu\/emk\/wp-json\/wp\/v2\/media?parent=17575"}],"wp:term":[{"taxonomy":"category","embeddable":true,"href":"https:\/\/semmelweis.hu\/emk\/wp-json\/wp\/v2\/categories?post=17575"},{"taxonomy":"post_tag","embeddable":true,"href":"https:\/\/semmelweis.hu\/emk\/wp-json\/wp\/v2\/tags?post=17575"}],"curies":[{"name":"wp","href":"https:\/\/api.w.org\/{rel}","templated":true}]}}