{"id":17484,"date":"2020-09-10T12:48:36","date_gmt":"2020-09-10T10:48:36","guid":{"rendered":"https:\/\/semmelweis.hu\/emk\/?page_id=17484"},"modified":"2023-11-06T11:45:37","modified_gmt":"2023-11-06T10:45:37","slug":"szvk-szalon-2019-09-23","status":"publish","type":"page","link":"https:\/\/semmelweis.hu\/emk\/szvk-szalon-2019-09-23\/","title":{"rendered":"SZVK Szalon-2019.09.23."},"content":{"rendered":"<p><strong>\u201eBenne van-e a szoci\u00e1lis szakma genomj\u00e1ban az innov\u00e1ci\u00f3?\u201d<\/strong><\/p>\n<p>SZVK Szalon, 2019. szeptember 23.<\/p>\n<p>A Nemadomfel Caf\u00e9 adott otthont a Semmelweis Egyetem Szoci\u00e1lis Vezet\u0151k\u00e9pz\u00e9s\u00e9nek egyik leg\u00fajabb kezdem\u00e9nyez\u00e9se sz\u00e1m\u00e1ra. A Semmelweis Egyetem \u2013 ahol a magyarorsz\u00e1gi szoci\u00e1lis vezet\u0151k\u00e9pz\u00e9s elindult \u2013 csapata a form\u00e1lis k\u00e9pz\u00e9sei mellett sokf\u00e9le m\u00f3don pr\u00f3b\u00e1lja meg el\u0151seg\u00edteni a szoci\u00e1lis szakma \u201eh\u00e1l\u00f3zatosod\u00e1s\u00e1t\u201d. Ennek a folyamatnak egyik eleme az \u00fan. SZVK Szalon.<\/p>\n<p>Mi is az az SZVK Szalon?<\/p>\n<p>A Szoci\u00e1lis Vezet\u0151k\u00e9pz\u00e9s 2018. \u00e9vi elindul\u00e1sakor kit\u0171z\u00f6tt c\u00e9l szerint a k\u00e9pz\u00e9s szeretne j\u00f3val t\u00falmutatni a k\u00f6telez\u0151 kereteken. Ennek jegy\u00e9ben, a szoci\u00e1lis \u00e1gazat szakmai h\u00e1l\u00f3zatosod\u00e1s\u00e1t szolg\u00e1lva, t\u00f6bbf\u00e9le f\u00f3rum indult \u00fatnak. Ezek egyike \u2013 kifejezetten a v\u00e9gzett hallgat\u00f3knak, az \u00fan. alumni csoportnak \u2013 ez a szakmai \u00f6sszej\u00f6vetel. A tal\u00e1lkoz\u00f3 c\u00e9lja, hogy a szoci\u00e1lis szolg\u00e1ltat\u00e1sokkal \u00f6sszef\u00fcgg\u0151 vagy (l\u00e1tsz\u00f3lag) azokt\u00f3l t\u00e1vol l\u00e9v\u0151 ter\u00fcletek jeles k\u00e9pvisel\u0151ivel, k\u00f6tetlen besz\u00e9lget\u00e9s keretei k\u00f6z\u00f6tt kezd\u0151dj\u00f6n el egyfajta k\u00f6z\u00f6s gondolkod\u00e1s, szakmafejleszt\u00e9s.<\/p>\n<p>Az SZVK Szalon teh\u00e1t egy exkluz\u00edv szakmai besz\u00e9lget\u00e9ssorozat, mely sor\u00e1n egy t\u00e9m\u00e1t, javaslatot, kezdem\u00e9nyez\u00e9st, j\u00f3 gyakorlatot, \u00e9rdekess\u00e9get egy el\u0151ad\u00f3 mutat be, s azt a szoci\u00e1lis vezet\u0151k\u00e9pz\u00e9sben v\u00e9gzett vezet\u0151k r\u00e9szletesen megvitatj\u00e1k, k\u00f6tetlen \u00e9s kellemes k\u00f6rnyezetben.<\/p>\n<p>A tal\u00e1lkoz\u00e1s c\u00e9lja a szakmai fejl\u0151d\u00e9s, m\u00e1s perspekt\u00edv\u00e1k \u00e9szlel\u00e9se, megvitat\u00e1sa, \u00faj gondolatok felszabad\u00edt\u00e1sa, \u00f6tletek megfogalmaz\u00e1sa. Egy olyan szakmai besz\u00e9lget\u00e9s minden SZVK Szalon, amely a szoci\u00e1lis szakmai vezet\u0151k sz\u00e1m\u00e1ra t\u00e1vlatokat nyit, dilemm\u00e1kat mond ki, \u00faj k\u00e9rd\u00e9seket vet fel.<\/p>\n<p>Egy besz\u00e9lget\u00e9s &#8211; r\u00f6vid felvezet\u00e9st k\u00f6vet\u0151en &#8211; k\u00f6tetlen form\u00e1ban, mintegy 30-40 f\u0151vel zajlik, moder\u00e1tor seg\u00edts\u00e9g\u00e9vel. A besz\u00e9lget\u00e9sr\u0151l \u00f6sszefoglal\u00f3 k\u00e9sz\u00fcl, amely a Szoci\u00e1lpolitikai Szemle foly\u00f3iratban jelenik meg.<\/p>\n<p>Az els\u0151 alkalommal a Semmelweis Egyetem Eg\u00e9szs\u00e9g\u00fcgyi K\u00f6zszolg\u00e1lati Kar\u00e1nak d\u00e9k\u00e1nja, Dr. Sz\u00f3cska Mikl\u00f3s volt a Szalon vend\u00e9ge. A besz\u00e9lget\u00e9s t\u00e9m\u00e1ja: \u201eDigitaliz\u00e1ci\u00f3, adatb\u00e1ny\u00e1szat az eg\u00e9szs\u00e9g\u00fcgyi \u00e9s szoci\u00e1lis ell\u00e1t\u00f3rendszerben\u201d.<\/p>\n<figure id=\"attachment_17651\" aria-describedby=\"caption-attachment-17651\" style=\"width: 640px\" class=\"wp-caption aligncenter\"><img loading=\"lazy\" decoding=\"async\" class=\"wp-image-17651 size-full\" src=\"https:\/\/semmelweis.hu\/emk\/files\/2020\/09\/118788126_333740241159175_8338044866415718033_n.jpg\" alt=\"\" width=\"640\" height=\"480\" srcset=\"https:\/\/semmelweis.hu\/emk\/files\/2020\/09\/118788126_333740241159175_8338044866415718033_n.jpg 640w, https:\/\/semmelweis.hu\/emk\/files\/2020\/09\/118788126_333740241159175_8338044866415718033_n-400x300.jpg 400w\" sizes=\"auto, (max-width: 640px) 100vw, 640px\" \/><figcaption id=\"caption-attachment-17651\" class=\"wp-caption-text\">Dr. Sz\u00f3cska Mikl\u00f3s -SZVK Szalon, 2019.09.23.<\/figcaption><\/figure>\n<p>D\u00e9k\u00e1n \u00far a t\u0151le szokott lend\u00fclettel \u00e9s \u0151szintes\u00e9ggel vezette fel a rendk\u00edv\u00fcl aktu\u00e1lis t\u00e9m\u00e1t. Az eg\u00e9szs\u00e9g\u00fcgyben rendk\u00edv\u00fcl fontoss\u00e1 v\u00e1lt a hat\u00e9konys\u00e1g k\u00e9rd\u00e9se, s ennek sz\u00e1mos ter\u00fclete kapcsol\u00f3dik a t\u00e9m\u00e1hoz. El\u0151sz\u00f6r egy 2009-es l\u00e1togat\u00e1s t\u00f6rt\u00e9net\u00e9t ismerhett\u00fck meg, ahol a elhangzott egy \u2013 nem csak az eg\u00e9szs\u00e9g\u00fcgyre igaz \u2013 \u00e1ll\u00edt\u00e1s, miszerint \u201eamikor \u00e9p\u00fcleteket \u00e9p\u00edt\u00fcnk, totemeket \u00e9p\u00edt\u00fcnk\u201d, legyen sz\u00f3 k\u00f3rh\u00e1zr\u00f3l, vagy szoci\u00e1lis int\u00e9zm\u00e9nyr\u0151l. Azut\u00e1n ezekhez az \u00e9p\u00fcletekhez az adott k\u00f6z\u00f6ss\u00e9g ragaszkodni fog, m\u00e9g ha az m\u00e1r korszer\u0171tlen \u00e9s a 21. sz\u00e1zad eg\u00e9szen m\u00e1s szolg\u00e1ltat\u00e1sszervez\u00e9si modelleket ig\u00e9nyelne is.<\/p>\n<p>A beruh\u00e1z\u00e1si szempont \u2013 k\u00fcl\u00f6n\u00f6sen az \u00f6reged\u00e9sb\u0151l \u00e9s a v\u00e1rhat\u00f3 \u00e9letkor n\u00f6veked\u00e9sb\u0151l kisz\u00e1molhat\u00f3 \u2013 v\u00e1rhat\u00f3an \u00f3ri\u00e1si nyom\u00e1s mellett \u00edgy nem tarthat\u00f3. M\u00e1sfajta modellre lenne sz\u00fcks\u00e9g: a specialist\u00e1kat ig\u00e9nyl\u0151, magas intenzit\u00e1s\u00fa szolg\u00e1ltat\u00e1sokat, ell\u00e1t\u00e1sokat centraliz\u00e1lni kell, a rehabilit\u00e1ci\u00f3t \u00e9s az alapell\u00e1t\u00e1st a k\u00f6z\u00f6ss\u00e9gekben kell tartani.<\/p>\n<p>Hatalmas sz\u00fcks\u00e9g van (szoci\u00e1lis ter\u00fcleten ink\u00e1bb: lenne) a folyamatos hat\u00e9konys\u00e1gelemz\u00e9st lehet\u0151v\u00e9 tev\u0151 adatgy\u0171jt\u00e9sre \u00e9s adatok anal\u00edzis\u00e9re. Fontos lenne az ell\u00e1totti utak le\u00edr\u00e1s\u00e1ra \u00e9s k\u00f6vet\u00e9s\u00e9re a szoci\u00e1lis ell\u00e1t\u00e1sokban, \u00edgy lenne tervezhet\u0151 a kapacit\u00e1ssz\u00fcks\u00e9glet, a hat\u00e1sos beavatkoz\u00e1sok pedig beazonos\u00edthat\u00f3v\u00e1 v\u00e1ln\u00e1nak.<\/p>\n<p>K\u00fcl\u00f6n v\u00e1llal\u00e1sa volt a kor\u00e1bbi, 2010-14 k\u00f6z\u00f6tti eg\u00e9szs\u00e9gpolitikai ir\u00e1ny\u00edt\u00e1snak a hozz\u00e1f\u00e9r\u00e9sek \u00e9s leterhelts\u00e9gek kiegyenl\u00edt\u00e9se, a merev korl\u00e1tok \u00fajragondol\u00e1sa. A p\u00e1rhuzamoss\u00e1gok \u00e9s a kiel\u00e9g\u00edtetlen sz\u00fcks\u00e9gletek egyszerre vannak jelen \u2013 az eg\u00e9szs\u00e9g\u00fcgyben \u00e9s a szoci\u00e1lis szolg\u00e1ltat\u00e1sok k\u00f6r\u00e9ben egyar\u00e1nt. A beruh\u00e1z\u00e1si sz\u00fcks\u00e9gleteket csak mindezek ut\u00e1n \u00e9rdemes v\u00e9giggondolni.<\/p>\n<p>A \u201epopul\u00e1ci\u00f3s szint\u0171 eg\u00e9szs\u00e9gmenedzsment\u201d informatikai alapjai k\u00e9szen vannak, l\u00e9teznek j\u00f3 gyakorlatok a vil\u00e1gban (a legl\u00e1tv\u00e1nyosabb p\u00e9ld\u00e1k a cukorbetegs\u00e9ggel kapcsolatos beavatkoz\u00e1sok k\u00f6r\u00e9b\u0151l hangzottak el). A szoci\u00e1lis ell\u00e1t\u00e1sok c\u00e9lzott beavatkoz\u00e1sai k\u00f6r\u00e9ben is hasznos lenne v\u00e9giggondolni \u00e9s fel\u00e1ll\u00edtani az elemz\u00e9seket v\u00e9gz\u0151 kutat\u00f3csoportokat. A hozz\u00e1rendelhet\u0151 tud\u00e1sokat \u00f6ssze kell szedni, ha sz\u00fcks\u00e9ges, ki kell alak\u00edtani az ehhez szabott, megfelel\u0151 k\u00e9pz\u00e9seket (a k\u00e9tf\u00e9le tud\u00e1shalmaz, a szakmai ismeretek \u00e9s az IT-ismeretek k\u00f6z\u00f6s halmaza m\u00e9g \u201enem t\u00fal t\u00e1gas\u201d).<\/p>\n<p>Nem lehet el\u00e9gg\u00e9 hangs\u00falyozni az adatgy\u0171jt\u00e9s, rendszerez\u00e9s \u00e9s hozz\u00e1f\u00e9r\u00e9s biztos\u00edt\u00e1s\u00e1nak a fontoss\u00e1g\u00e1t. De hasonl\u00f3an fontos a korszer\u0171 eszk\u00f6z\u00f6k (okostelefonos alkalmaz\u00e1sok \u00e9s azokat kieg\u00e9sz\u00edt\u0151 eszk\u00f6z\u00f6k) haszn\u00e1lat\u00e1nak elterjeszt\u00e9se. Ezzel egyr\u00e9szt rendk\u00edv\u00fcl sok, feldolgozhat\u00f3 adatot kapnak a koordin\u00e1l\u00f3 rendszerek, m\u00e1sr\u00e9szt a mindennapi \u00e9letet megk\u00f6nny\u00edti, a l\u00e9tez\u0151 szolg\u00e1ltat\u00e1sokat kieg\u00e9sz\u00edti vagy p\u00f3tolja.<\/p>\n<p>A technol\u00f3gi\u00e1ban b\u00edzni kell \u2013 tal\u00e1n nincs is m\u00e1s utunk, hiszen tart\u00f3s hum\u00e1ner\u0151forr\u00e1s hi\u00e1ny mellett kell a j\u00f6v\u0151 eg\u00e9szs\u00e9g\u00fcgyi \u00e9s szoci\u00e1lis ell\u00e1t\u00e1s\u00e1t v\u00e9giggondolni.<\/p>\n<p>A digit\u00e1lis ell\u00e1t\u00e1si modellek magyarorsz\u00e1gi elterjeszt\u00e9s\u00e9ben \u00e9len k\u00edv\u00e1n j\u00e1rni a Semmelweis Egyetem Eg\u00e9szs\u00e9g\u00fcgyi K\u00f6zszolg\u00e1lati Kara, mely els\u0151sorban a Digit\u00e1lis Eg\u00e9szs\u00e9gtudom\u00e1nyi Int\u00e9zet kereteit felhaszn\u00e1lva \u2013 err\u0151l r\u00e9szletesebben: semmelweis.hu\/emk \u2013 vesz r\u00e9szt az eg\u00e9szs\u00e9g\u00fcgy meg\u00faj\u00edt\u00e1s\u00e1ban. Az innov\u00e1ci\u00f3s paletta a mesters\u00e9ges intelligencia alap\u00fa diagn\u00f3zist\u00e1mogat\u00e1st\u00f3l az automatiz\u00e1l\u00e1sig terjed, amely el\u0151tt \u00f3ri\u00e1si fejl\u0151d\u00e9s \u00e1ll m\u00e9g. D\u00e9k\u00e1n \u00far a c\u00edmben is olvashat\u00f3 k\u00e9rd\u00e9ssel, amely szerint <em>\u201evajon k\u00e9pes-e a szoci\u00e1lis szolg\u00e1ltat\u00e1si rendszer a teljes innov\u00e1ci\u00f3ra\u201d<\/em>, z\u00e1rta felvezet\u0151 el\u0151ad\u00e1s\u00e1t, s adott biztat\u00e1st a helyi \u00e9s orsz\u00e1gos, rendszerszint\u0171 v\u00e1ltoz\u00e1sok kezdem\u00e9nyez\u00e9s\u00e9hez \u00e9s v\u00e9gigvezet\u00e9s\u00e9hez.<\/p>\n<p>A r\u00e9sztvev\u0151k hozz\u00e1sz\u00f3l\u00e1saiban megfogalmaz\u00f3d\u00f3 v\u00e9lem\u00e9nyek szerint a szoci\u00e1lis \u00e1gazatban is rendk\u00edv\u00fcl sok \u00e9s sokf\u00e9le adat keletkezik. Ezek feldolgoz\u00e1sa \u00e9s hasznos\u00edt\u00e1sa azonban rendk\u00edv\u00fcl kezdetleges szinten \u00e1ll. Kezdve a f\u0151bb nyilv\u00e1ntart\u00e1sainkt\u00f3l (KENYSZI, TEVADMIN, M\u0170KENG stb.) a kliensekre vonatkoz\u00f3, helyi dokument\u00e1ci\u00f3kig (gondoz\u00e1si tervekt\u0151l a \u201emacis lapokig\u201d) nagyon sok lehet\u0151s\u00e9g ny\u00edlna az adatok rendez\u00e9s\u00e9re. Ennek hatalmas el\u0151nye \u2013 egyben a rendszer \u00f3ri\u00e1si lehet\u0151s\u00e9ge \u2013 hogy sz\u00e1mos funkci\u00f3t \u00e9s feladatot tudna automatiz\u00e1lni, ezzel nagyon jelent\u0151sen cs\u00f6kkentve az adminisztr\u00e1ci\u00f3s terhet (ez\u00e1ltal felszabad\u00edtva rengeteg id\u0151t a kliensmunka sz\u00e1m\u00e1ra az irodai feladatokkal szemben).<\/p>\n<p>A szoci\u00e1lis szakm\u00e1ban teh\u00e1t alapvet\u0151en sok az adat, de ezek egy jelent\u0151s r\u00e9sz\u00e9re jellemz\u0151 a szubjektivit\u00e1s. Ez pedig \u00fajabb feladatot r\u00f3 az adatkezel\u0151kre \u00e9s elemz\u0151kre.<\/p>\n<p>Fontos \u00e9s megker\u00fclhetetlen k\u00e9rd\u00e9s az adatok f\u00f6l\u00f6tti kontroll, s itt \u00f3vakodni kell egyes piaci szerepl\u0151k \u00fczleti strat\u00e9gi\u00e1j\u00e1t kiszolg\u00e1l\u00f3 modellekt\u0151l. Olyan rendszerm\u0171k\u00f6d\u00e9s lenne a k\u00edv\u00e1natos, amely hossz\u00fat\u00e1von a k\u00f6z\u00f6ss\u00e9get k\u00e9pes szolg\u00e1lni, egyfajta \u201ek\u00f6zhaszn\u00fa adatmodell\u201d hazai kialak\u00edt\u00e1s\u00e1val.<\/p>\n<p>A szoci\u00e1lis ter\u00fcleten k\u00fcl\u00f6n lehet\u0151s\u00e9get adna a digitaliz\u00e1ci\u00f3 sz\u00e1m\u00e1ra a kiterjeszthet\u0151 szoci\u00e1lis diagn\u00f3zis. Sz\u00fcks\u00e9g lenne a 20. sz\u00e1zadot magunk m\u00f6g\u00f6tt hagyva \u00e9s a legkorszer\u0171bb technol\u00f3gi\u00e1kat felhaszn\u00e1lva, ell\u00e1tottbar\u00e1t \u00e9s szolg\u00e1ltat\u00f3i \u00e9letet is megk\u00f6nny\u00edt\u0151 megold\u00e1sokat keresni.<\/p>\n<p>A r\u00e9sztvev\u0151k egy\u00f6ntet\u0171en a t\u00e9ma napirenden tart\u00e1s\u00e1t javasolt\u00e1k, azzal, hogy \u00e9rdemes lenne tov\u00e1bbi besz\u00e9lget\u00e9seket is folytatni e k\u00e9rd\u00e9sk\u00f6rben.<\/p>\n<p><strong>Nyitrai Imre<\/strong><\/p>\n<p>Semmelweis Egyetem<\/p>\n<p>Szoci\u00e1lis Vezet\u0151k\u00e9pz\u00e9s<\/p>\n<p>strat\u00e9giai vezet\u0151<\/p>\n<p>&nbsp;<\/p>\n<p>&nbsp;<\/p>\n","protected":false},"excerpt":{"rendered":"<p>\u201eBenne van-e a szoci\u00e1lis szakma genomj\u00e1ban az innov\u00e1ci\u00f3?\u201d SZVK Szalon, 2019. szeptember 23. A Nemadomfel Caf\u00e9 adott otthont a Semmelweis Egyetem Szoci\u00e1lis Vezet\u0151k\u00e9pz\u00e9s\u00e9nek egyik leg\u00fajabb kezdem\u00e9nyez\u00e9se sz\u00e1m\u00e1ra. A Semmelweis Egyetem \u2013 ahol a magyarorsz\u00e1gi szoci\u00e1lis vezet\u0151k\u00e9pz\u00e9s elindult \u2013 csapata a form\u00e1lis k\u00e9pz\u00e9sei mellett sokf\u00e9le m\u00f3don pr\u00f3b\u00e1lja meg el\u0151seg\u00edteni a szoci\u00e1lis szakma \u201eh\u00e1l\u00f3zatosod\u00e1s\u00e1t\u201d. Ennek a folyamatnak &hellip;<\/p>\n","protected":false},"author":101742,"featured_media":0,"parent":0,"menu_order":0,"comment_status":"closed","ping_status":"closed","template":"","meta":{"_acf_changed":false,"footnotes":""},"categories":[],"tags":[],"class_list":["post-17484","page","type-page","status-publish","hentry"],"acf":[],"_links":{"self":[{"href":"https:\/\/semmelweis.hu\/emk\/wp-json\/wp\/v2\/pages\/17484","targetHints":{"allow":["GET"]}}],"collection":[{"href":"https:\/\/semmelweis.hu\/emk\/wp-json\/wp\/v2\/pages"}],"about":[{"href":"https:\/\/semmelweis.hu\/emk\/wp-json\/wp\/v2\/types\/page"}],"author":[{"embeddable":true,"href":"https:\/\/semmelweis.hu\/emk\/wp-json\/wp\/v2\/users\/101742"}],"replies":[{"embeddable":true,"href":"https:\/\/semmelweis.hu\/emk\/wp-json\/wp\/v2\/comments?post=17484"}],"version-history":[{"count":6,"href":"https:\/\/semmelweis.hu\/emk\/wp-json\/wp\/v2\/pages\/17484\/revisions"}],"predecessor-version":[{"id":17654,"href":"https:\/\/semmelweis.hu\/emk\/wp-json\/wp\/v2\/pages\/17484\/revisions\/17654"}],"wp:attachment":[{"href":"https:\/\/semmelweis.hu\/emk\/wp-json\/wp\/v2\/media?parent=17484"}],"wp:term":[{"taxonomy":"category","embeddable":true,"href":"https:\/\/semmelweis.hu\/emk\/wp-json\/wp\/v2\/categories?post=17484"},{"taxonomy":"post_tag","embeddable":true,"href":"https:\/\/semmelweis.hu\/emk\/wp-json\/wp\/v2\/tags?post=17484"}],"curies":[{"name":"wp","href":"https:\/\/api.w.org\/{rel}","templated":true}]}}