{"id":17471,"date":"2020-09-10T12:02:38","date_gmt":"2020-09-10T10:02:38","guid":{"rendered":"https:\/\/semmelweis.hu\/emk\/?page_id=17471"},"modified":"2026-03-12T11:38:16","modified_gmt":"2026-03-12T10:38:16","slug":"megvalosult-intezmenymenedzsment-programok","status":"publish","type":"page","link":"https:\/\/semmelweis.hu\/emk\/szocialis-vezetokepzo-tudaskozpont\/a-projektrol\/megvalosult-intezmenymenedzsment-programok\/","title":{"rendered":"Megval\u00f3sult int\u00e9zm\u00e9nymenedzsment programok"},"content":{"rendered":"<h2 style=\"text-align: justify\">Int\u00e9zm\u00e9nymenedzsment program<\/h2>\n<p style=\"text-align: justify\">A szoci\u00e1lis vezet\u0151k\u00e9pz\u00e9sben az int\u00e9zm\u00e9nyvezet\u0151k \u00e1ltal elsaj\u00e1t\u00edtott korszer\u0171 vezet\u0151i ismeretek, az \u00fajszer\u0171 megk\u00f6zel\u00edt\u00e9sek szervezeti szinten, a <strong>gyakorlatban t\u00f6rt\u00e9n\u0151 eredm\u00e9nyesebb hasznosul\u00e1sa<\/strong> \u00e9rdek\u00e9ben dolgoztuk ki int\u00e9zm\u00e9nymenedzsment programunkat, melyhez a projekt id\u0151szaka alatt <strong>8 helysz\u00ednen, 10 int\u00e9zm\u00e9nynek, \u00f6sszesen 155 f\u0151 <\/strong>r\u00e9sztvev\u0151vel volt lehet\u0151s\u00e9ge csatlakozni. \u00a0<\/p>\n<p style=\"text-align: justify\">A programok keret\u00e9ben az int\u00e9zm\u00e9nyekben olyan, az ell\u00e1t\u00e1s min\u0151s\u00e9g\u00e9ben \u00e9s hat\u00e9konys\u00e1g\u00e1ban is jelentkez\u0151, gyakorlati probl\u00e9m\u00e1kon alapul\u00f3 fejleszt\u00e9s indult el, amelyek v\u00e9gs\u0151 c\u00e9lja <strong>v\u00e1ltoztat\u00e1si projektek, programok<\/strong> beind\u00edt\u00e1sa.<\/p>\n<p style=\"text-align: justify\">A programban a vezet\u0151k\u00e9pz\u00e9si modulok oktat\u00f3inak r\u00e9szv\u00e9tel\u00e9vel t\u00f6rt\u00e9nt a k\u00f6z\u00f6s munka, azzal a c\u00e9llal, hogy a projektek lebonyol\u00edt\u00e1s\u00e1n kereszt\u00fcl az <strong>int\u00e9zm\u00e9ny szakmai-szervezeti kereteiben, folyamataiban, tev\u00e9kenys\u00e9geinek tartalm\u00e1ban, hat\u00e9konys\u00e1g\u00e1ban eredm\u00e9nyes v\u00e1ltoz\u00e1s <\/strong>induljon el. A program sor\u00e1n folyamatt\u00e1mogat\u00e1st \u00e9s t\u00f6bbf\u00e9le szakmai, m\u00f3dszertani seg\u00edts\u00e9get is ny\u00fajtottak az oktat\u00f3k. A megszerzett tud\u00e1st az <strong>int\u00e9zm\u00e9nyek konkr\u00e9t probl\u00e9m\u00e1ik megold\u00e1s\u00e1ban, kih\u00edv\u00e1sok kezel\u00e9s\u00e9ben, <\/strong>a szervezet energetiz\u00e1l\u00e1s\u00e1ban, a csapatmunka er\u0151s\u00edt\u00e9s\u00e9ben<strong>\u00a0 <\/strong>tudt\u00e1k alkalmazni.<\/p>\n<p class=\"entry-title text-uppercase\" style=\"text-align: center\"><a class=\"btn btn-secondary\" href=\"https:\/\/semmelweis.hu\/emk\/szocialis-vezetokepzo-tudaskozpont\/a-projektrol\/\">Szoci\u00e1lis hum\u00e1n er\u0151forr\u00e1s fejleszt\u00e9se projekt<\/a><\/p>\n<h3 style=\"text-align: justify\">A program c\u00e9ljai<\/h3>\n<ul style=\"text-align: justify\">\n<li>Produkt\u00edv v\u00e1ltoztat\u00e1s ir\u00e1nti ig\u00e9ny felkelt\u00e9se, <strong>innov\u00e1ci\u00f3s szeml\u00e9let kialak\u00edt\u00e1sa<\/strong> \u00e9s az ehhez sz\u00fcks\u00e9ges gyakorlati eszk\u00f6zt\u00e1r \u00e1tad\u00e1sa a szervezet saj\u00e1t adotts\u00e1gaira, lehet\u0151s\u00e9geire \u00e9p\u00edtve,<\/li>\n<li><strong>Fenntarthat\u00f3 v\u00e1ltoz\u00e1s gener\u00e1l\u00e1sa<\/strong> a k\u00e9pz\u00e9s szeml\u00e9let\u00e9nek sz\u00e9lesk\u00f6r\u0171 \u00e1tad\u00e1s\u00e1val \u00e9s v\u00e1ltoztat\u00e1si projektek gyakorlati megval\u00f3s\u00edt\u00e1s\u00e1val,<\/li>\n<li><strong>Egy\u00fcttm\u0171k\u00f6d\u00e9sek er\u0151s\u00edt\u00e9se,<\/strong> realiz\u00e1l\u00e1sa, k\u00f6z\u00f6s projektek megval\u00f3s\u00edt\u00e1sa egy integr\u00e1lt int\u00e9zm\u00e9nyen bel\u00fcl, egy fenntart\u00f3hoz tartoz\u00f3 int\u00e9zm\u00e9nyekben, egy f\u00f6ldrajzi ter\u00fclet szolg\u00e1ltat\u00f3i k\u00f6z\u00f6tt, egy szakmai ter\u00fclet int\u00e9zm\u00e9nyei, vezet\u0151i \u00e9s szakemberei k\u00f6z\u00f6tt.<\/li>\n<li>meghat\u00e1rozott \u00e1gazati probl\u00e9m\u00e1khoz, ir\u00e1nyokhoz <strong>akt\u00edv int\u00e9zm\u00e9nyi r\u00e9szv\u00e9telre \u00e9p\u00edt\u0151 megold\u00e1skeres\u00e9s, <\/strong><\/li>\n<li>a vezet\u0151k\u00e9pz\u00e9s \u00e1ltal megszerzett (emelt \u00e9s alapszint\u0171 k\u00e9pz\u00e9s) tud\u00e1son t\u00fal, az int\u00e9zm\u00e9nyi konkr\u00e9t <strong>probl\u00e9m\u00e1k megold\u00e1s\u00e1ban alkalmazhat\u00f3 technik\u00e1k, m\u00f3dszerek \u00e1tad\u00e1sa<\/strong> az ell\u00e1t\u00e1s min\u0151s\u00e9g\u00e9nek n\u00f6vel\u00e9se \u00e9rdek\u00e9ben.<\/li>\n<\/ul>\n<h3 style=\"text-align: justify\">A program helysz\u00ednei, a r\u00e9sztvev\u0151 int\u00e9zm\u00e9nyek, \u00e9s a megval\u00f3s\u00edt\u00e1s id\u0151szaka\u00a0 \u00a0<\/h3>\n<p style=\"text-align: justify\"><img loading=\"lazy\" decoding=\"async\" class=\"wp-image-22161 size-large aligncenter\" src=\"https:\/\/semmelweis.hu\/emk\/files\/2024\/05\/Nevtelen-1024x708.png\" alt=\"\" width=\"753\" height=\"521\" srcset=\"https:\/\/semmelweis.hu\/emk\/files\/2024\/05\/Nevtelen-1024x708.png 1024w, https:\/\/semmelweis.hu\/emk\/files\/2024\/05\/Nevtelen-400x276.png 400w, https:\/\/semmelweis.hu\/emk\/files\/2024\/05\/Nevtelen-768x531.png 768w, https:\/\/semmelweis.hu\/emk\/files\/2024\/05\/Nevtelen-1536x1061.png 1536w, https:\/\/semmelweis.hu\/emk\/files\/2024\/05\/Nevtelen-175x120.png 175w, https:\/\/semmelweis.hu\/emk\/files\/2024\/05\/Nevtelen-753x520.png 753w, https:\/\/semmelweis.hu\/emk\/files\/2024\/05\/Nevtelen.png 1819w\" sizes=\"auto, (max-width: 753px) 100vw, 753px\" \/><\/p>\n<p style=\"text-align: justify\">A programok helysz\u00edneik kiv\u00e1laszt\u00e1sa sor\u00e1n k\u00fcl\u00f6n hangs\u00falyt kapott a szakmai, vagy f\u00f6ldrajzi koncentr\u00e1ci\u00f3. Az int\u00e9zm\u00e9nyek kiv\u00e1laszt\u00e1sa az \u00e1gazatvezet\u00e9ssel k\u00f6z\u00f6sen, a projektdokument\u00e1ci\u00f3kban r\u00f6gz\u00edtett elvek ment\u00e9n t\u00f6rt\u00e9nt.<\/p>\n<p style=\"text-align: justify\">A programban r\u00e9sztvev\u0151 int\u00e9zm\u00e9nyek szolg\u00e1ltat\u00e1si tev\u00e9kenys\u00e9ge lefedte a szoci\u00e1lis \u00e9s gyermekj\u00f3l\u00e9ti alapszolg\u00e1ltat\u00e1sok teljes k\u00f6r\u00e9t, a szakos\u00edtott ell\u00e1t\u00e1sok k\u00f6z\u00fcl id\u0151sek bentlak\u00e1sos ell\u00e1t\u00e1s\u00e1t \u00e9s lak\u00e1sotthont m\u0171k\u00f6dtettek.<\/p>\n<h3 style=\"text-align: justify\">A program keretei<\/h3>\n<p style=\"text-align: justify\">A programok els\u0151sorban szem\u00e9lyes jelenl\u00e9t form\u00e1j\u00e1ban val\u00f3sultak meg, a j\u00e1rv\u00e1nyhelyzet azonban kik\u00e9nyszer\u00edtette az online tal\u00e1lkoz\u00e1si form\u00e1kat, megold\u00e1sokat is, illetve t\u00f6bb esetben a program befejez\u00e9s\u00e9nek kitol\u00f3d\u00e1s\u00e1t eredm\u00e9nyezte.<\/p>\n<p style=\"text-align: justify\">Az alkalmak sz\u00e1m\u00e1t \u00e9s gyakoris\u00e1g\u00e1t a fejleszt\u00e9si program c\u00e9lj\u00e1hoz \u00e9s a r\u00e9sztvev\u0151 int\u00e9zm\u00e9nyek dolgoz\u00f3i munkabeoszt\u00e1s\u00e1hoz igaz\u00edtva, az int\u00e9zm\u00e9nyvezet\u0151vel k\u00f6z\u00f6sen alak\u00edtottuk ki.<\/p>\n<h3 style=\"text-align: justify\">A program eredm\u00e9nyei<\/h3>\n<p style=\"text-align: justify\">A fejleszt\u00e9s helysz\u00ednein t\u00f6bbek k\u00f6z\u00f6tt olyan projektek j\u00f6ttek l\u00e9tre, mint<\/p>\n<ul style=\"text-align: justify\">\n<li>a szakemberek k\u00f6z\u00f6tti szakmai kommunik\u00e1ci\u00f3 fejleszt\u00e9se,<\/li>\n<li>int\u00e9zm\u00e9nyek k\u00f6z\u00f6tti egy\u00fcttm\u0171k\u00f6d\u00e9s jav\u00edt\u00e1sa,<\/li>\n<li>mentor- \u00e9s tov\u00e1bbk\u00e9pz\u00e9si program a betan\u00edt\u00e1s \u00e9s a munkat\u00e1rsak szakmai munk\u00e1j\u00e1nak seg\u00edt\u00e9s\u00e9re<\/li>\n<li>bels\u0151 egy\u00fcttm\u0171k\u00f6d\u00e9sek jav\u00edt\u00e1sa, t\u00falterhelts\u00e9g cs\u00f6kkent\u00e9se,<\/li>\n<li>a telep\u00fcl\u00e9si szoci\u00e1lis ell\u00e1t\u00f3rendszer int\u00e9zm\u00e9nyei k\u00f6z\u00f6tti egy\u00fcttm\u0171k\u00f6d\u00e9s fejleszt\u00e9se, k\u00e9pz\u00e9sek, szakmai tapasztalatcser\u00e9k, m\u0171helymunk\u00e1k, programsorozatok \u00e1ltal<\/li>\n<li>munkav\u00e1llal\u00f3i motiv\u00e1lts\u00e1g felt\u00e9rk\u00e9pez\u00e9se<\/li>\n<li>gener\u00e1ci\u00f3k k\u00f6z\u00f6tti egy\u00fcttm\u0171k\u00f6d\u00e9sek er\u0151s\u00edt\u00e9se<\/li>\n<li>digit\u00e1lis innov\u00e1ci\u00f3 a szoci\u00e1lis \u00e1gazatban<\/li>\n<li>K\u00f6z\u00f6ss\u00e9gi H\u00e1z Programfejleszt\u00e9si Terve<\/li>\n<li>Kommunik\u00e1ci\u00f3s T\u00edzparancsolatot<\/li>\n<li>k\u00fcls\u0151- \u00e9s bels\u0151 kommunik\u00e1ci\u00f3 terv<\/li>\n<\/ul>\n<p style=\"text-align: justify\">A projektek kidolgoz\u00e1s\u00e1t az egy\u00fcttm\u0171k\u00f6d\u00e9s, a k\u00f6z\u00f6s gondolkod\u00e1s \u00e9s a konstruktivit\u00e1s jellemezte.\u00a0 A k\u00fcl\u00f6nb\u00f6z\u0151 munkak\u00f6r\u00f6kben dolgoz\u00f3 munkat\u00e1rsak csoportos munk\u00e1j\u00e1t nem csak a k\u00f6z\u00f6s tanul\u00e1s, az ismeretszint b\u0151v\u00fcl\u00e9se jellemezte, hanem szinergi\u00e1kat, munkafolyamatokban val\u00f3 kapcsol\u00f3d\u00e1si pontokat is felsz\u00ednre hozott.<\/p>\n<p style=\"text-align: justify\">A program hozad\u00e9ka a tud\u00e1sb\u0151v\u00fcl\u00e9s mellett abban jelentkezett, hogy a k\u00fcl\u00f6nb\u00f6z\u0151 int\u00e9zm\u00e9nyek, telephelyek \u00e9s elt\u00e9r\u0151 munkak\u00f6r\u00f6k dolgoz\u00f3i szem\u00e9lyesen is megismert\u00e9k egym\u00e1st, mely hat\u00e1ssal van a k\u00e9s\u0151bbi egy\u00fcttm\u0171k\u00f6d\u00e9sekre. A k\u00f6z\u00f6s projektek mellett tov\u00e1bbi egy\u00fcttm\u0171k\u00f6d\u00e9si pontok, lehet\u0151s\u00e9gek t\u00e1rultak fel, melyek jav\u00edthatj\u00e1k a szoci\u00e1lis szolg\u00e1ltat\u00e1sok min\u0151s\u00e9g\u00e9t, a sz\u00fcks\u00e9gletorient\u00e1lt szolg\u00e1ltat\u00e1sny\u00fajt\u00e1st \u00e9s annak b\u0151v\u00fcl\u00e9s\u00e9t.\u00a0<\/p>\n<h3 style=\"text-align: justify\">\u00d6sszegz\u00e9s<\/h3>\n<p style=\"text-align: justify\">A megval\u00f3sult programok tapasztalatai alapj\u00e1n elmondhat\u00f3, hogy a kit\u0171z\u00f6tt c\u00e9lok teljes\u00fcltek. A kiv\u00e1lasztott int\u00e9zm\u00e9nyek mindegyik\u00e9ben olyan gyakorlati probl\u00e9m\u00e1kon, kih\u00edv\u00e1sokon alapul\u00f3 fejleszt\u00e9s val\u00f3sult meg, melyek hat\u00e1sa a dolgoz\u00f3k perspekt\u00edvav\u00e1lt\u00e1s\u00e1ban, lehet\u0151s\u00e9gfelt\u00e1r\u00f3 gondolkod\u00e1sm\u00f3dj\u00e1ban, az egy\u00fcttm\u0171k\u00f6d\u00e9s\u00fck javul\u00e1s\u00e1ban, \u00e9s projekteredm\u00e9nyekben \u00e9rz\u00e9kelhet\u0151.<\/p>\n<p style=\"text-align: justify\">A program olyan tud\u00e1st, m\u00f3dszertani eszk\u00f6z\u00f6ket adott \u00e1t, melyek alkalmaz\u00e1s\u00e1val a munkahelyi kollekt\u00edva \u00f6n\u00e1ll\u00f3an is tud a kih\u00edv\u00e1sokra reag\u00e1lni.<\/p>\n<p style=\"text-align: justify\">A r\u00e9sztvev\u0151k visszajelz\u00e9sei alapj\u00e1n t\u00f6bb j\u00e1rul\u00e9kos eredm\u00e9nye is volt a programnak. Er\u0151s\u00f6d\u00f6tt a csapatkoh\u00e9zi\u00f3, javult a munkahelyi l\u00e9gk\u00f6r, j\u00f3 ir\u00e1nyba v\u00e1ltozott a szervezeti kult\u00fara, valamint az elt\u00e9r\u0151 munkak\u00f6r\u00f6kben dolgoz\u00f3k probl\u00e9ma\u00e9rz\u00e9kenys\u00e9ge \u00e9s egy\u00fcttm\u0171k\u00f6d\u00e9se a projektterm\u00e9kek k\u00f6z\u00f6s l\u00e9trehoz\u00e1s\u00e1nak folyamata \u00e1ltal. Hossz\u00fa t\u00e1von is hasznosulni tud az a megszerzett tud\u00e1s \u00e9s tapasztal\u00e1s, amit a r\u00e9sztvev\u0151k a projektfejleszt\u00e9sek \u00e9s az egy\u00fcttgondolkod\u00e1s sor\u00e1n megszerezhettek. \u00a0\u00a0\u00a0\u00a0\u00a0<\/p>\n<hr \/>\n<h5>Tov\u00e1bbi hasznos inform\u00e1ci\u00f3k<\/h5>\n<ul>\n<li><strong><a href=\"https:\/\/semmelweis.hu\/emk\/szocialis-vezetokepzo-tudaskozpont\/a-szocialis-vezetokepzesrol\/\" target=\"_blank\" rel=\"noopener\">A szoci\u00e1lis vezet\u0151k\u00e9pz\u00e9sr\u0151l<\/a><\/strong><\/li>\n<li><strong><a href=\"https:\/\/semmelweis.hu\/emk\/szocialis-vezetokepzo-tudaskozpont\/oktatas-2-2\/\" target=\"_blank\" rel=\"noopener\">Oktat\u00e1s<\/a><\/strong><\/li>\n<li><strong><a href=\"https:\/\/semmelweis.hu\/emk\/szocialis-vezetokepzo-tudaskozpont\/intezmenymenedzsment-2\/\" target=\"_blank\" rel=\"noopener\">Int\u00e9zm\u00e9nymenedzsment<\/a><\/strong><\/li>\n<li><strong><a href=\"https:\/\/semmelweis.hu\/emk\/szocialis-vezetokepzo-tudaskozpont\/kiadvanyok-publikaciok\/\" target=\"_blank\" rel=\"noopener\">Kiadv\u00e1nyok\/Publik\u00e1ci\u00f3k<\/a><\/strong><\/li>\n<li><strong><a href=\"https:\/\/semmelweis.hu\/emk\/szocialis-vezetokepzo-tudaskozpont\/esemenynaptar-2\/\" target=\"_blank\" rel=\"noopener\">Esem\u00e9nynapt\u00e1r<\/a><\/strong><\/li>\n<li><strong><a href=\"https:\/\/semmelweis.hu\/emk\/szocialis-vezetokepzo-tudaskozpont\/szocialis-valsagmenedzsment-eszkoztar\/\" target=\"_blank\" rel=\"noopener\">Szoci\u00e1lis V\u00e1ls\u00e1gmenedzsment Eszk\u00f6zt\u00e1r<\/a><\/strong><\/li>\n<li><strong><a href=\"https:\/\/semmelweis.hu\/emk\/szocialis-vezetokepzo-tudaskozpont\/hirlevel\/\" target=\"_blank\" rel=\"noopener\">H\u00edrlev\u00e9l<\/a><\/strong><\/li>\n<li><strong><a href=\"https:\/\/semmelweis.hu\/emk\/szocialis-vezetokepzo-tudaskozpont\/elerhetosegek-2-2\/\" target=\"_blank\" rel=\"noopener\">El\u00e9rhet\u0151s\u00e9gek<\/a><\/strong><\/li>\n<li><strong><a href=\"https:\/\/semmelweis.hu\/emk\/szocialis-vezetokepzo-tudaskozpont\/gyik-2\/\" target=\"_blank\" rel=\"noopener\">GYIK<\/a><\/strong><\/li>\n<li><strong><a href=\"https:\/\/semmelweis.hu\/emk\/szocialis-vezetokepzo-tudaskozpont\/rolunk-mondtak-2\/\" target=\"_blank\" rel=\"noopener\">R\u00f3lunk mondt\u00e1k<\/a><\/strong><\/li>\n<\/ul>\n<div class=\"keretes w-100\">\n<p style=\"text-align: justify\"><strong>A Semmelweis Egyetem Eg\u00e9szs\u00e9g\u00fcgyi K\u00f6zszolg\u00e1lati Kar Eg\u00e9szs\u00e9g\u00fcgyi Menedzserk\u00e9pz\u0151 K\u00f6zpont \u2013 Szoci\u00e1lis Vezet\u0151k\u00e9pz\u0151 Tud\u00e1sk\u00f6zpontot\u00a0 (SZVK)\u00a0<\/strong>\u00e9rint\u0151 k\u00e9rd\u00e9seivel forduljon hozz\u00e1nk bizalommal a\u00a0<a href=\"mailto:szocialisvezetokepzes@emk.semmelweis.hu\" target=\"_blank\" rel=\"noopener\">szocialisvezetokepzes@emk.semmelweis.hu<\/a>\u00a0e-mail-c\u00edmen!<\/p>\n<\/div>\n<p>&nbsp;<\/p>\n<p>&nbsp;<\/p>\n<p>&nbsp;<\/p>\n<p>&nbsp;<\/p>\n","protected":false},"excerpt":{"rendered":"<p>Int\u00e9zm\u00e9nymenedzsment program A szoci\u00e1lis vezet\u0151k\u00e9pz\u00e9sben az int\u00e9zm\u00e9nyvezet\u0151k \u00e1ltal elsaj\u00e1t\u00edtott korszer\u0171 vezet\u0151i ismeretek, az \u00fajszer\u0171 megk\u00f6zel\u00edt\u00e9sek szervezeti szinten, a gyakorlatban t\u00f6rt\u00e9n\u0151 eredm\u00e9nyesebb hasznosul\u00e1sa \u00e9rdek\u00e9ben dolgoztuk ki int\u00e9zm\u00e9nymenedzsment programunkat, melyhez a projekt id\u0151szaka alatt 8 helysz\u00ednen, 10 int\u00e9zm\u00e9nynek, \u00f6sszesen 155 f\u0151 r\u00e9sztvev\u0151vel volt lehet\u0151s\u00e9ge csatlakozni. \u00a0 A programok keret\u00e9ben az int\u00e9zm\u00e9nyekben olyan, az ell\u00e1t\u00e1s min\u0151s\u00e9g\u00e9ben \u00e9s hat\u00e9konys\u00e1g\u00e1ban &hellip;<\/p>\n","protected":false},"author":101742,"featured_media":0,"parent":17475,"menu_order":4,"comment_status":"closed","ping_status":"closed","template":"","meta":{"_acf_changed":false,"footnotes":""},"categories":[],"tags":[],"class_list":["post-17471","page","type-page","status-publish","hentry"],"acf":[],"_links":{"self":[{"href":"https:\/\/semmelweis.hu\/emk\/wp-json\/wp\/v2\/pages\/17471","targetHints":{"allow":["GET"]}}],"collection":[{"href":"https:\/\/semmelweis.hu\/emk\/wp-json\/wp\/v2\/pages"}],"about":[{"href":"https:\/\/semmelweis.hu\/emk\/wp-json\/wp\/v2\/types\/page"}],"author":[{"embeddable":true,"href":"https:\/\/semmelweis.hu\/emk\/wp-json\/wp\/v2\/users\/101742"}],"replies":[{"embeddable":true,"href":"https:\/\/semmelweis.hu\/emk\/wp-json\/wp\/v2\/comments?post=17471"}],"version-history":[{"count":10,"href":"https:\/\/semmelweis.hu\/emk\/wp-json\/wp\/v2\/pages\/17471\/revisions"}],"predecessor-version":[{"id":26896,"href":"https:\/\/semmelweis.hu\/emk\/wp-json\/wp\/v2\/pages\/17471\/revisions\/26896"}],"up":[{"embeddable":true,"href":"https:\/\/semmelweis.hu\/emk\/wp-json\/wp\/v2\/pages\/17475"}],"wp:attachment":[{"href":"https:\/\/semmelweis.hu\/emk\/wp-json\/wp\/v2\/media?parent=17471"}],"wp:term":[{"taxonomy":"category","embeddable":true,"href":"https:\/\/semmelweis.hu\/emk\/wp-json\/wp\/v2\/categories?post=17471"},{"taxonomy":"post_tag","embeddable":true,"href":"https:\/\/semmelweis.hu\/emk\/wp-json\/wp\/v2\/tags?post=17471"}],"curies":[{"name":"wp","href":"https:\/\/api.w.org\/{rel}","templated":true}]}}