{"id":17462,"date":"2020-09-02T17:59:18","date_gmt":"2020-09-02T15:59:18","guid":{"rendered":"https:\/\/semmelweis.hu\/emk\/?page_id=17462"},"modified":"2025-06-03T15:48:46","modified_gmt":"2025-06-03T13:48:46","slug":"pecsi-tudomanyegyetem-klinikai-kozpont-onkoterapias-intezet-es-pecsi-tudomanyegyetem-klinikai-kozpont-tarsklinikai","status":"publish","type":"page","link":"https:\/\/semmelweis.hu\/emk\/szakertoi-tevekenyseg-projektek\/lezart-projektek\/egeszsegugyi-ellatorendszer-szakmai-modszertani-fejlesztese\/jogyakorlatok-gyujtese-fejlesztese-oktatasa\/rovid-osszefoglalok\/pecsi-tudomanyegyetem-klinikai-kozpont-onkoterapias-intezet-es-pecsi-tudomanyegyetem-klinikai-kozpont-tarsklinikai\/","title":{"rendered":"P\u00e9csi Tudom\u00e1nyegyetem Klinikai K\u00f6zpont Onkoter\u00e1pi\u00e1s Int\u00e9zet \u00e9s P\u00e9csi Tudom\u00e1nyegyetem Klinikai K\u00f6zpont T\u00e1rsklinik\u00e1i"},"content":{"rendered":"<p style=\"text-align: justify\"><strong>P\u00e9csi Tudom\u00e1nyegyetem Klinikai K\u00f6zpont Onkoter\u00e1pi\u00e1s Int\u00e9zet \u00e9s P\u00e9csi Tudom\u00e1nyegyetem Klinikai K\u00f6zpont T\u00e1rsklinik\u00e1i: k\u00e9tl\u00e9pcs\u0151s onko-team rendszer a hat\u00e9konyabb ell\u00e1t\u00e1s\u00e9rt<\/strong><\/p>\n<p style=\"text-align: justify\">Az onkol\u00f3giai betegs\u00e9gek ell\u00e1t\u00e1s\u00e1t sz\u00e1mos meg\u00fajul\u00e1s jellemezte az elm\u00falt id\u0151szakban, az \u00faj ter\u00e1pi\u00e1k megjelen\u00e9s\u00e9n \u00e9s alkalmaz\u00e1s\u00e1n, illetve a k\u00f6telez\u0151 sz\u0171r\u0151vizsg\u00e1latok elind\u00edt\u00e1s\u00e1n t\u00fal olyan ell\u00e1t\u00e1sszervez\u00e9si megold\u00e1sok is megjelentek, melyek az ell\u00e1t\u00e1s eredm\u00e9nyess\u00e9g\u00e9hez, hat\u00e9konys\u00e1g\u00e1hoz nagy m\u00e9rt\u00e9kben hozz\u00e1j\u00e1rulnak. Ilyen a P\u00e9csett megval\u00f3sul\u00f3 k\u00e9tl\u00e9pcs\u0151s onko-team modell, amely a betegek ell\u00e1t\u00e1si terv\u00e9nek fel\u00e1ll\u00edt\u00e1s\u00e1t k\u00e9tl\u00e9pcs\u0151s form\u00e1ban val\u00f3s\u00edtja meg: a sokszakm\u00e1s onko-teamek ter\u00e1pia ir\u00e1nyults\u00e1g\u00e1ra vonatkoz\u00f3 d\u00f6nt\u00e9s\u00e9t k\u00f6vet\u0151en a gy\u00f3gyszeres- illetve sug\u00e1rter\u00e1pi\u00e1s onkoter\u00e1pia r\u00e9szletes elemeinek meghat\u00e1roz\u00e1s\u00e1t egy k\u00fcl\u00f6n, onkol\u00f3gus \u00e9s sug\u00e1rterapi\u00e1s szakemberek r\u00e9szv\u00e9tel\u00e9vel megval\u00f3sul\u00f3, onkoter\u00e1pi\u00e1s onko-team hat\u00e1sk\u00f6r\u00e9be rendeli. A modell alkalmaz\u00e1sa \u00e1ltal el\u00e9rhet\u0151, hogy a szolid daganatos betegs\u00e9ggel diagnosztiz\u00e1lt betegek sz\u00e1m\u00e1ra szakmailag megalapozottabban t\u00f6rt\u00e9njen a gy\u00f3gyszer- illetve sug\u00e1rter\u00e1pia kiv\u00e1laszt\u00e1sa \u00e9s elrendel\u00e9se, mik\u00f6zben a csoportos d\u00f6nt\u00e9shozatal \u00e1ltal az orvosok is nagyobb biztons\u00e1gban \u00e9rezhetik magukat mind szakmai mind jogi szempontb\u00f3l.\u00a0 A j\u00f3gyakorlat mindemellett oktat\u00e1si lehet\u0151s\u00e9get is ny\u00fajt a szakma szerepl\u0151i sz\u00e1m\u00e1ra, \u00e9s hozz\u00e1j\u00e1rulhat az onkol\u00f3giai ter\u00e1pi\u00e1k k\u00f6lts\u00e9ghat\u00e9kony megv\u00e1laszt\u00e1s\u00e1hoz is. Az eg\u00e9szs\u00e9g\u00fcgyi int\u00e9zm\u00e9ny sz\u00e1m\u00e1ra a k\u00e9tl\u00e9pcs\u0151s onko-team modell bevezet\u00e9se a szolid daganatos betegek ell\u00e1t\u00e1s\u00e1nak racionaliz\u00e1l\u00e1s\u00e1t, eredm\u00e9nyesebb\u00e9 \u00e9s hat\u00e9konyabb\u00e1 t\u00e9tel\u00e9t is c\u00e9lozza. (Tov\u00e1bb gomb)<\/p>\n<p style=\"text-align: justify\"><strong>A j\u00f3gyakorlat bemutat\u00e1sa<\/strong><\/p>\n<p style=\"text-align: justify\">Az eg\u00e9szs\u00e9g\u00fcgyi szolg\u00e1ltat\u00e1sok ny\u00fajt\u00e1s\u00e1hoz sz\u00fcks\u00e9ges szakmai minimumfelt\u00e9telekr\u0151l sz\u00f3l\u00f3 60\/2003. (X. 20.) ESZCSM rendelet meghat\u00e1rozza a klinikai onkol\u00f3giai ell\u00e1t\u00e1s minimumfelt\u00e9teleit, melynek keret\u00e9ben el\u0151\u00edrja, hogy \u201ea daganatos betegek t\u00f6bbszakm\u00e1s j\u00e1r\u00f3- \u00e9s fekv\u0151beteg-szakell\u00e1t\u00e1s\u00e1ra m\u0171k\u00f6d\u00e9si enged\u00e9llyel rendelkez\u0151 eg\u00e9szs\u00e9g\u00fcgyi szolg\u00e1ltat\u00f3 onko-teamet k\u00f6teles m\u0171k\u00f6dtetni\u201d, melynek feladatait \u00e9s r\u00e9sztvev\u0151it is r\u00e9szletesen szab\u00e1lyozza. A sokszakm\u00e1s onko-teamek rendszeres \u00fcl\u00e9sei rendk\u00edv\u00fcl magas hum\u00e1n er\u0151forr\u00e1s sz\u00fcks\u00e9glettel b\u00edrnak, hiszen egyid\u0151ben sok szakma megfelel\u0151 k\u00e9pzetts\u00e9ggel b\u00edr\u00f3 k\u00e9pvisel\u0151inek egy\u00fcttes megjelen\u00e9s\u00e9t felt\u00e9telezik. A hazai tapasztalatok alapj\u00e1n a sokszakm\u00e1s onko-team \u00fcl\u00e9sek az esetek magas sz\u00e1ma miatt igen hossz\u00fara (ak\u00e1r a munkaid\u0151n t\u00falra is) ny\u00falnak, r\u00e9sztvev\u0151i pedig ennek megfelel\u0151en saj\u00e1t oszt\u00e1lyuk betegell\u00e1t\u00e1si tev\u00e9kenys\u00e9g\u00e9b\u0151l sokszor teljes napra kiesnek, mely helyi kapacit\u00e1sprobl\u00e9m\u00e1kat is gener\u00e1lhat. Mindez a sokszakm\u00e1s onko-teamek m\u0171k\u00f6d\u00e9s\u00e9nek racionaliz\u00e1l\u00e1s\u00e1t h\u00edvta maga ut\u00e1n. Ennek egyik, gyakran alkalmazott v\u00e1ltozata, hogy a betegeket \u2013 \u00e9s ez\u00e1ltal a r\u00e9sztvev\u0151 szakm\u00e1k szakorvosait is \u2013 oly m\u00f3don csoportos\u00edtj\u00e1k, hogy az egy adott seb\u00e9szi illetve belgy\u00f3gy\u00e1szati ter\u00fclethez tartoz\u00f3 esetek ker\u00fcljenek egy napra, \u00edgy az adott seb\u00e9szi \u00e9s belgy\u00f3gy\u00e1szati szakter\u00fclet k\u00e9pvisel\u0151inek nem kell az \u0151ket nem \u00e9rint\u0151 esetek megvitat\u00e1s\u00e1t v\u00e9gighallgatniuk, a hozz\u00e1juk tartoz\u00f3 esetek viszont koncentr\u00e1ltan, egy \u00fcl\u00e9sben egyeztet\u00e9sre ker\u00fclhetnek. A sokszakm\u00e1s onko-team \u00fcl\u00e9seken azonban m\u00e9g \u00edgy is kih\u00edv\u00e1st jelent egy adott beteg megfelel\u0151 ter\u00e1pi\u00e1j\u00e1nak teljes r\u00e9szletess\u00e9ggel t\u00f6rt\u00e9n\u0151 meghat\u00e1roz\u00e1sa. A jelenleg el\u00e9rhet\u0151 k\u00fcl\u00f6nb\u00f6z\u0151 onkol\u00f3giai gy\u00f3gyszer- \u00e9s\/vagy sug\u00e1rter\u00e1pi\u00e1k sokf\u00e9les\u00e9ge, illetve az egyes betegek egyedi jellegzetess\u00e9gei ugyanis megnehez\u00edtik az egyes onkol\u00f3giai ter\u00e1pi\u00e1k t\u00edpus\u00e1nak, a megfelel\u0151 d\u00f3zisoknak, a rendszeress\u00e9gnek \u00e9s a k\u00fcl\u00f6nf\u00e9le ter\u00e1pi\u00e1k kombin\u00e1ci\u00f3inak pontos meghat\u00e1roz\u00e1s\u00e1t. E k\u00e9rd\u00e9sek megv\u00e1laszol\u00e1sa a relev\u00e1ns seb\u00e9szeti \u00e9s belgy\u00f3gy\u00e1szati szakter\u00fcletek k\u00e9pvisel\u0151it nem igaz\u00e1n \u00e9rinti, onkol\u00f3giai, sug\u00e1rter\u00e1piabeli vonalon viszont t\u00f6bblet szakmai h\u00e1tteret ig\u00e9nyelhet. Mindez a P\u00e9csi Tudom\u00e1nyegyetem eset\u00e9n az onko-team rendszer k\u00e9tl\u00e9pcs\u0151ss\u00e9 t\u00e9tel\u00e9t vonta maga ut\u00e1n, mely eset\u00e9n a sokszakm\u00e1s onko-team \u00fcl\u00e9seken els\u0151sorban a ter\u00e1pia ir\u00e1nyults\u00e1g\u00e1ra vonatkoz\u00f3 d\u00f6nt\u00e9sek sz\u00fcletnek meg (p\u00e9ld\u00e1ul m\u0171t\u00e9t, onkoter\u00e1pia vagy tov\u00e1bbi kivizsg\u00e1l\u00e1s sz\u00fcks\u00e9gess\u00e9ge), m\u00edg a r\u00e9szletes \u00e9s optim\u00e1lis onkol\u00f3giai kezel\u00e9sek egy m\u00e1sodik l\u00e9pcs\u0151ben, az \u00fagynevezett onkoter\u00e1pi\u00e1s onko-team \u00fcl\u00e9seken ker\u00fclnek meghat\u00e1roz\u00e1sra 6-8, vagy m\u00e9g t\u00f6bb, onkol\u00f3giai kezel\u00e9sben igen j\u00e1ratos onkol\u00f3gus egy\u00fcttes jelenl\u00e9t\u00e9ben.<\/p>\n<p style=\"text-align: justify\">A k\u00e9tl\u00e9pcs\u0151s onko-team rendszer\u00e9nek kialak\u00edt\u00e1sa a P\u00e9csi Tudom\u00e1nyegyetemen \u2013 \u00e9s v\u00e1rhat\u00f3an b\u00e1rmely m\u00e1s helyen, ahol bevezet\u00e9sre ker\u00fcl \u2013 sz\u00e1mos eredm\u00e9nyt hoz mag\u00e1val. Szakmai szempontb\u00f3l a meghat\u00e1roz\u00e1sra ker\u00fcl\u0151 r\u00e9szletes onkol\u00f3giai ter\u00e1pi\u00e1k szakmai min\u0151s\u00e9ge javul. A ter\u00e1pia teamben t\u00f6rt\u00e9n\u0151 meghat\u00e1roz\u00e1sa cs\u00f6kkenti az egyes onkol\u00f3gusokra h\u00e1rul\u00f3 pszich\u00e9s terhel\u00e9st, mely egyr\u00e9szt hozz\u00e1j\u00e1rul az onkol\u00f3gusok munk\u00e1val val\u00f3 el\u00e9gedetts\u00e9g\u00e9nek n\u00f6veked\u00e9s\u00e9hez, m\u00e1sr\u00e9szt k\u00f6zvetve szint\u00e9n jav\u00edtja a d\u00f6nt\u00e9sek min\u0151s\u00e9g\u00e9t. Mindez term\u00e9szetesen t\u00f6bblet jogi biztons\u00e1got is ny\u00fajt az onkol\u00f3gusok sz\u00e1m\u00e1ra, hiszen a teamben, illetve t\u00f6bb szakember \u00e1ltal egy\u00fcttesen meghozott d\u00f6nt\u00e9sek \u00e1ltal egyr\u00e9szt a felel\u0151ss\u00e9gv\u00e1llal\u00e1s terhe egy szem\u00e9ly helyett a team tagjai k\u00f6zt oszlik meg, m\u00e1sr\u00e9szt az onkoter\u00e1pi\u00e1s onko-team a szakmai min\u0151s\u00e9g magasabb fok\u00e1nak garanci\u00e1j\u00e1t is ny\u00fajtja. Az onkoter\u00e1pi\u00e1s onko-team \u00fcl\u00e9sek mindezek mellett az oktat\u00e1sra \u00e9s a fejl\u0151d\u00e9sre is lehet\u0151s\u00e9get teremtenek.<\/p>\n<p style=\"text-align: justify\">A modell k\u00f6lts\u00e9ghat\u00e9konys\u00e1g szempontj\u00e1b\u00f3l is kedvez\u0151en befoly\u00e1solja a szolid daganatos betegs\u00e9gek ell\u00e1t\u00e1s\u00e1t. Az objekt\u00edv megk\u00f6zel\u00edt\u00e9s nemcsak a f\u00f6l\u00f6sleges kivizsg\u00e1l\u00e1si \u00e9s ter\u00e1pi\u00e1s elj\u00e1r\u00e1sok r\u00e9v\u00e9n okozhat megtakar\u00edt\u00e1st, de azonos eredm\u00e9nyeket ad\u00f3, alternat\u00edv ter\u00e1pi\u00e1s elj\u00e1r\u00e1sok eset\u00e9n seg\u00edt az olcs\u00f3bb elj\u00e1r\u00e1s kiv\u00e1laszt\u00e1s\u00e1ban is. A j\u00f3gyakorlat t\u00f6bblet t\u00e1rgyi eszk\u00f6z \u00e9s hum\u00e1n er\u0151forr\u00e1s rendelkez\u00e9sre \u00e1ll\u00e1s\u00e1t nem ig\u00e9nyli. Az onkoter\u00e1pi\u00e1s onko-team szervez\u0151j\u00e9t a sokszakm\u00e1s onko-team szervez\u0151j\u00e9t\u0151l f\u00fcggetlen\u00fcl biztos\u00edtani kell, de ez a megl\u00e9v\u0151 hum\u00e1n er\u0151forr\u00e1sb\u00f3l v\u00e1rhat\u00f3an megoldhat\u00f3. J\u00f3l szervezett esetben mindez a szakemberek munkaidej\u00e9be, a szervezeti egys\u00e9gek m\u0171k\u00f6d\u00e9si rendj\u00e9be beilleszthet\u0151. A P\u00e9csi Tudom\u00e1nyegyetem Klinikai K\u00f6zpont Onkoter\u00e1pi\u00e1s Int\u00e9zet\u00e9ben az onkoter\u00e1pi\u00e1s onko-team \u00fcl\u00e9sek jelenleg heti k\u00e9t alkalommal 1-1 \u00f3r\u00e1s elfoglalts\u00e1got jelentenek, melyekre a reggeli viziteket k\u00f6vet\u0151en ker\u00fcl sor.<\/p>\n<p style=\"text-align: center\"><a class=\"btn btn-secondary\" href=\"https:\/\/jogyakorlatok.betegbiztonsag.info\/#\/topic\/230rgQljw8myq6KociGYCg\" target=\"_blank\" rel=\"noopener\">A j\u00f3gyakorlat teljes le\u00edr\u00e1sa<\/a><\/p>\n<div class=\"fontos_div\">\n<div class=\"w-100\" style=\"text-align: justify\"><strong>Hol \u00e9rdekl\u0151dhet?<\/strong><\/div>\n<div class=\"w-100\" style=\"text-align: justify\">Prof. Dr. Mangel L\u00e1szl\u00f3<\/div>\n<div class=\"w-100\" style=\"text-align: justify\"><a href=\"mailto:onkoterapias.intezet@pte.hu\" target=\"_blank\" rel=\"noopener\">onkoterapias.intezet@pte.hu<\/a><\/div>\n<\/div>\n","protected":false},"excerpt":{"rendered":"<p>P\u00e9csi Tudom\u00e1nyegyetem Klinikai K\u00f6zpont Onkoter\u00e1pi\u00e1s Int\u00e9zet \u00e9s P\u00e9csi Tudom\u00e1nyegyetem Klinikai K\u00f6zpont T\u00e1rsklinik\u00e1i: k\u00e9tl\u00e9pcs\u0151s onko-team rendszer a hat\u00e9konyabb ell\u00e1t\u00e1s\u00e9rt Az onkol\u00f3giai betegs\u00e9gek ell\u00e1t\u00e1s\u00e1t sz\u00e1mos meg\u00fajul\u00e1s jellemezte az elm\u00falt id\u0151szakban, az \u00faj ter\u00e1pi\u00e1k megjelen\u00e9s\u00e9n \u00e9s alkalmaz\u00e1s\u00e1n, illetve a k\u00f6telez\u0151 sz\u0171r\u0151vizsg\u00e1latok elind\u00edt\u00e1s\u00e1n t\u00fal olyan ell\u00e1t\u00e1sszervez\u00e9si megold\u00e1sok is megjelentek, melyek az ell\u00e1t\u00e1s eredm\u00e9nyess\u00e9g\u00e9hez, hat\u00e9konys\u00e1g\u00e1hoz nagy m\u00e9rt\u00e9kben hozz\u00e1j\u00e1rulnak. Ilyen a &hellip;<\/p>\n","protected":false},"author":101539,"featured_media":0,"parent":17196,"menu_order":0,"comment_status":"closed","ping_status":"closed","template":"","meta":{"_acf_changed":false,"footnotes":""},"categories":[],"tags":[],"class_list":["post-17462","page","type-page","status-publish","hentry"],"acf":[],"_links":{"self":[{"href":"https:\/\/semmelweis.hu\/emk\/wp-json\/wp\/v2\/pages\/17462","targetHints":{"allow":["GET"]}}],"collection":[{"href":"https:\/\/semmelweis.hu\/emk\/wp-json\/wp\/v2\/pages"}],"about":[{"href":"https:\/\/semmelweis.hu\/emk\/wp-json\/wp\/v2\/types\/page"}],"author":[{"embeddable":true,"href":"https:\/\/semmelweis.hu\/emk\/wp-json\/wp\/v2\/users\/101539"}],"replies":[{"embeddable":true,"href":"https:\/\/semmelweis.hu\/emk\/wp-json\/wp\/v2\/comments?post=17462"}],"version-history":[{"count":3,"href":"https:\/\/semmelweis.hu\/emk\/wp-json\/wp\/v2\/pages\/17462\/revisions"}],"predecessor-version":[{"id":25170,"href":"https:\/\/semmelweis.hu\/emk\/wp-json\/wp\/v2\/pages\/17462\/revisions\/25170"}],"up":[{"embeddable":true,"href":"https:\/\/semmelweis.hu\/emk\/wp-json\/wp\/v2\/pages\/17196"}],"wp:attachment":[{"href":"https:\/\/semmelweis.hu\/emk\/wp-json\/wp\/v2\/media?parent=17462"}],"wp:term":[{"taxonomy":"category","embeddable":true,"href":"https:\/\/semmelweis.hu\/emk\/wp-json\/wp\/v2\/categories?post=17462"},{"taxonomy":"post_tag","embeddable":true,"href":"https:\/\/semmelweis.hu\/emk\/wp-json\/wp\/v2\/tags?post=17462"}],"curies":[{"name":"wp","href":"https:\/\/api.w.org\/{rel}","templated":true}]}}