{"id":17457,"date":"2020-09-02T17:45:58","date_gmt":"2020-09-02T15:45:58","guid":{"rendered":"https:\/\/semmelweis.hu\/emk\/?page_id=17457"},"modified":"2025-06-03T15:47:16","modified_gmt":"2025-06-03T13:47:16","slug":"pecsi-tudomanyegyetem-onkoterapias-intezet","status":"publish","type":"page","link":"https:\/\/semmelweis.hu\/emk\/szakertoi-tevekenyseg-projektek\/lezart-projektek\/egeszsegugyi-ellatorendszer-szakmai-modszertani-fejlesztese\/jogyakorlatok-gyujtese-fejlesztese-oktatasa\/rovid-osszefoglalok\/pecsi-tudomanyegyetem-onkoterapias-intezet\/","title":{"rendered":"P\u00e9csi Tudom\u00e1nyegyetem Onkoter\u00e1pi\u00e1s Int\u00e9zet"},"content":{"rendered":"<p style=\"text-align: justify\"><strong>P\u00e9csi Tudom\u00e1nyegyetem Onkoter\u00e1pi\u00e1s Int\u00e9zet: klinikai palliat\u00edv mobil team m\u0171k\u00f6dtet\u00e9se a beteg \u00e9letmin\u0151s\u00e9g\u00e9nek jav\u00edt\u00e1s\u00e1\u00e9rt<\/strong><\/p>\n<p style=\"text-align: justify\">A hospice- \u00e9s palliat\u00edv ell\u00e1t\u00e1s az el\u0151rehaladott \u00e1llapot\u00fa daganatos betegek komplex ell\u00e1t\u00e1s\u00e1t, \u00e9letmin\u0151s\u00e9g\u00e9nek jav\u00edt\u00e1s\u00e1t jelenti. Komplexit\u00e1sa miatt sokr\u00e9t\u0171: orvosi, \u00e1pol\u00f3i, pszichoszoci\u00e1lis, szervez\u00e9si feladatokat tartalmaz. A palliat\u00edv mobil team interdiszciplin\u00e1ris seg\u00edts\u00e9get ny\u00fajt a klinikusoknak az el\u0151rehaladott \u00e1llapot\u00fa termin\u00e1lis betegek komplex ell\u00e1t\u00e1s\u00e1hoz \u00e9s ell\u00e1t\u00e1suk koordin\u00e1l\u00e1s\u00e1hoz. A szakemberek konzult\u00e1ci\u00f3t v\u00e9geznek \u00e9s elrendelik a sz\u00fcks\u00e9ges palliat\u00edv ell\u00e1t\u00e1st. Seg\u00edtenek a betegek testi t\u00fcneteinek enyh\u00edt\u00e9s\u00e9vel, a beteg \u00e9s csal\u00e1dja sz\u00e1m\u00e1ra ny\u00fajtott pszich\u00e9s t\u00e1mogat\u00e1ssal, re\u00e1lis kezel\u00e9si c\u00e9lok meghat\u00e1roz\u00e1s\u00e1ban \u00e9s a m\u00e1s palliat\u00edv ell\u00e1t\u00e1si form\u00e1ba val\u00f3 integr\u00e1l\u00e1ssal. A szakirodalom szerint a korai palliat\u00edv ell\u00e1t\u00e1s jobb \u00e9letmin\u0151s\u00e9get biztos\u00edt a betegek sz\u00e1m\u00e1ra, cs\u00f6kkenti az eg\u00e9szs\u00e9g\u00fcgyi kiad\u00e1sokat \u00e9s seg\u00edt tiszt\u00e1zni a kezel\u00e9si c\u00e9lokat els\u0151sorban, de nem kiz\u00e1r\u00f3lag az el\u0151rehaladott daganatos betegs\u00e9g eset\u00e9n, ami nagy jelent\u0151s\u00e9ggel b\u00edr a f\u00f6l\u00f6sleges kezel\u00e9sek elker\u00fcl\u00e9s\u00e9ben. A korai klinikai palliat\u00edv ell\u00e1t\u00e1sban r\u00e9szes\u00fclt betegeknek ler\u00f6vid\u00fcl a k\u00f3rh\u00e1zi kezel\u00e9se, valamint cs\u00f6kken az invaz\u00edv beavatkoz\u00e1sok sz\u00e1ma. Seg\u00edthet abban, hogy a betegek \u00e9s hozz\u00e1tartoz\u00f3ik t\u00e1j\u00e9kozottabbak legyenek a betegs\u00e9ggel kapcsolatban, seg\u00edti a kommunik\u00e1ci\u00f3t \u00e9s az egy\u00fcttm\u0171k\u00f6d\u00e9st az ell\u00e1t\u00f3k \u00e9s a betegek k\u00f6z\u00f6tt. (\u201eTov\u00e1bb gomb\u201d)<\/p>\n<p style=\"text-align: justify\"><strong>A j\u00f3gyakorlat bemutat\u00e1sa<\/strong><\/p>\n<p style=\"text-align: justify\">A palliat\u00edv ell\u00e1t\u00e1s azon betegek akt\u00edv, teljes k\u00f6r\u0171 ell\u00e1t\u00e1sa, akiknek a betegs\u00e9g\u00e9re a gy\u00f3gy\u00edt\u00f3 kezel\u00e9sek jelent\u0151s r\u00e9sze m\u00e1r nincs hat\u00e1ssal. A k\u00f6z\u00e9ppontban a f\u00e1jdalomcsillap\u00edt\u00e1s, a t\u00f6bbi t\u00fcnet enyh\u00edt\u00e9se, illetve a szoci\u00e1lis, lelki \u00e9s spiritu\u00e1lis probl\u00e9m\u00e1k kezel\u00e9se \u00e1ll. A palliat\u00edv ell\u00e1t\u00e1s interdiszciplin\u00e1ris megk\u00f6zel\u00edt\u00e9s\u0171, hat\u00f3k\u00f6r\u00e9be tartozik a beteg, a csal\u00e1d \u00e9s a k\u00f6z\u00f6ss\u00e9g egyar\u00e1nt. A p\u00e9csi modell alapj\u00e1n haz\u00e1nkban egyed\u00fcl\u00e1ll\u00f3 mintak\u00e9nt, j\u00f3gyakorlatk\u00e9nt m\u0171k\u00f6dik az egyetem klinikai centrumaiban a klinikai palliat\u00edv konzult\u00e1ci\u00f3s mobil team. <em>\u00a0<\/em>A j\u00f3gyakorlat c\u00e9lja a tervezett palliat\u00edv konz\u00edliumban \u00e9rintett betegek k\u00f6r\u00e9ben jav\u00edtani az \u00e9letmin\u0151s\u00e9get, cs\u00f6kkenteni a hospitaliz\u00e1l\u00e1s \u00e1rtalmait, ez\u00e1ltal n\u00f6velni a betegel\u00e9gedetts\u00e9get, seg\u00edteni, hogy id\u0151ben megt\u00f6rt\u00e9njen a m\u00e1s palliat\u00edv ell\u00e1t\u00e1si form\u00e1ba val\u00f3 integr\u00e1ci\u00f3, a jobb t\u00fcneti kontroll \u00e9s t\u00e1j\u00e9kozotts\u00e1g el\u00e9r\u00e9se. K\u00f6vetkezm\u00e9nyk\u00e9nt c\u00e9lja cs\u00f6kkenteni az akt\u00edv oszt\u00e1lyokon t\u00f6rt\u00e9n\u0151 \u00e1pol\u00e1si napok sz\u00e1m\u00e1t, az invaz\u00edv \u00e9s diagnosztikai ell\u00e1t\u00e1sok sz\u00e1m\u00e1t, ez\u00e1ltal k\u00f6lts\u00e9gmegtakar\u00edt\u00e1st el\u00e9rni.<\/p>\n<p style=\"text-align: justify\">A palliat\u00edv mobil team munk\u00e1j\u00e1nak kialak\u00edt\u00e1sa \u00e9s bevezet\u00e9se k\u00f6r\u00fclbel\u00fcl f\u00e9l \u2013 1 \u00e9vet vesz ig\u00e9nybe. A k\u00f3rh\u00e1zi palliat\u00edv mobil team szem\u00e9lyi minimumfelt\u00e9telhez k\u00f6t\u00f6tt ell\u00e1t\u00e1si forma, mely kiz\u00e1r\u00f3lag klinikai ell\u00e1t\u00e1sban, konzult\u00e1ci\u00f3k\u00e9r\u00e9s alapj\u00e1n m\u0171k\u00f6dik. A team alapvet\u0151 tagja a palliat\u00edv orvos, a pszichol\u00f3gus \u00e9s a hospice szak\u00e1pol\u00f3\/koordin\u00e1tor. A team bevon\u00e1sakor fontos a menedzsment, a k\u00f3rh\u00e1zi dolgoz\u00f3k, az oszt\u00e1lyok \u00e9s a vezet\u0151k sz\u00f3beli \u00e9s \u00edr\u00e1sos t\u00e1j\u00e9koztat\u00e1sa, egy\u00fcttm\u0171k\u00f6d\u00e9s\u00fck megnyer\u00e9se, a c\u00e9lok \u00e9s az elv\u00e1r\u00e1sok hangs\u00falyoz\u00e1sa. Els\u0151dlegesen azon k\u00f3rh\u00e1zi oszt\u00e1lyokat c\u00e9lszer\u0171 megkeresni, ahol a legt\u00f6bb daganat okozta hal\u00e1loz\u00e1s, illetve daganatos beteg el\u0151fordul. Aj\u00e1nlott a team munk\u00e1j\u00e1r\u00f3l, a konzult\u00e1ci\u00f3 folyamat\u00e1r\u00f3l t\u00e1j\u00e9koztat\u00f3kat k\u00e9sz\u00edteni, melyet minden oszt\u00e1lyra \u00e9rdemes kif\u00fcggeszteni. A t\u00e1j\u00e9koztat\u00f3 tartalmazza a team el\u00e9rhet\u0151s\u00e9g\u00e9t, feladatait, milyen tev\u00e9kenys\u00e9get v\u00e9gez, \u00e9s mikor \u00e9rhet\u0151 el. A palliat\u00edv ig\u00e9ny felmer\u00fclhet a szakorvos, a beteg kezel\u0151orvosa r\u00e9sz\u00e9r\u0151l, a palliat\u00edv team oszt\u00e1lyos vizitje sor\u00e1n, a beteg \u00e9s a csal\u00e1dtag r\u00e9sz\u00e9r\u0151l is. Sz\u00f3ban \u00e9s &#8211; ami a legfontosabb &#8211; \u00edr\u00e1sban megt\u00f6rt\u00e9nik a konzult\u00e1ci\u00f3k\u00e9r\u00e9s, ennek felad\u00e1sa a p\u00e9csi int\u00e9zetben k\u00f3rh\u00e1zi e-medikai rendszerben t\u00f6rt\u00e9nik, melynek tartalmi r\u00e9szeit a palliat\u00edv team dolgozta ki. Fontos, hogy a konz\u00edliumot k\u00e9r\u0151 szakorvos le\u00edrja a beteg k\u00f3rt\u00f6rt\u00e9net\u00e9t, jelenlegi st\u00e1tusz\u00e1t \u00e9s a pontos k\u00e9r\u00e9st, ig\u00e9nyt. A team egy tagja a konz\u00edlium k\u00e9r\u00e9s ig\u00e9nye alapj\u00e1n (pl.: t\u00fcneti ell\u00e1t\u00e1s, pszichoszoci\u00e1lis t\u00e1mogat\u00e1s vagy ell\u00e1t\u00e1s tervez\u00e9se) 24 \u00f3r\u00e1n bel\u00fcl megjelenik a k\u00f3rh\u00e1zi oszt\u00e1lyon, ahol az els\u0151dleges ell\u00e1t\u00f3val val\u00f3 konz\u00edlium sor\u00e1n, ak\u00e1r beteg\u00e1gy mellett \u00e1tbesz\u00e9lik a beteg \u00e1llapot\u00e1t, a v\u00e1rhat\u00f3 eredm\u00e9nyeket, ig\u00e9nyeket, sz\u00fcks\u00e9gleteket, a konzult\u00e1ci\u00f3k\u00e9r\u00e9s indok\u00e1t. A team a szakorvossal, a beteggel \u00e9s a csal\u00e1ddal val\u00f3 egy\u00fcttes megbesz\u00e9l\u00e9s sor\u00e1n ell\u00e1t\u00e1si tervet \u00e1ll\u00edt fel, megszervezi a beteg tov\u00e1bbi palliat\u00edv ell\u00e1t\u00e1s\u00e1t, \u00e9letv\u00e9gi ell\u00e1t\u00e1s\u00e1t \u00e9s az ig\u00e9ny, sz\u00fcks\u00e9glet alapj\u00e1n a team \u00e1ltal ny\u00fajtott szakell\u00e1t\u00e1st \u00e9s kieg\u00e9sz\u00edt\u0151 szakell\u00e1t\u00e1sokat (dietetikai, szoci\u00e1lis \u00e9s gy\u00f3gytornai tan\u00e1csad\u00e1s). A konz\u00edlium eredm\u00e9ny\u00e9t a beteg dokument\u00e1ci\u00f3j\u00e1ban r\u00f6gz\u00edtik. A konzultat\u00edv ell\u00e1t\u00e1s kiterjed a beteg tov\u00e1bbi ell\u00e1t\u00e1s\u00e1nak (otthoni vagy int\u00e9zeti hospice ell\u00e1t\u00e1s, j\u00e1r\u00f3beteg szakell\u00e1t\u00e1s) megszervez\u00e9s\u00e9re, pszich\u00e9s t\u00e1mogat\u00e1s\u00e1ra \u00e9s t\u00fcneti ell\u00e1t\u00e1sra.\u00a0 Amennyiben a beteg \u00e1llapota nem engedi hazamenetel\u00e9t, vagy m\u00e1s palliat\u00edv ell\u00e1t\u00e1sba val\u00f3 integr\u00e1l\u00e1s\u00e1t, sz\u00fcks\u00e9ges a beteg oszt\u00e1lyos szint\u0171, beteg\u00e1gy melletti monitoroz\u00e1sa, \u00e1llapot\u00e1nak nyomon k\u00f6vet\u00e9se.<\/p>\n<p style=\"text-align: justify\">A P\u00e9csi Tudom\u00e1nyegyetem Onkoter\u00e1pi\u00e1s Int\u00e9zet\u00e9ben folyamatosan monitorozz\u00e1k a klinikai szakter\u00fcletek konz\u00edlium k\u00e9r\u00e9s\u00e9nek gyakoris\u00e1g\u00e1t, a k\u00e9r\u00e9sek indokolts\u00e1g\u00e1t \u00e9s a konz\u00edlium ut\u00e1ni betegutakat. Tapasztalataik alapj\u00e1n az onkol\u00f3giai \u00e9s belgy\u00f3gy\u00e1szati szakmaprofil veszi ig\u00e9nybe leggyakrabban a palliat\u00edv team seg\u00edts\u00e9g\u00e9t.<\/p>\n<p style=\"text-align: center\"><a class=\"btn btn-secondary\" href=\"https:\/\/jogyakorlatok.betegbiztonsag.info\/#\/topic\/230rgQljw8myq6KociGYCg\" target=\"_blank\" rel=\"noopener\">A j\u00f3gyakorlat teljes le\u00edr\u00e1sa<\/a><\/p>\n<div class=\"fontos_div\">\n<div class=\"w-100\" style=\"text-align: justify\"><strong>Hol \u00e9rdekl\u0151dhet?<\/strong><\/div>\n<div class=\"w-100\" style=\"text-align: justify\">Dr. Csik\u00f3s \u00c1gnes, palliat\u00edv medicina szakorvos, egyetemi docens<\/div>\n<div class=\"w-100\" style=\"text-align: justify\"><a href=\"mailto:agnes.csikoska@gmail.com\" target=\"_blank\" rel=\"noopener\">agnes.csikoska@gmail.com<\/a><\/div>\n<div class=\"w-100\" style=\"text-align: justify\">Luk\u00e1cs Mikl\u00f3s, mobil team koordin\u00e1tor, hospice szak\u00e1pol\u00f3 \u00e9s koordin\u00e1tor<\/div>\n<div class=\"w-100\" style=\"text-align: justify\"><a href=\"mailto:lukacsmik@gmail.com\" target=\"_blank\" rel=\"noopener\">lukacsmik@gmail.com<\/a><\/div>\n<\/div>\n","protected":false},"excerpt":{"rendered":"<p>P\u00e9csi Tudom\u00e1nyegyetem Onkoter\u00e1pi\u00e1s Int\u00e9zet: klinikai palliat\u00edv mobil team m\u0171k\u00f6dtet\u00e9se a beteg \u00e9letmin\u0151s\u00e9g\u00e9nek jav\u00edt\u00e1s\u00e1\u00e9rt A hospice- \u00e9s palliat\u00edv ell\u00e1t\u00e1s az el\u0151rehaladott \u00e1llapot\u00fa daganatos betegek komplex ell\u00e1t\u00e1s\u00e1t, \u00e9letmin\u0151s\u00e9g\u00e9nek jav\u00edt\u00e1s\u00e1t jelenti. Komplexit\u00e1sa miatt sokr\u00e9t\u0171: orvosi, \u00e1pol\u00f3i, pszichoszoci\u00e1lis, szervez\u00e9si feladatokat tartalmaz. A palliat\u00edv mobil team interdiszciplin\u00e1ris seg\u00edts\u00e9get ny\u00fajt a klinikusoknak az el\u0151rehaladott \u00e1llapot\u00fa termin\u00e1lis betegek komplex ell\u00e1t\u00e1s\u00e1hoz \u00e9s ell\u00e1t\u00e1suk &hellip;<\/p>\n","protected":false},"author":101539,"featured_media":0,"parent":17196,"menu_order":0,"comment_status":"closed","ping_status":"closed","template":"","meta":{"_acf_changed":false,"footnotes":""},"categories":[],"tags":[],"class_list":["post-17457","page","type-page","status-publish","hentry"],"acf":[],"_links":{"self":[{"href":"https:\/\/semmelweis.hu\/emk\/wp-json\/wp\/v2\/pages\/17457","targetHints":{"allow":["GET"]}}],"collection":[{"href":"https:\/\/semmelweis.hu\/emk\/wp-json\/wp\/v2\/pages"}],"about":[{"href":"https:\/\/semmelweis.hu\/emk\/wp-json\/wp\/v2\/types\/page"}],"author":[{"embeddable":true,"href":"https:\/\/semmelweis.hu\/emk\/wp-json\/wp\/v2\/users\/101539"}],"replies":[{"embeddable":true,"href":"https:\/\/semmelweis.hu\/emk\/wp-json\/wp\/v2\/comments?post=17457"}],"version-history":[{"count":3,"href":"https:\/\/semmelweis.hu\/emk\/wp-json\/wp\/v2\/pages\/17457\/revisions"}],"predecessor-version":[{"id":25169,"href":"https:\/\/semmelweis.hu\/emk\/wp-json\/wp\/v2\/pages\/17457\/revisions\/25169"}],"up":[{"embeddable":true,"href":"https:\/\/semmelweis.hu\/emk\/wp-json\/wp\/v2\/pages\/17196"}],"wp:attachment":[{"href":"https:\/\/semmelweis.hu\/emk\/wp-json\/wp\/v2\/media?parent=17457"}],"wp:term":[{"taxonomy":"category","embeddable":true,"href":"https:\/\/semmelweis.hu\/emk\/wp-json\/wp\/v2\/categories?post=17457"},{"taxonomy":"post_tag","embeddable":true,"href":"https:\/\/semmelweis.hu\/emk\/wp-json\/wp\/v2\/tags?post=17457"}],"curies":[{"name":"wp","href":"https:\/\/api.w.org\/{rel}","templated":true}]}}