{"id":17423,"date":"2020-08-10T13:30:36","date_gmt":"2020-08-10T11:30:36","guid":{"rendered":"https:\/\/semmelweis.hu\/emk\/?page_id=17423"},"modified":"2025-03-28T14:01:51","modified_gmt":"2025-03-28T13:01:51","slug":"hirlevel-kulonszamok","status":"publish","type":"page","link":"https:\/\/semmelweis.hu\/emk\/elerhetosegek\/emk-hirlevel\/hirlevel-kulonszamok\/","title":{"rendered":"H\u00edrlev\u00e9l k\u00fcl\u00f6nsz\u00e1mok"},"content":{"rendered":"<div class=\"keretes w-100\">\n<h5>\u00c9rtes\u00fclj\u00f6n \u00d6n is az Eg\u00e9szs\u00e9g\u00fcgyi Menedzserk\u00e9pz\u0151 K\u00f6zpont h\u00edreir\u0151l, esem\u00e9nyeir\u0151l!\u00a0<\/h5>\n<p style=\"text-align: center\"><a class=\"button\" href=\"https:\/\/97febb0d.sibforms.com\/serve\/MUIFAKSGdZLs7CMUCYQOjrtZ0cVQ6lfz53PUGCbShmGwjtPkRHsUxYOpTS2HLcFe5R20ym6l_OcZPX8_2aGAWu1wlMTXO3rVQDx8Dgx3NVQX9z9fH8-zZwJCHQPfvq6HXUkju-ZeTB7nZ9r7WBtZfCp1mILvj5SkPSeg3ZDZgI2srSD5lKdq0iAjIEdqGf_EN-8-DmHu6GPZLvrB\">FELIRATKOZ\u00c1S<\/a><\/p>\n<\/div>\n<h5 style=\"text-align: center\">KOR\u00c1BBI H\u00cdRLEV\u00c9L K\u00dcL\u00d6NSZ\u00c1MAINK<\/h5>\n<p><a href=\"https:\/\/sh1.sendinblue.com\/3iw6l0mrgxxpfe.html?t=1736506569114\" target=\"_blank\" rel=\"noopener\">2025. janu\u00e1r\u00a0<\/a>&#8211; 2025. szeptember\u00e9ben indul\u00f3 mesterk\u00e9pz\u00e9seink<\/p>\n<p><a href=\"https:\/\/sh1.sendinblue.com\/aer1fhwaett7e.html?t=1612270840\">2021. febru\u00e1r<\/a> &#8211; A f\u00e1jdalomcsillap\u00edt\u00e1s \u00e9s az otthoni l\u00e9legeztet\u00e9s j\u00f3gyakorlatai<\/p>\n<p><a href=\"https:\/\/sh1.sendinblue.com\/aegut9waett7e.html?t=1612178064\">2020. december<\/a> &#8211; A betegoktat\u00e1s j\u00f3gyakorlatai<\/p>\n<p><a href=\"https:\/\/sh1.sendinblue.com\/ae4kcdwaett7e.html?t=1600255778\">2020. augusztus<\/a> &#8211; Az onkol\u00f3gia j\u00f3gyakorlatai<\/p>\n<p><a href=\"https:\/\/sh1.sendinblue.com\/ae0cn1waett7e.html?t=1597058947\">2020. j\u00falius<\/a> &#8211; Az \u00e1pol\u00e1sszervez\u00e9s j\u00f3gyakorlatai<\/p>\n<p><a href=\"http:\/\/sh1.sendinblue.com\/adq60twaett7e.html?t=1582125771\">2020. febru\u00e1r<\/a>\u00a0 &#8211; A nyom\u00e1si fek\u00e9ly j\u00f3gyakorlatai<\/p>\n<p><a href=\"http:\/\/sh1.sendinblue.com\/7s039af7t4c.html?t=1575539871\">2019. december<\/a>\u00a0 &#8211;\u00a0 Az \u00fajra\u00e9leszt\u00e9s j\u00f3gyakorlatai<\/p>\n","protected":false},"excerpt":{"rendered":"<p>\u00c9rtes\u00fclj\u00f6n \u00d6n is az Eg\u00e9szs\u00e9g\u00fcgyi Menedzserk\u00e9pz\u0151 K\u00f6zpont h\u00edreir\u0151l, esem\u00e9nyeir\u0151l!\u00a0 <a class=\"button\" href=\"https:\/\/97febb0d.sibforms.com\/serve\/MUIFAKSGdZLs7CMUCYQOjrtZ0cVQ6lfz53PUGCbShmGwjtPkRHsUxYOpTS2HLcFe5R20ym6l_OcZPX8_2aGAWu1wlMTXO3rVQDx8Dgx3NVQX9z9fH8-zZwJCHQPfvq6HXUkju-ZeTB7nZ9r7WBtZfCp1mILvj5SkPSeg3ZDZgI2srSD5lKdq0iAjIEdqGf_EN-8-DmHu6GPZLvrB\">FELIRATKOZ\u00c1S<\/a> KOR\u00c1BBI H\u00cdRLEV\u00c9L K\u00dcL\u00d6NSZ\u00c1MAINK <a href=\"https:\/\/sh1.sendinblue.com\/3iw6l0mrgxxpfe.html?t=1736506569114\" target=\"_blank\" rel=\"noopener\">2025. janu\u00e1r\u00a0<\/a> &#8211; 2025. szeptember\u00e9ben indul\u00f3 mesterk\u00e9pz\u00e9seink <a href=\"https:\/\/sh1.sendinblue.com\/aer1fhwaett7e.html?t=1612270840\">2021. febru\u00e1r<\/a> &#8211; A f\u00e1jdalomcsillap\u00edt\u00e1s \u00e9s az otthoni l\u00e9legeztet\u00e9s j\u00f3gyakorlatai <a href=\"https:\/\/sh1.sendinblue.com\/aegut9waett7e.html?t=1612178064\">2020. december<\/a> &#8211; A betegoktat\u00e1s j\u00f3gyakorlatai <a href=\"https:\/\/sh1.sendinblue.com\/ae4kcdwaett7e.html?t=1600255778\">2020. augusztus<\/a> &#8211; Az onkol\u00f3gia j\u00f3gyakorlatai <a href=\"https:\/\/sh1.sendinblue.com\/ae0cn1waett7e.html?t=1597058947\">2020. j\u00falius<\/a> &#8211; Az \u00e1pol\u00e1sszervez\u00e9s j\u00f3gyakorlatai <a href=\"http:\/\/sh1.sendinblue.com\/adq60twaett7e.html?t=1582125771\">2020. febru\u00e1r<\/a> \u00a0 &#8211; A nyom\u00e1si fek\u00e9ly j\u00f3gyakorlatai <a href=\"http:\/\/sh1.sendinblue.com\/7s039af7t4c.html?t=1575539871\">2019. december<\/a> \u00a0 &#8211;\u00a0 Az \u00fajra\u00e9leszt\u00e9s &hellip;<\/p>\n","protected":false},"author":101539,"featured_media":0,"parent":15398,"menu_order":0,"comment_status":"closed","ping_status":"closed","template":"","meta":{"_acf_changed":false,"footnotes":""},"categories":[],"tags":[],"class_list":["post-17423","page","type-page","status-publish","hentry"],"acf":[],"_links":{"self":[{"href":"https:\/\/semmelweis.hu\/emk\/wp-json\/wp\/v2\/pages\/17423","targetHints":{"allow":["GET"]}}],"collection":[{"href":"https:\/\/semmelweis.hu\/emk\/wp-json\/wp\/v2\/pages"}],"about":[{"href":"https:\/\/semmelweis.hu\/emk\/wp-json\/wp\/v2\/types\/page"}],"author":[{"embeddable":true,"href":"https:\/\/semmelweis.hu\/emk\/wp-json\/wp\/v2\/users\/101539"}],"replies":[{"embeddable":true,"href":"https:\/\/semmelweis.hu\/emk\/wp-json\/wp\/v2\/comments?post=17423"}],"version-history":[{"count":10,"href":"https:\/\/semmelweis.hu\/emk\/wp-json\/wp\/v2\/pages\/17423\/revisions"}],"predecessor-version":[{"id":24833,"href":"https:\/\/semmelweis.hu\/emk\/wp-json\/wp\/v2\/pages\/17423\/revisions\/24833"}],"up":[{"embeddable":true,"href":"https:\/\/semmelweis.hu\/emk\/wp-json\/wp\/v2\/pages\/15398"}],"wp:attachment":[{"href":"https:\/\/semmelweis.hu\/emk\/wp-json\/wp\/v2\/media?parent=17423"}],"wp:term":[{"taxonomy":"category","embeddable":true,"href":"https:\/\/semmelweis.hu\/emk\/wp-json\/wp\/v2\/categories?post=17423"},{"taxonomy":"post_tag","embeddable":true,"href":"https:\/\/semmelweis.hu\/emk\/wp-json\/wp\/v2\/tags?post=17423"}],"curies":[{"name":"wp","href":"https:\/\/api.w.org\/{rel}","templated":true}]}}