{"id":17242,"date":"2020-07-20T14:12:59","date_gmt":"2020-07-20T12:12:59","guid":{"rendered":"https:\/\/semmelweis.hu\/emk\/?page_id=17242"},"modified":"2025-08-22T11:29:55","modified_gmt":"2025-08-22T09:29:55","slug":"perioperativ-fajdalomcsillapitas-intezeti-folyamatainak-kialakitasa","status":"publish","type":"page","link":"https:\/\/semmelweis.hu\/emk\/oktatas\/e-learning\/e-learning-egeszsegugyi-szakdolgozoknak\/perioperativ-fajdalomcsillapitas-intezeti-folyamatainak-kialakitasa\/","title":{"rendered":"Perioperat\u00edv f\u00e1jdalomcsillap\u00edt\u00e1s int\u00e9zeti folyamatainak kialak\u00edt\u00e1sa"},"content":{"rendered":"<h3 style=\"text-align: center\">Perioperat\u00edv f\u00e1jdalomcsillap\u00edt\u00e1s int\u00e9zeti folyamatainak kialak\u00edt\u00e1sa e-learning k\u00e9pz\u00e9s szakdolgoz\u00f3knak<\/h3>\n<p><strong>K\u00f3dsz\u00e1m: SZTK-A-44445\/2024<\/strong><\/p>\n<p style=\"text-align: justify\">Kurzusunk oktat\u00e1si anyag\u00e1nak c\u00e9lja, a betegbiztons\u00e1gi \u00e9s min\u0151s\u00e9gszempont\u00fa megk\u00f6zel\u00edt\u00e9s r\u00e9v\u00e9n, hogy a r\u00e9sztvev\u0151k r\u00e9szletes ismereteket szerezzenek a<strong> perioperat\u00edv f\u00e1jdalomcsillap\u00edt\u00e1s int\u00e9zeti folyamatainak kialak\u00edt\u00e1s\u00e1val<\/strong>, elsaj\u00e1t\u00edts\u00e1k azokat a lehet\u0151s\u00e9geket \u00e9s tud\u00e1st, melyek \u00e1ltal k\u00e9pess\u00e9 v\u00e1lnak a perioperat\u00edv f\u00e1jdalomcsillap\u00edt\u00e1s j\u00f3gyakorlat\u00e1nak int\u00e9zet\u00fckben val\u00f3 bevezet\u00e9s\u00e9nek kezdem\u00e9nyez\u00e9s\u00e9re, fel\u00fclvizsg\u00e1lat\u00e1ra. Ennek eredm\u00e9nye alapj\u00e1n pedig alkalmasak legyenek, az esetlegesen felmer\u00fcl\u0151 hib\u00e1k\/hi\u00e1nyoss\u00e1gok felismer\u00e9s\u00e9re \u00e9s a megold\u00e1si javaslatok kidolgoz\u00e1s\u00e1ra.<\/p>\n<p style=\"text-align: justify\">K\u00e9pz\u00e9s\u00fcnk szabadon v\u00e1laszthat\u00f3 elm\u00e9leti tov\u00e1bbk\u00e9pz\u00e9sk\u00e9nt <strong>19<\/strong> <strong>kreditpontra <\/strong>min\u0151s\u00edtett, a 63\/2011 (XI.29.) NEFMI rendelet 1. sz mell\u00e9klet\u00e9ben megjel\u00f6lt <em>feln\u0151tt \u00e1pol\u00e1s \u00e9s gondoz\u00e1s, gyermek \u00e1pol\u00e1s \u00e9s gondoz\u00e1s, s\u00fcrg\u0151ss\u00e9gi ell\u00e1t\u00e1s, mozg\u00e1ster\u00e1pia \u00e9s fizioter\u00e1pia, m\u0171t\u00e9ti ell\u00e1t\u00e1s, sz\u00fcl\u00e9szeti ell\u00e1t\u00e1s, \u00e9s az eg\u00e9szs\u00e9g\u00fcgyi menedzsment<\/em>, szakmacsoportban dolgoz\u00f3 <strong>szakdolgoz\u00f3k <\/strong>sz\u00e1m\u00e1ra elsz\u00e1molhat\u00f3.<\/p>\n<p><a href=\"https:\/\/semmelweis.hu\/emk\/files\/2020\/07\/perioperat\u00edv.png\"><img loading=\"lazy\" decoding=\"async\" class=\"alignnone size-medium wp-image-17251\" src=\"https:\/\/semmelweis.hu\/emk\/files\/2020\/07\/perioperat\u00edv-400x277.png\" alt=\"\" width=\"400\" height=\"277\" srcset=\"https:\/\/semmelweis.hu\/emk\/files\/2020\/07\/perioperat\u00edv-400x277.png 400w, https:\/\/semmelweis.hu\/emk\/files\/2020\/07\/perioperat\u00edv-175x120.png 175w, https:\/\/semmelweis.hu\/emk\/files\/2020\/07\/perioperat\u00edv.png 600w\" sizes=\"auto, (max-width: 400px) 100vw, 400px\" \/><\/a><\/p>\n","protected":false},"excerpt":{"rendered":"<p>Perioperat\u00edv f\u00e1jdalomcsillap\u00edt\u00e1s int\u00e9zeti folyamatainak kialak\u00edt\u00e1sa e-learning k\u00e9pz\u00e9s szakdolgoz\u00f3knak K\u00f3dsz\u00e1m: SZTK-A-44445\/2024 Kurzusunk oktat\u00e1si anyag\u00e1nak c\u00e9lja, a betegbiztons\u00e1gi \u00e9s min\u0151s\u00e9gszempont\u00fa megk\u00f6zel\u00edt\u00e9s r\u00e9v\u00e9n, hogy a r\u00e9sztvev\u0151k r\u00e9szletes ismereteket szerezzenek a perioperat\u00edv f\u00e1jdalomcsillap\u00edt\u00e1s int\u00e9zeti folyamatainak kialak\u00edt\u00e1s\u00e1val, elsaj\u00e1t\u00edts\u00e1k azokat a lehet\u0151s\u00e9geket \u00e9s tud\u00e1st, melyek \u00e1ltal k\u00e9pess\u00e9 v\u00e1lnak a perioperat\u00edv f\u00e1jdalomcsillap\u00edt\u00e1s j\u00f3gyakorlat\u00e1nak int\u00e9zet\u00fckben val\u00f3 bevezet\u00e9s\u00e9nek kezdem\u00e9nyez\u00e9s\u00e9re, fel\u00fclvizsg\u00e1lat\u00e1ra. Ennek eredm\u00e9nye alapj\u00e1n pedig &hellip;<\/p>\n","protected":false},"author":101539,"featured_media":0,"parent":17794,"menu_order":2,"comment_status":"closed","ping_status":"closed","template":"","meta":{"_acf_changed":false,"footnotes":""},"categories":[],"tags":[],"class_list":["post-17242","page","type-page","status-publish","hentry"],"acf":[],"_links":{"self":[{"href":"https:\/\/semmelweis.hu\/emk\/wp-json\/wp\/v2\/pages\/17242","targetHints":{"allow":["GET"]}}],"collection":[{"href":"https:\/\/semmelweis.hu\/emk\/wp-json\/wp\/v2\/pages"}],"about":[{"href":"https:\/\/semmelweis.hu\/emk\/wp-json\/wp\/v2\/types\/page"}],"author":[{"embeddable":true,"href":"https:\/\/semmelweis.hu\/emk\/wp-json\/wp\/v2\/users\/101539"}],"replies":[{"embeddable":true,"href":"https:\/\/semmelweis.hu\/emk\/wp-json\/wp\/v2\/comments?post=17242"}],"version-history":[{"count":10,"href":"https:\/\/semmelweis.hu\/emk\/wp-json\/wp\/v2\/pages\/17242\/revisions"}],"predecessor-version":[{"id":25762,"href":"https:\/\/semmelweis.hu\/emk\/wp-json\/wp\/v2\/pages\/17242\/revisions\/25762"}],"up":[{"embeddable":true,"href":"https:\/\/semmelweis.hu\/emk\/wp-json\/wp\/v2\/pages\/17794"}],"wp:attachment":[{"href":"https:\/\/semmelweis.hu\/emk\/wp-json\/wp\/v2\/media?parent=17242"}],"wp:term":[{"taxonomy":"category","embeddable":true,"href":"https:\/\/semmelweis.hu\/emk\/wp-json\/wp\/v2\/categories?post=17242"},{"taxonomy":"post_tag","embeddable":true,"href":"https:\/\/semmelweis.hu\/emk\/wp-json\/wp\/v2\/tags?post=17242"}],"curies":[{"name":"wp","href":"https:\/\/api.w.org\/{rel}","templated":true}]}}