{"id":17239,"date":"2020-07-20T14:08:08","date_gmt":"2020-07-20T12:08:08","guid":{"rendered":"https:\/\/semmelweis.hu\/emk\/?page_id=17239"},"modified":"2025-08-22T11:29:39","modified_gmt":"2025-08-22T09:29:39","slug":"a-betegoktatas-intezeti-kialakitasanak-jogyakorlata","status":"publish","type":"page","link":"https:\/\/semmelweis.hu\/emk\/oktatas\/e-learning\/e-learning-egeszsegugyi-szakdolgozoknak\/a-betegoktatas-intezeti-kialakitasanak-jogyakorlata\/","title":{"rendered":"A betegoktat\u00e1s int\u00e9zeti kialak\u00edt\u00e1s\u00e1nak j\u00f3gyakorlata"},"content":{"rendered":"<h3 style=\"text-align: center\">A betegoktat\u00e1s int\u00e9zeti kialak\u00edt\u00e1s\u00e1nak j\u00f3gyakorlata e-learning k\u00e9pz\u00e9s szakdolgoz\u00f3knak<\/h3>\n<p><strong>K\u00f3dsz\u00e1m:\u00a0SZTK-A-44443\/2024\u00a0<\/strong><\/p>\n<p style=\"text-align: justify\">Tov\u00e1bbk\u00e9pz\u00e9s\u00fcnk a <strong>betegoktat\u00e1s int\u00e9zeti kialak\u00edt\u00e1s folyamat\u00e1val<\/strong>\u00a0mint t\u00e9ma bemutat\u00e1s\u00e1val, jelent\u0151s\u00e9g\u00e9nek ismertet\u00e9s\u00e9vel foglalkozik. A k\u00e9pz\u00e9s c\u00e9lja, hogy a r\u00e9sztvev\u0151k betegbiztons\u00e1gi \u00e9s min\u0151s\u00e9gszempont\u00fa szeml\u00e9let \u00e1ltal behat\u00f3an megismerkedjenek a betegoktat\u00e1st \u00e9rint\u0151 optim\u00e1lis folyamatszervez\u00e9s szempontrendszer\u00e9vel, valamint a beteg bevon\u00e1s\u00e1ra \u00e9p\u00fcl\u0151 naprak\u00e9sz szeml\u00e9letm\u00f3ddal. Ennek alapj\u00e1n pedig felk\u00e9sz\u00fclhessenek a betegoktat\u00e1s int\u00e9zm\u00e9ny\u00fckben t\u00f6rt\u00e9n\u0151 fejleszt\u00e9s\u00e9re, \u00e1talak\u00edt\u00e1s\u00e1ra.<\/p>\n<p style=\"text-align: justify\">Szakmai programunk szabadon v\u00e1laszthat\u00f3 elm\u00e9leti tov\u00e1bbk\u00e9pz\u00e9sk\u00e9nt <strong>19 kreditpontra <\/strong>min\u0151s\u00edtett, a 63\/2011 (XI.29.) NEFMI rendelet 1. sz mell\u00e9klet\u00e9ben megjel\u00f6lt <em>feln\u0151tt \u00e1pol\u00e1s \u00e9s gondoz\u00e1s, gyermek \u00e1pol\u00e1s \u00e9s gondoz\u00e1s, mozg\u00e1ster\u00e1pia \u00e9s fizioter\u00e1pia, m\u0171t\u00e9ti ell\u00e1t\u00e1s, k\u00f6zeg\u00e9szs\u00e9g\u00fcgyi \u00e9s n\u00e9peg\u00e9szs\u00e9g\u00fcgyi, eg\u00e9szs\u00e9g\u00fcgyi menedzsment, rehabilit\u00e1ci\u00f3s \u00e9s \u00e9letvezet\u00e9st t\u00e1mogat\u00f3, dietetika, valamit a term\u00e9szetgy\u00f3gy\u00e1szat<\/em> szakmacsoportban dolgoz\u00f3 <strong>szakdolgoz\u00f3k <\/strong>sz\u00e1m\u00e1ra elsz\u00e1molhat\u00f3.<\/p>\n<p><a href=\"https:\/\/semmelweis.hu\/emk\/files\/2020\/07\/betegoktat\u00e1s.png\"><img loading=\"lazy\" decoding=\"async\" class=\"alignnone wp-image-17250 size-medium\" src=\"https:\/\/semmelweis.hu\/emk\/files\/2020\/07\/betegoktat\u00e1s-400x277.png\" alt=\"\" width=\"400\" height=\"277\" srcset=\"https:\/\/semmelweis.hu\/emk\/files\/2020\/07\/betegoktat\u00e1s-400x277.png 400w, https:\/\/semmelweis.hu\/emk\/files\/2020\/07\/betegoktat\u00e1s-175x120.png 175w, https:\/\/semmelweis.hu\/emk\/files\/2020\/07\/betegoktat\u00e1s.png 600w\" sizes=\"auto, (max-width: 400px) 100vw, 400px\" \/><\/a><\/p>\n<p>&nbsp;<\/p>\n","protected":false},"excerpt":{"rendered":"<p>A betegoktat\u00e1s int\u00e9zeti kialak\u00edt\u00e1s\u00e1nak j\u00f3gyakorlata e-learning k\u00e9pz\u00e9s szakdolgoz\u00f3knak K\u00f3dsz\u00e1m:\u00a0SZTK-A-44443\/2024\u00a0 Tov\u00e1bbk\u00e9pz\u00e9s\u00fcnk a betegoktat\u00e1s int\u00e9zeti kialak\u00edt\u00e1s folyamat\u00e1val\u00a0mint t\u00e9ma bemutat\u00e1s\u00e1val, jelent\u0151s\u00e9g\u00e9nek ismertet\u00e9s\u00e9vel foglalkozik. A k\u00e9pz\u00e9s c\u00e9lja, hogy a r\u00e9sztvev\u0151k betegbiztons\u00e1gi \u00e9s min\u0151s\u00e9gszempont\u00fa szeml\u00e9let \u00e1ltal behat\u00f3an megismerkedjenek a betegoktat\u00e1st \u00e9rint\u0151 optim\u00e1lis folyamatszervez\u00e9s szempontrendszer\u00e9vel, valamint a beteg bevon\u00e1s\u00e1ra \u00e9p\u00fcl\u0151 naprak\u00e9sz szeml\u00e9letm\u00f3ddal. Ennek alapj\u00e1n pedig felk\u00e9sz\u00fclhessenek a betegoktat\u00e1s int\u00e9zm\u00e9ny\u00fckben t\u00f6rt\u00e9n\u0151 fejleszt\u00e9s\u00e9re, &hellip;<\/p>\n","protected":false},"author":101539,"featured_media":0,"parent":17794,"menu_order":3,"comment_status":"closed","ping_status":"closed","template":"","meta":{"_acf_changed":false,"footnotes":""},"categories":[],"tags":[360,411],"class_list":["post-17239","page","type-page","status-publish","hentry","tag-betegoktatas","tag-e-learning"],"acf":[],"_links":{"self":[{"href":"https:\/\/semmelweis.hu\/emk\/wp-json\/wp\/v2\/pages\/17239","targetHints":{"allow":["GET"]}}],"collection":[{"href":"https:\/\/semmelweis.hu\/emk\/wp-json\/wp\/v2\/pages"}],"about":[{"href":"https:\/\/semmelweis.hu\/emk\/wp-json\/wp\/v2\/types\/page"}],"author":[{"embeddable":true,"href":"https:\/\/semmelweis.hu\/emk\/wp-json\/wp\/v2\/users\/101539"}],"replies":[{"embeddable":true,"href":"https:\/\/semmelweis.hu\/emk\/wp-json\/wp\/v2\/comments?post=17239"}],"version-history":[{"count":11,"href":"https:\/\/semmelweis.hu\/emk\/wp-json\/wp\/v2\/pages\/17239\/revisions"}],"predecessor-version":[{"id":25761,"href":"https:\/\/semmelweis.hu\/emk\/wp-json\/wp\/v2\/pages\/17239\/revisions\/25761"}],"up":[{"embeddable":true,"href":"https:\/\/semmelweis.hu\/emk\/wp-json\/wp\/v2\/pages\/17794"}],"wp:attachment":[{"href":"https:\/\/semmelweis.hu\/emk\/wp-json\/wp\/v2\/media?parent=17239"}],"wp:term":[{"taxonomy":"category","embeddable":true,"href":"https:\/\/semmelweis.hu\/emk\/wp-json\/wp\/v2\/categories?post=17239"},{"taxonomy":"post_tag","embeddable":true,"href":"https:\/\/semmelweis.hu\/emk\/wp-json\/wp\/v2\/tags?post=17239"}],"curies":[{"name":"wp","href":"https:\/\/api.w.org\/{rel}","templated":true}]}}