{"id":17224,"date":"2020-09-10T11:00:24","date_gmt":"2020-09-10T09:00:24","guid":{"rendered":"https:\/\/semmelweis.hu\/emk\/?page_id=17224"},"modified":"2026-03-12T12:36:09","modified_gmt":"2026-03-12T11:36:09","slug":"szocialis-vezetokepzo-tudaskozpont","status":"publish","type":"page","link":"https:\/\/semmelweis.hu\/emk\/szocialis-vezetokepzo-tudaskozpont\/","title":{"rendered":"Szoci\u00e1lis Vezet\u0151k\u00e9pz\u0151 Tud\u00e1sk\u00f6zpont"},"content":{"rendered":"<p><img loading=\"lazy\" decoding=\"async\" class=\"aligncenter size-large wp-image-26866\" src=\"https:\/\/semmelweis.hu\/emk\/files\/2026\/03\/szvk-logo-1024x226.png\" alt=\"SZVK log\u00f3\" width=\"753\" height=\"166\" srcset=\"https:\/\/semmelweis.hu\/emk\/files\/2026\/03\/szvk-logo-1024x226.png 1024w, https:\/\/semmelweis.hu\/emk\/files\/2026\/03\/szvk-logo-400x88.png 400w, https:\/\/semmelweis.hu\/emk\/files\/2026\/03\/szvk-logo-768x169.png 768w, https:\/\/semmelweis.hu\/emk\/files\/2026\/03\/szvk-logo-1536x338.png 1536w, https:\/\/semmelweis.hu\/emk\/files\/2026\/03\/szvk-logo-753x166.png 753w, https:\/\/semmelweis.hu\/emk\/files\/2026\/03\/szvk-logo.png 1607w\" sizes=\"auto, (max-width: 753px) 100vw, 753px\" \/><a href=\"https:\/\/semmelweis.hu\/emk\/a-szocialis-vezetokepzesrol\/\" target=\"_blank\" rel=\"noopener\"><img loading=\"lazy\" decoding=\"async\" class=\"alignnone\" src=\"https:\/\/semmelweis.hu\/emk\/files\/2020\/07\/szvk_k\u00e9pz\u00e9sr\u0151l_cs\u00edk-scaled.jpg\" alt=\"\" width=\"2560\" height=\"203\" \/><\/a><\/p>\n<p style=\"text-align: justify\"><span style=\"font-size: 1rem\">A <strong>szoci\u00e1lis, gyermekj\u00f3l\u00e9ti \u00e9s gyermekv\u00e9delmi ter\u00fcleten<\/strong> egyre nagyobb ig\u00e9ny van a vezet\u0151k folyamatos szakmai meg\u00fajul\u00e1s\u00e1t, tudatos \u00e9s hat\u00e9kony ir\u00e1ny\u00ed\u00adt\u00f3k\u00e9nt val\u00f3 tev\u00e9kenyked\u00e9s\u00e9t, kompetencia-tudatoss\u00e1g\u00e1nak fejleszt\u00e9s\u00e9t biztos\u00ed\u00adt\u00f3 k\u00e9pz\u00e9si rendszer kialak\u00ed\u00adt\u00e1s\u00e1ra. A <strong>vezet\u0151k\u00e9pz\u00e9s<\/strong> \u00faj rendszere arra k\u00e9sz\u00ed\u00adti fel az \u00e1gazat int\u00e9zm\u00e9nyvezet\u0151it, hogy k\u00e9pesek legyenek saj\u00e1t vezet\u0151i szerep\u00fcket \u00e9s az \u00e1ltaluk ir\u00e1ny\u00ed\u00adtott int\u00e9zm\u00e9nyek\/szolg\u00e1ltat\u00e1sok munk\u00e1j\u00e1t, szerep\u00e9t rendszerszeml\u00e9letben \u00e9rtelmezni, \u00e9s a szakmai feladatok ir\u00e1ny\u00ed\u00adt\u00e1s\u00e1hoz a hat\u00e1lyos jogszab\u00e1lyi k\u00f6rnyezetben elm\u00e9ly\u00fclt, korszer\u0171 ismereteket szerezzenek.<\/span><\/p>\n<p style=\"text-align: center\"><span style=\"font-size: 1rem\"> <a class=\"button\" href=\"https:\/\/semmelweis.hu\/emk\/szocialis-vezetokepzes\/a-szocialis-vezetokepzesrol\/\" target=\"_blank\" rel=\"noopener\">TOV\u00c1BB<\/a> <\/span><\/p>\n<p><iframe loading=\"lazy\" title=\"Bemutatkozik a Szoci\u00e1lis Vezet\u0151k\u00e9pz\u0151 Tud\u00e1sk\u00f6zpont (SZVK)\" width=\"753\" height=\"424\" src=\"https:\/\/www.youtube.com\/embed\/_yMp3iyoagQ?feature=oembed\" frameborder=\"0\" allow=\"accelerometer; autoplay; clipboard-write; encrypted-media; gyroscope; picture-in-picture; web-share\" referrerpolicy=\"strict-origin-when-cross-origin\" allowfullscreen><\/iframe><\/p>\n<p><a href=\"https:\/\/semmelweis.hu\/emk\/szocialis-vezetokepzes\/elerhetosegek-2-2\/\" target=\"_blank\" rel=\"noopener\"><img loading=\"lazy\" decoding=\"async\" class=\"alignleft wp-image-17494 size-full\" src=\"https:\/\/semmelweis.hu\/emk\/files\/2020\/09\/el\u00e9rhet\u0151s\u00e9gek-scaled.jpg\" alt=\"\" width=\"2560\" height=\"203\" srcset=\"https:\/\/semmelweis.hu\/emk\/files\/2020\/09\/el\u00e9rhet\u0151s\u00e9gek-scaled.jpg 2560w, https:\/\/semmelweis.hu\/emk\/files\/2020\/09\/el\u00e9rhet\u0151s\u00e9gek-400x32.jpg 400w, https:\/\/semmelweis.hu\/emk\/files\/2020\/09\/el\u00e9rhet\u0151s\u00e9gek-1024x81.jpg 1024w, https:\/\/semmelweis.hu\/emk\/files\/2020\/09\/el\u00e9rhet\u0151s\u00e9gek-768x61.jpg 768w, https:\/\/semmelweis.hu\/emk\/files\/2020\/09\/el\u00e9rhet\u0151s\u00e9gek-1536x122.jpg 1536w, https:\/\/semmelweis.hu\/emk\/files\/2020\/09\/el\u00e9rhet\u0151s\u00e9gek-2048x162.jpg 2048w, https:\/\/semmelweis.hu\/emk\/files\/2020\/09\/el\u00e9rhet\u0151s\u00e9gek-753x60.jpg 753w\" sizes=\"auto, (max-width: 2560px) 100vw, 2560px\" \/><\/a><\/p>\n<p>&nbsp;<\/p>\n<p style=\"text-align: justify\"><strong>Semmelweis Egyetem Eg\u00e9szs\u00e9g\u00fcgyi K\u00f6zszolg\u00e1lati Kar Eg\u00e9szs\u00e9g\u00fcgyi Menedzserk\u00e9pz\u0151 K\u00f6zpont Szoci\u00e1lis Vezet\u0151k\u00e9pz\u0151 Tud\u00e1sk\u00f6zpont (SZVK)<\/strong><\/p>\n<p><strong><span style=\"font-size: 1rem\">\u00c1ltal\u00e1nos inform\u00e1ci\u00f3k:<\/span><\/strong><\/p>\n<p>Telefon: +36 20 825 0508<\/p>\n<p>Email: <a href=\"mailto:szocialisvezetokepzes@emk.semmelweis.hu\" target=\"_blank\" rel=\"noopener noreferrer\">szocialisvezetokepzes@emk.semmelweis.hu<\/a><\/p>\n<p><strong>\u00dcgyf\u00e9lfogad\u00e1si id\u0151:<\/strong><\/p>\n<p>H\u00e9tf\u0151-p\u00e9ntek: 13:00-15:00 \u00f3ra<\/p>\n<p>1125 Budapest, K\u00fatv\u00f6lgyi \u00fat 2.<\/p>\n<p><a href=\"https:\/\/semmelweis.hu\/emk\/szocialis-vezetokepzes\/oktatas-2-2\/\" target=\"_blank\" rel=\"noopener\"><img loading=\"lazy\" decoding=\"async\" class=\"alignleft wp-image-17502 size-full\" src=\"https:\/\/semmelweis.hu\/emk\/files\/2020\/09\/oktat\u00e1s-scaled.jpg\" alt=\"\" width=\"2560\" height=\"203\" srcset=\"https:\/\/semmelweis.hu\/emk\/files\/2020\/09\/oktat\u00e1s-scaled.jpg 2560w, https:\/\/semmelweis.hu\/emk\/files\/2020\/09\/oktat\u00e1s-400x32.jpg 400w, https:\/\/semmelweis.hu\/emk\/files\/2020\/09\/oktat\u00e1s-1024x81.jpg 1024w, https:\/\/semmelweis.hu\/emk\/files\/2020\/09\/oktat\u00e1s-768x61.jpg 768w, https:\/\/semmelweis.hu\/emk\/files\/2020\/09\/oktat\u00e1s-1536x122.jpg 1536w, https:\/\/semmelweis.hu\/emk\/files\/2020\/09\/oktat\u00e1s-2048x162.jpg 2048w, https:\/\/semmelweis.hu\/emk\/files\/2020\/09\/oktat\u00e1s-753x60.jpg 753w\" sizes=\"auto, (max-width: 2560px) 100vw, 2560px\" \/><\/a><strong>K\u00e9t kulcs \u00e9rt\u00e9k: TUDATOSS\u00c1G \u2013 GYAKORLATIASS\u00c1G<\/strong><\/p>\n<p style=\"text-align: justify\">A szoci\u00e1lis igazgat\u00e1sr\u00f3l \u00e9s szoci\u00e1lis ell\u00e1t\u00e1sokr\u00f3l sz\u00f3l\u00f3 1993. \u00e9vi III. tv. 92\/D. \u00a7 (2) bekezd\u00e9se \u00e9rtelm\u00e9ben <strong>2018. janu\u00e1r 1-t\u0151l<\/strong> a szem\u00e9lyes gondoskod\u00e1st ny\u00fajt\u00f3 szoci\u00e1lis, gyermekj\u00f3l\u00e9ti \u00e9s gyermekv\u00e9delmi tev\u00e9kenys\u00e9get v\u00e9gz\u0151, <strong>vezet\u0151i megb\u00edz\u00e1ssal rendelkez\u0151 szem\u00e9lyek<\/strong><strong> k\u00e9pz\u00e9s\u00e9nek rendszere \u00e1talak\u00edt\u00e1sra ker\u00fclt<\/strong>. Az \u00faj k\u00e9pz\u00e9si rendszerben a vezet\u0151i megb\u00edz\u00e1s felt\u00e9tele az <strong>alap vezet\u0151k\u00e9pz\u00e9sen <\/strong>(90 \u00f3ra) vagy <strong>mester vezet\u0151k\u00e9pz\u00e9s<\/strong>en (120 \u00f3ra), majd k\u00e9t\u00e9venk\u00e9nt <strong>meg\u00faj\u00edt\u00f3 k\u00e9pz\u00e9s<\/strong>en (16, ill. 24 \u00f3ra) val\u00f3 r\u00e9szv\u00e9tel.<\/p>\n<h3>Szoci\u00e1lis szolg\u00e1ltat\u00e1smenedzsment<\/h3>\n<div style=\"text-align: justify\">2021 febru\u00e1rj\u00e1ban az <strong>orsz\u00e1gban els\u0151k\u00e9nt<\/strong> ind\u00edtottuk el az \u00faj szakir\u00e1ny\u00fa k\u00e9pz\u00e9st. Akt\u00edv kutat\u00e1si \u00e9s innov\u00e1ci\u00f3s egyetemi h\u00e1tt\u00e9rrel, az aktu\u00e1lis \u00e1gazati helyzetre reag\u00e1l\u00f3, gyakorlatorient\u00e1lt oktat\u00e1si anyagokkal, \u00faj szeml\u00e9let\u0171 oktat\u00f3i csapattal v\u00e1rtuk a jelentkez\u0151ket. A harmadik \u00e9vfolyam 2024 j\u00fanius\u00e1ban z\u00e1rta a k\u00e9pz\u00e9st.<\/div>\n<div>\u00a0<\/div>\n<div class=\"keretes w-100\" style=\"text-align: justify\">A szakir\u00e1ny\u00fa k\u00e9pz\u00e9s tapasztalatait felhaszn\u00e1lva b\u0151v\u00edtett\u00fck a tud\u00e1sanyagot, \u00edgy <strong>2025 febru\u00e1rj\u00e1ban ind\u00edtjuk az <a href=\"https:\/\/semmelweis.hu\/emk\/oktatas\/mesterkepzes\/integralt-szocialis-szolgaltatasi-menedzsment-iszszm\/\" target=\"_blank\" rel=\"noopener\">integr\u00e1lt szoci\u00e1lis szolg\u00e1ltat\u00e1smenedzsment<\/a> mesterk\u00e9pz\u00e9si szakot<\/strong>. A mesterk\u00e9pz\u00e9sben a f\u00f3kusz m\u00e1r nem csak sz\u0171ken a szoci\u00e1lis szolg\u00e1ltat\u00e1sok rendszer\u00e9re ir\u00e1nyul, hanem a hum\u00e1n ter\u00fclet eg\u00e9sz\u00e9be ny\u00fal\u00f3 hat\u00e1s\u00e1ra \u00e9s lehet\u0151s\u00e9g\u00e9re.<\/div>\n<p style=\"text-align: center\"><a class=\"button\" href=\"https:\/\/semmelweis.hu\/emk\/oktatas\/mesterkepzes\/integralt-szocialis-szolgaltatasi-menedzsment-iszszm\/\" target=\"_blank\" rel=\"noopener\">TOV\u00c1BB<\/a><\/p>\n<p style=\"text-align: justify\"><a href=\"https:\/\/semmelweis.hu\/emk\/intezmenymenedzsment\/\" target=\"_blank\" rel=\"noopener\"><img loading=\"lazy\" decoding=\"async\" class=\"alignleft wp-image-17623 size-full\" src=\"https:\/\/semmelweis.hu\/emk\/files\/2020\/09\/int\u00e9zm\u00e9nymenedzsment-scaled.jpg\" alt=\"\" width=\"2560\" height=\"203\" srcset=\"https:\/\/semmelweis.hu\/emk\/files\/2020\/09\/int\u00e9zm\u00e9nymenedzsment-scaled.jpg 2560w, https:\/\/semmelweis.hu\/emk\/files\/2020\/09\/int\u00e9zm\u00e9nymenedzsment-400x32.jpg 400w, https:\/\/semmelweis.hu\/emk\/files\/2020\/09\/int\u00e9zm\u00e9nymenedzsment-1024x81.jpg 1024w, https:\/\/semmelweis.hu\/emk\/files\/2020\/09\/int\u00e9zm\u00e9nymenedzsment-768x61.jpg 768w, https:\/\/semmelweis.hu\/emk\/files\/2020\/09\/int\u00e9zm\u00e9nymenedzsment-1536x122.jpg 1536w, https:\/\/semmelweis.hu\/emk\/files\/2020\/09\/int\u00e9zm\u00e9nymenedzsment-2048x162.jpg 2048w, https:\/\/semmelweis.hu\/emk\/files\/2020\/09\/int\u00e9zm\u00e9nymenedzsment-753x60.jpg 753w\" sizes=\"auto, (max-width: 2560px) 100vw, 2560px\" \/><\/a>A vezet\u0151k\u00e9pz\u00e9sbe bekapcsol\u00f3d\u00f3 szerepl\u0151k tud\u00e1s\u00e1nak t\u00e9nyleges gyakorlati haszna abban az esetben jelentkezik, ha az int\u00e9zm\u00e9nyi, konkr\u00e9t probl\u00e9m\u00e1k megold\u00e1s\u00e1ban tudj\u00e1k alkalmazni a megszerzett tud\u00e1st \u00e9s az az ell\u00e1t\u00e1s min\u0151s\u00e9g\u00e9ben is jelentkezik. Az <strong>int\u00e9zm\u00e9nyi menedzsment fejleszt\u0151 programok<\/strong> keret\u00e9ben a kiv\u00e1lasztott int\u00e9zm\u00e9nyekben olyan, a gyakorlati probl\u00e9m\u00e1kon alapul\u00f3 k\u00e9pz\u00e9sek indulnak el, amelyek v\u00e9gs\u0151 c\u00e9lja v\u00e1ltoztat\u00e1si projektek beind\u00edt\u00e1sa \u00e9s sikeres v\u00e9gigvitele.<\/p>\n<p style=\"text-align: center\"><a class=\"button\" href=\"https:\/\/semmelweis.hu\/emk\/szocialis-vezetokepzes\/intezmenymenedzsment-2\/\" target=\"_blank\" rel=\"noopener\">TOV\u00c1BB<\/a><\/p>\n<p><a href=\"https:\/\/semmelweis.hu\/emk\/a-projektrol\/\" target=\"_blank\" rel=\"noopener\"><img loading=\"lazy\" decoding=\"async\" class=\"alignleft wp-image-17503 size-full\" src=\"https:\/\/semmelweis.hu\/emk\/files\/2020\/09\/projektr\u0151l-scaled.jpg\" alt=\"\" width=\"2560\" height=\"203\" srcset=\"https:\/\/semmelweis.hu\/emk\/files\/2020\/09\/projektr\u0151l-scaled.jpg 2560w, https:\/\/semmelweis.hu\/emk\/files\/2020\/09\/projektr\u0151l-400x32.jpg 400w, https:\/\/semmelweis.hu\/emk\/files\/2020\/09\/projektr\u0151l-1024x81.jpg 1024w, https:\/\/semmelweis.hu\/emk\/files\/2020\/09\/projektr\u0151l-768x61.jpg 768w, https:\/\/semmelweis.hu\/emk\/files\/2020\/09\/projektr\u0151l-1536x122.jpg 1536w, https:\/\/semmelweis.hu\/emk\/files\/2020\/09\/projektr\u0151l-2048x162.jpg 2048w, https:\/\/semmelweis.hu\/emk\/files\/2020\/09\/projektr\u0151l-753x60.jpg 753w\" sizes=\"auto, (max-width: 2560px) 100vw, 2560px\" \/><\/a><\/p>\n<p style=\"text-align: justify\">Az <strong>EFOP 3.8.2.-16 Szoci\u00e1lis hum\u00e1n er\u0151forr\u00e1s fejleszt\u00e9se c\u00edm\u0171 projekt<\/strong> ahhoz, a Korm\u00e1ny \u00e1ltal kit\u0171z\u00f6tt c\u00e9lhoz k\u00edv\u00e1n hozz\u00e1j\u00e1rulni, hogy a min\u0151s\u00e9gi k\u00f6zszolg\u00e1ltat\u00e1sokhoz val\u00f3 jobb hozz\u00e1f\u00e9r\u00e9s \u00e9rdek\u00e9ben javuljon a szolg\u00e1ltat\u00e1sok el\u00e9rhet\u0151s\u00e9ge, a k\u00f6zszolg\u00e1ltat\u00e1sokat ny\u00fajt\u00f3 hum\u00e1n er\u0151forr\u00e1s min\u0151s\u00e9ge \u00e9s cs\u00f6kkenjen a munkaer\u0151 hi\u00e1nya, illetve hat\u00e9konyabb\u00e1 v\u00e1ljon az ell\u00e1t\u00e1sok megszervez\u00e9se.<\/p>\n<p style=\"text-align: center\"><a class=\"button\" href=\"https:\/\/semmelweis.hu\/emk\/szocialis-vezetokepzes\/a-projektrol\/\" target=\"_blank\" rel=\"noopener\">TOV\u00c1BB<\/a><\/p>\n<p><a href=\"https:\/\/semmelweis.hu\/emk\/szocialis-vezetokepzes\/esemenynaptar-2\/\" target=\"_blank\" rel=\"noopener\"><img loading=\"lazy\" decoding=\"async\" class=\"alignleft wp-image-17497 size-full\" src=\"https:\/\/semmelweis.hu\/emk\/files\/2020\/09\/esem\u00e9nynapt\u00e1r-scaled.jpg\" alt=\"\" width=\"2560\" height=\"203\" srcset=\"https:\/\/semmelweis.hu\/emk\/files\/2020\/09\/esem\u00e9nynapt\u00e1r-scaled.jpg 2560w, https:\/\/semmelweis.hu\/emk\/files\/2020\/09\/esem\u00e9nynapt\u00e1r-400x32.jpg 400w, https:\/\/semmelweis.hu\/emk\/files\/2020\/09\/esem\u00e9nynapt\u00e1r-1024x81.jpg 1024w, https:\/\/semmelweis.hu\/emk\/files\/2020\/09\/esem\u00e9nynapt\u00e1r-768x61.jpg 768w, https:\/\/semmelweis.hu\/emk\/files\/2020\/09\/esem\u00e9nynapt\u00e1r-1536x122.jpg 1536w, https:\/\/semmelweis.hu\/emk\/files\/2020\/09\/esem\u00e9nynapt\u00e1r-2048x162.jpg 2048w, https:\/\/semmelweis.hu\/emk\/files\/2020\/09\/esem\u00e9nynapt\u00e1r-753x60.jpg 753w\" sizes=\"auto, (max-width: 2560px) 100vw, 2560px\" \/><\/a><\/p>\n<p><strong>Aktu\u00e1lis esem\u00e9nyeink:<\/strong><\/p>\n<p style=\"text-align: center\"><a class=\"button\" href=\"https:\/\/semmelweis.hu\/emk\/szocialis-vezetokepzo-tudaskozpont\/esemenynaptar-2\/\">ESEM\u00c9NYEK<\/a><\/p>\n<p>Tov\u00e1bbi inform\u00e1ci\u00f3\u00e9rt k\u00e9rj\u00fck, l\u00e1togasson el <a href=\"https:\/\/www.facebook.com\/szocvez\" target=\"_blank\" rel=\"noopener\">Facebook oldalunkra<\/a>!<\/p>\n<p><img loading=\"lazy\" decoding=\"async\" class=\"alignleft wp-image-19283 size-full\" src=\"https:\/\/semmelweis.hu\/emk\/files\/2021\/10\/eszkoztar-1.png\" alt=\"\" width=\"2560\" height=\"203\" srcset=\"https:\/\/semmelweis.hu\/emk\/files\/2021\/10\/eszkoztar-1.png 2560w, https:\/\/semmelweis.hu\/emk\/files\/2021\/10\/eszkoztar-1-400x32.png 400w, https:\/\/semmelweis.hu\/emk\/files\/2021\/10\/eszkoztar-1-1024x81.png 1024w, https:\/\/semmelweis.hu\/emk\/files\/2021\/10\/eszkoztar-1-768x61.png 768w, https:\/\/semmelweis.hu\/emk\/files\/2021\/10\/eszkoztar-1-1536x122.png 1536w, https:\/\/semmelweis.hu\/emk\/files\/2021\/10\/eszkoztar-1-2048x162.png 2048w, https:\/\/semmelweis.hu\/emk\/files\/2021\/10\/eszkoztar-1-753x60.png 753w\" sizes=\"auto, (max-width: 2560px) 100vw, 2560px\" \/><\/p>\n<p>&nbsp;<\/p>\n<p style=\"text-align: justify\">Az SZVK csapata a COVID id\u0151szaka alatt is elk\u00f6telezett volt a szoci\u00e1lis ter\u00fcleten dolgoz\u00f3 szakemberek t\u00e1mogat\u00e1s\u00e1ban. Olyan eszk\u00f6zt\u00e1rat \u00e1ll\u00edtottunk \u00f6ssze \u00e9s osztunk meg, amelyet a v\u00e9szhelyzetben el\u0151\u00e1llt \u00faj vezet\u0151i kih\u00edv\u00e1sok sor\u00e1n, \u00e9s m\u00e1s s\u00fcrg\u0151s helyzetek eset\u00e9n rem\u00e9lj\u00fck, hogy haszn\u00e1lni tudnak.<\/p>\n<p style=\"text-align: center\"><a class=\"button\" href=\"https:\/\/semmelweis.hu\/emk\/szocialis-vezetokepzo-tudaskozpont\/szocialis-valsagmenedzsment-eszkoztar\/\" target=\"_blank\" rel=\"noopener\">TOV\u00c1BB<\/a><\/p>\n<p><img loading=\"lazy\" decoding=\"async\" class=\"alignleft wp-image-19280 size-full\" src=\"https:\/\/semmelweis.hu\/emk\/files\/2021\/10\/hirlevel.png\" alt=\"\" width=\"2560\" height=\"203\" srcset=\"https:\/\/semmelweis.hu\/emk\/files\/2021\/10\/hirlevel.png 2560w, https:\/\/semmelweis.hu\/emk\/files\/2021\/10\/hirlevel-400x32.png 400w, https:\/\/semmelweis.hu\/emk\/files\/2021\/10\/hirlevel-1024x81.png 1024w, https:\/\/semmelweis.hu\/emk\/files\/2021\/10\/hirlevel-768x61.png 768w, https:\/\/semmelweis.hu\/emk\/files\/2021\/10\/hirlevel-1536x122.png 1536w, https:\/\/semmelweis.hu\/emk\/files\/2021\/10\/hirlevel-2048x162.png 2048w, https:\/\/semmelweis.hu\/emk\/files\/2021\/10\/hirlevel-753x60.png 753w\" sizes=\"auto, (max-width: 2560px) 100vw, 2560px\" \/><\/p>\n<p style=\"text-align: justify\">\u00c9rtes\u00fclj\u00f6n \u00d6n is a <strong>Semmelweis Egyetem Szoci\u00e1lis Vezet\u0151k\u00e9pz\u0151 Tud\u00e1sk\u00f6zpont<\/strong> \u00fajdons\u00e1gair\u00f3l, esem\u00e9nyeir\u0151l, k\u00e9pz\u00e9seir\u0151l!<\/p>\n<p style=\"text-align: center\"><a class=\"button\" href=\"https:\/\/semmelweis.hu\/emk\/szocialis-vezetokepzo-tudaskozpont\/hirlevel\/\" target=\"_blank\" rel=\"noopener\">TOV\u00c1BB<\/a><\/p>\n<p style=\"text-align: justify\"><a href=\"https:\/\/semmelweis.hu\/emk\/szocialis-vezetokepzes\/gyik-2\/\" target=\"_blank\" rel=\"noopener\"><img loading=\"lazy\" decoding=\"async\" class=\"alignleft wp-image-17498 size-full\" src=\"https:\/\/semmelweis.hu\/emk\/files\/2020\/09\/gyik-scaled.jpg\" alt=\"\" width=\"2560\" height=\"203\" srcset=\"https:\/\/semmelweis.hu\/emk\/files\/2020\/09\/gyik-scaled.jpg 2560w, https:\/\/semmelweis.hu\/emk\/files\/2020\/09\/gyik-400x32.jpg 400w, https:\/\/semmelweis.hu\/emk\/files\/2020\/09\/gyik-1024x81.jpg 1024w, https:\/\/semmelweis.hu\/emk\/files\/2020\/09\/gyik-768x61.jpg 768w, https:\/\/semmelweis.hu\/emk\/files\/2020\/09\/gyik-1536x122.jpg 1536w, https:\/\/semmelweis.hu\/emk\/files\/2020\/09\/gyik-2048x162.jpg 2048w, https:\/\/semmelweis.hu\/emk\/files\/2020\/09\/gyik-753x60.jpg 753w\" sizes=\"auto, (max-width: 2560px) 100vw, 2560px\" \/><\/a>A <strong>Gyakran Ism\u00e9telt K\u00e9rd\u00e9sek<\/strong> seg\u00edtenek t\u00e1j\u00e9koz\u00f3dni a szoci\u00e1lis vezet\u0151k\u00e9pz\u00e9si k\u00f6telezetts\u00e9g meg\u00edt\u00e9l\u00e9s\u00e9ben. A szoci\u00e1lis vezet\u0151k\u00e9pz\u00e9si k\u00f6telezetts\u00e9g nem minden vezet\u0151i munkak\u00f6rben dolgoz\u00f3 szakembert \u00e9rint. Azon vezet\u0151k, akik szoci\u00e1lis szakvizsg\u00e1juk ok\u00e1n szakmai tov\u00e1bbk\u00e9pz\u00e9sre k\u00f6telezettek, k\u00edn\u00e1lunk min\u0151s\u00edtett tov\u00e1bbk\u00e9pz\u00e9st.<\/p>\n<p style=\"text-align: center\"><a class=\"button\" href=\"https:\/\/semmelweis.hu\/emk\/szocialis-vezetokepzes\/gyik-2\/\" target=\"_blank\" rel=\"noopener\">TOV\u00c1BB<\/a><\/p>\n<p style=\"text-align: justify\"><a href=\"https:\/\/semmelweis.hu\/emk\/szocialis-vezetokepzes\/rolunk-mondtak-2\/\" target=\"_blank\" rel=\"noopener\"><img loading=\"lazy\" decoding=\"async\" class=\"alignleft wp-image-17504 size-full\" src=\"https:\/\/semmelweis.hu\/emk\/files\/2020\/09\/r\u00f3lunk-mondt\u00e1k-scaled.jpg\" alt=\"\" width=\"2560\" height=\"203\" srcset=\"https:\/\/semmelweis.hu\/emk\/files\/2020\/09\/r\u00f3lunk-mondt\u00e1k-scaled.jpg 2560w, https:\/\/semmelweis.hu\/emk\/files\/2020\/09\/r\u00f3lunk-mondt\u00e1k-400x32.jpg 400w, https:\/\/semmelweis.hu\/emk\/files\/2020\/09\/r\u00f3lunk-mondt\u00e1k-1024x81.jpg 1024w, https:\/\/semmelweis.hu\/emk\/files\/2020\/09\/r\u00f3lunk-mondt\u00e1k-768x61.jpg 768w, https:\/\/semmelweis.hu\/emk\/files\/2020\/09\/r\u00f3lunk-mondt\u00e1k-1536x122.jpg 1536w, https:\/\/semmelweis.hu\/emk\/files\/2020\/09\/r\u00f3lunk-mondt\u00e1k-2048x162.jpg 2048w, https:\/\/semmelweis.hu\/emk\/files\/2020\/09\/r\u00f3lunk-mondt\u00e1k-753x60.jpg 753w\" sizes=\"auto, (max-width: 2560px) 100vw, 2560px\" \/><\/a>Egy k\u00e9pz\u00e9s \u00e9rt\u00e9k\u00e9t, hasznoss\u00e1g\u00e1t illet\u0151en mindig azok meg\u00edt\u00e9l\u00e9se a leghitelesebb, akik elv\u00e9gezt\u00e9k, \u00e9s a terepen pr\u00f3b\u00e1ra is tudj\u00e1k tenni az itt kapott impulzusokat, eszk\u00f6z\u00f6ket, szempontokat. Az al\u00e1bbiakban a mesterszint\u0171 vezet\u0151k\u00e9pz\u00e9st elv\u00e9gzett hallgat\u00f3ink projektmunk\u00e1ib\u00f3l emelt\u00fcnk ki n\u00e9h\u00e1ny, a k\u00e9pz\u00e9s\u00fcnkre vonatkoz\u00f3 gondolatot, a teljess\u00e9g ig\u00e9nye n\u00e9lk\u00fcl.<\/p>\n<p style=\"text-align: center\"><a class=\"button\" href=\"https:\/\/semmelweis.hu\/emk\/szocialis-vezetokepzes\/rolunk-mondtak-2\/\" target=\"_blank\" rel=\"noopener\">TOV\u00c1BB<\/a><\/p>\n","protected":false},"excerpt":{"rendered":"<p><a href=\"https:\/\/semmelweis.hu\/emk\/a-szocialis-vezetokepzesrol\/\" target=\"_blank\" rel=\"noopener\"><\/a> A szoci\u00e1lis, gyermekj\u00f3l\u00e9ti \u00e9s gyermekv\u00e9delmi ter\u00fcleten egyre nagyobb ig\u00e9ny van a vezet\u0151k folyamatos szakmai meg\u00fajul\u00e1s\u00e1t, tudatos \u00e9s hat\u00e9kony ir\u00e1ny\u00ed\u00adt\u00f3k\u00e9nt val\u00f3 tev\u00e9kenyked\u00e9s\u00e9t, kompetencia-tudatoss\u00e1g\u00e1nak fejleszt\u00e9s\u00e9t biztos\u00ed\u00adt\u00f3 k\u00e9pz\u00e9si rendszer kialak\u00ed\u00adt\u00e1s\u00e1ra. A vezet\u0151k\u00e9pz\u00e9s \u00faj rendszere arra k\u00e9sz\u00ed\u00adti fel az \u00e1gazat int\u00e9zm\u00e9nyvezet\u0151it, hogy k\u00e9pesek legyenek saj\u00e1t vezet\u0151i szerep\u00fcket \u00e9s az \u00e1ltaluk ir\u00e1ny\u00ed\u00adtott int\u00e9zm\u00e9nyek\/szolg\u00e1ltat\u00e1sok munk\u00e1j\u00e1t, szerep\u00e9t rendszerszeml\u00e9letben \u00e9rtelmezni, \u00e9s a szakmai &hellip;<\/p>\n","protected":false},"author":101539,"featured_media":0,"parent":0,"menu_order":0,"comment_status":"closed","ping_status":"closed","template":"","meta":{"_acf_changed":false,"footnotes":""},"categories":[],"tags":[1214,1216],"class_list":["post-17224","page","type-page","status-publish","hentry","tag-szocialis-vezetokepzo-tudaskozpont","tag-szvk"],"acf":[],"_links":{"self":[{"href":"https:\/\/semmelweis.hu\/emk\/wp-json\/wp\/v2\/pages\/17224","targetHints":{"allow":["GET"]}}],"collection":[{"href":"https:\/\/semmelweis.hu\/emk\/wp-json\/wp\/v2\/pages"}],"about":[{"href":"https:\/\/semmelweis.hu\/emk\/wp-json\/wp\/v2\/types\/page"}],"author":[{"embeddable":true,"href":"https:\/\/semmelweis.hu\/emk\/wp-json\/wp\/v2\/users\/101539"}],"replies":[{"embeddable":true,"href":"https:\/\/semmelweis.hu\/emk\/wp-json\/wp\/v2\/comments?post=17224"}],"version-history":[{"count":12,"href":"https:\/\/semmelweis.hu\/emk\/wp-json\/wp\/v2\/pages\/17224\/revisions"}],"predecessor-version":[{"id":26916,"href":"https:\/\/semmelweis.hu\/emk\/wp-json\/wp\/v2\/pages\/17224\/revisions\/26916"}],"wp:attachment":[{"href":"https:\/\/semmelweis.hu\/emk\/wp-json\/wp\/v2\/media?parent=17224"}],"wp:term":[{"taxonomy":"category","embeddable":true,"href":"https:\/\/semmelweis.hu\/emk\/wp-json\/wp\/v2\/categories?post=17224"},{"taxonomy":"post_tag","embeddable":true,"href":"https:\/\/semmelweis.hu\/emk\/wp-json\/wp\/v2\/tags?post=17224"}],"curies":[{"name":"wp","href":"https:\/\/api.w.org\/{rel}","templated":true}]}}