{"id":17217,"date":"2020-07-02T11:40:12","date_gmt":"2020-07-02T09:40:12","guid":{"rendered":"https:\/\/semmelweis.hu\/emk\/?page_id=17217"},"modified":"2025-06-03T16:13:45","modified_gmt":"2025-06-03T14:13:45","slug":"zala-megyei-szent-rafael-korhaz","status":"publish","type":"page","link":"https:\/\/semmelweis.hu\/emk\/szakertoi-tevekenyseg-projektek\/lezart-projektek\/egeszsegugyi-ellatorendszer-szakmai-modszertani-fejlesztese\/jogyakorlatok-gyujtese-fejlesztese-oktatasa\/rovid-osszefoglalok\/zala-megyei-szent-rafael-korhaz\/","title":{"rendered":"Zala Megyei Szent Rafael K\u00f3rh\u00e1z 3."},"content":{"rendered":"<p style=\"text-align: justify\"><strong>Zala Megyei Szent Rafael K\u00f3rh\u00e1z<\/strong>: <strong>egys\u00e9ges, elektronikus baleseti bejelent\u0151 jegyz\u0151k\u00f6nyv alkalmaz\u00e1sa a t\u0171sz\u00far\u00e1sos balesetek jelent\u00e9s\u00e9re<\/strong><\/p>\n<p style=\"text-align: justify\">Az Int\u00e9zm\u00e9nyben 2017 szeptember\u00e9ben azzal a c\u00e9llal alak\u00edtott\u00e1k ki az egys\u00e9ges elektronikus fel\u00fcletet, hogy egyszer\u0171s\u00edts\u00e9k az \u00e9les, hegyes eszk\u00f6z\u00f6k \u00e1ltal okozott s\u00e9r\u00fcl\u00e9sek bejelent\u00e9s\u00e9t, n\u00f6velj\u00e9k a jelent\u00e9si hajland\u00f3s\u00e1got, biztos\u00edts\u00e1k az esetek nyomon k\u00f6vethet\u0151s\u00e9g\u00e9t, ez\u00e1ltal is jav\u00edtva a dolgoz\u00f3i biztons\u00e1got \u00e9s a betegbiztons\u00e1got. Az egys\u00e9ges, elektronikus baleseti bejelent\u0151 jegyz\u0151k\u00f6nyv harmoniz\u00e1lta a munkav\u00e9delem, infekci\u00f3kontroll, foglalkoz\u00e1s-eg\u00e9szs\u00e9g\u00fcgyi szakter\u00fcletek adatlapjait. A jelent\u0151lap bevezet\u00e9s\u00e9vel \u00e9s az ehhez kapcsol\u00f3d\u00f3 k\u00e9pz\u00e9sek megtart\u00e1s\u00e1val cs\u00f6kkent az egyes balesetek eltitkol\u00e1sa, dokument\u00e1ltt\u00e1 v\u00e1lt a nyomon k\u00f6vet\u00e9s \u00e9s a megfelel\u0151 int\u00e9zked\u00e9sek megval\u00f3sul\u00e1sa. Az egyes esetek k\u00f6nnyen visszakereshet\u0151v\u00e9 \u00e9s a k\u00e9s\u0151bbi jelent\u00e9sekben k\u00f6nnyen felhaszn\u00e1lhat\u00f3v\u00e1 v\u00e1ltak. A K\u00f3rh\u00e1zban a j\u00f3gyakorlat alkalmaz\u00e1sa sor\u00e1n olyan eszk\u00f6z\u00f6k beszerz\u00e9s\u00e9re ker\u00fclt sor, melyek a dolgoz\u00f3i biztons\u00e1got \u00e9s egyben a betegbiztons\u00e1got is jelent\u0151s m\u00e9rt\u00e9kben n\u00f6velt\u00e9k, mint p\u00e9ld\u00e1ul a merev fal\u00fa, \u00e1tsz\u00far\u00e1smentes t\u0171gy\u0171jt\u0151 ed\u00e9ny, amely jelent\u0151sen cs\u00f6kkenti a t\u0171 ledob\u00e1sa k\u00f6zben bek\u00f6vetkez\u0151 balesetek kock\u00e1zat\u00e1t. A bevezet\u00e9s sor\u00e1n ism\u00e9telt oktat\u00e1sra ker\u00fclt sor, tudatos\u00edtva a dolgoz\u00f3kban a t\u0171sz\u00far\u00e1sos balesetek kock\u00e1zat\u00e1t, a bejelent\u00e9s \u00e9s a nyomon k\u00f6vet\u00e9s, illetve a sz\u0171r\u00e9s fontoss\u00e1g\u00e1t. Egyes felm\u00e9r\u00e9sek szerint az eg\u00e9szs\u00e9g\u00fcgyi dolgoz\u00f3k 80-90%-a szenvedett m\u00e1r el ilyen jelleg\u0171 s\u00e9r\u00fcl\u00e9st, \u00edgy erre a ter\u00fcletre kiemelt figyelmet kell ford\u00edtani.<\/p>\n<p style=\"text-align: justify\"><strong>A j\u00f3gyakorlat bemutat\u00e1sa<\/strong><\/p>\n<p style=\"text-align: justify\">K\u00fcl\u00f6n\u00f6sen nagy hangs\u00falyt kap a folyamat sor\u00e1n a munkav\u00e1llal\u00f3k oktat\u00e1sa, mely alapj\u00e1n a dolgoz\u00f3k tudj\u00e1k, hogy a kisebb s\u00e9r\u00fcl\u00e9st is jelenteni kell a biol\u00f3giai kock\u00e1zatok miatt. Amennyiben sz\u00fcks\u00e9ges, a s\u00e9r\u00fclt dolgoz\u00f3t helyettes\u00edteni kell az adott munkafolyamatban. Ez a helyettes\u00edt\u00e9s megt\u00f6rt\u00e9nhet a munkav\u00e1llal\u00f3k egym\u00e1s k\u00f6z\u00f6tti megbesz\u00e9l\u00e9s\u00e9vel, vagy a munkahelyi vezet\u0151 \u00e9rtes\u00edt\u00e9s\u00e9vel. Ha a s\u00e9r\u00fclt seg\u00edts\u00e9gre szorul, meg kell oldani k\u00eds\u00e9ret\u00e9t a sebell\u00e1t\u00e1s hely\u00e9re. A sebell\u00e1t\u00e1s helye egyszer\u0171bb s\u00e9r\u00fcl\u00e9sekn\u00e9l lehet a munkav\u00e9gz\u00e9s helysz\u00edn\u00e9\u00fcl szolg\u00e1l\u00f3 szervezeti egys\u00e9g, s\u00falyosabb esetekn\u00e9l a S\u00fcrg\u0151ss\u00e9gi Betegell\u00e1t\u00f3 Oszt\u00e1ly(SBO). Ezt k\u00f6vet\u0151en a s\u00e9r\u00fclt szakszer\u0171 sebell\u00e1t\u00e1s\u00e1t sz\u00fcks\u00e9ges megoldani. Meg kell vizsg\u00e1lni, hogy a baleset sor\u00e1n volt-e fert\u0151z\u0151 forr\u00e1s, \u00e9s ha igen, ismert-e. Ha a fert\u0151z\u0151 forr\u00e1s ismert (a szennyezett eszk\u00f6z beazonos\u00edthat\u00f3 \u00e9s hozz\u00e1rendelhet\u0151 valamelyik beteghez), akkor a beteggel el\u0151zetesen al\u00e1\u00edratott beleegyez\u0151 nyilatkozat alapj\u00e1n elrendelik a sz\u00fcks\u00e9ges vizsg\u00e1latokat, \u00e9s leveszik a v\u00e9rt az ismert fert\u0151z\u0151 forr\u00e1st\u00f3l (betegt\u0151l), melyet a laborban megvizsg\u00e1lnak. A v\u00e9rv\u00e9telt a kezel\u0151orvos rendeli el. A bejelent\u00e9s elektronikus fel\u00fcleten t\u00f6rt\u00e9nik. Az \u00fcgyet a s\u00e9r\u00fclt vagy a munkahelyi vezet\u0151 ind\u00edtja, ezt k\u00f6vet\u0151en az infekci\u00f3kontrollra (IC) ker\u00fcl. J\u00e1r\u00f3beteg-ell\u00e1t\u00e1s sor\u00e1n az \u0151 feladatuk a v\u00e9rv\u00e9tel. Oszt\u00e1lyos betegek eset\u00e9n ezt a kezel\u0151 oszt\u00e1ly v\u00e9gzi. Az IC-t\u0151l a digit\u00e1lis adatlap a foglalkoz\u00e1s-eg\u00e9szs\u00e9g\u00fcgyi orvoshoz ker\u00fcl, \u0151 l\u00e1tja a betegt\u0151l sz\u00e1rmaz\u00f3 v\u00e9rv\u00e9tel eredm\u00e9ny\u00e9t. Amennyiben a fert\u0151z\u0151 forr\u00e1s nem ismert, vagy a fert\u0151z\u0151 forr\u00e1st\u00f3l vett minta eredm\u00e9nye indik\u00e1lja, v\u00e9rv\u00e9tel t\u00f6rt\u00e9nik a s\u00e9r\u00fclt dolgoz\u00f3t\u00f3l. A vizsg\u00e1lat eredm\u00e9nyek\u00e9ppen az orvos eld\u00f6nti, milyen int\u00e9zked\u00e9sekre (\u00fajraolt\u00e1s, m\u00e1s jelleg\u0171 vizsg\u00e1latok stb.) van sz\u00fcks\u00e9g. A foglalkoz\u00e1s-eg\u00e9szs\u00e9g\u00fcgyi orvost\u00f3l a munkav\u00e9delemre ker\u00fcl az \u00fcgy. A baleset oki kutat\u00e1s\u00e1t \u00e9s vizsg\u00e1lat\u00e1t a munkav\u00e9delem v\u00e9gzi. S\u00falyos munkabaleset eset\u00e9n a balesetvizsg\u00e1lat folyamat\u00e1ba a foglalkoz\u00e1s-eg\u00e9szs\u00e9g\u00fcgyi orvost is bevonj\u00e1k. Az oki kutat\u00e1s alapj\u00e1n \u00f6sszefoglal\u00f3 \u00e9rt\u00e9kel\u00e9s k\u00e9sz\u00fcl, amelyet minden \u00e9rintett digit\u00e1lis fel\u00fcleten l\u00e1t. Ez alapj\u00e1n ker\u00fcl sor a s\u00e9r\u00fcl\u00e9st okoz\u00f3 munkav\u00e1llal\u00f3 \u00fajb\u00f3li oktat\u00e1s\u00e1ra. Az int\u00e9zked\u00e9st k\u00f6vet\u0151en az \u00fcgy munkav\u00e9delmi jelent\u00e9s k\u00e9sz\u00edt\u00e9s\u00e9vel z\u00e1rul, melyben minden \u00e9rintett d\u00f6nt\u00e9shoz\u00f3 int\u00e9zked\u00e9seit l\u00e1tni lehet. A lez\u00e1rt \u00fcgy dokument\u00e1ci\u00f3ja kinyomtathat\u00f3, archiv\u00e1lhat\u00f3.<\/p>\n<p style=\"text-align: justify\">A rendszer el\u0151nye, hogy a nyomon k\u00f6vet\u00e9s a digit\u00e1lis fel\u00fcletnek k\u00f6sz\u00f6nhet\u0151en biztos\u00edtott, mivel az egyes l\u00e9p\u00e9sek befejez\u00e9se n\u00e9lk\u00fcl az \u00fcgy nem ker\u00fcl a k\u00f6vetkez\u0151 szerepl\u0151h\u00f6z. Ha a folyamat b\u00e1rmely szakasza elakad \u00e9s nem ker\u00fcl a k\u00f6vetkez\u0151 szintre, az ellen\u0151rz\u00e9si tev\u00e9kenys\u00e9get v\u00e9gz\u0151 \u2013 a folyamat adott szakasz\u00e1ban \u00e9rintett \u2013 szem\u00e9ly sz\u00e1m\u00e1ra egy\u00e9rtelm\u0171 jelz\u00e9s \u00e9rkezik.<\/p>\n<p style=\"text-align: justify\">A Zala Megyei Szent Rafael K\u00f3rh\u00e1zban az informatikai fel\u00fclet kialak\u00edt\u00e1sa k\u00f6r\u00fclbel\u00fcl 2 h\u00f3napot vett ig\u00e9nybe, ami\u00e9rt 1 f\u0151 informatikus felelt (a munk\u00e1t egy\u00e9b feladatai mellett v\u00e9gezte). Megval\u00f3s\u00edt\u00e1s\u00e1hoz 4 egyeztet\u00e9sre volt sz\u00fcks\u00e9g, melyen a k\u00f6vetkez\u0151 szem\u00e9lyek vettek r\u00e9szt: informatikus, min\u0151s\u00e9gir\u00e1ny\u00edt\u00e1si vezet\u0151, \u00e1pol\u00e1sigazgat\u00f3-helyettes, munkav\u00e9delmi vezet\u0151. A folyamat kialak\u00edt\u00e1s\u00e1t k\u00f6vet\u0151en az \u00e1pol\u00e1sigazgat\u00f3-helyettes \u00e9s a munkav\u00e9delmi vezet\u0151 oktat\u00e1si tematik\u00e1t k\u00e9sz\u00edtett a fel\u00fclet haszn\u00e1lat\u00e1r\u00f3l \u00e9s a folyamatr\u00f3l. A munkav\u00e1llal\u00f3k oktat\u00e1sa a vezet\u0151 asszisztenseken \u00e9s a vezet\u0151 \u00e1pol\u00f3kon kereszt\u00fcl t\u00f6rt\u00e9nt.(Sz\u00fcks\u00e9g szerint a h\u00e1tt\u00e9roszt\u00e1lyok vezet\u0151it is bevont\u00e1k, mint p\u00e9ld\u00e1ul mosoda vagy hullad\u00e9ksz\u00e1ll\u00edt\u00e1s). Az \u0151 k\u00f6teless\u00e9g\u00fck volt az inform\u00e1ci\u00f3k \u00e1tad\u00e1sa az oszt\u00e1lyon dolgoz\u00f3knak.<\/p>\n<div class=\"fontos_div\">\n<div class=\"w-100\" style=\"text-align: justify\"><strong>Hol \u00e9rdekl\u0151dhet?<\/strong><\/div>\n<div class=\"w-100\" style=\"text-align: justify\">Prib\u00e9k Andr\u00e1s munkav\u00e9delmi oszt\u00e1lyvezet\u0151<\/div>\n<div class=\"w-100\" style=\"text-align: justify\"><a href=\"mailto:titkarsag.tmv@zmkorhaz.hu\" target=\"_blank\" rel=\"noopener\">titkarsag.tmv@zmkorhaz.hu<\/a><\/div>\n<\/div>\n","protected":false},"excerpt":{"rendered":"<p>Zala Megyei Szent Rafael K\u00f3rh\u00e1z: egys\u00e9ges, elektronikus baleseti bejelent\u0151 jegyz\u0151k\u00f6nyv alkalmaz\u00e1sa a t\u0171sz\u00far\u00e1sos balesetek jelent\u00e9s\u00e9re Az Int\u00e9zm\u00e9nyben 2017 szeptember\u00e9ben azzal a c\u00e9llal alak\u00edtott\u00e1k ki az egys\u00e9ges elektronikus fel\u00fcletet, hogy egyszer\u0171s\u00edts\u00e9k az \u00e9les, hegyes eszk\u00f6z\u00f6k \u00e1ltal okozott s\u00e9r\u00fcl\u00e9sek bejelent\u00e9s\u00e9t, n\u00f6velj\u00e9k a jelent\u00e9si hajland\u00f3s\u00e1got, biztos\u00edts\u00e1k az esetek nyomon k\u00f6vethet\u0151s\u00e9g\u00e9t, ez\u00e1ltal is jav\u00edtva a dolgoz\u00f3i biztons\u00e1got \u00e9s a &hellip;<\/p>\n","protected":false},"author":101539,"featured_media":0,"parent":17196,"menu_order":0,"comment_status":"closed","ping_status":"closed","template":"","meta":{"_acf_changed":false,"footnotes":""},"categories":[],"tags":[],"class_list":["post-17217","page","type-page","status-publish","hentry"],"acf":[],"_links":{"self":[{"href":"https:\/\/semmelweis.hu\/emk\/wp-json\/wp\/v2\/pages\/17217","targetHints":{"allow":["GET"]}}],"collection":[{"href":"https:\/\/semmelweis.hu\/emk\/wp-json\/wp\/v2\/pages"}],"about":[{"href":"https:\/\/semmelweis.hu\/emk\/wp-json\/wp\/v2\/types\/page"}],"author":[{"embeddable":true,"href":"https:\/\/semmelweis.hu\/emk\/wp-json\/wp\/v2\/users\/101539"}],"replies":[{"embeddable":true,"href":"https:\/\/semmelweis.hu\/emk\/wp-json\/wp\/v2\/comments?post=17217"}],"version-history":[{"count":4,"href":"https:\/\/semmelweis.hu\/emk\/wp-json\/wp\/v2\/pages\/17217\/revisions"}],"predecessor-version":[{"id":25193,"href":"https:\/\/semmelweis.hu\/emk\/wp-json\/wp\/v2\/pages\/17217\/revisions\/25193"}],"up":[{"embeddable":true,"href":"https:\/\/semmelweis.hu\/emk\/wp-json\/wp\/v2\/pages\/17196"}],"wp:attachment":[{"href":"https:\/\/semmelweis.hu\/emk\/wp-json\/wp\/v2\/media?parent=17217"}],"wp:term":[{"taxonomy":"category","embeddable":true,"href":"https:\/\/semmelweis.hu\/emk\/wp-json\/wp\/v2\/categories?post=17217"},{"taxonomy":"post_tag","embeddable":true,"href":"https:\/\/semmelweis.hu\/emk\/wp-json\/wp\/v2\/tags?post=17217"}],"curies":[{"name":"wp","href":"https:\/\/api.w.org\/{rel}","templated":true}]}}