{"id":17196,"date":"2020-07-01T14:45:23","date_gmt":"2020-07-01T12:45:23","guid":{"rendered":"https:\/\/semmelweis.hu\/emk\/?page_id=17196"},"modified":"2025-06-03T16:34:20","modified_gmt":"2025-06-03T14:34:20","slug":"rovid-osszefoglalok","status":"publish","type":"page","link":"https:\/\/semmelweis.hu\/emk\/szakertoi-tevekenyseg-projektek\/lezart-projektek\/egeszsegugyi-ellatorendszer-szakmai-modszertani-fejlesztese\/jogyakorlatok-gyujtese-fejlesztese-oktatasa\/rovid-osszefoglalok\/","title":{"rendered":"R\u00f6vid \u00f6sszefoglal\u00f3k"},"content":{"rendered":"<p><b>Kommunik\u00e1ci\u00f3s anyagok<\/b><\/p>\n<p><b><\/b><strong>Az \u00fajra\u00e9leszt\u00e9s j\u00f3gyakorlatainak r\u00f6vid \u00f6sszefoglal\u00f3i<\/strong><\/p>\n<ul>\n<li><a href=\"https:\/\/semmelweis.hu\/emk\/magyarorszagi-reformatus-egyhaz-bethesda-gyermekkorhaza-a-munkatarsak-ujraelesztes-oktatatasanak-folyamata\/\">Magyarorsz\u00e1gi Reform\u00e1tus Egyh\u00e1z Bethesda Gyermekk\u00f3rh\u00e1za: a munkat\u00e1rsak \u00fajra\u00e9leszt\u00e9s oktat\u00e1s\u00e1nak folyamata<\/a><\/li>\n<li><a href=\"https:\/\/semmelweis.hu\/emk\/karolina-korhaz-ujraelesztesi-team-hivoszam-kialakitasa-es-az-ujraelesztes-oktatasa\/\">Karolina K\u00f3rh\u00e1z, Mosonmagyar\u00f3v\u00e1r: \u00fajra\u00e9leszt\u00e9si team, h\u00edv\u00f3sz\u00e1m kialak\u00edt\u00e1sa \u00e9s az \u00fajra\u00e9leszt\u00e9s oktat\u00e1sa<\/a><\/li>\n<li><a href=\"https:\/\/semmelweis.hu\/emk\/peter-cerny-alapitvany-ujszulott-ujraelesztes-es-szuloszobai-ellatas-oktatasa\/\">Peter Cerny Alap\u00edtv\u00e1ny: \u00fajsz\u00fcl\u00f6tt \u00fajra\u00e9leszt\u00e9s \u00e9s sz\u00fcl\u0151szobai ell\u00e1t\u00e1s oktat\u00e1sa<\/a><\/li>\n<li><a href=\"https:\/\/semmelweis.hu\/emk\/terezvarosi-egeszsegugyi-szolgalat\/\">Ter\u00e9zv\u00e1rosi Eg\u00e9szs\u00e9g\u00fcgyi Szolg\u00e1lat: \u00fajra\u00e9leszt\u00e9s, s\u00fcrg\u0151ss\u00e9gi ell\u00e1t\u00e1s a j\u00e1r\u00f3betegell\u00e1t\u00e1sban<\/a><\/li>\n<li><a href=\"https:\/\/semmelweis.hu\/emk\/gottsegen-gyorgy-orszagos-kardiologiai-intezet\/\">Gottsegen Gy\u00f6rgy Orsz\u00e1gos Kardiol\u00f3giai Int\u00e9zet: int\u00e9zet (k\u00f3rh\u00e1zi) \u00fajra\u00e9leszt\u00e9sre ir\u00e1nyul\u00f3 gyakorlat<\/a><\/li>\n<\/ul>\n<hr \/>\n<p><strong>A nyom\u00e1si fek\u00e9ly j\u00f3gyakorlatainak r\u00f6vid \u00f6sszefoglal\u00f3i<\/strong><\/p>\n<ul>\n<li><a href=\"https:\/\/semmelweis.hu\/emk\/szakertoi-tevekenyseg-projektek\/futo-projektek\/egeszsegugyi-ellatorendszer-szakmai-modszertani-fejlesztese\/a-nyomasi-fekely-jogyakorlatai__trashed\/bacs-kiskun-megyei-korhaz\/\">B\u00e1cs-Kiskun Megyei K\u00f3rh\u00e1z Szegedi Tudom\u00e1nyegyetem \u00c1ltal\u00e1nos Orvostudom\u00e1nyi Kar Oktat\u00f3 K\u00f3rh\u00e1za<span style=\"float: none;background-color: transparent;color: #1e2326;cursor: text;font-family: 'PT serif',serif;font-size: 20px;font-style: normal;font-variant: normal;font-weight: 400;letter-spacing: normal;text-align: left;text-decoration: none;text-indent: 0px;text-transform: none\">: <\/span>Mobil Team l\u00e9trehoz\u00e1sa a nyom\u00e1si fek\u00e9lyek megel\u0151z\u00e9se \u00e9s kezel\u00e9se \u00e9rdek\u00e9ben<\/a><\/li>\n<li><a href=\"https:\/\/semmelweis.hu\/emk\/szakertoi-tevekenyseg-projektek\/futo-projektek\/egeszsegugyi-ellatorendszer-szakmai-modszertani-fejlesztese\/a-nyomasi-fekely-jogyakorlatai__trashed\/bekes-megyei-kozponti-korhaz\/\">B\u00e9k\u00e9s Megyei K\u00f6zponti K\u00f3rh\u00e1z: nyom\u00e1si fek\u00e9ly megel\u0151z\u00e9se, kezel\u00e9se \u00e9s monitoriz\u00e1l\u00e1sa\u00a0Dekubitusz\u00a0team seg\u00edts\u00e9g\u00e9vel<\/a><\/li>\n<li><a href=\"https:\/\/semmelweis.hu\/emk\/szakertoi-tevekenyseg-projektek\/futo-projektek\/egeszsegugyi-ellatorendszer-szakmai-modszertani-fejlesztese\/a-nyomasi-fekely-jogyakorlatai__trashed\/csornai-margit-korhaz\/\">Csornai Margit K\u00f3rh\u00e1z: a nyom\u00e1si fek\u00e9ly megel\u0151z\u00e9s\u00e9nek \u00e9s kezel\u00e9s\u00e9nek elj\u00e1r\u00e1srendje<\/a><\/li>\n<li><a href=\"https:\/\/semmelweis.hu\/emk\/szakertoi-tevekenyseg-projektek\/futo-projektek\/egeszsegugyi-ellatorendszer-szakmai-modszertani-fejlesztese\/a-nyomasi-fekely-jogyakorlatai__trashed\/gottsegen-gyorgy-orszagos-kardiologiai-intezet\/\">Gottsegen Gy\u00f6rgy Orsz\u00e1gos Kardiol\u00f3giai Int\u00e9zet: nyom\u00e1si fek\u00e9ly prevenci\u00f3 \u00e9s a kezel\u00e9s t\u00e1mogat\u00e1sa egys\u00e9gszint\u0171 indik\u00e1torrendszer alkalmaz\u00e1s\u00e1val<\/a><\/li>\n<li><a href=\"https:\/\/semmelweis.hu\/emk\/szakertoi-tevekenyseg-projektek\/futo-projektek\/egeszsegugyi-ellatorendszer-szakmai-modszertani-fejlesztese\/a-nyomasi-fekely-jogyakorlatai__trashed\/szent-imre-korhaz\/\">Szent Imre K\u00f3rh\u00e1z: rendszerszint\u0171 adatgy\u0171jt\u00e9s, statisztikai elemz\u00e9sek \u00e9s dekubitusz team fel\u00e1ll\u00edt\u00e1sa a j\u00f3l m\u00e9rhet\u0151, kedvez\u0151 eredm\u00e9nyek el\u00e9r\u00e9s\u00e9\u00e9rt<\/a><\/li>\n<li><a href=\"https:\/\/semmelweis.hu\/emk\/szakertoi-tevekenyseg-projektek\/futo-projektek\/egeszsegugyi-ellatorendszer-szakmai-modszertani-fejlesztese\/a-nyomasi-fekely-jogyakorlatai__trashed\/15796-2\/\">Zala Megyei Szent Rafael K\u00f3rh\u00e1z: sebkezel\u0151 team m\u0171k\u00f6d\u00e9se a sebf\u00e1jdalom, az \u00e1pol\u00e1si id\u0151 \u00e9s a betegell\u00e1t\u00e1s k\u00f6lts\u00e9geinek cs\u00f6kkent\u00e9se \u00e9rdek\u00e9ben<\/a><\/li>\n<\/ul>\n<hr \/>\n<p><strong>Az \u00e1pol\u00e1sszervez\u00e9s j\u00f3gyakorlatainak r\u00f6vid \u00f6sszefoglal\u00f3i<\/strong><\/p>\n<ul>\n<li><a href=\"https:\/\/semmelweis.hu\/emk\/karolina-korhaz-rendelointezet\/\">Karolina K\u00f3rh\u00e1z-Rendel\u0151int\u00e9zet: hossz\u00fa \u00e1pol\u00e1st, gondoz\u00e1st ig\u00e9nyl\u0151 betegek beteg\u00fat-menedzsel\u00e9se<\/a><\/li>\n<li><a href=\"https:\/\/semmelweis.hu\/emk\/orszagos-orvosi-rehabilitacios-intezet\/\">Orsz\u00e1gos Orvosi Rehabilit\u00e1ci\u00f3s Int\u00e9zet: int\u00e9zked\u00e9si terv kidolgoz\u00e1sa \u00e9s bevezet\u00e9se a t\u0171sz\u00far\u00e1sos balesetek megel\u0151z\u00e9se \u00e9rdek\u00e9ben<\/a><\/li>\n<li><a href=\"https:\/\/semmelweis.hu\/emk\/orszagos-orvosi-rehabilitacios-intezet-az-uj-dolgozok-rendszerszeru-oktatasa-a-biztonsagos-betegellatas-erdekeben\/\">Orsz\u00e1gos Orvosi Rehabilit\u00e1ci\u00f3s Int\u00e9zet: az \u00faj dolgoz\u00f3k rendszerszer\u0171 oktat\u00e1sa a biztons\u00e1gos betegell\u00e1t\u00e1s \u00e9rdek\u00e9ben<\/a><\/li>\n<li><a href=\"https:\/\/semmelweis.hu\/emk\/zala-megyei-szent-rafael-korhaz\/\">Zala Megyei Szent Rafael K\u00f3rh\u00e1z<span style=\"float: none;background-color: transparent;color: #1e2326;cursor: text;font-family: 'PT serif',serif;font-size: 20px;font-style: normal;font-variant: normal;font-weight: 400;letter-spacing: normal;text-align: left;text-decoration: none;text-indent: 0px;text-transform: none\">: <\/span>egys\u00e9ges, elektronikus baleseti bejelent\u0151 jegyz\u0151k\u00f6nyv alkalmaz\u00e1sa a t\u0171sz\u00far\u00e1sos balesetek jelent\u00e9s\u00e9re<\/a><\/li>\n<\/ul>\n<hr \/>\n<p><strong>Az onkol\u00f3gia j\u00f3gyakorlatainak r\u00f6vid \u00f6sszefoglal\u00f3i<\/strong><\/p>\n<ul>\n<li><a href=\"https:\/\/semmelweis.hu\/emk\/pecsi-tudomanyegyetem-onkoterapias-intezet\/\">P\u00e9csi Tudom\u00e1nyegyetem Onkoter\u00e1pi\u00e1s Int\u00e9zet: klinikai palliat\u00edv mobil team m\u0171k\u00f6dtet\u00e9se a beteg \u00e9letmin\u0151s\u00e9g\u00e9nek jav\u00edt\u00e1s\u00e1\u00e9rt<\/a><\/li>\n<li><a href=\"https:\/\/semmelweis.hu\/emk\/pecsi-tudomanyegyetem-klinikai-kozpont-onkoterapias-intezet-es-pecsi-tudomanyegyetem-klinikai-kozpont-tarsklinikai\/\">P\u00e9csi Tudom\u00e1nyegyetem Klinikai K\u00f6zpont Onkoter\u00e1pi\u00e1s Int\u00e9zet \u00e9s P\u00e9csi Tudom\u00e1nyegyetem Klinikai K\u00f6zpont T\u00e1rsklinik\u00e1i: k\u00e9tl\u00e9pcs\u0151s onko-team rendszer a hat\u00e9konyabb ell\u00e1t\u00e1s\u00e9rt<\/a><\/li>\n<\/ul>\n<hr \/>\n<p><strong>A betegoktat\u00e1s j\u00f3gyakorlatainak r\u00f6vid \u00f6sszefoglal\u00f3i<\/strong><\/p>\n<ul>\n<li><a href=\"https:\/\/semmelweis.hu\/emk\/almasi-balogh-pal-korhaz-igeny-szerinti-anyatejes-taplalas-biztositasa\/\">Alm\u00e1si Balogh P\u00e1l K\u00f3rh\u00e1z: ig\u00e9ny szerinti anyatejes t\u00e1pl\u00e1l\u00e1s biztos\u00edt\u00e1sa<\/a><\/li>\n<li><a href=\"https:\/\/semmelweis.hu\/emk\/mutet-elotti-terapias-betegtajekoztatas\/\">Budai Eg\u00e9szs\u00e9gk\u00f6zpont Szakk\u00f3rh\u00e1za &#8211; Orsz\u00e1gos Gerincgy\u00f3gy\u00e1szati K\u00f6zpont: m\u0171t\u00e9t el\u0151tti ter\u00e1pi\u00e1s betegt\u00e1j\u00e9koztat\u00e1s<\/a><\/li>\n<li><a href=\"https:\/\/semmelweis.hu\/emk\/kerekesszek-biztonsagos-hasznalatanak-oktatasa\/\">Orsz\u00e1gos Orvosi Rehabilit\u00e1ci\u00f3s Int\u00e9zet: kerekessz\u00e9k biztons\u00e1gos haszn\u00e1lat\u00e1nak oktat\u00e1sa<\/a><\/li>\n<li><a href=\"https:\/\/semmelweis.hu\/emk\/betegoktatas-dietetikai-szakambulancian\/\">Pest Megyei Fl\u00f3r Ferenc K\u00f3rh\u00e1z: betegoktat\u00e1s Dietetikai Szakambulanci\u00e1n<\/a><\/li>\n<li><a href=\"https:\/\/semmelweis.hu\/emk\/csaladkozpontu-szuletesfelkeszites-a-kiegyensulyozott-csaladokert\/\">Pest Megyei Fl\u00f3r Ferenc K\u00f3rh\u00e1z: csal\u00e1dk\u00f6zpont\u00fa sz\u00fclet\u00e9sfelk\u00e9sz\u00edt\u00e9s a kiegyens\u00falyozott csal\u00e1dok\u00e9rt<\/a><\/li>\n<li><a href=\"https:\/\/semmelweis.hu\/emk\/betegoktatas-fejlesztese-jarobeteg-szakrendeloben\/\">XVI. Ker\u00fclet Kertv\u00e1rosi Eg\u00e9szs\u00e9g\u00fcgyi Szolg\u00e1lata: betegoktat\u00e1s fejleszt\u00e9se j\u00e1r\u00f3beteg szakrendel\u0151ben<\/a><\/li>\n<li>\n<p><a href=\"https:\/\/semmelweis.hu\/emk\/inhalacios-eszkozhasznalat-oktatasa\/\">XVI. Ker\u00fclet Kertv\u00e1rosi Eg\u00e9szs\u00e9g\u00fcgyi Szolg\u00e1lata: Inhal\u00e1ci\u00f3s eszk\u00f6zhaszn\u00e1lat oktat\u00e1sa<\/a><\/p>\n<\/li>\n<\/ul>\n<hr \/>\n<p><strong>A f\u00e1jdalomcsillap\u00edt\u00e1s j\u00f3gyakorlatainak r\u00f6vid \u00f6sszefoglal\u00f3i<\/strong><\/p>\n<ul>\n<li><a href=\"https:\/\/semmelweis.hu\/emk\/posztoperativ-fajdalomeszlelo-lap-alkalmazasa\/\">Heim P\u00e1l Orsz\u00e1gos Gyermekgy\u00f3gy\u00e1szati Int\u00e9zet: posztoperat\u00edv f\u00e1jdalom\u00e9szlel\u0151 lap alkalmaz\u00e1sa <\/a><\/li>\n<li><a href=\"https:\/\/semmelweis.hu\/emk\/az-otthonukban-invazivan-lelegeztetett-gyermekek-szakorvosi-ellenorzese\/\">MRE Bethesda Gyermekk\u00f3rh\u00e1z: Az otthonukban invaz\u00edvan l\u00e9legeztetett gyermekek szakorvosi ellen\u0151rz\u00e9se<\/a><\/li>\n<li><a href=\"https:\/\/semmelweis.hu\/emk\/a-mutet-utani-fajdalomcsillapitas-jogyakorlata\/\">Zala Megyei Szent Rafael K\u00f3rh\u00e1z: a m\u0171t\u00e9t ut\u00e1ni f\u00e1jdalomcsillap\u00edt\u00e1s j\u00f3gyakorlata<\/a><\/li>\n<\/ul>\n","protected":false},"excerpt":{"rendered":"<p>Kommunik\u00e1ci\u00f3s anyagok Az \u00fajra\u00e9leszt\u00e9s j\u00f3gyakorlatainak r\u00f6vid \u00f6sszefoglal\u00f3i <a href=\"https:\/\/semmelweis.hu\/emk\/magyarorszagi-reformatus-egyhaz-bethesda-gyermekkorhaza-a-munkatarsak-ujraelesztes-oktatatasanak-folyamata\/\">Magyarorsz\u00e1gi Reform\u00e1tus Egyh\u00e1z Bethesda Gyermekk\u00f3rh\u00e1za: a munkat\u00e1rsak \u00fajra\u00e9leszt\u00e9s oktat\u00e1s\u00e1nak folyamata<\/a> <a href=\"https:\/\/semmelweis.hu\/emk\/karolina-korhaz-ujraelesztesi-team-hivoszam-kialakitasa-es-az-ujraelesztes-oktatasa\/\">Karolina K\u00f3rh\u00e1z, Mosonmagyar\u00f3v\u00e1r: \u00fajra\u00e9leszt\u00e9si team, h\u00edv\u00f3sz\u00e1m kialak\u00edt\u00e1sa \u00e9s az \u00fajra\u00e9leszt\u00e9s oktat\u00e1sa<\/a> <a href=\"https:\/\/semmelweis.hu\/emk\/peter-cerny-alapitvany-ujszulott-ujraelesztes-es-szuloszobai-ellatas-oktatasa\/\">Peter Cerny Alap\u00edtv\u00e1ny: \u00fajsz\u00fcl\u00f6tt \u00fajra\u00e9leszt\u00e9s \u00e9s sz\u00fcl\u0151szobai ell\u00e1t\u00e1s oktat\u00e1sa<\/a> <a href=\"https:\/\/semmelweis.hu\/emk\/terezvarosi-egeszsegugyi-szolgalat\/\">Ter\u00e9zv\u00e1rosi Eg\u00e9szs\u00e9g\u00fcgyi Szolg\u00e1lat: \u00fajra\u00e9leszt\u00e9s, s\u00fcrg\u0151ss\u00e9gi ell\u00e1t\u00e1s a j\u00e1r\u00f3betegell\u00e1t\u00e1sban<\/a> <a href=\"https:\/\/semmelweis.hu\/emk\/gottsegen-gyorgy-orszagos-kardiologiai-intezet\/\">Gottsegen Gy\u00f6rgy Orsz\u00e1gos Kardiol\u00f3giai Int\u00e9zet: int\u00e9zet (k\u00f3rh\u00e1zi) \u00fajra\u00e9leszt\u00e9sre ir\u00e1nyul\u00f3 gyakorlat<\/a> A nyom\u00e1si fek\u00e9ly j\u00f3gyakorlatainak r\u00f6vid \u00f6sszefoglal\u00f3i <a href=\"https:\/\/semmelweis.hu\/emk\/szakertoi-tevekenyseg-projektek\/futo-projektek\/egeszsegugyi-ellatorendszer-szakmai-modszertani-fejlesztese\/a-nyomasi-fekely-jogyakorlatai__trashed\/bacs-kiskun-megyei-korhaz\/\">B\u00e1cs-Kiskun Megyei K\u00f3rh\u00e1z Szegedi Tudom\u00e1nyegyetem \u00c1ltal\u00e1nos Orvostudom\u00e1nyi Kar Oktat\u00f3 K\u00f3rh\u00e1za: Mobil Team l\u00e9trehoz\u00e1sa a nyom\u00e1si fek\u00e9lyek megel\u0151z\u00e9se \u00e9s kezel\u00e9se \u00e9rdek\u00e9ben<\/a> <a href=\"https:\/\/semmelweis.hu\/emk\/szakertoi-tevekenyseg-projektek\/futo-projektek\/egeszsegugyi-ellatorendszer-szakmai-modszertani-fejlesztese\/a-nyomasi-fekely-jogyakorlatai__trashed\/bekes-megyei-kozponti-korhaz\/\">B\u00e9k\u00e9s Megyei K\u00f6zponti K\u00f3rh\u00e1z: nyom\u00e1si fek\u00e9ly megel\u0151z\u00e9se, kezel\u00e9se \u00e9s monitoriz\u00e1l\u00e1sa\u00a0Dekubitusz\u00a0team seg\u00edts\u00e9g\u00e9vel<\/a> <a href=\"https:\/\/semmelweis.hu\/emk\/szakertoi-tevekenyseg-projektek\/futo-projektek\/egeszsegugyi-ellatorendszer-szakmai-modszertani-fejlesztese\/a-nyomasi-fekely-jogyakorlatai__trashed\/csornai-margit-korhaz\/\">Csornai Margit K\u00f3rh\u00e1z: a nyom\u00e1si fek\u00e9ly megel\u0151z\u00e9s\u00e9nek \u00e9s kezel\u00e9s\u00e9nek elj\u00e1r\u00e1srendje<\/a> <a href=\"https:\/\/semmelweis.hu\/emk\/szakertoi-tevekenyseg-projektek\/futo-projektek\/egeszsegugyi-ellatorendszer-szakmai-modszertani-fejlesztese\/a-nyomasi-fekely-jogyakorlatai__trashed\/gottsegen-gyorgy-orszagos-kardiologiai-intezet\/\">Gottsegen Gy\u00f6rgy Orsz\u00e1gos Kardiol\u00f3giai Int\u00e9zet: nyom\u00e1si fek\u00e9ly prevenci\u00f3 \u00e9s a kezel\u00e9s t\u00e1mogat\u00e1sa egys\u00e9gszint\u0171 indik\u00e1torrendszer alkalmaz\u00e1s\u00e1val<\/a> <a href=\"https:\/\/semmelweis.hu\/emk\/szakertoi-tevekenyseg-projektek\/futo-projektek\/egeszsegugyi-ellatorendszer-szakmai-modszertani-fejlesztese\/a-nyomasi-fekely-jogyakorlatai__trashed\/szent-imre-korhaz\/\">Szent Imre K\u00f3rh\u00e1z: rendszerszint\u0171 adatgy\u0171jt\u00e9s, statisztikai elemz\u00e9sek \u00e9s dekubitusz team fel\u00e1ll\u00edt\u00e1sa a j\u00f3l m\u00e9rhet\u0151, kedvez\u0151 eredm\u00e9nyek el\u00e9r\u00e9s\u00e9\u00e9rt<\/a> <a href=\"https:\/\/semmelweis.hu\/emk\/szakertoi-tevekenyseg-projektek\/futo-projektek\/egeszsegugyi-ellatorendszer-szakmai-modszertani-fejlesztese\/a-nyomasi-fekely-jogyakorlatai__trashed\/15796-2\/\">Zala Megyei Szent Rafael K\u00f3rh\u00e1z: sebkezel\u0151 team m\u0171k\u00f6d\u00e9se a sebf\u00e1jdalom, az \u00e1pol\u00e1si id\u0151 \u00e9s a betegell\u00e1t\u00e1s k\u00f6lts\u00e9geinek cs\u00f6kkent\u00e9se \u00e9rdek\u00e9ben<\/a> Az \u00e1pol\u00e1sszervez\u00e9s j\u00f3gyakorlatainak r\u00f6vid \u00f6sszefoglal\u00f3i <a href=\"https:\/\/semmelweis.hu\/emk\/karolina-korhaz-rendelointezet\/\">Karolina K\u00f3rh\u00e1z-Rendel\u0151int\u00e9zet: hossz\u00fa \u00e1pol\u00e1st, gondoz\u00e1st ig\u00e9nyl\u0151 betegek beteg\u00fat-menedzsel\u00e9se<\/a> <a href=\"https:\/\/semmelweis.hu\/emk\/orszagos-orvosi-rehabilitacios-intezet\/\">Orsz\u00e1gos Orvosi Rehabilit\u00e1ci\u00f3s Int\u00e9zet: int\u00e9zked\u00e9si terv kidolgoz\u00e1sa \u00e9s bevezet\u00e9se a t\u0171sz\u00far\u00e1sos balesetek megel\u0151z\u00e9se \u00e9rdek\u00e9ben<\/a> <a href=\"https:\/\/semmelweis.hu\/emk\/orszagos-orvosi-rehabilitacios-intezet-az-uj-dolgozok-rendszerszeru-oktatasa-a-biztonsagos-betegellatas-erdekeben\/\">Orsz\u00e1gos Orvosi Rehabilit\u00e1ci\u00f3s Int\u00e9zet: az \u00faj dolgoz\u00f3k rendszerszer\u0171 oktat\u00e1sa a biztons\u00e1gos betegell\u00e1t\u00e1s \u00e9rdek\u00e9ben<\/a> <a href=\"https:\/\/semmelweis.hu\/emk\/zala-megyei-szent-rafael-korhaz\/\">Zala Megyei Szent Rafael K\u00f3rh\u00e1z: egys\u00e9ges, elektronikus baleseti bejelent\u0151 jegyz\u0151k\u00f6nyv alkalmaz\u00e1sa a t\u0171sz\u00far\u00e1sos balesetek jelent\u00e9s\u00e9re<\/a> Az onkol\u00f3gia j\u00f3gyakorlatainak r\u00f6vid \u00f6sszefoglal\u00f3i <a href=\"https:\/\/semmelweis.hu\/emk\/pecsi-tudomanyegyetem-onkoterapias-intezet\/\">P\u00e9csi Tudom\u00e1nyegyetem Onkoter\u00e1pi\u00e1s Int\u00e9zet: klinikai palliat\u00edv mobil team m\u0171k\u00f6dtet\u00e9se a beteg \u00e9letmin\u0151s\u00e9g\u00e9nek jav\u00edt\u00e1s\u00e1\u00e9rt<\/a> <a href=\"https:\/\/semmelweis.hu\/emk\/pecsi-tudomanyegyetem-klinikai-kozpont-onkoterapias-intezet-es-pecsi-tudomanyegyetem-klinikai-kozpont-tarsklinikai\/\">P\u00e9csi Tudom\u00e1nyegyetem Klinikai K\u00f6zpont Onkoter\u00e1pi\u00e1s Int\u00e9zet \u00e9s P\u00e9csi Tudom\u00e1nyegyetem Klinikai K\u00f6zpont T\u00e1rsklinik\u00e1i: k\u00e9tl\u00e9pcs\u0151s onko-team rendszer a hat\u00e9konyabb ell\u00e1t\u00e1s\u00e9rt<\/a> A betegoktat\u00e1s j\u00f3gyakorlatainak r\u00f6vid \u00f6sszefoglal\u00f3i <a href=\"https:\/\/semmelweis.hu\/emk\/almasi-balogh-pal-korhaz-igeny-szerinti-anyatejes-taplalas-biztositasa\/\">Alm\u00e1si Balogh P\u00e1l K\u00f3rh\u00e1z: ig\u00e9ny szerinti anyatejes t\u00e1pl\u00e1l\u00e1s biztos\u00edt\u00e1sa<\/a> <a href=\"https:\/\/semmelweis.hu\/emk\/mutet-elotti-terapias-betegtajekoztatas\/\">Budai Eg\u00e9szs\u00e9gk\u00f6zpont Szakk\u00f3rh\u00e1za &#8211; Orsz\u00e1gos Gerincgy\u00f3gy\u00e1szati K\u00f6zpont: m\u0171t\u00e9t el\u0151tti ter\u00e1pi\u00e1s betegt\u00e1j\u00e9koztat\u00e1s<\/a> <a href=\"https:\/\/semmelweis.hu\/emk\/kerekesszek-biztonsagos-hasznalatanak-oktatasa\/\">Orsz\u00e1gos Orvosi Rehabilit\u00e1ci\u00f3s Int\u00e9zet: kerekessz\u00e9k biztons\u00e1gos haszn\u00e1lat\u00e1nak oktat\u00e1sa<\/a> <a href=\"https:\/\/semmelweis.hu\/emk\/betegoktatas-dietetikai-szakambulancian\/\">Pest Megyei Fl\u00f3r Ferenc K\u00f3rh\u00e1z: betegoktat\u00e1s Dietetikai Szakambulanci\u00e1n<\/a> <a href=\"https:\/\/semmelweis.hu\/emk\/csaladkozpontu-szuletesfelkeszites-a-kiegyensulyozott-csaladokert\/\">Pest Megyei Fl\u00f3r Ferenc K\u00f3rh\u00e1z: csal\u00e1dk\u00f6zpont\u00fa sz\u00fclet\u00e9sfelk\u00e9sz\u00edt\u00e9s a kiegyens\u00falyozott csal\u00e1dok\u00e9rt<\/a> <a href=\"https:\/\/semmelweis.hu\/emk\/betegoktatas-fejlesztese-jarobeteg-szakrendeloben\/\">XVI. Ker\u00fclet Kertv\u00e1rosi Eg\u00e9szs\u00e9g\u00fcgyi Szolg\u00e1lata: betegoktat\u00e1s fejleszt\u00e9se j\u00e1r\u00f3beteg szakrendel\u0151ben<\/a> <a href=\"https:\/\/semmelweis.hu\/emk\/inhalacios-eszkozhasznalat-oktatasa\/\">XVI. Ker\u00fclet Kertv\u00e1rosi Eg\u00e9szs\u00e9g\u00fcgyi Szolg\u00e1lata: Inhal\u00e1ci\u00f3s eszk\u00f6zhaszn\u00e1lat oktat\u00e1sa<\/a> A f\u00e1jdalomcsillap\u00edt\u00e1s j\u00f3gyakorlatainak r\u00f6vid \u00f6sszefoglal\u00f3i <a href=\"https:\/\/semmelweis.hu\/emk\/posztoperativ-fajdalomeszlelo-lap-alkalmazasa\/\">Heim P\u00e1l Orsz\u00e1gos Gyermekgy\u00f3gy\u00e1szati Int\u00e9zet: posztoperat\u00edv f\u00e1jdalom\u00e9szlel\u0151 lap alkalmaz\u00e1sa <\/a> <a href=\"https:\/\/semmelweis.hu\/emk\/az-otthonukban-invazivan-lelegeztetett-gyermekek-szakorvosi-ellenorzese\/\">MRE Bethesda Gyermekk\u00f3rh\u00e1z: Az otthonukban invaz\u00edvan l\u00e9legeztetett gyermekek szakorvosi ellen\u0151rz\u00e9se<\/a> &hellip;<\/p>\n","protected":false},"author":101539,"featured_media":0,"parent":17130,"menu_order":4,"comment_status":"closed","ping_status":"closed","template":"","meta":{"_acf_changed":false,"footnotes":""},"categories":[],"tags":[],"class_list":["post-17196","page","type-page","status-publish","hentry"],"acf":[],"_links":{"self":[{"href":"https:\/\/semmelweis.hu\/emk\/wp-json\/wp\/v2\/pages\/17196","targetHints":{"allow":["GET"]}}],"collection":[{"href":"https:\/\/semmelweis.hu\/emk\/wp-json\/wp\/v2\/pages"}],"about":[{"href":"https:\/\/semmelweis.hu\/emk\/wp-json\/wp\/v2\/types\/page"}],"author":[{"embeddable":true,"href":"https:\/\/semmelweis.hu\/emk\/wp-json\/wp\/v2\/users\/101539"}],"replies":[{"embeddable":true,"href":"https:\/\/semmelweis.hu\/emk\/wp-json\/wp\/v2\/comments?post=17196"}],"version-history":[{"count":10,"href":"https:\/\/semmelweis.hu\/emk\/wp-json\/wp\/v2\/pages\/17196\/revisions"}],"predecessor-version":[{"id":25203,"href":"https:\/\/semmelweis.hu\/emk\/wp-json\/wp\/v2\/pages\/17196\/revisions\/25203"}],"up":[{"embeddable":true,"href":"https:\/\/semmelweis.hu\/emk\/wp-json\/wp\/v2\/pages\/17130"}],"wp:attachment":[{"href":"https:\/\/semmelweis.hu\/emk\/wp-json\/wp\/v2\/media?parent=17196"}],"wp:term":[{"taxonomy":"category","embeddable":true,"href":"https:\/\/semmelweis.hu\/emk\/wp-json\/wp\/v2\/categories?post=17196"},{"taxonomy":"post_tag","embeddable":true,"href":"https:\/\/semmelweis.hu\/emk\/wp-json\/wp\/v2\/tags?post=17196"}],"curies":[{"name":"wp","href":"https:\/\/api.w.org\/{rel}","templated":true}]}}