{"id":17112,"date":"2020-06-30T13:39:06","date_gmt":"2020-06-30T11:39:06","guid":{"rendered":"https:\/\/semmelweis.hu\/emk\/?page_id=17112"},"modified":"2020-06-30T13:39:38","modified_gmt":"2020-06-30T11:39:38","slug":"kisfilmek","status":"publish","type":"page","link":"https:\/\/semmelweis.hu\/emk\/szakertoi-tevekenyseg-projektek\/lezart-projektek\/egeszsegugyi-ellatorendszer-szakmai-modszertani-fejlesztese\/lakossagi-forum\/kisfilmek\/","title":{"rendered":"Kisfilmek"},"content":{"rendered":"<p><strong>A lakoss\u00e1gi f\u00f3rumokon vet\u00edtett filmek (szak\u00e9rt\u0151i magyar\u00e1zattal)<\/strong>:<\/p>\n<p><a href=\"https:\/\/www.youtube.com\/watch?v=mZnimqBuvOs&amp;feature=youtu.be\">&#8222;Minden\u00e1ron antibiotikum&#8230;?!&#8221;<\/a><\/p>\n<p><a href=\"https:\/\/www.youtube.com\/watch?v=8x9io5YWpCY&amp;feature=youtu.be\">&#8222;D\u00f6mik\u00e9m, ez fontos!&#8221;<\/a><\/p>\n<p><a href=\"https:\/\/www.youtube.com\/watch?v=TzoiOvJ4l40&amp;feature=youtu.be\">&#8222;Ekkora jelent\u0151s\u00e9ge van, ha elmondom?&#8221;<\/a><\/p>\n<hr \/>\n<p><strong>A lakoss\u00e1gi f\u00f3rumokon vet\u00edtett filmek r\u00f6vid v\u00e1ltozata (bemutat\u00f3 vide\u00f3k):<\/strong><\/p>\n<p><a href=\"https:\/\/www.youtube.com\/watch?v=Qfnn1Kanltk&amp;feature=youtu.be\">&#8222;Minden\u00e1ron antibiotikum&#8230;?!&#8221;<\/a><\/p>\n<p><a href=\"https:\/\/www.youtube.com\/watch?v=RLq45nRZMpE&amp;feature=youtu.be\">&#8222;D\u00f6mik\u00e9m, ez fontos!&#8221;<\/a><\/p>\n<p><a href=\"https:\/\/www.youtube.com\/watch?v=rMn7eideX7Q&amp;feature=youtu.be\">&#8222;Ekkora jelent\u0151s\u00e9ge van, ha elmondom?&#8221;<\/a><\/p>\n","protected":false},"excerpt":{"rendered":"<p>A lakoss\u00e1gi f\u00f3rumokon vet\u00edtett filmek (szak\u00e9rt\u0151i magyar\u00e1zattal):<br \/>\n<a href=\"https:\/\/www.youtube.com\/watch?v=mZnimqBuvOs&amp;feature=youtu.be\">&#8222;Minden\u00e1ron antibiotikum&#8230;?!&#8221;<\/a><br \/>\n<a href=\"https:\/\/www.youtube.com\/watch?v=8x9io5YWpCY&amp;feature=youtu.be\">&#8222;D\u00f6mik\u00e9m, ez fontos!&#8221;<\/a><br \/>\n<a href=\"https:\/\/www.youtube.com\/watch?v=TzoiOvJ4l40&amp;feature=youtu.be\">&#8222;Ekkora jelent\u0151s\u00e9ge van, ha elmondom?&#8221;<\/a><\/p>\n<p>A lakoss\u00e1gi f\u00f3rumokon vet\u00edtett filmek r\u00f6vid v\u00e1ltozata (bemutat\u00f3 vide\u00f3k):<br \/>\n<a href=\"https:\/\/www.youtube.com\/watch?v=Qfnn1Kanltk&amp;feature=youtu.be\">&#8222;Minden\u00e1ron antibiotikum&#8230;?!&#8221;<\/a><br \/>\n<a href=\"https:\/\/www.youtube.com\/watch?v=RLq45nRZMpE&amp;feature=youtu.be\">&#8222;D\u00f6mik\u00e9m, ez fontos!&#8221;<\/a><br \/>\n<a href=\"https:\/\/www.youtube.com\/watch?v=rMn7eideX7Q&amp;feature=youtu.be\">&#8222;Ekkora jelent\u0151s\u00e9ge van, ha elmondom?&#8221;<\/a><\/p>\n","protected":false},"author":101539,"featured_media":0,"parent":15135,"menu_order":1,"comment_status":"closed","ping_status":"closed","template":"","meta":{"_acf_changed":false,"footnotes":""},"categories":[],"tags":[],"class_list":["post-17112","page","type-page","status-publish","hentry"],"acf":[],"_links":{"self":[{"href":"https:\/\/semmelweis.hu\/emk\/wp-json\/wp\/v2\/pages\/17112","targetHints":{"allow":["GET"]}}],"collection":[{"href":"https:\/\/semmelweis.hu\/emk\/wp-json\/wp\/v2\/pages"}],"about":[{"href":"https:\/\/semmelweis.hu\/emk\/wp-json\/wp\/v2\/types\/page"}],"author":[{"embeddable":true,"href":"https:\/\/semmelweis.hu\/emk\/wp-json\/wp\/v2\/users\/101539"}],"replies":[{"embeddable":true,"href":"https:\/\/semmelweis.hu\/emk\/wp-json\/wp\/v2\/comments?post=17112"}],"version-history":[{"count":2,"href":"https:\/\/semmelweis.hu\/emk\/wp-json\/wp\/v2\/pages\/17112\/revisions"}],"predecessor-version":[{"id":17114,"href":"https:\/\/semmelweis.hu\/emk\/wp-json\/wp\/v2\/pages\/17112\/revisions\/17114"}],"up":[{"embeddable":true,"href":"https:\/\/semmelweis.hu\/emk\/wp-json\/wp\/v2\/pages\/15135"}],"wp:attachment":[{"href":"https:\/\/semmelweis.hu\/emk\/wp-json\/wp\/v2\/media?parent=17112"}],"wp:term":[{"taxonomy":"category","embeddable":true,"href":"https:\/\/semmelweis.hu\/emk\/wp-json\/wp\/v2\/categories?post=17112"},{"taxonomy":"post_tag","embeddable":true,"href":"https:\/\/semmelweis.hu\/emk\/wp-json\/wp\/v2\/tags?post=17112"}],"curies":[{"name":"wp","href":"https:\/\/api.w.org\/{rel}","templated":true}]}}