{"id":17110,"date":"2020-06-30T13:36:44","date_gmt":"2020-06-30T11:36:44","guid":{"rendered":"https:\/\/semmelweis.hu\/emk\/?page_id=17110"},"modified":"2020-06-30T13:36:44","modified_gmt":"2020-06-30T11:36:44","slug":"szakmai-anyagok","status":"publish","type":"page","link":"https:\/\/semmelweis.hu\/emk\/szakertoi-tevekenyseg-projektek\/lezart-projektek\/egeszsegugyi-ellatorendszer-szakmai-modszertani-fejlesztese\/lakossagi-forum\/szakmai-anyagok\/","title":{"rendered":"Szakmai anyagok"},"content":{"rendered":"<p><a href=\"https:\/\/semmelweis.hu\/emk\/files\/2020\/01\/Inform\u00e1ci\u00f3s-f\u00fczet.pdf\">Inform\u00e1ci\u00f3s f\u00fczet<\/a><\/p>\n<p><a href=\"https:\/\/semmelweis.hu\/emk\/files\/2020\/01\/Gy\u00f3gyszerel\u00e9si-kisk\u00f6nyv.pdf\">Gy\u00f3gyszerel\u00e9si kisk\u00f6nyv<\/a><\/p>\n<p><a href=\"https:\/\/semmelweis.hu\/emk\/files\/2020\/01\/Lakoss\u00e1gi-f\u00f3rum-plak\u00e1t-A4.pdf\">Nyilv\u00e1nos esem\u00e9nyek megh\u00edv\u00f3ja<\/a><\/p>\n<hr \/>\n<p><a href=\"https:\/\/semmelweis.hu\/emk\/files\/2020\/03\/21.Ny\u00e1ri-j\u00f3-tan\u00e1csok.pdf\">Ny\u00e1ri j\u00f3 tan\u00e1csok<\/a><\/p>\n","protected":false},"excerpt":{"rendered":"<p><a href=\"https:\/\/semmelweis.hu\/emk\/files\/2020\/01\/Inform\u00e1ci\u00f3s-f\u00fczet.pdf\">Inform\u00e1ci\u00f3s f\u00fczet<\/a><br \/>\n<a href=\"https:\/\/semmelweis.hu\/emk\/files\/2020\/01\/Gy\u00f3gyszerel\u00e9si-kisk\u00f6nyv.pdf\">Gy\u00f3gyszerel\u00e9si kisk\u00f6nyv<\/a><br \/>\n<a href=\"https:\/\/semmelweis.hu\/emk\/files\/2020\/01\/Lakoss\u00e1gi-f\u00f3rum-plak\u00e1t-A4.pdf\">Nyilv\u00e1nos esem\u00e9nyek megh\u00edv\u00f3ja<\/a><\/p>\n<p><a href=\"https:\/\/semmelweis.hu\/emk\/files\/2020\/03\/21.Ny\u00e1ri-j\u00f3-tan\u00e1csok.pdf\">Ny\u00e1ri j\u00f3 tan\u00e1csok<\/a><\/p>\n","protected":false},"author":101539,"featured_media":0,"parent":15135,"menu_order":0,"comment_status":"closed","ping_status":"closed","template":"","meta":{"_acf_changed":false,"footnotes":""},"categories":[],"tags":[],"class_list":["post-17110","page","type-page","status-publish","hentry"],"acf":[],"_links":{"self":[{"href":"https:\/\/semmelweis.hu\/emk\/wp-json\/wp\/v2\/pages\/17110","targetHints":{"allow":["GET"]}}],"collection":[{"href":"https:\/\/semmelweis.hu\/emk\/wp-json\/wp\/v2\/pages"}],"about":[{"href":"https:\/\/semmelweis.hu\/emk\/wp-json\/wp\/v2\/types\/page"}],"author":[{"embeddable":true,"href":"https:\/\/semmelweis.hu\/emk\/wp-json\/wp\/v2\/users\/101539"}],"replies":[{"embeddable":true,"href":"https:\/\/semmelweis.hu\/emk\/wp-json\/wp\/v2\/comments?post=17110"}],"version-history":[{"count":1,"href":"https:\/\/semmelweis.hu\/emk\/wp-json\/wp\/v2\/pages\/17110\/revisions"}],"predecessor-version":[{"id":17111,"href":"https:\/\/semmelweis.hu\/emk\/wp-json\/wp\/v2\/pages\/17110\/revisions\/17111"}],"up":[{"embeddable":true,"href":"https:\/\/semmelweis.hu\/emk\/wp-json\/wp\/v2\/pages\/15135"}],"wp:attachment":[{"href":"https:\/\/semmelweis.hu\/emk\/wp-json\/wp\/v2\/media?parent=17110"}],"wp:term":[{"taxonomy":"category","embeddable":true,"href":"https:\/\/semmelweis.hu\/emk\/wp-json\/wp\/v2\/categories?post=17110"},{"taxonomy":"post_tag","embeddable":true,"href":"https:\/\/semmelweis.hu\/emk\/wp-json\/wp\/v2\/tags?post=17110"}],"curies":[{"name":"wp","href":"https:\/\/api.w.org\/{rel}","templated":true}]}}