{"id":17017,"date":"2020-09-15T17:46:43","date_gmt":"2020-09-15T15:46:43","guid":{"rendered":"https:\/\/semmelweis.hu\/emk\/?page_id=17017"},"modified":"2023-11-06T11:52:06","modified_gmt":"2023-11-06T10:52:06","slug":"szocialis-agazati-konzultacio-2018","status":"publish","type":"page","link":"https:\/\/semmelweis.hu\/emk\/szocialis-agazati-konzultacio-2018\/","title":{"rendered":"Szoci\u00e1lis \u00c1gazati Konzult\u00e1ci\u00f3 2018."},"content":{"rendered":"<p>2018. janu\u00e1r 11. \u00e9s febru\u00e1r 22. k\u00f6z\u00f6tt ker\u00fclt megrendez\u00e9sre Szoci\u00e1lis \u00c1gazati Konzult\u00e1ci\u00f3 2018 c\u00edm\u0171 programsorozat. Az esem\u00e9nyekre \u00f6sszesen 1264 regisztr\u00e1ci\u00f3 \u00e9rkezett. Az elhangzott el\u0151ad\u00e1sok prezent\u00e1ci\u00f3it az al\u00e1bbi linkeken tekinthetik meg.<\/p>\n<p><a href=\"https:\/\/semmelweis.hu\/emk\/files\/2020\/06\/Nyitrai_Imre_szockonz2018.pdf\">Vezet\u0151k\u00e9pz\u00e9s &#8211; Nyitrai Imre el\u0151ad\u00e1sa<\/a><\/p>\n<p><a href=\"https:\/\/semmelweis.hu\/emk\/files\/2020\/06\/Mester_Daniel_szockonz2018.pdf\">Tov\u00e1bbk\u00e9pz\u00e9s &#8211; Mester D\u00e1niel el\u0151ad\u00e1sa<\/a><\/p>\n<p><a href=\"https:\/\/semmelweis.hu\/emk\/files\/2020\/06\/Juhasz_Peter_szockonz2018.pdf\">Fogyat\u00e9koss\u00e1g\u00fcgy &#8211; Juh\u00e1sz P\u00e9ter el\u0151ad\u00e1sa<\/a><\/p>\n<p><a href=\"https:\/\/semmelweis.hu\/emk\/files\/2020\/06\/Pordan_Akos_szockonz2018.pdf\">Fogyat\u00e9koss\u00e1g\u00fcgy &#8211; Pord\u00e1n \u00c1kos el\u0151ad\u00e1sa<\/a><\/p>\n<p><a href=\"https:\/\/semmelweis.hu\/emk\/files\/2020\/06\/Body_Eva_szockonz2018.pdf\">Id\u0151sell\u00e1t\u00e1s &#8211; B\u00f3dy \u00c9va el\u0151ad\u00e1sa<\/a><\/p>\n<p><a href=\"https:\/\/semmelweis.hu\/emk\/files\/2020\/06\/Panker_Mihaly_szockonz2018.pdf\">Id\u0151sell\u00e1t\u00e1s &#8211; Panker Mih\u00e1ly el\u0151ad\u00e1sa<\/a><\/p>\n<p><a href=\"https:\/\/semmelweis.hu\/emk\/files\/2020\/06\/Arvai_Csaba_szockonz2018.pdf\">Foglalkoztat\u00e1s &#8211; \u00c1rvai Csaba el\u0151ad\u00e1sa<\/a><\/p>\n<p><a href=\"https:\/\/semmelweis.hu\/emk\/files\/2020\/06\/Kovacs_Gabor_szockonz2018.pdf\">Foglalkoztat\u00e1s &#8211; Kov\u00e1cs G\u00e1bor el\u0151ad\u00e1sa<\/a><\/p>\n<p><a href=\"https:\/\/semmelweis.hu\/emk\/files\/2020\/06\/Muller_Eva_szockonz2018.pdf\">Addiktol\u00f3gia &#8211; M\u00fcller \u00c9va el\u0151ad\u00e1sa<\/a><\/p>\n<p><a href=\"https:\/\/semmelweis.hu\/emk\/files\/2020\/06\/Berenyi_Andras_Szockonz_2018.pdf\">Addiktol\u00f3gia &#8211; Ber\u00e9nyi Andr\u00e1s el\u0151ad\u00e1sa<\/a><\/p>\n<p><a href=\"https:\/\/semmelweis.hu\/emk\/files\/2020\/06\/Baloghne_Gabor_K_szockonz2018.pdf\">Gyermekv\u00e9delem &#8211; Baloghn\u00e9 G\u00e1bor Katalin el\u0151ad\u00e1sa<\/a><\/p>\n<p><a href=\"https:\/\/semmelweis.hu\/emk\/files\/2020\/06\/Domszky_Andras_szockonz2018.pdf\">Gyermekv\u00e9delem &#8211; Domszky Andr\u00e1s el\u0151ad\u00e1sa<\/a><\/p>\n<p><a href=\"https:\/\/semmelweis.hu\/emk\/files\/2020\/06\/Andraczi_Toth_V_szockonz2018.pdf\">Hajl\u00e9ktalan ell\u00e1t\u00e1s &#8211; Andr\u00e1czi T\u00f3th Veronika el\u0151ad\u00e1sa<\/a><\/p>\n<p><a href=\"https:\/\/semmelweis.hu\/emk\/files\/2020\/06\/Voros_Gyula_szockonz2018.pdf\">Szoci\u00e1lpolitika &#8211; V\u00f6r\u00f6s Gyula el\u0151ad\u00e1sa<\/a><\/p>\n<p><a href=\"https:\/\/semmelweis.hu\/emk\/files\/2020\/06\/Gaal_Peter_szockonz2018.pdf\">Szoci\u00e1lpolitika &#8211; Ga\u00e1l P\u00e9ter el\u0151ad\u00e1sa<\/a><\/p>\n","protected":false},"excerpt":{"rendered":"<p>2018. janu\u00e1r 11. \u00e9s febru\u00e1r 22. k\u00f6z\u00f6tt ker\u00fclt megrendez\u00e9sre Szoci\u00e1lis \u00c1gazati Konzult\u00e1ci\u00f3 2018 c\u00edm\u0171 programsorozat. Az esem\u00e9nyekre \u00f6sszesen 1264 regisztr\u00e1ci\u00f3 \u00e9rkezett. Az elhangzott el\u0151ad\u00e1sok prezent\u00e1ci\u00f3it az al\u00e1bbi linkeken tekinthetik meg.<br \/>\n<a href=\"https:\/\/semmelweis.hu\/emk\/files\/2020\/06\/Nyitrai_Imre_szockonz2018.pdf\">Vezet\u0151k\u00e9pz\u00e9s &#8211; Nyitrai Imre el\u0151ad\u00e1sa<\/a><br \/>\n<a href=\"https:\/\/semmelweis.hu\/emk\/files\/2020\/06\/Mester_Daniel_szockonz2018.pdf\">Tov\u00e1bbk\u00e9pz\u00e9s &#8211; Mester D\u00e1niel el\u0151ad\u00e1sa<\/a><br \/>\n<a href=\"https:\/\/semmelweis.hu\/emk\/files\/2020\/06\/Juhasz_Peter_szockonz2018.pdf\">Fogyat\u00e9koss\u00e1g\u00fcgy &#8211; Juh\u00e1sz P\u00e9ter el\u0151ad\u00e1sa<\/a><br \/>\n<a href=\"https:\/\/semmelweis.hu\/emk\/files\/2020\/06\/Pordan_Akos_szockonz2018.pdf\">Fogyat\u00e9koss\u00e1g\u00fcgy &#8211; Pord\u00e1n \u00c1kos el\u0151ad\u00e1sa<\/a><br \/>\n<a href=\"https:\/\/semmelweis.hu\/emk\/files\/2020\/06\/Body_Eva_szockonz2018.pdf\">Id\u0151sell\u00e1t\u00e1s &#8211; B\u00f3dy \u00c9va el\u0151ad\u00e1sa<\/a><br \/>\n<a href=\"https:\/\/semmelweis.hu\/emk\/files\/2020\/06\/Panker_Mihaly_szockonz2018.pdf\">Id\u0151sell\u00e1t\u00e1s &#8211; Panker Mih\u00e1ly el\u0151ad\u00e1sa<\/a><br \/>\n<a href=\"https:\/\/semmelweis.hu\/emk\/files\/2020\/06\/Arvai_Csaba_szockonz2018.pdf\">Foglalkoztat\u00e1s &#8211; \u00c1rvai Csaba el\u0151ad\u00e1sa<\/a><br \/>\n<a href=\"https:\/\/semmelweis.hu\/emk\/files\/2020\/06\/Kovacs_Gabor_szockonz2018.pdf\">Foglalkoztat\u00e1s &#8211; Kov\u00e1cs G\u00e1bor el\u0151ad\u00e1sa<\/a><br \/>\n<a href=\"https:\/\/semmelweis.hu\/emk\/files\/2020\/06\/Muller_Eva_szockonz2018.pdf\">Addiktol\u00f3gia &#8211; M\u00fcller \u00c9va el\u0151ad\u00e1sa<\/a><br \/>\n<a href=\"https:\/\/semmelweis.hu\/emk\/files\/2020\/06\/Berenyi_Andras_Szockonz_2018.pdf\">Addiktol\u00f3gia &#8211; Ber\u00e9nyi Andr\u00e1s el\u0151ad\u00e1sa<\/a><br \/>\n<a href=\"https:\/\/semmelweis.hu\/emk\/files\/2020\/06\/Baloghne_Gabor_K_szockonz2018.pdf\">Gyermekv\u00e9delem &#8211; Baloghn\u00e9 G\u00e1bor Katalin el\u0151ad\u00e1sa<\/a><br \/>\n<a href=\"https:\/\/semmelweis.hu\/emk\/files\/2020\/06\/Domszky_Andras_szockonz2018.pdf\">Gyermekv\u00e9delem &#8211; Domszky Andr\u00e1s el\u0151ad\u00e1sa<\/a><br \/>\n<a href=\"https:\/\/semmelweis.hu\/emk\/files\/2020\/06\/Andraczi_Toth_V_szockonz2018.pdf\">Hajl\u00e9ktalan ell\u00e1t\u00e1s &#8211; Andr\u00e1czi T\u00f3th Veronika el\u0151ad\u00e1sa<\/a><br \/>\n<a href=\"https:\/\/semmelweis.hu\/emk\/files\/2020\/06\/Voros_Gyula_szockonz2018.pdf\">Szoci\u00e1lpolitika &#8211; V\u00f6r\u00f6s Gyula el\u0151ad\u00e1sa<\/a><br \/>\n<a href=\"https:\/\/semmelweis.hu\/emk\/files\/2020\/06\/Gaal_Peter_szockonz2018.pdf\">Szoci\u00e1lpolitika &#8211; Ga\u00e1l P\u00e9ter el\u0151ad\u00e1sa<\/a><\/p>\n","protected":false},"author":101742,"featured_media":0,"parent":0,"menu_order":0,"comment_status":"closed","ping_status":"closed","template":"","meta":{"_acf_changed":false,"footnotes":""},"categories":[],"tags":[],"class_list":["post-17017","page","type-page","status-publish","hentry"],"acf":[],"_links":{"self":[{"href":"https:\/\/semmelweis.hu\/emk\/wp-json\/wp\/v2\/pages\/17017","targetHints":{"allow":["GET"]}}],"collection":[{"href":"https:\/\/semmelweis.hu\/emk\/wp-json\/wp\/v2\/pages"}],"about":[{"href":"https:\/\/semmelweis.hu\/emk\/wp-json\/wp\/v2\/types\/page"}],"author":[{"embeddable":true,"href":"https:\/\/semmelweis.hu\/emk\/wp-json\/wp\/v2\/users\/101742"}],"replies":[{"embeddable":true,"href":"https:\/\/semmelweis.hu\/emk\/wp-json\/wp\/v2\/comments?post=17017"}],"version-history":[{"count":10,"href":"https:\/\/semmelweis.hu\/emk\/wp-json\/wp\/v2\/pages\/17017\/revisions"}],"predecessor-version":[{"id":17592,"href":"https:\/\/semmelweis.hu\/emk\/wp-json\/wp\/v2\/pages\/17017\/revisions\/17592"}],"wp:attachment":[{"href":"https:\/\/semmelweis.hu\/emk\/wp-json\/wp\/v2\/media?parent=17017"}],"wp:term":[{"taxonomy":"category","embeddable":true,"href":"https:\/\/semmelweis.hu\/emk\/wp-json\/wp\/v2\/categories?post=17017"},{"taxonomy":"post_tag","embeddable":true,"href":"https:\/\/semmelweis.hu\/emk\/wp-json\/wp\/v2\/tags?post=17017"}],"curies":[{"name":"wp","href":"https:\/\/api.w.org\/{rel}","templated":true}]}}