{"id":17015,"date":"2020-09-10T11:46:41","date_gmt":"2020-09-10T09:46:41","guid":{"rendered":"https:\/\/semmelweis.hu\/emk\/?page_id=17015"},"modified":"2026-03-16T08:39:24","modified_gmt":"2026-03-16T07:39:24","slug":"dokumentumok","status":"publish","type":"page","link":"https:\/\/semmelweis.hu\/emk\/szocialis-vezetokepzo-tudaskozpont\/oktatas-2-2\/szocialis-vezetokepzes\/dokumentumok\/","title":{"rendered":"Dokumentumok"},"content":{"rendered":"<div class=\"keretes w-100\">\n<p><strong>Tartalomjegyz\u00e9k<\/strong><\/p>\n<ul style=\"list-style-type: square\">\n<li><a href=\"#vezetokepzes\" target=\"null\">Vezet\u0151k\u00e9pz\u00e9s alapdokumentumok<\/a><\/li>\n<li><a href=\"#alapalapozovezetokepzes\">Feln\u0151ttk\u00e9pz\u00e9si t\u00e1j\u00e9koztat\u00f3 alap alapoz\u00f3 vezet\u0151k\u00e9pz\u00e9shez<\/a><\/li>\n<li><a href=\"#alapmegujitovezetokepzes\">Feln\u0151ttk\u00e9pz\u00e9si t\u00e1j\u00e9koztat\u00f3 alap meg\u00faj\u00edt\u00f3 vezet\u0151k\u00e9pz\u00e9shez<\/a><\/li>\n<li><a href=\"#mesteralapozovezetokepzes\">Feln\u0151ttk\u00e9pz\u00e9si t\u00e1j\u00e9koztat\u00f3 mester alapoz\u00f3 vezet\u0151k\u00e9pz\u00e9shez<\/a><\/li>\n<li><a href=\"#mestermegujitovezetokepzes\">Feln\u0151ttk\u00e9pz\u00e9si t\u00e1j\u00e9koztat\u00f3 mester meg\u00faj\u00edt\u00f3 vezet\u0151k\u00e9pz\u00e9shez<\/a><\/li>\n<\/ul>\n<\/div>\n<h5><a id=\"vezetokepzes\"><\/a>Vezet\u0151k\u00e9pz\u00e9s alapdokumentumok<\/h5>\n<p><a href=\"https:\/\/semmelweis.hu\/emk\/files\/2025\/02\/VIZSGAKOVETELMENYEK_mester_alapozo_kepzes_2025.pdf\" target=\"_blank\" rel=\"noopener\">Vizsgak\u00f6vetelm\u00e9nyek a szoci\u00e1lis vezet\u0151k\u00e9pz\u00e9s mester alapoz\u00f3 k\u00e9pz\u00e9sben 2025. \u00e9v<\/a><\/p>\n<p><a href=\"https:\/\/semmelweis.hu\/emk\/files\/2025\/02\/Vizsgakovetelmenyek_alap_alapozo-kepzes_2025.pdf\" target=\"_blank\" rel=\"noopener\">Vizsgak\u00f6vetelm\u00e9nyek a szoci\u00e1lis vezet\u0151k\u00e9pz\u00e9s alap alapoz\u00f3 k\u00e9pz\u00e9sben 2025. \u00e9v<\/a><\/p>\n<p><a href=\"https:\/\/semmelweis.hu\/emk\/files\/2025\/02\/Panaszkezelesi_eljaras_SZVK_2025.pdf\" target=\"_blank\" rel=\"noopener\">PANASZKEZEL\u00c9SI SZAB\u00c1LYZAT &#8211; Szoci\u00e1lis Vezet\u0151k\u00e9pz\u00e9s<\/a><\/p>\n<p><a href=\"https:\/\/semmelweis.hu\/emk\/files\/2025\/02\/Kerelem_eljarasrend_SZVK_2025.pdf\" target=\"_blank\" rel=\"noopener\">K\u00c9RELEM ELB\u00cdR\u00c1L\u00c1S SZAB\u00c1LYZATA &#8211; Szoci\u00e1lis Vezet\u0151k\u00e9pz\u00e9s 2025.<\/a><\/p>\n<p><a href=\"https:\/\/semmelweis.hu\/emk\/files\/2025\/02\/Etikai-nyilatkozat_2025.pdf\" target=\"_blank\" rel=\"noopener\">R\u00e9sztvev\u0151i Etikai Nyilatkozat 2025<\/a><\/p>\n<p><a href=\"https:\/\/semmelweis.hu\/emk\/files\/2025\/02\/Adatvedelmi_es_adatkezelesi_szabalyzat_2025.pdf\" target=\"_blank\" rel=\"noopener\">Adatv\u00e9delmi \u00e9s adatkezel\u00e9si szab\u00e1lyzat<\/a><\/p>\n<p><a href=\"https:\/\/net.jogtar.hu\/jogszabaly?docid=A1700025.EMM&amp;txtreferer=00000001.TXT\" target=\"_blank\" rel=\"noopener noreferrer\">25\/2017. EMMI Rendelet hat\u00e1lyos verzi\u00f3ja<\/a><\/p>\n<p><a href=\"https:\/\/semmelweis.hu\/emk\/files\/2023\/01\/Algoritmus-1.pdf\">Algoritmus a k\u00e9pz\u00e9s szintj\u00e9nek eld\u00f6nt\u00e9s\u00e9hez<\/a><\/p>\n<p><a href=\"https:\/\/semmelweis.hu\/emk\/files\/2020\/06\/Munkaltatoi_nyilatkozat_ALAP_MESTER_FIN-1.docx\">Munk\u00e1ltat\u00f3i nyilatkozat<\/a><\/p>\n<p><a href=\"https:\/\/semmelweis.hu\/emk\/files\/2020\/06\/Vezetokepzes_OP.pdf\">A Vezet\u0151k\u00e9pz\u00e9s Oktat\u00e1si Programja<\/a><\/p>\n<p><a href=\"https:\/\/semmelweis.hu\/emk\/files\/2020\/06\/OJKF_rendszer_felhasznaloi-kezikonyv_PALYAZOI_REGISZTRACIO-1.pptx\">OJKF rendszer &#8211; felhaszn\u00e1l\u00f3i k\u00e9zik\u00f6nyv (p\u00e1ly\u00e1z\u00f3i regisztr\u00e1ci\u00f3)<\/a><\/p>\n<p><a href=\"https:\/\/ojkf.szgyf.gov.hu\/\">Regisztr\u00e1ci\u00f3<\/a><\/p>\n<p><a href=\"https:\/\/semmelweis.hu\/emk\/files\/2023\/02\/SE_2022.-EVI-SZVK-beszamolo..pdf\" target=\"_blank\" rel=\"noopener\">SZVK \u00e9ves besz\u00e1mol\u00f3 2022 (Semmelweis Egyetem)<\/a><\/p>\n<p><a href=\"https:\/\/semmelweis.hu\/emk\/files\/2020\/09\/VIZSGAK\u00d6VETELM\u00c9NYEK_2020_II_f\u00e9l\u00e9v.pdf\">Vizsgaszab\u00e1lyzat<\/a><\/p>\n<h5><a id=\"alapalapozovezetokepzes\"><\/a>Feln\u0151ttk\u00e9pz\u00e9si t\u00e1j\u00e9koztat\u00f3 alap alapoz\u00f3 vezet\u0151k\u00e9pz\u00e9shez<\/h5>\n<p style=\"text-align: left\"><a href=\"https:\/\/semmelweis.hu\/emk\/files\/2025\/09\/SZVK_AA_tajekoztato_2025_09_10_ho.pdf\" target=\"_blank\" rel=\"noopener\">Szoci\u00e1lis \u00e1gazati alap vezet\u0151k\u00e9pz\u00e9s alapoz\u00f3 k\u00e9pz\u00e9s &#8211; SZVK\/AA\/XXIV\/64\/2025 <\/a><\/p>\n<p><a href=\"https:\/\/semmelweis.hu\/emk\/files\/2025\/09\/SZVK_AA_tajekoztato_2025_10_11_ho.pdf\" target=\"_blank\" rel=\"noopener\">Szoci\u00e1lis \u00e1gazati alap vezet\u0151k\u00e9pz\u00e9s alapoz\u00f3 k\u00e9pz\u00e9s &#8211; SZVK\/AA\/XXV\/65\/2025 <\/a><\/p>\n<p><a href=\"https:\/\/semmelweis.hu\/emk\/files\/2025\/09\/SZVK_AA_tajekoztato_2025_11_12_ho.pdf\" target=\"_blank\" rel=\"noopener\">Szoci\u00e1lis \u00e1gazati alap vezet\u0151k\u00e9pz\u00e9s alapoz\u00f3 k\u00e9pz\u00e9s &#8211; SZVK\/AA\/XXVI\/66\/2025<\/a>\u00a0<\/p>\n<p><a href=\"https:\/\/semmelweis.hu\/emk\/files\/2026\/01\/SZVK_AA_tajekoztato_2026_03_26_ho.pdf\">Szoci\u00e1lis \u00e1gazati alap vezet\u0151k\u00e9pz\u00e9s alapoz\u00f3 k\u00e9pz\u00e9s SZVK\/AA\/XXVIII\/68\/2026<\/a><\/p>\n<p><a href=\"https:\/\/semmelweis.hu\/emk\/files\/2026\/01\/SZVK_AA_tajekoztato_2026_05_14_ho.pdf\">Szoci\u00e1lis \u00e1gazati alap vezet\u0151k\u00e9pz\u00e9s alapoz\u00f3 k\u00e9pz\u00e9s SZVK\/AA\/XXIX\/69\/2026<\/a><\/p>\n<h5><a id=\"alapmegujitovezetokepzes\"><\/a>Feln\u0151ttk\u00e9pz\u00e9si t\u00e1j\u00e9koztat\u00f3 alap meg\u00faj\u00edt\u00f3 vezet\u0151k\u00e9pz\u00e9shez<\/h5>\n<p><a href=\"https:\/\/semmelweis.hu\/emk\/files\/2025\/09\/SZVK_MA_COA_tajekoztato_2025_09_ho.pdf\" target=\"_blank\" rel=\"noopener\">Szoci\u00e1lis \u00e1gazati alap vezet\u0151k\u00e9pz\u00e9s meg\u00faj\u00edt\u00f3 k\u00e9pz\u00e9s &#8211; SZVK\/MA\/COA\/3\/2025<\/a>\u00a0<\/p>\n<p><a href=\"https:\/\/semmelweis.hu\/emk\/files\/2025\/09\/SZVK_MA_COA_tajekoztato_2025_10_ho.pdf\" target=\"_blank\" rel=\"noopener\">Szoci\u00e1lis \u00e1gazati alap vezet\u0151k\u00e9pz\u00e9s meg\u00faj\u00edt\u00f3k\u00e9pz\u00e9s &#8211; SZVK\/MA\/COA\/4\/2025<\/a>\u00a0<\/p>\n<p><a href=\"https:\/\/semmelweis.hu\/emk\/files\/2025\/09\/SZVK_MA_SZOCSZ_megujito_tajekoztato_2025_09_ho.pdf\" target=\"_blank\" rel=\"noopener\">Szoci\u00e1lis \u00e1gazati alap vezet\u0151k\u00e9pz\u00e9s meg\u00faj\u00edt\u00f3 k\u00e9pz\u00e9s &#8211; SZVK\/MA\/SZOCSZ\/7\/2025<\/a>\u00a0<\/p>\n<p><a href=\"https:\/\/semmelweis.hu\/emk\/files\/2025\/09\/SZVK_MA_SZOCSZ_megujito_tajekoztato_2025_10_ho.pdf\" target=\"_blank\" rel=\"noopener\">Szoci\u00e1lis \u00e1gazati alap vezet\u0151k\u00e9pz\u00e9s meg\u00faj\u00edt\u00f3 k\u00e9pz\u00e9s &#8211; SZVK\/MA\/SZOCSZ\/8\/2025\u00a0<\/a><\/p>\n<p><a href=\"https:\/\/semmelweis.hu\/emk\/files\/2025\/10\/SZVK_MA_REZ_megujito_tajekoztato_2025_11_ho.pdf\" target=\"_blank\" rel=\"noopener\">Szoci\u00e1lis \u00e1gazati alap vezet\u0151k\u00e9pz\u00e9s meg\u00faj\u00edt\u00f3 k\u00e9pz\u00e9s &#8211; SZVK\/MA\/REZ\/1\/2025<\/a><\/p>\n<p><a href=\"https:\/\/semmelweis.hu\/emk\/files\/2026\/02\/SZVK_MA_SZOCSZ_megujito_tajekoztato_2026_03_ho.pdf\" target=\"_blank\" rel=\"noopener\">Szoci\u00e1lis \u00e1gazati alap vezet\u0151k\u00e9pz\u00e9s meg\u00faj\u00edt\u00f3 k\u00e9pz\u00e9s &#8211; SZVK\/MA\/SZOCSZ\/9\/2026<\/a><\/p>\n<p><a href=\"https:\/\/semmelweis.hu\/emk\/files\/2026\/02\/SZVK_MA_SZOCSZ_megujito_tajekoztato_2026_04_ho.pdf\" target=\"_blank\" rel=\"noopener\">Szoci\u00e1lis \u00e1gazati alap vezet\u0151k\u00e9pz\u00e9s meg\u00faj\u00edt\u00f3 k\u00e9pz\u00e9s &#8211; SZVK\/MA\/SZOCSZ\/10\/2026<\/a>\u00a0<\/p>\n<p><a href=\"https:\/\/semmelweis.hu\/emk\/files\/2026\/02\/SZVK_MA_REZ_megujito_tajekoztato_2026_05_ho.pdf\" target=\"_blank\" rel=\"noopener\">Szoci\u00e1lis \u00e1gazati alap vezet\u0151k\u00e9pz\u00e9s meg\u00faj\u00edt\u00f3k\u00e9pz\u00e9s &#8211; SZVK\/MA\/REZ\/2\/2026<\/a><\/p>\n<p><a href=\"https:\/\/semmelweis.hu\/emk\/files\/2026\/02\/SZVK_MA_REZ_megujito_tajekoztato_2026_07_ho.pdf\" target=\"_blank\" rel=\"noopener\">Szoci\u00e1lis \u00e1gazati alap vezet\u0151k\u00e9pz\u00e9s meg\u00faj\u00edt\u00f3k\u00e9pz\u00e9s &#8211; SZVK\/MA\/REZ\/3\/2026<\/a><\/p>\n<p><a href=\"https:\/\/semmelweis.hu\/emk\/files\/2026\/03\/SZVK_MA_REZ_megujito_tajekoztato_2026_06_ho.pdf\" target=\"_blank\" rel=\"noopener\">Szoci\u00e1lis \u00e1gazati alap vezet\u0151k\u00e9pz\u00e9s meg\u00faj\u00edt\u00f3k\u00e9pz\u00e9s &#8211; SZVK\/MA\/REZ\/4\/2026<\/a><\/p>\n<h5><a id=\"mesteralapozovezetokepzes\"><\/a>Feln\u0151ttk\u00e9pz\u00e9si t\u00e1j\u00e9koztat\u00f3 mester alapoz\u00f3 vezet\u0151k\u00e9pz\u00e9shez<\/h5>\n<p><a href=\"https:\/\/semmelweis.hu\/emk\/files\/2025\/11\/SZVK_M_tajekoztato_2025_12_03_ho.pdf\" target=\"_blank\" rel=\"noopener\">Szoci\u00e1lis \u00e1gazati mester vezet\u0151k\u00e9pz\u00e9s alapoz\u00f3 k\u00e9pz\u00e9s \u2013 SZVK\/M\/21\/50\/2025<\/a><\/p>\n<p><a href=\"https:\/\/semmelweis.hu\/emk\/files\/2026\/01\/SZVK_M_tajekoztato_2026_04_01_ho.pdf\">Szoci\u00e1lis \u00e1gazati mester vezet\u0151k\u00e9pz\u00e9s alapoz\u00f3 k\u00e9pz\u00e9s SZVK\/M\/22\/51\/2026<\/a><\/p>\n<p><a href=\"https:\/\/semmelweis.hu\/emk\/files\/2026\/01\/SZVK_M_tajekoztato_2026_06_03_ho.pdf\">Szoci\u00e1lis \u00e1gazati mester vezet\u0151k\u00e9pz\u00e9s alapoz\u00f3 k\u00e9pz\u00e9s SZVK\/M\/23\/52\/2026<\/a><\/p>\n<h5><a id=\"mestermegujitovezetokepzes\"><\/a>Feln\u0151ttk\u00e9pz\u00e9si t\u00e1j\u00e9koztat\u00f3 mester meg\u00faj\u00edt\u00f3 vezet\u0151k\u00e9pz\u00e9shez<\/h5>\n<p><a href=\"https:\/\/semmelweis.hu\/emk\/files\/2025\/09\/SZVK_MM_COA_tajekoztato_2025_09_ho.pdf\" target=\"_blank\" rel=\"noopener\">Szoci\u00e1lis \u00e1gazati mester vezet\u0151k\u00e9pz\u00e9s meg\u00faj\u00edt\u00f3 k\u00e9pz\u00e9s &#8211; SZVK\/MM\/COA\/7\/2025<\/a>\u00a0<\/p>\n<p><a href=\"https:\/\/semmelweis.hu\/emk\/files\/2025\/09\/SZVK_MM_COA_tajekoztato_2025_10_ho.pdf\" target=\"_blank\" rel=\"noopener\">Szoci\u00e1lis \u00e1gazati mester vezet\u0151k\u00e9pz\u00e9s meg\u00faj\u00edt\u00f3 k\u00e9pz\u00e9s &#8211; SZVK\/MM\/COA\/8\/2025<\/a>\u00a0<\/p>\n<p><a href=\"https:\/\/semmelweis.hu\/emk\/files\/2025\/09\/SZVK_MM_SZOCSZ_megujito_tajekoztato_2025_09_ho.pdf\" target=\"_blank\" rel=\"noopener\">Szoci\u00e1lis \u00e1gazati mester vezet\u0151k\u00e9pz\u00e9s meg\u00faj\u00edt\u00f3 k\u00e9pz\u00e9s &#8211; SZVK\/MM\/SZOCSZ\/6\/2025<\/a><\/p>\n<p><a href=\"https:\/\/semmelweis.hu\/emk\/files\/2025\/09\/SZVK_MM_SZOCSZ_megujito_tajekoztato_2025_10_ho.pdf\" target=\"_blank\" rel=\"noopener\">Szoci\u00e1lis \u00e1gazati mester vezet\u0151k\u00e9pz\u00e9s meg\u00faj\u00edt\u00f3 k\u00e9pz\u00e9s &#8211; SZVK\/MM\/SZOCSZ\/7\/2025<\/a><\/p>\n<p><a href=\"https:\/\/semmelweis.hu\/emk\/files\/2025\/10\/SZVK_MM_REZ_megujito_tajekoztato_2025_11_ho.pdf\" target=\"_blank\" rel=\"noopener\">Szoci\u00e1lis \u00e1gazati mester vezet\u0151k\u00e9pz\u00e9s meg\u00faj\u00edt\u00f3k\u00e9pz\u00e9s &#8211; SZVK\/MM\/REZ\/5\/2025<\/a><\/p>\n<p><a href=\"https:\/\/semmelweis.hu\/emk\/files\/2026\/02\/SZVK_MM_SZOCSZ_megujito_tajekoztato_2026_03_ho.pdf\" target=\"_blank\" rel=\"noopener\">Szoci\u00e1lis \u00e1gazati mester vezet\u0151k\u00e9pz\u00e9s meg\u00faj\u00edt\u00f3k\u00e9pz\u00e9s &#8211; SZVK\/MM\/SZOCSZ\/8\/2026<\/a><\/p>\n<p><a href=\"https:\/\/semmelweis.hu\/emk\/files\/2026\/02\/SZVK_MM_SZOCSZ_megujito_tajekoztato_2026_04_ho.pdf\" target=\"_blank\" rel=\"noopener\">Szoci\u00e1lis \u00e1gazati mester vezet\u0151k\u00e9pz\u00e9s meg\u00faj\u00edt\u00f3k\u00e9pz\u00e9s &#8211; SZVK\/MM\/SZOCSZ\/9\/2026\u00a0<\/a><\/p>\n<p><a href=\"https:\/\/semmelweis.hu\/emk\/files\/2026\/02\/SZVK_MM_REZ_megujito_tajekoztato_2026_05_ho.pdf\" target=\"_blank\" rel=\"noopener\">Szoci\u00e1lis \u00e1gazati mester vezet\u0151k\u00e9pz\u00e9s meg\u00faj\u00edt\u00f3k\u00e9pz\u00e9s &#8211; SZVK\/MM\/REZ\/6\/2026<\/a><\/p>\n<p><a href=\"https:\/\/semmelweis.hu\/emk\/files\/2026\/02\/SZVK_MM_REZ_megujito_tajekoztato_2026_07_ho.pdf\" target=\"_blank\" rel=\"noopener\">Szoci\u00e1lis \u00e1gazati mester vezet\u0151k\u00e9pz\u00e9s meg\u00faj\u00edt\u00f3k\u00e9pz\u00e9s &#8211; SZVK\/MM\/REZ\/7\/2026<\/a><\/p>\n<p><a href=\"https:\/\/semmelweis.hu\/emk\/files\/2026\/03\/SZVK_MM_REZ_megujito_tajekoztato_2026_06_ho.pdf\" target=\"_blank\" rel=\"noopener\">Szoci\u00e1lis \u00e1gazati mester vezet\u0151k\u00e9pz\u00e9s meg\u00faj\u00edt\u00f3k\u00e9pz\u00e9s \u2013 SZVK\/MM\/REZ\/8\/2026<\/a><\/p>\n","protected":false},"excerpt":{"rendered":"<p>Tartalomjegyz\u00e9k <a href=\"#vezetokepzes\" target=\"null\">Vezet\u0151k\u00e9pz\u00e9s alapdokumentumok<\/a> <a href=\"#alapalapozovezetokepzes\">Feln\u0151ttk\u00e9pz\u00e9si t\u00e1j\u00e9koztat\u00f3 alap alapoz\u00f3 vezet\u0151k\u00e9pz\u00e9shez<\/a> <a href=\"#alapmegujitovezetokepzes\">Feln\u0151ttk\u00e9pz\u00e9si t\u00e1j\u00e9koztat\u00f3 alap meg\u00faj\u00edt\u00f3 vezet\u0151k\u00e9pz\u00e9shez<\/a> <a href=\"#mesteralapozovezetokepzes\">Feln\u0151ttk\u00e9pz\u00e9si t\u00e1j\u00e9koztat\u00f3 mester alapoz\u00f3 vezet\u0151k\u00e9pz\u00e9shez<\/a> <a href=\"#mestermegujitovezetokepzes\">Feln\u0151ttk\u00e9pz\u00e9si t\u00e1j\u00e9koztat\u00f3 mester meg\u00faj\u00edt\u00f3 vezet\u0151k\u00e9pz\u00e9shez<\/a> <a id=\"vezetokepzes\"><\/a> Vezet\u0151k\u00e9pz\u00e9s alapdokumentumok <a href=\"https:\/\/semmelweis.hu\/emk\/files\/2025\/02\/VIZSGAKOVETELMENYEK_mester_alapozo_kepzes_2025.pdf\" target=\"_blank\" rel=\"noopener\">Vizsgak\u00f6vetelm\u00e9nyek a szoci\u00e1lis vezet\u0151k\u00e9pz\u00e9s mester alapoz\u00f3 k\u00e9pz\u00e9sben 2025. \u00e9v<\/a> <a href=\"https:\/\/semmelweis.hu\/emk\/files\/2025\/02\/Vizsgakovetelmenyek_alap_alapozo-kepzes_2025.pdf\" target=\"_blank\" rel=\"noopener\">Vizsgak\u00f6vetelm\u00e9nyek a szoci\u00e1lis vezet\u0151k\u00e9pz\u00e9s alap alapoz\u00f3 k\u00e9pz\u00e9sben 2025. \u00e9v<\/a> <a href=\"https:\/\/semmelweis.hu\/emk\/files\/2025\/02\/Panaszkezelesi_eljaras_SZVK_2025.pdf\" target=\"_blank\" rel=\"noopener\">PANASZKEZEL\u00c9SI SZAB\u00c1LYZAT &#8211; Szoci\u00e1lis Vezet\u0151k\u00e9pz\u00e9s<\/a> <a href=\"https:\/\/semmelweis.hu\/emk\/files\/2025\/02\/Kerelem_eljarasrend_SZVK_2025.pdf\" target=\"_blank\" rel=\"noopener\">K\u00c9RELEM ELB\u00cdR\u00c1L\u00c1S SZAB\u00c1LYZATA &#8211; Szoci\u00e1lis Vezet\u0151k\u00e9pz\u00e9s 2025.<\/a> <a href=\"https:\/\/semmelweis.hu\/emk\/files\/2025\/02\/Etikai-nyilatkozat_2025.pdf\" target=\"_blank\" rel=\"noopener\">R\u00e9sztvev\u0151i Etikai Nyilatkozat 2025<\/a> <a href=\"https:\/\/semmelweis.hu\/emk\/files\/2025\/02\/Adatvedelmi_es_adatkezelesi_szabalyzat_2025.pdf\" target=\"_blank\" rel=\"noopener\">Adatv\u00e9delmi \u00e9s adatkezel\u00e9si szab\u00e1lyzat<\/a> <a href=\"https:\/\/net.jogtar.hu\/jogszabaly?docid=A1700025.EMM&amp;txtreferer=00000001.TXT\" target=\"_blank\" rel=\"noopener noreferrer\">25\/2017. EMMI Rendelet hat\u00e1lyos verzi\u00f3ja<\/a> <a href=\"https:\/\/semmelweis.hu\/emk\/files\/2023\/01\/Algoritmus-1.pdf\">Algoritmus a k\u00e9pz\u00e9s szintj\u00e9nek eld\u00f6nt\u00e9s\u00e9hez<\/a> <a href=\"https:\/\/semmelweis.hu\/emk\/files\/2020\/06\/Munkaltatoi_nyilatkozat_ALAP_MESTER_FIN-1.docx\">Munk\u00e1ltat\u00f3i nyilatkozat<\/a> <a href=\"https:\/\/semmelweis.hu\/emk\/files\/2020\/06\/Vezetokepzes_OP.pdf\">A Vezet\u0151k\u00e9pz\u00e9s Oktat\u00e1si Programja<\/a> <a href=\"https:\/\/semmelweis.hu\/emk\/files\/2020\/06\/OJKF_rendszer_felhasznaloi-kezikonyv_PALYAZOI_REGISZTRACIO-1.pptx\">OJKF rendszer &#8211; felhaszn\u00e1l\u00f3i k\u00e9zik\u00f6nyv (p\u00e1ly\u00e1z\u00f3i regisztr\u00e1ci\u00f3)<\/a> <a href=\"https:\/\/ojkf.szgyf.gov.hu\/\">Regisztr\u00e1ci\u00f3<\/a> <a href=\"https:\/\/semmelweis.hu\/emk\/files\/2023\/02\/SE_2022.-EVI-SZVK-beszamolo..pdf\" target=\"_blank\" rel=\"noopener\">SZVK \u00e9ves besz\u00e1mol\u00f3 2022 (Semmelweis Egyetem)<\/a> <a href=\"https:\/\/semmelweis.hu\/emk\/files\/2020\/09\/VIZSGAK\u00d6VETELM\u00c9NYEK_2020_II_f\u00e9l\u00e9v.pdf\">Vizsgaszab\u00e1lyzat<\/a> <a id=\"alapalapozovezetokepzes\"><\/a> Feln\u0151ttk\u00e9pz\u00e9si t\u00e1j\u00e9koztat\u00f3 alap alapoz\u00f3 vezet\u0151k\u00e9pz\u00e9shez <a href=\"https:\/\/semmelweis.hu\/emk\/files\/2025\/09\/SZVK_AA_tajekoztato_2025_09_10_ho.pdf\" target=\"_blank\" rel=\"noopener\">Szoci\u00e1lis \u00e1gazati alap vezet\u0151k\u00e9pz\u00e9s alapoz\u00f3 k\u00e9pz\u00e9s &#8211; SZVK\/AA\/XXIV\/64\/2025 <\/a> <a href=\"https:\/\/semmelweis.hu\/emk\/files\/2025\/09\/SZVK_AA_tajekoztato_2025_10_11_ho.pdf\" target=\"_blank\" rel=\"noopener\">Szoci\u00e1lis \u00e1gazati alap vezet\u0151k\u00e9pz\u00e9s alapoz\u00f3 k\u00e9pz\u00e9s &#8211; SZVK\/AA\/XXV\/65\/2025 <\/a> <a href=\"https:\/\/semmelweis.hu\/emk\/files\/2025\/09\/SZVK_AA_tajekoztato_2025_11_12_ho.pdf\" target=\"_blank\" rel=\"noopener\">Szoci\u00e1lis \u00e1gazati alap vezet\u0151k\u00e9pz\u00e9s alapoz\u00f3 k\u00e9pz\u00e9s &#8211; SZVK\/AA\/XXVI\/66\/2025<\/a> \u00a0 <a href=\"https:\/\/semmelweis.hu\/emk\/files\/2026\/01\/SZVK_AA_tajekoztato_2026_03_26_ho.pdf\">Szoci\u00e1lis \u00e1gazati alap vezet\u0151k\u00e9pz\u00e9s alapoz\u00f3 k\u00e9pz\u00e9s SZVK\/AA\/XXVIII\/68\/2026<\/a> <a href=\"https:\/\/semmelweis.hu\/emk\/files\/2026\/01\/SZVK_AA_tajekoztato_2026_05_14_ho.pdf\">Szoci\u00e1lis \u00e1gazati alap vezet\u0151k\u00e9pz\u00e9s alapoz\u00f3 k\u00e9pz\u00e9s SZVK\/AA\/XXIX\/69\/2026<\/a> <a id=\"alapmegujitovezetokepzes\"><\/a> Feln\u0151ttk\u00e9pz\u00e9si t\u00e1j\u00e9koztat\u00f3 alap meg\u00faj\u00edt\u00f3 vezet\u0151k\u00e9pz\u00e9shez <a href=\"https:\/\/semmelweis.hu\/emk\/files\/2025\/09\/SZVK_MA_COA_tajekoztato_2025_09_ho.pdf\" target=\"_blank\" rel=\"noopener\">Szoci\u00e1lis \u00e1gazati alap vezet\u0151k\u00e9pz\u00e9s meg\u00faj\u00edt\u00f3 k\u00e9pz\u00e9s &#8211; SZVK\/MA\/COA\/3\/2025<\/a> \u00a0 <a href=\"https:\/\/semmelweis.hu\/emk\/files\/2025\/09\/SZVK_MA_COA_tajekoztato_2025_10_ho.pdf\" target=\"_blank\" rel=\"noopener\">Szoci\u00e1lis \u00e1gazati alap vezet\u0151k\u00e9pz\u00e9s meg\u00faj\u00edt\u00f3k\u00e9pz\u00e9s &#8211; SZVK\/MA\/COA\/4\/2025<\/a> \u00a0 <a href=\"https:\/\/semmelweis.hu\/emk\/files\/2025\/09\/SZVK_MA_SZOCSZ_megujito_tajekoztato_2025_09_ho.pdf\" target=\"_blank\" rel=\"noopener\">Szoci\u00e1lis \u00e1gazati alap vezet\u0151k\u00e9pz\u00e9s meg\u00faj\u00edt\u00f3 k\u00e9pz\u00e9s &#8211; SZVK\/MA\/SZOCSZ\/7\/2025<\/a> \u00a0 <a href=\"https:\/\/semmelweis.hu\/emk\/files\/2025\/09\/SZVK_MA_SZOCSZ_megujito_tajekoztato_2025_10_ho.pdf\" target=\"_blank\" rel=\"noopener\">Szoci\u00e1lis \u00e1gazati alap vezet\u0151k\u00e9pz\u00e9s meg\u00faj\u00edt\u00f3 k\u00e9pz\u00e9s &#8211; SZVK\/MA\/SZOCSZ\/8\/2025\u00a0<\/a> <a href=\"https:\/\/semmelweis.hu\/emk\/files\/2025\/10\/SZVK_MA_REZ_megujito_tajekoztato_2025_11_ho.pdf\" target=\"_blank\" rel=\"noopener\">Szoci\u00e1lis \u00e1gazati alap vezet\u0151k\u00e9pz\u00e9s meg\u00faj\u00edt\u00f3 k\u00e9pz\u00e9s &#8211; SZVK\/MA\/REZ\/1\/2025<\/a> <a href=\"https:\/\/semmelweis.hu\/emk\/files\/2026\/02\/SZVK_MA_SZOCSZ_megujito_tajekoztato_2026_03_ho.pdf\" target=\"_blank\" rel=\"noopener\">Szoci\u00e1lis \u00e1gazati alap vezet\u0151k\u00e9pz\u00e9s meg\u00faj\u00edt\u00f3 k\u00e9pz\u00e9s &#8211; SZVK\/MA\/SZOCSZ\/9\/2026<\/a> <a href=\"https:\/\/semmelweis.hu\/emk\/files\/2026\/02\/SZVK_MA_SZOCSZ_megujito_tajekoztato_2026_04_ho.pdf\" target=\"_blank\" rel=\"noopener\">Szoci\u00e1lis \u00e1gazati alap vezet\u0151k\u00e9pz\u00e9s meg\u00faj\u00edt\u00f3 k\u00e9pz\u00e9s &#8211; SZVK\/MA\/SZOCSZ\/10\/2026<\/a> \u00a0 <a href=\"https:\/\/semmelweis.hu\/emk\/files\/2026\/02\/SZVK_MA_REZ_megujito_tajekoztato_2026_05_ho.pdf\" target=\"_blank\" rel=\"noopener\">Szoci\u00e1lis \u00e1gazati alap vezet\u0151k\u00e9pz\u00e9s meg\u00faj\u00edt\u00f3k\u00e9pz\u00e9s &#8211; SZVK\/MA\/REZ\/2\/2026<\/a> <a href=\"https:\/\/semmelweis.hu\/emk\/files\/2026\/02\/SZVK_MA_REZ_megujito_tajekoztato_2026_07_ho.pdf\" target=\"_blank\" rel=\"noopener\">Szoci\u00e1lis \u00e1gazati alap vezet\u0151k\u00e9pz\u00e9s meg\u00faj\u00edt\u00f3k\u00e9pz\u00e9s &#8211; SZVK\/MA\/REZ\/3\/2026<\/a> <a href=\"https:\/\/semmelweis.hu\/emk\/files\/2026\/03\/SZVK_MA_REZ_megujito_tajekoztato_2026_06_ho.pdf\" target=\"_blank\" rel=\"noopener\">Szoci\u00e1lis \u00e1gazati alap vezet\u0151k\u00e9pz\u00e9s meg\u00faj\u00edt\u00f3k\u00e9pz\u00e9s &#8211; SZVK\/MA\/REZ\/4\/2026<\/a> <a id=\"mesteralapozovezetokepzes\"><\/a> Feln\u0151ttk\u00e9pz\u00e9si t\u00e1j\u00e9koztat\u00f3 mester alapoz\u00f3 vezet\u0151k\u00e9pz\u00e9shez <a href=\"https:\/\/semmelweis.hu\/emk\/files\/2025\/11\/SZVK_M_tajekoztato_2025_12_03_ho.pdf\" target=\"_blank\" rel=\"noopener\">Szoci\u00e1lis \u00e1gazati mester vezet\u0151k\u00e9pz\u00e9s alapoz\u00f3 k\u00e9pz\u00e9s \u2013 SZVK\/M\/21\/50\/2025<\/a> <a href=\"https:\/\/semmelweis.hu\/emk\/files\/2026\/01\/SZVK_M_tajekoztato_2026_04_01_ho.pdf\">Szoci\u00e1lis \u00e1gazati mester vezet\u0151k\u00e9pz\u00e9s alapoz\u00f3 k\u00e9pz\u00e9s SZVK\/M\/22\/51\/2026<\/a> <a href=\"https:\/\/semmelweis.hu\/emk\/files\/2026\/01\/SZVK_M_tajekoztato_2026_06_03_ho.pdf\">Szoci\u00e1lis \u00e1gazati mester vezet\u0151k\u00e9pz\u00e9s alapoz\u00f3 k\u00e9pz\u00e9s SZVK\/M\/23\/52\/2026<\/a> <a id=\"mestermegujitovezetokepzes\"><\/a> Feln\u0151ttk\u00e9pz\u00e9si t\u00e1j\u00e9koztat\u00f3 mester meg\u00faj\u00edt\u00f3 vezet\u0151k\u00e9pz\u00e9shez <a href=\"https:\/\/semmelweis.hu\/emk\/files\/2025\/09\/SZVK_MM_COA_tajekoztato_2025_09_ho.pdf\" target=\"_blank\" rel=\"noopener\">Szoci\u00e1lis \u00e1gazati mester vezet\u0151k\u00e9pz\u00e9s meg\u00faj\u00edt\u00f3 k\u00e9pz\u00e9s &#8211; SZVK\/MM\/COA\/7\/2025<\/a> \u00a0 <a href=\"https:\/\/semmelweis.hu\/emk\/files\/2025\/09\/SZVK_MM_COA_tajekoztato_2025_10_ho.pdf\" target=\"_blank\" rel=\"noopener\">Szoci\u00e1lis \u00e1gazati mester vezet\u0151k\u00e9pz\u00e9s meg\u00faj\u00edt\u00f3 k\u00e9pz\u00e9s &#8211; SZVK\/MM\/COA\/8\/2025<\/a> \u00a0 <a href=\"https:\/\/semmelweis.hu\/emk\/files\/2025\/09\/SZVK_MM_SZOCSZ_megujito_tajekoztato_2025_09_ho.pdf\" target=\"_blank\" rel=\"noopener\">Szoci\u00e1lis \u00e1gazati mester vezet\u0151k\u00e9pz\u00e9s meg\u00faj\u00edt\u00f3 k\u00e9pz\u00e9s &#8211; SZVK\/MM\/SZOCSZ\/6\/2025<\/a> <a href=\"https:\/\/semmelweis.hu\/emk\/files\/2025\/09\/SZVK_MM_SZOCSZ_megujito_tajekoztato_2025_10_ho.pdf\" target=\"_blank\" rel=\"noopener\">Szoci\u00e1lis \u00e1gazati mester vezet\u0151k\u00e9pz\u00e9s meg\u00faj\u00edt\u00f3 k\u00e9pz\u00e9s &#8211; SZVK\/MM\/SZOCSZ\/7\/2025<\/a> <a href=\"https:\/\/semmelweis.hu\/emk\/files\/2025\/10\/SZVK_MM_REZ_megujito_tajekoztato_2025_11_ho.pdf\" target=\"_blank\" rel=\"noopener\">Szoci\u00e1lis \u00e1gazati mester vezet\u0151k\u00e9pz\u00e9s meg\u00faj\u00edt\u00f3k\u00e9pz\u00e9s &#8211; SZVK\/MM\/REZ\/5\/2025<\/a> <a href=\"https:\/\/semmelweis.hu\/emk\/files\/2026\/02\/SZVK_MM_SZOCSZ_megujito_tajekoztato_2026_03_ho.pdf\" target=\"_blank\" rel=\"noopener\">Szoci\u00e1lis \u00e1gazati mester vezet\u0151k\u00e9pz\u00e9s meg\u00faj\u00edt\u00f3k\u00e9pz\u00e9s &#8211; SZVK\/MM\/SZOCSZ\/8\/2026<\/a> <a href=\"https:\/\/semmelweis.hu\/emk\/files\/2026\/02\/SZVK_MM_SZOCSZ_megujito_tajekoztato_2026_04_ho.pdf\" target=\"_blank\" rel=\"noopener\">Szoci\u00e1lis \u00e1gazati mester vezet\u0151k\u00e9pz\u00e9s meg\u00faj\u00edt\u00f3k\u00e9pz\u00e9s &#8211; SZVK\/MM\/SZOCSZ\/9\/2026\u00a0<\/a> <a href=\"https:\/\/semmelweis.hu\/emk\/files\/2026\/02\/SZVK_MM_REZ_megujito_tajekoztato_2026_05_ho.pdf\" target=\"_blank\" rel=\"noopener\">Szoci\u00e1lis \u00e1gazati mester vezet\u0151k\u00e9pz\u00e9s meg\u00faj\u00edt\u00f3k\u00e9pz\u00e9s &#8211; SZVK\/MM\/REZ\/6\/2026<\/a> <a href=\"https:\/\/semmelweis.hu\/emk\/files\/2026\/02\/SZVK_MM_REZ_megujito_tajekoztato_2026_07_ho.pdf\" target=\"_blank\" rel=\"noopener\">Szoci\u00e1lis \u00e1gazati mester vezet\u0151k\u00e9pz\u00e9s meg\u00faj\u00edt\u00f3k\u00e9pz\u00e9s &#8211; SZVK\/MM\/REZ\/7\/2026<\/a> &hellip;<\/p>\n","protected":false},"author":101742,"featured_media":0,"parent":19135,"menu_order":4,"comment_status":"closed","ping_status":"closed","template":"","meta":{"_acf_changed":false,"footnotes":""},"categories":[],"tags":[],"class_list":["post-17015","page","type-page","status-publish","hentry"],"acf":[],"_links":{"self":[{"href":"https:\/\/semmelweis.hu\/emk\/wp-json\/wp\/v2\/pages\/17015","targetHints":{"allow":["GET"]}}],"collection":[{"href":"https:\/\/semmelweis.hu\/emk\/wp-json\/wp\/v2\/pages"}],"about":[{"href":"https:\/\/semmelweis.hu\/emk\/wp-json\/wp\/v2\/types\/page"}],"author":[{"embeddable":true,"href":"https:\/\/semmelweis.hu\/emk\/wp-json\/wp\/v2\/users\/101742"}],"replies":[{"embeddable":true,"href":"https:\/\/semmelweis.hu\/emk\/wp-json\/wp\/v2\/comments?post=17015"}],"version-history":[{"count":11,"href":"https:\/\/semmelweis.hu\/emk\/wp-json\/wp\/v2\/pages\/17015\/revisions"}],"predecessor-version":[{"id":26937,"href":"https:\/\/semmelweis.hu\/emk\/wp-json\/wp\/v2\/pages\/17015\/revisions\/26937"}],"up":[{"embeddable":true,"href":"https:\/\/semmelweis.hu\/emk\/wp-json\/wp\/v2\/pages\/19135"}],"wp:attachment":[{"href":"https:\/\/semmelweis.hu\/emk\/wp-json\/wp\/v2\/media?parent=17015"}],"wp:term":[{"taxonomy":"category","embeddable":true,"href":"https:\/\/semmelweis.hu\/emk\/wp-json\/wp\/v2\/categories?post=17015"},{"taxonomy":"post_tag","embeddable":true,"href":"https:\/\/semmelweis.hu\/emk\/wp-json\/wp\/v2\/tags?post=17015"}],"curies":[{"name":"wp","href":"https:\/\/api.w.org\/{rel}","templated":true}]}}