{"id":16810,"date":"2020-05-27T12:10:57","date_gmt":"2020-05-27T10:10:57","guid":{"rendered":"https:\/\/semmelweis.hu\/emk\/?page_id=16810"},"modified":"2020-05-28T14:11:00","modified_gmt":"2020-05-28T12:11:00","slug":"informatika-a-covid-19-jarvany-menedzselesenek-szolgalataban","status":"publish","type":"page","link":"https:\/\/semmelweis.hu\/emk\/kutatasi-tevekenysegunk\/minosegugy-es-betegbiztonsag\/covid-19-menedzsment-ajanlasaink\/informatika-a-covid-19-jarvany-menedzselesenek-szolgalataban\/","title":{"rendered":"Informatika a COVID-19 j\u00e1rv\u00e1ny menedzsel\u00e9s\u00e9nek szolg\u00e1lat\u00e1ban"},"content":{"rendered":"<p><strong>Informatika <a href=\"https:\/\/semmelweis.hu\/emk\/files\/2020\/05\/Korhazi_Covid19.docx.pdf\"><img loading=\"lazy\" decoding=\"async\" class=\"alignnone wp-image-16148\" src=\"https:\/\/semmelweis.hu\/emk\/files\/2020\/04\/nyomtatni-ikon-2-01-1-355x400.png\" alt=\"\" width=\"60\" height=\"68\" \/><\/a><\/strong><\/p>\n<p><strong>Informatika a COVID-19 j\u00e1rv\u00e1ny menedzsel\u00e9s\u00e9nek szolg\u00e1lat\u00e1ban<\/strong><\/p>\n<p>A COVID-19 j\u00e1rv\u00e1ny \u00faj szakmai \u00e9s j\u00e1rv\u00e1ny\u00fcgyi ismeretek elsaj\u00e1t\u00edt\u00e1s\u00e1t \u00e9s ell\u00e1t\u00e1sba t\u00f6rt\u00e9n\u0151 be\u00e9p\u00edt\u00e9s\u00e9t teszi sz\u00fcks\u00e9gess\u00e9. Az ell\u00e1t\u00e1s \u00e1tszervez\u00e9se, a k\u00e9szletekkel val\u00f3 gazd\u00e1lkod\u00e1s, a munkat\u00e1rsak, a betegek \u00e9s a lakoss\u00e1g fel\u00e9 ir\u00e1nyul\u00f3 kommunik\u00e1ci\u00f3 is mind-mind \u00e1talak\u00edt\u00e1sokat ig\u00e9nyel. A v\u00e1ltoztat\u00e1sok m\u00e9rt\u00e9ke nagy, a rendelkez\u00e9sre \u00e1ll\u00f3 id\u0151 kev\u00e9s. Hogyan seg\u00edthet minket ebben az informatika?<br \/>\n\u00d6sszegy\u0171jt\u00f6tt\u00fck a lehet\u0151s\u00e9geket, a v\u00e1laszt\u00e1st az int\u00e9zetek p\u00e9nz\u00fcgyi \u00e9s infrastruktur\u00e1lis helyzete, valamint a biztons\u00e1gos m\u0171k\u00f6dtet\u00e9s garant\u00e1lhat\u00f3s\u00e1ga hat\u00e1rozza meg.<\/p>\n<hr \/>\n<p><strong>Aj\u00e1nl\u00e1sok:<\/strong><\/p>\n<p><em><strong>Tedd digit\u00e1liss\u00e1, illetve \u00e9p\u00edtsd be a betegfelv\u00e9teli folyamatodba a hozz\u00e1d \u00e9rkez\u0151 betegek COVID-19 fert\u0151z\u00f6tts\u00e9g\u00e9nek felm\u00e9r\u00e9s\u00e9t szolg\u00e1l\u00f3 k\u00e9rd\u0151\u00edvet \u00e9s az eredm\u00e9ny r\u00f6gz\u00edt\u00e9s\u00e9t!<\/strong><\/em><\/p>\n<p>A COVID-19 fert\u0151z\u00f6tts\u00e9g elektronikus k\u00e9rd\u0151\u00edves felm\u00e9r\u00e9se \u00e9s az eredm\u00e9nyek r\u00f6gz\u00edt\u00e9se k\u00f6nnyen integr\u00e1lhat\u00f3 a k\u00f3rh\u00e1z informatikai rendszer\u00e9be, ez\u00e1ltal k\u00f6nnyebbek \u00e9s pontosabbak lesznek a beteg\u00e1tad\u00e1s-\u00e1tv\u00e9teli \u00e9s a k\u00e9s\u0151bbi adminisztr\u00e1ci\u00f3s feladatok is. A munkat\u00e1rsak terhel\u00e9se cs\u00f6kken, a betegbiztons\u00e1g javul.<\/p>\n<p><em><strong>Alak\u00edts ki d\u00f6nt\u00e9st\u00e1mogat\u00f3 informatikai alkalmaz\u00e1sokat a COVID-19 fert\u0151z\u00f6tt betegek ell\u00e1t\u00e1s\u00e1hoz kapcsol\u00f3d\u00f3an!<\/strong><\/em><\/p>\n<p>A COVID-19 fert\u0151z\u00f6tt vagy annak gyan\u00faj\u00e1val b\u00edr\u00f3 betegek ell\u00e1t\u00e1s\u00e1nak szakmai protokolljai \u00e9s j\u00f3l \u00e1ttekinthet\u0151en algoritmiz\u00e1lt, folyamat\u00e1br\u00e1val t\u00e1mogatott le\u00edr\u00e1sai k\u00f6z\u00f6s fel\u00fcletre t\u00f6lthet\u0151k fel. \u00cdgy k\u00f6nnyen, gyorsan el\u00e9rhet\u0151k, hozz\u00e1f\u00e9rhet\u0151k a szakmai d\u00f6nt\u00e9seket hoz\u00f3 munkat\u00e1rsak sz\u00e1m\u00e1ra ak\u00e1r mobileszk\u00f6z\u00f6k\u00f6n kereszt\u00fcl is. K\u00f6lts\u00e9gig\u00e9nyesebb, de m\u00e9g t\u00e1mogat\u00f3bb megold\u00e1s, ha a szakmai aj\u00e1nl\u00e1sok ment\u00e9n, a kritikus d\u00f6nt\u00e9sek eset\u00e9re az ell\u00e1t\u00e1si algoritmusokat lek\u00e9pez\u0151, d\u00f6nt\u00e9st\u00e1mogat\u00f3 alkalmaz\u00e1sokat, programokat fejleszt\u00fcnk (p\u00e9ld\u00e1ul a l\u00e9legeztet\u0151g\u00e9pre t\u00e9tel, vagy az intub\u00e1ci\u00f3 sz\u00fcks\u00e9gess\u00e9g\u00e9nek elb\u00edr\u00e1l\u00e1s\u00e1ra, vagy \u00fan. early warning score rendszer az \u00e1llapot-s\u00falyosbod\u00e1sok korai kisz\u0171r\u00e9s\u00e9re). Tegy\u00fck ezeket el\u00e9rhet\u0151v\u00e9 a k\u00f3rh\u00e1zi informatikai rendszerben, \u00e9s ha mobil eszk\u00f6z\u00f6kre let\u00f6lthet\u0151 v\u00e1ltozatot is kialak\u00edtunk, \u00fagy ak\u00e1r a beteg\u00e1gy mellett is b\u00e1rki k\u00f6nnyen alkalmazhatja ezeket. Az ell\u00e1t\u00e1s \u00edgy meggyors\u00edthat\u00f3, \u00e9s szakmai megfelel\u0151s\u00e9ge is jav\u00edthat\u00f3. K\u00fcl\u00f6n\u00f6sen hasznos ez az \u00e1tcsoportos\u00edtott \u2013 m\u00e1s szakter\u00fcleten dolgoz\u00f3 &#8211; munkaer\u0151 sz\u00e1m\u00e1ra, n\u00f6velve ezzel biztons\u00e1g\u00e9rzet\u00fcket \u00e9s cs\u00f6kkentve stresszhelyzet\u00fcket. Ezek az alkalmaz\u00e1sok vagy programok nem k\u00f6vetelik meg a betegek azonos\u00edt\u00f3 adatainak haszn\u00e1lat\u00e1t, \u00e9s k\u00f6nnyen megoldhat\u00f3, hogy csak adott ell\u00e1t\u00f3i k\u00f6r f\u00e9rjen hozz\u00e1.<\/p>\n<p><em><strong>Tedd mobil eszk\u00f6z\u00f6k\u00f6n kereszt\u00fcl is k\u00f6nnyen el\u00e9rhet\u0151v\u00e9 a COVID-19 fert\u0151z\u00f6tt betegek szakmai ell\u00e1t\u00e1s\u00e1t t\u00e1mogat\u00f3 seg\u00e9danyagokat!<\/strong><\/em><\/p>\n<p>Az algoritmusokhoz hasonl\u00f3an a k\u00fcl\u00f6nb\u00f6z\u0151 ellen\u0151rz\u0151 list\u00e1k, gy\u00f3gyszerhelyettes\u00edt\u00e9si-list\u00e1k, d\u00f3zist\u00e1bl\u00e1k, r\u00f6vid\u00edt\u00e9sjegyz\u00e9kek, stb. mobil eszk\u00f6z\u00f6n val\u00f3 el\u00e9rhet\u0151s\u00e9ge gyors\u00edtja \u00e9s pontos\u00edtja az ell\u00e1t\u00e1si folyamatokat. Aktualiz\u00e1l\u00e1suk egyszer\u0171, \u00edgy a munkat\u00e1rsak mindig az \u00e9rv\u00e9nyben l\u00e9v\u0151 legfrissebb verzi\u00f3kat haszn\u00e1lj\u00e1k.<\/p>\n<p><em><strong>Alak\u00edts ki t\u00e1vkonzult\u00e1ci\u00f3s lehet\u0151s\u00e9geket a fekv\u0151betegek ell\u00e1t\u00e1s\u00e1hoz sz\u00fcks\u00e9ges egyes konz\u00edliumok, vizsg\u00e1latok elv\u00e9gz\u00e9s\u00e9re!<\/strong><\/em><\/p>\n<p>Az ell\u00e1t\u00f3k egym\u00e1s k\u00f6zti \u00e9s az ell\u00e1t\u00f3-beteg k\u00f6zti szem\u00e9lyes kontaktusok kiv\u00e1lt\u00e1s\u00e1nak nagyszer\u0171 eszk\u00f6ze a k\u00fcl\u00f6nb\u00f6z\u0151 t\u00e1vkonzult\u00e1ci\u00f3s lehet\u0151s\u00e9gek bevezet\u00e9se. A helyzet akkor a legk\u00f6nnyebb, ha a beteg eg\u00e9szs\u00e9g\u00fcgyi dokument\u00e1ci\u00f3ja mindk\u00e9t f\u00e9l sz\u00e1m\u00e1ra el\u00e9rhet\u0151 p\u00e9ld\u00e1ul a k\u00f3rh\u00e1zi informatikai rendszerb\u0151l, \u00edgy azok el\u0151zetesen is tanulm\u00e1nyozhat\u00f3k. A megfelel\u0151 betegazonos\u00edt\u00e1s \u00e9s a kapcsol\u00f3d\u00f3 adatv\u00e9delmi szempontok betart\u00e1sa ebben az esetben is k\u00f6telez\u0151. A konzult\u00e1ci\u00f3k t\u00f6rt\u00e9nhetnek hang vagy vide\u00f3 alapon, eredm\u00e9nyess\u00e9g\u00fck kritikus t\u00e9nyez\u0151je a megfelel\u0151 hang- \u00e9s k\u00e9pmin\u0151s\u00e9g, valamint az internetkapcsolat biztos\u00edt\u00e1sa.<\/p>\n<p><em><strong>\u00c9p\u00edts ki telemedicina alkalmaz\u00e1sokat a szem\u00e9lyes betegmegjelen\u00e9st nem felt\u00e9tlen\u00fcl ig\u00e9nyl\u0151 j\u00e1r\u00f3beteg-ell\u00e1t\u00e1sok lebonyol\u00edt\u00e1s\u00e1hoz!<\/strong><\/em><\/p>\n<p>A telemedicina alkalmaz\u00e1sok p\u00f3tolhatj\u00e1k a szem\u00e9lyes megjelen\u00e9seket a j\u00e1r\u00f3beteg-ell\u00e1t\u00e1s eset\u00e9n ak\u00e1r a beteg, ak\u00e1r az orvosok r\u00e9sz\u00e9r\u0151l. Ez biztos\u00edthatja a betegek ell\u00e1t\u00e1s\u00e1nak folytonoss\u00e1g\u00e1t, \u00e9s lehet\u0151s\u00e9get teremt a 65 \u00e9v feletti orvosok, vagy egy\u00e9b okok miatt t\u00e1vol l\u00e9v\u0151k bevon\u00e1s\u00e1ra is. Figyelembe kell venni a rendszer tervez\u00e9sekor a biztons\u00e1gos bejelentkez\u00e9si, azonos\u00edt\u00e1si, adatv\u00e9delmi elemek kidolgoz\u00e1s\u00e1t \u00e9s a felhaszn\u00e1l\u00f3bar\u00e1t kivitelez\u00e9st, hiszen ebben az esetben a betegek illetve hozz\u00e1tartoz\u00f3ik akt\u00edvan r\u00e9szt vesznek a folyamatban, \u00e9s az ell\u00e1t\u00f3k is r\u00e9szben otthonaikb\u00f3l csatlakoznak a rendszerhez. Mindez sz\u00e1mos megfontol\u00e1st k\u00edv\u00e1n, ez\u00e9rt az ezzel kapcsolatos, r\u00e9szletesebb aj\u00e1nl\u00e1sainkat k\u00fcl\u00f6n, a telemedicin\u00e1r\u00f3l sz\u00f3l\u00f3 COVID-19 aj\u00e1nl\u00e1sunkban fogalmaztuk meg.<\/p>\n<p><em><strong>Tedd hat\u00e9konyabb\u00e1 a munkat\u00e1rsak oktat\u00e1s\u00e1nak gyakorlat\u00e1t informatikai megold\u00e1sok alkalmaz\u00e1s\u00e1val!<\/strong><\/em><\/p>\n<p>A COVID-19 j\u00e1rv\u00e1nnyal kapcsolatos ismereteket sok munkat\u00e1rsnak \u00e9s r\u00f6vid id\u0151n bel\u00fcl kell oktatnunk. Ezt a folyamatot t\u00e1mogatja p\u00e9ld\u00e1ul, ha az elk\u00e9sz\u00edtett tananyagok elektronikusan el\u00e9rhet\u0151k. Egy erre a c\u00e9lra l\u00e9trehozott fel\u00fcleten az anyagokat k\u00fcl\u00f6nb\u00f6z\u0151 c\u00e9lcsoportok, munkat\u00e1rsi k\u00f6r\u00f6k szerint csoportos\u00edtani tudjuk. \u00cdgy egyszer\u0171bb\u00e9 v\u00e1lik a tananyagok aktualiz\u00e1l\u00e1sa, b\u0151v\u00edt\u00e9se \u00e9s a v\u00e1ltoz\u00e1sok \u2013 \u00faj anyag, m\u00f3dos\u00edtott, b\u0151vebb anyag \u2013 munkat\u00e1rsak fel\u00e9 jelz\u00e9se is. E-learning t\u00edpus\u00fa k\u00e9pz\u00e9si anyagokkal a szem\u00e9lyes oktat\u00e1sok egy r\u00e9sze kiv\u00e1lthat\u00f3, vagy id\u0151tartama jelent\u0151sen cs\u00f6kkenthet\u0151, \u00e9s a munkat\u00e1rsak akkor tudj\u00e1k elv\u00e9gezni azt, amikor \u00e9ppen idej\u00fck van r\u00e1. A k\u00e9pi megjelen\u00edt\u00e9sek szeml\u00e9letesebb\u00e9 teszik az ismereteket, \u00e9s seg\u00edtenek azok eredm\u00e9nyesebb feldolgoz\u00e1s\u00e1ban. Egyes k\u00e9szs\u00e9gek elsaj\u00e1t\u00edt\u00e1s\u00e1t seg\u00edts\u00fck el\u0151 kisvide\u00f3kkal (p\u00e9ld\u00e1ul a v\u00e9d\u0151felszerel\u00e9sek helyes haszn\u00e1lata, beteg l\u00e9legeztet\u00e9s alatti hasra ford\u00edt\u00e1sa, betegsz\u00e1ll\u00edt\u00e1s stb.). Mindezek alkalmaz\u00e1s\u00e1val kiv\u00e1ltjuk a szem\u00e9lyes \u00e9s nagyl\u00e9tsz\u00e1m\u00fa megjelen\u00e9seket, jelent\u0151sen gyors\u00edtjuk az int\u00e9zeti oktat\u00e1sok id\u0151belis\u00e9g\u00e9t, n\u00f6velj\u00fck azok eredm\u00e9nyess\u00e9g\u00e9t, \u00e9s az oktat\u00e1s hum\u00e1n er\u0151forr\u00e1s terheit is cs\u00f6kkentj\u00fck.<br \/>\nA kor\u00e1bban szervezeti egys\u00e9gen bel\u00fcl vagy azok k\u00f6z\u00f6tt megtartott refer\u00e1l\u00f3k, esetismertet\u00e9sek is folytathat\u00f3k videokonferenci\u00e1k form\u00e1j\u00e1ban.<\/p>\n<p><em><strong>Haszn\u00e1ld az informatika adta lehet\u0151s\u00e9geket a munkat\u00e1rsak naprak\u00e9sz t\u00e1j\u00e9koztat\u00e1s\u00e1ban!<\/strong><\/em><\/p>\n<p>A munkat\u00e1rsak COVID-19 j\u00e1rv\u00e1ny ideje alatti s\u00fcrg\u0151s, vagy rendszeres napi t\u00e1j\u00e9koztat\u00e1s\u00e1t is k\u00fcl\u00f6nb\u00f6z\u0151 informatikai lehet\u0151s\u00e9gek seg\u00edthetik. Az int\u00e9zeti e-mailek l\u00e9trehoz\u00e1s\u00e1t\u00f3l a k\u00fcl\u00f6nb\u00f6z\u0151 \u00fczenetszolg\u00e1ltat\u00e1sokon \u00e9s vide\u00f3konferenci\u00e1kon \u00e1t a dasboard-ok kialak\u00edt\u00e1s\u00e1ig \u00f6sszint\u00e9zeti \u00e9s szervezeti egys\u00e9g szinten is k\u00f6nnyen, gyorsan, struktur\u00e1ltan \u00e9s eredm\u00e9nyesen k\u00f6zvet\u00edthet\u0151k az inform\u00e1ci\u00f3k. Az inform\u00e1ci\u00f3gy\u0171jt\u00e9s digitaliz\u00e1l\u00e1sa seg\u00edti a rendszeres inform\u00e1ci\u00f3k\u00f6zl\u00e9seket, melyek az egyes adatok k\u00f6zvet\u00edt\u00e9s\u00e9t ak\u00e1r automatikus folyamatt\u00e1 is teheti (p\u00e9ld\u00e1ul az aktu\u00e1lisan rendelkez\u00e9sre \u00e1ll\u00f3 \u00fcres \u00e1gyak sz\u00e1ma, COVID-19 fert\u0151z\u00f6ttek sz\u00e1ma, l\u00e9legeztet\u0151g\u00e9pen l\u00e9v\u0151k sz\u00e1ma, stb.). Ezek r\u00e9szletei a <a href=\"https:\/\/semmelweis.hu\/emk\/covid-19-menedzsment-ajanlasaink\/belso-kommunikacio\/\">S\u00fcrg\u0151s inform\u00e1ci\u00f3k k\u00f6zl\u00e9se<\/a> \u00e9s a <a href=\"https:\/\/semmelweis.hu\/emk\/covid-19-menedzsment-ajanlasaink\/napi-szintu-hiteles-tajekoztatas\/\">Napi szint\u0171, hiteles t\u00e1j\u00e9koztat\u00e1s<\/a> aj\u00e1nl\u00e1sainkban is olvashat\u00f3k.<\/p>\n<p><strong><em>Biztos\u00edtsd munkat\u00e1rsaidnak, hogy telekommunik\u00e1ci\u00f3 \u00fatj\u00e1n is el\u00e9rjenek a lelkiseg\u00e9lyt ny\u00fajt\u00f3khoz!<\/em><\/strong><\/p>\n<p>Munkat\u00e1rsaink lelki eg\u00e9szs\u00e9g\u00e9nek meg\u0151rz\u00e9s\u00e9t t\u00e1mogassuk pszichol\u00f3gus, ment\u00e1lhigi\u00e9n\u00e9s szakemberek vagy szolg\u00e1latok telekommunik\u00e1ci\u00f3 \u00fatj\u00e1n val\u00f3 el\u00e9rhet\u0151s\u00e9g\u00e9vel.<\/p>\n<p><em><strong>\u00c9p\u00edts ki informatikai alapon m\u0171k\u00f6d\u0151 k\u00e9szletmonitoroz\u00e1si rendszert a COVID-19 fert\u0151z\u00f6ttek ell\u00e1t\u00e1s\u00e1hoz k\u00f6t\u0151d\u0151 v\u00e9d\u0151felszerel\u00e9sek, gy\u00f3gyszerek, szakmai anyagok, eszk\u00f6z\u00f6k rendelkez\u00e9sre \u00e1ll\u00e1s\u00e1nak biztos\u00edt\u00e1s\u00e1hoz!<\/strong><\/em><\/p>\n<p>A COVID-19 j\u00e1rv\u00e1nyra val\u00f3 felk\u00e9sz\u00fclts\u00e9g jegy\u00e9ben sz\u00e1mos felszerel\u00e9s, szakmai anyag, gy\u00f3gyszer nagy mennyis\u00e9g\u0171 beszerz\u00e9se, t\u00e1rol\u00e1sa, dinamikus eloszt\u00e1sa v\u00e1lt sz\u00fcks\u00e9gess\u00e9. Azt, hogy mindezek a kell\u0151 helyen, a kell\u0151 id\u0151ben munkat\u00e1rsaink sz\u00e1m\u00e1ra rendelkez\u00e9sre \u00e1lljanak, \u00e9s \u00edgy a betegell\u00e1t\u00e1s folyamatoss\u00e1ga, valamint dolgoz\u00f3ink \u00e9s betegeink fert\u0151z\u00e9ssel szembeni biztons\u00e1ga garant\u00e1lt legyen, csak szoros k\u00e9szletmonitoroz\u00e1ssal \u00e9rhet\u0151 el. Ebben az informatikai fejleszt\u00e9sek &#8211; k\u00fcl\u00f6n\u00f6sen nagy k\u00f3rh\u00e1zak eset\u00e9n &#8211; hatalmas seg\u00edts\u00e9get ny\u00fajtanak, hiszen k\u00e9pesek arra, hogy b\u00e1rmely pillanatban megmutass\u00e1k sz\u00e1munkra adott eszk\u00f6z vagy anyag rendelkez\u00e9sre \u00e1ll\u00f3 mennyis\u00e9g\u00e9t ak\u00e1r szervezeti egys\u00e9g szintj\u00e9re lebontva.<\/p>\n<p><em><strong>Egyszer\u0171s\u00edtsd le informatikai megold\u00e1sok \u00fatj\u00e1n a COVID-19 fert\u0151z\u00f6tt betegek ell\u00e1t\u00e1s\u00e1hoz sz\u00fcks\u00e9ges felszerel\u00e9sek, eszk\u00f6z\u00f6k, anyagok, gy\u00f3gyszerek ig\u00e9nyl\u00e9si \u00e9s egy\u00e9b adminisztrat\u00edv folyamatait!<\/strong><\/em><br \/>\nCs\u00f6kkenti a munkat\u00e1rsak adminisztrat\u00edv terheit \u00e9s er\u0151s\u00edti az ell\u00e1t\u00e1s biztons\u00e1g\u00e1t a szervezeti egys\u00e9gek ig\u00e9nyl\u00e9si rendj\u00e9nek \u00e9s az \u00e1tad\u00e1s-\u00e1tv\u00e9teli folyamatoknak a digitaliz\u00e1l\u00e1sa, ak\u00e1r a k\u00e9szletmonitoroz\u00e1si rendszerhez illesztve, ak\u00e1r \u00f6n\u00e1ll\u00f3an.<\/p>\n<p><em><strong>Biztos\u00edtsd munkat\u00e1rsaidnak a megfelel\u0151 eszk\u00f6z\u00f6ket, felt\u00e9teleket a k\u00fcl\u00f6nb\u00f6z\u0151 informatikai lehet\u0151s\u00e9gek haszn\u00e1lat\u00e1hoz, \u00e9s oktasd azok helyes alkalmaz\u00e1s\u00e1t!<\/strong><\/em><\/p>\n<p>Term\u00e9szetesen minden informatikai fejleszt\u00e9s csak akkor \u00e9ri el a k\u00edv\u00e1nt hat\u00e1st \u00e9s eredm\u00e9nyt, ha alkalmaz\u00e1sukhoz a megfelel\u0151 eszk\u00f6z\u00f6k \u00e9s kapcsolatok rendelkez\u00e9sre \u00e1llnak a felhaszn\u00e1l\u00f3k sz\u00e1m\u00e1ra. Ez\u00e9rt a fejleszt\u00e9sek sor\u00e1n sz\u00e1m\u00edt\u00e1sba kell venni az int\u00e9zet infrastruktur\u00e1lis \u00e9s p\u00e9nz\u00fcgyi lehet\u0151s\u00e9geit, h\u00e1tter\u00e9t is, \u00e9s ennek ment\u00e9n csak azokat a fejleszt\u00e9seket kell megval\u00f3s\u00edtani, melyek alkalmaz\u00e1si biztons\u00e1ga megoldhat\u00f3. Gondolnunk kell mobil eszk\u00f6z\u00f6k beszerz\u00e9s\u00e9re (f\u0151k\u00e9nt, ha a fejlesztett alkalmaz\u00e1s csak int\u00e9zeti eszk\u00f6z\u00f6k\u00f6n vagy azokon kereszt\u00fcl futhat illetve el\u00e9rhet\u0151), a szerver meger\u0151s\u00edt\u00e9s\u00e9re, plusz v\u00e9delm\u00e9re, b\u0151v\u00edt\u00e9s\u00e9re, vagy megfelel\u0151 s\u00e1vsz\u00e9less\u00e9g\u0171 internet-el\u00e9rhet\u0151s\u00e9gre az int\u00e9zm\u00e9ny valamennyi relev\u00e1ns ter\u00fclet\u00e9n, ak\u00e1r p\u00e9ld\u00e1ul plusz routerek biztos\u00edt\u00e1s\u00e1val is. A programok zavartalan m\u0171k\u00f6d\u00e9s\u00e9hez fontosak: az informatikai szak\u00e9rtelem \u00e1lland\u00f3 biztos\u00edt\u00e1sa, hibajelz\u0151 rendszerek, kieg\u00e9sz\u00edt\u0151 szolg\u00e1ltat\u00e1sok. Ahhoz, hogy a felhaszn\u00e1l\u00f3k a ki\u00e9p\u00edtett lehet\u0151s\u00e9geket technikailag \u00e9s kiberbiztons\u00e1gi szempontb\u00f3l is tudatosan alkalmazz\u00e1k, k\u00e9pz\u00e9seket kell szervezni a sz\u00e1mukra. Azokn\u00e1l a telemedicina alkalmaz\u00e1sokn\u00e1l, amelyek a betegek akt\u00edv szerepv\u00e1llal\u00e1s\u00e1t ig\u00e9nylik, gondoskodjunk megfelel\u0151 t\u00e1j\u00e9koztat\u00f3 anyagokr\u00f3l, felhaszn\u00e1l\u00e1si \u00fatmutat\u00f3kr\u00f3l a helyes \u00e9s g\u00f6rd\u00fcl\u00e9keny alkalmaz\u00e1s \u00e9rdek\u00e9ben!<\/p>\n<p><em><strong>Tedd hat\u00e9konyabb\u00e1 betegoktat\u00e1si \u00e9s -t\u00e1j\u00e9koztat\u00e1si tev\u00e9kenys\u00e9ged informatikai megold\u00e1sok alkalmaz\u00e1s\u00e1val!<\/strong><\/em><\/p>\n<p>Informatikai megold\u00e1sokkal t\u00e1mogassuk a betegek \u00e9s a hozz\u00e1tartoz\u00f3k oktat\u00e1s\u00e1t. A szeml\u00e9letes, k\u00f6nnyen \u00e9s t\u00f6bb helyen megtal\u00e1lhat\u00f3 oktat\u00e1si anyagok az \u00e9rintettek sz\u00e9les k\u00f6r\u00e9t \u00e9rik el. Ezek a lehet\u0151s\u00e9gek az eg\u00e9szs\u00e9g\u00fcgyi dolgoz\u00f3k betegoktat\u00e1si feladatainak enyh\u00edt\u00e9se mellett n\u00f6velik az oktat\u00e1s \u00e9s a fert\u0151z\u00e9smegel\u0151z\u00e9s eredm\u00e9nyess\u00e9g\u00e9t, valamint a beteg \u00e9s dolgoz\u00f3i biztons\u00e1got. A lakoss\u00e1g megfelel\u0151 t\u00e1j\u00e9koztat\u00e1s\u00e1ban a honlap \u00e9s a k\u00f6z\u00f6ss\u00e9gi m\u00e9dia k\u00fcl\u00f6nb\u00f6z\u0151 csatorn\u00e1i szint\u00e9n t\u00e1mogat\u00e1st ny\u00fajtanak. A t\u00e9mak\u00f6rrel kapcsolatos tov\u00e1bbi r\u00e9szletek a<a href=\"https:\/\/semmelweis.hu\/emk\/covid-19-menedzsment-ajanlasaink\/betegek-magatartasabol-szarmazo-fertozesterjedes-kockazatanak-csokkentese\/\"> Betegek magatart\u00e1s\u00e1b\u00f3l sz\u00e1rmaz\u00f3 fert\u0151z\u00e9sterjed\u00e9s kock\u00e1zat\u00e1nak cs\u00f6kkent\u00e9se<\/a>, valamint az <a href=\"https:\/\/semmelweis.hu\/emk\/covid-19-menedzsment-ajanlasaink\/intezeten-kivuli-lakossagot-erinto-kommunikacio-kialakitasa\/\">Int\u00e9zeten k\u00edv\u00fcli \u2013 lakoss\u00e1got \u00e9rint\u0151 \u2013 kommunik\u00e1ci\u00f3 kialak\u00edt\u00e1sa<\/a> c\u00edm\u0171 aj\u00e1nl\u00e1sunkban olvashat\u00f3k.<\/p>\n<p><em><strong>Alak\u00edts ki \u00faj kommunik\u00e1ci\u00f3s lehet\u0151s\u00e9geket a hozz\u00e1tartoz\u00f3k t\u00e1j\u00e9koztat\u00e1s\u00e1ra \u00e9s a betegek hozz\u00e1tartoz\u00f3ikkal val\u00f3 kapcsolattart\u00e1s\u00e1ra!<\/strong><\/em><\/p>\n<p>A COVID-19 j\u00e1rv\u00e1ny ideje alatt a megszokott l\u00e1togat\u00e1si \u00e9s kapcsolattart\u00e1si szok\u00e1sok gy\u00f6kerest\u00fcl megv\u00e1ltoztak, a hagyom\u00e1nyos rend helyett \u00faj kommunik\u00e1ci\u00f3s lehet\u0151s\u00e9gek kialak\u00edt\u00e1sa sz\u00fcks\u00e9ges. Az informatika ezt az ell\u00e1t\u00e1si mozzanatot is sikerrel t\u00e1mogatja a k\u00fcl\u00f6nb\u00f6z\u0151 videoh\u00edv\u00e1sok, videokonferencia szolg\u00e1ltat\u00e1sok r\u00e9v\u00e9n. A hozz\u00e1tartoz\u00f3k \u00edgy virtu\u00e1lisan a beteg\u00e1gy mell\u00e9 ker\u00fclhetnek, a k\u00e9pi megjelen\u00edt\u00e9s \u00e9s a mobilit\u00e1s pedig seg\u00edti az ell\u00e1t\u00f3kat az azonos\u00edt\u00e1si folyamatokban. A kiberbiztons\u00e1g szem el\u0151tt tart\u00e1sa kiemelt ezekn\u00e9l a lehet\u0151s\u00e9gekn\u00e9l is.<\/p>\n<p><a href=\"https:\/\/semmelweis.hu\/emk\/files\/2020\/05\/Korhazi_Covid19.docx.pdf\">Teljes anyag ellen\u0151rz\u0151 list\u00e1val<\/a><\/p>\n<p><a href=\"https:\/\/semmelweis.hu\/emk\/files\/2020\/05\/covid-sablon-19-\u00faj.pdf\">R\u00f6vid le\u00edr\u00e1s<\/a><\/p>\n<p><a href=\"https:\/\/www.youtube.com\/watch?v=a81hKcHC3_M&amp;feature=youtu.be\">Vide\u00f3<\/a><\/p>\n<p><strong>Felhaszn\u00e1lt szakirodalom:<\/strong><\/p>\n<p>Critical care guidance \u2013 ICM Anaesthesia, <a href=\"https:\/\/icmanaesthesiacovid-19.org\/critical-care-guidance\">https:\/\/icmanaesthesiacovid-19.org\/critical-care-guidance<\/a><\/p>\n<p>Checklist for hospitals preparing for the reception and care of coronavirus 2019 (COVID-19) patients, ECDC Technical Report<\/p>\n<p>Hospital Readiness Checklist for COVID-19, World Health Organization, Regional Office for Europe<\/p>\n<p>Mei Fong Liew et al: Preparing for COVID-19: early experience from an intensive care unit in Singapore <a href=\"https:\/\/ccforum.biomedcentral.com\/articles\/10.1186\/s13054-020-2814-x\">https:\/\/ccforum.biomedcentral.com\/articles\/10.1186\/s13054-020-2814-x<\/a><\/p>\n","protected":false},"excerpt":{"rendered":"<p>Informatika <a href=\"https:\/\/semmelweis.hu\/emk\/files\/2020\/05\/Korhazi_Covid19.docx.pdf\"><\/a> Informatika a COVID-19 j\u00e1rv\u00e1ny menedzsel\u00e9s\u00e9nek szolg\u00e1lat\u00e1ban A COVID-19 j\u00e1rv\u00e1ny \u00faj szakmai \u00e9s j\u00e1rv\u00e1ny\u00fcgyi ismeretek elsaj\u00e1t\u00edt\u00e1s\u00e1t \u00e9s ell\u00e1t\u00e1sba t\u00f6rt\u00e9n\u0151 be\u00e9p\u00edt\u00e9s\u00e9t teszi sz\u00fcks\u00e9gess\u00e9. Az ell\u00e1t\u00e1s \u00e1tszervez\u00e9se, a k\u00e9szletekkel val\u00f3 gazd\u00e1lkod\u00e1s, a munkat\u00e1rsak, a betegek \u00e9s a lakoss\u00e1g fel\u00e9 ir\u00e1nyul\u00f3 kommunik\u00e1ci\u00f3 is mind-mind \u00e1talak\u00edt\u00e1sokat ig\u00e9nyel. A v\u00e1ltoztat\u00e1sok m\u00e9rt\u00e9ke nagy, a rendelkez\u00e9sre \u00e1ll\u00f3 id\u0151 kev\u00e9s. Hogyan seg\u00edthet minket &hellip;<\/p>\n","protected":false},"author":101539,"featured_media":0,"parent":16078,"menu_order":16,"comment_status":"closed","ping_status":"closed","template":"","meta":{"_acf_changed":false,"footnotes":""},"categories":[],"tags":[],"class_list":["post-16810","page","type-page","status-publish","hentry"],"acf":[],"_links":{"self":[{"href":"https:\/\/semmelweis.hu\/emk\/wp-json\/wp\/v2\/pages\/16810","targetHints":{"allow":["GET"]}}],"collection":[{"href":"https:\/\/semmelweis.hu\/emk\/wp-json\/wp\/v2\/pages"}],"about":[{"href":"https:\/\/semmelweis.hu\/emk\/wp-json\/wp\/v2\/types\/page"}],"author":[{"embeddable":true,"href":"https:\/\/semmelweis.hu\/emk\/wp-json\/wp\/v2\/users\/101539"}],"replies":[{"embeddable":true,"href":"https:\/\/semmelweis.hu\/emk\/wp-json\/wp\/v2\/comments?post=16810"}],"version-history":[{"count":10,"href":"https:\/\/semmelweis.hu\/emk\/wp-json\/wp\/v2\/pages\/16810\/revisions"}],"predecessor-version":[{"id":16909,"href":"https:\/\/semmelweis.hu\/emk\/wp-json\/wp\/v2\/pages\/16810\/revisions\/16909"}],"up":[{"embeddable":true,"href":"https:\/\/semmelweis.hu\/emk\/wp-json\/wp\/v2\/pages\/16078"}],"wp:attachment":[{"href":"https:\/\/semmelweis.hu\/emk\/wp-json\/wp\/v2\/media?parent=16810"}],"wp:term":[{"taxonomy":"category","embeddable":true,"href":"https:\/\/semmelweis.hu\/emk\/wp-json\/wp\/v2\/categories?post=16810"},{"taxonomy":"post_tag","embeddable":true,"href":"https:\/\/semmelweis.hu\/emk\/wp-json\/wp\/v2\/tags?post=16810"}],"curies":[{"name":"wp","href":"https:\/\/api.w.org\/{rel}","templated":true}]}}