{"id":16693,"date":"2020-05-14T15:34:57","date_gmt":"2020-05-14T13:34:57","guid":{"rendered":"https:\/\/semmelweis.hu\/emk\/?page_id=16693"},"modified":"2020-05-15T12:20:21","modified_gmt":"2020-05-15T10:20:21","slug":"haldoklok-ellatasa-es-az-elhunytakkal-kapcsolatos-teendok-a-covid-19-jarvany-idejen","status":"publish","type":"page","link":"https:\/\/semmelweis.hu\/emk\/kutatasi-tevekenysegunk\/minosegugy-es-betegbiztonsag\/covid-19-menedzsment-ajanlasaink\/haldoklok-ellatasa-es-az-elhunytakkal-kapcsolatos-teendok-a-covid-19-jarvany-idejen\/","title":{"rendered":"Haldokl\u00f3k ell\u00e1t\u00e1sa \u00e9s az elhunytakkal kapcsolatos teend\u0151k a COVID-19 j\u00e1rv\u00e1ny idej\u00e9n"},"content":{"rendered":"<p><strong>Haldokl\u00f3 betegek \u00e9s elhunytak ell\u00e1t\u00e1sa <a href=\"https:\/\/semmelweis.hu\/emk\/files\/2020\/05\/k\u00f3rh\u00e1z_covid16.pdf\"><img loading=\"lazy\" decoding=\"async\" class=\"alignnone wp-image-16148\" src=\"https:\/\/semmelweis.hu\/emk\/files\/2020\/04\/nyomtatni-ikon-2-01-1-355x400.png\" alt=\"\" width=\"60\" height=\"68\" \/><\/a><\/strong><\/p>\n<p><strong>Haldokl\u00f3k ell\u00e1t\u00e1sa \u00e9s az elhunytakkal kapcsolatos teend\u0151k a COVID-19 j\u00e1rv\u00e1ny idej\u00e9n<\/strong><\/p>\n<p style=\"text-align: left\">Az eg\u00e9szs\u00e9g\u00fcgyi szolg\u00e1ltat\u00f3k feladatai k\u00f6z\u00e9 tartozik nem csak a gy\u00f3gy\u00edt\u00e1s, hanem a haldokl\u00f3 betegek \u00e9s elhunytak ell\u00e1t\u00e1sa is.\u00a0 Sz\u00e1mos nehez\u00edt\u0151 t\u00e9nyez\u0151 mer\u00fclhet fel az empatikus \u00e9s az emberi m\u00e9lt\u00f3s\u00e1got figyelembe vev\u0151 \u00e9letv\u00e9gi ell\u00e1t\u00e1s, illetve az elhunytak ell\u00e1t\u00e1si folyamat\u00e1nak gyakorlat\u00e1ban COVID-19 fert\u0151z\u00f6tts\u00e9gt\u0151l f\u00fcggetlen\u00fcl. A hozz\u00e1tartoz\u00f3k szeretteik\u00e9rt agg\u00f3dva, vagy gy\u00e1szukban nehezebben \u00e9rtik meg a j\u00e1rv\u00e1ny\u00fcgyi helyzetb\u0151l fakad\u00f3 korl\u00e1toz\u00f3 int\u00e9zked\u00e9seket. Ig\u00e9nyt tartanak a haldokl\u00f3 hozz\u00e1tartoz\u00f3jukkal val\u00f3 kapcsolattart\u00e1sra, illetve elvesz\u00edtett szerett\u00fck eset\u00e9ben a kegyeleti jog gyakorl\u00e1s\u00e1ra. Felmer\u00fcl a k\u00e9rd\u00e9s, hogy eg\u00e9szs\u00e9g\u00fcgyi szolg\u00e1ltat\u00f3k\u00e9nt mit tehet\u00fcnk annak \u00e9rdek\u00e9ben, hogy a j\u00e1rv\u00e1ny id\u0151szak\u00e1ban a haldokl\u00f3 betegek emberi m\u00e9lt\u00f3s\u00e1g\u00e1t meg\u00f3vjuk, ugyanakkor minimaliz\u00e1ljuk a j\u00e1rv\u00e1nyhelyzet miatti fert\u0151z\u00e9svesz\u00e9lyt? Hogyan tudunk felk\u00e9sz\u00fclni, ha hull\u00e1mok cs\u00facspontjain\u00e1l jelent\u0151sen nagyobb volumenben fordulnak el\u0151 hal\u00e1lesetek int\u00e9zm\u00e9ny\u00fcnkben, \u00e9s melyek azok a l\u00e9p\u00e9sek, amelyeket a jelenlegi helyzethez kell adapt\u00e1lnunk? Tov\u00e1bb\u00e1 hogyan tudjuk t\u00e1mogatni a hozz\u00e1tartoz\u00f3kat, \u00e9s hogyan tudjuk elker\u00fclni az esetleges nemk\u00edv\u00e1natos esem\u00e9nyeket, mint p\u00e9ld\u00e1ul a hozz\u00e1tartoz\u00f3k eg\u00e9szs\u00e9g\u00fcgyi int\u00e9zm\u00e9nyben tett l\u00e1togat\u00e1s\u00e1hoz k\u00f6thet\u0151 COVID-19 fert\u0151z\u0151d\u00e9se?<\/p>\n<hr \/>\n<p><strong>Aj\u00e1nl\u00e1sok:<\/strong><\/p>\n<p><strong><em>Hat\u00e1rozd meg a haldokl\u00f3 betegek \u00e9s az elhunytak ell\u00e1t\u00e1s\u00e1nak azon l\u00e9p\u00e9seit, melyek a COVID-19 j\u00e1rv\u00e1ny ideje alatt fert\u0151z\u00e9s megel\u0151z\u00e9s szempontj\u00e1b\u00f3l kritikusak lehetnek!<\/em><\/strong><\/p>\n<p>Az eg\u00e9szs\u00e9g\u00fcgyi szolg\u00e1ltat\u00f3k mindennapos munk\u00e1j\u00e1hoz tartozik a haldokl\u00f3 betegek ell\u00e1t\u00e1sa \u00e9s hozz\u00e1tartoz\u00f3ik megfelel\u0151 t\u00e1j\u00e9koztat\u00e1sa, mely alapesetben sem k\u00f6nny\u0171 feladat a szem\u00e9lyzet sz\u00e1m\u00e1ra. A j\u00e1rv\u00e1ny\u00fcgyi helyzetb\u0151l fakad\u00f3 \u00e1ltal\u00e1nos l\u00e1togat\u00e1si korl\u00e1toz\u00e1s m\u00e9g ink\u00e1bb megnehez\u00edti ezt, fokozva az ell\u00e1t\u00e1sban \u00e9rintett szerepl\u0151k lelki terhel\u00e9s\u00e9t. Emellett k\u00fcl\u00f6n\u00f6s figyelmet kell szentelni a fert\u0151z\u00e9s behurcol\u00e1s\u00e1t, tov\u00e1bbad\u00e1s\u00e1t megel\u0151z\u0151 int\u00e9zked\u00e9sek alkalmaz\u00e1s\u00e1nak. A haldokl\u00f3 betegek \u00e9s elhunytak ell\u00e1t\u00e1sa sor\u00e1n k\u00fcl\u00f6nbs\u00e9get kell tenni a fert\u0151z\u0151 &#8211; k\u00fcl\u00f6n\u00f6sen a COVID-19-cel \u00e9rintett &#8211; \u00e9s a nem fert\u0151z\u0151 betegs\u00e9gben haldokl\u00f3 betegek k\u00f6z\u00f6tt.<\/p>\n<p>Az al\u00e1bbi tev\u00e9kenys\u00e9gek j\u00e1rv\u00e1ny\u00fcgyi helyzetre vonatkoz\u00f3 helyi szab\u00e1lyoz\u00e1s\u00e1nak m\u00f3dos\u00edt\u00e1sa mindk\u00e9t esetben aj\u00e1nlott:<\/p>\n<ul>\n<li>haldokl\u00f3 beteg elhelyez\u00e9se (pl. egy\u00e1gyas k\u00f3rterem, parav\u00e1nos elk\u00fcl\u00f6n\u00edt\u00e9s, kegyeleti szoba)<\/li>\n<li>haldokl\u00f3 betegek \u00e9s hozz\u00e1tartoz\u00f3ik b\u00facs\u00fav\u00e9teli lehet\u0151s\u00e9gei (szem\u00e9lyes, telefonos, online, a beteg fert\u0151z\u00f6tts\u00e9g\u00e9t\u0151l, \u00e1llapot\u00e1t\u00f3l \u00e9s a rendelkez\u00e9sre \u00e1ll\u00f3 technikai eszk\u00f6zt\u0151l f\u00fcgg\u0151en)<\/li>\n<li>egyh\u00e1zi szem\u00e9lyek k\u00f6zrem\u0171k\u00f6d\u00e9se (k\u00f3rh\u00e1zi szem\u00e9lyzet tagja, vagy k\u00fcls\u0151, a beteghez k\u00f6zel \u00e1ll\u00f3 szem\u00e9ly)<\/li>\n<li>hozz\u00e1tartoz\u00f3k, egyh\u00e1zi szem\u00e9lyek eg\u00e9szs\u00e9g\u00fcgyi int\u00e9zm\u00e9nybe t\u00f6rt\u00e9n\u0151 bel\u00e9p\u00e9s\u00e9nek szab\u00e1lyai, bel\u00e9p\u00e9s eset\u00e9n az ehhez sz\u00fcks\u00e9ges v\u00e9d\u0151eszk\u00f6z\u00f6k alkalmaz\u00e1sa, a l\u00e1togat\u00e1si id\u0151 \u00e9s -rendje<\/li>\n<li>haldokl\u00f3 betegekkel \u00e9s elhunytakkal kapcsolatos ell\u00e1t\u00f3i tev\u00e9kenys\u00e9gek (pl. holttest el\u0151k\u00e9sz\u00edt\u00e9se az ideiglenes t\u00e1rol\u00e1sra, halott \u00e9rt\u00e9kt\u00e1rgyainak kezel\u00e9se, holttest ideiglenes majd az int\u00e9zm\u00e9nyb\u0151l elsz\u00e1ll\u00edt\u00e1s\u00e1ig t\u00f6rt\u00e9n\u0151 t\u00e1rol\u00e1sa, k\u00f3rteremben v\u00e9gzend\u0151 higi\u00e9n\u00e9s tev\u00e9kenys\u00e9gek, k\u00f3rboncol\u00e1s, stb.)<\/li>\n<li>a hozz\u00e1tartoz\u00f3k \u00e9rtes\u00edt\u00e9se, t\u00e1j\u00e9koztat\u00e1sa (p\u00e9ld\u00e1ul a haldokl\u00e1s, illetve az elhal\u00e1loz\u00e1s t\u00e9ny\u00e9r\u0151l, teend\u0151ikr\u0151l, az elhunytak szem\u00e9lyes t\u00e1rgyainak \u00e1tv\u00e9teli lehet\u0151s\u00e9g\u00e9r\u0151l, stb.)<\/li>\n<\/ul>\n<p><em><strong>Alkosd meg specifikusan a COVID-19 fert\u0151z\u00e9sben elhunytak ell\u00e1t\u00e1si folyamat\u00e1t!<\/strong> <\/em><\/p>\n<p>A Nemzeti N\u00e9peg\u00e9szs\u00e9g\u00fcgyi K\u00f6zpont \u00e1ltal kiadott, az al\u00e1bbi linken el\u00e9rhet\u0151 elj\u00e1r\u00e1srendet (tov\u00e1bbiakban: NNK elj\u00e1r\u00e1srend) alapul v\u00e9ve sz\u00fcks\u00e9ges szab\u00e1lyozni az int\u00e9zm\u00e9nyi folyamatokat:<\/p>\n<p><a href=\"https:\/\/www.nnk.gov.hu\/attachments\/article\/590\/Elj%C3%A1r%C3%A1srend%20%20a%20COVID-19%20megbeteged%C3%A9sben%20elhunytak%20temet%C3%A9s%C3%A9nek%20k%C3%BCl%C3%B6n%C3%B6s%20szab%C3%A1lyair%C3%B3l.pdf\">https:\/\/www.nnk.gov.hu\/attachments\/article\/590\/Elj\u00e1r\u00e1srend%20%20a%20COVID-19%20megbeteged\u00e9sben%20elhunytak%20temet\u00e9s\u00e9nek%20k\u00fcl\u00f6n\u00f6s%20szab\u00e1lyair\u00f3l.pdf<\/a>.<\/p>\n<p>Az NNK elj\u00e1r\u00e1srend helyi adapt\u00e1ci\u00f3j\u00e1ba be kell vonni a folyamatban \u00e9rintett vezet\u0151 koll\u00e9g\u00e1kat \u00e9s infekci\u00f3kontroll szakembereket, hiszen j\u00f3l ismerik a kor\u00e1bbi folyamatokat, illetve a megval\u00f3s\u00edt\u00e1s ter\u00e9n is \u00e9rintettek. A hal\u00e1lt k\u00f6vet\u0151 v\u00e9gs\u0151 b\u00facs\u00fav\u00e9tel eset\u00e9n az NNK elj\u00e1r\u00e1srend meghat\u00e1rozza, hogy ismertetni kell a fert\u0151z\u00e9s megel\u0151z\u00e9s\u00e9hez sz\u00fcks\u00e9ges higi\u00e9n\u00e9s tev\u00e9kenys\u00e9geket. Ehhez t\u00f6bb k\u00e9rd\u00e9sk\u00f6rt \u00e9rdemes k\u00f6r\u00fcl j\u00e1rni, \u00e9s d\u00f6nt\u00e9st kell hozni a kivitelez\u00e9sre vonatkoz\u00f3an. Meghat\u00e1rozand\u00f3 p\u00e9ld\u00e1ul, hogy ki fogja ismertetni a legf\u0151bb higi\u00e9n\u00e9s szab\u00e1lyokat a hozz\u00e1tartoz\u00f3kkal, hol kell t\u00e1rolni az ehhez sz\u00fcks\u00e9ges v\u00e9d\u0151eszk\u00f6z\u00f6ket, k\u00e9zfert\u0151tlen\u00edt\u0151 szert. Gondoskodni kell a helysz\u00ednen a hozz\u00e1tartoz\u00f3k sz\u00e1m\u00e1ra fenntartott v\u00e9d\u0151eszk\u00f6z\u00f6k t\u00e1rol\u00e1s\u00e1ra alkalmas helyis\u00e9gr\u0151l, esetleg z\u00e1rhat\u00f3 szekr\u00e9nyr\u0151l, hullad\u00e9kgy\u0171jt\u0151r\u0151l, illetve a k\u00e9zhigi\u00e9n\u00e9s tev\u00e9kenys\u00e9g v\u00e9gz\u00e9s\u00e9hez elengedhetetlen eszk\u00f6z\u00f6kr\u0151l &#8211; k\u00e9zmos\u00e1s eset\u00e9n csaptelep, fert\u0151tlen\u00edt\u0151 hat\u00e1s\u00fa foly\u00e9kony szappan, pap\u00edrt\u00f6r\u00f6lk\u00f6z\u0151, alkoholos k\u00e9zfert\u0151tlen\u00edt\u00e9s eset\u00e9n k\u00e9zfert\u0151tlen\u00edt\u0151 adagol\u00f3 &#8211; a helyes kivitelez\u00e9st t\u00e1mogat\u00f3 plak\u00e1tokr\u00f3l, inform\u00e1ci\u00f3s anyagr\u00f3l. Meg kell hat\u00e1rozni, hogy adott m\u0171szak alatt mikor biztos\u00edthat\u00f3 v\u00e9gs\u0151 b\u00facs\u00fa a hozz\u00e1tartoz\u00f3knak, ennek sor\u00e1n a hum\u00e1n er\u0151forr\u00e1s sz\u00fcks\u00e9gletr\u0151l sem szabad megfeledkezni (\u00fagy, hogy ez az esetleges megn\u00f6vekedett hal\u00e1loz\u00e1sok eset\u00e9n is menedzselhet\u0151 lehessen). Az NNK elj\u00e1r\u00e1srend a holttesttel t\u00f6rt\u00e9n\u0151 tev\u00e9kenys\u00e9geket is szab\u00e1lyozza a fert\u0151z\u00e9s tov\u00e1bb terjed\u00e9s\u00e9nek megakad\u00e1lyoz\u00e1sa c\u00e9lj\u00e1b\u00f3l. Annak \u00e9rdek\u00e9ben, hogy azok az eg\u00e9szs\u00e9g\u00fcgyi dolgoz\u00f3k, akik a holttestet el\u0151k\u00e9sz\u00edtik a patol\u00f3gi\u00e1ra t\u00f6rt\u00e9n\u0151 sz\u00e1ll\u00edt\u00e1sra min\u00e9l ink\u00e1bb cs\u00f6kkenteni tudj\u00e1k a holttesttel egy l\u00e9gt\u00e9rben t\u00f6lt\u00f6tt id\u0151t, illetve a helyis\u00e9gb\u0151l t\u00f6rt\u00e9n\u0151 ki-be j\u00e1r\u00e1st, c\u00e9lszer\u0171 ellen\u0151rz\u0151 list\u00e1t k\u00e9sz\u00edteni a holttest ell\u00e1t\u00e1s\u00e1hoz sz\u00fcks\u00e9ges eszk\u00f6z\u00f6kr\u0151l, anyagokr\u00f3l. Az ellen\u0151rz\u0151 lista tartalmazza pl. a v\u00e9d\u0151eszk\u00f6z\u00f6ket, a holttest dekontamin\u00e1l\u00e1s\u00e1hoz sz\u00fcks\u00e9ges szereket \u00e9s eszk\u00f6z\u00f6ket, a hullad\u00e9kgy\u0171jt\u00e9shez, a sz\u00fcks\u00e9ges dokument\u00e1ci\u00f3hoz valamint a sz\u00e1ll\u00edt\u00e1shoz kapcsol\u00f3d\u00f3 eszk\u00f6z\u00f6ket. Az ut\u00f3bbi eset\u00e9ben p\u00e9ld\u00e1ul &#8211; a Patol\u00f3giai Tagozat aj\u00e1nl\u00e1sa alapj\u00e1n &#8211; gondoskodni kell arr\u00f3l, hogy az oszt\u00e1lyr\u00f3l t\u00f6rt\u00e9n\u0151 sz\u00e1ll\u00edt\u00e1s dupla exit zs\u00e1kban t\u00f6rt\u00e9njen a k\u00fcls\u0151 r\u00e9teg fert\u0151tlen\u00edt\u00e9s\u00e9t \u00e9s jel\u00f6l\u00e9s\u00e9t k\u00f6vet\u0151en. Meg kell hat\u00e1rozni a holttesttel kapcsolatos teend\u0151k szerepl\u0151it \u00e9s feladatk\u00f6reiket, k\u00f6zt\u00fck azt is, hogy a sz\u00e1ll\u00edt\u00e1sban r\u00e9sztvev\u0151k hova l\u00e9phetnek be \u00e9s milyen sz\u00e1ll\u00edt\u00f3eszk\u00f6zzel, illetve milyen v\u00e9d\u0151felszerel\u00e9s haszn\u00e1lat\u00e1val. Szab\u00e1lyozni sz\u00fcks\u00e9ges a holttest k\u00f6rnyezet\u00e9nek rendbet\u00e9tel\u00e9t, a felhaszn\u00e1lt medikai eszk\u00f6z\u00f6k fert\u0151tlen\u00edt\u00e9s\u00e9t, illetve a fert\u0151tlen\u00edt\u0151 takar\u00edt\u00e1s rendj\u00e9t is.<\/p>\n<p><em><strong>Vedd sz\u00e1m\u00edt\u00e1sba a t\u00e1rol\u00e1si kapacit\u00e1sokat az elhunytak ell\u00e1t\u00e1s\u00e1nak int\u00e9zm\u00e9nyi rendj\u00e9t illet\u0151en, \u00e9s k\u00e9sz\u00edts tervet a kapacit\u00e1s kimer\u00fcl\u00e9s\u00e9nek eset\u00e9re!<\/strong> <\/em><\/p>\n<p>A j\u00e1rv\u00e1ny\u00fcgyi esem\u00e9nyek hat\u00e1s\u00e1ra sajnos sz\u00e1molni kell azzal, hogy egy-egy hull\u00e1m tet\u0151z\u00e9sekor az egy id\u0151ben elhunytak megn\u00f6vekedett sz\u00e1ma plusz terhet r\u00f3hat az ell\u00e1t\u00e1sra. Ez\u00e9rt sz\u00e1m\u00edt\u00e1sba kell venni az egyszerre t\u00e1rolhat\u00f3 holttestek sz\u00e1m\u00e1t az erre vonatkoz\u00f3 j\u00e1rv\u00e1ny\u00fcgyi szab\u00e1lyok figyelembev\u00e9tel\u00e9vel. Sz\u00e1molni kell a kieg\u00e9sz\u00edt\u0151 felszerel\u00e9sek megl\u00e9t\u00e9vel (p\u00e9ld\u00e1ul a holttestek mozgat\u00e1s\u00e1t seg\u00edt\u0151 eszk\u00f6z\u00f6kkel), a feladat elv\u00e9gz\u00e9s\u00e9hez sz\u00fcks\u00e9ges hum\u00e1n er\u0151forr\u00e1s ig\u00e9nnyel \u00e9s a sz\u00e1mukra biztos\u00edtand\u00f3 v\u00e9d\u0151eszk\u00f6z\u00f6kkel (betegsz\u00e1ll\u00edt\u00f3k, patol\u00f3gia szem\u00e9lyzete). A temetkez\u00e9si szolg\u00e1ltat\u00f3kkal val\u00f3 kapcsolatfelv\u00e9tel \u00e9s egyeztet\u00e9s seg\u00edts\u00e9get ny\u00fajt a holttestek mihamarabbi elsz\u00e1ll\u00edt\u00e1s\u00e1ban. \u201cV\u00e9szforgat\u00f3k\u00f6nyv\u201d kialak\u00edt\u00e1sa aj\u00e1nlott arra az esetre, ha a kapacit\u00e1sok m\u00e9g \u00edgy sem elegend\u0151ek. Sz\u00e1mbavehet\u0151k az ideiglenes t\u00e1rol\u00e1si lehet\u0151s\u00e9gek, kialak\u00edthat\u00f3 a kapacit\u00e1sok tel\u00edt\u0151d\u00e9s\u00e9nek monitoroz\u00e1si rendje a felel\u0151s\u00f6k meghat\u00e1roz\u00e1s\u00e1val. A folyamatban \u00e9rintett koll\u00e9g\u00e1kat t\u00e1j\u00e9koztatni kell minden kapcsol\u00f3d\u00f3 v\u00e1ltoz\u00e1sr\u00f3l \u00e9s a m\u0171szakonk\u00e9nti felel\u0151s\u00f6kr\u0151l.\u00a0<\/p>\n<p><em><strong>Szervezz oktat\u00e1st a dolgoz\u00f3knak a haldokl\u00f3k \u00e9s elhunytak ell\u00e1t\u00e1s\u00e1ra vonatkoz\u00f3 specifikus szab\u00e1lyokr\u00f3l!<\/strong> <\/em><\/p>\n<p>Amint az egyes pontok szab\u00e1lyoz\u00e1sa kialak\u00edt\u00e1sra \u00e9s elfogad\u00e1sra ker\u00fclt, a folyamatban \u00e9rintett koll\u00e9g\u00e1k sz\u00e1m\u00e1ra oktat\u00e1st kell tartani, ahol megismerik a COVID-19 j\u00e1rv\u00e1ny\u00fcgyi helyzetb\u0151l fakad\u00f3, a haldokl\u00f3k \u00e9s elhunytak ell\u00e1t\u00e1s\u00e1t \u00e9rint\u0151, elt\u00e9r\u0151 folyamatokat, feladatokat. A fent tal\u00e1lhat\u00f3 h\u00e1rom aj\u00e1nl\u00e1si pont seg\u00edts\u00e9g\u00fcl szolg\u00e1l ahhoz, hogy ne maradjon ki egy ter\u00fclet sem az oktatand\u00f3 t\u00e9m\u00e1k k\u00f6z\u00fcl. Az elk\u00e9sz\u00fclt szab\u00e1lyoz\u00f3 dokumentumokat, seg\u00e9dleteket \u00e9s oktat\u00e1si anyagokat \u00fagy kell elhelyezni, hogy azok sz\u00fcks\u00e9g eset\u00e9n k\u00f6nnyen el\u00e9rhet\u0151k legyenek a koll\u00e9g\u00e1k sz\u00e1m\u00e1ra.<\/p>\n<p><em><strong>K\u00e9sz\u00edts t\u00e1j\u00e9koztat\u00f3t a hozz\u00e1tartoz\u00f3k r\u00e9sz\u00e9re a haldokl\u00f3k \u00e9s halottak ell\u00e1t\u00e1s\u00e1val kapcsolatos, \u0151ket \u00e9rint\u0151 inform\u00e1ci\u00f3kr\u00f3l!<\/strong> <\/em><\/p>\n<p>A hozz\u00e1tartoz\u00f3k sz\u00e1m\u00e1ra legfontosabb inform\u00e1ci\u00f3k \u00f6sszegy\u0171jt\u00e9se seg\u00edtheti a t\u00e1j\u00e9koztat\u00e1si folyamatot. Ezek az int\u00e9zet honlapj\u00e1n vagy egy\u00e9b k\u00f6z\u00f6ss\u00e9gi m\u00e9dia fel\u00fcleten mind a fert\u0151z\u0151, mind a nem fert\u0151z\u0151 elhunytakra vonatkoz\u00f3an k\u00f6nnyen el\u00e9rhet\u0151v\u00e9 tehet\u0151k. A konzisztens t\u00e1j\u00e9koztat\u00e1s \u00e9rdek\u00e9ben az \u00e9rintett koll\u00e9g\u00e1k &#8211; k\u00f6zponti inform\u00e1ci\u00f3s telefonsz\u00e1mra \u00e9rkez\u0151 h\u00edv\u00e1sok fogad\u00e1s\u00e1ban \u00e9rintett koll\u00e9g\u00e1k, oszt\u00e1lyos orvosok, n\u0151v\u00e9rek &#8211; sz\u00e1m\u00e1ra is el kell juttatni az \u00f6ssze\u00e1ll\u00edtott t\u00e1j\u00e9koztat\u00f3 anyagokat. Felhaszn\u00e1l\u00e1sukkal egys\u00e9ges inform\u00e1ci\u00f3t tudunk ny\u00fajtani az int\u00e9zeti folyamatr\u00f3l. A lakoss\u00e1gi t\u00e1j\u00e9koztat\u00e1s rendj\u00e9nek \u00e1tgondol\u00e1s\u00e1val, kialak\u00edt\u00e1s\u00e1val, specializ\u00e1l\u00e1s\u00e1val a t\u00e1j\u00e9koztat\u00e1si feladatok egy r\u00e9sze \u00e1ttev\u0151dik az \u00e1ltal\u00e1nos inform\u00e1ci\u00f3s csatorn\u00e1kra, \u00e9s ezzel cs\u00f6kkenthet\u0151 a betegell\u00e1t\u00f3 oszt\u00e1lyok munkat\u00e1rsainak terhelts\u00e9ge. Ehhez tov\u00e1bbi seg\u00edts\u00e9get ny\u00fajt kor\u00e1bbi, <a href=\"https:\/\/semmelweis.hu\/emk\/covid-19-menedzsment-ajanlasaink\/intezeten-kivuli-lakossagot-erinto-kommunikacio-kialakitasa\/\">Int\u00e9zeten k\u00edv\u00fcli \u2013 lakoss\u00e1got \u00e9rint\u0151 \u2013 kommunik\u00e1ci\u00f3 kialak\u00edt\u00e1sa<\/a> c. aj\u00e1nl\u00e1sunk.<\/p>\n<p><a href=\"https:\/\/semmelweis.hu\/emk\/files\/2020\/05\/k\u00f3rh\u00e1z_covid16.pdf\">Teljes anyag ellen\u0151rz\u0151 list\u00e1val<\/a><\/p>\n<p><a href=\"https:\/\/semmelweis.hu\/emk\/files\/2020\/05\/covid-sablon-16\u00faj2.pdf\">R\u00f6vid le\u00edr\u00e1s<\/a><\/p>\n<p><a href=\"https:\/\/www.youtube.com\/watch?v=6_1Nu5o54jY&amp;feature=youtu.be\">Vide\u00f3<\/a><\/p>\n<p><strong>Felhaszn\u00e1lt forr\u00e1sok:<\/strong><\/p>\n<p>Elj\u00e1r\u00e1srend a COVID-19 megbeteged\u00e9sben elhunytak temet\u00e9s\u00e9nek k\u00fcl\u00f6n\u00f6s szab\u00e1lyair\u00f3l <a href=\"https:\/\/www.nnk.gov.hu\/attachments\/article\/590\/Elj%C3%A1r%C3%A1srend%20%20a%20COVID-19%20megbeteged%C3%A9sben%20elhunytak%20temet%C3%A9s%C3%A9nek%20k%C3%BCl%C3%B6n%C3%B6s%20szab%C3%A1lyair%C3%B3l.pdf\">https:\/\/www.nnk.gov.hu\/attachments\/article\/590\/Elj\u00e1r\u00e1srend%20%20a%20COVID-19%20megbeteged\u00e9sben%20elhunytak%20temet\u00e9s\u00e9nek%20k\u00fcl\u00f6n\u00f6s%20szab\u00e1lyair\u00f3l.pdf<\/a><\/p>\n<p>EMMI Eg\u00e9szs\u00e9g\u00fcgyi Szakmai Koll\u00e9gium Tagozatainak aj\u00e1nl\u00e1sa a COVID-19 ell\u00e1t\u00e1srenddel kapcsolatban <a href=\"https:\/\/www.aeek.hu\/-\/emmi-egeszsegugyi-szakmai-kollegium-tagozatainak-eljarasrendje\">https:\/\/www.aeek.hu\/-\/emmi-egeszsegugyi-szakmai-kollegium-tagozatainak-eljarasrendje<\/a><\/p>\n<p>Dr. P\u00e1pai Tibor PhD COVID-19 fert\u0151z\u00e9sben elhunyt ell\u00e1t\u00e1s\u00e1nak \u00e1pol\u00e1si specialit\u00e1sai <a href=\"https:\/\/tankorterem.wordpress.com\/2020\/04\/07\/covid-19-fertozesben-elhunyt-ellatasanak-apolasi-specialitasai\/\">https:\/\/tankorterem.wordpress.com\/2020\/04\/07\/covid-19-fertozesben-elhunyt-ellatasanak-apolasi-specialitasai\/<\/a><\/p>\n","protected":false},"excerpt":{"rendered":"<p>Haldokl\u00f3 betegek \u00e9s elhunytak ell\u00e1t\u00e1sa <a href=\"https:\/\/semmelweis.hu\/emk\/files\/2020\/05\/k\u00f3rh\u00e1z_covid16.pdf\"><\/a> Haldokl\u00f3k ell\u00e1t\u00e1sa \u00e9s az elhunytakkal kapcsolatos teend\u0151k a COVID-19 j\u00e1rv\u00e1ny idej\u00e9n Az eg\u00e9szs\u00e9g\u00fcgyi szolg\u00e1ltat\u00f3k feladatai k\u00f6z\u00e9 tartozik nem csak a gy\u00f3gy\u00edt\u00e1s, hanem a haldokl\u00f3 betegek \u00e9s elhunytak ell\u00e1t\u00e1sa is.\u00a0 Sz\u00e1mos nehez\u00edt\u0151 t\u00e9nyez\u0151 mer\u00fclhet fel az empatikus \u00e9s az emberi m\u00e9lt\u00f3s\u00e1got figyelembe vev\u0151 \u00e9letv\u00e9gi ell\u00e1t\u00e1s, illetve az elhunytak ell\u00e1t\u00e1si folyamat\u00e1nak gyakorlat\u00e1ban &hellip;<\/p>\n","protected":false},"author":101539,"featured_media":0,"parent":16078,"menu_order":15,"comment_status":"closed","ping_status":"closed","template":"","meta":{"_acf_changed":false,"footnotes":""},"categories":[],"tags":[],"class_list":["post-16693","page","type-page","status-publish","hentry"],"acf":[],"_links":{"self":[{"href":"https:\/\/semmelweis.hu\/emk\/wp-json\/wp\/v2\/pages\/16693","targetHints":{"allow":["GET"]}}],"collection":[{"href":"https:\/\/semmelweis.hu\/emk\/wp-json\/wp\/v2\/pages"}],"about":[{"href":"https:\/\/semmelweis.hu\/emk\/wp-json\/wp\/v2\/types\/page"}],"author":[{"embeddable":true,"href":"https:\/\/semmelweis.hu\/emk\/wp-json\/wp\/v2\/users\/101539"}],"replies":[{"embeddable":true,"href":"https:\/\/semmelweis.hu\/emk\/wp-json\/wp\/v2\/comments?post=16693"}],"version-history":[{"count":9,"href":"https:\/\/semmelweis.hu\/emk\/wp-json\/wp\/v2\/pages\/16693\/revisions"}],"predecessor-version":[{"id":16711,"href":"https:\/\/semmelweis.hu\/emk\/wp-json\/wp\/v2\/pages\/16693\/revisions\/16711"}],"up":[{"embeddable":true,"href":"https:\/\/semmelweis.hu\/emk\/wp-json\/wp\/v2\/pages\/16078"}],"wp:attachment":[{"href":"https:\/\/semmelweis.hu\/emk\/wp-json\/wp\/v2\/media?parent=16693"}],"wp:term":[{"taxonomy":"category","embeddable":true,"href":"https:\/\/semmelweis.hu\/emk\/wp-json\/wp\/v2\/categories?post=16693"},{"taxonomy":"post_tag","embeddable":true,"href":"https:\/\/semmelweis.hu\/emk\/wp-json\/wp\/v2\/tags?post=16693"}],"curies":[{"name":"wp","href":"https:\/\/api.w.org\/{rel}","templated":true}]}}