{"id":16638,"date":"2020-05-07T11:23:23","date_gmt":"2020-05-07T09:23:23","guid":{"rendered":"https:\/\/semmelweis.hu\/emk\/?page_id=16638"},"modified":"2020-05-07T12:14:59","modified_gmt":"2020-05-07T10:14:59","slug":"betegazonositas","status":"publish","type":"page","link":"https:\/\/semmelweis.hu\/emk\/kutatasi-tevekenysegunk\/minosegugy-es-betegbiztonsag\/covid-19-menedzsment-ajanlasaink\/betegazonositas\/","title":{"rendered":"Betegazonos\u00edt\u00e1s"},"content":{"rendered":"<p><strong>\u00c1talak\u00edtott betegutak <a href=\"https:\/\/semmelweis.hu\/emk\/files\/2020\/05\/k\u00f3rh\u00e1zi-covid17.pdf\"><img loading=\"lazy\" decoding=\"async\" class=\"alignnone wp-image-16148\" src=\"https:\/\/semmelweis.hu\/emk\/files\/2020\/04\/nyomtatni-ikon-2-01-1-355x400.png\" alt=\"\" width=\"60\" height=\"68\" \/><\/a><\/strong><\/p>\n<p><strong>Betegazonos\u00edt\u00e1s <\/strong><\/p>\n<p>A sajt\u00f3ban megjelen\u0151 cikkek, valamint a k\u00e9p- \u00e9s vide\u00f3 anyagok sokszor azt a k\u00e9pet mutatj\u00e1k, hogy a j\u00e1rv\u00e1ny \u00e1ltal legink\u00e1bb s\u00fajtott orsz\u00e1gokban, t\u00f6bb int\u00e9zm\u00e9nyben annyira megn\u0151tt a COVID-19 fert\u0151z\u00e9ssel \u00f6sszef\u00fcgg\u0151 s\u00fcrg\u0151s, k\u00f3rh\u00e1zi ell\u00e1t\u00e1st ig\u00e9nyl\u0151 esetek sz\u00e1ma, hogy k\u00e9nytelenek voltak a betegeket folyos\u00f3kon, v\u00e1r\u00f3termekben elhelyezni. Ilyen k\u00f6r\u00fclm\u00e9nyek k\u00f6z\u00f6tt neh\u00e9zz\u00e9 v\u00e1lhat a keresett beteg megtal\u00e1l\u00e1sa. Az int\u00e9zm\u00e9nyeknek ilyenkor is helyt kell \u00e1llniuk a t\u00falterhel\u00e9ssel szemben. A t\u00falterhel\u00e9ssel megn\u0151het a hib\u00e1z\u00e1si lehet\u0151s\u00e9g. A rengeteg beteg \u00e9s az \u00e1talak\u00edtott betegutak miatt az egyik legfontosabb k\u00e9rd\u00e9ss\u00e9 v\u00e1lik a betegazonos\u00edt\u00e1s.<\/p>\n<p>A t\u00falterhel\u00e9s okozta betegazonos\u00edt\u00e1si probl\u00e9m\u00e1k mell\u00e9 m\u00e9g egy sor, a mindennapos ell\u00e1t\u00e1sban eddig nem tapasztalt szitu\u00e1ci\u00f3val is szemben tal\u00e1lhatj\u00e1k magukat a dolgoz\u00f3k. Mindezek r\u00e1vil\u00e1g\u00edtanak arra, hogy jelen helyzetben fokozott figyelmet kell ford\u00edtani a betegek, valamint az ell\u00e1t\u00e1shoz kapcsol\u00f3d\u00f3 leletek, mint\u00e1k szakszer\u0171 azonos\u00edt\u00f3 rendszer\u00e9nek kialak\u00edt\u00e1s\u00e1ra, m\u00f3dos\u00edt\u00e1s\u00e1ra.\u00a0<\/p>\n<hr \/>\n<p><strong>Aj\u00e1nl\u00e1sok: <\/strong><\/p>\n<p><strong><em>Az int\u00e9zm\u00e9ny j\u00e1rv\u00e1ny\u00fcgyi \u00e1talak\u00edt\u00e1sa sor\u00e1n alak\u00edtsd ki \u00fagy az egys\u00e9geket, hogy minden betegelhelyez\u00e9sre alkalmas helynek legyen egys\u00e9ges, azonos\u00edt\u00e1sra haszn\u00e1lhat\u00f3 besorol\u00e1sa!<\/em><\/strong><\/p>\n<p>L\u00e1thattuk k\u00fclf\u00f6ldi felv\u00e9teleken, hogy a t\u00falterhelt k\u00f3rh\u00e1zakban a folyos\u00f3n, v\u00e1r\u00f3teremben is t\u00f6megesen fekszenek ell\u00e1t\u00e1sra szorul\u00f3 betegek. Hab\u00e1r Magyarorsz\u00e1gon sok \u00e1gy ker\u00fclt felszabad\u00edt\u00e1sra, t\u00f6bb ell\u00e1t\u00f3 helyis\u00e9gnek megv\u00e1ltozott a funkci\u00f3ja, jellege, melyek az \u00e1ltal\u00e1nos fekv\u00e9si rendet is megv\u00e1ltoztatj\u00e1k. \u00c9ppen ez\u00e9rt sz\u00e1mba kell venni a k\u00f3rh\u00e1zban az ell\u00e1t\u00e1sra befoghat\u00f3 \u00e9p\u00fcletsz\u00e1rnyakat, helyis\u00e9geket, minden olyan ter\u00fcletet, mely sz\u00f3ba j\u00f6het a betegek elhelyez\u00e9s\u00e9n\u00e9l, \u00e9s ezekhez egyedi, egys\u00e9ges rendszeren bel\u00fcl \u00e9rtelmezhet\u0151, azonos\u00edt\u00e1sra haszn\u00e1lhat\u00f3 jel\u00f6l\u00e9st kell rendelni. A t\u00e1gasabb (t\u00f6bb mint n\u00e9gy beteg elhelyez\u00e9s\u00e9re alkalmas) termekben, a folyos\u00f3kon, valamint v\u00e1r\u00f3termekben alak\u00edtsunk ki egyedi jel\u00f6l\u00e9seket, felfest\u00e9sek, vagy talajra helyezett &#8211; a takar\u00edt\u00e1si folyamatokat nem g\u00e1tl\u00f3 &#8211; ragaszt\u00f3szalagok form\u00e1j\u00e1ban, melyek seg\u00edtik a t\u00e1j\u00e9koz\u00f3d\u00e1st. Ezekkel a jel\u00f6l\u00e9sekkel m\u00e1r el\u0151re feloszthatunk minden lehets\u00e9ges ell\u00e1t\u00f3 helysz\u00ednt, \u00e9s az esetleges magasabb terhel\u00e9s\u0171 id\u0151szakok idej\u00e9n m\u00e1r j\u00f3l l\u00e1that\u00f3 rendszerek seg\u00edthetik a betegelhelyez\u00e9st \u00e9s azonos\u00edt\u00e1st. \u00cdgy k\u00f6nnyebben tudnak t\u00e1j\u00e9koz\u00f3dni a koll\u00e9g\u00e1k a betegek k\u00f6z\u00f6tt, \u00e9s elker\u00fclhet\u0151v\u00e9 v\u00e1lnak a beteg elhelyez\u00e9s\u00e9nek pontatlan meghat\u00e1roz\u00e1s\u00e1b\u00f3l ad\u00f3d\u00f3 betegcser\u00e9k. A betegelhelyez\u00e9sek, valamint a kivizsg\u00e1l\u00e1s folyamat\u00e1nak nyomon k\u00f6vet\u00e9s\u00e9t t\u00e1mogatja egy t\u00e1bla (whiteboard) haszn\u00e1lata, melyen minden beteg pontos, els\u0151dleges elhelyez\u00e9se, tov\u00e1bb\u00e1 az elrendelt vizsg\u00e1latok elv\u00e9gz\u00e9se, a k\u00f6vetkez\u0151\/tervezett munkafolyamatok jel\u00f6l\u00e9se felt\u00fcntethet\u0151. A t\u00e1bla haszn\u00e1lata amellett, hogy inform\u00e1ci\u00f3t ny\u00fajt arr\u00f3l, mely ell\u00e1t\u00f3ter\u00fcleten keress\u00e9k a beteget, el\u0151seg\u00edti az ell\u00e1t\u00e1s szervez\u00e9s\u00e9t, \u00e9s a folyamatok k\u00f6vet\u00e9s\u00e9t is.<\/p>\n<p><em><strong>A betegek jel\u00f6l\u00e9se legyen k\u00f6nnyen \u00e9rthet\u0151, a j\u00e1rv\u00e1nyhelyzetre specializ\u00e1lt!<\/strong> <\/em><\/p>\n<p>Egy olyan helyzetben, ahol megn\u00f6vekszik az int\u00e9zm\u00e9nyen bel\u00fcli ell\u00e1tand\u00f3 esetek sz\u00e1ma, megn\u00f6vekedhet a hibalehet\u0151s\u00e9gek sz\u00e1ma is. Minden beteget, aki felv\u00e9telre ker\u00fcl az int\u00e9zm\u00e9nybe, k\u00f6telez\u0151en jel\u00f6lni kell, megfelel\u0151 lehet erre a karszalagos m\u00f3dszer. L\u00e9nyeges tov\u00e1bb\u00e1, hogy megk\u00fcl\u00f6nb\u00f6ztethet\u0151k legyenek a fert\u0151z\u00e9s szempontj\u00e1b\u00f3l a nem gyan\u00fas, a gyan\u00fas, valamint az igazolt esetek. Erre a c\u00e9lra \u00e9rdemes olyan rendszert kialak\u00edtani, ami alapj\u00e1n a betegekkel kapcsolatba ker\u00fcl\u0151 ell\u00e1t\u00f3 szem\u00e9lyzet a karszalag alapj\u00e1n gyorsan, ak\u00e1r els\u0151 r\u00e1n\u00e9z\u00e9sre el tudja d\u00f6nteni, hogy a p\u00e1ciens melyik csoportba tartozik. A karszalagokon, vagy egy\u00e9b, betegazonos\u00edt\u00e1sra haszn\u00e1latos eszk\u00f6z\u00f6k\u00f6n min\u00e9l t\u00f6bb, de legal\u00e1bb h\u00e1rom, csak a betegre jellemz\u0151 adatot t\u00fcntessenek fel a dolgoz\u00f3k, r\u00f6gt\u00f6n a felv\u00e9tel folyam\u00e1n, \u2013 ak\u00e1r m\u00e1r az el\u0151sz\u0171r\u00e9si pont(ok)on \u2013 hiszen a j\u00e1rv\u00e1ny sor\u00e1n szinte b\u00e1rmikor, b\u00e1rmelyik beteg \u00e1llapota hirtelen megv\u00e1ltozhat oly m\u00f3don, hogy az azonos\u00edt\u00e1s lehetetlenn\u00e9 v\u00e1lik szem\u00e9lyes kommunik\u00e1ci\u00f3 \u00fatj\u00e1n. A karszalagokon jel\u00f6lt inform\u00e1ci\u00f3k legyenek j\u00f3l l\u00e1that\u00f3 helyen. A karszalagok \u00e1llapot\u00e1nak ellen\u0151rz\u00e9s\u00e9re fokozott figyelmet kell ford\u00edtani, legyen r\u00e9sze a bevezetett rendszernek. Ha valamilyen s\u00e9r\u00fcl\u00e9s \u00e9ri, r\u00f6vid id\u0151n bel\u00fcl biztos\u00edtsuk annak cser\u00e9j\u00e9t.\u00a0<\/p>\n<p><em><strong>Legyen kialak\u00edtott rendszere a mint\u00e1k, a leletek, \u00e9s a dokument\u00e1ci\u00f3k t\u00e1rol\u00e1s\u00e1nak, azonos\u00edt\u00e1s\u00e1nak!<\/strong> <\/em><\/p>\n<p>A jelen helyzet t\u00f6bb szempontb\u00f3l is extra kih\u00edv\u00e1sok el\u00e9 \u00e1ll\u00edtja a k\u00f3rh\u00e1zakat \u00e9s a dolgoz\u00f3kat. A j\u00e1rv\u00e1nnyal \u00f6sszef\u00fcgg\u00e9sbe hozhat\u00f3an a betegsz\u00e1m emelkedni fog, a j\u00e1rv\u00e1ny\u00fcgyi int\u00e9zked\u00e9sek miatt a k\u00f3rh\u00e1zi dolgoz\u00f3k szabad kapacit\u00e1sa cs\u00f6kken, valamint v\u00e1rhat\u00f3an a t\u00f6meges tesztel\u00e9ssel \u00e9s a szoros betegk\u00f6vet\u00e9ssel a mint\u00e1k sz\u00e1ma is drasztikusan megemelkedik. Mindezek figyelembev\u00e9tel\u00e9vel az int\u00e9zm\u00e9nyeknek \u00e9rdemes \u00e1talak\u00edtani a betegek saj\u00e1t eredm\u00e9nyeit, mint\u00e1it tartalmaz\u00f3 azonos\u00edt\u00e1si rendszer\u00e9t, hogy az a j\u00e1rv\u00e1nyra specifikus kih\u00edv\u00e1soknak is megfeleljen. Legyen gyorsan \u00e9s k\u00f6nnyen haszn\u00e1lhat\u00f3, illetve a megn\u00f6vekedett terhel\u00e9s mellett se keveredjenek a k\u00fcl\u00f6nb\u00f6z\u0151 dokument\u00e1ci\u00f3k, mint\u00e1k. \u00cdgy elker\u00fclhet\u0151v\u00e9 v\u00e1lnak a cser\u00e9kkel \u00f6sszef\u00fcgg\u0151 nem v\u00e1rt esem\u00e9nyek. Gondoskodni kell arr\u00f3l, hogy minden ell\u00e1t\u00f3 pontosan ismerje az \u00faj rend szerinti azonos\u00edt\u00e1st \u00e9s az \u00fajonnan \u00e1tcsoportos\u00edtott koll\u00e9g\u00e1k betan\u00edt\u00e1sa is megt\u00f6rt\u00e9njen.<\/p>\n<p><em><strong>Legyen k\u00fcl\u00f6n rendszere a fert\u0151z\u00f6tt, valamint a tiszta helyekr\u0151l \u00e9rkez\u0151 dokument\u00e1ci\u00f3k kezel\u00e9s\u00e9nek, t\u00e1rol\u00e1s\u00e1nak!<\/strong> <\/em><\/p>\n<p>A fert\u0151z\u00f6tt ter\u00fcletekr\u0151l nem vihet\u0151k ki a pap\u00edr alap\u00fa dokument\u00e1ci\u00f3k tiszta ter\u00fcletekre. Mind a v\u00f6r\u00f6s, mind a tiszta z\u00f3n\u00e1ban keletkez\u0151 dokument\u00e1ci\u00f3 tartalmazza azokat a l\u00e9nyeges inform\u00e1ci\u00f3kat, melyek alapj\u00e1n mindk\u00e9t munkater\u00fcleten meghozhat\u00f3k a ter\u00e1pi\u00e1s, illetve \u00e1pol\u00e1ssal kapcsolatos d\u00f6nt\u00e9sek. A j\u00e1rv\u00e1ny\u00fcgyi helyzetben a dokument\u00e1ci\u00f3k nyomon-k\u00f6vethet\u0151s\u00e9ge l\u00e9tfontoss\u00e1g\u00fa. A megv\u00e1ltozott k\u00f6r\u00fclm\u00e9nyek miatti rendszer m\u00f3dos\u00edt\u00e1sok kidolgoz\u00e1sa sor\u00e1n szem el\u0151tt kell tartanunk a betegbiztons\u00e1gi aspektusokat, \u00edgy a dokument\u00e1ci\u00f3k biztons\u00e1gos kezel\u00e9s\u00e9t is. Fel kell k\u00e9sz\u00fclni a v\u00f6r\u00f6s z\u00f3n\u00e1kban keletkez\u0151 dokument\u00e1ci\u00f3 sz\u00e1ll\u00edt\u00e1s\u00e1ra, hossz\u00fat\u00e1v\u00fa t\u00e1rol\u00e1s\u00e1ra, \u00e9s kezel\u00e9s\u00e9re egyar\u00e1nt, hiszen hosszabb t\u00e1von is potenci\u00e1lis fert\u0151z\u0151forr\u00e1s marad, \u00e9s nem lehet a tiszta dokument\u00e1ci\u00f3kkal egy\u00fctt kezelni.<\/p>\n<p><em><strong>Vedd figyelembe, hogy a v\u00e9d\u0151\u00f6lt\u00f6zetek nehez\u00edt\u0151 k\u00f6r\u00fclm\u00e9nyk\u00e9nt jelenhetnek meg a pozit\u00edv betegazonos\u00edt\u00e1s folyam\u00e1n!<\/strong> <\/em><\/p>\n<p>A pozit\u00edv betegazonos\u00edt\u00e1st egyre gyakrabban alkalmazz\u00e1k a mindennapi k\u00f3rh\u00e1zi gyakorlatban. Ennek folyam\u00e1n a feltett, azonos\u00edt\u00e1st c\u00e9lz\u00f3 k\u00e9rd\u00e9seket a beteg maga v\u00e1laszolja meg, mondva a k\u00e9rt adatait, \u00e9s ezzel egy m\u00e1sodik ellen\u0151rz\u00e9si lehet\u0151s\u00e9get biztos\u00edt az ell\u00e1t\u00f3nak. A j\u00e1rv\u00e1nyhelyzetben sok esetben nehez\u00edtett a pozit\u00edv betegazonos\u00edt\u00e1s rendszere. A p\u00e1ciensek \u00e9s az ell\u00e1t\u00f3 szem\u00e9lyzet is v\u00e9d\u0151felszerel\u00e9st visel. A maszk nagym\u00e9rt\u00e9kben torz\u00edthatja a hangot, a teljes testes v\u00e9d\u0151 ruh\u00e1zat pedig a hall\u00e1st nehez\u00edti. H\u00e9tk\u00f6znapi helyzetekben &#8211; t\u00f6bbsz\u00f6ri tal\u00e1lkoz\u00e1s eset\u00e9n &#8211; a betegek azonos\u00edt\u00e1s\u00e1t t\u00e1mogatja az arcr\u00f3l val\u00f3 felismer\u00e9s, melyet most szint\u00e9n akad\u00e1lyoz a maszk visel\u00e9se. Fel kell h\u00edvni minden \u00e9rintett koll\u00e9ga figyelm\u00e9t \u2013 azok\u00e9t is, akik a betegek ell\u00e1t\u00e1s\u00e1ban, mobiliz\u00e1l\u00e1s\u00e1ban r\u00e9szt vesznek (k\u00e9pi diagnosztikai ter\u00fcleten dolgoz\u00f3k, beteghord\u00f3k is) -, hogy a fentiek miatt a betegazonos\u00edt\u00e1sn\u00e1l a megszokottn\u00e1l m\u00e9g nagyobb m\u00e9rt\u00e9k\u0171 gondoss\u00e1ggal j\u00e1rjanak el.<\/p>\n<p><em><strong>A betegek \u00e9rt\u00e9keinek, csomagjainak jel\u00f6l\u00e9s\u00e9r\u0151l se feledkezz meg!<\/strong> <\/em><\/p>\n<p>A zavart, b\u00e1rmely okb\u00f3l nem besz\u00e1m\u00edthat\u00f3nak min\u0151s\u00fcl\u0151, vagy eszm\u00e9letlen betegek eset\u00e9ben sz\u00fcks\u00e9ges lesz az \u00e9rt\u00e9kek, csomagok jel\u00f6l\u00e9se, lelt\u00e1r k\u00e9sz\u00edt\u00e9se. A jel\u00f6l\u00e9sekre t\u00f6bbf\u00e9le megold\u00e1s j\u00f6het sz\u00f3ba. Tal\u00e1n a legk\u00e9zenfekv\u0151bb, ha etikett matric\u00e1t ragasztunk a nagyobb csomagokra (t\u00e1sk\u00e1kra), a zs\u00e1kra, melybe a ruh\u00e1zat ker\u00fcl, illetve a bor\u00edt\u00e9kra, zacsk\u00f3ra, zs\u00e1kra, amelybe az \u00e9rt\u00e9kek, iratok ker\u00fclnek. A csomagokon ugyan\u00fagy fel kell t\u00fcntetni a beteg azonos\u00edt\u00e1s\u00e1ra szolg\u00e1l\u00f3, legal\u00e1bb h\u00e1rom szem\u00e9lyes adatot, mint az azonos\u00edt\u00f3 karszalagok eset\u00e9n, hiszen ez biztos\u00edtja a pontos azonos\u00edt\u00e1st. A fert\u0151z\u00f6tt vagy potenci\u00e1lisan fert\u0151z\u00f6tt ter\u00fcleten maradt csomagok, \u00e9rt\u00e9kek elhelyez\u00e9s\u00e9t is \u00e1t kell gondolni. Figyelembe kell venni, hogy az egyes fel\u00fcleteken (pl. pap\u00edr, ruh\u00e1zat, m\u0171anyag, b\u0151r, stb.) mennyi ideig \u00e9letk\u00e9pes a v\u00edrus, azok mikor adhat\u00f3k ki a betegnek, vagy a hozz\u00e1tartoz\u00f3nak. Ezek t\u00e1rol\u00e1s\u00e1t \u00fagy kell kialak\u00edtani, hogy ne szennyezz\u00fck ism\u00e9t a fel\u00fcleteket. Az eml\u00edtett t\u00e1rgyak fert\u0151z\u0151k\u00e9pess\u00e9g\u00e9nek nyomonk\u00f6vet\u00e9se miatt c\u00e9lszer\u0171 r\u00e1\u00edrni azokra a lelt\u00e1rba v\u00e9tel pontos d\u00e1tum\u00e1t is. Egy \u00e1tfog\u00f3, minden csomagra kiterjed\u0151 lelt\u00e1r k\u00e9sz\u00edt\u00e9se sokat seg\u00edt a csomagok nyomonk\u00f6vet\u00e9s\u00e9ben, azonos\u00edt\u00e1s\u00e1ban. Az \u00e9rt\u00e9klelt\u00e1r k\u00e9sz\u00edt\u00e9s\u00e9nek folyamat\u00e1t is \u00e1t kell gondolni, hiszen a potenci\u00e1lisan fert\u0151z\u00f6tt \u00e9s a fert\u0151z\u00f6tt ter\u00fcletekr\u0151l a kor\u00e1bban haszn\u00e1lt, pap\u00edr alap\u00fa lelt\u00e1r sem ker\u00fclhet ki \u2013 csak\u00fagy, mint b\u00e1rmely m\u00e1s dokument\u00e1ci\u00f3. Erre jelenthet megold\u00e1st egy elektronikus lelt\u00e1rrendszer bevezet\u00e9se, amennyiben a p\u00e9nz\u00fcgyi \u00e9s az informatikai t\u00e1mogat\u00e1s megoldott\/megoldhat\u00f3. M\u00e1sik lehet\u0151s\u00e9g, ha mind a szennyezett, mind a tiszta ter\u00fcleten k\u00e9sz\u00fcl \u00e9rt\u00e9klelt\u00e1r (a foly\u00f3sokon, zsilip-ter\u00fcleteken t\u00f6rt\u00e9nik az \u00e1t\u00edr\u00e1s). Ebben az esetben sz\u00e1molni kell a megn\u00f6vekedett id\u0151ig\u00e9nnyel, amivel a beteg, \u00e9s \u00e9rt\u00e9keinek \u00e1tad\u00e1sa j\u00e1rhat.<\/p>\n<p><em><strong>Oktasd a dolgoz\u00f3knak a j\u00e1rv\u00e1ny\u00fcgyi helyzetben \u00e1tdolgozott betegazonos\u00edt\u00e1si rendszert, gy\u0151z\u0151dj meg arr\u00f3l, hogy a bevezetett betegazonos\u00edt\u00e1si szab\u00e1lyzatokat mindenki elsaj\u00e1t\u00edtotta!<\/strong> <\/em><\/p>\n<p>A r\u00e9szletezett, betegazonos\u00edt\u00e1st seg\u00edt\u0151, \u00fajonnan bevezetett int\u00e9zked\u00e9sek elsaj\u00e1t\u00edt\u00e1sa elengedhetetlen a biztons\u00e1gos ell\u00e1t\u00e1shoz. A megv\u00e1ltozott betegazonos\u00edt\u00f3 rendszerek (\u00e9p\u00fcletek beoszt\u00e1sa, karszalagos rendszer, dokument\u00e1ci\u00f3k kezel\u00e9s\u00e9nek v\u00e1ltoz\u00e1sai) fel\u00e9p\u00edt\u00e9s\u00e9vel kapcsolatos tudnival\u00f3kr\u00f3l a dolgoz\u00f3kat folyamatosan oktatni kell.\u00a0<\/p>\n<p>Az oktat\u00e1s keretein bel\u00fcl mindenk\u00e9pp \u00e9rinteni kell a v\u00e9d\u0151\u00f6lt\u00f6zetek miatti azonos\u00edt\u00e1si neh\u00e9zs\u00e9geket, illetve a j\u00e1rv\u00e1ny\u00fcgyi helyzet miatt k\u00f6r\u00fclm\u00e9nyesebb\u00e9 v\u00e1l\u00f3 csomagkezel\u00e9si szab\u00e1lyokat is. Jelen helyzetben sokszor nagy a rot\u00e1l\u00f3d\u00e1s az int\u00e9zm\u00e9nyekben. Minden esetben meg kell gy\u0151z\u0151dni arr\u00f3l, hogy az \u00fajonnan \u00e9rkez\u0151 koll\u00e9g\u00e1k is elsaj\u00e1t\u00edtott\u00e1k a k\u00f6telez\u0151 ismereteket. Az \u00faj dolgoz\u00f3k oktat\u00e1s\u00e1val, betan\u00edt\u00e1s\u00e1val kapcsolatos tov\u00e1bbi inform\u00e1ci\u00f3kat az <a href=\"https:\/\/semmelweis.hu\/emk\/covid-19-menedzsmentajanlasaink\/uj-munkatarsak-mielobbi-onallo-munkavegzese\/\"> <strong>\u00daj munkat\u00e1rsak miel\u0151bbi, \u00f6n\u00e1ll\u00f3 munkav\u00e9gz\u00e9se<\/strong><\/a><span style=\"float: none;background-color: transparent;color: #1e2326;cursor: text;font-family: 'PT serif',serif;font-size: 20px;font-style: normal;font-variant: normal;font-weight: 400;letter-spacing: normal;text-align: left;text-decoration: none;text-indent: 0px;text-transform: none\"> c\u00edm\u0171 anyagunkban r\u00e9szletezz\u00fck.\u00a0<\/span><\/p>\n<p><a href=\"https:\/\/semmelweis.hu\/emk\/files\/2020\/05\/k\u00f3rh\u00e1zi-covid17.pdf\">Teljes anyag ellen\u0151rz\u0151 list\u00e1val<\/a><\/p>\n<p><a href=\"https:\/\/semmelweis.hu\/emk\/files\/2020\/05\/covid-sablon-17-\u00faj.pdf\">R\u00f6vid le\u00edr\u00e1s<\/a><\/p>\n<p>Vide\u00f3 \u00a0 \u00a0 \u00a0 \u00a0<\/p>\n","protected":false},"excerpt":{"rendered":"<p>\u00c1talak\u00edtott betegutak <a href=\"https:\/\/semmelweis.hu\/emk\/files\/2020\/05\/k\u00f3rh\u00e1zi-covid17.pdf\"><\/a> Betegazonos\u00edt\u00e1s A sajt\u00f3ban megjelen\u0151 cikkek, valamint a k\u00e9p- \u00e9s vide\u00f3 anyagok sokszor azt a k\u00e9pet mutatj\u00e1k, hogy a j\u00e1rv\u00e1ny \u00e1ltal legink\u00e1bb s\u00fajtott orsz\u00e1gokban, t\u00f6bb int\u00e9zm\u00e9nyben annyira megn\u0151tt a COVID-19 fert\u0151z\u00e9ssel \u00f6sszef\u00fcgg\u0151 s\u00fcrg\u0151s, k\u00f3rh\u00e1zi ell\u00e1t\u00e1st ig\u00e9nyl\u0151 esetek sz\u00e1ma, hogy k\u00e9nytelenek voltak a betegeket folyos\u00f3kon, v\u00e1r\u00f3termekben elhelyezni. Ilyen k\u00f6r\u00fclm\u00e9nyek k\u00f6z\u00f6tt neh\u00e9zz\u00e9 v\u00e1lhat a keresett beteg &hellip;<\/p>\n","protected":false},"author":101539,"featured_media":0,"parent":16078,"menu_order":13,"comment_status":"closed","ping_status":"closed","template":"","meta":{"_acf_changed":false,"footnotes":""},"categories":[],"tags":[],"class_list":["post-16638","page","type-page","status-publish","hentry"],"acf":[],"_links":{"self":[{"href":"https:\/\/semmelweis.hu\/emk\/wp-json\/wp\/v2\/pages\/16638","targetHints":{"allow":["GET"]}}],"collection":[{"href":"https:\/\/semmelweis.hu\/emk\/wp-json\/wp\/v2\/pages"}],"about":[{"href":"https:\/\/semmelweis.hu\/emk\/wp-json\/wp\/v2\/types\/page"}],"author":[{"embeddable":true,"href":"https:\/\/semmelweis.hu\/emk\/wp-json\/wp\/v2\/users\/101539"}],"replies":[{"embeddable":true,"href":"https:\/\/semmelweis.hu\/emk\/wp-json\/wp\/v2\/comments?post=16638"}],"version-history":[{"count":3,"href":"https:\/\/semmelweis.hu\/emk\/wp-json\/wp\/v2\/pages\/16638\/revisions"}],"predecessor-version":[{"id":16656,"href":"https:\/\/semmelweis.hu\/emk\/wp-json\/wp\/v2\/pages\/16638\/revisions\/16656"}],"up":[{"embeddable":true,"href":"https:\/\/semmelweis.hu\/emk\/wp-json\/wp\/v2\/pages\/16078"}],"wp:attachment":[{"href":"https:\/\/semmelweis.hu\/emk\/wp-json\/wp\/v2\/media?parent=16638"}],"wp:term":[{"taxonomy":"category","embeddable":true,"href":"https:\/\/semmelweis.hu\/emk\/wp-json\/wp\/v2\/categories?post=16638"},{"taxonomy":"post_tag","embeddable":true,"href":"https:\/\/semmelweis.hu\/emk\/wp-json\/wp\/v2\/tags?post=16638"}],"curies":[{"name":"wp","href":"https:\/\/api.w.org\/{rel}","templated":true}]}}