{"id":16619,"date":"2020-05-07T10:25:15","date_gmt":"2020-05-07T08:25:15","guid":{"rendered":"https:\/\/semmelweis.hu\/emk\/?page_id=16619"},"modified":"2020-05-07T10:43:59","modified_gmt":"2020-05-07T08:43:59","slug":"egeszsegugyi-intezmenyek-takaritasa-a-covid-19-jarvany-idejen","status":"publish","type":"page","link":"https:\/\/semmelweis.hu\/emk\/kutatasi-tevekenysegunk\/minosegugy-es-betegbiztonsag\/covid-19-menedzsment-ajanlasaink\/egeszsegugyi-intezmenyek-takaritasa-a-covid-19-jarvany-idejen\/","title":{"rendered":"Eg\u00e9szs\u00e9g\u00fcgyi int\u00e9zm\u00e9nyek takar\u00edt\u00e1sa a COVID- 19 j\u00e1rv\u00e1ny idej\u00e9n"},"content":{"rendered":"<p><strong>Takar\u00edt\u00e1s <a href=\"https:\/\/semmelweis.hu\/emk\/files\/2020\/05\/k\u00f3rh\u00e1zi-covid13.pdf\"><img loading=\"lazy\" decoding=\"async\" class=\"alignnone wp-image-16148\" src=\"https:\/\/semmelweis.hu\/emk\/files\/2020\/04\/nyomtatni-ikon-2-01-1-355x400.png\" alt=\"\" width=\"60\" height=\"68\" \/><\/a><\/strong><\/p>\n<p><strong>Eg\u00e9szs\u00e9g\u00fcgyi int\u00e9zm\u00e9nyek takar\u00edt\u00e1sa a COVID- 19 j\u00e1rv\u00e1ny idej\u00e9n <\/strong><\/p>\n<p><strong>A fokozott fert\u0151z\u00e9svesz\u00e9ly miatt a megszokottn\u00e1l nagyobb figyelmet k\u00f6vetel az int\u00e9zm\u00e9ny takar\u00edt\u00e1sa, fert\u0151tlen\u00edt\u00e9se. K\u00fcl\u00f6n\u00f6sen igaz ez az igazolt COVID-19 betegek ell\u00e1t\u00e1s\u00e1ra kijel\u00f6lt int\u00e9zm\u00e9nyekben. Mit tegy\u00fcnk az\u00e9rt, hogy a takar\u00edt\u00e1s ezekben az esetekben is megfelel\u0151 m\u00f3don val\u00f3suljon meg? <\/strong><\/p>\n<p>A j\u00e1rv\u00e1ny\u00fcgyi helyzet \u00e1ltal megk\u00f6vetelt higi\u00e9n\u00e9s el\u0151\u00edr\u00e1sok betart\u00e1sa igen jelent\u0151s szerepet t\u00f6lt be a betegek \u00e9s a munkat\u00e1rsak v\u00e9delm\u00e9ben. A j\u00e1rv\u00e1ny int\u00e9zm\u00e9nyen bel\u00fcli terjed\u00e9s\u00e9nek megakad\u00e1lyoz\u00e1sa, illetve elker\u00fcl\u00e9se a takar\u00edt\u00e1s min\u0151s\u00e9g\u00e9n is m\u00falhat.\u00a0<\/p>\n<p>Azokban az eg\u00e9szs\u00e9g\u00fcgyi int\u00e9zm\u00e9nyekben, ahol COVID-19 gyan\u00fas, vagy fert\u0151z\u00f6tt betegek ell\u00e1t\u00e1sa zajlik, alapjaiban sz\u00fcks\u00e9ges megv\u00e1ltoztatni a takar\u00edt\u00e1s rendj\u00e9t. A v\u00e1ltoz\u00e1s igen sokr\u00e9t\u0171: a takar\u00edt\u00f3 szem\u00e9lyzetnek v\u00e9d\u0151felszerel\u00e9st kell viselnie, illetve ennek hi\u00e1ny\u00e1ban nem mindegyik helyis\u00e9gbe mehetnek be, ahol kor\u00e1bban dolgoztak. Adott esetben m\u00e1s fert\u0151tlen\u00edt\u0151szereket kell haszn\u00e1lniuk, a megszokott\u00f3l elt\u00e9r\u0151 t\u00f6m\u00e9nys\u00e9gben, m\u00e1s sorrendben kell v\u00e9gezni\u00fck a munk\u00e1t, m\u00e1s \u00fctemben cser\u00e9lve le a haszn\u00e1lt eszk\u00f6z\u00f6ket, stb. Ahhoz, hogy ezek megval\u00f3sulhassanak, j\u00f3l megtervezett munkafolyamatra van sz\u00fcks\u00e9g, amely menedzsmenti int\u00e9zked\u00e9seket ig\u00e9nyel.<\/p>\n<p>Amennyiben az int\u00e9zm\u00e9nyben a takar\u00edt\u00e1s kiz\u00e1r\u00f3lag v\u00e1s\u00e1rolt szolg\u00e1ltat\u00e1s keret\u00e9ben val\u00f3sul meg, akkor is akad b\u0151ven teend\u0151, hiszen a megl\u00e9v\u0151 szerz\u0151d\u00e9s nem biztos, hogy lehet\u0151v\u00e9 teszi a sz\u00fcks\u00e9ges v\u00e1ltoztat\u00e1sok alkalmaz\u00e1s\u00e1t. A takar\u00edt\u00e1si technol\u00f3gi\u00e1ra vonatkoz\u00f3 szab\u00e1lyoz\u00e1sokat az \u00faj szakmai elv\u00e1r\u00e1sokhoz kell igaz\u00edtani, mely a szolg\u00e1ltat\u00f3val val\u00f3 egyeztet\u00e9st k\u00f6vet\u0151en a szerz\u0151d\u00e9s m\u00f3dos\u00edt\u00e1s\u00e1t is maga ut\u00e1n vonhatja. A megfelel\u0151 min\u0151s\u00e9g\u0171 takar\u00edt\u00e1shoz sz\u00fcks\u00e9ges szerek \u00e9s eszk\u00f6z\u00f6k rendelkez\u00e9sre bocs\u00e1t\u00e1s\u00e1n t\u00fal meg kell \u00e1llapodni arr\u00f3l is, hogy kinek a felel\u0151ss\u00e9gi k\u00f6r\u00e9be tartozik p\u00e9ld\u00e1ul a dolgoz\u00f3k \u00e1ltal haszn\u00e1land\u00f3 v\u00e9d\u0151eszk\u00f6z\u00f6k biztos\u00edt\u00e1sa, az ebb\u0151l keletkez\u0151 hullad\u00e9kok kezel\u00e9se, tov\u00e1bb\u00e1 a dolgoz\u00f3k ismereteinek soron k\u00edv\u00fcli b\u0151v\u00edt\u00e9se. Az elv\u00e1r\u00e1sok teljes\u00fcl\u00e9s\u00e9nek ellen\u0151rz\u00e9se a megb\u00edz\u00e1st ad\u00f3 int\u00e9zm\u00e9ny feladata, melyhez c\u00e9lszer\u0171 kialak\u00edtani a kapcsol\u00f3d\u00f3 szab\u00e1lyoz\u00e1s alapj\u00e1n az ellen\u0151rz\u00e9s rendszer\u00e9t.<\/p>\n<p>Saj\u00e1t foglalkoztat\u00e1s\u00fa takar\u00edt\u00f3k eset\u00e9n is ad\u00f3dnak a megszokott\u00f3l elt\u00e9r\u0151, tov\u00e1bbi feladatok, ide\u00e9rtve p\u00e9ld\u00e1ul a dolgoz\u00f3k k\u00e9pz\u00e9s\u00e9t, a takar\u00edt\u00e1shoz sz\u00fcks\u00e9ges szerek \u00e9s eszk\u00f6z\u00f6k t\u00edpus\u00e1ban\/mennyis\u00e9g\u00e9ben v\u00e1rhat\u00f3 v\u00e1ltoz\u00e1s el\u0151zetes kalkul\u00e1ci\u00f3j\u00e1t, valamint ezek beszerz\u00e9s\u00e9t \u00e9s eloszt\u00e1s\u00e1t.<\/p>\n<p>Hogyan lehet biztos\u00edtani az int\u00e9zm\u00e9nyen bel\u00fcli biztons\u00e1gos takar\u00edt\u00e1s megval\u00f3sul\u00e1s\u00e1t?<\/p>\n<hr \/>\n<p><strong>Aj\u00e1nl\u00e1saink:<\/strong><\/p>\n<p><em><strong>Ismerd meg a takar\u00edt\u00e1sra vonatkoz\u00f3 \u00faj, COVID-19 j\u00e1rv\u00e1ny miatt k\u00f6zz\u00e9tett szab\u00e1lyokat, aj\u00e1nl\u00e1sokat!<\/strong> <\/em><\/p>\n<p>Annak \u00e9rdek\u00e9ben, hogy a kialak\u00edtand\u00f3 helyi gyakorlat megfeleljen az elv\u00e1r\u00e1soknak \u00e9s a k\u00f6vetend\u0151 aj\u00e1nl\u00e1soknak, infekci\u00f3kontrollban j\u00e1rtas szakemberek bevon\u00e1s\u00e1val, aktu\u00e1lis \u00e9s hiteles forr\u00e1sokb\u00f3l meg kell ismerni a j\u00e1rv\u00e1ny idej\u00e9re \u00e9rv\u00e9nyes specifikus, takar\u00edt\u00e1si rendet \u00e9rint\u0151 szab\u00e1lyokat.<\/p>\n<p><strong><em>Egyeztess az int\u00e9zm\u00e9ny takar\u00edt\u00e1s\u00e1\u00e9rt felel\u0151s szem\u00e9lyekkel, \u00e9s egy\u00fctt alak\u00edts\u00e1tok ki az int\u00e9zm\u00e9nyi takar\u00edt\u00e1s \u00faj szab\u00e1lyait!<\/em><\/strong><\/p>\n<p>A takar\u00edt\u00e1si tev\u00e9kenys\u00e9gnek a jelenlegi j\u00e1rv\u00e1ny\u00fcgyi helyzethez kell igazodnia. Ennek egyik fontos l\u00e9p\u00e9se az int\u00e9zm\u00e9nyi takar\u00edt\u00e1s szab\u00e1lyainak aktualiz\u00e1l\u00e1sa. A j\u00e1rv\u00e1ny ideje alatt minden gyakran \u00e9rintett, haszn\u00e1lt fel\u00fcletet (kilincsek, ajt\u00f3k, ajt\u00f3nyit\u00f3 gombok, kapaszkod\u00f3k, villanykapcsol\u00f3k, lift gombok, stb.) a szok\u00e1sosn\u00e1l j\u00f3val gyakrabban sz\u00fcks\u00e9ges fert\u0151tlen\u00edteni. Igaz ez a k\u00f6z\u00f6ss\u00e9gi terekre is, ezek takar\u00edt\u00e1sa szint\u00e9n hangs\u00falyosabb kell legyen ebben az id\u0151szakban. A mosd\u00f3k takar\u00edt\u00e1sa alaphelyzetben is kiemelt jelent\u0151s\u00e9g\u0171, de egy j\u00e1rv\u00e1nyos id\u0151szakban (k\u00fcl\u00f6n\u00f6s tekintettel arra, hogy az \u00faj koronav\u00edrus sz\u00e9klettel is terjedhet) m\u00e9g nagyobb figyelmet kell, hogy kapjon. A takar\u00edt\u00e1s gyakoris\u00e1g\u00e1n t\u00fal fontos meghat\u00e1rozni a ter\u00fcletek, helyis\u00e9gek takar\u00edt\u00e1si sorrendj\u00e9t, a k\u00fcl\u00f6nb\u00f6z\u0151 fel\u00fcletek takar\u00edt\u00e1si m\u00f3dj\u00e1t, az el\u0151\u00edrt fert\u0151tlen\u00edt\u0151szerek h\u00edg\u00edt\u00e1s\u00e1t, stb. A takar\u00edt\u00e1s megval\u00f3sul\u00e1s\u00e1t, valamint az ellen\u0151rz\u00e9st el\u0151seg\u00edtend\u0151, hasznos a takar\u00edt\u00e1si napl\u00f3 kihelyez\u00e9se, sz\u00fcks\u00e9g szerinti \u00e1talak\u00edt\u00e1sa, annak szigor\u00fa vezet\u00e9se, \u00e9s ellen\u0151rz\u00e9se. Ezt mindig tiszta ter\u00fcleten (zsilip folyos\u00f3, stb.) kell elhelyezni, hiszen a pap\u00edron t\u00f6bb napig is \u00e9letk\u00e9pes lehet a SARS-CoV-2.\u00a0<\/p>\n<p><em><strong>Gondoskodj a szab\u00e1lyok v\u00e1ltoz\u00e1s\u00e1ban \u00e9rintettek oktat\u00e1s\u00e1r\u00f3l!<\/strong> <\/em><\/p>\n<p>A takar\u00edt\u00e1si szab\u00e1lyzatban t\u00f6rt\u00e9nt v\u00e1ltoz\u00e1s nem csup\u00e1n a takar\u00edt\u00f3k \u00e9s a szakdolgoz\u00f3k munk\u00e1j\u00e1t \u00e9rintheti, hanem p\u00e9ld\u00e1ul azok\u00e9t is, akik az eszk\u00f6z\u00f6k beszerz\u00e9s\u00e9\u00e9rt, vagy a takar\u00edt\u00e1s ellen\u0151rz\u00e9s\u00e9\u00e9rt felelnek. Fontos, hogy minden \u00e9rintett \u00e9rtes\u00fclj\u00f6n az \u0151 feladataira hat\u00e1ssal l\u00e9v\u0151 v\u00e1ltoz\u00e1sokr\u00f3l. Tiszt\u00e1zni kell, hogy a munkat\u00e1rsak oktat\u00e1s\u00e1t ki, mikor \u00e9s milyen form\u00e1ban val\u00f3s\u00edtja meg. A legnagyobb v\u00e1ltoz\u00e1s a takar\u00edt\u00f3k \u00e9s a szakdolgoz\u00f3k munk\u00e1j\u00e1t \u00e9rinti majd. A takar\u00edt\u00f3 szem\u00e9lyzet nagy t\u00f6bbs\u00e9ge a COVID-19 j\u00e1rv\u00e1nyt megel\u0151z\u0151en nem haszn\u00e1lt munk\u00e1ja sor\u00e1n olyan egy\u00e9ni v\u00e9d\u0151eszk\u00f6z\u00f6ket, mint amik haszn\u00e1lat\u00e1ra most r\u00e1k\u00e9nyszer\u00fcl saj\u00e1t \u00e9s m\u00e1sok biztons\u00e1ga \u00e9rdek\u00e9ben is. A v\u00e9d\u0151eszk\u00f6z\u00f6k azonban csak akkor biztos\u00edtj\u00e1k a t\u0151l\u00fck elv\u00e1rt v\u00e9delmet, ha azokat helyesen alkalmazz\u00e1k, ez\u00e9rt eset\u00fckben kiemelt jelent\u0151s\u00e9ge van a gyakorl\u00e1snak, az \u00faj teend\u0151k k\u00e9szs\u00e9gszint\u0171 elsaj\u00e1t\u00edt\u00e1s\u00e1nak. A takar\u00edt\u00e1st v\u00e9gz\u0151 szem\u00e9lyzet oktat\u00e1s\u00e1nak t\u00f6bb dologra kell kit\u00e9rnie: az egy\u00e9ni v\u00e9d\u0151eszk\u00f6z\u00f6k szakszer\u0171 felv\u00e9tele \u00e9s lev\u00e9tele, az \u00e1t\u00f6lt\u00f6z\u00e9s helysz\u00edne, a vesz\u00e9lyes hullad\u00e9kok gy\u0171jt\u00e9s\u00e9nek szab\u00e1lyai, a k\u00e9zfert\u0151tlen\u00edt\u00e9s szab\u00e1lyai, a v\u00e9d\u0151eszk\u00f6z\u00f6kben val\u00f3 munkav\u00e9gz\u00e9s, a z\u00f3n\u00e1k ismerete \u00e9s azok takar\u00edt\u00e1s\u00e1ra vonatkoz\u00f3 el\u0151\u00edr\u00e1sok ismerete, a takar\u00edt\u00e1s folyamata (\u00fatvonalak, sorrendis\u00e9g), a haszn\u00e1land\u00f3 vegyszerek, azok h\u00edg\u00edt\u00e1sa, cser\u00e9j\u00e9nek gyakoris\u00e1ga, a k\u00fcl\u00f6nb\u00f6z\u0151 fel\u00fcletek \u00e9s helyis\u00e9gek elt\u00e9r\u0151 takar\u00edt\u00e1si elj\u00e1r\u00e1srendje, a fert\u0151z\u00f6ttnek tekintend\u0151 hullad\u00e9kok gy\u0171jt\u00e9s\u00e9vel kapcsolatos szab\u00e1lyok. Fontos tudatos\u00edtani a munkat\u00e1rsakban azt is, hogy a jelenlegi j\u00e1rv\u00e1ny\u00fcgyi helyzetben a v\u00e9d\u0151eszk\u00f6z\u00f6k nem megfelel\u0151 haszn\u00e1lata, -cser\u00e9je, a munkafolyamatok f\u00e9lbe szak\u00edt\u00e1sa a higi\u00e9n\u00e9s szab\u00e1lyok figyelembe v\u00e9tele n\u00e9lk\u00fcl \u2013 p\u00e9ld\u00e1ul doh\u00e1nyz\u00e1s miatt \u2013 jelent\u0151s fert\u0151z\u00e9si kock\u00e1zatot rejt.\u00a0<\/p>\n<p>Az oktat\u00e1s sor\u00e1n az elm\u00e9leti tudnival\u00f3k \u00e1tad\u00e1sa mellett sz\u00fcks\u00e9ges az elsaj\u00e1t\u00edtand\u00f3 ismeretek gyakoroltat\u00e1sa is, k\u00fcl\u00f6n\u00f6sen a v\u00e9d\u0151eszk\u00f6z\u00f6k alkalmaz\u00e1s\u00e1t illet\u0151en.<\/p>\n<p><em><strong>Becs\u00fcld meg a takar\u00edt\u00e1shoz sz\u00fcks\u00e9ges szerek \u00e9s eszk\u00f6z\u00f6k mennyis\u00e9g\u00e9ben v\u00e1rhat\u00f3 v\u00e1ltoz\u00e1st, \u00e9s ennek megfelel\u0151en rendeld meg a sz\u00fcks\u00e9ges k\u00e9szleteket!<\/strong> <\/em><\/p>\n<p>A kalkul\u00e1ci\u00f3n\u00e1l figyelembe kell venni az ell\u00e1t\u00f3helyek, z\u00f3n\u00e1k besorol\u00e1sait, azok takar\u00edt\u00e1s\u00e1ra vonatkoz\u00f3 el\u0151\u00edr\u00e1sokat, a takar\u00edtand\u00f3 fel\u00fclet nagys\u00e1g\u00e1t \u00e9s t\u00edpusait, a soron k\u00edv\u00fcli takar\u00edt\u00e1st ig\u00e9nyl\u0151 szennyez\u0151d\u00e9s v\u00e1rhat\u00f3 gyakoris\u00e1g\u00e1t.\u00a0<\/p>\n<p><em><strong>Biztos\u00edts megfelel\u0151 l\u00e9tsz\u00e1mot a feladat elv\u00e9gz\u00e9s\u00e9hez!<\/strong> <\/em><\/p>\n<p>A j\u00e1rv\u00e1ny idej\u00e9n sokf\u00e9le, a szervezet fel\u00e9p\u00edt\u00e9s\u00e9t \u00e9s m\u0171k\u00f6d\u00e9s\u00e9t befoly\u00e1sol\u00f3 v\u00e1ltoz\u00e1s zajlik. Saj\u00e1t foglalkoztat\u00e1s\u00fa takar\u00edt\u00f3k eset\u00e9n m\u00e9rj\u00fck fel, melyik szervezeti egys\u00e9gben mennyi teend\u0151 van, hol n\u00f6vekedett meg a takar\u00edt\u00f3k munkaterhel\u00e9se. Biztos\u00edtani kell, hogy minden m\u0171szakban \u00e1lljon rendelkez\u00e9sre takar\u00edt\u00f3 szem\u00e9lyzet. A munkaer\u0151 \u00e1tcsoportos\u00edt\u00e1s\u00e1val \u00e9s munkaer\u0151 felv\u00e9tellel biztos\u00edtani lehet az egyenl\u0151 munkaterhel\u00e9st. Sz\u00fcks\u00e9g eset\u00e9n \u00f6nk\u00e9ntesek is bevonhat\u00f3k. K\u00e9pezz\u00fck az \u00e1tcsoportos\u00edtott, az \u00fajonnan bel\u00e9p\u0151 \u00e9s az \u00f6nk\u00e9ntes munkat\u00e1rsakat a k\u00f6vetend\u0151 takar\u00edt\u00e1si teend\u0151kre.<\/p>\n<p><em><strong>V\u00e1s\u00e1rolt szolg\u00e1ltat\u00e1s eset\u00e9n gondolnod kell arra, hogy a j\u00e1rv\u00e1ny\u00fcgyi el\u0151\u00edr\u00e1sok teljes\u00edt\u00e9s\u00e9hez t\u00f6bbletszolg\u00e1ltat\u00e1s ig\u00e9nybev\u00e9tel\u00e9re lehet sz\u00fcks\u00e9g!<\/strong> <\/em><\/p>\n<p>Amennyiben szerz\u0151d\u00e9sm\u00f3dos\u00edt\u00e1sra, szolg\u00e1ltat\u00f3v\u00e1lt\u00e1sra van sz\u00fcks\u00e9g, a szerz\u0151d\u00e9st a j\u00e1rv\u00e1ny\u00fcgyi helyzetnek megfelel\u0151 elv\u00e1r\u00e1sokhoz igazod\u00f3an kell megk\u00f6tni. A COVID-19 fert\u0151z\u00f6tt betegek ell\u00e1t\u00e1s\u00e1t v\u00e9gz\u0151 int\u00e9zm\u00e9nyekben a higi\u00e9n\u00e9s, j\u00e1rv\u00e1ny\u00fcgyi el\u0151\u00edr\u00e1s teljes\u00edt\u00e9se t\u00f6bbletszolg\u00e1ltat\u00e1s ig\u00e9nybev\u00e9tel\u00e9t vonja maga ut\u00e1n. A szerz\u0151d\u00e9s r\u00e9szleteiben ki kell t\u00e9rni arra, hogy a takar\u00edt\u00e1si tev\u00e9kenys\u00e9ghez sz\u00fcks\u00e9ges felt\u00e9teleket kinek a felel\u0151ss\u00e9ge biztos\u00edtani (pl. fert\u0151tlen\u00edt\u0151szerek, takar\u00edt\u00f3eszk\u00f6z\u00f6k, v\u00e9d\u0151eszk\u00f6z\u00f6k, haszn\u00e1lt v\u00e9d\u0151eszk\u00f6z\u00f6k gy\u0171jt\u00e9se \u00e9s \u00e1rtalmatlan\u00edt\u00e1sa, oktat\u00e1s). A szerz\u0151d\u00e9s t\u00e9rjen ki az ellen\u0151rz\u00e9s r\u00e9szleteire, a dokument\u00e1ci\u00f3s k\u00f6telezetts\u00e9gekre, valamint felmer\u00fcl\u0151 panaszok eset\u00e9n k\u00f6vetend\u0151 teend\u0151kre. A megn\u00f6vekedett feladatb\u00f3l ad\u00f3d\u00f3an a takar\u00edt\u00e1si szolg\u00e1ltat\u00e1s t\u00f6bbletk\u00f6lts\u00e9get jelenthet, amit be kell \u00e9p\u00edteni az int\u00e9zm\u00e9ny k\u00f6lts\u00e9gvet\u00e9s\u00e9be.\u00a0<\/p>\n<p><em><strong>Biztos\u00edtsd a takar\u00edt\u00f3 szem\u00e9lyzet sz\u00e1m\u00e1ra a biztons\u00e1gos munkak\u00f6r\u00fclm\u00e9nyeket!\u00a0<\/strong> <\/em><\/p>\n<p>A takar\u00edt\u00f3 szem\u00e9lyzet sz\u00e1m\u00e1ra is biztos\u00edtani kell a biztons\u00e1gos munkav\u00e9gz\u00e9s felt\u00e9teleit. Az egy\u00e9ni v\u00e9d\u0151eszk\u00f6z\u00f6k felv\u00e9tele minden esetben tiszta (a v\u00edrus \u00e1ltal nem kontamin\u00e1lt) ter\u00fcleten t\u00f6rt\u00e9njen! A takar\u00edt\u00e1st v\u00e9gz\u0151 szem\u00e9lyeknek vil\u00e1gos \u00e9s egy\u00e9rtelm\u0171 legyen, hogy az int\u00e9zm\u00e9nyen bel\u00fcl milyen \u00fatvonalon kell k\u00f6zlekedni\u00fck, mely ter\u00fcletekre, helyis\u00e9gekbe l\u00e9phetnek be, \u00e9s melyekbe nem, illetve melyik ter\u00fcleten milyen szint\u0171 egy\u00e9ni v\u00e9d\u0151felszerel\u00e9s visel\u00e9se sz\u00fcks\u00e9ges. Javasolt szervezett oktat\u00e1s tart\u00e1sa ezen tudnival\u00f3kr\u00f3l. Fontos, hogy meg\u00e9rts\u00e9k, a szab\u00e1lyok k\u00f6vet\u00e9se mind a saj\u00e1t-, mind az eg\u00e9szs\u00e9g\u00fcgyi szem\u00e9lyzet-, mind pedig a betegek v\u00e9delm\u00e9t szolg\u00e1lja. C\u00e9lszer\u0171 az \u00fatvonalak, helyis\u00e9gek egy\u00e9rtelm\u0171 jel\u00f6l\u00e9se is. Seg\u00edti a t\u00e1j\u00e9koz\u00f3d\u00e1st plak\u00e1tok kihelyez\u00e9se, ami egy\u00e9rtelm\u0171 sz\u00ednhaszn\u00e1lattal jelzi az \u00e9p\u00fclet alaprajz\u00e1n a bej\u00e1rhat\u00f3 \u00fatvonalakat.<\/p>\n<p><em><strong>Legyenek egy\u00e9rtelm\u0171ek a z\u00f3n\u00e1k, az izol\u00e1ci\u00f3s ter\u00fcletek, \u00e9s hogy az adott helyis\u00e9gbe ki, \u00e9s milyen v\u00e9d\u0151felszerel\u00e9sben l\u00e9phet be, \u00e9s ha van ilyen, akkor annak meghat\u00e1roz\u00e1sa, hogy ki az, aki nem mehet be!<\/strong> <\/em><\/p>\n<p>A takar\u00edt\u00f3 szem\u00e9lyzet sz\u00e1m\u00e1ra egy\u00e9rtelm\u0171v\u00e9 kell tenni, hogy mely helyis\u00e9gekben folytathatnak munkav\u00e9gz\u00e9st. Tudniuk kell, hova nem l\u00e9phetnek be, illetve bel\u00e9p\u00e9s eset\u00e9n milyen v\u00e9d\u0151eszk\u00f6zt, a munka sor\u00e1n pedig milyen tiszt\u00edt\u00f3szert kell haszn\u00e1lniuk. Az izol\u00e1lt helysz\u00ednre a takar\u00edt\u00f3 szem\u00e9lyzet bel\u00e9p\u00e9se szigor\u00faan tilos. Ezekben a helyis\u00e9gekben a beteg k\u00f6zvetlen k\u00f6rnyezet\u00e9ben l\u00e9v\u0151 eszk\u00f6z\u00f6k fert\u0151tlen\u00edt\u00e9se, takar\u00edt\u00e1sa szakdolgoz\u00f3i feladat ugyan\u00fagy, mint a keletkezett vesz\u00e9lyes hullad\u00e9kok kezel\u00e9se. A jelenlegi j\u00e1rv\u00e1ny\u00fcgyi helyzetben az eg\u00e9szs\u00e9g\u00fcgyi munkat\u00e1rsaknak ez t\u00f6bbletfeladatot gener\u00e1l, amivel sz\u00e1molnunk kell.<\/p>\n<p><em><strong>Gondold \u00e1t, milyen lehet\u0151s\u00e9geid vannak a j\u00e1rv\u00e1ny\u00fcgyi el\u0151\u00edr\u00e1s szerinti takar\u00edt\u00e1s megval\u00f3s\u00edt\u00e1s\u00e1hoz!<\/strong> <\/em><\/p>\n<p>Amennyiben az int\u00e9zm\u00e9ny kell\u0151 sz\u00e1m\u00fa szem\u00e9lyzettel rendelkezik, a k\u00fcl\u00f6nb\u00f6z\u0151 z\u00f3n\u00e1kba k\u00fcl\u00f6n csapatok ker\u00fcljenek beoszt\u00e1sra. Ezzel is cs\u00f6kkenthet\u0151 az es\u00e9lye a fert\u0151z\u00e9s int\u00e9zm\u00e9nyen bel\u00fcli terjed\u00e9s\u00e9nek. Amennyiben ez nem val\u00f3s\u00edthat\u00f3 meg, fel kell h\u00edvni a takar\u00edt\u00f3 szem\u00e9lyzet figyelm\u00e9t, hogy a takar\u00edt\u00e1s meghat\u00e1rozott halad\u00e1si ir\u00e1ny\u00e1t k\u00f6vess\u00e9k. A fel\u00fcletek takar\u00edt\u00e1s\u00e1n t\u00fal jelent\u0151s figyelmet kell ford\u00edtani a helyis\u00e9gek l\u00e9gter\u00e9re. A leveg\u0151be ker\u00fcl\u0151 aeroszolok ki\u00fcr\u00fcl\u00e9s\u00e9t meg kell oldani ak\u00e1r mechanikus \u00faton, ak\u00e1r szell\u0151ztet\u00e9ssel. Min\u00e9l gyakoribb a leveg\u0151csere (\u00f3r\u00e1nk\u00e9nti szell\u0151ztet\u00e9s), ann\u00e1l jobban tudjuk a fert\u0151z\u00e9s lehet\u0151s\u00e9g\u00e9t is cs\u00f6kkenteni. <em>\u00a0<\/em><\/p>\n<p><em><strong>Sz\u00e1nj id\u0151t az ellen\u0151rz\u00e9sre!<\/strong> <\/em><\/p>\n<p>Az el\u0151\u00edrt j\u00e1rv\u00e1ny\u00fcgyi k\u00f6vetelm\u00e9nyek szigor\u00faan elv\u00e1rj\u00e1k a takar\u00edt\u00e1si folyamatok tartalmi \u00e9s id\u0151beli megfelel\u0151s\u00e9g\u00e9nek ellen\u0151rz\u00e9s\u00e9t. Sok olyan r\u00e9szlete van a takar\u00edt\u00e1snak, melyek megval\u00f3sul\u00e1s\u00e1t csak a folyamat k\u00f6zben lehet ellen\u0151rizni (pl. a takar\u00edt\u00f3szer, fert\u0151tlen\u00edt\u0151szer h\u00edg\u00edt\u00e1sa, az egy folyad\u00e9kkal felmosott ter\u00fclet nagys\u00e1ga, a z\u00f3n\u00e1k k\u00f6z\u00f6tti v\u00e1lt\u00e1skor az eszk\u00f6z\u00f6k cser\u00e9je, a v\u00e9d\u0151eszk\u00f6z\u00f6k helyes visel\u00e9se, stb.). \u00c9ppen ez\u00e9rt sz\u00fcks\u00e9g van a kor\u00e1bbi ellen\u0151rz\u00e9si gyakorlat \u00fajragondol\u00e1s\u00e1ra, \u00fajfajta ellen\u0151rz\u00e9si rendszer bevezet\u00e9s\u00e9re. Meg kell hat\u00e1rozni, hogy kinek a feladata az ellen\u0151rz\u00e9s, mi alapj\u00e1n, milyen gyakoris\u00e1ggal ellen\u0151riz, \u00e9s elt\u00e9r\u00e9s eset\u00e9n mi a teend\u0151. Javasolt ellen\u0151rz\u0151 lista k\u00e9sz\u00edt\u00e9se az \u00e9rv\u00e9nyes szab\u00e1lyoz\u00e1s alapj\u00e1n, melyen minden fontos ellen\u0151rz\u00e9si szempont felt\u00fcntethet\u0151. Ez egyr\u00e9szt seg\u00edt abban, hogy relev\u00e1ns szempontok ker\u00fcljenek fel\u00fclvizsg\u00e1latra, valamint abban is nagy t\u00e1mogat\u00e1st ad, hogy ne ker\u00fclje el a figyelmet egy-egy l\u00e9nyeges momentum. Az ellen\u0151rz\u00e9sek tapasztalatai olyan tanuls\u00e1gokat rejthetnek, melyeket \u00e9rdemes visszacsatolni a munkafolyamatokba \u00e9s a dolgoz\u00f3k t\u00e1j\u00e9koztat\u00e1s\u00e1ba, oktat\u00e1s\u00e1ba is.<\/p>\n<p><em><strong>Ismerd el a takar\u00edt\u00f3 szem\u00e9lyzet munk\u00e1j\u00e1t!<\/strong> <\/em><\/p>\n<p>A takar\u00edt\u00f3 szem\u00e9lyzet munk\u00e1ja m\u00e9g fontosabb, \u00e9rt\u00e9kesebb ebben az id\u0151szakban. Motiv\u00e1lni kell \u0151ket azzal is, hogy elismerj\u00fck tev\u00e9kenys\u00e9g\u00fcket, \u00e9s a csapat tagjak\u00e9nt kezelj\u00fck \u0151ket. \u00a0<\/p>\n<p><a href=\"https:\/\/semmelweis.hu\/emk\/files\/2020\/05\/k\u00f3rh\u00e1zi-covid13.pdf\">Teljes anyag ellen\u0151rz\u0151 list\u00e1val<\/a><\/p>\n<p><a href=\"https:\/\/semmelweis.hu\/emk\/files\/2020\/05\/covid-sablon-13-\u00faj.pdf\">R\u00f6vid le\u00edr\u00e1s<\/a><\/p>\n<p>Vide\u00f3<\/p>\n<p><strong>Felhaszn\u00e1lt szakirodalom:<\/strong><\/p>\n<p>A 2020. \u00e9vben azonos\u00edtott \u00faj koronav\u00edrus (SARS-CoV-2) okozta fert\u0151z\u00e9sek (COVID-19) megel\u0151z\u00e9s\u00e9nek \u00e9s ter\u00e1pi\u00e1j\u00e1nak k\u00e9zik\u00f6nyve. Magyar Koronav\u00edrus K\u00e9zik\u00f6nyv. Emberi Er\u0151forr\u00e1sok Miniszt\u00e9riuma (2020)<\/p>\n<p>Infekci\u00f3kontroll \u00f3v\u00f3-v\u00e9d\u0151 rendszab\u00e1lyok a betegell\u00e1t\u00e1s sor\u00e1n. 6. sz mell\u00e9klet \u2013 COVID-19 elj\u00e1r\u00e1srend 2020. m\u00e1rcius 30. <u><a href=\"https:\/\/www.nnk.gov.hu\/attachments\/article\/567\/6_sz_mell%C3%A9klet_infekci%C3%B3kontroll_2020_03_30.pdf\">https:\/\/www.nnk.gov.hu\/attachments\/article\/567\/6_sz_mell%C3%A9klet_infekci%C3%B3kontroll_2020 <\/a><a href=\"https:\/\/www.nnk.gov.hu\/attachments\/article\/567\/6_sz_mell%C3%A9klet_infekci%C3%B3kontroll_2020_03_30.pdf\">_03_30.pdf<\/a> <\/u><\/p>\n<p>Ker\u00e9nyi Zsolt (MATISZ szak\u00e9rt\u0151); Meg\u00fajul\u00e1s a k\u00f3rh\u00e1ztakar\u00edt\u00e1sban. <br \/>\n<a href=\"https:\/\/www.matisz.org\/megujulas-a-korhaztakaritasban\">https:\/\/www.matisz.org\/megujulas-a-korhaztakaritasban<\/a>\/ (let\u00f6lt\u00e9s: 2020.04.19)<\/p>\n<p>Dr. Nagy Kamilla. Mit kell tudni Magyarorsz\u00e1gon az \u00faj koronav\u00edrusr\u00f3l (SARS-CoV 2), 2020. (K\u00e9zirat)<\/p>\n<p>&nbsp;<\/p>\n","protected":false},"excerpt":{"rendered":"<p>Takar\u00edt\u00e1s <a href=\"https:\/\/semmelweis.hu\/emk\/files\/2020\/05\/k\u00f3rh\u00e1zi-covid13.pdf\"><\/a> Eg\u00e9szs\u00e9g\u00fcgyi int\u00e9zm\u00e9nyek takar\u00edt\u00e1sa a COVID- 19 j\u00e1rv\u00e1ny idej\u00e9n A fokozott fert\u0151z\u00e9svesz\u00e9ly miatt a megszokottn\u00e1l nagyobb figyelmet k\u00f6vetel az int\u00e9zm\u00e9ny takar\u00edt\u00e1sa, fert\u0151tlen\u00edt\u00e9se. K\u00fcl\u00f6n\u00f6sen igaz ez az igazolt COVID-19 betegek ell\u00e1t\u00e1s\u00e1ra kijel\u00f6lt int\u00e9zm\u00e9nyekben. Mit tegy\u00fcnk az\u00e9rt, hogy a takar\u00edt\u00e1s ezekben az esetekben is megfelel\u0151 m\u00f3don val\u00f3suljon meg? A j\u00e1rv\u00e1ny\u00fcgyi helyzet \u00e1ltal megk\u00f6vetelt higi\u00e9n\u00e9s el\u0151\u00edr\u00e1sok betart\u00e1sa igen &hellip;<\/p>\n","protected":false},"author":101539,"featured_media":0,"parent":16078,"menu_order":12,"comment_status":"closed","ping_status":"closed","template":"","meta":{"_acf_changed":false,"footnotes":""},"categories":[],"tags":[],"class_list":["post-16619","page","type-page","status-publish","hentry"],"acf":[],"_links":{"self":[{"href":"https:\/\/semmelweis.hu\/emk\/wp-json\/wp\/v2\/pages\/16619","targetHints":{"allow":["GET"]}}],"collection":[{"href":"https:\/\/semmelweis.hu\/emk\/wp-json\/wp\/v2\/pages"}],"about":[{"href":"https:\/\/semmelweis.hu\/emk\/wp-json\/wp\/v2\/types\/page"}],"author":[{"embeddable":true,"href":"https:\/\/semmelweis.hu\/emk\/wp-json\/wp\/v2\/users\/101539"}],"replies":[{"embeddable":true,"href":"https:\/\/semmelweis.hu\/emk\/wp-json\/wp\/v2\/comments?post=16619"}],"version-history":[{"count":10,"href":"https:\/\/semmelweis.hu\/emk\/wp-json\/wp\/v2\/pages\/16619\/revisions"}],"predecessor-version":[{"id":16637,"href":"https:\/\/semmelweis.hu\/emk\/wp-json\/wp\/v2\/pages\/16619\/revisions\/16637"}],"up":[{"embeddable":true,"href":"https:\/\/semmelweis.hu\/emk\/wp-json\/wp\/v2\/pages\/16078"}],"wp:attachment":[{"href":"https:\/\/semmelweis.hu\/emk\/wp-json\/wp\/v2\/media?parent=16619"}],"wp:term":[{"taxonomy":"category","embeddable":true,"href":"https:\/\/semmelweis.hu\/emk\/wp-json\/wp\/v2\/categories?post=16619"},{"taxonomy":"post_tag","embeddable":true,"href":"https:\/\/semmelweis.hu\/emk\/wp-json\/wp\/v2\/tags?post=16619"}],"curies":[{"name":"wp","href":"https:\/\/api.w.org\/{rel}","templated":true}]}}