{"id":16257,"date":"2020-04-15T10:15:36","date_gmt":"2020-04-15T08:15:36","guid":{"rendered":"http:\/\/semmelweis.hu\/emk\/?page_id=16257"},"modified":"2020-04-15T12:10:01","modified_gmt":"2020-04-15T10:10:01","slug":"hasznalt-egyeni-vedoeszkozok-levetele-gyujtese-a-keletkezett-veszelyes-hulladek-kezelese","status":"publish","type":"page","link":"https:\/\/semmelweis.hu\/emk\/kutatasi-tevekenysegunk\/minosegugy-es-betegbiztonsag\/covid-19-menedzsment-ajanlasaink\/hasznalt-egyeni-vedoeszkozok-levetele-gyujtese-a-keletkezett-veszelyes-hulladek-kezelese\/","title":{"rendered":"Haszn\u00e1lt egy\u00e9ni v\u00e9d\u0151eszk\u00f6z\u00f6k lev\u00e9tele, gy\u0171jt\u00e9se, a keletkezett vesz\u00e9lyes hullad\u00e9k kezel\u00e9se"},"content":{"rendered":"<p><strong>A fokozott fert\u0151z\u00e9svesz\u00e9ly miatt a haszn\u00e1lt egy\u00e9ni v\u00e9d\u0151eszk\u00f6z\u00f6k megfelel\u0151 lev\u00e9tele mellett k\u00fcl\u00f6n\u00f6sen nagy figyelmet kell ford\u00edtani annak helyes gy\u0171jt\u00e9s\u00e9re, t\u00e1rol\u00e1s\u00e1ra, a keletkezett vesz\u00e9lyes hullad\u00e9kok elsz\u00e1ll\u00edt\u00e1s\u00e1ra. Mit tehet\u00fcnk munkat\u00e1rsaink biztons\u00e1g\u00e1\u00e9rt e t\u00e9ren? <a href=\"https:\/\/semmelweis.hu\/emk\/files\/2020\/04\/Korhazi_Covid__6.pdf\"><img loading=\"lazy\" decoding=\"async\" class=\"alignnone wp-image-16148\" src=\"https:\/\/semmelweis.hu\/emk\/files\/2020\/04\/nyomtatni-ikon-2-01-1-355x400.png\" alt=\"\" width=\"60\" height=\"68\" \/><\/a> <\/strong><\/p>\n<p>A v\u00edrus jellemz\u0151en cseppfert\u0151z\u00e9ssel, a fert\u0151z\u00f6tt v\u00e1lad\u00e9kokkal terjed, direkt vagy indirekt m\u00f3don. Munkav\u00e9gz\u00e9s sor\u00e1n az egy\u00e9ni v\u00e9d\u0151eszk\u00f6z\u00f6kre ker\u00fclhetnek azok a szennyez\u0151d\u00e9sek, amelyek fert\u0151z\u00e9st okozhatnak. Ez\u00e9rt kiemelt jelent\u0151s\u00e9ge van a v\u00e9d\u0151eszk\u00f6z\u00f6k szakszer\u0171 lev\u00e9tel\u00e9nek, valamint lev\u00e9tel ut\u00e1n azok vesz\u00e9lyes hullad\u00e9kgy\u0171jt\u0151 tart\u00e1lyba helyez\u00e9s\u00e9nek. De vajon a munkat\u00e1rsak tudj\u00e1k, hogyan kell helyesen levenni a haszn\u00e1lt v\u00e9d\u0151eszk\u00f6z\u00f6ket \u00fagy, hogy a szennyez\u0151d\u00e9st\u0151l biztons\u00e1gban legyenek? Tudj\u00e1k, hogyan gy\u0171jts\u00e9k az \u00edgy keletkezett hullad\u00e9kot? Ehhez minden sz\u00fcks\u00e9ges k\u00f6r\u00fclm\u00e9ny adott?<\/p>\n<p>A fert\u0151z\u00e9svesz\u00e9ly cs\u00f6kkent\u00e9se \u00e9rdek\u00e9ben fokozott figyelmet k\u00f6vetel a szennyezett v\u00e9d\u0151eszk\u00f6z\u00f6k megfelel\u0151, szab\u00e1lyos gy\u0171jt\u00e9se, t\u00e1rol\u00e1sa, valamint elsz\u00e1ll\u00edt\u00e1sa. El\u0151re l\u00e1that\u00f3, hogy a vesz\u00e9lyes hullad\u00e9k mennyis\u00e9ge a kor\u00e1bbiakhoz k\u00e9pest jelent\u0151sen meg fog n\u00f6vekedni.\u00a0<\/p>\n<hr \/>\n<p>\u00c9rdemes \u00e1tgondolni, hogy a fentiekb\u0151l milyen teend\u0151k, neh\u00e9zs\u00e9gek ad\u00f3dhatnak, \u00e9s hogyan kell felk\u00e9sz\u00fclni ezek megold\u00e1s\u00e1ra. Mindennek t\u00e1mogat\u00e1s\u00e1ra az al\u00e1bbi aj\u00e1nl\u00e1sokat fogalmaztuk meg:<\/p>\n<p><strong><em>Becs\u00fcld meg, hogy a felel\u0151ss\u00e9gi k\u00f6r\u00f6dbe tartoz\u00f3 szervezeti egys\u00e9gben milyen mennyis\u00e9g\u0171 vesz\u00e9lyes hullad\u00e9k fog keletkezni! <\/em><\/strong><\/p>\n<p>Annak \u00e9rdek\u00e9ben, hogy el\u0151re tudd tervezni a sz\u00fcks\u00e9ges gy\u0171jt\u0151eszk\u00f6z\u00f6k sz\u00e1m\u00e1t \u00e9s a hullad\u00e9ksz\u00e1ll\u00edt\u00e1si feladatokat, \u00e9rdemes el\u0151re megbecs\u00fclni, hogy k\u00f6r\u00fclbel\u00fcl milyen mennyis\u00e9g\u0171 hullad\u00e9k fog keletkezni. Ehhez a k\u00f6vetkez\u0151 adatokra lehet sz\u00fcks\u00e9g szervezeti egys\u00e9genk\u00e9nt\/z\u00f3n\u00e1nk\u00e9nt: egy m\u0171szakban elhaszn\u00e1lt v\u00e9d\u0151eszk\u00f6zcsomagok mennyis\u00e9ge, \u00e9s a rendelkez\u00e9sre \u00e1ll\u00f3 gy\u0171jt\u0151eszk\u00f6zbe biztons\u00e1gosan elhelyezhet\u0151 haszn\u00e1lt v\u00e9d\u0151eszk\u00f6zcsomagok sz\u00e1ma.<\/p>\n<p><strong><em>Biztos\u00edtsd a COVID-19 j\u00e1rv\u00e1ny sor\u00e1n megn\u00f6vekedett vesz\u00e9lyes hullad\u00e9kkal ar\u00e1nyos mennyis\u00e9g\u0171, az el\u0151\u00edr\u00e1soknak \u00e9s sz\u00fcks\u00e9gleteknek megfelel\u0151 gy\u0171jt\u0151zs\u00e1kok \u00e9s tart\u00e1lyok rendelkez\u00e9sre \u00e1ll\u00e1s\u00e1t!<\/em> <\/strong><\/p>\n<p>A jelenlegi j\u00e1rv\u00e1ny\u00fcgyi helyzetben is az EMMI 12\/2017 (VI.12) hat\u00e1lyos rendelete alapj\u00e1n kell v\u00e9gezni az eg\u00e9szs\u00e9g\u00fcgyi szolg\u00e1ltat\u00f3kn\u00e1l keletkezett vesz\u00e9lyes hullad\u00e9kok gy\u0171jt\u00e9s\u00e9t, t\u00e1rol\u00e1s\u00e1t, sz\u00e1ll\u00edt\u00e1s\u00e1t. A fert\u0151z\u00f6tt, szennyezett v\u00e9d\u0151eszk\u00f6z\u00f6ket folyad\u00e9kz\u00e1r\u00f3, a mechanikai s\u00e9r\u00fcl\u00e9seknek ellen\u00e1ll\u00f3 zs\u00e1kokban, l\u00e9gmentesen z\u00e1r\u00f3d\u00f3 tart\u00e1lyokban kell gy\u0171jteni \u00e9s t\u00e1rolni. Fontos, hogy a gy\u0171jt\u0151eszk\u00f6z\u00f6k a keletkez\u0151 hullad\u00e9koknak megfelel\u0151 mennyis\u00e9gben \u00e9s m\u00e9retben \u00e1lljanak rendelkez\u00e9sre. Mivel sz\u00e1m\u00edtani kell arra, hogy az int\u00e9zm\u00e9nyben a szok\u00e1sosn\u00e1l j\u00f3val t\u00f6bb vesz\u00e9lyes hullad\u00e9k fog keletkezni, meg kell tervezni, hogy v\u00e1rhat\u00f3an hogyan fog v\u00e1ltozni a gy\u0171jt\u0151eszk\u00f6z\u00f6kkel kapcsolatos sz\u00fcks\u00e9glet. Gondoskodni kell a gy\u0171jt\u0151eszk\u00f6z\u00f6k megfelel\u0151 mennyis\u00e9gben \u00e9s id\u0151ben t\u00f6rt\u00e9n\u0151 beszerz\u00e9s\u00e9r\u0151l, az ell\u00e1t\u00f3helyekre val\u00f3 eljuttat\u00e1s\u00e1r\u00f3l.<\/p>\n<p><strong><em>Jel\u00f6ld ki azt a helyet, ahol a szem\u00e9lyzet a munkav\u00e9gz\u00e9s ut\u00e1n a haszn\u00e1lt v\u00e9d\u0151ruh\u00e1zatot le tudja venni! <\/em><\/strong><\/p>\n<p>Tekintettel arra, hogy az egy\u00e9ni v\u00e9d\u0151eszk\u00f6z\u00f6ket a szem\u00e9lyzet tagjainak tiszta ter\u00fcleten kell felvennie, ez\u00e9rt m\u00e1shol kell kijel\u00f6lni a v\u00e9d\u0151eszk\u00f6z\u00f6k lev\u00e9tel\u00e9nek hely\u00e9t, hogy a tiszta ter\u00fclet lehet\u0151leg ne kontamin\u00e1l\u00f3djon. Ez lehet egy k\u00f3rterem (\u00e1ltal\u00e1nos oszt\u00e1lyon, izol\u00e1lt beteg eset\u00e9n), vagy egy teljes munkater\u00fclet, p\u00e9ld\u00e1ul egy erre a c\u00e9lra kijel\u00f6lt intenz\u00edv oszt\u00e1ly, vagy egy s\u00fcrg\u0151ss\u00e9gi oszt\u00e1ly elk\u00fcl\u00f6n\u00edtett r\u00e9szlege. C\u00e9lszer\u0171 el\u0151re meggondolni, hogy a szem\u00e9lyzet a munkav\u00e9gz\u00e9s ut\u00e1n milyen m\u00f3don tudja a legbiztons\u00e1gosabban a v\u00e9d\u0151eszk\u00f6z\u00f6ket levenni \u00e9s a vesz\u00e9lyes hullad\u00e9kgy\u0171jt\u0151 tart\u00e1lyokba\/zs\u00e1kokba helyezni. A teljes v\u00edzhatlan v\u00e9d\u0151ruh\u00e1t, vagy v\u00e9d\u0151k\u00f6penyt, a l\u00e1bzs\u00e1kot, valamint a hajv\u00e9d\u0151t m\u00e9g a szennyezett ter\u00fcleten kell levenni, \u00edgy ezen hullad\u00e9kok gy\u0171jt\u00e9s\u00e9re \u00e9s az alkoholos k\u00e9zfert\u0151tlen\u00edt\u0151 haszn\u00e1lat\u00e1ra lehet\u0151s\u00e9get kell biztos\u00edtani. A fert\u0151tlen\u00edthet\u0151, t\u00f6bbsz\u00f6r haszn\u00e1lhat\u00f3 eszk\u00f6z\u00f6k r\u00e9sz\u00e9re (szem\u00fcveg, arc-pajzs) biztos\u00edtsunk fert\u0151tlen\u00edt\u00e9sre szolg\u00e1l\u00f3 tart\u00e1lyokat a tiszta ter\u00fcleten, ezeket minden, a szennyezett ter\u00fcletr\u0151l t\u00f6rt\u00e9n\u0151 kil\u00e9p\u00e9st k\u00f6vet\u0151en fert\u0151tlen\u00edteni sz\u00fcks\u00e9ges. Tekintettel arra, hogy a l\u00e9gz\u00e9sv\u00e9d\u0151t (FFP2, FFP3 maszk) csak a tiszta ter\u00fcleten t\u00e1vol\u00edthatj\u00e1k el a dolgoz\u00f3k, a tiszta ter\u00fcleten is sz\u00fcks\u00e9ges vesz\u00e9lyes hullad\u00e9kgy\u0171jt\u0151 \u00e9s alkoholos k\u00e9zfert\u0151tlen\u00edt\u0151 biztos\u00edt\u00e1sa.\u00a0<\/p>\n<p><strong><em>Szervezd meg minden \u00e9rintett sz\u00e1m\u00e1ra a sz\u00fcks\u00e9ges oktat\u00e1st! <\/em><\/strong><\/p>\n<p>A COVID-19 gyan\u00fas \u00e9s fert\u0151z\u00f6tt betegek ell\u00e1t\u00e1sa sor\u00e1n az egy\u00e9ni v\u00e9d\u0151eszk\u00f6z\u00f6k haszn\u00e1lat\u00e1nak \u00e9s a keletkez\u0151 vesz\u00e9lyes hullad\u00e9kok kezel\u00e9s\u00e9nek l\u00e9p\u00e9seit minden \u00e9rintett munkat\u00e1rsnak ismernie \u00e9s k\u00f6vetnie kell. Ezzel biztos\u00edthat\u00f3 koll\u00e9g\u00e1ink \u00e9s betegeink v\u00e9delme is. Annak \u00e9rdek\u00e9ben, hogy az ell\u00e1t\u00f3 szem\u00e9lyzet ne csak az \u00e9les szitu\u00e1ci\u00f3ban tal\u00e1lkozzon a kapcsol\u00f3d\u00f3 teend\u0151kkel, ezek oktat\u00e1s\u00e1t \u00e9s gyakoroltat\u00e1s\u00e1t min\u00e9l el\u0151bb meg kell kezdeni. Az oktat\u00e1snak ki kell t\u00e9rnie a v\u00e9d\u0151eszk\u00f6z\u00f6k lev\u00e9tel\u00e9nek helyes kivitelez\u00e9s\u00e9re, a vesz\u00e9lyes hullad\u00e9kok gy\u0171jt\u00e9s\u00e9vel \u00e9s kezel\u00e9s\u00e9vel kapcsolatos szab\u00e1lyokra. Az oktat\u00e1s sor\u00e1n figyelembe kell venni, hogy milyen eszk\u00f6z\u00f6k \u00e9rhet\u0151k el aktu\u00e1lisan a munkat\u00e1rsak sz\u00e1m\u00e1ra, \u00e9s ahhoz kell igaz\u00edtani az oktat\u00e1s tartalm\u00e1t. Amennyiben id\u0151k\u00f6zben m\u00e1s t\u00edpus\u00fa egy\u00e9ni v\u00e9d\u0151eszk\u00f6z (pl. over\u00e1l helyett k\u00f6peny) \u00e9rkezik az ell\u00e1t\u00f3helyre, akkor \u00fajra sz\u00fcks\u00e9gess\u00e9 v\u00e1lhat az oktat\u00e1s, amennyiben az a kor\u00e1bbiakban nem t\u00e9rt ki ennek haszn\u00e1lat\u00e1ra.<\/p>\n<p><strong><em>Helyezz ki plak\u00e1tokat, infografik\u00e1kat! <\/em><\/strong><\/p>\n<p>Mind az egy\u00e9ni v\u00e9d\u0151felszerel\u00e9sek lev\u00e9tel\u00e9re, mind pedig a vesz\u00e9lyes hullad\u00e9kok megfelel\u0151 elhelyez\u00e9s\u00e9re vonatkoz\u00f3an k\u00e9sz\u00edthet\u0151k t\u00e1j\u00e9koztat\u00f3k, amik seg\u00edts\u00e9get jelenthetnek a munkat\u00e1rsak sz\u00e1m\u00e1ra. A kihelyezett infografik\u00e1kkal, plak\u00e1tokkal feleleven\u00edthetj\u00fck a munkat\u00e1rsak kor\u00e1bban elsaj\u00e1t\u00edtott, erre vonatkoz\u00f3 tud\u00e1s\u00e1t. A t\u00e1j\u00e9koztat\u00f3k k\u00e9sz\u00edt\u00e9s\u00e9n\u00e9l alapelv, hogy azok j\u00f3l l\u00e1that\u00f3 bet\u0171m\u00e9rettel k\u00e9sz\u00fcljenek, legyenek r\u00f6videk, informat\u00edvak, \u00e9s az \u00e1t\u00f6lt\u00f6z\u00e9s hely\u00e9n felt\u0171n\u0151 helyre ker\u00fcljenek kihelyez\u00e9sre.\u00a0A fokozott stressz \u00e9s munkateher l\u00e9nyegesen nagyobb egy\u00e9ni kapacit\u00e1sokat k\u00f6t le, mint a megel\u0151z\u0151, \u201eb\u00e9keid\u0151szakban\u201d, \u00edgy fontos, hogy \u00e9lj\u00fcnk a nyomtatott anyagok adta lehet\u0151s\u00e9ggel, ezzel t\u00e1mogatva dolgoz\u00f3ink mindennapi tev\u00e9kenys\u00e9g\u00e9t \u00e9s egyben biztons\u00e1g\u00e1t. Fontos, hogy a kihelyezett t\u00e1j\u00e9koztat\u00f3k aktu\u00e1lisak, az ell\u00e1t\u00f3helyre specifikusak legyenek. Ha v\u00e1ltozik az alkalmazott v\u00e9d\u0151eszk\u00f6z\u00f6k t\u00edpusa, k\u00e9sz\u00fclj\u00f6n az \u00faj eszk\u00f6zh\u00f6z igazod\u00f3 t\u00e1j\u00e9koztat\u00f3!<\/p>\n<p><strong><em>Seg\u00edtsd a munkat\u00e1rsakat az egy\u00e9ni v\u00e9d\u0151eszk\u00f6z\u00f6k lev\u00e9tel\u00e9ben! <\/em><\/strong><\/p>\n<p>Az egy\u00e9ni v\u00e9d\u0151eszk\u00f6z\u00f6k szab\u00e1lyos lev\u00e9tel\u00e9hez &#8211; teljes be\u00f6lt\u00f6z\u00e9s eset\u00e9n \u2013 seg\u00edts\u00e9gre lehet sz\u00fcks\u00e9g. Amennyiben van \u00f6nk\u00e9ntes seg\u00edt\u0151 (pl. orvostanhallgat\u00f3, \u00e1pol\u00f3 hallgat\u00f3) az oszt\u00e1lyon, ak\u00e1r az \u0151 feladata is lehet ez a seg\u00edts\u00e9gny\u00fajt\u00e1s. Erre a seg\u00edts\u00e9gre a munkat\u00e1rsaknak minden m\u0171szakban sz\u00fcks\u00e9g\u00fck van, ezt figyelembe kell venni a megold\u00e1s kialak\u00edt\u00e1s\u00e1n\u00e1l. Az optim\u00e1lis munkaer\u0151 gazd\u00e1lkod\u00e1s \u00e9rdek\u00e9ben a v\u00e9d\u0151eszk\u00f6z\u00f6k lev\u00e9tel\u00e9ben seg\u00edt\u0151 szem\u00e9ly tov\u00e1bbi feladatokba is bevonhat\u00f3 lehet (pl. hullad\u00e9kgy\u0171jt\u0151k tel\u00edtetts\u00e9g\u00e9nek ellen\u0151rz\u00e9se, cser\u00e9je, adminisztr\u00e1ci\u00f3ja).<\/p>\n<p><strong><em>Gondoskodj alkoholtartalm\u00fa k\u00e9zfert\u0151tlen\u00edt\u0151r\u0151l! <\/em><\/strong><\/p>\n<p>A v\u00e9d\u0151\u00f6lt\u00f6zet lev\u00e9tele sor\u00e1n kiemelten fontos \u00e9s k\u00f6telez\u0151 az alkoholos k\u00e9zfert\u0151tlen\u00edt\u0151 haszn\u00e1lata. \u00c9ppen ez\u00e9rt c\u00e9lszer\u0171 kijel\u00f6lni egy szem\u00e9lyt, &#8211; ak\u00e1r ugyanazt a szem\u00e9lyt, aki a v\u00e9d\u0151eszk\u00f6z\u00f6k kihelyez\u00e9s\u00e9\u00e9rt, ut\u00e1nt\u00f6lt\u00e9s\u00e9\u00e9rt felel &#8211; akinek feladatai k\u00f6z\u00e9 tartozik a k\u00e9zfert\u0151tlen\u00edt\u0151 tart\u00e1lyok rendszeres ellen\u0151rz\u00e9s\u00e9re, sz\u00fcks\u00e9g eset\u00e9n ut\u00e1nt\u00f6lt\u00e9se.\u00a0<\/p>\n<p><strong><em>Jel\u00f6ld ki a vesz\u00e9lyes hullad\u00e9kok kezel\u00e9s\u00e9\u00e9rt felel\u0151s szem\u00e9lyt! <\/em><\/strong><\/p>\n<p>A j\u00e1rv\u00e1ny id\u0151szak\u00e1ban k\u00fcl\u00f6n\u00f6sen fontos, hogy a hullad\u00e9kgy\u0171jt\u0151ket biztons\u00e1gosan tudj\u00e1k haszn\u00e1lni a dolgoz\u00f3k. Ez\u00e9rt c\u00e9lszer\u0171 m\u0171szakonk\u00e9nt megjel\u00f6lni egy szem\u00e9lyt, akinek a feladatk\u00f6r\u00e9be tartozik a vesz\u00e9lyes hullad\u00e9kgy\u0171jt\u0151 zs\u00e1kok\/tart\u00e1lyok tel\u00edtetts\u00e9gi szintj\u00e9nek rendszeres ellen\u0151rz\u00e9se, sz\u00fcks\u00e9g szerint a gy\u0171jt\u0151ed\u00e9nyek z\u00e1r\u00e1sa, el\u0151\u00edr\u00e1s szerinti jel\u00f6l\u00e9se, cser\u00e9je.\u00a0<\/p>\n<p><strong><em>Tervezd meg a COVID-19 j\u00e1rv\u00e1ny miatt megn\u00f6vekedett mennyis\u00e9g\u0171 vesz\u00e9lyes hullad\u00e9kok t\u00e1rol\u00e1s\u00e1t, elsz\u00e1ll\u00edt\u00e1s\u00e1t! <\/em><\/strong><\/p>\n<p>Gondolj arra, hogy ebben a helyzetben a megszokottn\u00e1l j\u00f3val nagyobb mennyis\u00e9g\u0171 vesz\u00e9lyes hullad\u00e9k fog keletkezni! A keletkez\u0151 vesz\u00e9lyes hullad\u00e9kok elsz\u00e1ll\u00edt\u00e1sig t\u00f6rt\u00e9n\u0151 t\u00e1rol\u00e1s\u00e1t \u00e9s elsz\u00e1ll\u00edt\u00e1s\u00e1t ennek figyelembev\u00e9tel\u00e9vel sz\u00fcks\u00e9ges megtervezni mind szervezeti egys\u00e9g-, mind pedig int\u00e9zm\u00e9nyi szinten. Sz\u00fcks\u00e9g lehet ideiglenes t\u00e1rol\u00f3helyek kijel\u00f6l\u00e9s\u00e9re, az elk\u00fcl\u00f6n\u00edtett, \u00e9s illet\u00e9ktelenek \u00e1ltal hozz\u00e1f\u00e9rhetetlen m\u00f3don val\u00f3 t\u00e1rol\u00e1s kialak\u00edt\u00e1s\u00e1ra. Gondolni kell arra is, hogy a vesz\u00e9lyes hullad\u00e9kot el\u0151re meghat\u00e1rozott \u00fatvonalon, r\u00f6gz\u00edtett id\u0151pontban sz\u00e1ll\u00edts\u00e1k az el\u0151re meghat\u00e1rozott helyre. C\u00e9lszer\u0171 \u00e1tgondolni \u00e9s kialak\u00edtani a t\u00e1rol\u00f3helyek tel\u00edt\u0151d\u00e9se eset\u00e9n k\u00f6vetend\u0151 teend\u0151ket (ki, hov\u00e1, kinek jelezzen a soron k\u00edv\u00fcli elsz\u00e1ll\u00edt\u00e1s sz\u00fcks\u00e9gess\u00e9g\u00e9r\u0151l).<\/p>\n<p>Megjegyz\u00e9s: Jelen aj\u00e1nl\u00e1s szorosan kapcsol\u00f3dik az <strong>Egy\u00e9ni v\u00e9d\u0151eszk\u00f6z\u00f6k rendelkez\u00e9sre \u00e1ll\u00e1sa \u00e9s alkalmaz\u00e1sa <\/strong>c\u00edm\u0171 aj\u00e1nl\u00e1sunkhoz.<\/p>\n<p><a href=\"https:\/\/semmelweis.hu\/emk\/files\/2020\/04\/Korhazi_Covid__6.pdf\">Teljes anyag ellen\u0151rz\u0151 list\u00e1val<\/a>\u00a0<\/p>\n<p><a href=\"https:\/\/semmelweis.hu\/emk\/files\/2020\/04\/covid-sablon-6-\u00faj.pdf\">R\u00f6vid le\u00edr\u00e1s<\/a><\/p>\n<p><a href=\"https:\/\/www.youtube.com\/watch?v=CJQZQ_4iwQs&amp;feature=youtu.be\">Vide\u00f3<\/a><\/p>\n<p><strong>Felhaszn\u00e1lt szakirodalom:<\/strong><\/p>\n<p>A COVID-19 megel\u0151z\u00e9s\u00e9nek \u00e9s kezel\u00e9s\u00e9nek k\u00e9zik\u00f6nyve, magyar ford\u00edt\u00e1s (2020), 1,2 ford\u00edt\u00e1s<\/p>\n<p>A 2020. \u00e9vben azonos\u00edtott \u00faj koronav\u00edrus (SARS-CoV-2) okozta fert\u0151z\u00e9sek (COVID-19) megel\u0151z\u00e9s\u00e9nek \u00e9s ter\u00e1pi\u00e1j\u00e1nak k\u00e9zik\u00f6nyve<\/p>\n<p>Guidance for wearing and removing personal protective equipment in healthcare settings for the care of patients with suspected or confirmed COVID-19 (2020)<\/p>\n","protected":false},"excerpt":{"rendered":"<p>A fokozott fert\u0151z\u00e9svesz\u00e9ly miatt a haszn\u00e1lt egy\u00e9ni v\u00e9d\u0151eszk\u00f6z\u00f6k megfelel\u0151 lev\u00e9tele mellett k\u00fcl\u00f6n\u00f6sen nagy figyelmet kell ford\u00edtani annak helyes gy\u0171jt\u00e9s\u00e9re, t\u00e1rol\u00e1s\u00e1ra, a keletkezett vesz\u00e9lyes hullad\u00e9kok elsz\u00e1ll\u00edt\u00e1s\u00e1ra. Mit tehet\u00fcnk munkat\u00e1rsaink biztons\u00e1g\u00e1\u00e9rt e t\u00e9ren? <a href=\"https:\/\/semmelweis.hu\/emk\/files\/2020\/04\/Korhazi_Covid__6.pdf\"><\/a> A v\u00edrus jellemz\u0151en cseppfert\u0151z\u00e9ssel, a fert\u0151z\u00f6tt v\u00e1lad\u00e9kokkal terjed, direkt vagy indirekt m\u00f3don. Munkav\u00e9gz\u00e9s sor\u00e1n az egy\u00e9ni v\u00e9d\u0151eszk\u00f6z\u00f6kre ker\u00fclhetnek azok a szennyez\u0151d\u00e9sek, amelyek fert\u0151z\u00e9st okozhatnak. &hellip;<\/p>\n","protected":false},"author":101539,"featured_media":0,"parent":16078,"menu_order":6,"comment_status":"closed","ping_status":"closed","template":"","meta":{"_acf_changed":false,"footnotes":""},"categories":[],"tags":[],"class_list":["post-16257","page","type-page","status-publish","hentry"],"acf":[],"_links":{"self":[{"href":"https:\/\/semmelweis.hu\/emk\/wp-json\/wp\/v2\/pages\/16257","targetHints":{"allow":["GET"]}}],"collection":[{"href":"https:\/\/semmelweis.hu\/emk\/wp-json\/wp\/v2\/pages"}],"about":[{"href":"https:\/\/semmelweis.hu\/emk\/wp-json\/wp\/v2\/types\/page"}],"author":[{"embeddable":true,"href":"https:\/\/semmelweis.hu\/emk\/wp-json\/wp\/v2\/users\/101539"}],"replies":[{"embeddable":true,"href":"https:\/\/semmelweis.hu\/emk\/wp-json\/wp\/v2\/comments?post=16257"}],"version-history":[{"count":4,"href":"https:\/\/semmelweis.hu\/emk\/wp-json\/wp\/v2\/pages\/16257\/revisions"}],"predecessor-version":[{"id":16284,"href":"https:\/\/semmelweis.hu\/emk\/wp-json\/wp\/v2\/pages\/16257\/revisions\/16284"}],"up":[{"embeddable":true,"href":"https:\/\/semmelweis.hu\/emk\/wp-json\/wp\/v2\/pages\/16078"}],"wp:attachment":[{"href":"https:\/\/semmelweis.hu\/emk\/wp-json\/wp\/v2\/media?parent=16257"}],"wp:term":[{"taxonomy":"category","embeddable":true,"href":"https:\/\/semmelweis.hu\/emk\/wp-json\/wp\/v2\/categories?post=16257"},{"taxonomy":"post_tag","embeddable":true,"href":"https:\/\/semmelweis.hu\/emk\/wp-json\/wp\/v2\/tags?post=16257"}],"curies":[{"name":"wp","href":"https:\/\/api.w.org\/{rel}","templated":true}]}}