{"id":16246,"date":"2020-04-15T08:44:45","date_gmt":"2020-04-15T06:44:45","guid":{"rendered":"http:\/\/semmelweis.hu\/emk\/?page_id=16246"},"modified":"2020-04-15T12:03:15","modified_gmt":"2020-04-15T10:03:15","slug":"egyeni-vedoeszkozok-rendelkezesre-allasa-es-alkalmazasa","status":"publish","type":"page","link":"https:\/\/semmelweis.hu\/emk\/kutatasi-tevekenysegunk\/minosegugy-es-betegbiztonsag\/covid-19-menedzsment-ajanlasaink\/egyeni-vedoeszkozok-rendelkezesre-allasa-es-alkalmazasa\/","title":{"rendered":"Egy\u00e9ni v\u00e9d\u0151eszk\u00f6z\u00f6k rendelkez\u00e9sre \u00e1ll\u00e1sa \u00e9s alkalmaz\u00e1sa"},"content":{"rendered":"<p><strong>A fokozott fert\u0151z\u00e9svesz\u00e9ly miatt a megszokottn\u00e1l t\u00f6bb egy\u00e9ni v\u00e9d\u0151eszk\u00f6z haszn\u00e1lat\u00e1ra van sz\u00fcks\u00e9g. De mit tegy\u00fcnk az\u00e9rt, hogy ez megfelel\u0151 m\u00f3don meg is val\u00f3suljon? <a href=\"https:\/\/semmelweis.hu\/emk\/files\/2020\/04\/Korhazi_Covid__5.pdf\"><img loading=\"lazy\" decoding=\"async\" class=\"alignnone wp-image-16148\" src=\"https:\/\/semmelweis.hu\/emk\/files\/2020\/04\/nyomtatni-ikon-2-01-1-355x400.png\" alt=\"\" width=\"60\" height=\"68\" \/><\/a><\/strong><\/p>\n<p>A COVID-19 j\u00e1rv\u00e1ny miatt nagym\u00e9rt\u00e9k\u0171 v\u00e1ltoz\u00e1sok k\u00f6vetkeznek be az int\u00e9zm\u00e9nyek m\u0171k\u00f6d\u00e9s\u00e9ben. Az egyik ilyen v\u00e1ltoz\u00e1s az, hogy a COVID-19 gyan\u00fas, vagy fert\u0151z\u00f6tt betegek ell\u00e1t\u00e1s\u00e1hoz m\u00e1r nem elegend\u0151 a megszokott munkaruh\u00e1zat. Sz\u00e1mos egy\u00e9ni v\u00e9d\u0151eszk\u00f6z rutinszer\u0171 haszn\u00e1lata v\u00e1lik sz\u00fcks\u00e9gess\u00e9. Olyan eszk\u00f6z\u00f6k\u00e9 is, amiket kor\u00e1bban a munkat\u00e1rsak nem haszn\u00e1ltak napi rendszeress\u00e9ggel, \u00edgy nincs rutinjuk azok helyes alkalmaz\u00e1s\u00e1val kapcsolatban. M\u00e9g ha volt is kialak\u00edtott rendje annak, hogy ezek az eszk\u00f6z\u00f6k hol \u00e9rhet\u0151ek el az oszt\u00e1lyon, hol \u00e9rdemes \u00e1t\u00f6lt\u00f6zni, hogyan oldhat\u00f3 meg az, hogy mindig legyen megfelel\u0151 mennyis\u00e9gben el\u00e9rhet\u0151 v\u00e9d\u0151eszk\u00f6z a szem\u00e9lyzet sz\u00e1m\u00e1ra, \u00e9s \u0151k tudj\u00e1k, hogy mikor \u00e9s hogyan viselj\u00e9k azokat, a jelenlegi k\u00f6r\u00fclm\u00e9nyekhez, elv\u00e1r\u00e1sokhoz sz\u00fcks\u00e9ges adapt\u00e1lni mindezt.<\/p>\n<p>A j\u00e1rv\u00e1ny sor\u00e1n a munkat\u00e1rsak v\u00e9delme els\u0151dleges szempont, hiszen a betegek ell\u00e1t\u00e1s\u00e1nak kulcsfontoss\u00e1g\u00fa, \u00e9s m\u00e1ssal p\u00f3tolhatatlan t\u00e9nyez\u0151je a hum\u00e1n er\u0151forr\u00e1s.<\/p>\n<p>\u00c9ppen ez\u00e9rt \u00e1t kell gondolni, hogyan lehet biztos\u00edtani, hogy ezek az egy\u00e9ni v\u00e9d\u0151eszk\u00f6z\u00f6k a megfelel\u0151 helyen, megfelel\u0151 mennyis\u00e9gben \u00e9s min\u0151s\u00e9gben rendelkez\u00e9sre \u00e1lljanak, \u00e9s a munkat\u00e1rsak helyesen alkalmazz\u00e1k azokat. Ehhez a k\u00f6vetkez\u0151ket aj\u00e1nljuk:<\/p>\n<p><strong><em>Cs\u00f6kkentsd az adminisztrat\u00edv folyamatokat a minim\u00e1lisra! <\/em><\/strong><\/p>\n<p>A v\u00e9d\u0151eszk\u00f6z\u00f6k beszerz\u00e9s\u00e9vel, ig\u00e9nyl\u00e9s\u00e9vel, \u00e1tv\u00e9tel\u00e9vel, ledob\u00e1s\u00e1val, stb. kapcsolatos adminisztr\u00e1ci\u00f3s terheket a minim\u00e1lisra kell cs\u00f6kkenteni, \u00e9s lehet\u0151s\u00e9g szerint \u00fagy megoldani ezen feladatok ell\u00e1t\u00e1s\u00e1t, hogy az ne a betegell\u00e1t\u00f3 szem\u00e9lyzetet terhelje.<\/p>\n<p><strong><em>Jel\u00f6lj ki a k\u00e9szletgazd\u00e1lkod\u00e1s\u00e9rt felel\u0151s szem\u00e9lyeket, akik figyelemmel k\u00eds\u00e9rik a v\u00e9d\u0151eszk\u00f6z\u00f6k ir\u00e1nti sz\u00fcks\u00e9glet alakul\u00e1s\u00e1t, azok fogy\u00e1s\u00e1t \u00e9s sz\u00fcks\u00e9g eset\u00e9n gondoskodnak az ut\u00e1nrendel\u00e9sr\u0151l! <\/em><\/strong><\/p>\n<p>Int\u00e9zm\u00e9nyi \u00e9s szervezeti egys\u00e9g szinten is fontos az egy\u00e9ni v\u00e9d\u0151eszk\u00f6z\u00f6kb\u0151l rendelkez\u00e9sre \u00e1ll\u00f3 k\u00e9szletek figyelemmel k\u00eds\u00e9r\u00e9se, ehhez k\u00e9szletgazd\u00e1lkod\u00e1s\u00e9rt felel\u0151s szem\u00e9lyek kijel\u00f6l\u00e9se sz\u00fcks\u00e9ges. A kijel\u00f6lt szem\u00e9lyeknek a bev\u00e9telez\u00e9st k\u00f6vet\u0151en gondoskodniuk kell a sz\u00fcks\u00e9ges mennyis\u00e9g felm\u00e9r\u00e9s\u00e9r\u0151l, a szakszer\u0171 t\u00e1rol\u00e1sr\u00f3l, az eszk\u00f6z\u00f6k fogy\u00e1s\u00e1nak nyomon k\u00f6vet\u00e9s\u00e9r\u0151l, a szab\u00e1lyos kiad\u00e1sr\u00f3l \u00e9s az ut\u00e1nrendel\u00e9s id\u0151ben t\u00f6rt\u00e9n\u0151 elind\u00edt\u00e1s\u00e1r\u00f3l. A sz\u00fcks\u00e9ges mennyis\u00e9g becsl\u00e9s\u00e9hez kiindul\u00f3 inform\u00e1ci\u00f3 lehet a betegforgalom v\u00e1rhat\u00f3 alakul\u00e1sa, a k\u00fcl\u00f6nb\u00f6z\u0151 szint\u0171 v\u00e9d\u0151eszk\u00f6zcsomagok \u00f6sszet\u00e9tele, az egy m\u0171szakban egy\u00e9ni v\u00e9d\u0151eszk\u00f6zt haszn\u00e1l\u00f3 dolgoz\u00f3k sz\u00e1ma (z\u00f3n\u00e1nk\u00e9nt, az ott haszn\u00e1lt v\u00e9d\u0151eszk\u00f6zcsomag t\u00edpus\u00e1t figyelembe v\u00e9ve), egy m\u0171szakon bel\u00fcli \u00e1t\u00f6lt\u00f6z\u00e9sek sz\u00e1ma. A munkat\u00e1rsak sz\u00e1m\u00e1ra minden m\u0171szakban, h\u00e9tv\u00e9g\u00e9n is rendelkez\u00e9sre kell, hogy \u00e1lljon az el\u0151\u00edrt, megfelel\u0151 mennyis\u00e9g\u0171, min\u0151s\u00e9g\u0171 \u00e9s m\u00e9ret\u0171 v\u00e9d\u0151eszk\u00f6z az akad\u00e1lymentes ell\u00e1t\u00e1s \u00e9rdek\u00e9ben.<\/p>\n<p><strong><em>Hat\u00e1rozd meg, hogy kinek, hol, milyen szitu\u00e1ci\u00f3ban, milyen v\u00e9d\u0151eszk\u00f6zt kell haszn\u00e1lnia! <\/em><\/strong><\/p>\n<p>Ezt a list\u00e1t a Magyar Koronav\u00edrus K\u00e9zik\u00f6nyv alapj\u00e1n, az adott szervezeti egys\u00e9gre vonatkoz\u00f3an sz\u00fcks\u00e9ges \u00f6ssze\u00e1ll\u00edtani, ismerve az ott zajl\u00f3 munkafolyamatokat, helyi jellemz\u0151ket. Ez a lista alapul szolg\u00e1l a tov\u00e1bbi teend\u0151kh\u00f6z, hiszen ennek ismeret\u00e9ben hat\u00e1rozhat\u00f3 meg az, hogy milyen t\u00edpus\u00fa \u00e9s mennyis\u00e9g\u0171 v\u00e9d\u0151eszk\u00f6z ig\u00e9nyl\u00e9s\u00e9re lehet sz\u00fcks\u00e9g, illetve milyen ismeretek elsaj\u00e1t\u00edt\u00e1s\u00e1t kell megszervezni a dolgoz\u00f3k k\u00f6r\u00e9ben.\u00a0<\/p>\n<p><strong><em>Jel\u00f6ld ki a v\u00e9d\u0151eszk\u00f6z\u00f6k felv\u00e9tel\u00e9nek hely\u00e9t! <\/em><\/strong><\/p>\n<p>K\u00fcl\u00f6n\u00f6sen nagy jelent\u0151s\u00e9ge van ennek azokon az oszt\u00e1lyokon, ahol magasabb szint\u0171 v\u00e9delmet, a seb\u00e9szeti maszkon \u00e9s a gumikeszty\u0171n t\u00fal sz\u00e1mos egy\u00e9b egy\u00e9ni v\u00e9d\u0151eszk\u00f6zt kell biztos\u00edtani a szem\u00e9lyzet sz\u00e1m\u00e1ra. Ilyen szervezeti egys\u00e9gek a s\u00fcrg\u0151ss\u00e9gi, intenz\u00edv \u00e9s infektol\u00f3giai oszt\u00e1lyok, de m\u00e1s oszt\u00e1lyokon is lehetnek olyan izol\u00e1lt betegek, akiknek az ell\u00e1t\u00e1s\u00e1hoz magasabb szint\u0171 v\u00e9delem sz\u00fcks\u00e9ges. Az egy\u00e9ni v\u00e9d\u0151eszk\u00f6z\u00f6k felv\u00e9tele minden esetben tiszta (a v\u00edrus \u00e1ltal nem kontamin\u00e1lt) ter\u00fcleten t\u00f6rt\u00e9njen!<\/p>\n<p><strong><em>Jel\u00f6ld ki a v\u00e9d\u0151eszk\u00f6z\u00f6k kihelyez\u00e9s\u00e9\u00e9rt \u00e9s ut\u00e1nt\u00f6lt\u00e9s\u00e9\u00e9rt felel\u0151s szem\u00e9ly(eke)t! <\/em><\/strong><\/p>\n<p>Annak a szem\u00e9lynek, aki a v\u00e9d\u0151eszk\u00f6z\u00f6k felt\u00f6lt\u00e9s\u00e9\u00e9rt felel, pontos ismeretekkel kell rendelkeznie a sz\u00fcks\u00e9ges v\u00e9d\u0151eszk\u00f6z\u00f6k fajt\u00e1ir\u00f3l \u00e9s mennyis\u00e9g\u00e9r\u0151l, az int\u00e9zm\u00e9nybe \u00e9rkezett v\u00e9d\u0151eszk\u00f6z\u00f6kr\u0151l. Az erre a feladatra val\u00f3 felk\u00e9sz\u00edt\u00e9s elengedhetetlen. Az oktat\u00e1snak ki kell t\u00e9rnie arra, hogy mi hol tal\u00e1lhat\u00f3 a rakt\u00e1rban, milyen \u00fatvonalon kell eljuttatni az eszk\u00f6z\u00f6ket a kijel\u00f6lt helyis\u00e9gbe. A felel\u0151snek ismeretekkel kell rendelkeznie a v\u00e9d\u0151eszk\u00f6z\u00f6k t\u00edpus\u00e1r\u00f3l, arr\u00f3l, hogy egy be\u00f6lt\u00f6z\u00e9shez mennyif\u00e9le v\u00e9d\u0151eszk\u00f6z sz\u00fcks\u00e9ges, \u00e9s egy m\u0171szakban v\u00e1rhat\u00f3an h\u00e1ny szett v\u00e9d\u0151eszk\u00f6zre van sz\u00fcks\u00e9g. A j\u00e1rv\u00e1ny ideje alatt el\u0151fordulhat, hogy t\u00f6bb k\u00fcl\u00f6nb\u00f6z\u0151 fajt\u00e1j\u00fa, gy\u00e1rtm\u00e1ny\u00fa v\u00e9d\u0151eszk\u00f6z \u00e9rkezik az int\u00e9zm\u00e9nybe. Erre a felel\u0151s szem\u00e9ly(eke)t fel kell k\u00e9sz\u00edteni. Jelen helyzetben az orvosoknak, szakdolgoz\u00f3knak ezek a v\u00e9d\u0151eszk\u00f6z\u00f6k minden esetben a rendelkez\u00e9s\u00fckre kell, hogy \u00e1lljanak. Fontos, hogy ezt a feladatot prec\u00edz, megb\u00edzhat\u00f3 munkat\u00e1rsra b\u00edzzuk. A felel\u0151s(\u00f6k) kiv\u00e1laszt\u00e1s\u00e1n\u00e1l gondolj arra is, hogy az eszk\u00f6z\u00f6knek minden m\u0171szakban, h\u00e9tv\u00e9g\u00e9n is rendelkez\u00e9sre kell \u00e1llniuk!<\/p>\n<p><strong><em>Gondoskodj alkoholtartalm\u00fa k\u00e9zfert\u0151tlen\u00edt\u0151r\u0151l! <\/em><\/strong><\/p>\n<p>A be\u00f6lt\u00f6z\u00e9s sor\u00e1n k\u00f6telez\u0151 az alkoholos k\u00e9zfert\u0151tlen\u00edt\u0151 haszn\u00e1lata. A k\u00e9zfert\u0151tlen\u00edt\u0151 tart\u00e1lyok rendszeres ellen\u0151rz\u00e9se, sz\u00fcks\u00e9g eset\u00e9n ut\u00e1nt\u00f6lt\u00e9se fontos, \u00e9ppen ez\u00e9rt \u00e9rdemes felel\u0151st rendelni ehhez a teend\u0151h\u00f6z is &#8211; ak\u00e1r ugyanazt a szem\u00e9lyt, aki a v\u00e9d\u0151eszk\u00f6z\u00f6k kihelyez\u00e9s\u00e9\u00e9rt, ut\u00e1nt\u00f6lt\u00e9s\u00e9\u00e9rt felel &#8211; hogy biztosan ne maradjon gazd\u00e1tlanul a folyamat.<\/p>\n<p><strong><em>Gondoskodj a munkat\u00e1rsak oktat\u00e1s\u00e1r\u00f3l! <\/em><\/strong><\/p>\n<p>Munkat\u00e1rsaink nagy t\u00f6bbs\u00e9ge a COVID-19 j\u00e1rv\u00e1nyt megel\u0151z\u0151en nem haszn\u00e1lt munk\u00e1ja sor\u00e1n olyan egy\u00e9ni v\u00e9d\u0151eszk\u00f6z\u00f6ket, mint amelyek haszn\u00e1lat\u00e1ra most r\u00e1k\u00e9nyszer\u00fcl saj\u00e1t biztons\u00e1ga \u00e9rdek\u00e9ben is. A v\u00e9d\u0151eszk\u00f6z\u00f6k azonban csak akkor biztos\u00edtj\u00e1k a t\u0151l\u00fck elv\u00e1rt v\u00e9delmet, ha azokat helyesen alkalmazz\u00e1k. Tekintettel arra, hogy ezek haszn\u00e1lat\u00e1ban a munkat\u00e1rsaknak nincs rutinjuk, oktat\u00e1sra, gyakorl\u00e1sra szorulnak. Fontos azt az inform\u00e1ci\u00f3t is megosztani vel\u00fck, hogy mi az az alapfelszerel\u00e9s, amit mindenk\u00e9ppen viselni\u00fck kell, \u00e9s mely tev\u00e9kenys\u00e9gek jelentenek nagyobb kock\u00e1zatot a fert\u0151z\u0151d\u00e9s szempontj\u00e1b\u00f3l, azaz melyek azok a munkafolyamatok, amelyek v\u00e9gz\u00e9se sor\u00e1n tov\u00e1bbi v\u00e9d\u0151eszk\u00f6z\u00f6k alkalmaz\u00e1sa sz\u00fcks\u00e9ges.\u00a0<\/p>\n<p>Az oktat\u00e1sr\u00f3l c\u00e9lszer\u0171 miel\u0151bb gondoskodni, az elsaj\u00e1t\u00edtott ismereteket gyakoroltatni, az\u00e9rt, hogy a k\u00e9s\u0151bbiekben, az esetsz\u00e1m emelked\u00e9sekor a be\u00f6lt\u00f6z\u00e9s m\u00e1r rutinosan, \u00e9s a lehet\u0151 legkisebb id\u0151vesztes\u00e9ggel t\u00f6rt\u00e9njen. Az oktat\u00e1s sor\u00e1n figyelembe kell venni, hogy milyen eszk\u00f6z\u00f6k \u00e9rhet\u0151k el aktu\u00e1lisan a munkat\u00e1rsak sz\u00e1m\u00e1ra, \u00e9s ahhoz kell igaz\u00edtani az oktat\u00e1s tartalm\u00e1t. Amennyiben id\u0151k\u00f6zben m\u00e1s t\u00edpus\u00fa egy\u00e9ni v\u00e9d\u0151eszk\u00f6z (pl. over\u00e1l helyett k\u00f6peny) \u00e9rkezik az ell\u00e1t\u00f3helyre, akkor \u00fajra sz\u00fcks\u00e9gess\u00e9 v\u00e1lhat az oktat\u00e1s, amennyiben az a kor\u00e1bbiakban ennek haszn\u00e1lat\u00e1ra nem t\u00e9rt ki.<\/p>\n<p><strong><em>\u00c9lj a t\u00e1j\u00e9koztat\u00f3 plak\u00e1tok adta lehet\u0151s\u00e9ggel! <\/em><\/strong><\/p>\n<p>Az egy\u00e9ni v\u00e9d\u0151eszk\u00f6z\u00f6k felv\u00e9tel\u00e9nek l\u00e9p\u00e9seit bemutat\u00f3 infografik\u00e1k, plak\u00e1tok seg\u00edtik a megfelel\u0151 rutin kialak\u00edt\u00e1s\u00e1t. A be\u00f6lt\u00f6z\u00e9s hely\u00e9n (tiszta ter\u00fclet) kihelyezett plak\u00e1t f\u0151k\u00e9nt a kezdeti id\u0151szakban hasznos t\u00e1mogat\u00e1st ny\u00fajthat a szem\u00e9lyzet sz\u00e1m\u00e1ra. A lamin\u00e1lt form\u00e1ban kihelyezett t\u00e1j\u00e9koztat\u00f3 lehet\u0151s\u00e9get ad annak fert\u0151tlen\u00edt\u00e9s\u00e9re is. Fontos, hogy a kihelyezett t\u00e1j\u00e9koztat\u00f3k aktu\u00e1lisak, ell\u00e1t\u00f3helyre specifikusak legyenek. Ha v\u00e1ltozik az alkalmazand\u00f3 v\u00e9d\u0151eszk\u00f6z\u00f6k t\u00edpusa, k\u00e9sz\u00fclj\u00f6n az \u00faj eszk\u00f6zh\u00f6z igazod\u00f3 t\u00e1j\u00e9koztat\u00f3!<\/p>\n<p><strong><em>Seg\u00edtsd a munkat\u00e1rsakat az egy\u00e9ni v\u00e9d\u0151eszk\u00f6z\u00f6k felv\u00e9tel\u00e9ben! <\/em><\/strong><\/p>\n<p>Az egy\u00e9ni v\u00e9d\u0151eszk\u00f6z\u00f6k felv\u00e9tele id\u0151ig\u00e9nyes, \u00e9s nem egyszer\u0171 feladat. Amennyire lehets\u00e9ges, c\u00e9lszer\u0171 seg\u00edteni a munkat\u00e1rsakat az \u00f6lt\u00f6z\u00e9sben. A munkat\u00e1rsak (egyszerre t\u00f6rt\u00e9n\u0151 be\u00f6lt\u00f6z\u00e9skor) egym\u00e1snak is tudnak seg\u00edteni, de ha van \u00f6nk\u00e9ntes seg\u00edt\u0151 (pl. orvostanhallgat\u00f3 vagy \u00e1pol\u00f3 hallgat\u00f3) az oszt\u00e1lyon, ak\u00e1r az \u0151 feladata is lehet ez a seg\u00edts\u00e9gny\u00fajt\u00e1s. Ezzel egyszer\u0171bb\u00e9 \u00e9s gyorsabb\u00e1 v\u00e1lhat a v\u00e9d\u0151eszk\u00f6z\u00f6k felv\u00e9tele. R\u00e1ad\u00e1sul a v\u00e9d\u0151k\u00f6penyek megfelel\u0151 technik\u00e1val t\u00f6rt\u00e9n\u0151, szab\u00e1lyos felv\u00e9tel\u00e9hez elengedhetetlen egy seg\u00edt\u0151 jelenl\u00e9te.<\/p>\n<p><strong><em>Ellen\u0151rizd az egy\u00e9ni v\u00e9d\u0151eszk\u00f6z\u00f6k helyes alkalmaz\u00e1s\u00e1t! <\/em><\/strong><\/p>\n<p>Az egy\u00e9ni v\u00e9d\u0151eszk\u00f6z helyes alkalmaz\u00e1sa egyar\u00e1nt \u00e9rdeke a dolgoz\u00f3knak \u00e9s a munk\u00e1ltat\u00f3nak is. Nagy seg\u00edts\u00e9get jelenthet a helyes gyakorlat kialak\u00edt\u00e1s\u00e1ban a v\u00e9d\u0151felszerel\u00e9s helyes alkalmaz\u00e1s\u00e1nak rendszeres ellen\u0151rz\u00e9se. Ezt a feladatot v\u00e9gezheti ak\u00e1r a be\u00f6lt\u00f6z\u00e9st seg\u00edt\u0151 szem\u00e9ly, vagy fel\u00fcgyelhet r\u00e1 egy olyan koll\u00e9ga, aki egy\u00e9bk\u00e9nt az adott beavatkoz\u00e1shoz, mint k\u00e9szenl\u00e9ti ember van ott, egyel\u0151re nem \u00f6lt\u00f6zik be, de ha a helyzet \u00fagy hozza, akkor csatlakozik \u0151 is az ell\u00e1t\u00f3 teamhez. Eredm\u00e9nyre vezethet az is, ha egy infekci\u00f3kontrollban j\u00e1rtas szem\u00e9ly l\u00e1togatja k\u00f6rbe az int\u00e9zm\u00e9ny ell\u00e1t\u00e1si helysz\u00edneit, figyeli a v\u00e9gzett tev\u00e9kenys\u00e9geket (k\u00e9zmos\u00e1s, k\u00e9zfert\u0151tlen\u00edt\u00e9s, be\u00f6lt\u00f6z\u00e9s, stb.) \u00e9s sz\u00fcks\u00e9g eset\u00e9n korrig\u00e1l. Az ellen\u0151rz\u00e9sek sor\u00e1n szerzett tapasztalatok be\u00e9p\u00edthet\u0151k a k\u00f6vetkez\u0151 oktat\u00e1sok tematik\u00e1j\u00e1ba, seg\u00edts\u00e9g\u00fckkel fejleszthet\u0151 az oktat\u00e1s.<\/p>\n<p><strong><em>L\u00e9gy nyitott a munkat\u00e1rsak visszajelz\u00e9seire! <\/em><\/strong><\/p>\n<p>Sok esetben csak haszn\u00e1lat k\u00f6zben der\u00fcl f\u00e9ny arra, ha egy v\u00e9d\u0151eszk\u00f6zzel kapcsolatban kifog\u00e1sok mer\u00fclnek fel. A munkat\u00e1rsak ilyen jelleg\u0171 \u00e9szrev\u00e9teleit, jelz\u00e9seit \u00e9rdemes \u00f6sszes\u00edtve tov\u00e1bb\u00edtani az \u00e9rintett vezet\u0151 fel\u00e9, aki a k\u00e9s\u0151bbiekben, egy k\u00f6vetkez\u0151 beszerz\u00e9s ind\u00edt\u00e1sakor, ezeket az inform\u00e1ci\u00f3kat szem el\u0151tt tartja.<\/p>\n<p>Megjegyz\u00e9s: Jelen aj\u00e1nl\u00e1s szorosan kapcsol\u00f3dik a <strong>Haszn\u00e1lt egy\u00e9ni v\u00e9d\u0151eszk\u00f6z\u00f6k lev\u00e9tele, gy\u0171jt\u00e9se, a keletkezett vesz\u00e9lyes hullad\u00e9k kezel\u00e9se<\/strong> c\u00edm\u0171 aj\u00e1nl\u00e1sunkhoz.<\/p>\n<p><a href=\"https:\/\/semmelweis.hu\/emk\/files\/2020\/04\/Korhazi_Covid__5.pdf\">Teljes anyag ellen\u0151rz\u0151 list\u00e1val<\/a><\/p>\n<p><a href=\"https:\/\/semmelweis.hu\/emk\/files\/2020\/04\/covid-sablon-5-\u00faj.pdf\">R\u00f6vid le\u00edr\u00e1s<\/a><\/p>\n<p><a href=\"https:\/\/www.youtube.com\/watch?v=0eK7J0biQoI&amp;feature=youtu.be\">Vide\u00f3<\/a><\/p>\n<p><strong>Felhaszn\u00e1lt szakirodalom:<\/strong><\/p>\n<p>A COVID-19 megel\u0151z\u00e9s\u00e9nek \u00e9s kezel\u00e9s\u00e9nek k\u00e9zik\u00f6nyve, magyar ford\u00edt\u00e1s (2020)<\/p>\n<p>A 2020. \u00e9vben azonos\u00edtott \u00faj koronav\u00edrus (SARS-CoV-2) okozta fert\u0151z\u00e9sek (COVID-19) megel\u0151z\u00e9s\u00e9nek \u00e9s ter\u00e1pi\u00e1j\u00e1nak k\u00e9zik\u00f6nyve. Magyar Koronav\u00edrus K\u00e9zik\u00f6nyv. Emberi Er\u0151forr\u00e1sok Miniszt\u00e9riuma (2020)<\/p>\n<p>Managing patients with suspected or confirmed COVID-19 at your healthcare facility. WHO (2020)<\/p>\n<p>Guidance for wearing and removing personal protective equipment in healthcare settings for the care of patients with suspected or confirmed COVID-19 (2020)<\/p>\n<p>&nbsp;<\/p>\n","protected":false},"excerpt":{"rendered":"<p>A fokozott fert\u0151z\u00e9svesz\u00e9ly miatt a megszokottn\u00e1l t\u00f6bb egy\u00e9ni v\u00e9d\u0151eszk\u00f6z haszn\u00e1lat\u00e1ra van sz\u00fcks\u00e9g. De mit tegy\u00fcnk az\u00e9rt, hogy ez megfelel\u0151 m\u00f3don meg is val\u00f3suljon? <a href=\"https:\/\/semmelweis.hu\/emk\/files\/2020\/04\/Korhazi_Covid__5.pdf\"><\/a> A COVID-19 j\u00e1rv\u00e1ny miatt nagym\u00e9rt\u00e9k\u0171 v\u00e1ltoz\u00e1sok k\u00f6vetkeznek be az int\u00e9zm\u00e9nyek m\u0171k\u00f6d\u00e9s\u00e9ben. Az egyik ilyen v\u00e1ltoz\u00e1s az, hogy a COVID-19 gyan\u00fas, vagy fert\u0151z\u00f6tt betegek ell\u00e1t\u00e1s\u00e1hoz m\u00e1r nem elegend\u0151 a megszokott munkaruh\u00e1zat. Sz\u00e1mos egy\u00e9ni &hellip;<\/p>\n","protected":false},"author":101539,"featured_media":0,"parent":16078,"menu_order":5,"comment_status":"closed","ping_status":"closed","template":"","meta":{"_acf_changed":false,"footnotes":""},"categories":[],"tags":[],"class_list":["post-16246","page","type-page","status-publish","hentry"],"acf":[],"_links":{"self":[{"href":"https:\/\/semmelweis.hu\/emk\/wp-json\/wp\/v2\/pages\/16246","targetHints":{"allow":["GET"]}}],"collection":[{"href":"https:\/\/semmelweis.hu\/emk\/wp-json\/wp\/v2\/pages"}],"about":[{"href":"https:\/\/semmelweis.hu\/emk\/wp-json\/wp\/v2\/types\/page"}],"author":[{"embeddable":true,"href":"https:\/\/semmelweis.hu\/emk\/wp-json\/wp\/v2\/users\/101539"}],"replies":[{"embeddable":true,"href":"https:\/\/semmelweis.hu\/emk\/wp-json\/wp\/v2\/comments?post=16246"}],"version-history":[{"count":8,"href":"https:\/\/semmelweis.hu\/emk\/wp-json\/wp\/v2\/pages\/16246\/revisions"}],"predecessor-version":[{"id":16279,"href":"https:\/\/semmelweis.hu\/emk\/wp-json\/wp\/v2\/pages\/16246\/revisions\/16279"}],"up":[{"embeddable":true,"href":"https:\/\/semmelweis.hu\/emk\/wp-json\/wp\/v2\/pages\/16078"}],"wp:attachment":[{"href":"https:\/\/semmelweis.hu\/emk\/wp-json\/wp\/v2\/media?parent=16246"}],"wp:term":[{"taxonomy":"category","embeddable":true,"href":"https:\/\/semmelweis.hu\/emk\/wp-json\/wp\/v2\/categories?post=16246"},{"taxonomy":"post_tag","embeddable":true,"href":"https:\/\/semmelweis.hu\/emk\/wp-json\/wp\/v2\/tags?post=16246"}],"curies":[{"name":"wp","href":"https:\/\/api.w.org\/{rel}","templated":true}]}}