{"id":16213,"date":"2020-04-09T13:42:22","date_gmt":"2020-04-09T11:42:22","guid":{"rendered":"http:\/\/semmelweis.hu\/emk\/?page_id=16213"},"modified":"2020-04-10T15:56:00","modified_gmt":"2020-04-10T13:56:00","slug":"vedofelszerelesek-munkafolyamatokra-gyakorolt-hatasa","status":"publish","type":"page","link":"https:\/\/semmelweis.hu\/emk\/kutatasi-tevekenysegunk\/minosegugy-es-betegbiztonsag\/covid-19-menedzsment-ajanlasaink\/vedofelszerelesek-munkafolyamatokra-gyakorolt-hatasa\/","title":{"rendered":"V\u00e9d\u0151felszerel\u00e9sek munkafolyamatokra gyakorolt hat\u00e1sa"},"content":{"rendered":"<p><strong>A COVID-19 j\u00e1rv\u00e1ny rengeteg v\u00e9d\u0151felszerel\u00e9st \u00e9s &#8211; eszk\u00f6zt ig\u00e9nyel. Ezek beszerz\u00e9s\u00e9r\u0151l, rakt\u00e1roz\u00e1s\u00e1r\u00f3l \u00e9s megfelel\u0151 sz\u00e9toszt\u00e1s\u00e1r\u00f3l gondoskodni kell \u00e9s a munkat\u00e1rsakat \u00a0oktatni kell a helyes haszn\u00e1latukra. De gondoltunk-e arra, hogy a v\u00e9d\u0151felszerel\u00e9sek alkalmaz\u00e1sa az ell\u00e1t\u00e1si folyamatainkat is megv\u00e1ltoztatja? Mire figyelj\u00fcnk oda, hogy a v\u00e9d\u0151felszerel\u00e9s ne rontsa az ell\u00e1t\u00e1s eredm\u00e9nyess\u00e9g\u00e9t? <a href=\"https:\/\/semmelweis.hu\/emk\/files\/2020\/04\/covid71.pdf\"><img loading=\"lazy\" decoding=\"async\" class=\"alignnone wp-image-16148\" src=\"https:\/\/semmelweis.hu\/emk\/files\/2020\/04\/nyomtatni-ikon-2-01-1-355x400.png\" alt=\"\" width=\"60\" height=\"68\" \/><\/a><\/strong><\/p>\n<p><strong>\u00a0<\/strong>A v\u00e9d\u0151felszerel\u00e9sek csak \u00fagy tudj\u00e1k igaz\u00e1n szolg\u00e1lni a COVID-19 pozit\u00edv betegek ell\u00e1t\u00e1s\u00e1t \u00e9s a munkat\u00e1rsak fert\u0151z\u00e9s\u00e9nek megel\u0151z\u00e9s\u00e9t, ha figyelembe vessz\u00fck alkalmaz\u00e1suk munkafolyamatainkra gyakorolt hat\u00e1sait, \u00e9s \u00edgy az egyes beavatkoz\u00e1sokat is alkalmaz\u00e1sukhoz adapt\u00e1ljuk.\u00a0\u00a0\u00a0\u00a0<\/p>\n<p>A v\u00e9d\u0151felszerel\u00e9sek sz\u00e1mos m\u00f3don befoly\u00e1solj\u00e1k a megszokott munkamenetet, elj\u00e1r\u00e1si technik\u00e1kat. Gondoljunk csak bele, h\u00e1nyan nem haszn\u00e1lnak gumikeszty\u0171t m\u00e9g norm\u00e1l esetben sem p\u00e9ld\u00e1ul v\u00e9rv\u00e9telhez, egyes \u00e1pol\u00f3i feladatok elv\u00e9gz\u00e9s\u00e9hez vagy ak\u00e1r fizik\u00e1lis vizsg\u00e1latokhoz egyszer\u0171en az\u00e9rt, mert haszn\u00e1latukkal \u00fcgyetlenebbnek \u00e9rzik magukat, \u00e9s a tapint\u00e1s\u00e9rz\u00e9k\u00fcnk is csorb\u00e1t szenved. Nemcsak az ell\u00e1t\u00f3 szem\u00e9lyzet, hanem az ell\u00e1t\u00e1s sor\u00e1n alkalmazott eszk\u00f6z\u00f6k, m\u0171szerek kieg\u00e9sz\u00edt\u0151 v\u00e9delmi felszerel\u00e9se is hasonl\u00f3 bizonytalans\u00e1ghoz vezethet. Jelen esetben a v\u00e9d\u0151eszk\u00f6z\u00f6k ir\u00e1nymutat\u00e1s szerinti k\u00f6telez\u0151 \u00e9s helyes alkalmaz\u00e1sa kritikus t\u00e9nyez\u0151, hiszen az eg\u00e9szs\u00e9g\u00fcgyi dolgoz\u00f3k fert\u0151z\u0151d\u00e9se egyr\u00e9szt cs\u00f6kkenti a rendelkez\u00e9sre \u00e1ll\u00f3 ell\u00e1t\u00f3k sz\u00e1m\u00e1t, m\u00e1sr\u00e9szt tov\u00e1bbi betegek \u00e9s dolgoz\u00f3k megfert\u0151z\u0151d\u00e9s\u00e9hez vezethet hozz\u00e1j\u00e1rulva a j\u00e1rv\u00e1ny intenz\u00edvebb terjed\u00e9s\u00e9hez.\u00a0<\/p>\n<p>A v\u00e9d\u0151felszerel\u00e9sek legink\u00e1bb az intenz\u00edv, az infektol\u00f3giai \u00e9s a s\u00fcrg\u0151ss\u00e9gi ell\u00e1t\u00e1sok sor\u00e1n nehez\u00edthetik az egyes munkafolyamatokat az al\u00e1bbi m\u00f3dokon:<\/p>\n<ul>\n<li>Megn\u00f6vekedett id\u0151ig\u00e9ny<\/li>\n<\/ul>\n<p>Az egyes beavatkoz\u00e1sok elv\u00e9gz\u00e9se egyr\u00e9szt <em>a be\u00f6lt\u00f6z\u00e9s \u00e9s ki\u00f6lt\u00f6z\u00e9s<\/em> id\u0151tartam\u00e1val n\u00f6vekszik meg, melynek m\u00e9rt\u00e9ke a v\u00e9dekez\u00e9s szintj\u00e9vel n\u0151. M\u00e1sr\u00e9szt a munkafolyamat elv\u00e9gz\u00e9s\u00e9hez sz\u00fcks\u00e9gess\u00e9 v\u00e1lhat <em>a beteg<\/em> dedik\u00e1lt <em>helysz\u00ednre sz\u00e1ll\u00edt\u00e1sa<\/em>, mely az el\u0151k\u00e9sz\u00edt\u00e9s \u00e9s a beavatkoz\u00e1st k\u00f6vet\u0151 teend\u0151ket ny\u00fajtja meg. A megfelel\u0151 v\u00e9d\u0151felszerel\u00e9sek \u00e9s -eszk\u00f6z\u00f6k alkalmaz\u00e1sa <em>plusz ellen\u0151rz\u00e9si l\u00e9p\u00e9sek<\/em> beiktat\u00e1s\u00e1t is sz\u00fcks\u00e9gess\u00e9 teheti (p\u00e9ld\u00e1ul intub\u00e1ci\u00f3 eset\u00e9n), a felszerel\u00e9sek visel\u00e9se pedig <em>k\u00e9nyelmetlens\u00e9g\u00fckb\u0151l<\/em> fakad\u00f3an is lassabb\u00e1 teszi a beavatkoz\u00e1sok egyes l\u00e9p\u00e9seinek kivitelez\u00e9s\u00e9t. V\u00e9g\u00fcl a szok\u00e1sost\u00f3l elt\u00e9r\u0151 eszk\u00f6z\u00f6k alkalmaz\u00e1sa a <em>gyakorlatlans\u00e1gb\u00f3l<\/em> fakad\u00f3an is emeli a lebonyol\u00edt\u00e1s technikai idej\u00e9t.\u00a0<\/p>\n<ul>\n<li>Megn\u00f6vekedett hum\u00e1n er\u0151forr\u00e1s ig\u00e9ny<\/li>\n<\/ul>\n<p>Az adott beavatkoz\u00e1sokat v\u00e9gz\u0151 munkat\u00e1rsak m\u00e1r puszt\u00e1n a <em>megn\u00f6vekedett id\u0151ig\u00e9ny<\/em> miatt is kevesebb munkafeladatot tudnak ell\u00e1tni adott id\u0151 alatt, m\u00e1sr\u00e9szt egyes beavatkoz\u00e1sok a norm\u00e1l gyakorlathoz k\u00e9pest egyszerre <em>t\u00f6bb munkat\u00e1rs bevon\u00e1s\u00e1t<\/em> ig\u00e9nyelhetik. R\u00e1ad\u00e1sul e munkafolyamatok k\u00f6z\u00fcl n\u00e9h\u00e1nyra sz\u00e1moss\u00e1g\u00e1t tekintve is <em>gyakrabban ker\u00fcl sor<\/em> a COVID-19 fert\u0151z\u00f6tt betegek ell\u00e1t\u00e1sa sor\u00e1n (p\u00e9ld\u00e1ul l\u00e9legeztetett beteg hasra ford\u00edt\u00e1sa).\u00a0<\/p>\n<ul>\n<li>A beavatkoz\u00e1s helysz\u00edn\u00e9nek megv\u00e1ltoz\u00e1sa<\/li>\n<\/ul>\n<p>A megfelel\u0151 v\u00e9d\u0151felszerel\u00e9sekkel val\u00f3 ell\u00e1t\u00e1s sz\u00fcks\u00e9gess\u00e9 teheti az adott beavatkoz\u00e1s szok\u00e1sost\u00f3l <em>elt\u00e9r\u0151 helysz\u00ednen<\/em> t\u00f6rt\u00e9n\u0151 megval\u00f3s\u00edt\u00e1s\u00e1t. Ennek megfelel\u0151en <em>plusz helyis\u00e9gek<\/em> kialak\u00edt\u00e1s\u00e1ra ker\u00fclhet sor (p\u00e9ld\u00e1ul zsilipel\u00e9si c\u00e9lb\u00f3l) vagy megl\u00e9v\u0151 helyis\u00e9gek <em>\u00e1talak\u00edt\u00e1s\u00e1t <\/em>kell megtenni (p\u00e9ld\u00e1ul negat\u00edv nyom\u00e1s\u00fa helyis\u00e9gek kialak\u00edt\u00e1sa), mely egy\u00fattal azt is jelenti, hogy az \u00e9rintett beavatkoz\u00e1sok lebonyol\u00edt\u00e1sa is m\u00e1s k\u00f6r\u00fclm\u00e9nyek k\u00f6z\u00e9 helyez\u0151dik \u00e1t.\u00a0<\/p>\n<ul>\n<li>Megn\u00f6vekedett eszk\u00f6zig\u00e9ny<\/li>\n<\/ul>\n<p>Az <em>emberi v\u00e9d\u0151felszerel\u00e9seken<\/em> k\u00edv\u00fcl a beavatkoz\u00e1shoz alkalmazott eszk\u00f6z\u00f6k, m\u0171szerek haszn\u00e1lata sor\u00e1n is alkalmazhatunk emelt szint\u0171 v\u00e9delmi technik\u00e1kat. Ez jelentheti azt, hogy az egy\u00e9bk\u00e9nt is haszn\u00e1lt eszk\u00f6zt l\u00e1tjuk el <em>plusz kieg\u00e9sz\u00edt\u0151kkel<\/em> (p\u00e9ld\u00e1ul filterekkel), m\u00e1sr\u00e9szt azt, hogy eleve <em>m\u00e1s eszk\u00f6z\u00f6ket<\/em> alkalmazunk a beavatkoz\u00e1s elv\u00e9gz\u00e9s\u00e9hez. Ezek egyr\u00e9szt ad\u00f3dhatnak az <em>egyszerhaszn\u00e1latos eszk\u00f6z\u00f6k<\/em> prefer\u00e1l\u00e1s\u00e1b\u00f3l, m\u00e1sr\u00e9szt olyan eszk\u00f6z\u00f6k, m\u0171szerek alkalmaz\u00e1s\u00e1b\u00f3l, melyek lehet\u0151v\u00e9 teszik a beteggel illetve testnedveivel val\u00f3 mind kisebb m\u00e9rt\u00e9k\u0171 \u00e9rintkez\u00e9st (p\u00e9ld\u00e1ul videolaryngoscope alkalmaz\u00e1sa intub\u00e1l\u00e1skor).\u00a0<\/p>\n<ul>\n<li>Zavar\u00f3 t\u00e9nyez\u0151k<\/li>\n<\/ul>\n<p>A v\u00e9d\u0151felszerel\u00e9sek \u00e9s -eszk\u00f6z\u00f6k alkalmaz\u00e1sa <em>k\u00e9nyelmetlen<\/em> \u00e9s zavar\u00f3 hat\u00e1s\u00fa lehet a beavatkoz\u00e1sok kivitelez\u00e9s\u00e9n\u00e9l. A v\u00e9d\u0151ruh\u00e1k megnehez\u00edthetik p\u00e9ld\u00e1ul a mozg\u00e1st, a gumikeszty\u0171k a tapint\u00e1st, az arcv\u00e9d\u0151k eset\u00e9n pedig p\u00e9ld\u00e1ul a bep\u00e1r\u00e1sod\u00e1ssal is sz\u00e1molni kell.\u00a0<\/p>\n<hr \/>\n<p>Mindezek hat\u00e1s\u00e1ra az &#8211; egy\u00e9bk\u00e9nt megszokott- \u00a0feladatok a rutint\u00f3l val\u00f3 elt\u00e9r\u0151 m\u0171k\u00f6d\u00e9st tesznek sz\u00fcks\u00e9gess\u00e9, mely az ell\u00e1t\u00e1s eredm\u00e9nyess\u00e9g\u00e9t \u00f6nmag\u00e1ban is korl\u00e1tozza. Ezen korl\u00e1toz\u00e1s minimaliz\u00e1l\u00e1sa \u00e9rdek\u00e9ben tedd meg az al\u00e1bbi l\u00e9p\u00e9seket:\u00a0<\/p>\n<p><strong><em>M\u00e9rd fel, hogy mely beavatkoz\u00e1sok eset\u00e9n okozhat l\u00e9nyeges neh\u00e9zs\u00e9get a v\u00e9d\u0151felszerel\u00e9sek alkalmaz\u00e1sa! <\/em><\/strong><\/p>\n<p>Minthogy a magasabb szint\u0171 v\u00e9d\u0151felszerel\u00e9sek alkalmaz\u00e1sa legink\u00e1bb az infektol\u00f3giai, az intenz\u00edv \u00e9s a s\u00fcrg\u0151ss\u00e9gi ell\u00e1t\u00e1st \u00e9rinti, e szakm\u00e1k szak\u00e9rt\u0151inek bevon\u00e1s\u00e1val c\u00e9lszer\u0171 \u00e1ttekinteni, hogy mely beavatkoz\u00e1sok v\u00e9grehajt\u00e1s\u00e1t nehez\u00edthetik az alkalmazand\u00f3 \u00a0v\u00e9d\u0151felszerel\u00e9sek..<\/p>\n<p><strong><em>Az \u00e9rintett beavatkoz\u00e1sok eset\u00e9n k\u00e9sz\u00edtsd el a munkamenetre vonatkoz\u00f3 r\u00e9szletes protokollt, k\u00fcl\u00f6n\u00f6s tekintettel a szok\u00e1sost\u00f3l elt\u00e9r\u0151 l\u00e9p\u00e9sekre! <\/em><\/strong><\/p>\n<p>A legjobb, ha ez esetben a protokoll nemcsak mag\u00e1ra a beavatkoz\u00e1sra, de az ahhoz sz\u00fcks\u00e9ges el\u0151zetes \u00e9s ut\u00f3lagos infekci\u00f3kontroll tev\u00e9kenys\u00e9gekre is kiterjed, \u00edgy a sz\u00fcks\u00e9ges v\u00e9d\u0151ruh\u00e1zat alkalmaz\u00e1s\u00e1ra, az eszk\u00f6z\u00f6k, m\u0171szerek kieg\u00e9sz\u00edt\u0151 elemeire, be\u00e1ll\u00edt\u00e1saira, a beteg \u00e9s\/vagy az ell\u00e1t\u00f3k sz\u00fcks\u00e9g szerinti transzportj\u00e1ra vagy a k\u00f6zb\u00fcls\u0151 ellen\u0151rz\u0151 l\u00e9p\u00e9sekre is. A protokoll legyen r\u00f6vid, \u00e1tl\u00e1that\u00f3, folyamatszeml\u00e9let\u0171.<\/p>\n<p><strong><em>A protokollok alapj\u00e1n tervezd meg a sz\u00fcks\u00e9ges hum\u00e1n er\u0151forr\u00e1s \u00e9s eszk\u00f6zig\u00e9nyt, valamint sz\u00fcks\u00e9g eset\u00e9n a kapcsol\u00f3d\u00f3 betegutakat, \u00e9s integr\u00e1ld ezeket a napi m\u0171k\u00f6d\u00e9s tervez\u00e9s\u00e9be! <\/em><\/strong><\/p>\n<p>Egyes komplex beavatkoz\u00e1sokhoz t\u00f6bblet hum\u00e1n er\u0151forr\u00e1s t\u00e1rsulhat, egyesek ak\u00e1r teamek l\u00e9trehoz\u00e1s\u00e1t is ig\u00e9nyelhetik. Ehhez hozz\u00e1 kell hangolni a napi tervezett hum\u00e1n er\u0151forr\u00e1s l\u00e9tsz\u00e1m\u00e1t, allok\u00e1ci\u00f3j\u00e1t \u00fagy, hogy az tov\u00e1bbra is biztos\u00edtsa a folyamatos ell\u00e1t\u00e1st. A megv\u00e1ltozott eszk\u00f6zig\u00e9ny a beszerz\u00e9sekre, fert\u0151tlen\u00edt\u00e9si \u00e9s steriliz\u00e1l\u00e1si folyamatokra, hullad\u00e9kkezel\u00e9sre is hat\u00e1st gyakorol. A COVID-19 fert\u0151z\u00f6tt betegeken v\u00e9gzett beavatkoz\u00e1sok speci\u00e1lis helysz\u00edneinek rendelkez\u00e9sre \u00e1ll\u00e1s\u00e1t a kapacit\u00e1sok \u00e9s a betegforgalom alapj\u00e1n szint\u00e9n \u00a0el\u0151re \u00e1t kell gondolni, ki kell alak\u00edtani &#8211; a betegutakat is figyelembe v\u00e9ve. Seg\u00edtheti a g\u00f6rd\u00fcl\u00e9kenys\u00e9get, ha az egyes komplex beavatkoz\u00e1sokhoz alkalmazand\u00f3 eszk\u00f6z\u00f6knek ez esetben k\u00fcl\u00f6n t\u00e1lc\u00e1t \u00e1ll\u00edtunk \u00f6ssze, \u00e9s ezeket az adott helyis\u00e9gen bel\u00fcl k\u00f6nnyen el\u00e9rhet\u0151en, el\u0151k\u00e9sz\u00edtetten helyezz\u00fck el.\u00a0\u00a0\u00a0\u00a0\u00a0<\/p>\n<p><strong><em>\u00a0<\/em><em>Biztos\u00edts min\u00e9l t\u00f6bb id\u0151t arra, hogy a munkat\u00e1rsak megismerj\u00e9k \u00e9s begyakorolhass\u00e1k a megv\u00e1ltozott folyamatokat! <\/em><\/strong><\/p>\n<p>Az \u00faj protokollok megismer\u00e9se, el\u00e9rhet\u0151s\u00e9ge els\u0151dleges ugyan a felk\u00e9sz\u00fcl\u00e9sben, de ne feledd, hogy ezekben az esetekben <em>kritikus t\u00e9nyez\u0151 a gyakorl\u00e1s<\/em>. Am\u00edg a t\u00f6meges megbeteged\u00e9sek ideje el\u00e9rkezik, biztos\u00edts id\u0151t az \u00e9rintett munkat\u00e1rsaknak arra, hogy szimul\u00e1ci\u00f3s gyakorlatok r\u00e9v\u00e9n maguk is kitapasztalhass\u00e1k, hogy a megv\u00e1ltozott ruh\u00e1zat \u00e9s eszk\u00f6z\u00f6k mellett hogyan tudj\u00e1k kivitelezni a beavatkoz\u00e1sok egyes l\u00e9p\u00e9seit. Ezzel f\u00e9lelm\u00fck, bizonytalans\u00e1guk jelent\u0151sen cs\u00f6kkenthet\u0151, a val\u00f3s helyzetekben pedig m\u00e1r gyorsabban, szakszer\u0171bben, \u00f6sszeszokottabban \u00e9s felk\u00e9sz\u00fclten tudj\u00e1k majd ell\u00e1tni a betegeket. Az ell\u00e1t\u00e1s eredm\u00e9nyess\u00e9ge \u00edgy n\u0151, \u00e9s cs\u00f6kkenthet\u0151 a lehets\u00e9ges hib\u00e1k, vagy ism\u00e9tl\u0151d\u00e9sek el\u0151fordul\u00e1sa is.\u00a0\u00a0<\/p>\n<p><strong><em>Alak\u00edts ki visszajelz\u00e9si rendszert a val\u00f3s alkalmaz\u00e1s sor\u00e1n tapasztalt tov\u00e1bbi neh\u00e9zs\u00e9gek vagy j\u00f3 praktik\u00e1k gy\u0171jt\u00e9s\u00e9re, kezel\u00e9s\u00e9re \u00e9s mindezek protokollokba t\u00f6rt\u00e9n\u0151 folyamatos integr\u00e1l\u00e1s\u00e1ra! T\u00e1j\u00e9koztasd \u00e9s sz\u00fcks\u00e9g szerint k\u00e9pezd a munkat\u00e1rsakat az \u00faj\u00edt\u00e1sokr\u00f3l! <\/em><\/strong><\/p>\n<p>Ahogy a tapasztalatok gy\u0171lnek, \u00fagy a munkat\u00e1rsak jelz\u00e9sei tov\u00e1bbi seg\u00edts\u00e9get ny\u00fajthatnak az \u00faj folyamatok t\u00f6k\u00e9letes\u00edt\u00e9s\u00e9hez. Ehhez azonban biztos\u00edtani kell ezek rendszeres gy\u0171jt\u00e9s\u00e9t \u00e9s feldolgoz\u00e1s\u00e1t. A jelz\u00e9sek ir\u00e1nyulhatnak a v\u00e9d\u0151felszerel\u00e9sek esetleges hi\u00e1nyoss\u00e1gaira, az egyes m\u0171veletek hat\u00e9kony kivitelez\u00e9s\u00e9re, a zavar\u00f3 hat\u00e1sok minimaliz\u00e1l\u00e1s\u00e1ra, az eszk\u00f6z\u00f6k megfelel\u0151 elhelyez\u00e9s\u00e9re, el\u00e9rhet\u0151s\u00e9g\u00e9re, a munkat\u00e1rsak elhelyezked\u00e9s\u00e9re, mozdulatsorokra, vagy ak\u00e1r a beteg el\u0151k\u00e9sz\u00edt\u00e9s\u00e9re. Amennyiben siker\u00fcl j\u00f3 megold\u00e1sokat azonos\u00edtani, a protokollon val\u00f3 \u00e1tvezet\u00e9s mellett figyelj\u00fcnk arra is, hogy a munkat\u00e1rsakat t\u00e1j\u00e9koztassuk, sz\u00fcks\u00e9g szerint k\u00e9pezz\u00fck a v\u00e1ltoztat\u00e1sok mibenl\u00e9t\u00e9r\u0151l.\u00a0\u00a0<\/p>\n<p><a href=\"https:\/\/semmelweis.hu\/emk\/files\/2020\/04\/covid71.pdf\">Teljes anyag ellen\u0151rz\u0151 list\u00e1val<\/a><\/p>\n<p><a href=\"https:\/\/semmelweis.hu\/emk\/files\/2020\/04\/covid-sablon7-link.pdf\">R\u00f6vid le\u00edr\u00e1s<\/a><\/p>\n<p><a href=\"https:\/\/www.youtube.com\/watch?v=GsUQvqq2N8Q&amp;feature=youtu.be\">Vide\u00f3<\/a><\/p>\n<p><strong>Felhaszn\u00e1lt szakirodalom:<\/strong><\/p>\n<p>Checklist for hospitals preparing for the reception and care of coronavirus 2019 (COVID-19) patients, ECDC Technical Report<\/p>\n<p>Hospital Readiness Checklist for COVID-19, World Health Organization, Regional Office for Europe<\/p>\n<p>Information, guidance and resources supporting the understanding and management of Coronavirus (COVID-19), <a href=\"https:\/\/icmanaesthesiacovid-19.org\">https:\/\/icmanaesthesiacovid-19.org<\/a><\/p>\n","protected":false},"excerpt":{"rendered":"<p>A COVID-19 j\u00e1rv\u00e1ny rengeteg v\u00e9d\u0151felszerel\u00e9st \u00e9s &#8211; eszk\u00f6zt ig\u00e9nyel. Ezek beszerz\u00e9s\u00e9r\u0151l, rakt\u00e1roz\u00e1s\u00e1r\u00f3l \u00e9s megfelel\u0151 sz\u00e9toszt\u00e1s\u00e1r\u00f3l gondoskodni kell \u00e9s a munkat\u00e1rsakat \u00a0oktatni kell a helyes haszn\u00e1latukra. De gondoltunk-e arra, hogy a v\u00e9d\u0151felszerel\u00e9sek alkalmaz\u00e1sa az ell\u00e1t\u00e1si folyamatainkat is megv\u00e1ltoztatja? Mire figyelj\u00fcnk oda, hogy a v\u00e9d\u0151felszerel\u00e9s ne rontsa az ell\u00e1t\u00e1s eredm\u00e9nyess\u00e9g\u00e9t? <a href=\"https:\/\/semmelweis.hu\/emk\/files\/2020\/04\/covid71.pdf\"><\/a> \u00a0A v\u00e9d\u0151felszerel\u00e9sek csak \u00fagy tudj\u00e1k igaz\u00e1n szolg\u00e1lni &hellip;<\/p>\n","protected":false},"author":101539,"featured_media":0,"parent":16078,"menu_order":4,"comment_status":"closed","ping_status":"closed","template":"","meta":{"_acf_changed":false,"footnotes":""},"categories":[],"tags":[],"class_list":["post-16213","page","type-page","status-publish","hentry"],"acf":[],"_links":{"self":[{"href":"https:\/\/semmelweis.hu\/emk\/wp-json\/wp\/v2\/pages\/16213","targetHints":{"allow":["GET"]}}],"collection":[{"href":"https:\/\/semmelweis.hu\/emk\/wp-json\/wp\/v2\/pages"}],"about":[{"href":"https:\/\/semmelweis.hu\/emk\/wp-json\/wp\/v2\/types\/page"}],"author":[{"embeddable":true,"href":"https:\/\/semmelweis.hu\/emk\/wp-json\/wp\/v2\/users\/101539"}],"replies":[{"embeddable":true,"href":"https:\/\/semmelweis.hu\/emk\/wp-json\/wp\/v2\/comments?post=16213"}],"version-history":[{"count":9,"href":"https:\/\/semmelweis.hu\/emk\/wp-json\/wp\/v2\/pages\/16213\/revisions"}],"predecessor-version":[{"id":16236,"href":"https:\/\/semmelweis.hu\/emk\/wp-json\/wp\/v2\/pages\/16213\/revisions\/16236"}],"up":[{"embeddable":true,"href":"https:\/\/semmelweis.hu\/emk\/wp-json\/wp\/v2\/pages\/16078"}],"wp:attachment":[{"href":"https:\/\/semmelweis.hu\/emk\/wp-json\/wp\/v2\/media?parent=16213"}],"wp:term":[{"taxonomy":"category","embeddable":true,"href":"https:\/\/semmelweis.hu\/emk\/wp-json\/wp\/v2\/categories?post=16213"},{"taxonomy":"post_tag","embeddable":true,"href":"https:\/\/semmelweis.hu\/emk\/wp-json\/wp\/v2\/tags?post=16213"}],"curies":[{"name":"wp","href":"https:\/\/api.w.org\/{rel}","templated":true}]}}