{"id":15842,"date":"2020-03-06T13:43:19","date_gmt":"2020-03-06T12:43:19","guid":{"rendered":"http:\/\/semmelweis.hu\/emk\/?page_id=15842"},"modified":"2026-02-06T12:44:06","modified_gmt":"2026-02-06T11:44:06","slug":"futo-projektek","status":"publish","type":"page","link":"https:\/\/semmelweis.hu\/emk\/szakertoi-tevekenyseg-projektek\/futo-projektek\/","title":{"rendered":"Fut\u00f3 projektek"},"content":{"rendered":"<style>\n           #page-grid .card-body > .line-clamp-box.excerpt{\n        width: inherit;\n        max-width: inherit;\n        display:flex;\n        min-height: 2.4em;\n        flex-direction: column;\n        justify-content: space-around;\n        background-color: #D6E4EA;\n        min-height: 3.4rem;\n        font-family: \"Montserrat\", sans-serif;\n    }\n\n    #page-grid a:hover .card-body > .line-clamp-box.excerpt {\n        background-color: #fff;\n        color: #313B40;\n    }\n\n    #page-grid .card-body .line-clamp-box.excerpt section{\n        max-width: inherit;\n        display: -webkit-box;\n        -webkit-line-clamp: 2;\n        -webkit-box-orient: vertical;\n        overflow: hidden;\n        text-overflow: ellipsis;\n        hyphens: auto;\n        margin: auto;\n        \n    }\n    .line-clamp-box.excerpt section, .line-clamp-box.excerpt section p{\n        font-size:0.8em;\n    }\n    \n<\/style>\n    <section id=\"page-grid\">\n        \n        <div class=\"row row-cols-1 row-cols-md-2 row-cols-lg-1 no-gutters mx-0 \">    <div class =\"col  mb-2 card-wrapper\">\n        <a class=\"d-flex flex-fill card-link-warapper m-md-1\" href=\"https:\/\/semmelweis.hu\/emk\/szakertoi-tevekenyseg-projektek\/futo-projektek\/data-edih\/\">\n            <div class=\"card border border-secondary se-border flex-fill\">\n                <div class=\"row no-gutters mx-0 d-flex flex-nowrap flex-md-wrap align-items-center\">\n                    <div class =\"  col-5 col-md-12 d-none d-md-none  card-image justify-content-center\">\n                        <img loading=\"lazy\" decoding=\"async\" width=\"753\" height=\"293\" src=\"https:\/\/semmelweis.hu\/emk\/files\/2024\/10\/Data-EDIG-Color-logo-with-background-1024x399.png\" class=\"landscape wp-post-image\" alt=\"Data-EDIH projekt\" srcset=\"https:\/\/semmelweis.hu\/emk\/files\/2024\/10\/Data-EDIG-Color-logo-with-background-1024x399.png 1024w, https:\/\/semmelweis.hu\/emk\/files\/2024\/10\/Data-EDIG-Color-logo-with-background-400x156.png 400w, https:\/\/semmelweis.hu\/emk\/files\/2024\/10\/Data-EDIG-Color-logo-with-background-768x299.png 768w, https:\/\/semmelweis.hu\/emk\/files\/2024\/10\/Data-EDIG-Color-logo-with-background-1536x598.png 1536w, https:\/\/semmelweis.hu\/emk\/files\/2024\/10\/Data-EDIG-Color-logo-with-background-2048x798.png 2048w, https:\/\/semmelweis.hu\/emk\/files\/2024\/10\/Data-EDIG-Color-logo-with-background-753x293.png 753w\" sizes=\"auto, (max-width: 753px) 100vw, 753px\" \/>\n                    <\/div>\n                    <div class=\"card-body  col flex-column  col-md-12 p-0\">\n                        <div class=\"line-clamp-box p-3\">\n                            <h5 class=\"ml-0 ml-sm-1 mt-2 align-items-center\"  >DATA-EDIH<\/h5>\n                        <\/div>\n                        \n                    <\/div>\n                <\/div>\n\n            <\/div>\n        <\/a>\n    <\/div>    <div class =\"col  mb-2 card-wrapper\">\n        <a class=\"d-flex flex-fill card-link-warapper m-md-1\" href=\"https:\/\/semmelweis.hu\/emk\/szakertoi-tevekenyseg-projektek\/futo-projektek\/digi4care_projekt\/\">\n            <div class=\"card border border-secondary se-border flex-fill\">\n                <div class=\"row no-gutters mx-0 d-flex flex-nowrap flex-md-wrap align-items-center\">\n                    <div class =\"  col-5 col-md-12  d-none  d-md-none d-md-none  bg-image  card-image justify-content-center\">\n                        <img class='wp-post-image img-fluid landscape' src='https:\/\/semmelweis.hu\/emk\/wp-content\/themes\/se18\/dist\/images\/svg\/bg-image.svg' \/>\n                    <\/div>\n                    <div class=\"card-body  col flex-column  col-md-12 p-0\">\n                        <div class=\"line-clamp-box p-3\">\n                            <h5 class=\"ml-0 ml-sm-1 mt-2 align-items-center\"  >DIGI4Care<\/h5>\n                        <\/div>\n                        \n                    <\/div>\n                <\/div>\n\n            <\/div>\n        <\/a>\n    <\/div>    <div class =\"col  mb-2 card-wrapper\">\n        <a class=\"d-flex flex-fill card-link-warapper m-md-1\" href=\"https:\/\/semmelweis.hu\/emk\/szakertoi-tevekenyseg-projektek\/futo-projektek\/digivitality\/\">\n            <div class=\"card border border-secondary se-border flex-fill\">\n                <div class=\"row no-gutters mx-0 d-flex flex-nowrap flex-md-wrap align-items-center\">\n                    <div class =\"  col-5 col-md-12 d-none d-md-none  card-image justify-content-center\">\n                        <img loading=\"lazy\" decoding=\"async\" width=\"753\" height=\"338\" src=\"https:\/\/semmelweis.hu\/emk\/files\/2024\/01\/digivitality-1024x459.png\" class=\"landscape wp-post-image\" alt=\"\" srcset=\"https:\/\/semmelweis.hu\/emk\/files\/2024\/01\/digivitality-1024x459.png 1024w, https:\/\/semmelweis.hu\/emk\/files\/2024\/01\/digivitality-400x179.png 400w, https:\/\/semmelweis.hu\/emk\/files\/2024\/01\/digivitality-768x344.png 768w, https:\/\/semmelweis.hu\/emk\/files\/2024\/01\/digivitality-1536x688.png 1536w, https:\/\/semmelweis.hu\/emk\/files\/2024\/01\/digivitality-753x337.png 753w, https:\/\/semmelweis.hu\/emk\/files\/2024\/01\/digivitality.png 1901w\" sizes=\"auto, (max-width: 753px) 100vw, 753px\" \/>\n                    <\/div>\n                    <div class=\"card-body  col flex-column  col-md-12 p-0\">\n                        <div class=\"line-clamp-box p-3\">\n                            <h5 class=\"ml-0 ml-sm-1 mt-2 align-items-center\"  >DIGIVITALITY<\/h5>\n                        <\/div>\n                        \n                    <\/div>\n                <\/div>\n\n            <\/div>\n        <\/a>\n    <\/div>    <div class =\"col  mb-2 card-wrapper\">\n        <a class=\"d-flex flex-fill card-link-warapper m-md-1\" href=\"https:\/\/semmelweis.hu\/emk\/szakertoi-tevekenyseg-projektek\/futo-projektek\/dohanyzasmentes-magyarorszagert\/\">\n            <div class=\"card border border-secondary se-border flex-fill\">\n                <div class=\"row no-gutters mx-0 d-flex flex-nowrap flex-md-wrap align-items-center\">\n                    <div class =\"  col-5 col-md-12  d-none  d-md-none d-md-none  bg-image  card-image justify-content-center\">\n                        <img class='wp-post-image img-fluid landscape' src='https:\/\/semmelweis.hu\/emk\/wp-content\/themes\/se18\/dist\/images\/svg\/bg-image.svg' \/>\n                    <\/div>\n                    <div class=\"card-body  col flex-column  col-md-12 p-0\">\n                        <div class=\"line-clamp-box p-3\">\n                            <h5 class=\"ml-0 ml-sm-1 mt-2 align-items-center\"  >Doh\u00e1nyz\u00e1smentes Magyarorsz\u00e1g\u00e9rt<\/h5>\n                        <\/div>\n                        \n                    <\/div>\n                <\/div>\n\n            <\/div>\n        <\/a>\n    <\/div>    <div class =\"col  mb-2 card-wrapper\">\n        <a class=\"d-flex flex-fill card-link-warapper m-md-1\" href=\"https:\/\/semmelweis.hu\/emk\/szakertoi-tevekenyseg-projektek\/futo-projektek\/h-pass\/\">\n            <div class=\"card border border-secondary se-border flex-fill\">\n                <div class=\"row no-gutters mx-0 d-flex flex-nowrap flex-md-wrap align-items-center\">\n                    <div class =\"  col-5 col-md-12 d-none d-md-none  card-image justify-content-center\">\n                        <img loading=\"lazy\" decoding=\"async\" width=\"753\" height=\"221\" src=\"https:\/\/semmelweis.hu\/emk\/files\/2024\/09\/H-PASS_logo-1024x301.jpg\" class=\"landscape wp-post-image\" alt=\"H-PASS\" srcset=\"https:\/\/semmelweis.hu\/emk\/files\/2024\/09\/H-PASS_logo-1024x301.jpg 1024w, https:\/\/semmelweis.hu\/emk\/files\/2024\/09\/H-PASS_logo-400x117.jpg 400w, https:\/\/semmelweis.hu\/emk\/files\/2024\/09\/H-PASS_logo-768x225.jpg 768w, https:\/\/semmelweis.hu\/emk\/files\/2024\/09\/H-PASS_logo-1536x451.jpg 1536w, https:\/\/semmelweis.hu\/emk\/files\/2024\/09\/H-PASS_logo-2048x601.jpg 2048w, https:\/\/semmelweis.hu\/emk\/files\/2024\/09\/H-PASS_logo-753x221.jpg 753w\" sizes=\"auto, (max-width: 753px) 100vw, 753px\" \/>\n                    <\/div>\n                    <div class=\"card-body  col flex-column  col-md-12 p-0\">\n                        <div class=\"line-clamp-box p-3\">\n                            <h5 class=\"ml-0 ml-sm-1 mt-2 align-items-center\"  >H-PASS<\/h5>\n                        <\/div>\n                        \n                    <\/div>\n                <\/div>\n\n            <\/div>\n        <\/a>\n    <\/div>    <div class =\"col  mb-2 card-wrapper\">\n        <a class=\"d-flex flex-fill card-link-warapper m-md-1\" href=\"https:\/\/semmelweis.hu\/emk\/szakertoi-tevekenyseg-projektek\/futo-projektek\/hai-so\/\">\n            <div class=\"card border border-secondary se-border flex-fill\">\n                <div class=\"row no-gutters mx-0 d-flex flex-nowrap flex-md-wrap align-items-center\">\n                    <div class =\"  col-5 col-md-12  d-none  d-md-none d-md-none  bg-image  card-image justify-content-center\">\n                        <img class='wp-post-image img-fluid landscape' src='https:\/\/semmelweis.hu\/emk\/wp-content\/themes\/se18\/dist\/images\/svg\/bg-image.svg' \/>\n                    <\/div>\n                    <div class=\"card-body  col flex-column  col-md-12 p-0\">\n                        <div class=\"line-clamp-box p-3\">\n                            <h5 class=\"ml-0 ml-sm-1 mt-2 align-items-center\"  >HAI-SO<\/h5>\n                        <\/div>\n                        \n                    <\/div>\n                <\/div>\n\n            <\/div>\n        <\/a>\n    <\/div>    <div class =\"col  mb-2 card-wrapper\">\n        <a class=\"d-flex flex-fill card-link-warapper m-md-1\" href=\"https:\/\/semmelweis.hu\/emk\/szakertoi-tevekenyseg-projektek\/futo-projektek\/ja-heroes\/\">\n            <div class=\"card border border-secondary se-border flex-fill\">\n                <div class=\"row no-gutters mx-0 d-flex flex-nowrap flex-md-wrap align-items-center\">\n                    <div class =\"  col-5 col-md-12 d-none d-md-none  card-image justify-content-center\">\n                        <img loading=\"lazy\" decoding=\"async\" width=\"753\" height=\"610\" src=\"https:\/\/semmelweis.hu\/emk\/files\/2025\/06\/heroes_logo2-1024x829.jpg\" class=\"landscape wp-post-image\" alt=\"HEROES\" srcset=\"https:\/\/semmelweis.hu\/emk\/files\/2025\/06\/heroes_logo2-1024x829.jpg 1024w, https:\/\/semmelweis.hu\/emk\/files\/2025\/06\/heroes_logo2-400x324.jpg 400w, https:\/\/semmelweis.hu\/emk\/files\/2025\/06\/heroes_logo2-768x622.jpg 768w, https:\/\/semmelweis.hu\/emk\/files\/2025\/06\/heroes_logo2-753x610.jpg 753w, https:\/\/semmelweis.hu\/emk\/files\/2025\/06\/heroes_logo2.jpg 1376w\" sizes=\"auto, (max-width: 753px) 100vw, 753px\" \/>\n                    <\/div>\n                    <div class=\"card-body  col flex-column  col-md-12 p-0\">\n                        <div class=\"line-clamp-box p-3\">\n                            <h5 class=\"ml-0 ml-sm-1 mt-2 align-items-center\"  >JA HEROES<\/h5>\n                        <\/div>\n                        \n                    <\/div>\n                <\/div>\n\n            <\/div>\n        <\/a>\n    <\/div>    <div class =\"col  mb-2 card-wrapper\">\n        <a class=\"d-flex flex-fill card-link-warapper m-md-1\" href=\"https:\/\/semmelweis.hu\/emk\/szakertoi-tevekenyseg-projektek\/futo-projektek\/showup4health\/\">\n            <div class=\"card border border-secondary se-border flex-fill\">\n                <div class=\"row no-gutters mx-0 d-flex flex-nowrap flex-md-wrap align-items-center\">\n                    <div class =\"  col-5 col-md-12 d-none d-md-none  card-image justify-content-center\">\n                        <img loading=\"lazy\" decoding=\"async\" width=\"753\" height=\"532\" src=\"https:\/\/semmelweis.hu\/emk\/files\/2024\/03\/ShowUp4Health_logo.jpg\" class=\"landscape wp-post-image\" alt=\"Showup4health project logo\" srcset=\"https:\/\/semmelweis.hu\/emk\/files\/2024\/03\/ShowUp4Health_logo.jpg 1000w, https:\/\/semmelweis.hu\/emk\/files\/2024\/03\/ShowUp4Health_logo-400x283.jpg 400w, https:\/\/semmelweis.hu\/emk\/files\/2024\/03\/ShowUp4Health_logo-768x543.jpg 768w, https:\/\/semmelweis.hu\/emk\/files\/2024\/03\/ShowUp4Health_logo-753x532.jpg 753w\" sizes=\"auto, (max-width: 753px) 100vw, 753px\" \/>\n                    <\/div>\n                    <div class=\"card-body  col flex-column  col-md-12 p-0\">\n                        <div class=\"line-clamp-box p-3\">\n                            <h5 class=\"ml-0 ml-sm-1 mt-2 align-items-center\"  >ShowUp4Health<\/h5>\n                        <\/div>\n                        \n                    <\/div>\n                <\/div>\n\n            <\/div>\n        <\/a>\n    <\/div>    <div class =\"col  mb-2 card-wrapper\">\n        <a class=\"d-flex flex-fill card-link-warapper m-md-1\" href=\"https:\/\/semmelweis.hu\/emk\/szakertoi-tevekenyseg-projektek\/futo-projektek\/tashi\/\">\n            <div class=\"card border border-secondary se-border flex-fill\">\n                <div class=\"row no-gutters mx-0 d-flex flex-nowrap flex-md-wrap align-items-center\">\n                    <div class =\"  col-5 col-md-12 d-none d-md-none  card-image justify-content-center\">\n                        <img loading=\"lazy\" decoding=\"async\" width=\"753\" height=\"560\" src=\"https:\/\/semmelweis.hu\/emk\/files\/2021\/04\/tashi_logo-1024x761.png\" class=\"landscape wp-post-image\" alt=\"\" srcset=\"https:\/\/semmelweis.hu\/emk\/files\/2021\/04\/tashi_logo-1024x761.png 1024w, https:\/\/semmelweis.hu\/emk\/files\/2021\/04\/tashi_logo-400x297.png 400w, https:\/\/semmelweis.hu\/emk\/files\/2021\/04\/tashi_logo-768x571.png 768w, https:\/\/semmelweis.hu\/emk\/files\/2021\/04\/tashi_logo-753x560.png 753w, https:\/\/semmelweis.hu\/emk\/files\/2021\/04\/tashi_logo.png 1356w\" sizes=\"auto, (max-width: 753px) 100vw, 753px\" \/>\n                    <\/div>\n                    <div class=\"card-body  col flex-column  col-md-12 p-0\">\n                        <div class=\"line-clamp-box p-3\">\n                            <h5 class=\"ml-0 ml-sm-1 mt-2 align-items-center\"  >TaSHI<\/h5>\n                        <\/div>\n                        \n                    <\/div>\n                <\/div>\n\n            <\/div>\n        <\/a>\n    <\/div>    <div class =\"col  mb-2 card-wrapper\">\n        <a class=\"d-flex flex-fill card-link-warapper m-md-1\" href=\"https:\/\/semmelweis.hu\/emk\/szakertoi-tevekenyseg-projektek\/futo-projektek\/xt-ehr\/\">\n            <div class=\"card border border-secondary se-border flex-fill\">\n                <div class=\"row no-gutters mx-0 d-flex flex-nowrap flex-md-wrap align-items-center\">\n                    <div class =\"  col-5 col-md-12 d-none d-md-none  card-image justify-content-center\">\n                        <img loading=\"lazy\" decoding=\"async\" width=\"753\" height=\"332\" src=\"https:\/\/semmelweis.hu\/emk\/files\/2024\/08\/01-Xt-EHR-logo-1024x451.png\" class=\"landscape wp-post-image\" alt=\"Extended EHR@EU Data Space for Primary Use (Xt-Ehr)\" srcset=\"https:\/\/semmelweis.hu\/emk\/files\/2024\/08\/01-Xt-EHR-logo-1024x451.png 1024w, https:\/\/semmelweis.hu\/emk\/files\/2024\/08\/01-Xt-EHR-logo-400x176.png 400w, https:\/\/semmelweis.hu\/emk\/files\/2024\/08\/01-Xt-EHR-logo-768x338.png 768w, https:\/\/semmelweis.hu\/emk\/files\/2024\/08\/01-Xt-EHR-logo-753x332.png 753w, https:\/\/semmelweis.hu\/emk\/files\/2024\/08\/01-Xt-EHR-logo.png 1114w\" sizes=\"auto, (max-width: 753px) 100vw, 753px\" \/>\n                    <\/div>\n                    <div class=\"card-body  col flex-column  col-md-12 p-0\">\n                        <div class=\"line-clamp-box p-3\">\n                            <h5 class=\"ml-0 ml-sm-1 mt-2 align-items-center\"  >Xt-Ehr<\/h5>\n                        <\/div>\n                        \n                    <\/div>\n                <\/div>\n\n            <\/div>\n        <\/a>\n    <\/div>    <div class =\"col  mb-2 card-wrapper\">\n        <a class=\"d-flex flex-fill card-link-warapper m-md-1\" href=\"https:\/\/semmelweis.hu\/emk\/szakertoi-tevekenyseg-projektek\/futo-projektek\/secured\/\">\n            <div class=\"card border border-secondary se-border flex-fill\">\n                <div class=\"row no-gutters mx-0 d-flex flex-nowrap flex-md-wrap align-items-center\">\n                    <div class =\"  col-5 col-md-12 d-none d-md-none  card-image justify-content-center\">\n                        <img loading=\"lazy\" decoding=\"async\" width=\"512\" height=\"512\" src=\"https:\/\/semmelweis.hu\/emk\/files\/2026\/02\/SecuredLogoCircle-e1728298321820.png\" class=\"landscape wp-post-image\" alt=\"SECURED\" srcset=\"https:\/\/semmelweis.hu\/emk\/files\/2026\/02\/SecuredLogoCircle-e1728298321820.png 512w, https:\/\/semmelweis.hu\/emk\/files\/2026\/02\/SecuredLogoCircle-e1728298321820-400x400.png 400w, https:\/\/semmelweis.hu\/emk\/files\/2026\/02\/SecuredLogoCircle-e1728298321820-150x150.png 150w\" sizes=\"auto, (max-width: 512px) 100vw, 512px\" \/>\n                    <\/div>\n                    <div class=\"card-body  col flex-column  col-md-12 p-0\">\n                        <div class=\"line-clamp-box p-3\">\n                            <h5 class=\"ml-0 ml-sm-1 mt-2 align-items-center\"  >SECURED<\/h5>\n                        <\/div>\n                        \n                    <\/div>\n                <\/div>\n\n            <\/div>\n        <\/a>\n    <\/div>    <div class =\"col  mb-2 card-wrapper\">\n        <a class=\"d-flex flex-fill card-link-warapper m-md-1\" href=\"https:\/\/semmelweis.hu\/emk\/szakertoi-tevekenyseg-projektek\/futo-projektek\/xpandh\/\">\n            <div class=\"card border border-secondary se-border flex-fill\">\n                <div class=\"row no-gutters mx-0 d-flex flex-nowrap flex-md-wrap align-items-center\">\n                    <div class =\"  col-5 col-md-12 d-none d-md-none  card-image justify-content-center\">\n                        <img loading=\"lazy\" decoding=\"async\" width=\"214\" height=\"60\" src=\"https:\/\/semmelweis.hu\/emk\/files\/2024\/08\/XpandDH_logo.png\" class=\"landscape wp-post-image\" alt=\"Expanding Digital Health through a pan-European EEHRxF-based Ecosystem (XpanDH)\" \/>\n                    <\/div>\n                    <div class=\"card-body  col flex-column  col-md-12 p-0\">\n                        <div class=\"line-clamp-box p-3\">\n                            <h5 class=\"ml-0 ml-sm-1 mt-2 align-items-center\"  >XpanDH<\/h5>\n                        <\/div>\n                        \n                    <\/div>\n                <\/div>\n\n            <\/div>\n        <\/a>\n    <\/div>        <\/div>\n    <\/section>\n","protected":false},"excerpt":{"rendered":"","protected":false},"author":101539,"featured_media":0,"parent":14555,"menu_order":0,"comment_status":"closed","ping_status":"closed","template":"","meta":{"_acf_changed":false,"footnotes":""},"categories":[],"tags":[],"class_list":["post-15842","page","type-page","status-publish","hentry"],"acf":[],"_links":{"self":[{"href":"https:\/\/semmelweis.hu\/emk\/wp-json\/wp\/v2\/pages\/15842","targetHints":{"allow":["GET"]}}],"collection":[{"href":"https:\/\/semmelweis.hu\/emk\/wp-json\/wp\/v2\/pages"}],"about":[{"href":"https:\/\/semmelweis.hu\/emk\/wp-json\/wp\/v2\/types\/page"}],"author":[{"embeddable":true,"href":"https:\/\/semmelweis.hu\/emk\/wp-json\/wp\/v2\/users\/101539"}],"replies":[{"embeddable":true,"href":"https:\/\/semmelweis.hu\/emk\/wp-json\/wp\/v2\/comments?post=15842"}],"version-history":[{"count":11,"href":"https:\/\/semmelweis.hu\/emk\/wp-json\/wp\/v2\/pages\/15842\/revisions"}],"predecessor-version":[{"id":26760,"href":"https:\/\/semmelweis.hu\/emk\/wp-json\/wp\/v2\/pages\/15842\/revisions\/26760"}],"up":[{"embeddable":true,"href":"https:\/\/semmelweis.hu\/emk\/wp-json\/wp\/v2\/pages\/14555"}],"wp:attachment":[{"href":"https:\/\/semmelweis.hu\/emk\/wp-json\/wp\/v2\/media?parent=15842"}],"wp:term":[{"taxonomy":"category","embeddable":true,"href":"https:\/\/semmelweis.hu\/emk\/wp-json\/wp\/v2\/categories?post=15842"},{"taxonomy":"post_tag","embeddable":true,"href":"https:\/\/semmelweis.hu\/emk\/wp-json\/wp\/v2\/tags?post=15842"}],"curies":[{"name":"wp","href":"https:\/\/api.w.org\/{rel}","templated":true}]}}