{"id":15823,"date":"2020-02-18T13:27:41","date_gmt":"2020-02-18T12:27:41","guid":{"rendered":"http:\/\/semmelweis.hu\/emk\/?page_id=15823"},"modified":"2025-06-03T15:34:24","modified_gmt":"2025-06-03T13:34:24","slug":"szent-imre-korhaz","status":"publish","type":"page","link":"https:\/\/semmelweis.hu\/emk\/szakertoi-tevekenyseg-projektek\/lezart-projektek\/egeszsegugyi-ellatorendszer-szakmai-modszertani-fejlesztese\/jogyakorlatok-gyujtese-fejlesztese-oktatasa\/rovid-osszefoglalok\/szent-imre-korhaz\/","title":{"rendered":"Szent Imre K\u00f3rh\u00e1z"},"content":{"rendered":"<p style=\"text-align: justify\"><strong>Szent Imre K\u00f3rh\u00e1z: rendszerszint\u0171 adatgy\u0171jt\u00e9s, statisztikai elemz\u00e9sek \u00e9s dekubitusz team fel\u00e1ll\u00edt\u00e1sa a j\u00f3l m\u00e9rhet\u0151, kedvez\u0151 eredm\u00e9nyek el\u00e9r\u00e9s\u00e9\u00e9rt<\/strong><\/p>\n<p style=\"text-align: justify\">A k\u00f3rh\u00e1zi k\u00f6r\u00fclm\u00e9nyek k\u00f6z\u00f6tt szerzett nyom\u00e1si fek\u00e9lyek kialakul\u00e1sa \u00e9vr\u0151l-\u00e9vre cs\u00f6kken\u0151 tendenci\u00e1t mutat a Szent Imre K\u00f3rh\u00e1zban, ez az int\u00e9zet sz\u00e1m\u00edt\u00f3g\u00e9pes adataib\u00f3l nyert statisztika alapj\u00e1n nyomon k\u00f6vethet\u0151, de egy\u00e9b \u00f6sszef\u00fcgg\u00e9sekre is r\u00e1 lehet vil\u00e1g\u00edtani a rendszerszinten \u00f6sszegy\u0171lt inform\u00e1ci\u00f3kb\u00f3l. L\u00e9trej\u00f6tt az oszt\u00e1lyokon dolgoz\u00f3 \u00e1pol\u00f3n\u0151k munk\u00e1j\u00e1t t\u00e1mogat\u00f3 dekubitusz team, ezzel cs\u00f6kkent az oszt\u00e1lyos n\u0151v\u00e9rek leterhelts\u00e9ge is. A team munk\u00e1j\u00e1nak \u00e9s a dokument\u00e1l\u00e1snak k\u00f6sz\u00f6nhet\u0151en m\u00e9rhet\u0151k a sebek \u00e1llapot\u00e1ra vonatkoz\u00f3 eredm\u00e9nyek, az esetsz\u00e1m \u00e9s a szerzett nyom\u00e1si fek\u00e9lyek ar\u00e1nya. A k\u00f6tszer felhaszn\u00e1l\u00e1s optimaliz\u00e1l\u00f3dott, nincs sz\u00fcks\u00e9g k\u00f6tszer p\u00f3tkeret ig\u00e9nyl\u00e9s\u00e9re. Az egys\u00e9ges szempontoknak k\u00f6sz\u00f6nhet\u0151en a nyom\u00e1si fek\u00e9lyek miatt kialakult sebek hat\u00e9konyabban kezelhet\u0151k, a fert\u0151z\u00e9s kialakul\u00e1sa hat\u00e9konyabban megel\u0151zhet\u0151.\u00a0<\/p>\n<p style=\"text-align: justify\"><strong>A j\u00f3gyakorlat bemutat\u00e1sa<\/strong><\/p>\n<p style=\"text-align: justify\">A Szent Imre K\u00f3rh\u00e1zban a k\u00f6vetkez\u0151 adatokat gy\u0171jtik: I.-II.-III.-IV. fok\u00fa nyom\u00e1si fek\u00e9lyek ar\u00e1ny\u00e1t, a hozott \u00e9s szerzett nyom\u00e1si fek\u00e9lyek ar\u00e1ny\u00e1t \u00e9s a nyom\u00e1si fek\u00e9lyek \u00e9s egy\u00e9b sebek ar\u00e1ny\u00e1t. A gy\u0171jt\u00f6tt adatokra \u00e9p\u00fcl\u0151 statisztika kimutatta, hogy az alacsonyabb st\u00e1dium beoszt\u00e1s\u00fa nyom\u00e1si fek\u00e9lyekb\u0151l nem alakult ki magasabb st\u00e1dium\u00fa, illetve a III. \u00e9s IV. st\u00e1dium\u00fa nyom\u00e1si fek\u00e9lyek sz\u00e1ma is cs\u00f6kkent. Az egys\u00e9ges szempontoknak k\u00f6sz\u00f6nhet\u0151en a nyom\u00e1si fek\u00e9lyek miatt kialakult sebek hat\u00e9konyabban kezelhet\u0151k, a fert\u0151z\u00e9s kialakul\u00e1sa megel\u0151zhet\u0151. Tov\u00e1bbi seg\u00edts\u00e9get jelent az int\u00e9zm\u00e9nyben a &#8222;Nyom\u00e1si fek\u00e9ly (felfekv\u00e9s, decubitus) megel\u0151z\u00e9se&#8221; \u00e9s &#8222;A nyom\u00e1si fek\u00e9ly (felfekv\u00e9s) miatt kialakult seb kezel\u00e9se, \u00e1pol\u00e1sa&#8221; szakmai elj\u00e1r\u00e1s egys\u00e9ges haszn\u00e1lata.<\/p>\n<p style=\"text-align: justify\">Ami\u00f3ta a team rendelkezik a k\u00f6tszerekkel \u00e9s \u0151k osztj\u00e1k sz\u00e9t az oszt\u00e1lyokon, nincs sz\u00fcks\u00e9g k\u00f6tszer p\u00f3tkeret ig\u00e9nyl\u00e9s\u00e9re \u00e9s minden beteg a megfelel\u0151 k\u00f6tszerrel van ell\u00e1tva. Extra kiad\u00e1sokkal j\u00e1rhat az intelligens k\u00f6tszerek, antidecubitor matracok, k\u00e9nyelmi seg\u00e9deszk\u00f6z\u00f6k beszerz\u00e9se, viszont a kezdeti r\u00e1ford\u00edt\u00e1sok a k\u00e9s\u0151bbiekben v\u00e1rhat\u00f3an megt\u00e9r\u00fclnek, mert a szisztematikus \u00e9s szervezett prevenci\u00f3s munk\u00e1nak k\u00f6sz\u00f6nhet\u0151en cs\u00f6kkenhet a magasabb st\u00e1dium\u00fa nyom\u00e1si fek\u00e9ly kialakul\u00e1sa.<\/p>\n<p style=\"text-align: justify\">A felfekv\u00e9s kialakul\u00e1s\u00e1nak rizik\u00f3 t\u00e9nyez\u0151inek \u00e9s kock\u00e1zatainak felm\u00e9r\u00e9se minden esetben az arra rendszeres\u00edtett formanyomtatv\u00e1ny alapj\u00e1n t\u00f6rt\u00e9nik. Amennyiben a beteg \u00e1llapota megengedi, \u0151t is bevonj\u00e1k a megel\u0151z\u00e9si terv kialak\u00edt\u00e1s\u00e1nak \u00e9s v\u00e9grehajt\u00e1s\u00e1nak folyamat\u00e1ba.<\/p>\n<p style=\"text-align: justify\">Ha a beteget magas kock\u00e1zati csoportba sorolt\u00e1k \u00e9s megl\u00e9v\u0151 nyom\u00e1si fek\u00e9lye is van, az \u00e1pol\u00f3nak jelentenie kell a decubitus koordin\u00e1tor fel\u00e9. ( Az Int\u00e9zm\u00e9nyben a team jelenleg h\u00e1rom f\u0151b\u0151l \u00e1ll: egy seb\u00e9sz szakorvos \u00e9s k\u00e9t \u00e1pol\u00f3. ) A team felm\u00e9ri a kialakult nyom\u00e1si fek\u00e9ly st\u00e1dium\u00e1t \u00e9s k\u00e9t naponta ellen\u0151rzi a seb \u00e1llapot\u00e1t, valamint k\u00f6tszerekkel l\u00e1tja el a beteget. Kialakult nyom\u00e1si fek\u00e9ly eset\u00e9n az el\u0151\u00edrt, elv\u00e9gzett kezel\u00e9s mellett a prevenci\u00f3s technik\u00e1kat is alkalmazz\u00e1k.<\/p>\n<p style=\"text-align: justify\">A folyamatokat id\u0151k\u00f6z\u00f6nk\u00e9nt \u00fajra kell \u00e9rt\u00e9kelni, sz\u00fcks\u00e9g szerint az \u00e1pol\u00e1si tervet m\u00f3dos\u00edtani kell. A beteg t\u00e1voz\u00e1sakor az \u00e1pol\u00e1si z\u00e1r\u00f3jelent\u00e9s r\u00e9sz\u00e9t k\u00e9pezi a \u201eSebgy\u00f3gyul\u00e1st \u00e9rt\u00e9kel\u0151 lap\u201d, amin a seb m\u00e9ret\u00e9t, \u00e1llapot\u00e1t, a kezel\u00e9s t\u00edpus\u00e1t, gyakoris\u00e1g\u00e1t, az aj\u00e1nlott k\u00f6tszereket \u00e9s seg\u00e9deszk\u00f6z\u00f6ket t\u00fcntetik fel.<\/p>\n<p style=\"text-align: justify\">A nyom\u00e1si fek\u00e9lyek ell\u00e1t\u00e1s\u00e1nak sikere a megfelel\u0151 kezel\u00e9si m\u00f3dszerek megv\u00e1laszt\u00e1s\u00e1t\u00f3l is f\u00fcgg. A nyom\u00e1si fek\u00e9lyek gy\u00f3gyul\u00e1sa hossz\u00fa id\u0151t vesz ig\u00e9nybe, ez\u00e9rt a betegek nem mindig maradnak a teljes gy\u00f3gyul\u00e1sukig a k\u00f3rh\u00e1zban: otthonukba vagy szoci\u00e1lis int\u00e9zm\u00e9nyekbe ker\u00fclnek. Az ell\u00e1t\u00e1s folyamatoss\u00e1g\u00e1nak biztos\u00edt\u00e1s\u00e1hoz szervezett \u00e9s szab\u00e1lyozott kommunik\u00e1ci\u00f3s rendszer sz\u00fcks\u00e9ges.<\/p>\n<div class=\"fontos_div w-100\">\n<p style=\"text-align: justify\"><strong>Hol \u00e9rdekl\u0151dhet?<\/strong><\/p>\n<p style=\"text-align: justify\">Csisz\u00e1r T\u00edmea<\/p>\n<p style=\"text-align: justify\"><a href=\"mailto:decubitus@szentimrekorhaz.hu\" target=\"_blank\" rel=\"noopener\">decubitus@szentimrekorhaz.hu<\/a><\/p>\n<\/div>\n","protected":false},"excerpt":{"rendered":"<p>Szent Imre K\u00f3rh\u00e1z: rendszerszint\u0171 adatgy\u0171jt\u00e9s, statisztikai elemz\u00e9sek \u00e9s dekubitusz team fel\u00e1ll\u00edt\u00e1sa a j\u00f3l m\u00e9rhet\u0151, kedvez\u0151 eredm\u00e9nyek el\u00e9r\u00e9s\u00e9\u00e9rt A k\u00f3rh\u00e1zi k\u00f6r\u00fclm\u00e9nyek k\u00f6z\u00f6tt szerzett nyom\u00e1si fek\u00e9lyek kialakul\u00e1sa \u00e9vr\u0151l-\u00e9vre cs\u00f6kken\u0151 tendenci\u00e1t mutat a Szent Imre K\u00f3rh\u00e1zban, ez az int\u00e9zet sz\u00e1m\u00edt\u00f3g\u00e9pes adataib\u00f3l nyert statisztika alapj\u00e1n nyomon k\u00f6vethet\u0151, de egy\u00e9b \u00f6sszef\u00fcgg\u00e9sekre is r\u00e1 lehet vil\u00e1g\u00edtani a rendszerszinten \u00f6sszegy\u0171lt inform\u00e1ci\u00f3kb\u00f3l. L\u00e9trej\u00f6tt &hellip;<\/p>\n","protected":false},"author":101539,"featured_media":0,"parent":17196,"menu_order":0,"comment_status":"closed","ping_status":"closed","template":"","meta":{"_acf_changed":false,"footnotes":""},"categories":[],"tags":[],"class_list":["post-15823","page","type-page","status-publish","hentry"],"acf":[],"_links":{"self":[{"href":"https:\/\/semmelweis.hu\/emk\/wp-json\/wp\/v2\/pages\/15823","targetHints":{"allow":["GET"]}}],"collection":[{"href":"https:\/\/semmelweis.hu\/emk\/wp-json\/wp\/v2\/pages"}],"about":[{"href":"https:\/\/semmelweis.hu\/emk\/wp-json\/wp\/v2\/types\/page"}],"author":[{"embeddable":true,"href":"https:\/\/semmelweis.hu\/emk\/wp-json\/wp\/v2\/users\/101539"}],"replies":[{"embeddable":true,"href":"https:\/\/semmelweis.hu\/emk\/wp-json\/wp\/v2\/comments?post=15823"}],"version-history":[{"count":2,"href":"https:\/\/semmelweis.hu\/emk\/wp-json\/wp\/v2\/pages\/15823\/revisions"}],"predecessor-version":[{"id":25165,"href":"https:\/\/semmelweis.hu\/emk\/wp-json\/wp\/v2\/pages\/15823\/revisions\/25165"}],"up":[{"embeddable":true,"href":"https:\/\/semmelweis.hu\/emk\/wp-json\/wp\/v2\/pages\/17196"}],"wp:attachment":[{"href":"https:\/\/semmelweis.hu\/emk\/wp-json\/wp\/v2\/media?parent=15823"}],"wp:term":[{"taxonomy":"category","embeddable":true,"href":"https:\/\/semmelweis.hu\/emk\/wp-json\/wp\/v2\/categories?post=15823"},{"taxonomy":"post_tag","embeddable":true,"href":"https:\/\/semmelweis.hu\/emk\/wp-json\/wp\/v2\/tags?post=15823"}],"curies":[{"name":"wp","href":"https:\/\/api.w.org\/{rel}","templated":true}]}}