{"id":15811,"date":"2020-02-18T10:36:11","date_gmt":"2020-02-18T09:36:11","guid":{"rendered":"http:\/\/semmelweis.hu\/emk\/?page_id=15811"},"modified":"2025-06-13T14:14:42","modified_gmt":"2025-06-13T12:14:42","slug":"kari-menedzsment-fejleszto-trening","status":"publish","type":"page","link":"https:\/\/semmelweis.hu\/emk\/szakertoi-tevekenyseg-projektek\/lezart-projektek\/kari-menedzsment-fejleszto-trening\/","title":{"rendered":"Kari Menedzsment Fejleszt\u0151 Tr\u00e9ning"},"content":{"rendered":"<p style=\"text-align: justify\"><strong>Kari Menedzsment Fejleszt\u0151 Tr\u00e9ning Semmelweis Egyetem \u00c1ltal\u00e1nos Orvostudom\u00e1nyi Kar vezet\u0151i \u00e9s int\u00e9zetvezet\u0151i r\u00e9sz\u00e9re <\/strong><\/p>\n<p style=\"text-align: justify\"><strong>2016-2018<\/strong><\/p>\n<p style=\"text-align: justify\">A kurzus c\u00e9lja, hogy az \u00c1ltal\u00e1nos Orvostudom\u00e1nyi Kar vezet\u0151 munkat\u00e1rsai \u00e1tfog\u00f3 menedzsment, vezet\u00e9si ismereteket kapjanak kiscsoportos tanul\u00e1si form\u00e1ban, probl\u00e9maorient\u00e1lt szeml\u00e9letben.<\/p>\n<p style=\"text-align: justify\">A szervezetek vezet\u00e9s\u00e9nek vannak \u00e1ltal\u00e1nos elvei: egy 100 md Ft-os k\u00f6lts\u00e9gvet\u00e9s\u0171 egyetem vezet\u00e9se \u2013 legal\u00e1bbis a felel\u0151s vezet\u0151k perspekt\u00edv\u00e1j\u00e1b\u00f3l \u2013 nem sokban k\u00fcl\u00f6nb\u00f6zik egy hasonl\u00f3 bev\u00e9tel\u0171 v\u00e1llalat vezet\u00e9s\u00e9t\u0151l. Vezet\u0151k\u00e9pz\u0151 programunk azokat a vezet\u00e9si ismereteket sz\u00e1nd\u00e9kozik \u00e1tadni, amelyek a vezet\u00e9studom\u00e1ny fejl\u0151d\u00e9se sor\u00e1n letisztultak \u2013 term\u00e9szetesen az egyetemre illetve klinikumra val\u00f3 sz\u00fcks\u00e9ges adapt\u00e1ci\u00f3val. N\u00e9z\u0151pontunk nem a specialist\u00e1k\u00e9, hanem az int\u00e9zm\u00e9ny eg\u00e9sz\u00e9t \u00e1ttekint\u0151 \u00e9s ir\u00e1ny\u00edt\u00f3 fels\u0151vezet\u0151k\u00e9. A k\u00e9pz\u00e9si program gyakorlatias \u00e9s interakt\u00edv, a hagyom\u00e1nyos ismeretad\u00e1st \u00f6tv\u00f6zi a csoportos megbesz\u00e9l\u00e9ssel, vit\u00e1val, az elm\u00e9leti ismereteket gyakorlati probl\u00e9m\u00e1k megold\u00e1s\u00e1ra leford\u00edt\u00f3 probl\u00e9maorient\u00e1lt megk\u00f6zel\u00edt\u00e9ssel. \u00cdgy minden modul egy-egy esettanulm\u00e1ny megvitat\u00e1s\u00e1val z\u00e1rul.<br \/>\nA k\u00e9pz\u00e9s oktat\u00f3i nemcsak elm\u00e9leti ismeretekkel felv\u00e9rtezve kalauzolnak a menedzsment t\u00e9mak\u00f6r\u00e9ben, hanem t\u00e1maszkodnak azokra a vezet\u0151i tapasztalatokra, amelyet maguk is meg\u00e9ltek k\u00fcl\u00f6nb\u00f6z\u0151 szervezetek k\u00fcl\u00f6nb\u00f6z\u0151 szint\u0171 vezet\u0151ik\u00e9nt.<\/p>\n<p style=\"text-align: justify\">A k\u00e9pz\u00e9s egyben egyfajta csapat\u00e9p\u00edt\u00e9sk\u00e9nt is szolg\u00e1lhat: a kari vezet\u0151k egy k\u00f6z\u00f6s szeml\u00e9letm\u00f3d \u00e9s k\u00f6z\u00f6s nyelv elsaj\u00e1t\u00edt\u00e1sa r\u00e9v\u00e9n k\u00f6zelebb ker\u00fclhetnek egy olyan k\u00f6z\u00f6s kult\u00fara kialak\u00edt\u00e1s\u00e1hoz \u00e9s elfogad\u00e1s\u00e1hoz, amely hozz\u00e1seg\u00edthet egy egys\u00e9ges kari vezet\u00e9si szeml\u00e9lethez \u00e9s a kari vezet\u00e9s hat\u00e9konys\u00e1g- \u00e9s eredm\u00e9nyess\u00e9g fejleszt\u00e9s\u00e9hez.<\/p>\n<p style=\"text-align: justify\"><strong>Oktat\u00f3k\/tr\u00e9nerek<\/strong>:<\/p>\n<ul style=\"text-align: justify\">\n<li><a href=\"https:\/\/semmelweis.hu\/emk\/oktatas\/munkatarsak-oktatoi-csapat\/szocska-miklos-dr\/\" target=\"_blank\" rel=\"noopener\">Dr. Sz\u00f3cska Mikl\u00f3s<\/a><\/li>\n<li><a href=\"https:\/\/semmelweis.hu\/emk\/oktatas\/munkatarsak-oktatoi-csapat\/sinko-eszter-dr\/\" target=\"_blank\" rel=\"noopener\">Dr. Sink\u00f3 Eszter<\/a><\/li>\n<li><a href=\"https:\/\/semmelweis.hu\/emk\/oktatas\/munkatarsak-oktatoi-csapat\/gaal-peter-dr\/\" target=\"_blank\" rel=\"noopener\">Dr. Ga\u00e1l P\u00e9ter<\/a><\/li>\n<li><a href=\"https:\/\/semmelweis.hu\/emk\/oktatas\/munkatarsak-oktatoi-csapat\/dr-lam-judit\/\" target=\"_blank\" rel=\"noopener\">Dr. L\u00e1m Judit<\/a><\/li>\n<li><a href=\"https:\/\/semmelweis.hu\/emk\/oktatas\/munkatarsak-oktatoi-csapat\/palicz-tamas-dr\/\" target=\"_blank\" rel=\"noopener\">Dr. Palicz Tam\u00e1s<\/a><\/li>\n<li>Dr. Bakacsi Gyula<\/li>\n<\/ul>\n<p style=\"text-align: justify\"><strong>Megh\u00edvott el\u0151ad\u00f3k:<\/strong><\/p>\n<ul style=\"text-align: justify\">\n<li>Mr\u00e1z \u00c1goston &#8211; N\u00e9z\u0151pont Int\u00e9zet, vezet\u0151 elemz\u0151<\/li>\n<li>T\u00f3bi\u00e1s Tam\u00e1s &#8211; Nemzetgazdas\u00e1gi Miniszt\u00e9rium Eg\u00e9szs\u00e9g\u00fcgyi \u00e9s Szoci\u00e1lis F\u0151oszt\u00e1ly, f\u0151oszt\u00e1lyvezet\u0151<\/li>\n<li>Dr. Imre L\u00e1szl\u00f3 &#8211; HBCs Audit Tan\u00e1csad\u00f3 Kft.<\/li>\n<li>\u0150ri K\u00e1roly &#8211; Ilex Kft.<\/li>\n<li>Dr. \u00d3nodi Sz\u0171cs Zolt\u00e1n &#8211; Emberi Er\u0151forr\u00e1s Miniszt\u00e9rium, Eg\u00e9szs\u00e9g\u00fcgy\u00e9rt Felel\u0151s \u00c1llamtitk\u00e1r<\/li>\n<\/ul>\n","protected":false},"excerpt":{"rendered":"<p>Kari Menedzsment Fejleszt\u0151 Tr\u00e9ning Semmelweis Egyetem \u00c1ltal\u00e1nos Orvostudom\u00e1nyi Kar vezet\u0151i \u00e9s int\u00e9zetvezet\u0151i r\u00e9sz\u00e9re 2016-2018 A kurzus c\u00e9lja, hogy az \u00c1ltal\u00e1nos Orvostudom\u00e1nyi Kar vezet\u0151 munkat\u00e1rsai \u00e1tfog\u00f3 menedzsment, vezet\u00e9si ismereteket kapjanak kiscsoportos tanul\u00e1si form\u00e1ban, probl\u00e9maorient\u00e1lt szeml\u00e9letben. A szervezetek vezet\u00e9s\u00e9nek vannak \u00e1ltal\u00e1nos elvei: egy 100 md Ft-os k\u00f6lts\u00e9gvet\u00e9s\u0171 egyetem vezet\u00e9se \u2013 legal\u00e1bbis a felel\u0151s vezet\u0151k perspekt\u00edv\u00e1j\u00e1b\u00f3l \u2013 nem &hellip;<\/p>\n","protected":false},"author":101539,"featured_media":0,"parent":15855,"menu_order":19,"comment_status":"closed","ping_status":"closed","template":"","meta":{"_acf_changed":false,"footnotes":""},"categories":[],"tags":[845],"class_list":["post-15811","page","type-page","status-publish","hentry","tag-kari-menedzsment-fejleszto-trening"],"acf":[],"_links":{"self":[{"href":"https:\/\/semmelweis.hu\/emk\/wp-json\/wp\/v2\/pages\/15811","targetHints":{"allow":["GET"]}}],"collection":[{"href":"https:\/\/semmelweis.hu\/emk\/wp-json\/wp\/v2\/pages"}],"about":[{"href":"https:\/\/semmelweis.hu\/emk\/wp-json\/wp\/v2\/types\/page"}],"author":[{"embeddable":true,"href":"https:\/\/semmelweis.hu\/emk\/wp-json\/wp\/v2\/users\/101539"}],"replies":[{"embeddable":true,"href":"https:\/\/semmelweis.hu\/emk\/wp-json\/wp\/v2\/comments?post=15811"}],"version-history":[{"count":9,"href":"https:\/\/semmelweis.hu\/emk\/wp-json\/wp\/v2\/pages\/15811\/revisions"}],"predecessor-version":[{"id":25329,"href":"https:\/\/semmelweis.hu\/emk\/wp-json\/wp\/v2\/pages\/15811\/revisions\/25329"}],"up":[{"embeddable":true,"href":"https:\/\/semmelweis.hu\/emk\/wp-json\/wp\/v2\/pages\/15855"}],"wp:attachment":[{"href":"https:\/\/semmelweis.hu\/emk\/wp-json\/wp\/v2\/media?parent=15811"}],"wp:term":[{"taxonomy":"category","embeddable":true,"href":"https:\/\/semmelweis.hu\/emk\/wp-json\/wp\/v2\/categories?post=15811"},{"taxonomy":"post_tag","embeddable":true,"href":"https:\/\/semmelweis.hu\/emk\/wp-json\/wp\/v2\/tags?post=15811"}],"curies":[{"name":"wp","href":"https:\/\/api.w.org\/{rel}","templated":true}]}}