{"id":15775,"date":"2020-02-10T11:27:39","date_gmt":"2020-02-10T10:27:39","guid":{"rendered":"http:\/\/semmelweis.hu\/emk\/?page_id=15775"},"modified":"2025-06-13T14:42:02","modified_gmt":"2025-06-13T12:42:02","slug":"svajci-magyar-alapellatas-fejlesztesi-modellprogram","status":"publish","type":"page","link":"https:\/\/semmelweis.hu\/emk\/szakertoi-tevekenyseg-projektek\/lezart-projektek\/svajci-magyar-alapellatas-fejlesztesi-modellprogram\/","title":{"rendered":"Sv\u00e1jci-Magyar Alapell\u00e1t\u00e1s-fejleszt\u00e9si modellprogram"},"content":{"rendered":"<p style=\"text-align: justify\"><strong>Sv\u00e1jci-Magyar Alapell\u00e1t\u00e1s-fejleszt\u00e9si modellprogram<\/strong><\/p>\n<p style=\"text-align: justify\"><strong>SH\/8\/1<\/strong> regisztr\u00e1ci\u00f3s sz\u00e1m\u00fa Sv\u00e1jci Hozz\u00e1j\u00e1rul\u00e1s keret\u00e9ben t\u00e1mogatott &#8222;Az eg\u00e9szs\u00e9g\u00fcgy forr\u00e1sainak felhaszn\u00e1l\u00e1s\u00e1val n\u00e9peg\u00e9szs\u00e9g\u00fcgyi f\u00f3kusz\u00fa alapell\u00e1t\u00e1s-szervez\u00e9si modellprogram Virtu\u00e1lis Ell\u00e1t\u00f3 K\u00f6zpont t\u00e1mogat\u00e1s\u00e1val&#8221; c\u00edm\u0171 program<\/p>\n<p style=\"text-align: justify\"><strong>A program tartalma, c\u00e9lja<\/strong><\/p>\n<p style=\"text-align: justify\">A magyar eg\u00e9szs\u00e9g\u00fcgy sz\u00e1mos kih\u00edv\u00e1ssal kell, hogy szemben\u00e9zzen, amelyek k\u00f6z\u00fcl a legaggaszt\u00f3bb, hogy a lakoss\u00e1g eg\u00e9szs\u00e9gi \u00e1llapota nemzetk\u00f6zi \u00f6sszehasonl\u00edt\u00e1sban igen rossznak tekinthet\u0151 az \u00e9letm\u00f3ddal \u00f6sszef\u00fcgg\u0151 rizik\u00f3t\u00e9nyez\u0151k, \u00e9s a kr\u00f3nikus nem-fert\u0151z\u0151 betegs\u00e9gek, illetve hal\u00e1loz\u00e1s tekintet\u00e9ben, mik\u00f6zben az eg\u00e9szs\u00e9g\u00fcgyi dolgoz\u00f3k elv\u00e1ndorl\u00e1sa miatt egyre nagyobb probl\u00e9m\u00e1t jelent az ell\u00e1t\u00e1s megszervez\u00e9se. Ezen k\u00f6r\u00fclm\u00e9nyek k\u00f6z\u00f6tt egyre ink\u00e1bb fel\u00e9rt\u00e9kel\u0151dik az alapell\u00e1t\u00e1s szerepe, amely Magyarorsz\u00e1gon az eddig jellemz\u0151 szervez\u00e9si keretek k\u00f6z\u00f6tt nem volt k\u00e9pes megfelel\u0151en bet\u00f6lteni n\u00e9peg\u00e9szs\u00e9g\u00fcgyi, megel\u0151z\u0151 szerep\u00e9t. <strong>A Sv\u00e1jci-Magyar Alapell\u00e1t\u00e1s-fejleszt\u00e9si Modellprogram ennek a probl\u00e9m\u00e1nak a megold\u00e1s\u00e1t c\u00e9lozta egy 2013. \u00e9s 2017. k\u00f6z\u00f6tt megval\u00f3s\u00edtott, innovat\u00edv pilot seg\u00edts\u00e9g\u00e9vel<\/strong>, amely a h\u00e1ziorvosok szervezett egy\u00fcttm\u0171k\u00f6d\u00e9s\u00e9nek kialak\u00edt\u00e1sa mellett dietetikusok, gy\u00f3gytorn\u00e1szok, pszichol\u00f3gusok, n\u00e9peg\u00e9szs\u00e9g\u00fcgyi szakemberek \u00e9s roma seg\u00e9d-eg\u00e9szs\u00e9g\u0151r\u00f6k bevon\u00e1s\u00e1val n\u00f6velte az alapell\u00e1t\u00e1s kompetenci\u00e1j\u00e1t. \u00a0<\/p>\n<p style=\"text-align: justify\">Az \u00e9rt\u00e9kel\u00e9st a hozz\u00e1f\u00e9r\u00e9s, a hat\u00e9konys\u00e1g \u00e9s a fenntarthat\u00f3s\u00e1g eg\u00e9szs\u00e9gpolitikai c\u00e9lkit\u0171z\u00e9sei ment\u00e9n, a programban gy\u0171jt\u00f6tt praxisk\u00f6z\u00f6ss\u00e9gi forgalmi adatokra, a lakoss\u00e1g \u00e9s a praxisk\u00f6z\u00f6ss\u00e9gek munkat\u00e1rsai k\u00e9rd\u0151\u00edves felm\u00e9r\u00e9s\u00e9nek eredm\u00e9nyeire, a dolgoz\u00f3kkal k\u00e9sz\u00edtett m\u00e9lyinterj\u00fak elemz\u00e9s\u00e9re, valamint az el\u00e9rhet\u0151 t\u00e1rsadalombiztos\u00edt\u00e1si adatb\u00e1zisokra \u00e9p\u00edtett\u00fck. \u00a0<\/p>\n<p style=\"text-align: justify\">B\u00e1r m\u00f3dszertani szempontb\u00f3l jelent\u0151s korl\u00e1t az \u00e9rt\u00e9kelhet\u0151 id\u0151tartam r\u00f6vids\u00e9ge, <strong>a Modellprogram mindegyik c\u00e9lkit\u0171z\u00e9s ment\u00e9n \u00e9rdemi eredm\u00e9nyt tudott felmutatni <\/strong>amellett, hogy sikeresen mozg\u00f3s\u00edtani tudta a h\u00e1tr\u00e1nyos helyzet\u0171 telep\u00fcl\u00e9seken \u00e9l\u0151 roma lakoss\u00e1got is. Kezdeti eredm\u00e9nyeink teh\u00e1t a Modellprogram folytat\u00e1sa mellett sz\u00f3lnak, ugyanakkor elengedhetetlen a vizsg\u00e1latok hosszabb id\u0151t\u00e1vra val\u00f3 kiterjeszt\u00e9se annak \u00e9rdek\u00e9ben, hogy teljes k\u00e9pet kaphassunk a programnak az eg\u00e9szs\u00e9g\u00fcgyi ell\u00e1t\u00f3rendszer teljes\u00edtm\u00e9ny\u00e9re gyakorolt hat\u00e1sair\u00f3l.<\/p>\n<p style=\"text-align: justify\"><a href=\"https:\/\/semmelweis.hu\/emk\/files\/2020\/02\/Z\u00e1r\u00f3_\u00c9rt\u00e9kel\u00e9s_SH_8_1_WP8_SE_EMK_2017.pdf\" target=\"_blank\" rel=\"noopener\"><strong>Z\u00e1r\u00f3 \u00e9rt\u00e9kel\u00e9s <\/strong><\/a><strong>(pdf)<\/strong><\/p>\n<p style=\"text-align: justify\"><strong>A jelent\u00e9s elk\u00e9sz\u00edt\u00e9s\u00e9ben k\u00f6zrem\u0171k\u00f6d\u0151 szervezetek<\/strong><\/p>\n<ul style=\"text-align: justify\">\n<li>Semmelweis Egyetem, Eg\u00e9szs\u00e9g\u00fcgyi K\u00f6zszolg\u00e1lati Kar, Eg\u00e9szs\u00e9g\u00fcgyi Menedzserk\u00e9pz\u0151 K\u00f6zpont<\/li>\n<li>Debreceni Egyetem, N\u00e9peg\u00e9szs\u00e9g\u00fcgyi Kar<\/li>\n<li>Szegedi Tudom\u00e1nyegyetem<\/li>\n<li>P\u00e9csi Tudom\u00e1nyegyetem<\/li>\n<li>Magyar V\u00e9d\u0151n\u0151k Egyes\u00fclete<\/li>\n<li>Nemzeti Eg\u00e9szs\u00e9gfejleszt\u00e9si Int\u00e9zet<\/li>\n<li>Nemzeti Eg\u00e9szs\u00e9gbiztos\u00edt\u00e1si Alapkezel\u0151<\/li>\n<\/ul>\n<p style=\"text-align: justify\"><strong>EMK kontakt:<\/strong><\/p>\n<p><span style=\"float: none;background-color: transparent;color: #1e2326;font-family: 'PT serif',serif;font-size: 20px;font-style: normal;font-variant: normal;font-weight: 400;letter-spacing: normal;text-align: left;text-decoration: none;text-indent: 0px;text-transform: none\">N\u00e9v: Dr. Sink\u00f3 Eszter \u00a0 \u00a0 \u00a0 \u00a0 \u00a0 \u00a0 \u00a0 \u00a0 \u00a0 \u00a0 \u00a0 \u00a0 \u00a0 \u00a0 \u00a0<\/span><br \/>\n<span style=\"float: none;background-color: transparent;color: #1e2326;font-family: 'PT serif',serif;font-size: 20px;font-style: normal;font-variant: normal;font-weight: 400;letter-spacing: normal;text-align: left;text-decoration: none;text-indent: 0px;text-transform: none\"> Telefon: 06\/1-488-7602<\/span><br \/>\n<span style=\"float: none;background-color: transparent;color: #1e2326;font-family: 'PT serif',serif;font-size: 20px;font-style: normal;font-variant: normal;font-weight: 400;letter-spacing: normal;text-align: left;text-decoration: none;text-indent: 0px;text-transform: none\"> E-mail: <\/span><span style=\"font-size: 14pt\"><a href=\"mailto:sinko.eszter@emk.semmelweis.hu\" target=\"_blank\" rel=\"noopener\"><span style=\"text-align: left;background-color: transparent;float: none\">sinko.eszter<\/span>@emk.semmelweis.hu<\/a><span style=\"background-color: transparent;text-align: left\">\u00a0<\/span><\/span><\/p>\n<p style=\"text-align: justify\">N\u00e9v: Dr. D\u00f3zsa Katalin \u00a0 \u00a0 \u00a0 \u00a0 \u00a0 \u00a0 \u00a0 \u00a0 \u00a0 \u00a0 \u00a0 \u00a0 \u00a0 \u00a0\u00a0<br \/>\nTelefon: <span style=\"float: none;background-color: transparent;color: #1e2326;font-family: 'PT serif',serif;font-size: 20px;font-style: normal;font-variant: normal;font-weight: 400;letter-spacing: normal;text-align: left;text-decoration: none;text-indent: 0px;text-transform: none\">+36-20\/498-8287<\/span><br \/>\nE-mail: <a href=\"mailto:dozsa.katalin@emk.semmelweis.hu\" target=\"_blank\" rel=\"noopener\">dozsa.katalin@emk.semmelweis.hu<\/a><\/p>\n<p style=\"text-align: justify\">\u00a0<\/p>\n<p style=\"text-align: justify\">\u00a0<\/p>\n<p style=\"text-align: justify\">\u00a0<\/p>\n","protected":false},"excerpt":{"rendered":"<p>Sv\u00e1jci-Magyar Alapell\u00e1t\u00e1s-fejleszt\u00e9si modellprogram SH\/8\/1 regisztr\u00e1ci\u00f3s sz\u00e1m\u00fa Sv\u00e1jci Hozz\u00e1j\u00e1rul\u00e1s keret\u00e9ben t\u00e1mogatott &#8222;Az eg\u00e9szs\u00e9g\u00fcgy forr\u00e1sainak felhaszn\u00e1l\u00e1s\u00e1val n\u00e9peg\u00e9szs\u00e9g\u00fcgyi f\u00f3kusz\u00fa alapell\u00e1t\u00e1s-szervez\u00e9si modellprogram Virtu\u00e1lis Ell\u00e1t\u00f3 K\u00f6zpont t\u00e1mogat\u00e1s\u00e1val&#8221; c\u00edm\u0171 program A program tartalma, c\u00e9lja A magyar eg\u00e9szs\u00e9g\u00fcgy sz\u00e1mos kih\u00edv\u00e1ssal kell, hogy szemben\u00e9zzen, amelyek k\u00f6z\u00fcl a legaggaszt\u00f3bb, hogy a lakoss\u00e1g eg\u00e9szs\u00e9gi \u00e1llapota nemzetk\u00f6zi \u00f6sszehasonl\u00edt\u00e1sban igen rossznak tekinthet\u0151 az \u00e9letm\u00f3ddal \u00f6sszef\u00fcgg\u0151 rizik\u00f3t\u00e9nyez\u0151k, \u00e9s &hellip;<\/p>\n","protected":false},"author":101539,"featured_media":0,"parent":15855,"menu_order":27,"comment_status":"closed","ping_status":"closed","template":"","meta":{"_acf_changed":false,"footnotes":""},"categories":[],"tags":[859],"class_list":["post-15775","page","type-page","status-publish","hentry","tag-svajci-magyar-alapellatas-fejlesztesi-modellprogram"],"acf":[],"_links":{"self":[{"href":"https:\/\/semmelweis.hu\/emk\/wp-json\/wp\/v2\/pages\/15775","targetHints":{"allow":["GET"]}}],"collection":[{"href":"https:\/\/semmelweis.hu\/emk\/wp-json\/wp\/v2\/pages"}],"about":[{"href":"https:\/\/semmelweis.hu\/emk\/wp-json\/wp\/v2\/types\/page"}],"author":[{"embeddable":true,"href":"https:\/\/semmelweis.hu\/emk\/wp-json\/wp\/v2\/users\/101539"}],"replies":[{"embeddable":true,"href":"https:\/\/semmelweis.hu\/emk\/wp-json\/wp\/v2\/comments?post=15775"}],"version-history":[{"count":9,"href":"https:\/\/semmelweis.hu\/emk\/wp-json\/wp\/v2\/pages\/15775\/revisions"}],"predecessor-version":[{"id":25343,"href":"https:\/\/semmelweis.hu\/emk\/wp-json\/wp\/v2\/pages\/15775\/revisions\/25343"}],"up":[{"embeddable":true,"href":"https:\/\/semmelweis.hu\/emk\/wp-json\/wp\/v2\/pages\/15855"}],"wp:attachment":[{"href":"https:\/\/semmelweis.hu\/emk\/wp-json\/wp\/v2\/media?parent=15775"}],"wp:term":[{"taxonomy":"category","embeddable":true,"href":"https:\/\/semmelweis.hu\/emk\/wp-json\/wp\/v2\/categories?post=15775"},{"taxonomy":"post_tag","embeddable":true,"href":"https:\/\/semmelweis.hu\/emk\/wp-json\/wp\/v2\/tags?post=15775"}],"curies":[{"name":"wp","href":"https:\/\/api.w.org\/{rel}","templated":true}]}}