{"id":15754,"date":"2020-02-03T11:19:01","date_gmt":"2020-02-03T10:19:01","guid":{"rendered":"http:\/\/semmelweis.hu\/emk\/?page_id=15754"},"modified":"2025-06-13T14:15:36","modified_gmt":"2025-06-13T12:15:36","slug":"lhep-lshep","status":"publish","type":"page","link":"https:\/\/semmelweis.hu\/emk\/szakertoi-tevekenyseg-projektek\/lezart-projektek\/lhep-lshep\/","title":{"rendered":"LHEP &#8211; LSHEP"},"content":{"rendered":"<p style=\"text-align: justify\"><strong>Tr\u00e9ning a k\u00f6zigazgat\u00e1s eg\u00e9szs\u00e9g\u00fcgyi szektor\u00e1ban dolgoz\u00f3 lett k\u00f6ztisztvisel\u0151k sz\u00e1m\u00e1ra<\/strong><\/p>\n<p style=\"text-align: justify\">A k\u00e9pz\u00e9si tev\u00e9kenys\u00e9g r\u00f6vid neve: <strong>Latvian Health Executive Programmes (LHEPs), Latvian Senior Health Executive Programme (LSHEP)<\/strong>.<\/p>\n<p style=\"text-align: justify\">A tr\u00e9ning keret\u00e9ben a Semmelweis Egyetem Eg\u00e9szs\u00e9g\u00fcgyi Menedzserk\u00e9pz\u0151 K\u00f6zpontja a lett eg\u00e9szs\u00e9gpolitikai vezet\u0151knek (eg\u00e9szs\u00e9g\u00fcgy\u00e9rt felel\u0151s \u00e1llamtitk\u00e1r, helyettes \u00e1llamtitk\u00e1r, igazgat\u00f3k) \u00e9s a lett Eg\u00e9szs\u00e9g\u00fcgyi Miniszt\u00e9riumban \u00e9s h\u00e1tt\u00e9rint\u00e9zm\u00e9nyeiben dolgoz\u00f3 szak\u00e9rt\u0151k sz\u00e1m\u00e1ra tart k\u00e9pz\u00e9si programot. Az Eur\u00f3pa Bizotts\u00e1g technikai \u00e9s p\u00e9nz\u00fcgyi t\u00e1mogat\u00e1st ny\u00fajtott a Struktur\u00e1lisreform-t\u00e1mogat\u00f3 Programon kereszt\u00fcl a lett Eg\u00e9szs\u00e9g\u00fcgyi Miniszt\u00e9riumnak a k\u00e9pz\u00e9si program megval\u00f3s\u00edt\u00e1s\u00e1hoz.<\/p>\n<p style=\"text-align: justify\">A n\u00e9gyhetes program keret\u00e9ben, h\u00e1rom k\u00e9pz\u00e9si csoport kap v\u00e1ltoz\u00e1smenedzsment f\u00f3kusz\u00fa k\u00e9pz\u00e9st. A modulok a k\u00f6vetkez\u0151k: rendszer alapok \u00e9s elm\u00e9letek &#8211; a rendszer kezel\u00e9se; eg\u00e9szs\u00e9ggazdas\u00e1gtan, a technol\u00f3gi\u00e1k \u00e9s az infrastrukt\u00fara kezel\u00e9se; a reformok \u00e9s a v\u00e1ltoz\u00e1sok kezel\u00e9se; politikai \u00e9s v\u00e1ls\u00e1gkommunik\u00e1ci\u00f3, projektmenedzsment.<\/p>\n<p style=\"text-align: justify\">A k\u00e9pz\u00e9si program k\u00e9szs\u00e9gfejleszt\u00e9st \u00e9s esettanulm\u00e1nyokat is mag\u00e1ban foglal. Az EMK a r\u00e9sztvev\u0151kkel &#8222;<strong> learning-by-doing<\/strong> &#8221; alapon dolgozik egy\u00fctt. A r\u00e9sztvev\u0151knek v\u00e1ltoz\u00e1s menedzsment csapatokat kell alak\u00edtaniuk, \u00e9s egy olyan v\u00e1ltoztat\u00e1si projekten kell dolgozniuk, amely a lett eg\u00e9szs\u00e9g\u00fcgyi rendszer reformj\u00e1val vagy a v\u00e1lasztott lett eg\u00e9szs\u00e9g\u00fcgyi int\u00e9zm\u00e9ny int\u00e9zm\u00e9nyi fejleszt\u00e9s\u00e9vel kapcsolatos. Az esettanulm\u00e1nyok \u00e9s projekttervek szem\u00e9lyes \u00f6tleteiken \u00e9s tapasztalataitokon alapulnak \u00e9s mentorok az EMK-b\u00f3l seg\u00edtik \u0151ket a projektmunk\u00e1ban. A politikai szint bevon\u00e1s\u00e1val a v\u00e1ltoz\u00e1si projektek \u00f6sszhangban vannak a politikai keretrendszerrel, \u00e9s ez biztos\u00edtja a projektek fenntarthat\u00f3s\u00e1g\u00e1t.<\/p>\n<p style=\"text-align: justify\">Az eddigi projektmunk\u00e1k keret\u00e9ben ker\u00fclt megtervez\u00e9sre p\u00e9ld\u00e1ul eg\u00e9szs\u00e9g\u00fcgyi t\u00e9m\u00e1j\u00fa hackathon, adatvizualiz\u00e1ci\u00f3s megold\u00e1s a n\u00e9peg\u00e9szs\u00e9g\u00fcgyi adatok publik\u00e1l\u00e1s\u00e1ra, vagy hiteles inform\u00e1ci\u00f3t tartalmaz\u00f3, eg\u00e9szs\u00e9g\u00e9rt\u00e9st seg\u00edt\u0151, egys\u00e9ges arculat\u00fa kamp\u00e1ny.<\/p>\n<p style=\"text-align: justify\">A programot a lett f\u00e9l jel\u00f6lte a 2019-es <strong>Eur\u00f3pai K\u00f6zigazgat\u00e1si D\u00edj<\/strong>ra.<\/p>\n","protected":false},"excerpt":{"rendered":"<p>Tr\u00e9ning a k\u00f6zigazgat\u00e1s eg\u00e9szs\u00e9g\u00fcgyi szektor\u00e1ban dolgoz\u00f3 lett k\u00f6ztisztvisel\u0151k sz\u00e1m\u00e1ra A k\u00e9pz\u00e9si tev\u00e9kenys\u00e9g r\u00f6vid neve: Latvian Health Executive Programmes (LHEPs), Latvian Senior Health Executive Programme (LSHEP). A tr\u00e9ning keret\u00e9ben a Semmelweis Egyetem Eg\u00e9szs\u00e9g\u00fcgyi Menedzserk\u00e9pz\u0151 K\u00f6zpontja a lett eg\u00e9szs\u00e9gpolitikai vezet\u0151knek (eg\u00e9szs\u00e9g\u00fcgy\u00e9rt felel\u0151s \u00e1llamtitk\u00e1r, helyettes \u00e1llamtitk\u00e1r, igazgat\u00f3k) \u00e9s a lett Eg\u00e9szs\u00e9g\u00fcgyi Miniszt\u00e9riumban \u00e9s h\u00e1tt\u00e9rint\u00e9zm\u00e9nyeiben dolgoz\u00f3 szak\u00e9rt\u0151k sz\u00e1m\u00e1ra tart &hellip;<\/p>\n","protected":false},"author":101539,"featured_media":0,"parent":15855,"menu_order":20,"comment_status":"closed","ping_status":"closed","template":"","meta":{"_acf_changed":false,"footnotes":""},"categories":[],"tags":[847,849],"class_list":["post-15754","page","type-page","status-publish","hentry","tag-latvian-health-executive-programmes","tag-latvian-senior-health-executive-programme"],"acf":[],"_links":{"self":[{"href":"https:\/\/semmelweis.hu\/emk\/wp-json\/wp\/v2\/pages\/15754","targetHints":{"allow":["GET"]}}],"collection":[{"href":"https:\/\/semmelweis.hu\/emk\/wp-json\/wp\/v2\/pages"}],"about":[{"href":"https:\/\/semmelweis.hu\/emk\/wp-json\/wp\/v2\/types\/page"}],"author":[{"embeddable":true,"href":"https:\/\/semmelweis.hu\/emk\/wp-json\/wp\/v2\/users\/101539"}],"replies":[{"embeddable":true,"href":"https:\/\/semmelweis.hu\/emk\/wp-json\/wp\/v2\/comments?post=15754"}],"version-history":[{"count":2,"href":"https:\/\/semmelweis.hu\/emk\/wp-json\/wp\/v2\/pages\/15754\/revisions"}],"predecessor-version":[{"id":25330,"href":"https:\/\/semmelweis.hu\/emk\/wp-json\/wp\/v2\/pages\/15754\/revisions\/25330"}],"up":[{"embeddable":true,"href":"https:\/\/semmelweis.hu\/emk\/wp-json\/wp\/v2\/pages\/15855"}],"wp:attachment":[{"href":"https:\/\/semmelweis.hu\/emk\/wp-json\/wp\/v2\/media?parent=15754"}],"wp:term":[{"taxonomy":"category","embeddable":true,"href":"https:\/\/semmelweis.hu\/emk\/wp-json\/wp\/v2\/categories?post=15754"},{"taxonomy":"post_tag","embeddable":true,"href":"https:\/\/semmelweis.hu\/emk\/wp-json\/wp\/v2\/tags?post=15754"}],"curies":[{"name":"wp","href":"https:\/\/api.w.org\/{rel}","templated":true}]}}