{"id":15729,"date":"2020-02-02T14:02:26","date_gmt":"2020-02-02T13:02:26","guid":{"rendered":"http:\/\/semmelweis.hu\/emk\/?page_id=15729"},"modified":"2025-06-13T14:34:21","modified_gmt":"2025-06-13T12:34:21","slug":"summer-school","status":"publish","type":"page","link":"https:\/\/semmelweis.hu\/emk\/szakertoi-tevekenyseg-projektek\/lezart-projektek\/summer-school\/","title":{"rendered":"Summer School"},"content":{"rendered":"<p style=\"text-align: justify\"><strong>Summer School 2020<\/strong><\/p>\n<p style=\"text-align: justify\">EIT Health<\/p>\n<p style=\"text-align: justify\">2020.01.01.- 2020.12.31<\/p>\n<p style=\"text-align: justify\"><strong>Projekt tartalma, c\u00e9lja<\/strong><\/p>\n<p style=\"text-align: justify\">Az eg\u00e9szs\u00e9g\u00fcgyi rendszerek digitaliz\u00e1ci\u00f3ja gyorsan fejl\u0151dik, \u00e9s az eg\u00e9szs\u00e9g\u00fcgyi \u00e1gazat l\u00e9nyeges \u00e1talakul\u00e1s\u00e1t okozza. Jelent\u0151s v\u00e1ltoz\u00e1sokat eredm\u00e9nyez az eg\u00e9szs\u00e9g\u00fcgyi ell\u00e1t\u00e1s ny\u00fajt\u00e1s\u00e1ban \u00e9s a dolgoz\u00f3k napi gyakorlat\u00e1nak ter\u00fclet\u00e9n. A digit\u00e1lis \u00f6kosziszt\u00e9m\u00e1k terjed\u00e9se hat\u00e1ssal van az ell\u00e1t\u00e1si modellekre pl. integr\u00e1lt ell\u00e1t\u00e1s, a betegutakra pl. elektronikus betegadatok \u00e9s telemedicina, \u00e9s az \u00faj technol\u00f3gi\u00e1kra a kezel\u00e9sben illetve eszk\u00f6z\u00f6kben pl. okos eszk\u00f6z\u00f6k. Az eg\u00e9szs\u00e9g\u00fcgyi rendszerek eredm\u00e9nyess\u00e9ge \u00e9s fenntarthat\u00f3s\u00e1ga fejleszt\u00e9se \u00e9rdek\u00e9ben az eg\u00e9szs\u00e9g\u00fcgyi dolgoz\u00f3knak fel kell k\u00e9sz\u00fclni\u00fck a digit\u00e1lis \u00e1talakul\u00e1s okozta kih\u00edv\u00e1sokra. Az eg\u00e9szs\u00e9g\u00fcgyi dolgoz\u00f3k digit\u00e1lis tud\u00e1s\u00e1nak \u00e9s ismereteinek jav\u00edt\u00e1sa k\u00fcl\u00f6nb\u00f6z\u0151 k\u00e9pz\u00e9si programok \u00fatj\u00e1n cs\u00f6kkentheti a hi\u00e1nyoss\u00e1gokat \u00e9s elt\u00e9r\u00e9seket. az eg\u00e9szs\u00e9g\u00fcgyi munkaer\u0151 tervez\u00e9se \u00e9s fejleszt\u00e9se ter\u00e9n strat\u00e9giai k\u00e9rd\u00e9s a fejlett technol\u00f3gi\u00e1k v\u00e1ltoz\u00e1s\u00e1nak \u00e9s egyre nagyobb szerep\u00e9nek menedzsel\u00e9se a hat\u00e1ron \u00e1tny\u00fal\u00f3 ell\u00e1t\u00e1sban.<\/p>\n<p style=\"text-align: justify\"><strong>A tervezett modulok:<\/strong><\/p>\n<p style=\"text-align: justify\">\u2022 Az eg\u00e9szs\u00e9g\u00fcgyi munkaer\u0151 fenntarthat\u00f3s\u00e1ga \u00e9s alkamazkod\u00f3 k\u00e9pess\u00e9ge a v\u00e1ltoz\u00e1sok sor\u00e1n<br \/>\n\u2022 Az eg\u00e9szs\u00e9g\u00fcgyi munkaer\u0151 fejleszt\u00e9se, \u00e9s a v\u00e1ltoz\u00e1s v\u00e9ghezvitele<br \/>\n\u2022 Eg\u00e9szs\u00e9g\u00fcgyi finansz\u00edroz\u00e1si szempontok<br \/>\n\u2022 A digit\u00e1lis \u00f6kosziszt\u00e9ma f\u0151 jellemz\u0151i \u2013 big data \u00e9s e-eg\u00e9szs\u00e9g\u00fcgy<br \/>\n\u2022 Az eg\u00e9szs\u00e9g\u00fcgyi dolgoz\u00f3k digit\u00e1lis \u00edr\u00e1stud\u00e1sa \u00e9s ismeretei<\/p>\n<p style=\"text-align: justify\"><strong>Projekt szerepl\u0151k:<\/strong><\/p>\n<p style=\"text-align: justify\"><strong>Konzorciumvezet\u0151:<\/strong> SE EMK<\/p>\n<p style=\"text-align: justify\"><strong>Tov\u00e1bbi konzorciumi tagok\/partnerek:<\/strong><\/p>\n<ul style=\"text-align: justify\">\n<li>IESE Business School, Barcelona<\/li>\n<li>E Group<\/li>\n<\/ul>\n<p style=\"text-align: justify\"><strong>EMK kontakt:<\/strong><\/p>\n<p style=\"text-align: justify\">N\u00e9v: <a href=\"https:\/\/semmelweis.hu\/emk\/oktatas\/munkatarsak-oktatoi-csapat\/kovacs-eszter-dr\/\" target=\"_blank\" rel=\"noopener\">Dr. Kov\u00e1cs Eszter<\/a> (egyetemi adjunktus, projektmenedzser)<br \/>\nTelefon:+ 36 1 488 7613<br \/>\nE-mail:\u00a0<a href=\"mailto:kovacs.eszter@emk.semmelweis.hu\" target=\"_blank\" rel=\"noopener\">kovacs.eszter@emk.semmelweis.hu<\/a><\/p>\n","protected":false},"excerpt":{"rendered":"<p>Summer School 2020 EIT Health 2020.01.01.- 2020.12.31 Projekt tartalma, c\u00e9lja Az eg\u00e9szs\u00e9g\u00fcgyi rendszerek digitaliz\u00e1ci\u00f3ja gyorsan fejl\u0151dik, \u00e9s az eg\u00e9szs\u00e9g\u00fcgyi \u00e1gazat l\u00e9nyeges \u00e1talakul\u00e1s\u00e1t okozza. Jelent\u0151s v\u00e1ltoz\u00e1sokat eredm\u00e9nyez az eg\u00e9szs\u00e9g\u00fcgyi ell\u00e1t\u00e1s ny\u00fajt\u00e1s\u00e1ban \u00e9s a dolgoz\u00f3k napi gyakorlat\u00e1nak ter\u00fclet\u00e9n. A digit\u00e1lis \u00f6kosziszt\u00e9m\u00e1k terjed\u00e9se hat\u00e1ssal van az ell\u00e1t\u00e1si modellekre pl. integr\u00e1lt ell\u00e1t\u00e1s, a betegutakra pl. elektronikus betegadatok \u00e9s telemedicina, &hellip;<\/p>\n","protected":false},"author":101539,"featured_media":0,"parent":15855,"menu_order":26,"comment_status":"closed","ping_status":"closed","template":"","meta":{"_acf_changed":false,"footnotes":""},"categories":[],"tags":[857],"class_list":["post-15729","page","type-page","status-publish","hentry","tag-summer-school"],"acf":[],"_links":{"self":[{"href":"https:\/\/semmelweis.hu\/emk\/wp-json\/wp\/v2\/pages\/15729","targetHints":{"allow":["GET"]}}],"collection":[{"href":"https:\/\/semmelweis.hu\/emk\/wp-json\/wp\/v2\/pages"}],"about":[{"href":"https:\/\/semmelweis.hu\/emk\/wp-json\/wp\/v2\/types\/page"}],"author":[{"embeddable":true,"href":"https:\/\/semmelweis.hu\/emk\/wp-json\/wp\/v2\/users\/101539"}],"replies":[{"embeddable":true,"href":"https:\/\/semmelweis.hu\/emk\/wp-json\/wp\/v2\/comments?post=15729"}],"version-history":[{"count":4,"href":"https:\/\/semmelweis.hu\/emk\/wp-json\/wp\/v2\/pages\/15729\/revisions"}],"predecessor-version":[{"id":25340,"href":"https:\/\/semmelweis.hu\/emk\/wp-json\/wp\/v2\/pages\/15729\/revisions\/25340"}],"up":[{"embeddable":true,"href":"https:\/\/semmelweis.hu\/emk\/wp-json\/wp\/v2\/pages\/15855"}],"wp:attachment":[{"href":"https:\/\/semmelweis.hu\/emk\/wp-json\/wp\/v2\/media?parent=15729"}],"wp:term":[{"taxonomy":"category","embeddable":true,"href":"https:\/\/semmelweis.hu\/emk\/wp-json\/wp\/v2\/categories?post=15729"},{"taxonomy":"post_tag","embeddable":true,"href":"https:\/\/semmelweis.hu\/emk\/wp-json\/wp\/v2\/tags?post=15729"}],"curies":[{"name":"wp","href":"https:\/\/api.w.org\/{rel}","templated":true}]}}