{"id":15721,"date":"2020-02-02T12:59:58","date_gmt":"2020-02-02T11:59:58","guid":{"rendered":"http:\/\/semmelweis.hu\/emk\/?page_id=15721"},"modified":"2025-06-05T14:10:52","modified_gmt":"2025-06-05T12:10:52","slug":"echo","status":"publish","type":"page","link":"https:\/\/semmelweis.hu\/emk\/szakertoi-tevekenyseg-projektek\/lezart-projektek\/echo\/","title":{"rendered":"ECHO"},"content":{"rendered":"<p><strong>ECHO<\/strong> <strong>&#8211; Establishing and operating a pilot for a Cybersecurity Competence Network to develop and implement a common Cybersecurity Research &amp; Innovation Roadmap<\/strong><\/p>\n<p>H2020<\/p>\n<p>2019.02.01.- 2023.01.31.<\/p>\n<p><strong>Projekt tartalma, c\u00e9lja<\/strong><\/p>\n<p>A projekt c\u00e9lja egy cyber-biztons\u00e1gi kompetencia h\u00e1lozatra vonatkoz\u00f3 PILOT fel\u00e9p\u00edt\u00e9se \u00e9s m\u0171k\u00f6dtet\u00e9se k\u00f6z\u00f6s cyber-biztons\u00e1g kutat\u00e1si \u00e9s innov\u00e1ci\u00f3s \u00fatmutat\u00f3 fejleszt\u00e9se \u00e9s v\u00e9grehajt\u00e1sa, tov\u00e1bb\u00e1, hogy fejlessze a szektork\u00f6zi egy\u00fcttm\u0171k\u00f6d\u00e9st a jobb proakt\u00edv internetes v\u00e9delem \u00e9rdek\u00e9ben, bele\u00e9rtve a k\u00f6vetkez\u0151ket:<\/p>\n<p>A korai figyelmeztet\u0151 rendszer fejleszt\u00e9se.<\/p>\n<p>A szektorspecifikus internetes biztons\u00e1gtechnikai menetrendek kidolgoz\u00e1sa:<\/p>\n<ul>\n<li>Korai el\u0151rejelz\u0151 rendszer &#8211; az inform\u00e1ci\u00f3s terjeszt\u00e9s \u00e9s az \u00e1gazatk\u00f6zi koordin\u00e1ci\u00f3 eszk\u00f6ze az CSCE-CIRP alapj\u00e1n<\/li>\n<li>\u00c1gazatokon \u00e1t\u00edvel\u0151 technol\u00f3giai \u00fatitervek &#8211; az \u00e1gazatspecifikusan meghat\u00e1rozott egyedi kih\u00edv\u00e1sokb\u00f3l sz\u00e1rmaznak haszn\u00e1lati esetek \u00e9s szektork\u00f6zi demonstr\u00e1ci\u00f3s esetek<\/li>\n<li>Rendszer \u00e9s \u00e1gazatspecifikus biztons\u00e1gi tan\u00fas\u00edt\u00e1si rendszerek &#8211; &#8222;Biztons\u00e1gi tervez\u00e9s&#8221; megk\u00f6zel\u00edt\u00e9s, \u00f6sszehangolt az ENISA er\u0151fesz\u00edt\u00e9seivel az EU biztons\u00e1gi tan\u00fas\u00edt\u00e1si rendszere kidolgoz\u00e1s\u00e1ra<\/li>\n<li>Federal Cyber Range &#8211; k\u00f6rnyezet a k\u00e9pz\u00e9si, kutat\u00e1si \u00e9s tan\u00fas\u00edt\u00e1si tesztel\u00e9shez \u2013 alapul CSCE-CITEF, kiterjesztve \u00f6sszekapcsol\u00f3d\u00e1sra m\u00e1s partnerkapcsolat-h\u00e1l\u00f3zatokkal.<\/li>\n<\/ul>\n<p><strong>Projekt szerepl\u0151k<\/strong>:<\/p>\n<p><strong>Projektvezet\u0151:<\/strong> RMA (BE)- Institute<\/p>\n<p><strong>Az EMK szerepe a projektben:<\/strong><\/p>\n<ul>\n<li>Eg\u00e9szs\u00e9g\u00fcgy cyber security WP<\/li>\n<li>Disszemin\u00e1ci\u00f3s WP vezet\u0151<\/li>\n<\/ul>\n<p><strong>Tov\u00e1bbi konzorciumi tagok\/partnerek:<\/strong><\/p>\n<ul>\n<li>RHEA (BE) \u2013 Industry-SME<\/li>\n<li>BDI (BG) &#8211; Institute<\/li>\n<li>Vitrociset (BE) &#8211; Industry<\/li>\n<li>OHB (DE) &#8211; Industry<\/li>\n<li>ACEA (IT) &#8211; Industry<\/li>\n<li>Aon (IT) &#8211; Industry<\/li>\n<li>Tallin Tech University (EE) -Academic<\/li>\n<li>ESI (BG) &#8211; Institute<\/li>\n<li>IICT-BAS (BG) &#8211; Academic<\/li>\n<li>Telelink (BG) \u2013 Industry-SME<\/li>\n<li>CERTH (GR) -Institute<\/li>\n<li>Maynooth University (IE) &#8211; Academic<\/li>\n<li>Telefonica (ES) &#8211; Industry<\/li>\n<li>Exprivia (IT) &#8211; Industry<\/li>\n<li>CIRM.net (IT) &#8211; Industry<\/li>\n<li>AGH (PL) &#8211; Academic<\/li>\n<li>Laurea University (FI) &#8211; Academic<\/li>\n<li>Bournemouth university (UK) &#8211; Academic<\/li>\n<li>National Aerospace University \u2013Kharkiv Aviation Institute (UA) &#8211; Institute<\/li>\n<li>Visionspace (DE) \u2013 Industry-SME<\/li>\n<li>EASA (EU) &#8211; Agency<\/li>\n<li>Eurocontrol (BE) &#8211; Agency<\/li>\n<li>ESA (BE\/FR)- Agency<\/li>\n<\/ul>\n<p><a href=\"https:\/\/semmelweis.hu\/emk\/files\/2020\/04\/20200408-ECHO-WhitePaper-Hackers-Mindset_short_hu.pdf\" target=\"_blank\" rel=\"noopener\">A COVID-19 j\u00e1rv\u00e1nyhoz kapcsol\u00f3d\u00f3 hacker-gondolkod\u00e1sm\u00f3d<\/a> (kivonat)<\/p>\n<p><strong>EMK kontakt:<\/strong><\/p>\n<p>N\u00e9v: Kis M\u00e1rton<br \/>\nTelefon: 06\/1-488-7635<br \/>\nE-mail:\u00a0<a href=\"mailto:kis.marton@emk.sote.hu\">kis.marton@emk.semmelweis.hu<\/a><\/p>\n","protected":false},"excerpt":{"rendered":"<p>ECHO &#8211; Establishing and operating a pilot for a Cybersecurity Competence Network to develop and implement a common Cybersecurity Research &amp; Innovation Roadmap H2020 2019.02.01.- 2023.01.31. Projekt tartalma, c\u00e9lja A projekt c\u00e9lja egy cyber-biztons\u00e1gi kompetencia h\u00e1lozatra vonatkoz\u00f3 PILOT fel\u00e9p\u00edt\u00e9se \u00e9s m\u0171k\u00f6dtet\u00e9se k\u00f6z\u00f6s cyber-biztons\u00e1g kutat\u00e1si \u00e9s innov\u00e1ci\u00f3s \u00fatmutat\u00f3 fejleszt\u00e9se \u00e9s v\u00e9grehajt\u00e1sa, tov\u00e1bb\u00e1, hogy fejlessze a szektork\u00f6zi &hellip;<\/p>\n","protected":false},"author":101539,"featured_media":0,"parent":15855,"menu_order":4,"comment_status":"closed","ping_status":"closed","template":"","meta":{"_acf_changed":false,"footnotes":""},"categories":[],"tags":[801],"class_list":["post-15721","page","type-page","status-publish","hentry","tag-echo"],"acf":[],"_links":{"self":[{"href":"https:\/\/semmelweis.hu\/emk\/wp-json\/wp\/v2\/pages\/15721","targetHints":{"allow":["GET"]}}],"collection":[{"href":"https:\/\/semmelweis.hu\/emk\/wp-json\/wp\/v2\/pages"}],"about":[{"href":"https:\/\/semmelweis.hu\/emk\/wp-json\/wp\/v2\/types\/page"}],"author":[{"embeddable":true,"href":"https:\/\/semmelweis.hu\/emk\/wp-json\/wp\/v2\/users\/101539"}],"replies":[{"embeddable":true,"href":"https:\/\/semmelweis.hu\/emk\/wp-json\/wp\/v2\/comments?post=15721"}],"version-history":[{"count":8,"href":"https:\/\/semmelweis.hu\/emk\/wp-json\/wp\/v2\/pages\/15721\/revisions"}],"predecessor-version":[{"id":25247,"href":"https:\/\/semmelweis.hu\/emk\/wp-json\/wp\/v2\/pages\/15721\/revisions\/25247"}],"up":[{"embeddable":true,"href":"https:\/\/semmelweis.hu\/emk\/wp-json\/wp\/v2\/pages\/15855"}],"wp:attachment":[{"href":"https:\/\/semmelweis.hu\/emk\/wp-json\/wp\/v2\/media?parent=15721"}],"wp:term":[{"taxonomy":"category","embeddable":true,"href":"https:\/\/semmelweis.hu\/emk\/wp-json\/wp\/v2\/categories?post=15721"},{"taxonomy":"post_tag","embeddable":true,"href":"https:\/\/semmelweis.hu\/emk\/wp-json\/wp\/v2\/tags?post=15721"}],"curies":[{"name":"wp","href":"https:\/\/api.w.org\/{rel}","templated":true}]}}