{"id":15717,"date":"2020-02-02T15:19:15","date_gmt":"2020-02-02T14:19:15","guid":{"rendered":"http:\/\/semmelweis.hu\/emk\/?page_id=15717"},"modified":"2025-06-13T14:03:48","modified_gmt":"2025-06-13T12:03:48","slug":"innovation-day-2019","status":"publish","type":"page","link":"https:\/\/semmelweis.hu\/emk\/szakertoi-tevekenyseg-projektek\/lezart-projektek\/innovation-day-2019\/","title":{"rendered":"Innovation Day 2019"},"content":{"rendered":"<p style=\"font-weight: 400;text-align: justify\"><strong>Innovation Day 2019<\/strong><\/p>\n<p style=\"font-weight: 400;text-align: justify\">2019.01.01.- 2019.12.31.<\/p>\n<p style=\"font-weight: 400;text-align: justify\"><strong>Projekt tartalma, c\u00e9lja<\/strong><\/p>\n<p style=\"font-weight: 400;text-align: justify\">Az Innov\u00e1ci\u00f3s Napok program (Innovation Days &#8211; iDays) el\u0151seg\u00edti \u00e9s n\u00e9pszer\u0171s\u00edti az eg\u00e9szs\u00e9g\u00fcgyi innov\u00e1ci\u00f3t a di\u00e1kok k\u00f6r\u00e9ben.<\/p>\n<p style=\"font-weight: 400;text-align: justify\">A di\u00e1kok gyakorlati oktat\u00e1st kapnak a\u00a0\u00a0praktikus eg\u00e9szs\u00e9g\u00fcgyi innov\u00e1ci\u00f3s eszk\u00f6z\u00f6k haszn\u00e1lat\u00e1r\u00f3l, \u00e9s kis csoportokban dolgozva a val\u00f3 \u00e9letb\u0151l vett probl\u00e9m\u00e1k megold\u00e1s\u00e1t igyekeznek megoldani az eg\u00e9szs\u00e9ges \u00e9letm\u00f3d \u00e9s akt\u00edv \u00f6reged\u00e9s t\u00e9mak\u00f6reiben.<\/p>\n<p style=\"font-weight: 400;text-align: justify\">Az Innov\u00e1ci\u00f3s Napok c\u00e9lja tov\u00e1bb\u00e1 a di\u00e1kok v\u00e1llalkoz\u00f3i kedv\u00e9nek megteremt\u00e9se, \u00e9s az eur\u00f3pai szint\u0171 eg\u00e9szs\u00e9g\u00fcgyi innov\u00e1ci\u00f3 beind\u00edt\u00e1sa.<\/p>\n<p style=\"font-weight: 400;text-align: justify\">Az i-Days-re inspir\u00e1l\u00f3 k\u00fcls\u0151s el\u0151ad\u00f3k megh\u00edv\u00e1sa is c\u00e9l, akik megosztj\u00e1k val\u00f3s tapasztalataikat a di\u00e1kokkal.<\/p>\n<p style=\"font-weight: 400;text-align: justify\">Projekt szerepl\u0151k:<\/p>\n<p style=\"font-weight: 400;text-align: justify\">Konzorciumvezet\u0151: Imperial College of Science Technology and Medical (UK)<\/p>\n<p style=\"font-weight: 400;text-align: justify\"><strong>EMK szerepv\u00e1llal\u00e1sa:<\/strong> konzorciumi tag<\/p>\n<p style=\"font-weight: 400;text-align: justify\"><strong>Tov\u00e1bbi konzorciumi tagok\/partnerek:<\/strong><\/p>\n<ul style=\"text-align: justify\">\n<li style=\"font-weight: 400\">Imperial College of Science Technology and Medical (UK)<\/li>\n<li style=\"font-weight: 400\">Karolinska Instituted<\/li>\n<li style=\"font-weight: 400\">University of Copenhagen<\/li>\n<li style=\"font-weight: 400\">Uppsala Universitet<\/li>\n<li style=\"font-weight: 400\">The University of Newcastle upon Tyne<\/li>\n<li style=\"font-weight: 400\">The Chancellor, Masters and Scholars of The University of Oxford<\/li>\n<li style=\"font-weight: 400\">Universidad de \u00c9vora<\/li>\n<li style=\"font-weight: 400\">Semmelweis Egyetem<\/li>\n<li style=\"font-weight: 400\">Universidade de Coimbra<\/li>\n<li style=\"font-weight: 400\">Universite Grenoble Alpes<\/li>\n<li style=\"font-weight: 400\">Universitat de Barcelona<\/li>\n<li style=\"font-weight: 400\">Universidade de Lisboa<\/li>\n<li style=\"font-weight: 400\">Universidad Polit\u00e9cnica de Madrid<\/li>\n<li style=\"font-weight: 400\">BioM Biotech Cluster Development GmbH<\/li>\n<li style=\"font-weight: 400\">Rheinisch-Westfaelische Technische Hochschule Aachen<\/li>\n<li style=\"font-weight: 400\">S.D.N S.p.a<\/li>\n<li style=\"font-weight: 400\">Sorbonne Universit\u00e9<\/li>\n<li style=\"font-weight: 400\">IESE Business School (Universidad de Navarra)<\/li>\n<li style=\"font-weight: 400\">Etablissement D`Enseignement Superieur Consulaire:Grenoble Ecole de Management<\/li>\n<li style=\"font-weight: 400\">Fundacio Institut de Bioenginyeria de Catalunya (IBEC)<\/li>\n<li style=\"font-weight: 400\">Tartu Ulikool<\/li>\n<li style=\"font-weight: 400\">The\u00a0\u00a0Provost,\u00a0\u00a0Fellows,\u00a0\u00a0Foundation\u00a0\u00a0Scholars,\u00a0\u00a0and\u00a0\u00a0the\u00a0\u00a0other\u00a0\u00a0members\u00a0\u00a0of\u00a0\u00a0Board,\u00a0\u00a0of\u00a0\u00a0the\u00a0\u00a0College\u00a0\u00a0of\u00a0\u00a0the\u00a0\u00a0Holy\u00a0\u00a0and\u00a0\u00a0Undivided\u00a0\u00a0Trinity\u00a0\u00a0of\u00a0\u00a0Queen\u00a0\u00a0Elizabeth\u00a0\u00a0near\u00a0\u00a0Dublin<\/li>\n<li style=\"font-weight: 400\">University of Copenhagen<\/li>\n<\/ul>\n<p style=\"font-weight: 400;text-align: justify\"><strong>EMK kontakt:<\/strong><\/p>\n<p style=\"font-weight: 400;text-align: justify\">N\u00e9v: Kis M\u00e1rton<br \/>\nTelefon: 06\/1-488-7635<br \/>\nE-mail:\u00a0kis.marton@emk.sote.hu<\/p>\n","protected":false},"excerpt":{"rendered":"<p>Innovation Day 2019 2019.01.01.- 2019.12.31. Projekt tartalma, c\u00e9lja Az Innov\u00e1ci\u00f3s Napok program (Innovation Days &#8211; iDays) el\u0151seg\u00edti \u00e9s n\u00e9pszer\u0171s\u00edti az eg\u00e9szs\u00e9g\u00fcgyi innov\u00e1ci\u00f3t a di\u00e1kok k\u00f6r\u00e9ben. A di\u00e1kok gyakorlati oktat\u00e1st kapnak a\u00a0\u00a0praktikus eg\u00e9szs\u00e9g\u00fcgyi innov\u00e1ci\u00f3s eszk\u00f6z\u00f6k haszn\u00e1lat\u00e1r\u00f3l, \u00e9s kis csoportokban dolgozva a val\u00f3 \u00e9letb\u0151l vett probl\u00e9m\u00e1k megold\u00e1s\u00e1t igyekeznek megoldani az eg\u00e9szs\u00e9ges \u00e9letm\u00f3d \u00e9s akt\u00edv \u00f6reged\u00e9s t\u00e9mak\u00f6reiben. Az &hellip;<\/p>\n","protected":false},"author":101539,"featured_media":0,"parent":15855,"menu_order":16,"comment_status":"closed","ping_status":"closed","template":"","meta":{"_acf_changed":false,"footnotes":""},"categories":[],"tags":[839],"class_list":["post-15717","page","type-page","status-publish","hentry","tag-innovation-day"],"acf":[],"_links":{"self":[{"href":"https:\/\/semmelweis.hu\/emk\/wp-json\/wp\/v2\/pages\/15717","targetHints":{"allow":["GET"]}}],"collection":[{"href":"https:\/\/semmelweis.hu\/emk\/wp-json\/wp\/v2\/pages"}],"about":[{"href":"https:\/\/semmelweis.hu\/emk\/wp-json\/wp\/v2\/types\/page"}],"author":[{"embeddable":true,"href":"https:\/\/semmelweis.hu\/emk\/wp-json\/wp\/v2\/users\/101539"}],"replies":[{"embeddable":true,"href":"https:\/\/semmelweis.hu\/emk\/wp-json\/wp\/v2\/comments?post=15717"}],"version-history":[{"count":3,"href":"https:\/\/semmelweis.hu\/emk\/wp-json\/wp\/v2\/pages\/15717\/revisions"}],"predecessor-version":[{"id":25325,"href":"https:\/\/semmelweis.hu\/emk\/wp-json\/wp\/v2\/pages\/15717\/revisions\/25325"}],"up":[{"embeddable":true,"href":"https:\/\/semmelweis.hu\/emk\/wp-json\/wp\/v2\/pages\/15855"}],"wp:attachment":[{"href":"https:\/\/semmelweis.hu\/emk\/wp-json\/wp\/v2\/media?parent=15717"}],"wp:term":[{"taxonomy":"category","embeddable":true,"href":"https:\/\/semmelweis.hu\/emk\/wp-json\/wp\/v2\/categories?post=15717"},{"taxonomy":"post_tag","embeddable":true,"href":"https:\/\/semmelweis.hu\/emk\/wp-json\/wp\/v2\/tags?post=15717"}],"curies":[{"name":"wp","href":"https:\/\/api.w.org\/{rel}","templated":true}]}}