{"id":15713,"date":"2020-02-02T11:35:00","date_gmt":"2020-02-02T10:35:00","guid":{"rendered":"http:\/\/semmelweis.hu\/emk\/?page_id=15713"},"modified":"2025-06-13T13:06:56","modified_gmt":"2025-06-13T11:06:56","slug":"eit-health-amr-detectool","status":"publish","type":"page","link":"https:\/\/semmelweis.hu\/emk\/szakertoi-tevekenyseg-projektek\/lezart-projektek\/eit-health-amr-detectool\/","title":{"rendered":"EIT Health AMR DetecTool"},"content":{"rendered":"<p style=\"font-weight: 400;text-align: justify\"><strong>EIT Health AMR DetecTool<\/strong><\/p>\n<p style=\"font-weight: 400;text-align: justify\">2020.01.01. \u2013 2022.12.31.<\/p>\n<p style=\"font-weight: 400;text-align: justify\">A k\u00f3rokoz\u00f3 bakt\u00e9riumok antibiotikumokkal szembeni rezisztenci\u00e1j\u00e1nak n\u00f6veked\u00e9se vil\u00e1gm\u00e9ret\u0171 k\u00f6zeg\u00e9szs\u00e9g\u00fcgyi kih\u00edv\u00e1s.<br \/>\nMegfelel\u0151 int\u00e9zked\u00e9sek n\u00e9lk\u00fcl a fert\u0151z\u0151 betegs\u00e9gek kezelhetetlenn\u00e9 v\u00e1lhatnak, \u00e9s visszat\u00e9rhet az antibiotikum el\u0151tti korszak.<br \/>\nA betegek hat\u00e1sos kezel\u00e9s\u00e9hez elengedhetetlen a megfelel\u0151 antibiotikum kiv\u00e1laszt\u00e1sa, ez\u00e9rt s\u00fcrg\u0151sen sz\u00fcks\u00e9g van \u00faj, gyors \u00e9s k\u00f6nnyen haszn\u00e1lhat\u00f3 diagnosztikai eszk\u00f6z\u00f6kre a multirezisztens bakt\u00e9riumok kimutat\u00e1s\u00e1hoz.<\/p>\n<p style=\"text-align: justify\">Az AMR DetecTool, az \u00faj vizsg\u00e1lati eszk\u00f6z, lehet\u0151v\u00e9 teszi a multirezisztens bakt\u00e9riumok k\u00f6zvetlen kimutat\u00e1s\u00e1t klinikai mint\u00e1kb\u00f3l, ez\u00e1ltal a folyamat 30 percre r\u00f6vid\u00fcl. A jelenlegi m\u00f3dszerek 16-32 \u00f3r\u00e1t vesznek ig\u00e9nybe, \u00e9s izol\u00e1lt bakt\u00e9riumokat ig\u00e9nyelnek.<br \/>\nA gyors kimutat\u00e1s lehet\u0151v\u00e9 teszi a c\u00e9lzott kezel\u00e9s gyors elind\u00edt\u00e1s\u00e1t, ez\u00e1ltal \u00e9leteket menthet\u00fcnk \u00e9s k\u00f6lts\u00e9get takar\u00edthatunk meg.<\/p>\n<p style=\"font-weight: 400;text-align: justify\"><strong>A projekt c\u00e9lkit\u0171z\u00e9sei:<\/strong><\/p>\n<ul style=\"text-align: justify\">\n<li style=\"font-weight: 400\">5 vizsg\u00e1lat klinikai valid\u00e1l\u00e1sa (Carba-5, CTXM-multi, Van A \/ B, OXA-Ab, 3GC) 10 eur\u00f3pai k\u00f3rh\u00e1zban<\/li>\n<li style=\"font-weight: 400\">\u00daj diagnosztikai \u00fatvonalak kidolgoz\u00e1sa a k\u00f3rh\u00e1zakban a multirezisztens bakt\u00e9riumokkal fert\u0151z\u00f6tt betegek gyorsabb \u00e9s hat\u00e9konyabb felismer\u00e9se \u00e9s kezel\u00e9se \u00e9rdek\u00e9ben<\/li>\n<li style=\"font-weight: 400\">A mikrobiol\u00f3giai diagnosztikai gyorstesztek k\u00f6lts\u00e9gmegtakar\u00edt\u00f3 p\u00e9nz\u00fcgyi hat\u00e1s\u00e1nak bemutat\u00e1sa<\/li>\n<li>Tud\u00e1sport\u00e1l l\u00e9trehoz\u00e1sa az antibiotikum rezisztencia elleni k\u00f3rh\u00e1zi szint\u0171 fell\u00e9p\u00e9s t\u00e1mogat\u00e1s\u00e1ra<\/li>\n<li>A term\u00e9kek glob\u00e1lis forgalmaz\u00e1s\u00e1nak elind\u00edt\u00e1sa<\/li>\n<\/ul>\n<p style=\"font-weight: 400;text-align: justify\"><strong>A projekt szerepl\u0151i:<\/strong><\/p>\n<p style=\"font-weight: 400;text-align: justify\"><strong>Konzorciumvezet\u0151: <\/strong>CEA (Alternat\u00edv Energiaforr\u00e1sok \u00e9s Atomenergia Bizotts\u00e1g) &#8211; Franciaorsz\u00e1g<\/p>\n<p style=\"font-weight: 400;text-align: justify\"><strong>Tov\u00e1bbi partnerek:<\/strong><\/p>\n<ul style=\"text-align: justify\">\n<li style=\"font-weight: 400\">APHP (P\u00e1rizsi K\u00f3rh\u00e1zsz\u00f6vets\u00e9g)<\/li>\n<li style=\"font-weight: 400\">NG Biotech &#8211; Franciaorsz\u00e1g<\/li>\n<li style=\"font-weight: 400\">Barcelonai Egyetemi Klinika<\/li>\n<li style=\"font-weight: 400\">ISGlobal \u2013 Barcelona<\/li>\n<li style=\"font-weight: 400\">IESE \u00dczleti Iskola &#8211; Barcelona<\/li>\n<li style=\"font-weight: 400\">Semmelweis Egyetem Eg\u00e9szs\u00e9g\u00fcgyi Menedzserk\u00e9pz\u0151 K\u00f6zpont, Orvosi Mikrobiol\u00f3giai Int\u00e9zet, Laborat\u00f3riumi Medicina Int\u00e9zet<\/li>\n<\/ul>\n<p style=\"font-weight: 400;text-align: justify\">Az EMK a tud\u00e1sport\u00e1l kialak\u00edt\u00e1s\u00e1\u00e9rt \u00e9s a projekt kommunik\u00e1ci\u00f3j\u00e1\u00e9rt felel\u0151s.<\/p>\n<p style=\"font-weight: 400;text-align: justify\"><strong>EMK kontakt:<\/strong><\/p>\n<p style=\"font-weight: 400;text-align: justify\">N\u00e9v: Aszal\u00f3s Zolt\u00e1n Albert<br \/>\nTelefon:\u00a0+36 20-942-4215<br \/>\nE-mail: <a href=\"albert.aszalos@emk.semmelweis.hu\" target=\"_blank\" rel=\"noopener\">albert.aszalos@emk.semmelweis.hu<\/a><\/p>\n","protected":false},"excerpt":{"rendered":"<p>EIT Health AMR DetecTool 2020.01.01. \u2013 2022.12.31. A k\u00f3rokoz\u00f3 bakt\u00e9riumok antibiotikumokkal szembeni rezisztenci\u00e1j\u00e1nak n\u00f6veked\u00e9se vil\u00e1gm\u00e9ret\u0171 k\u00f6zeg\u00e9szs\u00e9g\u00fcgyi kih\u00edv\u00e1s. Megfelel\u0151 int\u00e9zked\u00e9sek n\u00e9lk\u00fcl a fert\u0151z\u0151 betegs\u00e9gek kezelhetetlenn\u00e9 v\u00e1lhatnak, \u00e9s visszat\u00e9rhet az antibiotikum el\u0151tti korszak. A betegek hat\u00e1sos kezel\u00e9s\u00e9hez elengedhetetlen a megfelel\u0151 antibiotikum kiv\u00e1laszt\u00e1sa, ez\u00e9rt s\u00fcrg\u0151sen sz\u00fcks\u00e9g van \u00faj, gyors \u00e9s k\u00f6nnyen haszn\u00e1lhat\u00f3 diagnosztikai eszk\u00f6z\u00f6kre a multirezisztens bakt\u00e9riumok kimutat\u00e1s\u00e1hoz. &hellip;<\/p>\n","protected":false},"author":101539,"featured_media":0,"parent":15855,"menu_order":8,"comment_status":"closed","ping_status":"closed","template":"","meta":{"_acf_changed":false,"footnotes":""},"categories":[],"tags":[821,823],"class_list":["post-15713","page","type-page","status-publish","hentry","tag-amr-detectool","tag-eit-health"],"acf":[],"_links":{"self":[{"href":"https:\/\/semmelweis.hu\/emk\/wp-json\/wp\/v2\/pages\/15713","targetHints":{"allow":["GET"]}}],"collection":[{"href":"https:\/\/semmelweis.hu\/emk\/wp-json\/wp\/v2\/pages"}],"about":[{"href":"https:\/\/semmelweis.hu\/emk\/wp-json\/wp\/v2\/types\/page"}],"author":[{"embeddable":true,"href":"https:\/\/semmelweis.hu\/emk\/wp-json\/wp\/v2\/users\/101539"}],"replies":[{"embeddable":true,"href":"https:\/\/semmelweis.hu\/emk\/wp-json\/wp\/v2\/comments?post=15713"}],"version-history":[{"count":3,"href":"https:\/\/semmelweis.hu\/emk\/wp-json\/wp\/v2\/pages\/15713\/revisions"}],"predecessor-version":[{"id":25308,"href":"https:\/\/semmelweis.hu\/emk\/wp-json\/wp\/v2\/pages\/15713\/revisions\/25308"}],"up":[{"embeddable":true,"href":"https:\/\/semmelweis.hu\/emk\/wp-json\/wp\/v2\/pages\/15855"}],"wp:attachment":[{"href":"https:\/\/semmelweis.hu\/emk\/wp-json\/wp\/v2\/media?parent=15713"}],"wp:term":[{"taxonomy":"category","embeddable":true,"href":"https:\/\/semmelweis.hu\/emk\/wp-json\/wp\/v2\/categories?post=15713"},{"taxonomy":"post_tag","embeddable":true,"href":"https:\/\/semmelweis.hu\/emk\/wp-json\/wp\/v2\/tags?post=15713"}],"curies":[{"name":"wp","href":"https:\/\/api.w.org\/{rel}","templated":true}]}}