{"id":15696,"date":"2020-02-02T11:07:04","date_gmt":"2020-02-02T10:07:04","guid":{"rendered":"http:\/\/semmelweis.hu\/emk\/?page_id=15696"},"modified":"2025-06-13T13:20:48","modified_gmt":"2025-06-13T11:20:48","slug":"entermode","status":"publish","type":"page","link":"https:\/\/semmelweis.hu\/emk\/szakertoi-tevekenyseg-projektek\/lezart-projektek\/entermode\/","title":{"rendered":"EnterMode"},"content":{"rendered":"<p style=\"text-align: justify\"><style>\n           #page-grid .card-body > .line-clamp-box.excerpt{\n        width: inherit;\n        max-width: inherit;\n        display:flex;\n        min-height: 2.4em;\n        flex-direction: column;\n        justify-content: space-around;\n        background-color: #D6E4EA;\n        min-height: 3.4rem;\n        font-family: \"Montserrat\", sans-serif;\n    }\n\n    #page-grid a:hover .card-body > .line-clamp-box.excerpt {\n        background-color: #fff;\n        color: #313B40;\n    }\n\n    #page-grid .card-body .line-clamp-box.excerpt section{\n        max-width: inherit;\n        display: -webkit-box;\n        -webkit-line-clamp: 2;\n        -webkit-box-orient: vertical;\n        overflow: hidden;\n        text-overflow: ellipsis;\n        hyphens: auto;\n        margin: auto;\n        \n    }\n    .line-clamp-box.excerpt section, .line-clamp-box.excerpt section p{\n        font-size:0.8em;\n    }\n    \n<\/style>\n    <section id=\"page-grid\">\n        \n        <div class=\"row row-cols-1 row-cols-md-2 row-cols-lg-1 no-gutters mx-0 \">    <div class =\"col  mb-2 card-wrapper\">\n        <a class=\"d-flex flex-fill card-link-warapper m-md-1\" href=\"https:\/\/semmelweis.hu\/emk\/szakertoi-tevekenyseg-projektek\/lezart-projektek\/entermode\/az-entermode-szakmai-gyakornoki-modell\/\">\n            <div class=\"card border border-secondary se-border flex-fill\">\n                <div class=\"row no-gutters mx-0 d-flex flex-nowrap flex-md-wrap align-items-center\">\n                    <div class =\"  col-5 col-md-12  d-none  d-md-none d-md-none  bg-image  card-image justify-content-center\">\n                        <img class='wp-post-image img-fluid landscape' src='https:\/\/semmelweis.hu\/emk\/wp-content\/themes\/se18\/dist\/images\/svg\/bg-image.svg' \/>\n                    <\/div>\n                    <div class=\"card-body  col flex-column  col-md-12 p-0\">\n                        <div class=\"line-clamp-box p-3\">\n                            <h5 class=\"ml-0 ml-sm-1 mt-2 align-items-center\"  >Az EnterMode szakmai gyakornoki modell<\/h5>\n                        <\/div>\n                        \n                    <\/div>\n                <\/div>\n\n            <\/div>\n        <\/a>\n    <\/div>    <div class =\"col  mb-2 card-wrapper\">\n        <a class=\"d-flex flex-fill card-link-warapper m-md-1\" href=\"https:\/\/semmelweis.hu\/emk\/szakertoi-tevekenyseg-projektek\/lezart-projektek\/entermode\/az-entermode-gyakornoki-program-bevezetese\/\">\n            <div class=\"card border border-secondary se-border flex-fill\">\n                <div class=\"row no-gutters mx-0 d-flex flex-nowrap flex-md-wrap align-items-center\">\n                    <div class =\"  col-5 col-md-12  d-none  d-md-none d-md-none  bg-image  card-image justify-content-center\">\n                        <img class='wp-post-image img-fluid landscape' src='https:\/\/semmelweis.hu\/emk\/wp-content\/themes\/se18\/dist\/images\/svg\/bg-image.svg' \/>\n                    <\/div>\n                    <div class=\"card-body  col flex-column  col-md-12 p-0\">\n                        <div class=\"line-clamp-box p-3\">\n                            <h5 class=\"ml-0 ml-sm-1 mt-2 align-items-center\"  >Az EnterMode gyakornoki program bevezet\u00e9se<\/h5>\n                        <\/div>\n                        \n                    <\/div>\n                <\/div>\n\n            <\/div>\n        <\/a>\n    <\/div>    <div class =\"col  mb-2 card-wrapper\">\n        <a class=\"d-flex flex-fill card-link-warapper m-md-1\" href=\"https:\/\/semmelweis.hu\/emk\/szakertoi-tevekenyseg-projektek\/lezart-projektek\/entermode\/mentor-trening\/\">\n            <div class=\"card border border-secondary se-border flex-fill\">\n                <div class=\"row no-gutters mx-0 d-flex flex-nowrap flex-md-wrap align-items-center\">\n                    <div class =\"  col-5 col-md-12  d-none  d-md-none d-md-none  bg-image  card-image justify-content-center\">\n                        <img class='wp-post-image img-fluid landscape' src='https:\/\/semmelweis.hu\/emk\/wp-content\/themes\/se18\/dist\/images\/svg\/bg-image.svg' \/>\n                    <\/div>\n                    <div class=\"card-body  col flex-column  col-md-12 p-0\">\n                        <div class=\"line-clamp-box p-3\">\n                            <h5 class=\"ml-0 ml-sm-1 mt-2 align-items-center\"  >Mentor tr\u00e9ning<\/h5>\n                        <\/div>\n                        \n                    <\/div>\n                <\/div>\n\n            <\/div>\n        <\/a>\n    <\/div>    <div class =\"col  mb-2 card-wrapper\">\n        <a class=\"d-flex flex-fill card-link-warapper m-md-1\" href=\"https:\/\/semmelweis.hu\/emk\/szakertoi-tevekenyseg-projektek\/lezart-projektek\/entermode\/virtualis-gyakornoki-program\/\">\n            <div class=\"card border border-secondary se-border flex-fill\">\n                <div class=\"row no-gutters mx-0 d-flex flex-nowrap flex-md-wrap align-items-center\">\n                    <div class =\"  col-5 col-md-12  d-none  d-md-none d-md-none  bg-image  card-image justify-content-center\">\n                        <img class='wp-post-image img-fluid landscape' src='https:\/\/semmelweis.hu\/emk\/wp-content\/themes\/se18\/dist\/images\/svg\/bg-image.svg' \/>\n                    <\/div>\n                    <div class=\"card-body  col flex-column  col-md-12 p-0\">\n                        <div class=\"line-clamp-box p-3\">\n                            <h5 class=\"ml-0 ml-sm-1 mt-2 align-items-center\"  >Virtu\u00e1lis gyakornoki program<\/h5>\n                        <\/div>\n                        \n                    <\/div>\n                <\/div>\n\n            <\/div>\n        <\/a>\n    <\/div>        <\/div>\n    <\/section><\/p>\n<div class=\"fontos_div w-100\"><a href=\"#indulotalalkozo\">EnterMode indul\u00f3 tal\u00e1lkoz\u00f3<\/a><br \/>\n<a href=\"#workshop\">Workshop M\u00fcnchenben<\/a><br \/>\n<a href=\"#partneritalalkozo\">Partneri tal\u00e1lkoz\u00f3 Kass\u00e1n<\/a><br \/>\n<a href=\"#vallalkozoiismeretek\">A v\u00e1llalkoz\u00f3i ismeretek oktat\u00e1sa \u00e9s a szakmai gyakorlat f\u0151 k\u00e9rd\u00e9sei\u00a0\u00a0<\/a><br \/>\n<a href=\"#k\u00f6z\u00f6ss\u00e9g\">Az EnterMode k\u00f6z\u00f6ss\u00e9g<\/a><br \/>\n<a href=\"#partnerek\">Projekt partnerek<\/a><\/div>\n<p style=\"font-weight: 400;text-align: justify\">Az\u00a0<strong>EnterMode\u00a0<\/strong>az Erasmus+ program keret\u00e9ben finansz\u00edrozott projekt, amelynek c\u00e9lja a fels\u0151oktat\u00e1si oktat\u00f3k \u00e9s a v\u00e1llalati alkalmazottak v\u00e1llalkoz\u00f3i k\u00e9szs\u00e9geinek \u00f6szt\u00f6nz\u00e9se, valamint a fels\u0151oktat\u00e1sban r\u00e9szt vev\u0151 hallgat\u00f3k v\u00e1llalkoz\u00f3i gondolkod\u00e1sm\u00f3dj\u00e1nak \u00e9s kapcsol\u00f3d\u00f3 k\u00e9szs\u00e9geinek fejleszt\u00e9se. F\u0151 c\u00e9lkit\u0171z\u00e9sei a k\u00f6vetkez\u0151k:<\/p>\n<ul style=\"font-weight: 400;text-align: justify\">\n<li>Annak tudatos\u00edt\u00e1sa, hogy a fels\u0151oktat\u00e1si hallgat\u00f3k szakmai gyakorlati k\u00e9pz\u00e9se \u00e1ltal\u00e1ban v\u00e9ve is, valamint a v\u00e1llalkoz\u00f3i k\u00e9szs\u00e9gek fejleszt\u00e9se szempontj\u00e1b\u00f3l is fontos, k\u00fcl\u00f6n\u00f6sen a fels\u0151oktat\u00e1si int\u00e9zm\u00e9nyek \u00e9s v\u00e1llalatok k\u00f6z\u00f6tti partners\u00e9gek fejleszt\u00e9se r\u00e9v\u00e9n<\/li>\n<li>A fels\u0151oktat\u00e1si oktat\u00f3k \u00e9s a v\u00e1llalati tr\u00e9nerek kapacit\u00e1sfejleszt\u00e9se a v\u00e1llalkoz\u00f3i k\u00e9pz\u00e9s \u00e9s tanul\u00e1s megszervez\u00e9se \u00e9rdek\u00e9ben<\/li>\n<li>A v\u00e1llalkoz\u00f3i ismeretek megszerz\u00e9s\u00e9re ir\u00e1nyul\u00f3 integr\u00e1lt modell kidolgoz\u00e1sa, amely mag\u00e1ban foglalja a tanul\u00e1s k\u00fcl\u00f6nb\u00f6z\u0151 szintjeit \u00e9s egy online komoly j\u00e1t\u00e9k (serious game) alkalmaz\u00e1s\u00e1t<\/li>\n<li>Olyan gyakorlati k\u00f6z\u00f6ss\u00e9g l\u00e9trehoz\u00e1sa, amely lehet\u0151v\u00e9 teszi a k\u00f6z\u00f6s gyakorlatok kialak\u00edt\u00e1s\u00e1t \u00e9s az \u00fajonnan \u00e9rkez\u0151k integr\u00e1l\u00e1s\u00e1t a megl\u00e9v\u0151 \u00fczleti k\u00f6z\u00f6ss\u00e9gekbe<\/li>\n<\/ul>\n<ul style=\"text-align: justify\">\n<li style=\"font-weight: 400\">Tanul\u00e1si analitik\u00e1k fejleszt\u00e9se a tanul\u00e1si folyamat nyomon k\u00f6vet\u00e9s\u00e9hez \u00e9s az EnterMode program egy\u00e9ni \u00e9s szervezeti ig\u00e9nyekhez val\u00f3 igaz\u00edt\u00e1s\u00e1hoz<\/li>\n<\/ul>\n<p style=\"font-weight: 400;text-align: justify\">A projekt \u00faj szakmai gyakorlati modellt dolgoz ki, amelyet 14 nemzetk\u00f6zi partnerb\u0151l \u00e1ll\u00f3 munkacsoport dolgoz ki, majd pilot program keret\u00e9ben tesztel<\/p>\n<p style=\"font-weight: 400;text-align: justify\"><strong><a id=\"indulotalalkozo\"><\/a>EnterMode indul\u00f3 tal\u00e1lkoz\u00f3<\/strong><\/p>\n<p style=\"font-weight: 400;text-align: justify\">2019 janu\u00e1rj\u00e1ban a Pegaso Telematikai Egyetem l\u00e1tta vend\u00e9g\u00fcl az EnterMode projekt partnereit N\u00e1polyban a projektind\u00edt\u00f3 \u00fcl\u00e9sen. A tal\u00e1lkoz\u00f3 lehet\u0151s\u00e9get biztos\u00edtott a projektpartnerek sz\u00e1m\u00e1ra, hogy megalapozz\u00e1k a projekt k\u00f6vetkez\u0151 szakasz\u00e1t.<\/p>\n<p style=\"font-weight: 400;text-align: justify\"><strong><a id=\"workshop\"><\/a>Workshop M\u00fcnchenben<\/strong><\/p>\n<p style=\"font-weight: 400;text-align: justify\">2019 j\u00fanius\u00e1ban egy workshop ker\u00fclt megtart\u00e1sra M\u00fcnchenben. A tev\u00e9kenys\u00e9g c\u00e9lja az volt, hogy a r\u00e9sztvev\u0151k betekint\u00e9st nyerjenek a v\u00e1llalkoz\u00f3i ismeretek k\u00e9pz\u00e9s\u00e9be a k\u00fcl\u00f6nb\u00f6z\u0151 eur\u00f3pai orsz\u00e1gokban, \u00e9s megossz\u00e1k tapasztalataikat arr\u00f3l, hogy a k\u00fcl\u00f6nb\u00f6z\u0151 egyetemek hogyan szervezik \u00e9s ellen\u0151rzik a szakmai gyakorlatokat nemzeti \u00e9s nemzetk\u00f6zi szinten, ami a \u201eV\u00e1llalkoz\u00f3i k\u00e9pz\u00e9s a fels\u0151oktat\u00e1sban a partnerorsz\u00e1gokban, fels\u0151oktat\u00e1si hallgat\u00f3k sz\u00e1m\u00e1ra sz\u00fcks\u00e9ges v\u00e1llalkoz\u00f3i k\u00e9szs\u00e9gek, keretrendszer a szakmai gyakorlatokhoz\u201d c\u00edm\u0171 h\u00e1tt\u00e9rtanulm\u00e1ny meg\u00e1llap\u00edt\u00e1sain alapult.<\/p>\n<p style=\"font-weight: 400;text-align: justify\">A workshop lehet\u0151s\u00e9get adott az EnterMode gyakornoki modell f\u0151 elemeinek megtervez\u00e9s\u00e9re. Annak \u00e9rdek\u00e9ben, hogy a r\u00e9sztvev\u0151knek betekint\u00e9s ny\u00fajtsanak a v\u00e1llalkoz\u00f3i ismeretek oktat\u00e1s\u00e1nak gyakorlati m\u0171k\u00f6d\u00e9s\u00e9be, l\u00e1togat\u00e1sra ker\u00fclt sor a Ludwig-Maximilian Egyetem (LMU) V\u00e1llalkoz\u00e1si K\u00f6zpontj\u00e1ba.<\/p>\n<p style=\"font-weight: 400;text-align: justify\"><strong><a id=\"partneritalalkozo\"><\/a>Partneri tal\u00e1lkoz\u00f3 Kass\u00e1n<\/strong><\/p>\n<p style=\"font-weight: 400;text-align: justify\">2019 november\u00e9ben ker\u00fclt sor az EnterMode projekt harmadik tal\u00e1lkoz\u00f3j\u00e1ra Kass\u00e1n, ahol az \u00e9v folyam\u00e1n kidolgozott v\u00e1llalkoz\u00f3i k\u00e9szs\u00e9gek \u00e9s kompetenci\u00e1k megszerz\u00e9s\u00e9re ir\u00e1nyul\u00f3 gyakornoki program modellj\u00e9t, valamint a modell t\u00e1mogat\u00e1s\u00e1ra kifejlesztett j\u00e1t\u00e9k koncepci\u00f3j\u00e1t tekintett\u00e9k \u00e1t a r\u00e9sztvev\u0151k. Tov\u00e1bbi t\u00e9ma volt a fels\u0151oktat\u00e1si int\u00e9zm\u00e9nyek \u00e9s a v\u00e1llalkoz\u00e1sok k\u00f6z\u00f6tti partners\u00e9gek kialak\u00edt\u00e1sa a fels\u0151oktat\u00e1sban r\u00e9szt vev\u0151 hallgat\u00f3k v\u00e1llalkoz\u00f3i ismereteinek el\u0151mozd\u00edt\u00e1sa \u00e9rdek\u00e9ben a szakmai gyakorlatuk sor\u00e1n.<\/p>\n<p style=\"font-weight: 400;text-align: justify\"><strong><a id=\"vallalkozoiismeretek\"><\/a>A v\u00e1llalkoz\u00f3i ismeretek oktat\u00e1sa \u00e9s a szakmai gyakorlat f\u0151 k\u00e9rd\u00e9sei\u00a0\u00a0<\/strong><\/p>\n<p style=\"font-weight: 400;text-align: justify\">Az EnterMode projekt els\u0151 eredm\u00e9nye egy h\u00e1tt\u00e9rtanulm\u00e1ny a v\u00e1llalkoz\u00f3i ismeretek oktat\u00e1s\u00e1r\u00f3l \u00e9s gyakorlatokr\u00f3l a fels\u0151oktat\u00e1sban. A tanulm\u00e1ny a k\u00f6vetkez\u0151 k\u00e9rd\u00e9sek szempontj\u00e1b\u00f3l elemzi a partnerorsz\u00e1gok helyzet\u00e9t:<\/p>\n<ul style=\"font-weight: 400;text-align: justify\">\n<li>V\u00e1llalkoz\u00f3i ismeretek oktat\u00e1sa a fels\u0151oktat\u00e1sban a partnerorsz\u00e1gokban a nem \u00fczleti tanulm\u00e1nyok hallgat\u00f3i sz\u00e1m\u00e1ra;<\/li>\n<li>Fels\u0151oktat\u00e1si keretrendszer a partnerorsz\u00e1gokban folytatott gyakorlatokra;<\/li>\n<li>Az \u00e9rdekelt felek (hallgat\u00f3k, fels\u0151oktat\u00e1si int\u00e9zm\u00e9nyek munkat\u00e1rsai \u00e9s v\u00e1llalatok) v\u00e9lem\u00e9nye a szakmai gyakorlati programok sz\u00fcks\u00e9ges jellemz\u0151ir\u0151l;<\/li>\n<li>A szakmai gyakorlatban r\u00e9szt vev\u0151 felek (fels\u0151oktat\u00e1si int\u00e9zm\u00e9nyek alkalmazottai \u00e9s v\u00e1llalatok) v\u00e9lem\u00e9nye a sz\u00fcks\u00e9ges v\u00e1llalkoz\u00f3i kompetenci\u00e1kr\u00f3l;<\/li>\n<li>A szakmai gyakorlatban r\u00e9szt vev\u0151 felek (hallgat\u00f3k, fels\u0151oktat\u00e1si int\u00e9zm\u00e9nyek alkalmazottai \u00e9s c\u00e9gek) v\u00e9lem\u00e9nye a j\u00e1t\u00e9kr\u00f3l, mint a v\u00e1llalkoz\u00f3i ismeretek oktat\u00e1s\u00e1nak eszk\u00f6z\u00e9r\u0151l.<\/li>\n<\/ul>\n<p style=\"font-weight: 400;text-align: justify\">A vezet\u0151i \u00f6sszefoglal\u00f3 olyan kulcsfontoss\u00e1g\u00fa aj\u00e1nl\u00e1sokat tartalmaz, amelyek ir\u00e1nymutat\u00e1st adnak a szakmai gyakorlat modellj\u00e9nek kidolgoz\u00e1s\u00e1hoz a fels\u0151oktat\u00e1si hallgat\u00f3k v\u00e1llalkoz\u00f3i k\u00e9szs\u00e9geinek \u00e9s kompetenci\u00e1inak elsaj\u00e1t\u00edt\u00e1s\u00e1ra.<\/p>\n<p style=\"font-weight: 400;text-align: justify\">Az \u00f6sszes dokumentum hamarosan k\u00f6zz\u00e9t\u00e9telre ker\u00fcl a projekt weboldal\u00e1n.<\/p>\n<p style=\"font-weight: 400;text-align: justify\"><strong><a id=\"kozosseg\"><\/a>Az EnterMode k\u00f6z\u00f6ss\u00e9g<\/strong><\/p>\n<p style=\"font-weight: 400;text-align: justify\">T\u00e1mogatni k\u00edv\u00e1nja a v\u00e1llalkoz\u00f3i gyakorlat fejleszt\u00e9s\u00e9t, megoszt\u00e1s\u00e1t \u00e9s v\u00e9lem\u00e9ny\u00e9z\u00e9s\u00e9t? Csatlakozzon az EnterMode \u00fajonnan alap\u00edtott gyakorlati k\u00f6z\u00f6ss\u00e9g\u00e9hez!<\/p>\n<p style=\"font-weight: 400;text-align: justify\">C\u00e9lunk, hogy teret biztos\u00edtsunk a tanul\u00e1shoz \u00e9s az egy\u00fcttm\u0171k\u00f6d\u00e9shez tan\u00e1rok, oktat\u00f3k, gyakorlati megval\u00f3s\u00edt\u00f3k k\u00f6z\u00f6tt mind a fels\u0151oktat\u00e1si int\u00e9zm\u00e9nyek, mind a v\u00e1llalatok r\u00e9sz\u00e9r\u0151l, akik \u00e9rdekeltek a hallgat\u00f3k v\u00e1llalkoz\u00f3i k\u00e9szs\u00e9geinek fejleszt\u00e9s\u00e9ben \u00e9s a gyakornoki programokban.<\/p>\n<p style=\"font-weight: 400;text-align: justify\">Az EnterMode k\u00f6z\u00f6ss\u00e9g megtal\u00e1lhat\u00f3 a DISCUSS-on, az \u00e9leten \u00e1t tart\u00f3 tanul\u00e1s gyakorlati k\u00f6z\u00f6ss\u00e9geinek eur\u00f3pai platformj\u00e1n.<\/p>\n<p style=\"font-weight: 400;text-align: justify\"><a href=\"https:\/\/www.discuss-community.eu\" target=\"_blank\" rel=\"noopener\">https:\/\/www.discuss-community.eu<\/a><\/p>\n<p style=\"font-weight: 400;text-align: justify\">Miut\u00e1n regisztr\u00e1lt a platformon, az EnterMode szalagc\u00edmre kattintva \u00e9ri el k\u00f6z\u00f6ss\u00e9g\u00fcnket.<\/p>\n<p style=\"font-weight: 400;text-align: justify\"><strong><a id=\"partnerek\"><\/a>Projekt partnerek<\/strong><\/p>\n<p style=\"font-weight: 400;text-align: justify\">Az EnterMode egy EU Erasmus+ projekt, amelyben 8 orsz\u00e1g szak\u00e9rt\u0151i vesznek r\u00e9szt \u200b\u200bBelgiumb\u00f3l, N\u00e9metorsz\u00e1gb\u00f3l, G\u00f6r\u00f6gorsz\u00e1gb\u00f3l, Magyarorsz\u00e1gb\u00f3l, \u00cdrorsz\u00e1gb\u00f3l, Olaszorsz\u00e1gb\u00f3l, Szlov\u00e1ki\u00e1b\u00f3l \u00e9s Hollandi\u00e1b\u00f3l.<\/p>\n<p style=\"font-weight: 400;text-align: justify\"><a href=\"http:\/\/entermode.eu\/consortium\/\" target=\"_blank\" rel=\"noopener\">http:\/\/entermode.eu\/consortium\/<\/a><\/p>\n<p style=\"font-weight: 400;text-align: justify\">Csatlakozzon az ENTERMODE programhoz!<\/p>\n<p style=\"font-weight: 400;text-align: justify\"><a href=\"http:\/\/entermode.eu\/\" target=\"_blank\" rel=\"noopener\">http:\/\/entermode.eu\/<\/a><\/p>\n<p style=\"font-weight: 400;text-align: justify\"><a href=\"https:\/\/www.facebook.com\/EnterModeEU\/\" target=\"_blank\" rel=\"noopener\">https:\/\/www.facebook.com\/EnterModeEU\/<\/a><\/p>\n<p style=\"text-align: justify\"><a href=\"https:\/\/semmelweis.hu\/emk\/files\/2020\/12\/ENTER.MODE-I.P.C.-BROCHURE_HU_SE.pdf\" target=\"_blank\" rel=\"noopener\">Az EnterMode gyakornoki modell<\/a> (t\u00e1j\u00e9koztat\u00f3)<\/p>\n","protected":false},"excerpt":{"rendered":"<p><a href=\"#indulotalalkozo\">EnterMode indul\u00f3 tal\u00e1lkoz\u00f3<\/a> <a href=\"#workshop\">Workshop M\u00fcnchenben<\/a> <a href=\"#partneritalalkozo\">Partneri tal\u00e1lkoz\u00f3 Kass\u00e1n<\/a> <a href=\"#vallalkozoiismeretek\">A v\u00e1llalkoz\u00f3i ismeretek oktat\u00e1sa \u00e9s a szakmai gyakorlat f\u0151 k\u00e9rd\u00e9sei\u00a0\u00a0<\/a> <a href=\"#k\u00f6z\u00f6ss\u00e9g\">Az EnterMode k\u00f6z\u00f6ss\u00e9g<\/a> <a href=\"#partnerek\">Projekt partnerek<\/a> Az\u00a0EnterMode\u00a0az Erasmus+ program keret\u00e9ben finansz\u00edrozott projekt, amelynek c\u00e9lja a fels\u0151oktat\u00e1si oktat\u00f3k \u00e9s a v\u00e1llalati alkalmazottak v\u00e1llalkoz\u00f3i k\u00e9szs\u00e9geinek \u00f6szt\u00f6nz\u00e9se, valamint a fels\u0151oktat\u00e1sban r\u00e9szt vev\u0151 hallgat\u00f3k v\u00e1llalkoz\u00f3i gondolkod\u00e1sm\u00f3dj\u00e1nak \u00e9s kapcsol\u00f3d\u00f3 k\u00e9szs\u00e9geinek fejleszt\u00e9se. F\u0151 c\u00e9lkit\u0171z\u00e9sei a k\u00f6vetkez\u0151k: Annak tudatos\u00edt\u00e1sa, hogy a fels\u0151oktat\u00e1si hallgat\u00f3k szakmai gyakorlati k\u00e9pz\u00e9se \u00e1ltal\u00e1ban v\u00e9ve is, valamint a v\u00e1llalkoz\u00f3i k\u00e9szs\u00e9gek fejleszt\u00e9se szempontj\u00e1b\u00f3l is fontos, k\u00fcl\u00f6n\u00f6sen &hellip;<\/p>\n","protected":false},"author":101539,"featured_media":0,"parent":15855,"menu_order":9,"comment_status":"closed","ping_status":"closed","template":"","meta":{"_acf_changed":false,"footnotes":""},"categories":[],"tags":[825],"class_list":["post-15696","page","type-page","status-publish","hentry","tag-entermode"],"acf":[],"_links":{"self":[{"href":"https:\/\/semmelweis.hu\/emk\/wp-json\/wp\/v2\/pages\/15696","targetHints":{"allow":["GET"]}}],"collection":[{"href":"https:\/\/semmelweis.hu\/emk\/wp-json\/wp\/v2\/pages"}],"about":[{"href":"https:\/\/semmelweis.hu\/emk\/wp-json\/wp\/v2\/types\/page"}],"author":[{"embeddable":true,"href":"https:\/\/semmelweis.hu\/emk\/wp-json\/wp\/v2\/users\/101539"}],"replies":[{"embeddable":true,"href":"https:\/\/semmelweis.hu\/emk\/wp-json\/wp\/v2\/comments?post=15696"}],"version-history":[{"count":10,"href":"https:\/\/semmelweis.hu\/emk\/wp-json\/wp\/v2\/pages\/15696\/revisions"}],"predecessor-version":[{"id":25312,"href":"https:\/\/semmelweis.hu\/emk\/wp-json\/wp\/v2\/pages\/15696\/revisions\/25312"}],"up":[{"embeddable":true,"href":"https:\/\/semmelweis.hu\/emk\/wp-json\/wp\/v2\/pages\/15855"}],"wp:attachment":[{"href":"https:\/\/semmelweis.hu\/emk\/wp-json\/wp\/v2\/media?parent=15696"}],"wp:term":[{"taxonomy":"category","embeddable":true,"href":"https:\/\/semmelweis.hu\/emk\/wp-json\/wp\/v2\/categories?post=15696"},{"taxonomy":"post_tag","embeddable":true,"href":"https:\/\/semmelweis.hu\/emk\/wp-json\/wp\/v2\/tags?post=15696"}],"curies":[{"name":"wp","href":"https:\/\/api.w.org\/{rel}","templated":true}]}}