{"id":15491,"date":"2019-11-25T09:22:37","date_gmt":"2019-11-25T08:22:37","guid":{"rendered":"http:\/\/semmelweis.hu\/emk\/?page_id=15491"},"modified":"2025-06-03T16:10:35","modified_gmt":"2025-06-03T14:10:35","slug":"terezvarosi-egeszsegugyi-szolgalat","status":"publish","type":"page","link":"https:\/\/semmelweis.hu\/emk\/szakertoi-tevekenyseg-projektek\/lezart-projektek\/egeszsegugyi-ellatorendszer-szakmai-modszertani-fejlesztese\/jogyakorlatok-gyujtese-fejlesztese-oktatasa\/rovid-osszefoglalok\/terezvarosi-egeszsegugyi-szolgalat\/","title":{"rendered":"Ter\u00e9zv\u00e1rosi Eg\u00e9szs\u00e9g\u00fcgyi Szolg\u00e1lat"},"content":{"rendered":"<p style=\"text-align: justify\"><span style=\"font-size: 18pt\"><strong>Ter\u00e9zv\u00e1rosi Eg\u00e9szs\u00e9g\u00fcgyi Szolg\u00e1lat: \u00fajra\u00e9leszt\u00e9s, s\u00fcrg\u0151ss\u00e9gi ell\u00e1t\u00e1s a j\u00e1r\u00f3betegell\u00e1t\u00e1sban<\/strong><\/span><\/p>\n<p style=\"text-align: justify\">A v\u00e9szhelyzet megold\u00e1s\u00e1nak gyorsas\u00e1ga, a szakmai hozz\u00e1\u00e9rt\u00e9s mellett megk\u00f6veteli a szervezetts\u00e9get, felk\u00e9sz\u00fclts\u00e9get, j\u00f3 kommunik\u00e1ci\u00f3t. Min\u0151s\u00e9gi szempont\u00fa elv\u00e1r\u00e1s az \u00e9letben marad\u00e1s es\u00e9ly\u00e9n t\u00fal a megfelel\u0151, lehet\u0151 legjobb \u00e9letmin\u0151s\u00e9g visszanyer\u00e9se, amely k\u00f6zvetett c\u00e9lja a j\u00f3gyakorlatnak. Fontos az id\u0151t\u00e9nyez\u0151, a helysz\u00edn, az \u00fajra\u00e9leszt\u00e9si team szakmai tud\u00e1sa, felk\u00e9sz\u00fclts\u00e9ge, a megfelel\u0151 technikai h\u00e1tt\u00e9r biztos\u00edt\u00e1sa. Ezt az \u00f6sszetett kih\u00edv\u00e1st csak \u00f6sszehangolt egy\u00fcttm\u0171k\u00f6d\u00e9ssel lehet el\u00e9rni. Ezek riad\u00f3l\u00e1ncszer\u0171 egy\u00fcttm\u0171k\u00f6d\u00e9se vezethet eredm\u00e9nyes s\u00fcrg\u0151ss\u00e9gi helyzet felismer\u00e9s\u00e9hez, s\u00falyos \u00e1llapot kezel\u00e9s\u00e9hez az \u00fajra\u00e9leszt\u00e9s megel\u0151z\u00e9se c\u00e9lj\u00e1b\u00f3l. Amennyiben m\u00e9gis bek\u00f6vetkezik, a reanim\u00e1ci\u00f3 szakszer\u0171 megkezd\u00e9se a feladat. A kooper\u00e1ci\u00f3nak hat\u00e9konynak, kreat\u00edvnak kell lennie a lehet\u0151 legjobb eredm\u00e9ny el\u00e9r\u00e9se \u00e9rdek\u00e9ben. Az ell\u00e1t\u00e1s eredm\u00e9nyess\u00e9g\u00e9t mutatja a hal\u00e1loz\u00e1s, a sz\u00f6v\u0151dm\u00e9nyek, maradand\u00f3 k\u00e1rosod\u00e1s, a k\u00f3rh\u00e1zi ell\u00e1t\u00e1s cs\u00f6kken\u00e9se. A fekv\u0151 betegell\u00e1t\u00e1s-rehabilit\u00e1ci\u00f3 kapcs\u00e1n cs\u00f6kken a kezel\u00e9si, \u00e1pol\u00e1si k\u00f6lts\u00e9g. Egy megfelel\u0151en szervezett, szab\u00e1lyozott, alkalmazott, kommunik\u00e1lt s\u00fcrg\u0151ss\u00e9gi betegell\u00e1t\u00e1s biztos\u00edtja a betegbiztons\u00e1g n\u00f6veked\u00e9s\u00e9t, a p\u00e1ciens bizalm\u00e1nak \u00e9s biztons\u00e1gtudat\u00e1nak n\u00f6veked\u00e9s\u00e9t.<\/p>\n<p style=\"text-align: justify\"><strong>A j\u00f3gyakorlat bemutat\u00e1sa<\/strong><\/p>\n<p style=\"text-align: justify\">A f\u0151v\u00e1ros VI. ker\u00fclet\u00e9ben 36 ezer lakos \u00e9l, r\u00e9szben a Ter\u00e9zv\u00e1rosi Eg\u00e9szs\u00e9g\u00fcgyi Szolg\u00e1lat feladata, hogy szakmai szempontb\u00f3l a lehet\u0151 legmagasabb szinten garant\u00e1lja a r\u00e1szorul\u00f3k j\u00e1r\u00f3beteg ell\u00e1t\u00e1s\u00e1t. A szakrendel\u0151kben naponta \u00e1tlagosan f\u00e9lezer beteg jelenik meg, az ell\u00e1t\u00e1sukr\u00f3l valamivel t\u00f6bb, mint 170 eg\u00e9szs\u00e9g\u00fcgyi dolgoz\u00f3 gondoskodik &#8211; a k\u00eds\u00e9r\u0151kkel, hozz\u00e1tartoz\u00f3kkal, k\u00fcls\u0151 munkat\u00e1rsakkal egy\u00fctt &#8211; naponta potenci\u00e1lisan 750-800 ember lehet \u00e9rintett az \u00fajra\u00e9leszt\u00e9sben. Egy k\u00f3rh\u00e1zt\u00f3l f\u00fcggetlen, s\u00fcrg\u0151ss\u00e9gi ell\u00e1t\u00f3hellyel nem rendelkez\u0151, sokszakm\u00e1s j\u00e1r\u00f3beteg ell\u00e1t\u00f3 int\u00e9zm\u00e9nyben m\u0171k\u00f6dik egy olyan \u00fajra\u00e9leszt\u00e9sre kik\u00e9pzett team, akik a rendszeres reanim\u00e1ci\u00f3s gyakorlati j\u00e1rtass\u00e1gon k\u00edv\u00fcl rendelkeznek az elv\u00e1rhat\u00f3 t\u00e1rgyi felt\u00e9telekkel, eszk\u00f6z\u00f6kkel is. A j\u00e1r\u00f3beteg ell\u00e1t\u00e1s jelleg\u00e9b\u0151l ad\u00f3d\u00f3an ritk\u00e1n ker\u00fcl sor \u00e9letment\u00e9sre, akut ell\u00e1t\u00e1sra nem vagyunk felk\u00e9sz\u00fclve, m\u00e9gis erre kell t\u00f6rekedni.<br \/>\nA Ter\u00e9zv\u00e1rosi Eg\u00e9szs\u00e9g\u00fcgyi Szolg\u00e1lat \u201e\u00dajra\u00e9leszt\u00e9si \u00e9s S\u00fcrg\u0151ss\u00e9gi Szab\u00e1lyzata\u201d egys\u00e9ges szerkezetbe foglalva tartalmazza az \u00fajra\u00e9leszt\u00e9s, s\u00fcrg\u0151ss\u00e9gi, v\u00e1ratlan esem\u00e9nyek, hal\u00e1leset elj\u00e1r\u00e1srendj\u00e9t az int\u00e9zm\u00e9nyen bel\u00fcl, tov\u00e1bb\u00e1 azon k\u00edv\u00fcl, utc\u00e1n \u00e9s a k\u00f6zvetlen k\u00f6zter\u00fcleten. Az ell\u00e1t\u00e1s menet\u00e9t tartalmaz\u00f3 inform\u00e1ci\u00f3kat egy folyamat\u00e1bra seg\u00edts\u00e9g\u00e9vel mutatj\u00e1k be.<br \/>\nAz \u00fajra\u00e9leszt\u00e9si (reanim\u00e1ci\u00f3s) team t\u00e1j\u00e9koztat\u00e1s\u00e1ra a telefonos el\u00e9rhet\u0151s\u00e9get tartalmaz\u00f3 dokumentumot k\u00f6telez\u0151 minden szakrendel\u0151ben, tov\u00e1bb\u00e1 emeletenk\u00e9nt, a folyos\u00f3n tal\u00e1lhat\u00f3 betegt\u00e1j\u00e9koztat\u00f3 t\u00e1bl\u00e1kra j\u00f3l l\u00e1that\u00f3 helyen kif\u00fcggeszteni. Riaszt\u00e1sra vonatkoz\u00f3 szimul\u00e1ci\u00f3s gyakorlatokat legal\u00e1bb \u00e9vente egy alkalommal v\u00e9geznek, melynek el\u0151k\u00e9sz\u00edt\u00e9s\u00e9t \u00e9s gyakorlati kivitelez\u00e9s\u00e9t a kardiol\u00f3giai szakrendel\u00e9s vezet\u0151 f\u0151orvosa koordin\u00e1lja. Az \u00fajra\u00e9leszt\u00e9si esem\u00e9nyt k\u00f6vet\u0151en az orvos igazgat\u00f3 gondoskodik a nemk\u00edv\u00e1natos esem\u00e9nyek jelent\u00e9si rendszer\u00e9be (NEVES) a jelent\u00e9st megtenni. Valamennyi, az int\u00e9zet ter\u00fclet\u00e9n el\u0151fordul\u00f3 \u00fajra\u00e9leszt\u00e9st \u00e9s szimul\u00e1ci\u00f3s gyakorlatot k\u00f6vet\u0151en a tev\u00e9kenys\u00e9get, annak k\u00f6r\u00fclm\u00e9nyeit az \u00fajra\u00e9leszt\u00e9sben, valamint a szimul\u00e1ci\u00f3s gyakorlatban, \u00e9s az \u00e9les helyzetben k\u00f6zrem\u0171k\u00f6d\u0151 munkat\u00e1rsakkal egy\u00fctt az orvos igazgat\u00f3 \u00e9s a kardiol\u00f3giai szakrendel\u00e9s vezet\u0151 f\u0151orvosa \u00e9rt\u00e9kelik \u00e9s az elemz\u00e9s sor\u00e1n felt\u00e1rt esetleges hib\u00e1k jelleg\u00e9t\u0151l f\u00fcgg\u0151en meghat\u00e1rozz\u00e1k a megel\u0151z\u00e9sre, jav\u00edt\u00e1sra vonatkoz\u00f3 int\u00e9zked\u00e9seket. Az adott h\u00f3nap \u00fcgyeleti \u00e9s reanim\u00e1ci\u00f3s beoszt\u00e1s\u00e1t az orvos igazgat\u00f3 k\u00e9sz\u00edti el \u00e9s h\u00f3nap v\u00e9g\u00e9n k\u00f6zz\u00e9teszi az intraneten, valamint a bels\u0151 levelez\u00e9si rendszerben valamennyi munkat\u00e1rs fel\u00e9.<\/p>\n<p style=\"text-align: justify\"><strong>Mi kell a program megval\u00f3s\u00edt\u00e1s\u00e1hoz?<\/strong><\/p>\n<p style=\"text-align: justify\">A j\u00f3gyakorlat bevezet\u00e9s\u00e9hez sz\u00fcks\u00e9ges id\u0151 6 h\u00f3nap, amely a kiindul\u00e1si \u00e1llapott\u00f3l f\u00fcgg\u0151en v\u00e1ltozhat. A sz\u00fcks\u00e9ges eszk\u00f6z\u00f6k beszerz\u00e9s\u00e9n t\u00fal t\u00f6bbletfeladatokat jelent a munkat\u00e1rsak sz\u00e1m\u00e1ra.<\/p>\n<div class=\"fontos_div w-100\">\n<p style=\"text-align: justify\"><strong>Hol \u00e9rdekl\u0151dhet?<\/strong><\/p>\n<p style=\"text-align: justify\">Ter\u00e9zv\u00e1rosi Eg\u00e9szs\u00e9g\u00fcgyi Szolg\u00e1lat, <a href=\"mailto:igazgatosag@tesz.co.hu\" target=\"_blank\" rel=\"noopener\">igazgatosag@tesz.co.hu<\/a>, orvos igazgat\u00f3.<\/p>\n<\/div>\n","protected":false},"excerpt":{"rendered":"<p>Ter\u00e9zv\u00e1rosi Eg\u00e9szs\u00e9g\u00fcgyi Szolg\u00e1lat: \u00fajra\u00e9leszt\u00e9s, s\u00fcrg\u0151ss\u00e9gi ell\u00e1t\u00e1s a j\u00e1r\u00f3betegell\u00e1t\u00e1sban A v\u00e9szhelyzet megold\u00e1s\u00e1nak gyorsas\u00e1ga, a szakmai hozz\u00e1\u00e9rt\u00e9s mellett megk\u00f6veteli a szervezetts\u00e9get, felk\u00e9sz\u00fclts\u00e9get, j\u00f3 kommunik\u00e1ci\u00f3t. Min\u0151s\u00e9gi szempont\u00fa elv\u00e1r\u00e1s az \u00e9letben marad\u00e1s es\u00e9ly\u00e9n t\u00fal a megfelel\u0151, lehet\u0151 legjobb \u00e9letmin\u0151s\u00e9g visszanyer\u00e9se, amely k\u00f6zvetett c\u00e9lja a j\u00f3gyakorlatnak. Fontos az id\u0151t\u00e9nyez\u0151, a helysz\u00edn, az \u00fajra\u00e9leszt\u00e9si team szakmai tud\u00e1sa, felk\u00e9sz\u00fclts\u00e9ge, a megfelel\u0151 technikai &hellip;<\/p>\n","protected":false},"author":101539,"featured_media":0,"parent":17196,"menu_order":0,"comment_status":"closed","ping_status":"closed","template":"","meta":{"_acf_changed":false,"footnotes":""},"categories":[],"tags":[],"class_list":["post-15491","page","type-page","status-publish","hentry"],"acf":[],"_links":{"self":[{"href":"https:\/\/semmelweis.hu\/emk\/wp-json\/wp\/v2\/pages\/15491","targetHints":{"allow":["GET"]}}],"collection":[{"href":"https:\/\/semmelweis.hu\/emk\/wp-json\/wp\/v2\/pages"}],"about":[{"href":"https:\/\/semmelweis.hu\/emk\/wp-json\/wp\/v2\/types\/page"}],"author":[{"embeddable":true,"href":"https:\/\/semmelweis.hu\/emk\/wp-json\/wp\/v2\/users\/101539"}],"replies":[{"embeddable":true,"href":"https:\/\/semmelweis.hu\/emk\/wp-json\/wp\/v2\/comments?post=15491"}],"version-history":[{"count":6,"href":"https:\/\/semmelweis.hu\/emk\/wp-json\/wp\/v2\/pages\/15491\/revisions"}],"predecessor-version":[{"id":25190,"href":"https:\/\/semmelweis.hu\/emk\/wp-json\/wp\/v2\/pages\/15491\/revisions\/25190"}],"up":[{"embeddable":true,"href":"https:\/\/semmelweis.hu\/emk\/wp-json\/wp\/v2\/pages\/17196"}],"wp:attachment":[{"href":"https:\/\/semmelweis.hu\/emk\/wp-json\/wp\/v2\/media?parent=15491"}],"wp:term":[{"taxonomy":"category","embeddable":true,"href":"https:\/\/semmelweis.hu\/emk\/wp-json\/wp\/v2\/categories?post=15491"},{"taxonomy":"post_tag","embeddable":true,"href":"https:\/\/semmelweis.hu\/emk\/wp-json\/wp\/v2\/tags?post=15491"}],"curies":[{"name":"wp","href":"https:\/\/api.w.org\/{rel}","templated":true}]}}