{"id":15482,"date":"2019-11-25T09:12:20","date_gmt":"2019-11-25T08:12:20","guid":{"rendered":"http:\/\/semmelweis.hu\/emk\/?page_id=15482"},"modified":"2025-06-03T16:09:49","modified_gmt":"2025-06-03T14:09:49","slug":"peter-cerny-alapitvany-ujszulott-ujraelesztes-es-szuloszobai-ellatas-oktatasa","status":"publish","type":"page","link":"https:\/\/semmelweis.hu\/emk\/szakertoi-tevekenyseg-projektek\/lezart-projektek\/egeszsegugyi-ellatorendszer-szakmai-modszertani-fejlesztese\/jogyakorlatok-gyujtese-fejlesztese-oktatasa\/rovid-osszefoglalok\/peter-cerny-alapitvany-ujszulott-ujraelesztes-es-szuloszobai-ellatas-oktatasa\/","title":{"rendered":"Peter Cerny Alap\u00edtv\u00e1ny"},"content":{"rendered":"<p style=\"text-align: justify\"><span style=\"font-size: 18pt\"><strong>Peter Cerny Alap\u00edtv\u00e1ny: \u00fajsz\u00fcl\u00f6tt \u00fajra\u00e9leszt\u00e9s \u00e9s sz\u00fcl\u0151szobai ell\u00e1t\u00e1s oktat\u00e1sa<\/strong><\/span><\/p>\n<p style=\"text-align: justify\">A Peter Cerny Alap\u00edtv\u00e1nyi Ment\u0151szolg\u00e1lata 1989 \u00f3ta v\u00e9gzi k\u00f3rh\u00e1zi \u00e9s int\u00e9zeten k\u00edv\u00fcli k\u00f6r\u00fclm\u00e9nyek k\u00f6z\u00f6tt lezajlott sz\u00fcl\u00e9sekn\u00e9l, valamint a t\u00e1gabb \u00fajsz\u00fcl\u00f6tt korban b\u00e1rmilyen okb\u00f3l kialakult, az \u00e9letet k\u00f6zvetlen\u00fcl vesz\u00e9lyeztet\u0151 \u00e1llapotokn\u00e1l a korasz\u00fcl\u00f6ttek-\u00fajsz\u00fcl\u00f6ttek \u00e9leszt\u00e9s\u00e9t. A speci\u00e1lis korcsoport ig\u00e9nyeit figyelembe vev\u0151 \u00fajra\u00e9leszt\u00e9si m\u00f3dszert 1995 \u00f3ta oktatja a Peter Cerny Alap\u00edtv\u00e1ny, 2009 \u00f3ta a Semmelweis Egyetem \u00e1ltal akkredit\u00e1lt form\u00e1ban. Eddig k\u00f6zel h\u00e1romezer orvost, szakdolgoz\u00f3t oktattak az Alap\u00edtv\u00e1ny szakemberei. T\u00f6bb mint h\u00e1romezer \u00fajsz\u00fcl\u00f6tt \u00fajra\u00e9leszt\u00e9s\u00e9ben vettek r\u00e9szt, d\u00f6nt\u0151 t\u00f6bbs\u00e9gben int\u00e9zeten bel\u00fcl, de n\u00e9h\u00e1ny esetben prehospit\u00e1lis helysz\u00edneken is.<\/p>\n<p style=\"text-align: justify\">Az \u00fajsz\u00fcl\u00f6tt \u00fajra\u00e9leszt\u00e9s hat\u00e9kony \u2013 az ir\u00e1nyelvek szerinti \u2013 kivitelez\u00e9se, valamint oktat\u00e1sa, int\u00e9zm\u00e9nyi rendj\u00e9nek kialak\u00edt\u00e1sa jav\u00edtja az \u00fajsz\u00fcl\u00f6ttek ell\u00e1t\u00e1s\u00e1nak \u00e9letes\u00e9ly\u00e9t. A szakszer\u0171 s\u00fcrg\u0151ss\u00e9gi ell\u00e1t\u00e1s es\u00e9lyt k\u00edn\u00e1l arra, hogy a csecsem\u0151k miel\u0151bb visszaker\u00fclhessenek csal\u00e1djuk k\u00f6r\u00e9be, ez\u00e1ltal t\u00e1mogatja a korai anya-gyermek kapcsolat meg\u00e9l\u00e9s\u00e9nek lehet\u0151s\u00e9g\u00e9t, a min\u00e9l odaad\u00f3bb anyai magatart\u00e1s kialakul\u00e1s\u00e1t. Az \u00e9rintett csal\u00e1dokb\u00f3l a sz\u00fcl\u0151k hamarabb illetve teljes munkaid\u0151ben visszat\u00e9rhetnek a munkaer\u0151 piacra.<\/p>\n<p style=\"text-align: justify\"><strong>Okok \u00e9s mi\u00e9rtek<\/strong><\/p>\n<p style=\"text-align: justify\">Az \u00fajsz\u00fcl\u00f6ttek \u00fajra\u00e9leszt\u00e9se jelent\u0151sen elt\u00e9r a k\u00e9s\u0151bbi \u00e9letkorban v\u00e9gzett reszuszcit\u00e1ci\u00f3t\u00f3l. Ennek oka az, hogy \u00fajsz\u00fcl\u00f6tt korban a l\u00e9gz\u00e9s-, illetve kering\u00e9s le\u00e1ll\u00e1s h\u00e1tter\u00e9ben az esetek t\u00falnyom\u00f3 t\u00f6bbs\u00e9g\u00e9ben a kardiorespiratorikus adapt\u00e1ci\u00f3 zavara \u00e1ll, \u00e9s nem valamilyen s\u00falyos szervi betegs\u00e9g. A megsz\u00fclet\u00e9s el\u0151tt bizonyos rizik\u00f3faktorok eset\u00e9n sz\u00e1m\u00edthatunk arra, hogy az \u00fajsz\u00fcl\u00f6tt \u00e9leszt\u00e9sre szorul majd, de a sz\u00fcl\u0151szobai v\u00e9szhelyzetek n\u00e9h\u00e1ny sz\u00e1zal\u00e9kban teljesen v\u00e1ratlanul l\u00e9pnek fel.<\/p>\n<p style=\"text-align: justify\">Az \u00fajsz\u00fcl\u00f6ttek k\u00f6zel 10 sz\u00e1zal\u00e9ka ig\u00e9nyel valamilyen seg\u00edts\u00e9get a megsz\u00fclet\u00e9s ut\u00e1n a l\u00e9gz\u00e9s beindul\u00e1s\u00e1hoz, illetve a sz\u00edvm\u0171k\u00f6d\u00e9s stabiliz\u00e1l\u00f3d\u00e1s\u00e1hoz. Ennek elmarad\u00e1sa az \u00fajsz\u00fcl\u00f6tt hal\u00e1l\u00e1hoz vagy maradand\u00f3 k\u00e1rosod\u00e1s\u00e1hoz vezethet. A szakszer\u0171 ell\u00e1t\u00e1s (meleg\u00edt\u00e9s, k\u00e9s\u0151i k\u00f6ld\u00f6kell\u00e1t\u00e1s, anya-\u00fajsz\u00fcl\u00f6tt kapcsolat t\u00e1mogat\u00e1sa, stb.) az egy\u00e9bk\u00e9nt j\u00f3 \u00e1llapot\u00fa \u00fajsz\u00fcl\u00f6ttek sz\u00e1m\u00e1ra is n\u00e9lk\u00fcl\u00f6zhetetlen, ennek elmarad\u00e1sa \u00e9lettani illetve pszichol\u00f3giai probl\u00e9m\u00e1khoz vezethet. Vizsg\u00e1latok azt mutatt\u00e1k, hogy 36,5 C testh\u0151m\u00e9rs\u00e9klet alatt minden 1 Celsius fok leh\u0171l\u00e9s 28%-kal n\u00f6velte a mortalit\u00e1st. Az \u00fajsz\u00fcl\u00f6ttek sz\u00fcl\u0151szobai ell\u00e1t\u00e1sa \u00e9s \u00e9leszt\u00e9se a korszer\u0171 nemzetk\u00f6zi ir\u00e1nyelvek ismeret\u00e9t \u00e9s nagy gyakorlatot ig\u00e9nyel, mely megfelel\u0151 \u00e9s rendszeres k\u00e9pz\u00e9ssel szerezhet\u0151 meg.<\/p>\n<p style=\"text-align: justify\"><strong>\u00daj met\u00f3dus \u2013 j\u00f3gyakorlat <\/strong><\/p>\n<p style=\"text-align: justify\">A projekt az \u00fajra\u00e9leszt\u00e9si algoritmus elm\u00e9leti \u00e9s gyakorlati oktat\u00e1s\u00e1val kezd\u0151dik &#8211; a szervez\u0151k tapasztalatai alapj\u00e1n &#8211; ugyanis a k\u00e9tnapos tanfolyam akkor a leghat\u00e9konyabb, ha a k\u00e9t id\u0151pont k\u00f6z\u00f6tt egy h\u00e9t telik el. Ez az \u00fctemez\u00e9s a k\u00e9szs\u00e9gek elsaj\u00e1t\u00edt\u00e1sa szempontj\u00e1b\u00f3l fontos, ugyanis a sz\u00fcnet ideje alatt a m\u00e1r kipr\u00f3b\u00e1lt, illetve gyakorolt ismeretek t\u00fckr\u00e9ben lehet\u0151s\u00e9g van az elm\u00e9leti anyag ism\u00e9tl\u00e9s\u00e9re, tanulm\u00e1nyoz\u00e1s\u00e1ra, illetve gyakorl\u00e1sra is. Fontos az egyes l\u00e9p\u00e9sek elsaj\u00e1t\u00edt\u00e1s\u00e1ra sz\u00e1nt id\u0151, valamint az is, hogy az elm\u00e9leti \u00f6sszefoglal\u00e1s a tanfolyam teljes idej\u00e9b\u0151l ne vegyen el 45 percn\u00e9l hosszabb id\u0151t. Illetve ezen t\u00falmen\u0151en sz\u00fcks\u00e9ges \u2013 egy a szakmai ir\u00e1nyelveken alapul\u00f3 aj\u00e1nl\u00e1s szerinti \u2013 eszk\u00f6zk\u00e9szlet is az ismeretek elsaj\u00e1t\u00edt\u00e1s\u00e1hoz.<\/p>\n<p style=\"text-align: justify\">Ahhoz, hogy a korszer\u0171 \u00fajra\u00e9leszt\u00e9s rutinszer\u0171 alkalmaz\u00e1sa egy int\u00e9zm\u00e9nyben k\u00e9szs\u00e9g szintj\u00e9n \u201erendelkez\u00e9sre \u00e1lljon\u201d folyamatos k\u00e9pz\u00e9sre van sz\u00fcks\u00e9g az orvosok \u00e9s a szakdolgoz\u00f3k k\u00f6r\u00e9ben; aj\u00e1nlott 3-6 havonta felfriss\u00edteni az ismereteket. M\u0171szakonk\u00e9nt egy \u00fajra\u00e9leszt\u0151 csapatot kell kijel\u00f6lni, garant\u00e1lni az azonnali el\u00e9rhet\u0151s\u00e9g\u00fcket \u00fagy, hogy a t\u00f6bbi ell\u00e1tand\u00f3 (\u00fajsz\u00fcl\u00f6tt, gyermek, ambul\u00e1ns) beteg fel\u00fcgyelete-ell\u00e1t\u00e1sa biztons\u00e1gos maradjon.<\/p>\n<p style=\"text-align: justify\">A j\u00f3gyakorlat fenntart\u00e1sa potenci\u00e1lisan k\u00f6lts\u00e9gcs\u00f6kken\u00e9shez is vezethet, a szakszer\u0171en \u00e9s id\u0151ben megkezdett \u00fajra\u00e9leszt\u00e9si beavatkoz\u00e1sok hat\u00e1s\u00e1ra nem kell annyi \u00fajsz\u00fcl\u00f6ttet elsz\u00e1ll\u00edtani az intenz\u00edv oszt\u00e1lyokra. A sz\u00e1ll\u00edt\u00e1st ig\u00e9nyl\u0151 \u00fajsz\u00fcl\u00f6ttek stabiliz\u00e1ci\u00f3ja r\u00f6videbb id\u0151t vesz ig\u00e9nybe, kevesebben ig\u00e9nyelnek majd invaz\u00edv l\u00e9gz\u00e9st\u00e1mogat\u00e1st \u00e9s \u00f6sszess\u00e9g\u00e9ben kevesebb intenz\u00edv oszt\u00e1lyos \u00e1pol\u00e1si nappal sz\u00e1molhatunk. A s\u00falyosan k\u00e1rosodott \u00fajsz\u00fcl\u00f6ttek ar\u00e1nya is cs\u00f6kken, az \u0151 \u00e1pol\u00e1si-gondoz\u00e1si k\u00f6lts\u00e9g\u00fckkel egy\u00fctt, ami hossz\u00fat\u00e1v\u00fa hat\u00e1sk\u00e9nt figyelemre m\u00e9lt\u00f3 lehet. \u00a0Az \u00fajra\u00e9leszt\u00e9sben val\u00f3 hat\u00e9kony k\u00f6zrem\u0171k\u00f6d\u00e9s az ell\u00e1t\u00e1st v\u00e9gz\u0151k sz\u00e1m\u00e1ra szakmai \u00f6nbizalmat ad, seg\u00edti az emp\u00e1tia \u00e9s a motiv\u00e1ci\u00f3 fenntart\u00e1s\u00e1t, \u00f6sszess\u00e9g\u00e9ben az eg\u00e9szs\u00e9g\u00fcgy ir\u00e1ni elk\u00f6telezetts\u00e9get \u00e9s v\u00e9d a ki\u00e9g\u00e9s ellen is.<\/p>\n<div class=\"fontos_div w-100\">\n<p style=\"text-align: justify\"><strong>Hol \u00e9rdekl\u0151dhet? <\/strong><\/p>\n<p style=\"text-align: justify\">A j\u00f3gyakorlatr\u00f3l \u00e9rdekl\u0151dni lehet: Dr. Somogyv\u00e1ri Zsolt, tansz\u00e9kvezet\u0151 f\u0151iskolai tan\u00e1r, a Peter Cerny Alap\u00edtv\u00e1ny szakmai vezet\u0151j\u00e9n\u00e9l; e-mail: <a href=\"mailto:somogyvari@pca.hu\" target=\"_blank\" rel=\"noopener\">somogyvari@pca.hu<\/a><\/p>\n<\/div>\n","protected":false},"excerpt":{"rendered":"<p>Peter Cerny Alap\u00edtv\u00e1ny: \u00fajsz\u00fcl\u00f6tt \u00fajra\u00e9leszt\u00e9s \u00e9s sz\u00fcl\u0151szobai ell\u00e1t\u00e1s oktat\u00e1sa A Peter Cerny Alap\u00edtv\u00e1nyi Ment\u0151szolg\u00e1lata 1989 \u00f3ta v\u00e9gzi k\u00f3rh\u00e1zi \u00e9s int\u00e9zeten k\u00edv\u00fcli k\u00f6r\u00fclm\u00e9nyek k\u00f6z\u00f6tt lezajlott sz\u00fcl\u00e9sekn\u00e9l, valamint a t\u00e1gabb \u00fajsz\u00fcl\u00f6tt korban b\u00e1rmilyen okb\u00f3l kialakult, az \u00e9letet k\u00f6zvetlen\u00fcl vesz\u00e9lyeztet\u0151 \u00e1llapotokn\u00e1l a korasz\u00fcl\u00f6ttek-\u00fajsz\u00fcl\u00f6ttek \u00e9leszt\u00e9s\u00e9t. A speci\u00e1lis korcsoport ig\u00e9nyeit figyelembe vev\u0151 \u00fajra\u00e9leszt\u00e9si m\u00f3dszert 1995 \u00f3ta oktatja a Peter Cerny &hellip;<\/p>\n","protected":false},"author":101539,"featured_media":0,"parent":17196,"menu_order":0,"comment_status":"closed","ping_status":"closed","template":"","meta":{"_acf_changed":false,"footnotes":""},"categories":[],"tags":[],"class_list":["post-15482","page","type-page","status-publish","hentry"],"acf":[],"_links":{"self":[{"href":"https:\/\/semmelweis.hu\/emk\/wp-json\/wp\/v2\/pages\/15482","targetHints":{"allow":["GET"]}}],"collection":[{"href":"https:\/\/semmelweis.hu\/emk\/wp-json\/wp\/v2\/pages"}],"about":[{"href":"https:\/\/semmelweis.hu\/emk\/wp-json\/wp\/v2\/types\/page"}],"author":[{"embeddable":true,"href":"https:\/\/semmelweis.hu\/emk\/wp-json\/wp\/v2\/users\/101539"}],"replies":[{"embeddable":true,"href":"https:\/\/semmelweis.hu\/emk\/wp-json\/wp\/v2\/comments?post=15482"}],"version-history":[{"count":10,"href":"https:\/\/semmelweis.hu\/emk\/wp-json\/wp\/v2\/pages\/15482\/revisions"}],"predecessor-version":[{"id":25189,"href":"https:\/\/semmelweis.hu\/emk\/wp-json\/wp\/v2\/pages\/15482\/revisions\/25189"}],"up":[{"embeddable":true,"href":"https:\/\/semmelweis.hu\/emk\/wp-json\/wp\/v2\/pages\/17196"}],"wp:attachment":[{"href":"https:\/\/semmelweis.hu\/emk\/wp-json\/wp\/v2\/media?parent=15482"}],"wp:term":[{"taxonomy":"category","embeddable":true,"href":"https:\/\/semmelweis.hu\/emk\/wp-json\/wp\/v2\/categories?post=15482"},{"taxonomy":"post_tag","embeddable":true,"href":"https:\/\/semmelweis.hu\/emk\/wp-json\/wp\/v2\/tags?post=15482"}],"curies":[{"name":"wp","href":"https:\/\/api.w.org\/{rel}","templated":true}]}}