{"id":15477,"date":"2019-11-25T09:02:56","date_gmt":"2019-11-25T08:02:56","guid":{"rendered":"http:\/\/semmelweis.hu\/emk\/?page_id=15477"},"modified":"2025-06-03T16:17:40","modified_gmt":"2025-06-03T14:17:40","slug":"magyarorszagi-reformatus-egyhaz-bethesda-gyermekkorhaza-a-munkatarsak-ujraelesztes-oktatatasanak-folyamata","status":"publish","type":"page","link":"https:\/\/semmelweis.hu\/emk\/szakertoi-tevekenyseg-projektek\/lezart-projektek\/egeszsegugyi-ellatorendszer-szakmai-modszertani-fejlesztese\/jogyakorlatok-gyujtese-fejlesztese-oktatasa\/rovid-osszefoglalok\/magyarorszagi-reformatus-egyhaz-bethesda-gyermekkorhaza-a-munkatarsak-ujraelesztes-oktatatasanak-folyamata\/","title":{"rendered":"Magyarorsz\u00e1gi Reform\u00e1tus Egyh\u00e1z Bethesda Gyermekk\u00f3rh\u00e1za 1."},"content":{"rendered":"<p style=\"text-align: justify\"><span style=\"font-size: 18pt\"><strong>Magyarorsz\u00e1gi Reform\u00e1tus Egyh\u00e1z Bethesda Gyermekk\u00f3rh\u00e1za: a munkat\u00e1rsak \u00fajra\u00e9leszt\u00e9s oktat\u00e1s\u00e1nak folyamata<\/strong><\/span><\/p>\n<p style=\"text-align: justify\">A Bethesda Gyermekk\u00f3rh\u00e1z 2014 \u00f3ta ford\u00edt kiemelt figyelmet arra, hogy az \u00fajonnan bel\u00e9p\u0151 munkat\u00e1rsaik a lehet\u0151 legr\u00f6videbb id\u0151n, lehet\u0151s\u00e9g szerint egy h\u00f3napon bel\u00fcl elsaj\u00e1t\u00edts\u00e1k a korszer\u0171 \u00fajra\u00e9leszt\u00e9shez sz\u00fcks\u00e9ges ismereteket, ezen t\u00falmen\u0151en \u00e1lland\u00f3 munkat\u00e1rsaiknak \u00e9venk\u00e9nti, szinten tart\u00f3 oktat\u00e1st garant\u00e1lt az int\u00e9zm\u00e9ny. A k\u00f3rh\u00e1z vezet\u0151i lehet\u0151v\u00e9 tett\u00e9k \u00e9s t\u00e1mogatt\u00e1k az oktat\u00f3k r\u00e9szv\u00e9tel\u00e9t ERC-kurzuson, az int\u00e9zm\u00e9nyi oktat\u00e1sra m\u0171t\u00e9tmentes napot biztos\u00edtott az oktat\u00f3k \u00e9s oktatand\u00f3k r\u00e9sz\u00e9re, a siker \u00e9rdek\u00e9ben szimul\u00e1ci\u00f3s fantomokat szereztek be. 2017-ben szembes\u00fcltek azzal a t\u00e9nnyel, hogy a folyamatosan n\u00f6vekv\u0151 dolgoz\u00f3i l\u00e9tsz\u00e1m miatt nem tudj\u00e1k fenntartani a kor\u00e1bban meghonosodott k\u00e9pz\u00e9si rendszert, az oktat\u00f3 team tagjai gyakran szabadidej\u00fckben v\u00e9gezt\u00e9k a munkat\u00e1rsak gyakorlati oktat\u00e1s\u00e1t, t\u00falterhelts\u00e9g\u00fck az oktat\u00e1s ir\u00e1nti motiv\u00e1ci\u00f3 cs\u00f6kken\u00e9s\u00e9hez vezetett.<\/p>\n<p style=\"text-align: justify\"><strong>\u00daj met\u00f3dus \u2013 j\u00f3gyakorlat<\/strong><\/p>\n<p style=\"text-align: justify\">Ez\u00e9rt egy \u00faj sziszt\u00e9m\u00e1t vezetettek be, mely az int\u00e9zm\u00e9ny aktu\u00e1lis helyzet\u00e9t figyelembe v\u00e9ve egy \u00e9letszer\u0171bb \u00e9s k\u00f6nnyebben kivitelezhet\u0151 m\u00f3dszert honos\u00edtott meg. Az \u00faj dolgoz\u00f3k felv\u00e9tele ut\u00e1n oktat\u00e1sukra h\u00e1romhavi munkaviszony ut\u00e1n k\u00edn\u00e1lnak lehet\u0151s\u00e9get, \u00e9s ezzel p\u00e1rhuzamosan egy a kor\u00e1bbin\u00e1l j\u00f3val sz\u00e9lesebb r\u00e9teget vontak be az oktat\u00f3i teambe, ugyanis kor\u00e1bban csak az intenz\u00edv oszt\u00e1ly orvosai oktattak. <br \/>\nA k\u00e9pzett \u00e9s gyakorlott szakemberekb\u0151l \u00e1ll\u00f3 reszuszcit\u00e1ci\u00f3s team tagjai felel\u0151ss\u00e9get v\u00e1llalnak az int\u00e9zm\u00e9nyi \u00fajra\u00e9leszt\u00e9s szakmai protokollj\u00e1\u00e9rt, a riad\u00f3l\u00e1nc int\u00e9zm\u00e9nyi m\u0171k\u00f6dtet\u00e9s\u00e9\u00e9rt, az \u00fajra\u00e9leszt\u00e9s technikai felt\u00e9teleinek ellen\u0151rz\u00e9s\u00e9\u00e9rt. Az\u00e9rt, hogy az oktat\u00e1sbeli terhel\u00e9s\u00fck m\u00e9rt\u00e9ke cs\u00f6kkenjen, az int\u00e9zm\u00e9nyen bel\u00fcl maguk mell\u00e9 \u201eh\u00edvnak\u201d k\u00f3rh\u00e1zi oszt\u00e1lyonk\u00e9nt\/egys\u00e9genk\u00e9nt egy-egy reszuszcit\u00e1ci\u00f3 felel\u0151st, akiket felk\u00e9sz\u00edtenek az ismeretek tov\u00e1bbad\u00e1s\u00e1ra \u00e9s seg\u00edtik munk\u00e1jukat. <br \/>\nA reszuszcit\u00e1ci\u00f3 felel\u0151s\u00f6k egys\u00e9geikben folyamatosan regisztr\u00e1lj\u00e1k \u00e9s friss\u00edtik az \u00faj bel\u00e9p\u0151 dolgoz\u00f3k list\u00e1j\u00e1t, \u00e9s a r\u00e9gebbi munkat\u00e1rsak utols\u00f3 oktat\u00e1s\u00e1nak id\u0151pontj\u00e1t. A lista alapj\u00e1n k\u00e9pz\u00e9si id\u0151tervet \u00e1ll\u00edtanak \u00f6ssze, melyr\u0151l \u00e9rtes\u00edtik az \u00e9rintett munkat\u00e1rsakat \u00e9s k\u00f6zvetlen feletteseiket. Az esed\u00e9kes oktat\u00e1si id\u0151pont el\u0151tt legal\u00e1bb 3 h\u00e9ttel \u00edr\u00e1sos szakmai seg\u00e9danyagot bocs\u00e1tanak az oktatand\u00f3 dolgoz\u00f3k rendelkez\u00e9s\u00e9re, elk\u00e9sz\u00edtik az \u00edr\u00e1sbeli tesztet, melyhez az int\u00e9zm\u00e9nyi reszuszcit\u00e1ci\u00f3s team seg\u00edts\u00e9get ny\u00fajt sz\u00e1mukra.<br \/>\nMegszervezik a k\u00e9pz\u00e9s helysz\u00edn\u00e9t, az ahhoz sz\u00fcks\u00e9ges technikai felt\u00e9teleket, \u00e9s lebonyol\u00edtj\u00e1k az oktat\u00e1st. Az elm\u00e9leti oktat\u00e1s tesztvizsg\u00e1val z\u00e1rul, a sikeresen kit\u00f6lt\u0151k sz\u00e1m\u00e1ra pedig gyakorlati k\u00e9pz\u00e9si \u00e9s vizsg\u00e1ztat\u00e1si id\u0151pontokat hat\u00e1roznak meg, melyekre \u00fagy k\u00e9rik a dolgoz\u00f3k jelentkez\u00e9s\u00e9t, hogy egy oktat\u00e1si alkalom sor\u00e1n legfeljebb 5 munkat\u00e1rs vegyen r\u00e9szt a gyakorlaton \u00edgy biztos\u00edtva annak hat\u00e9konys\u00e1g\u00e1t. A gyakorlati k\u00e9pz\u00e9sen szitu\u00e1ci\u00f3s feladatok seg\u00edts\u00e9g\u00e9vel t\u00f6rekszenek \u00e9leth\u0171 helyzeteken kereszt\u00fcl az \u00fajra\u00e9leszt\u00e9s oktat\u00e1s\u00e1ra, kiterjesztve azt csecsem\u0151-, gyermek-\u00e9s feln\u0151tt korcsoportra egyar\u00e1nt szimul\u00e1ci\u00f3s fantomok seg\u00edts\u00e9g\u00e9vel. Az int\u00e9zm\u00e9nyi reszuszcit\u00e1ci\u00f3s team vezet\u0151je rendszeres \u00edr\u00e1sos jelent\u00e9st k\u00e9sz\u00edt a dolgoz\u00f3k oktat\u00e1s\u00e1nak eredm\u00e9ny\u00e9r\u0151l, a felmer\u00fcl\u0151 probl\u00e9m\u00e1kr\u00f3l, javaslatair\u00f3l a fels\u0151vezet\u00e9snek. Megtervezi a min\u0151s\u00e9g\u00fcgyi vezet\u0151 k\u00f6zrem\u0171k\u00f6d\u00e9s\u00e9vel az oktat\u00e1s eredm\u00e9nyeinek nyomonk\u00f6vet\u00e9s\u00e9t, klinikai auditj\u00e1t, melyek eredm\u00e9nyeit, tapasztalatait k\u00f6z\u00f6sen levonva azt a fels\u0151vezet\u00e9ssel ismertetik.<\/p>\n<p style=\"text-align: justify\"><strong>Mi kell a program megval\u00f3s\u00edt\u00e1s\u00e1hoz?<\/strong><\/p>\n<p style=\"text-align: justify\">A j\u00f3gyakorlat bevezet\u00e9s\u00e9hez f\u00e9l-egy \u00e9v sz\u00fcks\u00e9ges. Ez mag\u00e1ban foglalja az \u00fajra\u00e9leszt\u00e9st oktat\u00f3 k\u00f3rh\u00e1zi team megszervez\u00e9s\u00e9t, a team tagjainak felk\u00e9r\u00e9s\u00e9t, feladataik meghat\u00e1roz\u00e1s\u00e1t, a c\u00e9lkit\u0171z\u00e9s \u00e9s oktat\u00e1si \u00fctemterv elk\u00e9sz\u00edt\u00e9s\u00e9t, elfogadtat\u00e1s\u00e1t a fels\u0151vezet\u00e9ssel, ismertet\u00e9s\u00e9t az \u00e9rintettekkel, az oktat\u00e1s t\u00e1rgyi felt\u00e9teleinek megteremt\u00e9s\u00e9t, beszerz\u00e9seket. A j\u00f3gyakorlat rendszeres m\u0171k\u00f6dtet\u00e9s\u00e9hez sz\u00fcks\u00e9ges id\u0151 az oktatand\u00f3k l\u00e9tsz\u00e1m\u00e1t\u00f3l f\u00fcgg, ez a Bethesda K\u00f3rh\u00e1z eset\u00e9n \u00e9vente 5-10 x 8 \u00f3ra.<br \/>\nAz alapszint\u0171 \u00fajra\u00e9leszt\u00e9s oktat\u00e1s\u00e1hoz szimul\u00e1ci\u00f3s eszk\u00f6z\u00f6ket, gyakorl\u00f3 bab\u00e1kat kell beszerezni. Az emelt szint\u0171 oktat\u00e1s\u00e1hoz: szimul\u00e1ci\u00f3s eszk\u00f6z\u00f6k, feln\u0151tt-\u00e9s gyermeklap\u00e1tokkal ell\u00e1tott defibrill\u00e1tor, noninvaz\u00edv multifunkci\u00f3s monitor, arcmaszkok, l\u00e9legeztet\u0151 ballonok, endotrachealis tubusok, laryngoscopok, Guedel-tubusok, gyomorszond\u00e1k, v\u00e9nakan\u00fcl\u00f6k, intraossealis t\u0171k \u00e9s olt\u00f3pisztolyok sz\u00fcks\u00e9gesek.<\/p>\n<div class=\"fontos_div w-100\">\n<p style=\"text-align: justify\"><strong>Hol \u00e9rdekl\u0151dhet?<\/strong><\/p>\n<p style=\"text-align: justify\">A j\u00f3gyakorlatr\u00f3l \u00e9rdekl\u0151dni lehet: <br \/>\nMikos Borb\u00e1la, min\u0151s\u00e9g\u00fcgyi vezet\u0151n\u00e9l; e-mail: borbala.mikos@gmail.com <br \/>\n\u00e9s Szab\u00f3 Cec\u00edlia, \u00fajra\u00e9leszt\u00e9s\u00e9rt felel\u0151s munkacsoport vezet\u0151n\u00e9l; e-mail: Szabo.Cecilia@bethesda.hu<\/p>\n<\/div>\n","protected":false},"excerpt":{"rendered":"<p>Magyarorsz\u00e1gi Reform\u00e1tus Egyh\u00e1z Bethesda Gyermekk\u00f3rh\u00e1za: a munkat\u00e1rsak \u00fajra\u00e9leszt\u00e9s oktat\u00e1s\u00e1nak folyamata A Bethesda Gyermekk\u00f3rh\u00e1z 2014 \u00f3ta ford\u00edt kiemelt figyelmet arra, hogy az \u00fajonnan bel\u00e9p\u0151 munkat\u00e1rsaik a lehet\u0151 legr\u00f6videbb id\u0151n, lehet\u0151s\u00e9g szerint egy h\u00f3napon bel\u00fcl elsaj\u00e1t\u00edts\u00e1k a korszer\u0171 \u00fajra\u00e9leszt\u00e9shez sz\u00fcks\u00e9ges ismereteket, ezen t\u00falmen\u0151en \u00e1lland\u00f3 munkat\u00e1rsaiknak \u00e9venk\u00e9nti, szinten tart\u00f3 oktat\u00e1st garant\u00e1lt az int\u00e9zm\u00e9ny. A k\u00f3rh\u00e1z vezet\u0151i lehet\u0151v\u00e9 tett\u00e9k &hellip;<\/p>\n","protected":false},"author":101539,"featured_media":0,"parent":17196,"menu_order":0,"comment_status":"closed","ping_status":"closed","template":"","meta":{"_acf_changed":false,"footnotes":""},"categories":[],"tags":[],"class_list":["post-15477","page","type-page","status-publish","hentry"],"acf":[],"_links":{"self":[{"href":"https:\/\/semmelweis.hu\/emk\/wp-json\/wp\/v2\/pages\/15477","targetHints":{"allow":["GET"]}}],"collection":[{"href":"https:\/\/semmelweis.hu\/emk\/wp-json\/wp\/v2\/pages"}],"about":[{"href":"https:\/\/semmelweis.hu\/emk\/wp-json\/wp\/v2\/types\/page"}],"author":[{"embeddable":true,"href":"https:\/\/semmelweis.hu\/emk\/wp-json\/wp\/v2\/users\/101539"}],"replies":[{"embeddable":true,"href":"https:\/\/semmelweis.hu\/emk\/wp-json\/wp\/v2\/comments?post=15477"}],"version-history":[{"count":10,"href":"https:\/\/semmelweis.hu\/emk\/wp-json\/wp\/v2\/pages\/15477\/revisions"}],"predecessor-version":[{"id":25197,"href":"https:\/\/semmelweis.hu\/emk\/wp-json\/wp\/v2\/pages\/15477\/revisions\/25197"}],"up":[{"embeddable":true,"href":"https:\/\/semmelweis.hu\/emk\/wp-json\/wp\/v2\/pages\/17196"}],"wp:attachment":[{"href":"https:\/\/semmelweis.hu\/emk\/wp-json\/wp\/v2\/media?parent=15477"}],"wp:term":[{"taxonomy":"category","embeddable":true,"href":"https:\/\/semmelweis.hu\/emk\/wp-json\/wp\/v2\/categories?post=15477"},{"taxonomy":"post_tag","embeddable":true,"href":"https:\/\/semmelweis.hu\/emk\/wp-json\/wp\/v2\/tags?post=15477"}],"curies":[{"name":"wp","href":"https:\/\/api.w.org\/{rel}","templated":true}]}}