{"id":15362,"date":"2019-09-23T16:34:02","date_gmt":"2019-09-23T14:34:02","guid":{"rendered":"http:\/\/semmelweis.hu\/emk\/?page_id=15362"},"modified":"2024-10-09T14:28:01","modified_gmt":"2024-10-09T12:28:01","slug":"letoltheto-dokumentumok","status":"publish","type":"page","link":"https:\/\/semmelweis.hu\/emk\/hallgatoknak\/letoltheto-dokumentumok\/","title":{"rendered":"Dokumentumok"},"content":{"rendered":"<h5>Let\u00f6lthet\u0151 dokumentumok:<\/h5>\n<ul style=\"list-style-type: square\">\n<li><a href=\"https:\/\/semmelweis.hu\/emk\/files\/2019\/09\/kerelem_altalanos_forma.pdf\">K\u00e9relem (\u00e1ltal\u00e1nos forma)<\/a><\/li>\n<li><a href=\"https:\/\/semmelweis.hu\/emk\/files\/2019\/09\/Tant\u00e1rgybefogad\u00e1si-k\u00e9relem.pdf\">Tant\u00e1rgybefogad\u00e1si k\u00e9relem<\/a><\/li>\n<li><a href=\"https:\/\/semmelweis.hu\/emk\/files\/2019\/10\/hallgatoi_jogviszony_szuneteltetese_kerelem_minta.pdf\">Hallgat\u00f3i jogviszony sz\u00fcneteltet\u00e9se k\u00e9relem<\/a><\/li>\n<li><a href=\"https:\/\/semmelweis.hu\/emk\/files\/2023\/11\/EMK_elozetes_kreditbefogadas.pdf\">El\u0151zetes kreditbefogad\u00e1si k\u00e9relem<\/a><\/li>\n<\/ul>\n<p>&nbsp;<\/p>\n","protected":false},"excerpt":{"rendered":"<p>Let\u00f6lthet\u0151 dokumentumok:<\/p>\n<p><a href=\"https:\/\/semmelweis.hu\/emk\/files\/2019\/09\/kerelem_altalanos_forma.pdf\">K\u00e9relem (\u00e1ltal\u00e1nos forma)<\/a><br \/>\n<a href=\"https:\/\/semmelweis.hu\/emk\/files\/2019\/09\/Tant\u00e1rgybefogad\u00e1si-k\u00e9relem.pdf\">Tant\u00e1rgybefogad\u00e1si k\u00e9relem<\/a><br \/>\n<a href=\"https:\/\/semmelweis.hu\/emk\/files\/2019\/10\/hallgatoi_jogviszony_szuneteltetese_kerelem_minta.pdf\">Hallgat\u00f3i jogviszony sz\u00fcneteltet\u00e9se k\u00e9relem<\/a><br \/>\n<a href=\"https:\/\/semmelweis.hu\/emk\/files\/2023\/11\/EMK_elozetes_kreditbefogadas.pdf\">El\u0151zetes kreditbefogad\u00e1si k\u00e9relem<\/a><\/p>\n<p>&nbsp;<\/p>\n","protected":false},"author":101539,"featured_media":0,"parent":1966,"menu_order":4,"comment_status":"closed","ping_status":"closed","template":"","meta":{"_acf_changed":false,"footnotes":""},"categories":[],"tags":[],"class_list":["post-15362","page","type-page","status-publish","hentry"],"acf":[],"_links":{"self":[{"href":"https:\/\/semmelweis.hu\/emk\/wp-json\/wp\/v2\/pages\/15362","targetHints":{"allow":["GET"]}}],"collection":[{"href":"https:\/\/semmelweis.hu\/emk\/wp-json\/wp\/v2\/pages"}],"about":[{"href":"https:\/\/semmelweis.hu\/emk\/wp-json\/wp\/v2\/types\/page"}],"author":[{"embeddable":true,"href":"https:\/\/semmelweis.hu\/emk\/wp-json\/wp\/v2\/users\/101539"}],"replies":[{"embeddable":true,"href":"https:\/\/semmelweis.hu\/emk\/wp-json\/wp\/v2\/comments?post=15362"}],"version-history":[{"count":6,"href":"https:\/\/semmelweis.hu\/emk\/wp-json\/wp\/v2\/pages\/15362\/revisions"}],"predecessor-version":[{"id":23082,"href":"https:\/\/semmelweis.hu\/emk\/wp-json\/wp\/v2\/pages\/15362\/revisions\/23082"}],"up":[{"embeddable":true,"href":"https:\/\/semmelweis.hu\/emk\/wp-json\/wp\/v2\/pages\/1966"}],"wp:attachment":[{"href":"https:\/\/semmelweis.hu\/emk\/wp-json\/wp\/v2\/media?parent=15362"}],"wp:term":[{"taxonomy":"category","embeddable":true,"href":"https:\/\/semmelweis.hu\/emk\/wp-json\/wp\/v2\/categories?post=15362"},{"taxonomy":"post_tag","embeddable":true,"href":"https:\/\/semmelweis.hu\/emk\/wp-json\/wp\/v2\/tags?post=15362"}],"curies":[{"name":"wp","href":"https:\/\/api.w.org\/{rel}","templated":true}]}}