{"id":15135,"date":"2019-06-28T11:04:30","date_gmt":"2019-06-28T09:04:30","guid":{"rendered":"http:\/\/semmelweis.hu\/emk\/?page_id=15135"},"modified":"2024-12-08T20:09:21","modified_gmt":"2024-12-08T19:09:21","slug":"lakossagi-forum","status":"publish","type":"page","link":"https:\/\/semmelweis.hu\/emk\/szakertoi-tevekenyseg-projektek\/lezart-projektek\/egeszsegugyi-ellatorendszer-szakmai-modszertani-fejlesztese\/lakossagi-forum\/","title":{"rendered":"Lakoss\u00e1gi F\u00f3rum"},"content":{"rendered":"<p><img loading=\"lazy\" decoding=\"async\" class=\"alignnone size-medium wp-image-15143\" src=\"https:\/\/semmelweis.hu\/emk\/files\/2019\/07\/lakoss\u00e1gi-forum-molino.jpg\" alt=\"\" width=\"1\" height=\"1\" \/><a href=\"https:\/\/semmelweis.hu\/emk\/files\/2019\/07\/lakoss\u00e1gi-forum-molino.jpg\"><img loading=\"lazy\" decoding=\"async\" class=\"alignnone size-medium wp-image-15143\" src=\"https:\/\/semmelweis.hu\/emk\/files\/2019\/07\/lakoss\u00e1gi-forum-molino.jpg\" alt=\"\" width=\"1\" height=\"1\" \/><\/a><img loading=\"lazy\" decoding=\"async\" class=\"alignnone size-medium wp-image-15143\" src=\"https:\/\/semmelweis.hu\/emk\/files\/2019\/07\/lakoss\u00e1gi-forum-molino.jpg\" alt=\"\" width=\"1\" height=\"1\" \/><style>\n           #page-grid .card-body > .line-clamp-box.excerpt{\n        width: inherit;\n        max-width: inherit;\n        display:flex;\n        min-height: 2.4em;\n        flex-direction: column;\n        justify-content: space-around;\n        background-color: #D6E4EA;\n        min-height: 3.4rem;\n        font-family: \"Montserrat\", sans-serif;\n    }\n\n    #page-grid a:hover .card-body > .line-clamp-box.excerpt {\n        background-color: #fff;\n        color: #313B40;\n    }\n\n    #page-grid .card-body .line-clamp-box.excerpt section{\n        max-width: inherit;\n        display: -webkit-box;\n        -webkit-line-clamp: 2;\n        -webkit-box-orient: vertical;\n        overflow: hidden;\n        text-overflow: ellipsis;\n        hyphens: auto;\n        margin: auto;\n        \n    }\n    .line-clamp-box.excerpt section, .line-clamp-box.excerpt section p{\n        font-size:0.8em;\n    }\n    \n<\/style>\n    <section id=\"page-grid\">\n        \n        <div class=\"row row-cols-1 row-cols-md-2 row-cols-lg-1 no-gutters mx-0 \">    <div class =\"col  mb-2 card-wrapper\">\n        <a class=\"d-flex flex-fill card-link-warapper m-md-1\" href=\"https:\/\/semmelweis.hu\/emk\/szakertoi-tevekenyseg-projektek\/lezart-projektek\/egeszsegugyi-ellatorendszer-szakmai-modszertani-fejlesztese\/lakossagi-forum\/szakmai-anyagok\/\">\n            <div class=\"card border border-secondary se-border flex-fill\">\n                <div class=\"row no-gutters mx-0 d-flex flex-nowrap flex-md-wrap align-items-center\">\n                    <div class =\"  col-5 col-md-12  d-none  d-md-none d-md-none  bg-image  card-image justify-content-center\">\n                        <img class='wp-post-image img-fluid landscape' src='https:\/\/semmelweis.hu\/emk\/wp-content\/themes\/se18\/dist\/images\/svg\/bg-image.svg' \/>\n                    <\/div>\n                    <div class=\"card-body  col flex-column  col-md-12 p-0\">\n                        <div class=\"line-clamp-box p-3\">\n                            <h5 class=\"ml-0 ml-sm-1 mt-2 align-items-center\"  >Szakmai anyagok<\/h5>\n                        <\/div>\n                        \n                    <\/div>\n                <\/div>\n\n            <\/div>\n        <\/a>\n    <\/div>    <div class =\"col  mb-2 card-wrapper\">\n        <a class=\"d-flex flex-fill card-link-warapper m-md-1\" href=\"https:\/\/semmelweis.hu\/emk\/szakertoi-tevekenyseg-projektek\/lezart-projektek\/egeszsegugyi-ellatorendszer-szakmai-modszertani-fejlesztese\/lakossagi-forum\/kisfilmek\/\">\n            <div class=\"card border border-secondary se-border flex-fill\">\n                <div class=\"row no-gutters mx-0 d-flex flex-nowrap flex-md-wrap align-items-center\">\n                    <div class =\"  col-5 col-md-12  d-none  d-md-none d-md-none  bg-image  card-image justify-content-center\">\n                        <img class='wp-post-image img-fluid landscape' src='https:\/\/semmelweis.hu\/emk\/wp-content\/themes\/se18\/dist\/images\/svg\/bg-image.svg' \/>\n                    <\/div>\n                    <div class=\"card-body  col flex-column  col-md-12 p-0\">\n                        <div class=\"line-clamp-box p-3\">\n                            <h5 class=\"ml-0 ml-sm-1 mt-2 align-items-center\"  >Kisfilmek<\/h5>\n                        <\/div>\n                        \n                    <\/div>\n                <\/div>\n\n            <\/div>\n        <\/a>\n    <\/div>    <div class =\"col  mb-2 card-wrapper\">\n        <a class=\"d-flex flex-fill card-link-warapper m-md-1\" href=\"https:\/\/semmelweis.hu\/emk\/szakertoi-tevekenyseg-projektek\/lezart-projektek\/egeszsegugyi-ellatorendszer-szakmai-modszertani-fejlesztese\/lakossagi-forum\/kepgaleria\/\">\n            <div class=\"card border border-secondary se-border flex-fill\">\n                <div class=\"row no-gutters mx-0 d-flex flex-nowrap flex-md-wrap align-items-center\">\n                    <div class =\"  col-5 col-md-12  d-none  d-md-none d-md-none  bg-image  card-image justify-content-center\">\n                        <img class='wp-post-image img-fluid landscape' src='https:\/\/semmelweis.hu\/emk\/wp-content\/themes\/se18\/dist\/images\/svg\/bg-image.svg' \/>\n                    <\/div>\n                    <div class=\"card-body  col flex-column  col-md-12 p-0\">\n                        <div class=\"line-clamp-box p-3\">\n                            <h5 class=\"ml-0 ml-sm-1 mt-2 align-items-center\"  >K\u00e9pgal\u00e9ria<\/h5>\n                        <\/div>\n                        \n                    <\/div>\n                <\/div>\n\n            <\/div>\n        <\/a>\n    <\/div>    <div class =\"col  mb-2 card-wrapper\">\n        <a class=\"d-flex flex-fill card-link-warapper m-md-1\" href=\"https:\/\/semmelweis.hu\/emk\/szakertoi-tevekenyseg-projektek\/lezart-projektek\/egeszsegugyi-ellatorendszer-szakmai-modszertani-fejlesztese\/lakossagi-forum\/media-megjelenesek\/\">\n            <div class=\"card border border-secondary se-border flex-fill\">\n                <div class=\"row no-gutters mx-0 d-flex flex-nowrap flex-md-wrap align-items-center\">\n                    <div class =\"  col-5 col-md-12  d-none  d-md-none d-md-none  bg-image  card-image justify-content-center\">\n                        <img class='wp-post-image img-fluid landscape' src='https:\/\/semmelweis.hu\/emk\/wp-content\/themes\/se18\/dist\/images\/svg\/bg-image.svg' \/>\n                    <\/div>\n                    <div class=\"card-body  col flex-column  col-md-12 p-0\">\n                        <div class=\"line-clamp-box p-3\">\n                            <h5 class=\"ml-0 ml-sm-1 mt-2 align-items-center\"  >M\u00e9diamegjelen\u00e9sek<\/h5>\n                        <\/div>\n                        \n                    <\/div>\n                <\/div>\n\n            <\/div>\n        <\/a>\n    <\/div>        <\/div>\n    <\/section><a href=\"https:\/\/semmelweis.hu\/emk\/files\/2019\/07\/lakoss\u00e1gi-forum.m\u00f3d.jpg\"><img loading=\"lazy\" decoding=\"async\" class=\"wp-image-15145 aligncenter\" src=\"https:\/\/semmelweis.hu\/emk\/files\/2019\/07\/lakoss\u00e1gi-forum.m\u00f3d-400x201.jpg\" alt=\"\" width=\"754\" height=\"379\" srcset=\"https:\/\/semmelweis.hu\/emk\/files\/2019\/07\/lakoss\u00e1gi-forum.m\u00f3d-400x201.jpg 400w, https:\/\/semmelweis.hu\/emk\/files\/2019\/07\/lakoss\u00e1gi-forum.m\u00f3d-768x386.jpg 768w, https:\/\/semmelweis.hu\/emk\/files\/2019\/07\/lakoss\u00e1gi-forum.m\u00f3d-1024x515.jpg 1024w, https:\/\/semmelweis.hu\/emk\/files\/2019\/07\/lakoss\u00e1gi-forum.m\u00f3d-753x379.jpg 753w\" sizes=\"auto, (max-width: 754px) 100vw, 754px\" \/><\/a><\/p>\n<p>A k\u00f3rh\u00e1zakban \u00e9s a j\u00e1r\u00f3beteg-szakrendel\u0151kben sz\u00e1mos kock\u00e1zat \u00e9s vesz\u00e9ly rejlik a gy\u00f3gy\u00edt\u00f3 folyamatokban mind a betegek, mind az ell\u00e1t\u00f3k sz\u00e1m\u00e1ra. A Semmelweis Egyetem Eg\u00e9szs\u00e9g\u00fcgyi Menedzserk\u00e9pz\u0151 K\u00f6zpontja is akt\u00edvan r\u00e9szt vesz abban az orsz\u00e1gos kamp\u00e1nyban, amelyben 20 telep\u00fcl\u00e9sen, oktat\u00f3 filmek seg\u00edts\u00e9g\u00e9vel szak\u00e9rt\u0151k h\u00edvj\u00e1k fel a figyelmet arra, mit tudnak tenni maguk a betegek \u00e9s hozz\u00e1tartoz\u00f3ik a betegbiztons\u00e1gi kock\u00e1zatok cs\u00f6kkent\u00e9se \u00e9rdek\u00e9ben.<\/p>\n<hr \/>\n<p style=\"font-weight: 400\"><strong>Lakoss\u00e1gi F\u00f3rum id\u0151pontok \u00e9s helysz\u00ednek (2019):<\/strong><\/p>\n<ol>\n<li style=\"list-style-type: none\">\n<ol>\n<li>2019. j\u00falius 8.\n<p>Monorierd\u0151 10:00 &#8211; 12:00 \u2013 Polg\u00e1rmesteri Hivatal, h\u00e1zass\u00e1gk\u00f6t\u0151 terem; c\u00edm: <a href=\"https:\/\/www.google.com\/maps\/place\/Monorierd%C5%91,+Szabads%C3%A1g+u.+50,+2213\/@47.3112509,19.4982614,17z\/data=!3m1!4b1!4m5!3m4!1s0x474199cfca2a74c5:0x5232c4f878fedb!8m2!3d47.3112473!4d19.5004501\">2213 Monorierd\u0151, Szabads\u00e1g u. 50\/A<\/a><\/p>\n<\/li>\n<li>2019. j\u00falius 10.\n<p>Madaras 10:00 &#8211; 12:00 &#8211; Pet\u0151fi S\u00e1ndor M\u0171vel\u0151d\u00e9si H\u00e1z; c\u00edm: <a href=\"https:\/\/www.google.hu\/maps\/place\/Madaras,+D%C3%B3zsa+Gy%C3%B6rgy+u.+5,+6456\/@46.0580144,19.2570384,17z\/data=!3m1!4b1!4m5!3m4!1s0x47433f3d5b64916f:0x72f3501299bd52d6!8m2!3d46.0580107!4d19.2592271?hl=hu\">6456 Madaras, D\u00f3zsa Gy. u. 5.<\/a><\/p>\n<\/li>\n<li>2019. j\u00falius 12.\n<p>B\u00e1tonyterenye 10:00 \u2013 12:00 \u2013 F\u00e1y Andr\u00e1s Szakk\u00e9pz\u0151 Iskola \u00e9s Koll\u00e9gium; c\u00edm: <a href=\"https:\/\/www.google.com\/maps\/search\/3070+B%C3%A1tonyterenye,+%C3%93zdi+%C3%BAt+39?entry=gmail&amp;source=g\">3070 B\u00e1tonyterenye, \u00d3zdi \u00fat 39<\/a>.<\/p>\n<\/li>\n<li>2019. j\u00falius 16.\n<p>J\u00e1nosh\u00e1za 10:00 \u2013 12:00 \u2013 Batthy\u00e1ny Lajos \u00c1MK M\u0171vel\u0151d\u00e9si Otthon \u00e9s K\u00f6nyvt\u00e1r, c\u00edm: <a href=\"https:\/\/www.google.hu\/maps\/place\/J%C3%A1nosh%C3%A1za,+Bajcsy-Zsilinszky+u.+2,+9545\/@47.1211552,17.1621669,17z\/data=!3m1!4b1!4m5!3m4!1s0x476940c8755de60b:0xd07f1eabdb30586d!8m2!3d47.1211552!4d17.1643556?hl=hu\">9545 J\u00e1nosh\u00e1za, Bajcsy-Zsilinszky u. 2.<\/a><\/p>\n<\/li>\n<li>2019. j\u00falius 18.: B\u00e9k\u00e9s &#8211; Helysz\u00ednv\u00e1ltoz\u00e1s!\n<p>B\u00e9k\u00e9s 10:00 \u2013 12:00 \u2013\u00a0B\u00e9k\u00e9si Ipartest\u00fclet, c\u00edm: <a href=\"https:\/\/www.google.hu\/maps\/place\/B%C3%A9k%C3%A9s,+Kossuth+Lajos+u.+17,+5630\/@46.772567,21.1260414,17z\/data=!3m1!4b1!4m5!3m4!1s0x4746818174810673:0x4d1fab960e941173!8m2!3d46.772567!4d21.1282301?hl=hu\">5630 B\u00e9k\u00e9s, Kossuth L. u. 17.<\/a><\/p>\n<\/li>\n<li>2019. j\u00falius 22.\n<p>Kom\u00e1rom 10:00 \u2013 12:00 \u2013 Arany17 Rendezv\u00e9nyk\u00f6zpont, c\u00edm: <a href=\"https:\/\/www.google.hu\/maps\/place\/Kom%C3%A1rom,+Arany+J%C3%A1nos+u.+17,+2900\/@47.7399936,18.1217257,17z\/data=!3m1!4b1!4m5!3m4!1s0x476a4d4b45bf10df:0xe75d808f2731b33!8m2!3d47.7399936!4d18.1239144?hl=hu\">2900 Kom\u00e1rom, Arany J\u00e1nos u. 17.<\/a><\/p>\n<\/li>\n<li>2019. j\u00falius 24.\n<p>Szolnok 10:00 \u2013 12:00 \u2013 VOKE Csom\u00f3ponti M\u0171vel\u0151d\u00e9si K\u00f6zpont, c\u00edm: <a href=\"https:\/\/www.google.hu\/maps\/place\/Szolnok,+Jubileum+t%C3%A9r,+5000\/@47.1791905,20.1759007,17z\/data=!3m1!4b1!4m5!3m4!1s0x4741410d0a7893fd:0xc1ed36d30f47f3f0!8m2!3d47.1791905!4d20.1780894?hl=hu\">5000 Szolnok, Jubileum t\u00e9r 1\/a.<\/a><\/p>\n<\/li>\n<li>2019. j\u00falius 26.\n<p>V\u00e1rpalota 10:00 \u2013 12:00 \u2013 Thury-v\u00e1r Rendezv\u00e9nyk\u00f6zpont, J\u00f3 Szerencs\u00e9t M\u0171vel\u0151d\u00e9si K\u00f6zpont, c\u00edm: <a href=\"https:\/\/www.google.hu\/maps\/place\/J%C3%B3+Szerencs%C3%A9t+M%C5%B1vel%C5%91d%C3%A9si+K%C3%B6zpont\/@47.2018342,18.140532,17z\/data=!3m1!4b1!4m5!3m4!1s0x47698bebbeafee4d:0x963002b3cc65f7f4!8m2!3d47.2018342!4d18.1427207?hl=hu\">8100 V\u00e1rpalota, Szent Istv\u00e1n u. 14.<\/a><\/p>\n<\/li>\n<li>2019. j\u00falius 30.\n<p>H\u00f3dmez\u0151v\u00e1s\u00e1rhely 10:00 &#8211; 12:00 &#8211; Gingko Hotel, c\u00edm: <a href=\"https:\/\/www.google.hu\/maps\/place\/Ginkgo+Hotel\/@46.4146353,20.3135185,17z\/data=!3m1!4b1!4m8!3m7!1s0x47446f78385f695b:0x5f6960288717803b!5m2!4m1!1i2!8m2!3d46.4146316!4d20.3157072\">6800 H\u00f3dmez\u0151v\u00e1s\u00e1rhely, Zr\u00ednyi utca 2.<\/a><\/p>\n<\/li>\n<li>2019. augusztus 1.\n<p>M\u00e1t\u00e9szalka 10:00 -12:00 &#8211; Szentp\u00e9tery Zsigmond Kultur\u00e1lis K\u00f6zpont \u00e9s Sz\u00ednh\u00e1z, c\u00edm: <a href=\"https:\/\/www.google.hu\/maps\/place\/Szentp%C3%A9tery+Zsigmond+Kultur%C3%A1lis+K%C3%B6zpont+%C3%A9s+Sz%C3%ADnh%C3%A1z\/@47.9541653,22.3171712,17z\/data=!3m1!4b1!4m5!3m4!1s0x47387b608c1c1e41:0x13f16e8d778eeff4!8m2!3d47.9541617!4d22.3193599\">4700 M\u00e1t\u00e9szalka, K\u00f6lcsey utca 2.<\/a><\/p>\n<\/li>\n<li>2019. augusztus 5.\n<p>Iv\u00e1ncsa 10:00-12:00 &#8211; Iv\u00e1ncsai K\u00f6nyvt\u00e1r \u00e9s M\u0171vel\u0151d\u00e9si K\u00f6zpont, c\u00edm: <a href=\"https:\/\/www.google.hu\/maps\/place\/Iv%C3%A1ncsa+Tanuszoda\/@47.1498352,18.8243091,17z\/data=!4m5!3m4!1s0x47420279d2bdca97:0xc61456c534073556!8m2!3d47.1498316!4d18.8264978\">2454 Iv\u00e1ncsa, Arany J\u00e1nos utca 1.<\/a><\/p>\n<\/li>\n<li>2019. augusztus 8.\n<p>Abas\u00e1r 10:00-12:00 &#8211; Integr\u00e1lt Szoci\u00e1lis Int\u00e9zm\u00e9ny \u2013 Id\u0151sek Otthona, c\u00edm: <a href=\"https:\/\/www.google.hu\/maps\/place\/Integr%C3%A1lt+Szoci%C3%A1lis+Int%C3%A9zm%C3%A9ny\/@47.7959735,20.0005794,17z\/data=!3m1!4b1!4m5!3m4!1s0x474059af2ee8bd0d:0xfb625c0a19b3f2d0!8m2!3d47.7959699!4d20.0027681\">3261 Abas\u00e1r, M\u00fazeum \u00fat 15\/a<\/a><\/p>\n<\/li>\n<li>2019. augusztus 9.\n<p>Miskolc 10:00-12:00 &#8211; Aranykor Id\u0151sek Otthona, c\u00edm: <a href=\"https:\/\/www.google.hu\/maps\/place\/Aranykor+Id%C5%91sek+Otthona\/@48.1006822,20.7068682,17z\/data=!3m1!4b1!4m5!3m4!1s0x47409e4130da7a61:0xf5d840fc65ac6ad0!8m2!3d48.1006786!4d20.7090569\">3534 Miskolc, Kiss t\u00e1bornok \u00fat 32.<\/a><\/p>\n<\/li>\n<li>2019. augusztus 13.\n<p>P\u00e9cs 10:00-12:00 &#8211; P\u00e9csi Kultur\u00e1lis K\u00f6zpont, c\u00edm: <a href=\"https:\/\/www.google.com\/maps\/place\/P%C3%A9csi+Kultur%C3%A1lis+K%C3%B6zpont\/@46.0653009,18.2032231,17z\/data=!3m1!4b1!4m5!3m4!1s0x4742b18c1e90b3b9:0xa09c3a766f20cc8a!8m2!3d46.0652972!4d18.2054118\">7633 P\u00e9cs, dr. Veress Endre u. 6.<\/a><\/p>\n<\/li>\n<li>2019. augusztus 15.\n<p>Zalaegerszeg 10:00-12:00 &#8211; Keresztury Dezs\u0151 V\u00e1rosi M\u0171vel\u0151d\u00e9si K\u00f6zpont, c\u00edm: <a href=\"https:\/\/www.google.com\/maps\/place\/Keresztury+Dezs%C5%91+V%C3%A1rosi+M%C5%B1vel%C5%91d%C3%A9si+K%C3%B6zpont+Zalaegerszeg\/@46.8379171,16.8266573,17z\/data=!3m1!4b1!4m5!3m4!1s0x4769282388271ec9:0xfff57f1ef156df38!8m2!3d46.8379135!4d16.828846\">8900 Zalaegerszeg, Landorhegyi \u00fat 21.<\/a><\/p>\n<\/li>\n<li>2019. augusztus 27.\n<p>K\u0151k\u00fat 10:00-12:00 &#8211; \u00c1ltal\u00e1nos Iskola, c\u00edm: <a href=\"https:\/\/www.google.com\/maps\/place\/K\u0151k\u00fat,+7530\/@46.179406,17.5362329,13z\/data=!3m1!4b1!4m5!3m4!1s0x4768734adc9fd0c5:0x400c4290c1e6f50!8m2!3d46.1911142!4d17.5758825\">7530 K\u0151k\u00fat, H\u0151s\u00f6k tere 1.<\/a><\/p>\n<\/li>\n<li>2019. augusztus 29.\n<p>Sopron 10:00-12:00 &#8211; Rehabilit\u00e1ci\u00f3s Int\u00e9zet, c\u00edm: <a href=\"https:\/\/www.google.com\/maps\/place\/Soproni+Rehabilit\u00e1ci\u00f3s+Gy\u00f3gyint\u00e9zet\/@47.6683513,16.5764796,17z\/data=!4m12!1m6!3m5!1s0x476c235481155181:0x67dcb22c25ebc87d!2zU29wcm9uaSBSZWhhYmlsaXTDoWNpw7NzIEd5w7NneWludMOpemV0!8m2!3d47.6683513!4d16.5786736!3m4!1s0x476c235481155181:0x67dcb22c25ebc87d!8m2!3d47.6683513!4d16.5786736\">9400 Sopron, V\u00e1risi \u00fat 2.<\/a><\/p>\n<\/li>\n<li>2019. szeptember 3.\n<p>Budapest 10:00-12:00 &#8211; Semmelweis Egyetem\u00a0Elm\u00e9leti Orvostudom\u00e1nyi K\u00f6zpont, c\u00edm: <a href=\"https:\/\/www.google.com\/maps\/place\/Semmelweis+Egyetem+-+Elm\u00e9leti+Orvostudom\u00e1nyi+K\u00f6zpont\/@47.480712,19.075865,17z\/data=!3m1!4b1!4m5!3m4!1s0x4741dc57e9ebfda9:0xa7ceb3b2a25d561f!8m2!3d47.480712!4d19.078059\">1094 Budapest, T\u0171zolt\u00f3 utca 37-47.<\/a><\/p>\n<\/li>\n<li>2019. szeptember 5.\n<p>Bonyh\u00e1d 10:00-12:00 &#8211; M\u0171vel\u0151d\u00e9si K\u00f6zpont, c\u00edm: <a href=\"https:\/\/www.google.com\/maps\/place\/M\u0171vel\u0151d\u00e9si+K\u00f6zpont\/@46.2977096,18.5295419,17z\/data=!3m1!4b1!4m5!3m4!1s0x474294c6ebf925a3:0xb1032be75bdc52df!8m2!3d46.2977096!4d18.5317359\">7150 Bonyh\u00e1d, Sz\u00e9chenyi t\u00e9r 2.<\/a><\/p>\n<\/li>\n<li>2019. szeptember 21.\n<p>Debrecen 10:00-12:00 &#8211; Debrecen F\u00f3rum Bev\u00e1s\u00e1rl\u00f3k\u00f6zpont, c\u00edm: <a href=\"https:\/\/www.google.com\/maps\/place\/Debrecen+F\u00f3rum\/@47.5325071,21.6271897,17z\/data=!3m1!4b1!4m5!3m4!1s0x47470e7539aaaaab:0xe23d5a4d94072242!8m2!3d47.5325035!4d21.6293837\">4024 Debrecen, Csap\u00f3 utca 30<\/a>.<\/p>\n<\/li>\n<\/ol>\n<\/li>\n<\/ol>\n<p>&nbsp;<\/p>\n<p>&nbsp;<\/p>\n<p>&nbsp;<\/p>\n","protected":false},"excerpt":{"rendered":"<p><a href=\"https:\/\/semmelweis.hu\/emk\/files\/2019\/07\/lakoss\u00e1gi-forum-molino.jpg\"><\/a> <a href=\"https:\/\/semmelweis.hu\/emk\/files\/2019\/07\/lakoss\u00e1gi-forum.m\u00f3d.jpg\"><\/a> A k\u00f3rh\u00e1zakban \u00e9s a j\u00e1r\u00f3beteg-szakrendel\u0151kben sz\u00e1mos kock\u00e1zat \u00e9s vesz\u00e9ly rejlik a gy\u00f3gy\u00edt\u00f3 folyamatokban mind a betegek, mind az ell\u00e1t\u00f3k sz\u00e1m\u00e1ra. A Semmelweis Egyetem Eg\u00e9szs\u00e9g\u00fcgyi Menedzserk\u00e9pz\u0151 K\u00f6zpontja is akt\u00edvan r\u00e9szt vesz abban az orsz\u00e1gos kamp\u00e1nyban, amelyben 20 telep\u00fcl\u00e9sen, oktat\u00f3 filmek seg\u00edts\u00e9g\u00e9vel szak\u00e9rt\u0151k h\u00edvj\u00e1k fel a figyelmet arra, mit tudnak tenni maguk a betegek \u00e9s hozz\u00e1tartoz\u00f3ik a &hellip;<\/p>\n","protected":false},"author":101539,"featured_media":0,"parent":13824,"menu_order":4,"comment_status":"closed","ping_status":"closed","template":"","meta":{"_acf_changed":false,"footnotes":""},"categories":[],"tags":[],"class_list":["post-15135","page","type-page","status-publish","hentry"],"acf":[],"_links":{"self":[{"href":"https:\/\/semmelweis.hu\/emk\/wp-json\/wp\/v2\/pages\/15135","targetHints":{"allow":["GET"]}}],"collection":[{"href":"https:\/\/semmelweis.hu\/emk\/wp-json\/wp\/v2\/pages"}],"about":[{"href":"https:\/\/semmelweis.hu\/emk\/wp-json\/wp\/v2\/types\/page"}],"author":[{"embeddable":true,"href":"https:\/\/semmelweis.hu\/emk\/wp-json\/wp\/v2\/users\/101539"}],"replies":[{"embeddable":true,"href":"https:\/\/semmelweis.hu\/emk\/wp-json\/wp\/v2\/comments?post=15135"}],"version-history":[{"count":11,"href":"https:\/\/semmelweis.hu\/emk\/wp-json\/wp\/v2\/pages\/15135\/revisions"}],"predecessor-version":[{"id":23911,"href":"https:\/\/semmelweis.hu\/emk\/wp-json\/wp\/v2\/pages\/15135\/revisions\/23911"}],"up":[{"embeddable":true,"href":"https:\/\/semmelweis.hu\/emk\/wp-json\/wp\/v2\/pages\/13824"}],"wp:attachment":[{"href":"https:\/\/semmelweis.hu\/emk\/wp-json\/wp\/v2\/media?parent=15135"}],"wp:term":[{"taxonomy":"category","embeddable":true,"href":"https:\/\/semmelweis.hu\/emk\/wp-json\/wp\/v2\/categories?post=15135"},{"taxonomy":"post_tag","embeddable":true,"href":"https:\/\/semmelweis.hu\/emk\/wp-json\/wp\/v2\/tags?post=15135"}],"curies":[{"name":"wp","href":"https:\/\/api.w.org\/{rel}","templated":true}]}}