{"id":14925,"date":"2019-05-09T15:23:13","date_gmt":"2019-05-09T13:23:13","guid":{"rendered":"http:\/\/semmelweis.hu\/emk\/?page_id=14925"},"modified":"2024-10-10T11:26:38","modified_gmt":"2024-10-10T09:26:38","slug":"idegen-nyelvu-oktatas-kurzusaink","status":"publish","type":"page","link":"https:\/\/semmelweis.hu\/emk\/oktatas\/idegen-nyelvu-oktatas-kurzusaink\/","title":{"rendered":"Nemzetk\u00f6zi kihelyezett k\u00e9pz\u00e9sek"},"content":{"rendered":"<div class=\"keretes w-100\">\n<p><strong>Tartalomjegyz\u00e9k<\/strong><\/p>\n<ul style=\"list-style-type: square\">\n<li style=\"text-align: justify\"><a href=\"#pozsony\">Eg\u00e9szs\u00e9g\u00fcgyi Menedzser Mesterk\u00e9pz\u00e9s \u2013 Pozsony \/ Health Management Academy \u2013 Bratislava (angol nyelven)<\/a><\/li>\n<li style=\"text-align: justify\"><a href=\"#kozgazdasagtan\">K\u00f6zgazdas\u00e1gtani alapismeretek \u2013 k\u00f6telez\u0151en v\u00e1laszthat\u00f3 t\u00e1rgy (angol nyelven)<\/a><\/li>\n<li style=\"text-align: justify\"><a href=\"#eumenedzsment\">Eg\u00e9szs\u00e9g\u00fcgyi menedzsment \u2013 k\u00f6telez\u0151en v\u00e1laszthat\u00f3 t\u00e1rgy (angol nyelven)<\/a><\/li>\n<li><a href=\"#fenntarthatosag\">Fenntarthat\u00f3s\u00e1g az eg\u00e9szs\u00e9g\u00fcgyben \u2013 szabadon v\u00e1laszthat\u00f3 t\u00e1rgy (angol nyelven)<\/a><\/li>\n<\/ul>\n<\/div>\n<h2 style=\"text-align: justify\"><a id=\"pozsony\"><\/a>Eg\u00e9szs\u00e9g\u00fcgyi Menedzser Mesterk\u00e9pz\u00e9s \u2013 Pozsony \/ Health Management Academy \u2013 Bratislava (angol nyelven)<\/h2>\n<p style=\"text-align: justify\"><span style=\"font-weight: 400\">Az Eg\u00e9szs\u00e9g\u00fcgyi K\u00f6zszolg\u00e1lati Kar Eg\u00e9szs\u00e9g\u00fcgyi Menedzserk\u00e9pz\u0151 K\u00f6zpont (EKK EMK) szlov\u00e1k nyelv\u0171 sz\u00e9khelyen k\u00edv\u00fcli k\u00e9pz\u00e9s\u00e9nek elind\u00edt\u00e1sa nem el\u0151zm\u00e9ny n\u00e9lk\u00fcli. <\/span><\/p>\n<p style=\"text-align: justify\"><span style=\"font-weight: 400\">A mesterk\u00e9pz\u00e9si szak eredeti tananyag\u00e1t a szlov\u00e1k szak\u00e9rt\u0151kkel egy\u00fctt 2004 \u00e9s 2006 k\u00f6z\u00f6tt dolgozt\u00e1k ki, egy vil\u00e1gbanki projekt keret\u00e9ben, \u00edgy a tantervek, tananyagok, oktat\u00e1si seg\u00e9danyagok, illetve jegyzetek angol \u00e9s szlov\u00e1k nyelven egyar\u00e1nt rendelkez\u00e9sre \u00e1lltak. Ezekre a fejleszt\u00e9sekre \u00e9p\u00edtve, az id\u0151k\u00f6zben megalap\u00edtott szlov\u00e1k Health Management Academy-val egy\u00fcttm\u0171k\u00f6d\u00e9sben 2010-ben indult az els\u0151 szlov\u00e1k nyelv\u0171 \u00e9vfolyam, akkor m\u00e9g szakir\u00e1ny\u00fa tov\u00e1bbk\u00e9pz\u00e9sk\u00e9nt, majd k\u00e9s\u0151bb mesterk\u00e9pz\u00e9sk\u00e9nt, budapesti sz\u00e9khellyel.<\/span><\/p>\n<p style=\"text-align: justify\"><span style=\"font-weight: 400\">Az els\u0151 \u00e9vfolyamok tapasztalatainak feldolgoz\u00e1sa alapj\u00e1n 2017 \u0151sz\u00e9re jutott a k\u00e9pz\u00e9sfejleszt\u00e9s olyan szakaszba, hogy rendelkez\u00e9sre \u00e1lltak a felt\u00e9telek a mesterszak kihelyezett k\u00e9pz\u00e9sk\u00e9nt t\u00f6rt\u00e9n\u0151 ind\u00edt\u00e1s\u00e1ra. Majd az akkredit\u00e1ci\u00f3s folyamat lez\u00e1rul\u00e1s\u00e1t k\u00f6vet\u0151en a 2020\/2021-es tan\u00e9vt\u0151l indulhatott el a k\u00e9pz\u00e9s Pozsonyban.<\/span><\/p>\n<div class=\"fontos_div\">\n<p style=\"text-align: justify\"><span style=\"font-weight: 400\">A k\u00e9pz\u00e9s indul\u00e1s\u00e1r\u00f3l \u00e9s jelentkez\u00e9s felt\u00e9teleir\u0151l a hallgat\u00f3k a <\/span><strong><a href=\"https:\/\/www.hma.sk\/\" target=\"_blank\" rel=\"noopener\">Health Management Academy<\/a><\/strong><span style=\"font-weight: 400\"> honlapj\u00e1n tudnak t\u00e1j\u00e9koz\u00f3dni.<\/span><\/p>\n<\/div>\n<hr \/>\n<h2 style=\"text-align: justify\"><a id=\"kozgazdasagtan\"><\/a>K\u00f6zgazdas\u00e1gtani alapismeretek \u2013 k\u00f6telez\u0151en v\u00e1laszthat\u00f3 t\u00e1rgy (angol nyelven)<\/h2>\n<p style=\"text-align: justify\"><span style=\"font-weight: 400\">A k\u00f6zgazdas\u00e1gtan a k\u00f6zv\u00e9leked\u00e9ssel ellent\u00e9tben els\u0151sorban nem a p\u00e9nzr\u0151l sz\u00f3l, \u00e9s legf\u0151bb c\u00e9lkit\u0171z\u00e9se, hogy seg\u00edtse az emberek d\u00f6nt\u00e9seit a c\u00e9lkit\u0171z\u00e9seik megval\u00f3s\u00edt\u00e1sban. A kurzus sor\u00e1n szeml\u00e9ltet\u00e9sre ker\u00fcl, hogy a k\u00f6zgazdas\u00e1gi gondolkod\u00e1s egy \u00e1ltal\u00e1nos eszk\u00f6z az eredm\u00e9nyesebb munkav\u00e9gz\u00e9shez, a vezet\u00e9shez, illetve a vil\u00e1g m\u0171k\u00f6d\u00e9s\u00e9nek jobb megismer\u00e9s\u00e9ben, amire a v\u00e9gzett gy\u00f3gyszer\u00e9szeknek is nagy sz\u00fcks\u00e9g\u00fck lesz. <\/span><\/p>\n<p style=\"text-align: justify\"><span style=\"font-weight: 400\">Emellett a tant\u00e1rgy v\u00e9gigvezeti a hallgat\u00f3kat a k\u00f6zgazdas\u00e1gtan fogalmainak haszn\u00e1lat\u00e1n \u00e9s hasznos\u00edthat\u00f3s\u00e1g\u00e1n a v\u00e1lasztott szakm\u00e1juk ter\u00fclet\u00e9n, \u00e9s ezt gyakorlati p\u00e9ld\u00e1k, d\u00f6nt\u00e9si helyzetek bemutat\u00e1s\u00e1val is szeml\u00e9lteti.<\/span><\/p>\n<p style=\"text-align: justify\"><span style=\"font-weight: 400\">A t\u00e1rgy f\u0151 c\u00e9lja az \u00e9let minden ter\u00fclet\u00e9t \u00e1tsz\u00f6v\u0151 k\u00f6zgazdas\u00e1gi t\u00f6rv\u00e9nyszer\u0171s\u00e9gek megismertet\u00e9se a hallgat\u00f3kkal, \u00e9s ennek alapj\u00e1n a j\u00f3 d\u00f6nt\u00e9sek meghozatal\u00e1nak, a feladatell\u00e1t\u00e1s hat\u00e9konys\u00e1g\u00e1nak magalapoz\u00e1sa \u00e9s el\u0151seg\u00edt\u00e9se.<\/span><\/p>\n<p style=\"text-align: justify\"><span style=\"font-weight: 400\"><strong>A tant\u00e1rgy oktat\u00e1s\u00e1\u00e9rt felel\u0151s szervezeti egys\u00e9g:<\/strong> a GYTK Egyetemi Gy\u00f3gyszert\u00e1r Gy\u00f3gyszer\u00fcgyi Szervez\u00e9si Int\u00e9zet.<\/span><\/p>\n<div class=\"w-100 fontos_div\" style=\"text-align: justify\"><span style=\"font-weight: 400\">A kurzus indul\u00e1s\u00e1r\u00f3l a hallgat\u00f3k a <a href=\"https:\/\/semmelweis.hu\/neptun\/hu\/neptun-inditasa\/\" target=\"_blank\" rel=\"noopener\">Neptunon<\/a> t\u00e1j\u00e9koz\u00f3dhatnak.<\/span><\/div>\n<hr \/>\n<h2><a id=\"eumenedzsment\"><\/a>Eg\u00e9szs\u00e9g\u00fcgyi menedzsment \u2013 k\u00f6telez\u0151en v\u00e1laszthat\u00f3 t\u00e1rgy (angol nyelven)<\/h2>\n<p style=\"text-align: justify\"><span style=\"font-weight: 400\">Az eg\u00e9szs\u00e9g\u00fcgyi szakemberek h\u00e9tk\u00f6znapjait a gy\u00f3gy\u00edt\u00e1s sor\u00e1n financi\u00e1lis, szervezetfejleszt\u00e9si, min\u0151s\u00e9gmenedzsment \u00e9s eg\u00e9szs\u00e9gpolitikai k\u00e9rd\u00e9sek is er\u0151sen meghat\u00e1rozz\u00e1k. <\/span><\/p>\n<p style=\"text-align: justify\"><span style=\"font-weight: 400\">Az eg\u00e9szs\u00e9g\u00fcgyi menedzsment tant\u00e1rgy c\u00e9lja \u00e9ppen ez\u00e9rt az, hogy m\u00e9lyebben megismertesse az eg\u00e9szs\u00e9g\u00fcgy menedzsmenttel kapcsolatos alapfogalmakat a Semmelweis Egyetem hallgat\u00f3ival. Emellett pedig olyan alapvet\u0151 szervez\u00e9si \u00e9s vezet\u00e9si ismeretek adjon \u00e1t, amelyek hat\u00e9konyabb\u00e1, eredm\u00e9nyesebb\u00e9, biztons\u00e1gosabb\u00e1 azaz v\u00e9gs\u0151 soron jobb\u00e1 teszik az ell\u00e1t\u00e1st.<\/span><\/p>\n<p style=\"text-align: justify\"><span style=\"font-weight: 400\">A t\u00e1rgyat jelenleg k\u00f6telez\u0151en v\u00e1laszthat\u00f3 form\u00e1ban orvos, fogorvos \u00e9s gy\u00f3gyszer\u00e9sz hallgat\u00f3knak hirdetj\u00fck meg az \u0151szi \u00e9s a tavaszi szemeszterben is.<\/span><\/p>\n<div class=\"fontos_div\">\n<p style=\"text-align: justify\"><span style=\"font-weight: 400\">A kurzus indul\u00e1s\u00e1r\u00f3l a hallgat\u00f3k a <a href=\"https:\/\/semmelweis.hu\/neptun\/hu\/neptun-inditasa\/\" target=\"_blank\" rel=\"noopener\">Neptunon<\/a> t\u00e1j\u00e9koz\u00f3dhatnak.<\/span><\/p>\n<\/div>\n<hr \/>\n<h2 style=\"text-align: justify\"><a id=\"fenntarthatosag\"><\/a>Fenntarthat\u00f3s\u00e1g az eg\u00e9szs\u00e9g\u00fcgyben \u2013 szabadon v\u00e1laszthat\u00f3 t\u00e1rgy (angol nyelven)<\/h2>\n<p style=\"text-align: justify\"><span style=\"font-weight: 400\">A 21. sz\u00e1zad egyik legnagyobb eg\u00e9szs\u00e9g\u00fcgyi kih\u00edv\u00e1sa az \u00f6kol\u00f3giai v\u00e1ls\u00e1g, amely ebben az id\u0151szakban (antropoc\u00e9n korszak) eszkal\u00e1l\u00f3dott. A fenntarthat\u00f3s\u00e1g alapja a jelen (eg\u00e9szs\u00e9g\u00fcgyi) kih\u00edv\u00e1sainak olyan m\u00f3don t\u00f6rt\u00e9n\u0151 kezel\u00e9se, amely nem korl\u00e1tozza a j\u00f6v\u0151 gener\u00e1ci\u00f3kat saj\u00e1t sz\u00fcks\u00e9gleteik kiel\u00e9g\u00edt\u00e9s\u00e9ben. <\/span><\/p>\n<p style=\"text-align: justify\"><span style=\"font-weight: 400\">A k\u00e9pz\u00e9s felk\u00e9sz\u00edti a j\u00f6v\u0151 eg\u00e9szs\u00e9g\u00fcgyi szakembereit arra, hogy a fenntarthat\u00f3 eg\u00e9szs\u00e9g\u00fcgyi ell\u00e1t\u00e1s csak a t\u00e1rsadalmi, gazdas\u00e1gi \u00e9s k\u00f6rnyezeti rendszerek harmonikus egy\u00fcttm\u0171k\u00f6d\u00e9s\u00e9n alapul\u00f3 ir\u00e1ny\u00edt\u00e1s\u00e1val \u00e9rhet\u0151 el, valamennyi ter\u00fclet k\u00f6lcs\u00f6n\u00f6s el\u0151ny\u00e9re. <\/span><\/p>\n<p style=\"text-align: justify\"><span style=\"font-weight: 400\">A kurzus c\u00e9lja nem csup\u00e1n az elm\u00e9leti h\u00e1tt\u00e9r bemutat\u00e1sa, hanem a vonatkoz\u00f3, megl\u00e9v\u0151 \u00e9s sz\u00e1mos \u00faj \u2013 technol\u00f3giai \u00e9s t\u00e1rsadalmi \u2013 j\u00f3gyakorlat ismertet\u00e9se \u00e9s hazai k\u00f6rnyezethez val\u00f3 adapt\u00e1l\u00e1sa.<\/span><\/p>\n<div class=\"fontos_div\">\n<p style=\"text-align: justify\"><span style=\"font-weight: 400\">A kurzus indul\u00e1s\u00e1r\u00f3l a hallgat\u00f3k a <a href=\"https:\/\/semmelweis.hu\/neptun\/hu\/neptun-inditasa\/\" target=\"_blank\" rel=\"noopener\">Neptunon<\/a> t\u00e1j\u00e9koz\u00f3dhatnak.<\/span><\/p>\n<\/div>\n","protected":false},"excerpt":{"rendered":"<p>Tartalomjegyz\u00e9k <a href=\"#pozsony\">Eg\u00e9szs\u00e9g\u00fcgyi Menedzser Mesterk\u00e9pz\u00e9s \u2013 Pozsony \/ Health Management Academy \u2013 Bratislava (angol nyelven)<\/a> <a href=\"#kozgazdasagtan\">K\u00f6zgazdas\u00e1gtani alapismeretek \u2013 k\u00f6telez\u0151en v\u00e1laszthat\u00f3 t\u00e1rgy (angol nyelven)<\/a> <a href=\"#eumenedzsment\">Eg\u00e9szs\u00e9g\u00fcgyi menedzsment \u2013 k\u00f6telez\u0151en v\u00e1laszthat\u00f3 t\u00e1rgy (angol nyelven)<\/a> <a href=\"#fenntarthatosag\">Fenntarthat\u00f3s\u00e1g az eg\u00e9szs\u00e9g\u00fcgyben \u2013 szabadon v\u00e1laszthat\u00f3 t\u00e1rgy (angol nyelven)<\/a> <a id=\"pozsony\"><\/a> Eg\u00e9szs\u00e9g\u00fcgyi Menedzser Mesterk\u00e9pz\u00e9s \u2013 Pozsony \/ Health Management Academy \u2013 Bratislava (angol nyelven) Az Eg\u00e9szs\u00e9g\u00fcgyi K\u00f6zszolg\u00e1lati Kar Eg\u00e9szs\u00e9g\u00fcgyi Menedzserk\u00e9pz\u0151 K\u00f6zpont (EKK EMK) szlov\u00e1k nyelv\u0171 sz\u00e9khelyen k\u00edv\u00fcli k\u00e9pz\u00e9s\u00e9nek elind\u00edt\u00e1sa nem el\u0151zm\u00e9ny n\u00e9lk\u00fcli. A mesterk\u00e9pz\u00e9si szak eredeti tananyag\u00e1t a szlov\u00e1k szak\u00e9rt\u0151kkel egy\u00fctt 2004 \u00e9s 2006 k\u00f6z\u00f6tt dolgozt\u00e1k ki, egy vil\u00e1gbanki projekt keret\u00e9ben, \u00edgy a tantervek, tananyagok, &hellip;<\/p>\n","protected":false},"author":101539,"featured_media":0,"parent":14559,"menu_order":7,"comment_status":"closed","ping_status":"closed","template":"","meta":{"_acf_changed":false,"footnotes":""},"categories":[],"tags":[],"class_list":["post-14925","page","type-page","status-publish","hentry"],"acf":[],"_links":{"self":[{"href":"https:\/\/semmelweis.hu\/emk\/wp-json\/wp\/v2\/pages\/14925","targetHints":{"allow":["GET"]}}],"collection":[{"href":"https:\/\/semmelweis.hu\/emk\/wp-json\/wp\/v2\/pages"}],"about":[{"href":"https:\/\/semmelweis.hu\/emk\/wp-json\/wp\/v2\/types\/page"}],"author":[{"embeddable":true,"href":"https:\/\/semmelweis.hu\/emk\/wp-json\/wp\/v2\/users\/101539"}],"replies":[{"embeddable":true,"href":"https:\/\/semmelweis.hu\/emk\/wp-json\/wp\/v2\/comments?post=14925"}],"version-history":[{"count":11,"href":"https:\/\/semmelweis.hu\/emk\/wp-json\/wp\/v2\/pages\/14925\/revisions"}],"predecessor-version":[{"id":22095,"href":"https:\/\/semmelweis.hu\/emk\/wp-json\/wp\/v2\/pages\/14925\/revisions\/22095"}],"up":[{"embeddable":true,"href":"https:\/\/semmelweis.hu\/emk\/wp-json\/wp\/v2\/pages\/14559"}],"wp:attachment":[{"href":"https:\/\/semmelweis.hu\/emk\/wp-json\/wp\/v2\/media?parent=14925"}],"wp:term":[{"taxonomy":"category","embeddable":true,"href":"https:\/\/semmelweis.hu\/emk\/wp-json\/wp\/v2\/categories?post=14925"},{"taxonomy":"post_tag","embeddable":true,"href":"https:\/\/semmelweis.hu\/emk\/wp-json\/wp\/v2\/tags?post=14925"}],"curies":[{"name":"wp","href":"https:\/\/api.w.org\/{rel}","templated":true}]}}