{"id":14559,"date":"2019-04-03T10:29:09","date_gmt":"2019-04-03T08:29:09","guid":{"rendered":"http:\/\/semmelweis.hu\/emk\/?page_id=14559"},"modified":"2026-02-06T12:17:56","modified_gmt":"2026-02-06T11:17:56","slug":"oktatas","status":"publish","type":"page","link":"https:\/\/semmelweis.hu\/emk\/oktatas\/","title":{"rendered":"Oktat\u00e1s"},"content":{"rendered":"<h2 style=\"text-align: justify\">K\u00fcldet\u00e9s\u00fcnk<\/h2>\n<div class=\"keretes w-100\" style=\"text-align: justify\">\n<p style=\"text-align: justify\">A <strong>Semmelweis Egyetem Eg\u00e9szs\u00e9g\u00fcgyi Menedzsment K\u00f6zpontja (EMK)<\/strong> egyed\u00fcl\u00e1ll\u00f3 \u00e9s v\u00e1ltozatos k\u00e9pz\u00e9si lehet\u0151s\u00e9geket k\u00edn\u00e1l a jelen \u00e9s a j\u00f6v\u0151 eg\u00e9szs\u00e9g\u00fcgyi \u00e9s szoci\u00e1lis szakemberei sz\u00e1m\u00e1ra. B\u00fcszk\u00e9k vagyunk arra, hogy oktat\u00f3i k\u00f6z\u00f6ss\u00e9g\u00fcnk sz\u00e9lesk\u00f6r\u0171 tud\u00e1ssal \u00e9s tapasztalattal rendelkezik, amit sz\u00e1mos egyetemi kurzuson \u00e9s k\u00e9pz\u00e9si form\u00e1ban osztunk meg hallgat\u00f3inkkal.<\/p>\n<p style=\"text-align: justify\">Programjainkon vezet\u0151ket, adattud\u00f3sokat, min\u0151s\u00e9g\u00fcgyi \u00e9s betegbiztons\u00e1gi szakembereket k\u00e9pz\u00fcnk, ezzel is hozz\u00e1j\u00e1rulva haz\u00e1nk eg\u00e9szs\u00e9g\u00fcgyi \u00e9s szoci\u00e1lis \u00e1gazatainak folyamatos fejl\u0151d\u00e9s\u00e9hez.<\/p>\n<p style=\"text-align: justify\">Az EMK oktat\u00e1si filoz\u00f3fi\u00e1ja \u00e9s \u00e9rt\u00e9krendje minden egyes k\u00e9pz\u00e9s\u00fcnk alapk\u00f6v\u00e9t k\u00e9pezi. Ez nem csup\u00e1n a tananyagainkban, hanem oktat\u00e1si m\u00f3dszereinkben \u00e9s az int\u00e9zm\u00e9nyi kult\u00far\u00e1nkban is t\u00fckr\u00f6z\u0151dik. Minden kurzusunkat \u00e9s programunkat \u00fagy alak\u00edtottuk ki, hogy a r\u00e9sztvev\u0151k a legkorszer\u0171bb tud\u00e1st \u00e9s gyakorlati k\u00e9szs\u00e9geket szerezhess\u00e9k meg, amelyek felv\u00e9rtezik \u0151ket a j\u00f6v\u0151 kih\u00edv\u00e1saira \u00e9s lehet\u0151s\u00e9geire.<\/p>\n<p style=\"text-align: justify\">Az EMK-ban a hallgat\u00f3k nem csak tanulnak, hanem r\u00e9szesei lesznek egy olyan k\u00f6z\u00f6ss\u00e9gnek, amely elk\u00f6telezett az eg\u00e9szs\u00e9g\u00fcgyi \u00e9s szoci\u00e1lis szektorok fejl\u0151d\u00e9se mellett.<\/p>\n<\/div>\n<h2 style=\"text-align: justify\">\u00c9rt\u00e9keink<\/h2>\n<h3 style=\"text-align: justify\">Nyitotts\u00e1g<\/h3>\n<ul>\n<li style=\"text-align: justify\">Tisztelj\u00fck m\u00e1sok n\u00e9zeteit \u00e9s v\u00e9lem\u00e9ny\u00e9t, hisz\u00fcnk az egy\u00fcttgondolkod\u00e1s erej\u00e9ben, ny\u00edltan kommunik\u00e1lunk.<\/li>\n<li style=\"text-align: justify\">\u00c9rt\u00e9knek tartjuk, ez\u00e9rt \u00e9p\u00edt\u00fcnk hallgat\u00f3ink v\u00e1ltozatos szakmai h\u00e1tter\u00e9re \u00e9s tapasztalat\u00e1ra.<\/li>\n<li style=\"text-align: justify\">Hisz\u00fcnk az egy\u00fcttm\u0171k\u00f6d\u00e9sen \u00e9s k\u00f6lcs\u00f6n\u00f6s bizalmon alapul\u00f3 szervezeti kult\u00fara erej\u00e9ben.<\/li>\n<\/ul>\n<h3 style=\"text-align: justify\">Partners\u00e9g<\/h3>\n<ul>\n<li style=\"text-align: justify\">Felel\u0151sek vagyunk a tud\u00e1smegoszt\u00e1st t\u00e1mogat\u00f3, az oktat\u00f3k \u00e9s hallgat\u00f3k partneri viszony\u00e1ra \u00e9p\u00fcl\u0151 l\u00e9gk\u00f6r megteremt\u00e9s\u00e9\u00e9rt, az oktat\u00e1st szolg\u00e1ltat\u00e1snak tekintj\u00fck.<\/li>\n<li style=\"text-align: justify\">Elv\u00e1rjuk a hallgat\u00f3k egym\u00e1s k\u00f6z\u00f6tti kapcsolat\u00e1ban a k\u00f6lcs\u00f6n\u00f6s tiszteleten alapul\u00f3 egy\u00fcttm\u0171k\u00f6d\u00e9st.<\/li>\n<li style=\"text-align: justify\">Er\u0151s\u00edtj\u00fck hallgat\u00f3inkban a szolg\u00e1ltat\u00f3i attit\u0171d, a csapatmunka, a szervezeteiken t\u00falmutat\u00f3 h\u00e1l\u00f3zati egy\u00fcttm\u0171k\u00f6d\u00e9sek ir\u00e1nti ig\u00e9nyt.<\/li>\n<\/ul>\n<h3 style=\"text-align: justify\">\u00c9rt\u00e9kteremt\u00e9s<\/h3>\n<ul>\n<li style=\"text-align: justify\">Az \u00e9rdekek k\u00e9pviselet\u00e9vel szemben a k\u00f6zszolg\u00e1lati \u00e9rt\u00e9kk\u00f6vet\u00e9st prefer\u00e1ljuk, tisztess\u00e9gesen cseleksz\u00fcnk.<\/li>\n<li style=\"text-align: justify\">Nagyra \u00e9rt\u00e9kelj\u00fck a becs\u00fcletes munk\u00e1val el\u00e9rt hallgat\u00f3i teljes\u00edtm\u00e9nyt.<\/li>\n<li style=\"text-align: justify\">K\u00f6vetend\u0151nek tartjuk a felel\u0151s, etikus, kooperat\u00edv, b\u00e1tor vezet\u0151i magatart\u00e1st.<\/li>\n<\/ul>\n<h3 style=\"text-align: justify\">Fejl\u0151d\u00e9s<\/h3>\n<ul>\n<li style=\"text-align: justify\"><span style=\"font-size: 1rem\">K\u00e9pz\u00e9s\u00fcnk szakmai tartalm\u00e1ban \u00e9s m\u00f3dszertan\u00e1ban a kiv\u00e1l\u00f3s\u00e1gra t\u00f6reksz\u00fcnk, ez\u00e9rt folyamatosan tanulunk \u00e9s fejleszt\u00fcnk.<\/span><\/li>\n<li style=\"text-align: justify\"><span style=\"font-size: 1rem\">Elismerj\u00fck az egy\u00e9ni k\u00e9pess\u00e9geket, de \u00e9rdemi, \u00f6nreflekt\u00edv er\u0151fesz\u00edt\u00e9seket is v\u00e1runk hallgat\u00f3inkt\u00f3l a k\u00e9pz\u00e9si c\u00e9lok el\u00e9r\u00e9se \u00e9rdek\u00e9ben.<\/span><\/li>\n<li style=\"text-align: justify\"><span style=\"font-size: 1rem\">Akt\u00edvan el\u0151seg\u00edtj\u00fck, \u00f6szt\u00f6n\u00f6zz\u00fck hallgat\u00f3ink folyamatos, a k\u00e9pz\u00e9sen is t\u00falmutat\u00f3 egy\u00e9ni \u00e9s k\u00f6z\u00f6s fejl\u0151d\u00e9s\u00e9t.<br \/>\n<\/span><\/li>\n<\/ul>\n<h3 style=\"text-align: justify\">Agilit\u00e1s<\/h3>\n<ul>\n<li style=\"text-align: justify\">\u00c9lenj\u00e1runk az eg\u00e9szs\u00e9g\u00fcgyi innov\u00e1ci\u00f3ban, felk\u00e9sz\u00fcl\u00fcnk a j\u00f6v\u0151 kih\u00edv\u00e1saira, az\u00e9rt dolgozunk, hogy az innov\u00e1ci\u00f3 a vezet\u00e9s, a szervezeti m\u0171k\u00f6d\u00e9s \u00e9s az eg\u00e9szs\u00e9g\u00fcgy \u201egenomja\u201d legyen.<\/li>\n<li style=\"text-align: justify\">B\u00e1tor\u00edtjuk hallgat\u00f3inkat a kritikai gondolkod\u00e1sra, a szok\u00e1sok megk\u00e9rd\u0151jelez\u00e9s\u00e9re, t\u00e1mogat\u00e1st ny\u00fajtunk a v\u00e1ltoztat\u00e1si \u00f6tletek megtervez\u00e9s\u00e9hez, kivitelez\u00e9s\u00e9hez.<\/li>\n<li style=\"text-align: justify\">Hallgat\u00f3inkkal egy\u00fcttm\u0171k\u00f6dve azon vagyunk, hogy er\u0151s\u00edts\u00fck az eg\u00e9szs\u00e9g\u00fcgyi \u00e1gazaton bel\u00fcli \u00e9s az \u00e1gazatok k\u00f6z\u00f6tti kapcsolatokat, ezzel is meghat\u00e1roz\u00f3 szerepet v\u00e1llalva az \u00e1gazati kult\u00farav\u00e1lt\u00e1sban.<\/li>\n<\/ul>\n<hr \/>\n<h2 style=\"text-align: justify\">Alapelveink<\/h2>\n<h3>Csapatban dolgozunk<\/h3>\n<p style=\"text-align: justify\"><span style=\"font-weight: 400\">Az nagyszer\u0171, hogy \u00f6n\u00e1ll\u00f3an j\u00f3l v\u00e9gezz\u00fck a munk\u00e1nkat, \u00e9s egy\u00fctt csapatban m\u00e9g t\u00f6bbre vagyunk k\u00e9pesek, mint k\u00fcl\u00f6n-k\u00fcl\u00f6n egyed\u00fcl.<\/span><\/p>\n<h3>Megold\u00e1sorient\u00e1ltak vagyunk<\/h3>\n<p style=\"text-align: justify\"><span style=\"font-weight: 400\">Az \u00e9rintettek el\u00e9gedetts\u00e9g\u00e9t c\u00e9lz\u00f3 legjobb megold\u00e1sok megtal\u00e1l\u00e1sa vez\u00e9rel Benn\u00fcnket. Probl\u00e9m\u00e1kkal szembes\u00fclve fejlesztend\u0151 ter\u00fcleteket \u00e9s azokra adott eredm\u00e9nyes \u00e9s hat\u00e9kony v\u00e1laszokat keres\u00fcnk.<\/span><\/p>\n<h3>T\u00e1mogatjuk a kreativit\u00e1st, egy\u00e9ni kezdem\u00e9nyez\u00e9st<\/h3>\n<p style=\"text-align: justify\"><span style=\"font-weight: 400\">Hisz\u00fcnk az innovat\u00edv \u00f6tletek hajt\u00f3erej\u00e9ben. Arra b\u00e1tor\u00edtjuk koll\u00e9g\u00e1inkat, hogy szakmai ter\u00fclet\u00fck\u00f6n \u00e9s a szervezet m\u0171k\u00f6d\u00e9s\u00e9ben fedezz\u00e9k fel a lehets\u00e9ges fejleszt\u00e9si pontokat, proakt\u00edvan kezdem\u00e9nyezzenek \u00e9s vigy\u00e9k v\u00e9gig az el\u0151reviv\u0151 v\u00e1ltoz\u00e1sokat.<\/span><\/p>\n<h3>Folyamatosan alkalmazkodunk a v\u00e1ltoz\u00f3 k\u00f6rnyezethez, kih\u00edv\u00e1sokhoz<\/h3>\n<p style=\"text-align: justify\"><span style=\"font-weight: 400\">Nyitottak vagyunk az innovat\u00edv eredm\u00e9nyekre \u00e9s m\u00f3dszerekre valamint azok gyors, c\u00e9ltudatos kiakn\u00e1z\u00e1s\u00e1ra. Sz\u00e1munkra a kih\u00edv\u00e1sok \u00e9s a folyamatos v\u00e1ltoz\u00e1s olyan hajt\u00f3er\u0151t jelentenek, amit fontos lehet\u0151s\u00e9gk\u00e9nt \u00e9l\u00fcnk meg a szervezet \u00e9let\u00e9ben.<\/span><\/p>\n<h3>K\u00f6lcs\u00f6n\u00f6sen egy\u00fcttm\u0171k\u00f6dve t\u00f6reksz\u00fcnk az egym\u00e1sra val\u00f3 odafigyel\u00e9sre, tiszteletre<\/h3>\n<p style=\"text-align: justify\"><span style=\"font-weight: 400\">Kapcsolatainkban a partners\u00e9gre t\u00f6reksz\u00fcnk. Odafigyel\u00fcnk m\u00e1sok \u00e9rvel\u00e9s\u00e9re, elismerj\u00fck egym\u00e1s eredm\u00e9nyeit \u00e9s tiszteletben tartjuk m\u00e1sok priorit\u00e1sait \u00e9s k\u00fcl\u00f6nb\u00f6z\u0151s\u00e9g\u00fcnket.<\/span><\/p>\n<h3>Szervezeti \u00e9s egy\u00e9ni szinten is c\u00e9lunk a folyamatos fejl\u0151d\u00e9s<\/h3>\n<p style=\"text-align: justify\"><span style=\"font-weight: 400\">Mi egy tanul\u00f3, k\u00eds\u00e9rletez\u0151 szervezet vagyunk. T\u00e1mogatjuk koll\u00e9g\u00e1ink szakmai fejl\u0151d\u00e9s\u00e9t, tud\u00e1suk m\u00e9ly\u00edt\u00e9s\u00e9t \u00e9s \u00fajabb ter\u00fcletek megismer\u00e9s\u00e9t. Szervezeti szinten m\u00f3dszeresen fejlesztj\u00fck folyamatainkat: feldolgozzuk m\u0171k\u00f6d\u00e9s\u00fcnk tanuls\u00e1gait \u00e9s be\u00e9p\u00edtj\u00fck a mindennapokba. Fontosnak tartjuk, hogy munkat\u00e1rsaink \u00e9s szervezet\u00fcnk egy\u00fctt, szinergikusan fejl\u0151djenek.<\/span><\/p>\n<hr \/>\n<h6><strong>Oktat\u00e1ssal kapcsolatos inform\u00e1ci\u00f3nk<\/strong><\/h6>\n<ul style=\"list-style-type: square\">\n<li><strong><a href=\"https:\/\/semmelweis.hu\/emk\/oktatas\/kepzeseinkrol\/\" target=\"_blank\" rel=\"noopener\">Felv\u00e9teli inform\u00e1ci\u00f3k<\/a><\/strong><\/li>\n<li><strong><a href=\"https:\/\/semmelweis.hu\/emk\/oktatas\/mesterkepzes\/\" target=\"_blank\" rel=\"noopener\">Mesterk\u00e9pz\u00e9sek<\/a><\/strong><\/li>\n<li><strong><a href=\"https:\/\/semmelweis.hu\/emk\/oktatas\/szakiranyu-tovabbkepzeseink\/\" target=\"_blank\" rel=\"noopener\">Szakir\u00e1ny\u00fa tov\u00e1bbk\u00e9pz\u00e9sek<\/a><\/strong><\/li>\n<li><strong><a href=\"https:\/\/semmelweis.hu\/emk\/oktatas\/doktori-kepzes\/\" target=\"_blank\" rel=\"noopener\">Doktori k\u00e9pz\u00e9s<\/a><\/strong><\/li>\n<li><strong><a href=\"https:\/\/semmelweis.hu\/emk\/oktatas\/jogszabaly-alapjan-inditott-kepzesek\/\" target=\"_blank\" rel=\"noopener\">Jogszab\u00e1ly alapj\u00e1n ind\u00edtott k\u00e9pz\u00e9sek<\/a><\/strong><\/li>\n<li><strong><a href=\"https:\/\/semmelweis.hu\/emk\/oktatas\/kurzusaink-mas-karok-hallgatoi-szamara-2\/\" target=\"_blank\" rel=\"noopener\">Kurzusaink m\u00e1s karok hallgat\u00f3i sz\u00e1m\u00e1ra<\/a><\/strong><\/li>\n<li><strong><a href=\"https:\/\/semmelweis.hu\/emk\/oktatas\/idegen-nyelvu-oktatas-kurzusaink\/\" target=\"_blank\" rel=\"noopener\">Nemzetk\u00f6zi kihelyezett k\u00e9pz\u00e9sek<\/a><\/strong><\/li>\n<li><strong><a href=\"https:\/\/semmelweis.hu\/emk\/oktatas\/treningek-es-tovabbkepzesek\/\" target=\"_blank\" rel=\"noopener\">Tr\u00e9ningek \u00e9s tov\u00e1bbk\u00e9pz\u00e9sek<\/a><\/strong><\/li>\n<li><strong><a href=\"https:\/\/semmelweis.hu\/emk\/oktatas\/e-learning\/\" target=\"_blank\" rel=\"noopener\">E-learning tov\u00e1bbk\u00e9pz\u00e9sek<\/a><\/strong><\/li>\n<li><strong><a href=\"https:\/\/semmelweis.hu\/emk\/oktatas\/munkatarsak-oktatoi-csapat\/\" target=\"_blank\" rel=\"noopener\">Munkat\u00e1rsak, oktat\u00f3i csapat<\/a><\/strong><\/li>\n<li><strong><a href=\"https:\/\/semmelweis.hu\/emk\/oktatas\/alumni\/\" target=\"_blank\" rel=\"noopener\">Alumni<\/a><\/strong><\/li>\n<\/ul>\n","protected":false},"excerpt":{"rendered":"<p>K\u00fcldet\u00e9s\u00fcnk A Semmelweis Egyetem Eg\u00e9szs\u00e9g\u00fcgyi Menedzsment K\u00f6zpontja (EMK) egyed\u00fcl\u00e1ll\u00f3 \u00e9s v\u00e1ltozatos k\u00e9pz\u00e9si lehet\u0151s\u00e9geket k\u00edn\u00e1l a jelen \u00e9s a j\u00f6v\u0151 eg\u00e9szs\u00e9g\u00fcgyi \u00e9s szoci\u00e1lis szakemberei sz\u00e1m\u00e1ra. B\u00fcszk\u00e9k vagyunk arra, hogy oktat\u00f3i k\u00f6z\u00f6ss\u00e9g\u00fcnk sz\u00e9lesk\u00f6r\u0171 tud\u00e1ssal \u00e9s tapasztalattal rendelkezik, amit sz\u00e1mos egyetemi kurzuson \u00e9s k\u00e9pz\u00e9si form\u00e1ban osztunk meg hallgat\u00f3inkkal. Programjainkon vezet\u0151ket, adattud\u00f3sokat, min\u0151s\u00e9g\u00fcgyi \u00e9s betegbiztons\u00e1gi szakembereket k\u00e9pz\u00fcnk, ezzel is &hellip;<\/p>\n","protected":false},"author":101539,"featured_media":0,"parent":0,"menu_order":2,"comment_status":"closed","ping_status":"closed","template":"","meta":{"_acf_changed":false,"footnotes":""},"categories":[],"tags":[],"class_list":["post-14559","page","type-page","status-publish","hentry"],"acf":[],"_links":{"self":[{"href":"https:\/\/semmelweis.hu\/emk\/wp-json\/wp\/v2\/pages\/14559","targetHints":{"allow":["GET"]}}],"collection":[{"href":"https:\/\/semmelweis.hu\/emk\/wp-json\/wp\/v2\/pages"}],"about":[{"href":"https:\/\/semmelweis.hu\/emk\/wp-json\/wp\/v2\/types\/page"}],"author":[{"embeddable":true,"href":"https:\/\/semmelweis.hu\/emk\/wp-json\/wp\/v2\/users\/101539"}],"replies":[{"embeddable":true,"href":"https:\/\/semmelweis.hu\/emk\/wp-json\/wp\/v2\/comments?post=14559"}],"version-history":[{"count":6,"href":"https:\/\/semmelweis.hu\/emk\/wp-json\/wp\/v2\/pages\/14559\/revisions"}],"predecessor-version":[{"id":26751,"href":"https:\/\/semmelweis.hu\/emk\/wp-json\/wp\/v2\/pages\/14559\/revisions\/26751"}],"wp:attachment":[{"href":"https:\/\/semmelweis.hu\/emk\/wp-json\/wp\/v2\/media?parent=14559"}],"wp:term":[{"taxonomy":"category","embeddable":true,"href":"https:\/\/semmelweis.hu\/emk\/wp-json\/wp\/v2\/categories?post=14559"},{"taxonomy":"post_tag","embeddable":true,"href":"https:\/\/semmelweis.hu\/emk\/wp-json\/wp\/v2\/tags?post=14559"}],"curies":[{"name":"wp","href":"https:\/\/api.w.org\/{rel}","templated":true}]}}