{"id":14097,"date":"2019-04-03T10:16:16","date_gmt":"2019-04-03T08:16:16","guid":{"rendered":"http:\/\/semmelweis.hu\/emk\/?page_id=14097"},"modified":"2025-08-01T10:52:58","modified_gmt":"2025-08-01T08:52:58","slug":"doktori-kepzes","status":"publish","type":"page","link":"https:\/\/semmelweis.hu\/emk\/oktatas\/doktori-kepzes\/","title":{"rendered":"Doktori k\u00e9pz\u00e9s"},"content":{"rendered":"<p style=\"text-align: justify\"><span style=\"font-weight: 400\">A Semmelweis Egyetem <a href=\"https:\/\/semmelweis.hu\/pszichiatria\/oktatas\/posztgradualis-kepzes\/4-szamu-doktori-iskola\/\" target=\"_blank\" rel=\"noopener\"><strong>Ment\u00e1lis Eg\u00e9szs\u00e9gtudom\u00e1nyok Doktori Iskola<\/strong><\/a> keret\u00e9ben a Menedzserk\u00e9pz\u0151 K\u00f6zpont t\u00e9mavezet\u0151i <strong>eg\u00e9szs\u00e9g\u00fcgyi menedzsment<\/strong> \u00e9s <strong>eg\u00e9szs\u00e9gpolitika<\/strong>i t\u00e9m\u00e1kat k\u00edn\u00e1lnak a hallgat\u00f3k sz\u00e1m\u00e1ra. A c\u00e9lunk az, hogy nemzetk\u00f6zi szinten versenyk\u00e9pes diplom\u00e1t ny\u00fajtsunk a n\u00e1lunk v\u00e9gz\u0151knek. A k\u00e9pz\u00e9si programjainkba \u00e9ppen ez\u00e9rt els\u0151sorban azokat v\u00e1rjuk, akik nem rettennek meg a kih\u00edv\u00e1sokt\u00f3l \u00e9s a kem\u00e9ny munk\u00e1t\u00f3l. Akik viszont mindezt v\u00e1llalj\u00e1k, azok sz\u00e1m\u00e1ra a tudom\u00e1ny csod\u00e1latos univerzuma ny\u00edlik meg\u2026<\/span><\/p>\n<p><span style=\"font-weight: 400\">A <strong>Ment\u00e1lis Eg\u00e9szs\u00e9gtudom\u00e1nyok Doktori Iskola <\/strong>k\u00e9pz\u00e9seivel \u00e9s a jelentkez\u00e9ssel, felv\u00e9telivel kapcsolatos inform\u00e1ci\u00f3k <strong><a href=\"https:\/\/semmelweis.hu\/phd\/doktori-tagozatok\/mentalis-egeszsegtudomanyi-tagozat\/\" target=\"_blank\" rel=\"noopener\">ITT<\/a> <\/strong>\u00e9rhet\u0151k el.<\/span><\/p>\n<div class=\"keretes w-100\">\n<p style=\"text-align: justify\"><span style=\"font-weight: 400\">A <strong>doktori (PhD) k\u00e9pz\u00e9s c\u00e9lja<\/strong> olyan kutat\u00e1si kompetenci\u00e1k elsaj\u00e1t\u00edt\u00e1sa, amelyek k\u00e9pess\u00e9 tesznek kutat\u00f3munka v\u00e9gz\u00e9s\u00e9re, tudom\u00e1nyos k\u00e9rd\u00e9sekben \u00f6n\u00e1ll\u00f3 v\u00e9lem\u00e9nyform\u00e1l\u00e1sra \u00e9s a szakmai k\u00f6z\u00e9letben val\u00f3 akt\u00edv r\u00e9szv\u00e9telre. <\/span><\/p>\n<p style=\"text-align: justify\"><span style=\"font-weight: 400\">A PhD fokozat felt\u00e9tele az akad\u00e9miai (egyetemi \u00e9s kutat\u00f3int\u00e9zeti) szakmai el\u0151menetelnek \u00e9s el\u0151nyt jelent az eg\u00e9szs\u00e9g\u00fcgyi ell\u00e1t\u00f3 rendszer valamint kutat\u00e1sban, fejleszt\u00e9sben \u00e9s innov\u00e1ci\u00f3ban \u00e9rdekelt v\u00e1llalkoz\u00e1sok \u00e9s c\u00e9gek sz\u00e9les l\u00e1t\u00f3k\u00f6rt ig\u00e9nyl\u0151 vezet\u0151i poz\u00edci\u00f3inak bet\u00f6lt\u00e9sekor.<\/span><\/p>\n<\/div>\n<p><strong>A doktori k\u00e9pz\u00e9s form\u00e1i:<\/strong><\/p>\n<ol>\n<li style=\"font-weight: 400\"><span style=\"font-weight: 400\">Hagyom\u00e1nyos PhD Program<\/span><\/li>\n<li style=\"font-weight: 400\"><span style=\"font-weight: 400\">MD-PhD Kiv\u00e1l\u00f3s\u00e1gi Program<\/span><\/li>\n<li style=\"font-weight: 400\"><span style=\"font-weight: 400\">Egy\u00e9ni fokozatszerz\u00e9s<\/span><\/li>\n<\/ol>\n<div class=\"fontos_div\">\n<p><span style=\"font-weight: 400\">B\u0151vebb inform\u00e1ci\u00f3 a doktori tagozatokr\u00f3l <\/span><a href=\"https:\/\/semmelweis.hu\/phd\/doktori-tagozatok\/\"><b>ITT<\/b><\/a><span style=\"font-weight: 400\"> \u00e9rhet\u0151 el.<\/span><\/p>\n<\/div>\n<hr \/>\n<h3 dir=\"ltr\" style=\"text-align: justify\" role=\"presentation\">A Semmelweis Egyetem Eg\u00e9szs\u00e9g\u00fcgyi Menedzserk\u00e9pz\u0151 K\u00f6zpont 2025\/26-os tan\u00e9vben el\u00e9rhet\u0151 PhD t\u00e9m\u00e1i<\/h3>\n<p dir=\"ltr\" style=\"text-align: justify\" role=\"presentation\"><strong><a href=\"https:\/\/semmelweis.hu\/emk\/oktatas\/munkatarsak-oktatoi-csapat\/dr-adam-szilvia\/\" target=\"_blank\" rel=\"noopener\">Dr. \u00c1d\u00e1m Szilvia<\/a><br \/>\n<\/strong>A kr\u00f3nikus stressz pszicho-szoci\u00e1lis \u00e9s eg\u00e9szs\u00e9gi \u00e1llapottal \u00f6sszef\u00fcgg\u0151 stresszorainak vizsg\u00e1lata.<\/p>\n<p dir=\"ltr\" style=\"text-align: justify\" role=\"presentation\"><strong><a href=\"https:\/\/semmelweis.hu\/emk\/oktatas\/munkatarsak-oktatoi-csapat\/belicza-eva-dr\/\" target=\"_blank\" rel=\"noopener\">Dr. Belicza \u00c9va<\/a><br \/>\n<\/strong>Az eg\u00e9szs\u00e9g\u00fcgyi ell\u00e1t\u00f3 rendszer, szolg\u00e1ltat\u00f3k \u00e9s szolg\u00e1ltat\u00e1sok \u00e9rt\u00e9kel\u00e9s\u00e9ben alkalmazhat\u00f3 m\u00e9r\u00e9si m\u00f3dszerek \u00e9s alkalmaz\u00e1suk a hazai gyakorlatban, az ell\u00e1t\u00e1s ig\u00e9nybev\u00e9tel\u00e9nek t\u00e1rsadalmi &#8211; gazdas\u00e1gi &#8211; kultur\u00e1lis \u00f6sszef\u00fcgg\u00e9sei.<\/p>\n<p dir=\"ltr\" style=\"text-align: justify\" role=\"presentation\"><strong><a href=\"https:\/\/semmelweis.hu\/emk\/oktatas\/munkatarsak-oktatoi-csapat\/gaal-peter-dr\/\" target=\"_blank\" rel=\"noopener\">Dr. Ga\u00e1l P\u00e9ter<\/a><br \/>\n<\/strong>A t\u00e1rsadalmi t\u0151ke szerepe \u00e9s jelent\u0151s\u00e9ge az eg\u00e9szs\u00e9g\u00fcgyi rendszer m\u0171k\u00f6d\u00e9s\u00e9ben.<br \/>\n\u00daj megk\u00f6zel\u00edt\u00e9sek az eg\u00e9szs\u00e9g\u00fcgyi rendszerek teljes\u00edtm\u00e9nymenedzsmentj\u00e9nek vizsg\u00e1lat\u00e1ban.<\/p>\n<p dir=\"ltr\" role=\"presentation\"><a href=\"https:\/\/semmelweis.hu\/emk\/oktatas\/munkatarsak-oktatoi-csapat\/joo-tamas-dr\/\" target=\"_blank\" rel=\"noopener\"><strong>Dr. Jo\u00f3 Tam\u00e1s<\/strong><\/a><br \/>\nDigit\u00e1lis eg\u00e9szs\u00e9g\u00fcgyi \u00e9s adatvez\u00e9relt megold\u00e1sok a 21. sz\u00e1zadban<\/p>\n<p dir=\"ltr\" style=\"text-align: justify\" role=\"presentation\"><strong><a href=\"https:\/\/semmelweis.hu\/emk\/oktatas\/munkatarsak-oktatoi-csapat\/dr-lam-judit\/\" target=\"_blank\" rel=\"noopener\">Dr. L\u00e1m Judit<\/a><br \/>\n<\/strong>Betegbiztons\u00e1g eg\u00e9szs\u00e9g\u00fcgyi \u00e9s t\u00e1rsadalmi \u00f6sszef\u00fcgg\u00e9sei.<\/p>\n<p style=\"text-align: justify\"><strong><a href=\"https:\/\/semmelweis.hu\/emk\/oktatas\/munkatarsak-oktatoi-csapat\/penzes-melinda-dr\/\" target=\"_blank\" rel=\"noopener\">Dr. P\u00e9nzes Melinda<\/a><br \/>\n<\/strong>Eg\u00e9szs\u00e9gbiztons\u00e1gi kih\u00edv\u00e1sok a doh\u00e1nyz\u00e1ssal \u00e9s m\u00e1s jelent\u0151s eg\u00e9szs\u00e9gvesztes\u00e9get okoz\u00f3 viselked\u00e9si kock\u00e1zati t\u00e9nyez\u0151kkel, valamint az eg\u00e9szs\u00e9g\u00fcgyi kiberbiztons\u00e1ggal kapcsolatban.<\/p>\n<p dir=\"ltr\" style=\"text-align: justify\" role=\"presentation\"><strong><a href=\"https:\/\/semmelweis.hu\/emk\/oktatas\/munkatarsak-oktatoi-csapat\/szocska-miklos-dr\/\" target=\"_blank\" rel=\"noopener\">Dr. Sz\u00f3cska Mikl\u00f3s<\/a><br \/>\n<\/strong>Elektronikus eg\u00e9szs\u00e9g\u00fcgyi megold\u00e1sok hat\u00e1sa az eg\u00e9szs\u00e9g\u00fcgyi ell\u00e1t\u00e1sra, valamint az eg\u00e9szs\u00e9g\u00fcgyi dolgoz\u00f3k hi\u00e1ny\u00e1ra vonatkoz\u00f3an.<\/p>\n<div class=\"fontos_div\">\n<p dir=\"ltr\" role=\"presentation\">Amennyiben valamelyik t\u00e9ma ir\u00e1nt \u00e9rdekl\u0151dik, k\u00e9rj\u00fck, keresse a t\u00e9mavezet\u0151t.\u00a0<\/p>\n<\/div>\n","protected":false},"excerpt":{"rendered":"<p>A Semmelweis Egyetem <a href=\"https:\/\/semmelweis.hu\/pszichiatria\/oktatas\/posztgradualis-kepzes\/4-szamu-doktori-iskola\/\" target=\"_blank\" rel=\"noopener\">Ment\u00e1lis Eg\u00e9szs\u00e9gtudom\u00e1nyok Doktori Iskola<\/a> keret\u00e9ben a Menedzserk\u00e9pz\u0151 K\u00f6zpont t\u00e9mavezet\u0151i eg\u00e9szs\u00e9g\u00fcgyi menedzsment \u00e9s eg\u00e9szs\u00e9gpolitikai t\u00e9m\u00e1kat k\u00edn\u00e1lnak a hallgat\u00f3k sz\u00e1m\u00e1ra. A c\u00e9lunk az, hogy nemzetk\u00f6zi szinten versenyk\u00e9pes diplom\u00e1t ny\u00fajtsunk a n\u00e1lunk v\u00e9gz\u0151knek. A k\u00e9pz\u00e9si programjainkba \u00e9ppen ez\u00e9rt els\u0151sorban azokat v\u00e1rjuk, akik nem rettennek meg a kih\u00edv\u00e1sokt\u00f3l \u00e9s a kem\u00e9ny munk\u00e1t\u00f3l. Akik viszont mindezt v\u00e1llalj\u00e1k, azok sz\u00e1m\u00e1ra a tudom\u00e1ny &hellip;<\/p>\n","protected":false},"author":101539,"featured_media":0,"parent":14559,"menu_order":4,"comment_status":"closed","ping_status":"closed","template":"","meta":{"_acf_changed":false,"footnotes":""},"categories":[],"tags":[],"class_list":["post-14097","page","type-page","status-publish","hentry"],"acf":[],"_links":{"self":[{"href":"https:\/\/semmelweis.hu\/emk\/wp-json\/wp\/v2\/pages\/14097","targetHints":{"allow":["GET"]}}],"collection":[{"href":"https:\/\/semmelweis.hu\/emk\/wp-json\/wp\/v2\/pages"}],"about":[{"href":"https:\/\/semmelweis.hu\/emk\/wp-json\/wp\/v2\/types\/page"}],"author":[{"embeddable":true,"href":"https:\/\/semmelweis.hu\/emk\/wp-json\/wp\/v2\/users\/101539"}],"replies":[{"embeddable":true,"href":"https:\/\/semmelweis.hu\/emk\/wp-json\/wp\/v2\/comments?post=14097"}],"version-history":[{"count":10,"href":"https:\/\/semmelweis.hu\/emk\/wp-json\/wp\/v2\/pages\/14097\/revisions"}],"predecessor-version":[{"id":25737,"href":"https:\/\/semmelweis.hu\/emk\/wp-json\/wp\/v2\/pages\/14097\/revisions\/25737"}],"up":[{"embeddable":true,"href":"https:\/\/semmelweis.hu\/emk\/wp-json\/wp\/v2\/pages\/14559"}],"wp:attachment":[{"href":"https:\/\/semmelweis.hu\/emk\/wp-json\/wp\/v2\/media?parent=14097"}],"wp:term":[{"taxonomy":"category","embeddable":true,"href":"https:\/\/semmelweis.hu\/emk\/wp-json\/wp\/v2\/categories?post=14097"},{"taxonomy":"post_tag","embeddable":true,"href":"https:\/\/semmelweis.hu\/emk\/wp-json\/wp\/v2\/tags?post=14097"}],"curies":[{"name":"wp","href":"https:\/\/api.w.org\/{rel}","templated":true}]}}