{"id":14072,"date":"2019-04-03T10:16:17","date_gmt":"2019-04-03T08:16:17","guid":{"rendered":"http:\/\/semmelweis.hu\/emk\/?page_id=14072"},"modified":"2024-10-11T13:16:11","modified_gmt":"2024-10-11T11:16:11","slug":"kriziskommunikacio","status":"publish","type":"page","link":"https:\/\/semmelweis.hu\/emk\/oktatas\/treningek-es-tovabbkepzesek\/kriziskommunikacio\/","title":{"rendered":"Kr\u00edziskommunik\u00e1ci\u00f3s tr\u00e9ning"},"content":{"rendered":"<p><span style=\"font-size: 18pt\"><strong>Mit tegyek, ha be\u00fct a m\u00e9nk\u00fc? <\/strong><\/span><\/p>\n<p style=\"text-align: justify\">K\u00e9pzelj\u00fck el, hogy \u00f3ri\u00e1si j\u00e1rv\u00e1ny d\u00fal, vagy csak \u00fagy d\u0151lnek a betegek az int\u00e9zm\u00e9ny\u00fcnkbe! Hogy egy szem\u00e9lyes botr\u00e1ny miatt nem hagy minket nyugodni a sajt\u00f3. Hogy egy rosszul siker\u00fclt m\u0171t\u00e9t miatt riporterek nem fogadott h\u00edv\u00e1saival van tele a mobiltelefonunk. A szak\u00e9rt\u0151k szerint az eg\u00e9szs\u00e9g\u00fcgy az elk\u00f6vetkez\u0151 id\u0151szakban is egyre ink\u00e1bb a k\u00f6z\u00e9leti vit\u00e1k k\u00f6z\u00e9ppontj\u00e1ba ker\u00fcl.<\/p>\n<p style=\"text-align: justify\">Mit tehet ilyenkor egy j\u00f3 menedzser vagy kommunik\u00e1ci\u00f3s vezet\u0151?<\/p>\n<p style=\"text-align: justify\">A program sor\u00e1n <strong>nemzetk\u00f6zi \u00e9s magyar kr\u00edzishelyzeteken<\/strong> kereszt\u00fcl, szitu\u00e1ci\u00f3s j\u00e1t\u00e9kok seg\u00edts\u00e9g\u00e9vel, megh\u00edvott szak\u00e9rt\u0151kkel egy\u00fctt v\u00e1zoljuk fel a helyes d\u00f6nt\u00e9si ir\u00e1nyokat \u00e9s kommunik\u00e1ci\u00f3s strat\u00e9gi\u00e1t.<\/p>\n<p><strong>Programfelel\u0151s:<\/strong> <a href=\"https:\/\/semmelweis.hu\/emk\/oktatas\/munkatarsak-oktatoi-csapat\/szocska-miklos-dr\/\" target=\"_blank\" rel=\"noopener\">Dr. Sz\u00f3cska Mikl\u00f3s<\/a><\/p>\n<div class=\"fontos_div\">\n<p><strong>K\u00e9pz\u00e9s\u00fcnk ig\u00e9ny szerint, megfelel\u0151 l\u00e9tsz\u00e1m eset\u00e9n indul.\u00a0<\/strong><\/p>\n<\/div>\n<p><strong>Tov\u00e1bbi inform\u00e1ci\u00f3: <\/strong><br \/>\n<a href=\"https:\/\/semmelweis.hu\/emk\/oktatas\/munkatarsak-oktatoi-csapat\/horkai-viktoria\/\" target=\"_blank\" rel=\"noopener\">Horkai Vikt\u00f3ria<\/a> \u2013 programkoordin\u00e1tor<br \/>\nEmail: <a href=\"mailto:horkai.viktoria@emk.semmelweis.hu\" target=\"_blank\" rel=\"noopener\">horkai.viktoria@emk.semmelweis.hu<\/a><br \/>\nTelefon: +36 20 663 2033<\/p>\n","protected":false},"excerpt":{"rendered":"<p>Mit tegyek, ha be\u00fct a m\u00e9nk\u00fc? K\u00e9pzelj\u00fck el, hogy \u00f3ri\u00e1si j\u00e1rv\u00e1ny d\u00fal, vagy csak \u00fagy d\u0151lnek a betegek az int\u00e9zm\u00e9ny\u00fcnkbe! Hogy egy szem\u00e9lyes botr\u00e1ny miatt nem hagy minket nyugodni a sajt\u00f3. Hogy egy rosszul siker\u00fclt m\u0171t\u00e9t miatt riporterek nem fogadott h\u00edv\u00e1saival van tele a mobiltelefonunk. A szak\u00e9rt\u0151k szerint az eg\u00e9szs\u00e9g\u00fcgy az elk\u00f6vetkez\u0151 id\u0151szakban is egyre &hellip;<\/p>\n","protected":false},"author":101539,"featured_media":0,"parent":14915,"menu_order":12,"comment_status":"closed","ping_status":"closed","template":"","meta":{"_acf_changed":false,"footnotes":""},"categories":[],"tags":[],"class_list":["post-14072","page","type-page","status-publish","hentry"],"acf":[],"_links":{"self":[{"href":"https:\/\/semmelweis.hu\/emk\/wp-json\/wp\/v2\/pages\/14072","targetHints":{"allow":["GET"]}}],"collection":[{"href":"https:\/\/semmelweis.hu\/emk\/wp-json\/wp\/v2\/pages"}],"about":[{"href":"https:\/\/semmelweis.hu\/emk\/wp-json\/wp\/v2\/types\/page"}],"author":[{"embeddable":true,"href":"https:\/\/semmelweis.hu\/emk\/wp-json\/wp\/v2\/users\/101539"}],"replies":[{"embeddable":true,"href":"https:\/\/semmelweis.hu\/emk\/wp-json\/wp\/v2\/comments?post=14072"}],"version-history":[{"count":8,"href":"https:\/\/semmelweis.hu\/emk\/wp-json\/wp\/v2\/pages\/14072\/revisions"}],"predecessor-version":[{"id":23212,"href":"https:\/\/semmelweis.hu\/emk\/wp-json\/wp\/v2\/pages\/14072\/revisions\/23212"}],"up":[{"embeddable":true,"href":"https:\/\/semmelweis.hu\/emk\/wp-json\/wp\/v2\/pages\/14915"}],"wp:attachment":[{"href":"https:\/\/semmelweis.hu\/emk\/wp-json\/wp\/v2\/media?parent=14072"}],"wp:term":[{"taxonomy":"category","embeddable":true,"href":"https:\/\/semmelweis.hu\/emk\/wp-json\/wp\/v2\/categories?post=14072"},{"taxonomy":"post_tag","embeddable":true,"href":"https:\/\/semmelweis.hu\/emk\/wp-json\/wp\/v2\/tags?post=14072"}],"curies":[{"name":"wp","href":"https:\/\/api.w.org\/{rel}","templated":true}]}}